{"id":3,"date":"2026-02-13T20:19:42","date_gmt":"2026-02-13T20:19:42","guid":{"rendered":"https:\/\/fisio-shop.pt\/?page_id=3"},"modified":"2026-02-22T17:48:02","modified_gmt":"2026-02-22T17:48:02","slug":"politicadeprivacidade","status":"publish","type":"page","link":"https:\/\/fisio-shop.pt\/?page_id=3","title":{"rendered":"POL\u00cdTICA DE PRIVACIDADE"},"content":{"rendered":"\t\t<div data-elementor-type=\"wp-page\" data-elementor-id=\"3\" class=\"elementor elementor-3\" data-elementor-post-type=\"page\">\n\t\t\t\t<div class=\"elementor-element elementor-element-56c23f42 e-flex e-con-boxed e-con e-parent\" data-id=\"56c23f42\" data-element_type=\"container\" data-e-type=\"container\">\n\t\t\t\t\t<div class=\"e-con-inner\">\n\t\t\t\t<div class=\"elementor-element elementor-element-37154100 elementor-widget elementor-widget-text-editor\" data-id=\"37154100\" data-element_type=\"widget\" data-e-type=\"widget\" data-widget_type=\"text-editor.default\">\n\t\t\t\t\t\t\t\t\t\n<p>\u00a0<\/p>\n<p>\u00a0<\/p>\n\n<h2 class=\"wp-block-heading\">1. Respons\u00e1vel pelo Tratamento<\/h2>\n\n<p>A entidade respons\u00e1vel pelo tratamento dos dados pessoais \u00e9:<\/p>\n\n<p><strong>Fisioshop \u2013 Com\u00e9rcio de Equipamentos, Lda<\/strong><br \/>Rua Am\u00e1lia Rodrigues 7B, Bobadela, Lisboa<br \/>Portugal<br \/>Telefone: 21 017 0423<br \/>Email: <a>geral@fisio-shop.pt<\/a><\/p>\n\n<p>Sempre que nesta Pol\u00edtica se menciona \u201cFisioshop\u201d, \u201cn\u00f3s\u201d ou \u201cnosso\u201d, refere-se \u00e0 entidade acima identificada.<\/p>\n<hr class=\"wp-block-separator has-alpha-channel-opacity\" \/>\n<h2 class=\"wp-block-heading\">2. Enquadramento Legal<\/h2>\n\n<p>O tratamento de dados pessoais \u00e9 realizado em conformidade com:<\/p>\n\n<ul class=\"wp-block-list\">\n<li>Regulamento (UE) 2016\/679 (RGPD)<\/li>\n\n<li>Lei n.\u00ba 58\/2019 (execu\u00e7\u00e3o do RGPD em Portugal)<\/li>\n\n<li>Demais legisla\u00e7\u00e3o nacional aplic\u00e1vel<\/li>\n<\/ul>\n\n<p>A autoridade de controlo em Portugal \u00e9 a Comiss\u00e3o Nacional de Prote\u00e7\u00e3o de Dados (CNPD) \u2013 <a>www.cnpd.pt<\/a><\/p>\n<hr class=\"wp-block-separator has-alpha-channel-opacity\" \/>\n<h2 class=\"wp-block-heading\">3. Dados Pessoais Recolhidos<\/h2>\n\n<p>Podemos recolher as seguintes categorias de dados:<\/p>\n\n<h3 class=\"wp-block-heading\">3.1 Dados de Identifica\u00e7\u00e3o<\/h3>\n\n<ul class=\"wp-block-list\">\n<li>Nome<\/li>\n\n<li>NIF<\/li>\n<\/ul>\n\n<h3 class=\"wp-block-heading\">3.2 Dados de Contacto<\/h3>\n\n<ul class=\"wp-block-list\">\n<li>Morada<\/li>\n\n<li>Email<\/li>\n\n<li>N\u00famero de telefone<\/li>\n<\/ul>\n\n<h3 class=\"wp-block-heading\">3.3 Dados de Fatura\u00e7\u00e3o<\/h3>\n\n<ul class=\"wp-block-list\">\n<li>Dados fiscais<\/li>\n\n<li>Informa\u00e7\u00e3o necess\u00e1ria \u00e0 emiss\u00e3o de fatura<\/li>\n<\/ul>\n\n<h3 class=\"wp-block-heading\">3.4 Dados de Conta<\/h3>\n\n<ul class=\"wp-block-list\">\n<li>Username<\/li>\n\n<li>Palavra-passe (encriptada)<\/li>\n<\/ul>\n\n<h3 class=\"wp-block-heading\">3.5 Dados de Navega\u00e7\u00e3o<\/h3>\n\n<ul class=\"wp-block-list\">\n<li>Endere\u00e7o IP<\/li>\n\n<li>Tipo de dispositivo<\/li>\n\n<li>Dados de cookies<\/li>\n\n<li>Hist\u00f3rico de navega\u00e7\u00e3o no site<\/li>\n<\/ul>\n\n<p>A Fisioshop n\u00e3o recolhe nem trata categorias especiais de dados pessoais (dados de sa\u00fade, dados biom\u00e9tricos, convic\u00e7\u00f5es religiosas, etc.), salvo se expressamente necess\u00e1rio e legalmente permitido.<\/p>\n<hr class=\"wp-block-separator has-alpha-channel-opacity\" \/>\n<h2 class=\"wp-block-heading\">4. Finalidades do Tratamento<\/h2>\n\n<p>Os dados pessoais s\u00e3o tratados para as seguintes finalidades:<\/p>\n\n<ol class=\"wp-block-list\">\n<li>Gest\u00e3o de registo e conta de utilizador<\/li>\n\n<li>Processamento e envio de encomendas<\/li>\n\n<li>Fatura\u00e7\u00e3o e cumprimento de obriga\u00e7\u00f5es fiscais<\/li>\n\n<li>Apoio ao cliente<\/li>\n\n<li>Gest\u00e3o de reclama\u00e7\u00f5es<\/li>\n\n<li>Cumprimento de obriga\u00e7\u00f5es legais<\/li>\n\n<li>Envio de comunica\u00e7\u00f5es comerciais (quando exista consentimento)<\/li>\n<\/ol>\n<hr class=\"wp-block-separator has-alpha-channel-opacity\" \/>\n<h2 class=\"wp-block-heading\">5. Fundamento Jur\u00eddico<\/h2>\n\n<p>O tratamento baseia-se nos seguintes fundamentos legais:<\/p>\n\n<ul class=\"wp-block-list\">\n<li>Execu\u00e7\u00e3o de contrato (art. 6.\u00ba, n.\u00ba 1, al\u00ednea b) do RGPD)<\/li>\n\n<li>Cumprimento de obriga\u00e7\u00e3o legal (art. 6.\u00ba, n.\u00ba 1, al\u00ednea c))<\/li>\n\n<li>Consentimento do titular (art. 6.\u00ba, n.\u00ba 1, al\u00ednea a))<\/li>\n\n<li>Interesse leg\u00edtimo (art. 6.\u00ba, n.\u00ba 1, al\u00ednea f)), nomeadamente para preven\u00e7\u00e3o de fraude e melhoria do servi\u00e7o<\/li>\n<\/ul>\n<hr class=\"wp-block-separator has-alpha-channel-opacity\" \/>\n<h2 class=\"wp-block-heading\">6. Conserva\u00e7\u00e3o dos Dados<\/h2>\n\n<p>Os dados pessoais ser\u00e3o conservados apenas pelo per\u00edodo necess\u00e1rio para as finalidades que motivaram a sua recolha, nomeadamente:<\/p>\n\n<ul class=\"wp-block-list\">\n<li>Dados de fatura\u00e7\u00e3o: 10 anos (obriga\u00e7\u00e3o fiscal)<\/li>\n\n<li>Dados de conta: enquanto a conta estiver ativa<\/li>\n\n<li>Dados para marketing: at\u00e9 retirada do consentimento<\/li>\n\n<li>Dados relacionados com garantias: durante o per\u00edodo legal aplic\u00e1vel<\/li>\n<\/ul>\n\n<p>Ap\u00f3s esse per\u00edodo, os dados ser\u00e3o eliminados ou anonimizados.<\/p>\n<hr class=\"wp-block-separator has-alpha-channel-opacity\" \/>\n<h2 class=\"wp-block-heading\">7. Partilha de Dados<\/h2>\n\n<p>Os dados pessoais poder\u00e3o ser comunicados a:<\/p>\n\n<ul class=\"wp-block-list\">\n<li>Entidades transportadoras<\/li>\n\n<li>Prestadores de servi\u00e7os inform\u00e1ticos<\/li>\n\n<li>Servi\u00e7os de contabilidade<\/li>\n\n<li>Entidades financeiras<\/li>\n\n<li>Autoridades fiscais ou judiciais, quando legalmente exigido<\/li>\n<\/ul>\n\n<p>Os dados n\u00e3o s\u00e3o vendidos nem cedidos para fins comerciais a terceiros.<\/p>\n<hr class=\"wp-block-separator has-alpha-channel-opacity\" \/>\n<h2 class=\"wp-block-heading\">8. Transfer\u00eancias Internacionais<\/h2>\n\n<p>Sempre que existam transfer\u00eancias de dados para fora do Espa\u00e7o Econ\u00f3mico Europeu, ser\u00e3o asseguradas garantias adequadas nos termos do RGPD.<\/p>\n<hr class=\"wp-block-separator has-alpha-channel-opacity\" \/>\n<h2 class=\"wp-block-heading\">9. Direitos dos Titulares dos Dados<\/h2>\n\n<p>Nos termos do RGPD, o titular dos dados tem direito a:<\/p>\n\n<ul class=\"wp-block-list\">\n<li>Acesso aos seus dados<\/li>\n\n<li>Retifica\u00e7\u00e3o de dados incorretos<\/li>\n\n<li>Apagamento dos dados (\u201cdireito a ser esquecido\u201d)<\/li>\n\n<li>Limita\u00e7\u00e3o do tratamento<\/li>\n\n<li>Oposi\u00e7\u00e3o ao tratamento<\/li>\n\n<li>Portabilidade dos dados<\/li>\n\n<li>Retirada do consentimento a qualquer momento<\/li>\n<\/ul>\n\n<p>Para exercer os seus direitos, dever\u00e1 contactar: <a>geral@fisio-shop.pt<\/a><\/p>\n\n<p>O titular pode ainda apresentar reclama\u00e7\u00e3o junto da CNPD.<\/p>\n<hr class=\"wp-block-separator has-alpha-channel-opacity\" \/>\n<h2 class=\"wp-block-heading\">10. Seguran\u00e7a dos Dados<\/h2>\n\n<p>A Fisioshop implementa medidas t\u00e9cnicas e organizativas adequadas para proteger os dados pessoais contra:<\/p>\n\n<ul class=\"wp-block-list\">\n<li>Acesso n\u00e3o autorizado<\/li>\n\n<li>Perda<\/li>\n\n<li>Altera\u00e7\u00e3o<\/li>\n\n<li>Divulga\u00e7\u00e3o indevida<\/li>\n<\/ul>\n\n<p>O acesso aos dados \u00e9 restrito a colaboradores autorizados.<\/p>\n<hr class=\"wp-block-separator has-alpha-channel-opacity\" \/>\n<h2 class=\"wp-block-heading\">11. Cookies<\/h2>\n\n<p>O site utiliza cookies para:<\/p>\n\n<ul class=\"wp-block-list\">\n<li>Funcionamento t\u00e9cnico do site<\/li>\n\n<li>An\u00e1lise estat\u00edstica<\/li>\n\n<li>Melhoria da experi\u00eancia do utilizador<\/li>\n<\/ul>\n\n<p>Os cookies n\u00e3o essenciais dependem de consentimento pr\u00e9vio.<\/p>\n\n<p>Para mais informa\u00e7\u00f5es, consulte a Pol\u00edtica de Cookies.<\/p>\n<hr class=\"wp-block-separator has-alpha-channel-opacity\" \/>\n<h2 class=\"wp-block-heading\">12. Decis\u00f5es Automatizadas<\/h2>\n\n<p>A Fisioshop n\u00e3o realiza decis\u00f5es automatizadas com efeitos jur\u00eddicos significativos para o titular dos dados.<\/p>\n<hr class=\"wp-block-separator has-alpha-channel-opacity\" \/>\n<h2 class=\"wp-block-heading\">13. Altera\u00e7\u00f5es \u00e0 Pol\u00edtica<\/h2>\n\n<p>A presente Pol\u00edtica poder\u00e1 ser atualizada a qualquer momento. A vers\u00e3o mais recente estar\u00e1 sempre dispon\u00edvel no site.<\/p>\n\n<p>\u00a0<\/p>\n\t\t\t\t\t\t\t\t<\/div>\n\t\t\t\t\t<\/div>\n\t\t\t\t<\/div>\n\t\t\t\t<\/div>\n\t\t","protected":false},"excerpt":{"rendered":"<p>\u00a0 \u00a0 1. Respons\u00e1vel pelo Tratamento A entidade respons\u00e1vel pelo tratamento dos dados pessoais \u00e9: Fisioshop \u2013 Com\u00e9rcio de Equipamentos, LdaRua Am\u00e1lia Rodrigues 7B, Bobadela,&#8230;<\/p>\n","protected":false},"author":1,"featured_media":0,"parent":0,"menu_order":0,"comment_status":"closed","ping_status":"closed","template":"","meta":{"rs_blank_template":"","rs_page_bg_color":"","slide_template_v7":"","footnotes":""},"class_list":["post-3","page","type-page","status-publish","hentry"],"aioseo_notices":[],"aioseo_head":"\n\t\t<!-- All in One SEO Pro 4.9.0 - aioseo.com -->\n\t<meta name=\"description\" content=\"1. Respons\u00e1vel pelo Tratamento A entidade respons\u00e1vel pelo tratamento dos dados pessoais \u00e9: Fisioshop \u2013 Com\u00e9rcio de Equipamentos, LdaRua Am\u00e1lia Rodrigues 7B, Bobadela, LisboaPortugalTelefone: 21 017 0423Email: geral@fisio-shop.pt Sempre que nesta Pol\u00edtica se menciona \u201cFisioshop\u201d, \u201cn\u00f3s\u201d ou \u201cnosso\u201d, refere-se \u00e0 entidade acima identificada. 2. Enquadramento Legal O tratamento de dados pessoais \u00e9 realizado\" \/>\n\t<meta name=\"robots\" content=\"max-image-preview:large\" \/>\n\t<link rel=\"canonical\" href=\"https:\/\/fisio-shop.pt\/?page_id=3\" \/>\n\t<meta name=\"generator\" content=\"All in One SEO Pro (AIOSEO) 4.9.0\" \/>\n\t\t<meta property=\"og:locale\" content=\"pt_PT\" \/>\n\t\t<meta property=\"og:site_name\" content=\"Fisio-shop - Empresa especializada na distribui\u00e7\u00e3o de equipamentos profissionais para os mercados da Fisioterapia, Geriatria, Fitness e Medicina Desportiva.\" \/>\n\t\t<meta property=\"og:type\" content=\"article\" \/>\n\t\t<meta property=\"og:title\" content=\"POL\u00cdTICA DE PRIVACIDADE - Fisio-shop\" \/>\n\t\t<meta property=\"og:description\" content=\"1. Respons\u00e1vel pelo Tratamento A entidade respons\u00e1vel pelo tratamento dos dados pessoais \u00e9: Fisioshop \u2013 Com\u00e9rcio de Equipamentos, LdaRua Am\u00e1lia Rodrigues 7B, Bobadela, LisboaPortugalTelefone: 21 017 0423Email: geral@fisio-shop.pt Sempre que nesta Pol\u00edtica se menciona \u201cFisioshop\u201d, \u201cn\u00f3s\u201d ou \u201cnosso\u201d, refere-se \u00e0 entidade acima identificada. 2. Enquadramento Legal O tratamento de dados pessoais \u00e9 realizado\" \/>\n\t\t<meta property=\"og:url\" content=\"https:\/\/fisio-shop.pt\/?page_id=3\" \/>\n\t\t<meta property=\"og:image\" content=\"https:\/\/fisio-shop.pt\/wp-content\/uploads\/2026\/04\/android-chrome-192x192-1.png\" \/>\n\t\t<meta property=\"og:image:secure_url\" content=\"https:\/\/fisio-shop.pt\/wp-content\/uploads\/2026\/04\/android-chrome-192x192-1.png\" \/>\n\t\t<meta property=\"article:published_time\" content=\"2026-02-13T20:19:42+00:00\" \/>\n\t\t<meta property=\"article:modified_time\" content=\"2026-02-22T17:48:02+00:00\" \/>\n\t\t<meta property=\"article:publisher\" content=\"https:\/\/www.facebook.com\/p\/Fisioshop-Comrcio-de-Equipamentos-Lda-100036934916130\/\" \/>\n\t\t<meta name=\"twitter:card\" content=\"summary_large_image\" \/>\n\t\t<meta name=\"twitter:title\" content=\"POL\u00cdTICA DE PRIVACIDADE - Fisio-shop\" \/>\n\t\t<meta name=\"twitter:description\" content=\"1. Respons\u00e1vel pelo Tratamento A entidade respons\u00e1vel pelo tratamento dos dados pessoais \u00e9: Fisioshop \u2013 Com\u00e9rcio de Equipamentos, LdaRua Am\u00e1lia Rodrigues 7B, Bobadela, LisboaPortugalTelefone: 21 017 0423Email: geral@fisio-shop.pt Sempre que nesta Pol\u00edtica se menciona \u201cFisioshop\u201d, \u201cn\u00f3s\u201d ou \u201cnosso\u201d, refere-se \u00e0 entidade acima identificada. 2. Enquadramento Legal O tratamento de dados pessoais \u00e9 realizado\" \/>\n\t\t<meta name=\"twitter:image\" content=\"https:\/\/fisio-shop.pt\/wp-content\/uploads\/2026\/04\/android-chrome-192x192-1.png\" \/>\n\t\t<script type=\"application\/ld+json\" class=\"aioseo-schema\">\n\t\t\t{\"@context\":\"https:\\\/\\\/schema.org\",\"@graph\":[{\"@type\":\"BreadcrumbList\",\"@id\":\"https:\\\/\\\/fisio-shop.pt\\\/?page_id=3#breadcrumblist\",\"itemListElement\":[{\"@type\":\"ListItem\",\"@id\":\"https:\\\/\\\/fisio-shop.pt#listItem\",\"position\":1,\"name\":\"Home\",\"item\":\"https:\\\/\\\/fisio-shop.pt\",\"nextItem\":{\"@type\":\"ListItem\",\"@id\":\"https:\\\/\\\/fisio-shop.pt\\\/?page_id=3#listItem\",\"name\":\"POL\\u00cdTICA DE PRIVACIDADE\"}},{\"@type\":\"ListItem\",\"@id\":\"https:\\\/\\\/fisio-shop.pt\\\/?page_id=3#listItem\",\"position\":2,\"name\":\"POL\\u00cdTICA DE PRIVACIDADE\",\"previousItem\":{\"@type\":\"ListItem\",\"@id\":\"https:\\\/\\\/fisio-shop.pt#listItem\",\"name\":\"Home\"}}]},{\"@type\":\"Organization\",\"@id\":\"https:\\\/\\\/fisio-shop.pt\\\/#organization\",\"name\":\"Fisio-shop\",\"description\":\"Empresa especializada na distribui\\u00e7\\u00e3o de equipamentos profissionais para os mercados da Fisioterapia, Geriatria, Fitness e Medicina Desportiva. Empresa especializada na distribui\\u00e7\\u00e3o de equipamentos profissionais para os mercados da Fisioterapia, Geriatria, Fitness e Medicina Desportiva.\",\"url\":\"https:\\\/\\\/fisio-shop.pt\\\/\",\"logo\":{\"@type\":\"ImageObject\",\"url\":\"https:\\\/\\\/fisio-shop.pt\\\/wp-content\\\/uploads\\\/2026\\\/04\\\/android-chrome-192x192-1.png\",\"@id\":\"https:\\\/\\\/fisio-shop.pt\\\/?page_id=3\\\/#organizationLogo\"},\"image\":{\"@id\":\"https:\\\/\\\/fisio-shop.pt\\\/?page_id=3\\\/#organizationLogo\"},\"sameAs\":[\"https:\\\/\\\/www.facebook.com\\\/p\\\/Fisioshop-Comrcio-de-Equipamentos-Lda-100036934916130\\\/\"]},{\"@type\":\"WebPage\",\"@id\":\"https:\\\/\\\/fisio-shop.pt\\\/?page_id=3#webpage\",\"url\":\"https:\\\/\\\/fisio-shop.pt\\\/?page_id=3\",\"name\":\"POL\\u00cdTICA DE PRIVACIDADE - Fisio-shop\",\"description\":\"1. Respons\\u00e1vel pelo Tratamento A entidade respons\\u00e1vel pelo tratamento dos dados pessoais \\u00e9: Fisioshop \\u2013 Com\\u00e9rcio de Equipamentos, LdaRua Am\\u00e1lia Rodrigues 7B, Bobadela, LisboaPortugalTelefone: 21 017 0423Email: geral@fisio-shop.pt Sempre que nesta Pol\\u00edtica se menciona \\u201cFisioshop\\u201d, \\u201cn\\u00f3s\\u201d ou \\u201cnosso\\u201d, refere-se \\u00e0 entidade acima identificada. 2. Enquadramento Legal O tratamento de dados pessoais \\u00e9 realizado\",\"inLanguage\":\"pt-PT\",\"isPartOf\":{\"@id\":\"https:\\\/\\\/fisio-shop.pt\\\/#website\"},\"breadcrumb\":{\"@id\":\"https:\\\/\\\/fisio-shop.pt\\\/?page_id=3#breadcrumblist\"},\"datePublished\":\"2026-02-13T20:19:42+00:00\",\"dateModified\":\"2026-02-22T17:48:02+00:00\"},{\"@type\":\"WebSite\",\"@id\":\"https:\\\/\\\/fisio-shop.pt\\\/#website\",\"url\":\"https:\\\/\\\/fisio-shop.pt\\\/\",\"name\":\"Fisio-shop\",\"description\":\"Empresa especializada na distribui\\u00e7\\u00e3o de equipamentos profissionais para os mercados da Fisioterapia, Geriatria, Fitness e Medicina Desportiva.\",\"inLanguage\":\"pt-PT\",\"publisher\":{\"@id\":\"https:\\\/\\\/fisio-shop.pt\\\/#organization\"}}]}\n\t\t<\/script>\n\t\t<!-- All in One SEO Pro -->\r\n\t\t<title>POL\u00cdTICA DE PRIVACIDADE - Fisio-shop<\/title>\n\n","aioseo_head_json":{"title":"POL\u00cdTICA DE PRIVACIDADE - Fisio-shop","description":"1. Respons\u00e1vel pelo Tratamento A entidade respons\u00e1vel pelo tratamento dos dados pessoais \u00e9: Fisioshop \u2013 Com\u00e9rcio de Equipamentos, LdaRua Am\u00e1lia Rodrigues 7B, Bobadela, LisboaPortugalTelefone: 21 017 0423Email: geral@fisio-shop.pt Sempre que nesta Pol\u00edtica se menciona \u201cFisioshop\u201d, \u201cn\u00f3s\u201d ou \u201cnosso\u201d, refere-se \u00e0 entidade acima identificada. 2. Enquadramento Legal O tratamento de dados pessoais \u00e9 realizado","canonical_url":"https:\/\/fisio-shop.pt\/?page_id=3","robots":"max-image-preview:large","keywords":"","webmasterTools":{"miscellaneous":""},"schema":{"@context":"https:\/\/schema.org","@graph":[{"@type":"BreadcrumbList","@id":"https:\/\/fisio-shop.pt\/?page_id=3#breadcrumblist","itemListElement":[{"@type":"ListItem","@id":"https:\/\/fisio-shop.pt#listItem","position":1,"name":"Home","item":"https:\/\/fisio-shop.pt","nextItem":{"@type":"ListItem","@id":"https:\/\/fisio-shop.pt\/?page_id=3#listItem","name":"POL\u00cdTICA DE PRIVACIDADE"}},{"@type":"ListItem","@id":"https:\/\/fisio-shop.pt\/?page_id=3#listItem","position":2,"name":"POL\u00cdTICA DE PRIVACIDADE","previousItem":{"@type":"ListItem","@id":"https:\/\/fisio-shop.pt#listItem","name":"Home"}}]},{"@type":"Organization","@id":"https:\/\/fisio-shop.pt\/#organization","name":"Fisio-shop","description":"Empresa especializada na distribui\u00e7\u00e3o de equipamentos profissionais para os mercados da Fisioterapia, Geriatria, Fitness e Medicina Desportiva. Empresa especializada na distribui\u00e7\u00e3o de equipamentos profissionais para os mercados da Fisioterapia, Geriatria, Fitness e Medicina Desportiva.","url":"https:\/\/fisio-shop.pt\/","logo":{"@type":"ImageObject","url":"https:\/\/fisio-shop.pt\/wp-content\/uploads\/2026\/04\/android-chrome-192x192-1.png","@id":"https:\/\/fisio-shop.pt\/?page_id=3\/#organizationLogo"},"image":{"@id":"https:\/\/fisio-shop.pt\/?page_id=3\/#organizationLogo"},"sameAs":["https:\/\/www.facebook.com\/p\/Fisioshop-Comrcio-de-Equipamentos-Lda-100036934916130\/"]},{"@type":"WebPage","@id":"https:\/\/fisio-shop.pt\/?page_id=3#webpage","url":"https:\/\/fisio-shop.pt\/?page_id=3","name":"POL\u00cdTICA DE PRIVACIDADE - Fisio-shop","description":"1. Respons\u00e1vel pelo Tratamento A entidade respons\u00e1vel pelo tratamento dos dados pessoais \u00e9: Fisioshop \u2013 Com\u00e9rcio de Equipamentos, LdaRua Am\u00e1lia Rodrigues 7B, Bobadela, LisboaPortugalTelefone: 21 017 0423Email: geral@fisio-shop.pt Sempre que nesta Pol\u00edtica se menciona \u201cFisioshop\u201d, \u201cn\u00f3s\u201d ou \u201cnosso\u201d, refere-se \u00e0 entidade acima identificada. 2. Enquadramento Legal O tratamento de dados pessoais \u00e9 realizado","inLanguage":"pt-PT","isPartOf":{"@id":"https:\/\/fisio-shop.pt\/#website"},"breadcrumb":{"@id":"https:\/\/fisio-shop.pt\/?page_id=3#breadcrumblist"},"datePublished":"2026-02-13T20:19:42+00:00","dateModified":"2026-02-22T17:48:02+00:00"},{"@type":"WebSite","@id":"https:\/\/fisio-shop.pt\/#website","url":"https:\/\/fisio-shop.pt\/","name":"Fisio-shop","description":"Empresa especializada na distribui\u00e7\u00e3o de equipamentos profissionais para os mercados da Fisioterapia, Geriatria, Fitness e Medicina Desportiva.","inLanguage":"pt-PT","publisher":{"@id":"https:\/\/fisio-shop.pt\/#organization"}}]},"og:locale":"pt_PT","og:site_name":"Fisio-shop - Empresa especializada na distribui\u00e7\u00e3o de equipamentos profissionais para os mercados da Fisioterapia, Geriatria, Fitness e Medicina Desportiva.","og:type":"article","og:title":"POL\u00cdTICA DE PRIVACIDADE - Fisio-shop","og:description":"1. Respons\u00e1vel pelo Tratamento A entidade respons\u00e1vel pelo tratamento dos dados pessoais \u00e9: Fisioshop \u2013 Com\u00e9rcio de Equipamentos, LdaRua Am\u00e1lia Rodrigues 7B, Bobadela, LisboaPortugalTelefone: 21 017 0423Email: geral@fisio-shop.pt Sempre que nesta Pol\u00edtica se menciona \u201cFisioshop\u201d, \u201cn\u00f3s\u201d ou \u201cnosso\u201d, refere-se \u00e0 entidade acima identificada. 2. Enquadramento Legal O tratamento de dados pessoais \u00e9 realizado","og:url":"https:\/\/fisio-shop.pt\/?page_id=3","og:image":"https:\/\/fisio-shop.pt\/wp-content\/uploads\/2026\/04\/android-chrome-192x192-1.png","og:image:secure_url":"https:\/\/fisio-shop.pt\/wp-content\/uploads\/2026\/04\/android-chrome-192x192-1.png","article:published_time":"2026-02-13T20:19:42+00:00","article:modified_time":"2026-02-22T17:48:02+00:00","article:publisher":"https:\/\/www.facebook.com\/p\/Fisioshop-Comrcio-de-Equipamentos-Lda-100036934916130\/","twitter:card":"summary_large_image","twitter:title":"POL\u00cdTICA DE PRIVACIDADE - Fisio-shop","twitter:description":"1. Respons\u00e1vel pelo Tratamento A entidade respons\u00e1vel pelo tratamento dos dados pessoais \u00e9: Fisioshop \u2013 Com\u00e9rcio de Equipamentos, LdaRua Am\u00e1lia Rodrigues 7B, Bobadela, LisboaPortugalTelefone: 21 017 0423Email: geral@fisio-shop.pt Sempre que nesta Pol\u00edtica se menciona \u201cFisioshop\u201d, \u201cn\u00f3s\u201d ou \u201cnosso\u201d, refere-se \u00e0 entidade acima identificada. 2. Enquadramento Legal O tratamento de dados pessoais \u00e9 realizado","twitter:image":"https:\/\/fisio-shop.pt\/wp-content\/uploads\/2026\/04\/android-chrome-192x192-1.png"},"aioseo_meta_data":{"post_id":"3","title":null,"description":null,"keywords":null,"keyphrases":null,"primary_term":null,"canonical_url":null,"og_title":null,"og_description":null,"og_object_type":"default","og_image_type":"default","og_image_url":null,"og_image_width":null,"og_image_height":null,"og_image_custom_url":null,"og_image_custom_fields":null,"og_video":null,"og_custom_url":null,"og_article_section":null,"og_article_tags":null,"twitter_use_og":false,"twitter_card":"default","twitter_image_type":"default","twitter_image_url":null,"twitter_image_custom_url":null,"twitter_image_custom_fields":null,"twitter_title":null,"twitter_description":null,"schema":{"blockGraphs":[],"customGraphs":[],"default":{"data":{"Article":[],"Course":[],"Dataset":[],"FAQPage":[],"Movie":[],"Person":[],"Product":[],"ProductReview":[],"Car":[],"Recipe":[],"Service":[],"SoftwareApplication":[],"WebPage":[]},"graphName":"","isEnabled":true},"graphs":[]},"schema_type":"default","schema_type_options":null,"pillar_content":false,"robots_default":true,"robots_noindex":false,"robots_noarchive":false,"robots_nosnippet":false,"robots_nofollow":false,"robots_noimageindex":false,"robots_noodp":false,"robots_notranslate":false,"robots_max_snippet":null,"robots_max_videopreview":null,"robots_max_imagepreview":"large","priority":null,"frequency":null,"local_seo":null,"seo_analyzer_scan_date":"2026-04-18 07:07:00","breadcrumb_settings":null,"limit_modified_date":false,"open_ai":null,"ai":null,"created":"2026-04-18 07:02:18","updated":"2026-04-18 21:21:04"},"aioseo_breadcrumb":"<div class=\"aioseo-breadcrumbs\"><span class=\"aioseo-breadcrumb\">\n\t<a href=\"https:\/\/fisio-shop.pt\" title=\"Home\">Home<\/a>\n<\/span><span class=\"aioseo-breadcrumb-separator\">\u00bb<\/span><span class=\"aioseo-breadcrumb\">\n\tPOL\u00cdTICA DE PRIVACIDADE\n<\/span><\/div>","aioseo_breadcrumb_json":[{"label":"Home","link":"https:\/\/fisio-shop.pt"},{"label":"POL\u00cdTICA DE PRIVACIDADE","link":"https:\/\/fisio-shop.pt\/?page_id=3"}],"_links":{"self":[{"href":"https:\/\/fisio-shop.pt\/index.php?rest_route=\/wp\/v2\/pages\/3","targetHints":{"allow":["GET"]}}],"collection":[{"href":"https:\/\/fisio-shop.pt\/index.php?rest_route=\/wp\/v2\/pages"}],"about":[{"href":"https:\/\/fisio-shop.pt\/index.php?rest_route=\/wp\/v2\/types\/page"}],"author":[{"embeddable":true,"href":"https:\/\/fisio-shop.pt\/index.php?rest_route=\/wp\/v2\/users\/1"}],"replies":[{"embeddable":true,"href":"https:\/\/fisio-shop.pt\/index.php?rest_route=%2Fwp%2Fv2%2Fcomments&post=3"}],"version-history":[{"count":0,"href":"https:\/\/fisio-shop.pt\/index.php?rest_route=\/wp\/v2\/pages\/3\/revisions"}],"wp:attachment":[{"href":"https:\/\/fisio-shop.pt\/index.php?rest_route=%2Fwp%2Fv2%2Fmedia&parent=3"}],"curies":[{"name":"wp","href":"https:\/\/api.w.org\/{rel}","templated":true}]}}