{"id":7475,"date":"2026-02-14T10:28:02","date_gmt":"2026-02-14T10:28:02","guid":{"rendered":"https:\/\/fisio-shop.pt\/?page_id=7475"},"modified":"2026-02-21T09:24:25","modified_gmt":"2026-02-21T09:24:25","slug":"clientes","status":"publish","type":"page","link":"https:\/\/fisio-shop.pt\/?page_id=7475","title":{"rendered":"Clientes"},"content":{"rendered":"\t\t<div data-elementor-type=\"wp-page\" data-elementor-id=\"7475\" class=\"elementor elementor-7475\" data-elementor-post-type=\"page\">\n\t\t\t\t<div class=\"elementor-element elementor-element-d30d8be e-flex e-con-boxed e-con e-parent\" data-id=\"d30d8be\" data-element_type=\"container\" data-e-type=\"container\">\n\t\t\t\t\t<div class=\"e-con-inner\">\n\t\t<div class=\"elementor-element elementor-element-44c9739 e-con-full et-section-stretch e-flex e-con e-child\" data-id=\"44c9739\" data-element_type=\"container\" data-e-type=\"container\" data-settings=\"{&quot;background_background&quot;:&quot;classic&quot;}\">\n\t\t\t\t<div class=\"elementor-element elementor-element-3212efc etheme-elementor-widget-loaded elementor-widget elementor-widget-heading\" data-id=\"3212efc\" data-element_type=\"widget\" data-e-type=\"widget\" data-widget_type=\"heading.default\">\n\t\t\t\t\t<h2 class=\"elementor-heading-title elementor-size-default\">CLIENTES<\/h2>\t\t\t\t<\/div>\n\t\t\t\t<\/div>\n\t\t\t\t\t<\/div>\n\t\t\t\t<\/div>\n\t\t<div class=\"elementor-element elementor-element-bbb685b e-flex e-con-boxed e-con e-parent\" data-id=\"bbb685b\" data-element_type=\"container\" data-e-type=\"container\">\n\t\t\t\t\t<div class=\"e-con-inner\">\n\t\t\t\t<div class=\"elementor-element elementor-element-83aa6c0 elementor-align-left elementor-widget elementor-widget-etheme_advanced_headline\" data-id=\"83aa6c0\" data-element_type=\"widget\" data-e-type=\"widget\" data-widget_type=\"etheme_advanced_headline.default\">\n\t\t\t\t<div class=\"elementor-widget-container\">\n\t\t\t\t\t        \n        <div class=\"etheme-a-h-wrapper\">\n        \n            \n\t\t\t\n        <h2 class=\"etheme-advanced-headline etheme-advanced-headline-mask\">\n\n            \n        <\/h2>\n\t\t\n                            <p class=\"etheme-a-h-text-after\">\n                    Os nossos Clientes est\u00e3o, desde o primeiro dia, no centro de tudo o que fazemos. Na Fisioshop procuramos colocar \u00e0 disposi\u00e7\u00e3o dos profissionais de sa\u00fade equipamentos e servi\u00e7os com qualidade e valor reconhecidamente superiores, respondendo assim \u00e0s suas necessidades e ajudando-os a tirar o melhor partido das solu\u00e7\u00f5es tecnol\u00f3gicas que disp\u00f5em, permitindo potenciar e desenvolver ao m\u00e1ximo a condi\u00e7\u00e3o f\u00edsica, o tratamento da dor e a recupera\u00e7\u00e3o dos seus utentes, resgatando e promovendo o seu equil\u00edbrio f\u00edsico, mental e social, e, por consequ\u00eancia, maximizando a sua qualidade de vida.                <\/p>\n                    \n        <\/div>\n        \n\t\t\t\t\t\t<\/div>\n\t\t\t\t<\/div>\n\t\t\t\t\t<\/div>\n\t\t\t\t<\/div>\n\t\t\t\t<section class=\"elementor-section elementor-top-section elementor-element elementor-element-79b5b91a elementor-section-boxed elementor-section-height-default elementor-section-height-default elementor-invisible\" data-id=\"79b5b91a\" data-element_type=\"section\" data-e-type=\"section\" data-settings=\"{&quot;animation&quot;:&quot;fadeInUp&quot;}\">\n\t\t\t\t\t\t<div class=\"elementor-container elementor-column-gap-no\">\n\t\t\t\t\t<div class=\"elementor-column elementor-col-100 elementor-top-column elementor-element elementor-element-1d6937e3\" data-id=\"1d6937e3\" data-element_type=\"column\" data-e-type=\"column\">\n\t\t\t<div class=\"elementor-widget-wrap elementor-element-populated\">\n\t\t\t\t\t\t<div class=\"elementor-element elementor-element-4e047998 elementor-widget elementor-widget-image-carousel\" data-id=\"4e047998\" data-element_type=\"widget\" data-e-type=\"widget\" data-settings=\"{&quot;slides_to_show&quot;:&quot;5&quot;,&quot;slides_to_show_tablet&quot;:&quot;3&quot;,&quot;slides_to_show_mobile&quot;:&quot;2&quot;,&quot;navigation&quot;:&quot;none&quot;,&quot;autoplay&quot;:&quot;no&quot;,&quot;infinite&quot;:&quot;yes&quot;,&quot;speed&quot;:500}\" data-widget_type=\"image-carousel.default\">\n\t\t\t\t\t\t\t<div class=\"elementor-image-carousel-wrapper swiper\" role=\"region\" aria-roledescription=\"carousel\" aria-label=\"Carrossel de imagens\" dir=\"ltr\">\n\t\t\t<div class=\"elementor-image-carousel swiper-wrapper\" aria-live=\"polite\">\n\t\t\t\t\t\t\t\t<div class=\"swiper-slide\" role=\"group\" aria-roledescription=\"slide\" aria-label=\"1 of 1\"><figure class=\"swiper-slide-inner\"><img decoding=\"async\" class=\"swiper-slide-image\" src=\"https:\/\/fisio-shop.pt\/wp-content\/uploads\/elementor\/thumbs\/1e716231555067.5655d21d1145a-165x80-1-rngn1i9kjs8ssr6y4zw8bjfwhh2sz140wdmimeoen8.jpg\" alt=\"1e716231555067.5655d21d1145a-165x80\" \/><\/figure><\/div>\t\t\t<\/div>\n\t\t\t\t\t<\/div>\n\t\t\t\t\t\t<\/div>\n\t\t\t\t\t<\/div>\n\t\t<\/div>\n\t\t\t\t\t<\/div>\n\t\t<\/section>\n\t\t\t\t<\/div>\n\t\t","protected":false},"excerpt":{"rendered":"<p>CLIENTES Os nossos Clientes est\u00e3o, desde o primeiro dia, no centro de tudo o que fazemos. Na Fisioshop procuramos colocar \u00e0 disposi\u00e7\u00e3o dos profissionais de&#8230;<\/p>\n","protected":false},"author":2,"featured_media":0,"parent":0,"menu_order":0,"comment_status":"closed","ping_status":"closed","template":"","meta":{"rs_blank_template":"","rs_page_bg_color":"","slide_template_v7":"","footnotes":""},"class_list":["post-7475","page","type-page","status-publish","hentry"],"aioseo_notices":[],"aioseo_head":"\n\t\t<!-- All in One SEO Pro 4.9.0 - aioseo.com -->\n\t<meta name=\"description\" content=\"CLIENTES Os nossos Clientes est\u00e3o, desde o primeiro dia, no centro de tudo o que fazemos. Na Fisioshop procuramos colocar \u00e0 disposi\u00e7\u00e3o dos profissionais de sa\u00fade equipamentos e servi\u00e7os com qualidade e valor reconhecidamente superiores, respondendo assim \u00e0s suas necessidades e ajudando-os a tirar o melhor partido das solu\u00e7\u00f5es tecnol\u00f3gicas que disp\u00f5em, permitindo potenciar e\" \/>\n\t<meta name=\"robots\" content=\"max-image-preview:large\" \/>\n\t<link rel=\"canonical\" href=\"https:\/\/fisio-shop.pt\/?page_id=7475\" \/>\n\t<meta name=\"generator\" content=\"All in One SEO Pro (AIOSEO) 4.9.0\" \/>\n\t\t<meta property=\"og:locale\" content=\"pt_PT\" \/>\n\t\t<meta property=\"og:site_name\" content=\"Fisio-shop - Empresa especializada na distribui\u00e7\u00e3o de equipamentos profissionais para os mercados da Fisioterapia, Geriatria, Fitness e Medicina Desportiva.\" \/>\n\t\t<meta property=\"og:type\" content=\"article\" \/>\n\t\t<meta property=\"og:title\" content=\"Clientes - Fisio-shop\" \/>\n\t\t<meta property=\"og:description\" content=\"CLIENTES Os nossos Clientes est\u00e3o, desde o primeiro dia, no centro de tudo o que fazemos. Na Fisioshop procuramos colocar \u00e0 disposi\u00e7\u00e3o dos profissionais de sa\u00fade equipamentos e servi\u00e7os com qualidade e valor reconhecidamente superiores, respondendo assim \u00e0s suas necessidades e ajudando-os a tirar o melhor partido das solu\u00e7\u00f5es tecnol\u00f3gicas que disp\u00f5em, permitindo potenciar e\" \/>\n\t\t<meta property=\"og:url\" content=\"https:\/\/fisio-shop.pt\/?page_id=7475\" \/>\n\t\t<meta property=\"og:image\" content=\"https:\/\/fisio-shop.pt\/wp-content\/uploads\/2026\/04\/android-chrome-192x192-1.png\" \/>\n\t\t<meta property=\"og:image:secure_url\" content=\"https:\/\/fisio-shop.pt\/wp-content\/uploads\/2026\/04\/android-chrome-192x192-1.png\" \/>\n\t\t<meta property=\"article:published_time\" content=\"2026-02-14T10:28:02+00:00\" \/>\n\t\t<meta property=\"article:modified_time\" content=\"2026-02-21T09:24:25+00:00\" \/>\n\t\t<meta property=\"article:publisher\" content=\"https:\/\/www.facebook.com\/p\/Fisioshop-Comrcio-de-Equipamentos-Lda-100036934916130\/\" \/>\n\t\t<meta name=\"twitter:card\" content=\"summary_large_image\" \/>\n\t\t<meta name=\"twitter:title\" content=\"Clientes - Fisio-shop\" \/>\n\t\t<meta name=\"twitter:description\" content=\"CLIENTES Os nossos Clientes est\u00e3o, desde o primeiro dia, no centro de tudo o que fazemos. Na Fisioshop procuramos colocar \u00e0 disposi\u00e7\u00e3o dos profissionais de sa\u00fade equipamentos e servi\u00e7os com qualidade e valor reconhecidamente superiores, respondendo assim \u00e0s suas necessidades e ajudando-os a tirar o melhor partido das solu\u00e7\u00f5es tecnol\u00f3gicas que disp\u00f5em, permitindo potenciar e\" \/>\n\t\t<meta name=\"twitter:image\" content=\"https:\/\/fisio-shop.pt\/wp-content\/uploads\/2026\/04\/android-chrome-192x192-1.png\" \/>\n\t\t<script type=\"application\/ld+json\" class=\"aioseo-schema\">\n\t\t\t{\"@context\":\"https:\\\/\\\/schema.org\",\"@graph\":[{\"@type\":\"BreadcrumbList\",\"@id\":\"https:\\\/\\\/fisio-shop.pt\\\/?page_id=7475#breadcrumblist\",\"itemListElement\":[{\"@type\":\"ListItem\",\"@id\":\"https:\\\/\\\/fisio-shop.pt#listItem\",\"position\":1,\"name\":\"Home\",\"item\":\"https:\\\/\\\/fisio-shop.pt\",\"nextItem\":{\"@type\":\"ListItem\",\"@id\":\"https:\\\/\\\/fisio-shop.pt\\\/?page_id=7475#listItem\",\"name\":\"Clientes\"}},{\"@type\":\"ListItem\",\"@id\":\"https:\\\/\\\/fisio-shop.pt\\\/?page_id=7475#listItem\",\"position\":2,\"name\":\"Clientes\",\"previousItem\":{\"@type\":\"ListItem\",\"@id\":\"https:\\\/\\\/fisio-shop.pt#listItem\",\"name\":\"Home\"}}]},{\"@type\":\"Organization\",\"@id\":\"https:\\\/\\\/fisio-shop.pt\\\/#organization\",\"name\":\"Fisio-shop\",\"description\":\"Empresa especializada na distribui\\u00e7\\u00e3o de equipamentos profissionais para os mercados da Fisioterapia, Geriatria, Fitness e Medicina Desportiva. Empresa especializada na distribui\\u00e7\\u00e3o de equipamentos profissionais para os mercados da Fisioterapia, Geriatria, Fitness e Medicina Desportiva.\",\"url\":\"https:\\\/\\\/fisio-shop.pt\\\/\",\"logo\":{\"@type\":\"ImageObject\",\"url\":\"https:\\\/\\\/fisio-shop.pt\\\/wp-content\\\/uploads\\\/2026\\\/04\\\/android-chrome-192x192-1.png\",\"@id\":\"https:\\\/\\\/fisio-shop.pt\\\/?page_id=7475\\\/#organizationLogo\"},\"image\":{\"@id\":\"https:\\\/\\\/fisio-shop.pt\\\/?page_id=7475\\\/#organizationLogo\"},\"sameAs\":[\"https:\\\/\\\/www.facebook.com\\\/p\\\/Fisioshop-Comrcio-de-Equipamentos-Lda-100036934916130\\\/\"]},{\"@type\":\"WebPage\",\"@id\":\"https:\\\/\\\/fisio-shop.pt\\\/?page_id=7475#webpage\",\"url\":\"https:\\\/\\\/fisio-shop.pt\\\/?page_id=7475\",\"name\":\"Clientes - Fisio-shop\",\"description\":\"CLIENTES Os nossos Clientes est\\u00e3o, desde o primeiro dia, no centro de tudo o que fazemos. Na Fisioshop procuramos colocar \\u00e0 disposi\\u00e7\\u00e3o dos profissionais de sa\\u00fade equipamentos e servi\\u00e7os com qualidade e valor reconhecidamente superiores, respondendo assim \\u00e0s suas necessidades e ajudando-os a tirar o melhor partido das solu\\u00e7\\u00f5es tecnol\\u00f3gicas que disp\\u00f5em, permitindo potenciar e\",\"inLanguage\":\"pt-PT\",\"isPartOf\":{\"@id\":\"https:\\\/\\\/fisio-shop.pt\\\/#website\"},\"breadcrumb\":{\"@id\":\"https:\\\/\\\/fisio-shop.pt\\\/?page_id=7475#breadcrumblist\"},\"datePublished\":\"2026-02-14T10:28:02+00:00\",\"dateModified\":\"2026-02-21T09:24:25+00:00\"},{\"@type\":\"WebSite\",\"@id\":\"https:\\\/\\\/fisio-shop.pt\\\/#website\",\"url\":\"https:\\\/\\\/fisio-shop.pt\\\/\",\"name\":\"Fisio-shop\",\"description\":\"Empresa especializada na distribui\\u00e7\\u00e3o de equipamentos profissionais para os mercados da Fisioterapia, Geriatria, Fitness e Medicina Desportiva.\",\"inLanguage\":\"pt-PT\",\"publisher\":{\"@id\":\"https:\\\/\\\/fisio-shop.pt\\\/#organization\"}}]}\n\t\t<\/script>\n\t\t<!-- All in One SEO Pro -->\r\n\t\t<title>Clientes - Fisio-shop<\/title>\n\n","aioseo_head_json":{"title":"Clientes - Fisio-shop","description":"CLIENTES Os nossos Clientes est\u00e3o, desde o primeiro dia, no centro de tudo o que fazemos. Na Fisioshop procuramos colocar \u00e0 disposi\u00e7\u00e3o dos profissionais de sa\u00fade equipamentos e servi\u00e7os com qualidade e valor reconhecidamente superiores, respondendo assim \u00e0s suas necessidades e ajudando-os a tirar o melhor partido das solu\u00e7\u00f5es tecnol\u00f3gicas que disp\u00f5em, permitindo potenciar e","canonical_url":"https:\/\/fisio-shop.pt\/?page_id=7475","robots":"max-image-preview:large","keywords":"","webmasterTools":{"miscellaneous":""},"schema":{"@context":"https:\/\/schema.org","@graph":[{"@type":"BreadcrumbList","@id":"https:\/\/fisio-shop.pt\/?page_id=7475#breadcrumblist","itemListElement":[{"@type":"ListItem","@id":"https:\/\/fisio-shop.pt#listItem","position":1,"name":"Home","item":"https:\/\/fisio-shop.pt","nextItem":{"@type":"ListItem","@id":"https:\/\/fisio-shop.pt\/?page_id=7475#listItem","name":"Clientes"}},{"@type":"ListItem","@id":"https:\/\/fisio-shop.pt\/?page_id=7475#listItem","position":2,"name":"Clientes","previousItem":{"@type":"ListItem","@id":"https:\/\/fisio-shop.pt#listItem","name":"Home"}}]},{"@type":"Organization","@id":"https:\/\/fisio-shop.pt\/#organization","name":"Fisio-shop","description":"Empresa especializada na distribui\u00e7\u00e3o de equipamentos profissionais para os mercados da Fisioterapia, Geriatria, Fitness e Medicina Desportiva. Empresa especializada na distribui\u00e7\u00e3o de equipamentos profissionais para os mercados da Fisioterapia, Geriatria, Fitness e Medicina Desportiva.","url":"https:\/\/fisio-shop.pt\/","logo":{"@type":"ImageObject","url":"https:\/\/fisio-shop.pt\/wp-content\/uploads\/2026\/04\/android-chrome-192x192-1.png","@id":"https:\/\/fisio-shop.pt\/?page_id=7475\/#organizationLogo"},"image":{"@id":"https:\/\/fisio-shop.pt\/?page_id=7475\/#organizationLogo"},"sameAs":["https:\/\/www.facebook.com\/p\/Fisioshop-Comrcio-de-Equipamentos-Lda-100036934916130\/"]},{"@type":"WebPage","@id":"https:\/\/fisio-shop.pt\/?page_id=7475#webpage","url":"https:\/\/fisio-shop.pt\/?page_id=7475","name":"Clientes - Fisio-shop","description":"CLIENTES Os nossos Clientes est\u00e3o, desde o primeiro dia, no centro de tudo o que fazemos. Na Fisioshop procuramos colocar \u00e0 disposi\u00e7\u00e3o dos profissionais de sa\u00fade equipamentos e servi\u00e7os com qualidade e valor reconhecidamente superiores, respondendo assim \u00e0s suas necessidades e ajudando-os a tirar o melhor partido das solu\u00e7\u00f5es tecnol\u00f3gicas que disp\u00f5em, permitindo potenciar e","inLanguage":"pt-PT","isPartOf":{"@id":"https:\/\/fisio-shop.pt\/#website"},"breadcrumb":{"@id":"https:\/\/fisio-shop.pt\/?page_id=7475#breadcrumblist"},"datePublished":"2026-02-14T10:28:02+00:00","dateModified":"2026-02-21T09:24:25+00:00"},{"@type":"WebSite","@id":"https:\/\/fisio-shop.pt\/#website","url":"https:\/\/fisio-shop.pt\/","name":"Fisio-shop","description":"Empresa especializada na distribui\u00e7\u00e3o de equipamentos profissionais para os mercados da Fisioterapia, Geriatria, Fitness e Medicina Desportiva.","inLanguage":"pt-PT","publisher":{"@id":"https:\/\/fisio-shop.pt\/#organization"}}]},"og:locale":"pt_PT","og:site_name":"Fisio-shop - Empresa especializada na distribui\u00e7\u00e3o de equipamentos profissionais para os mercados da Fisioterapia, Geriatria, Fitness e Medicina Desportiva.","og:type":"article","og:title":"Clientes - Fisio-shop","og:description":"CLIENTES Os nossos Clientes est\u00e3o, desde o primeiro dia, no centro de tudo o que fazemos. Na Fisioshop procuramos colocar \u00e0 disposi\u00e7\u00e3o dos profissionais de sa\u00fade equipamentos e servi\u00e7os com qualidade e valor reconhecidamente superiores, respondendo assim \u00e0s suas necessidades e ajudando-os a tirar o melhor partido das solu\u00e7\u00f5es tecnol\u00f3gicas que disp\u00f5em, permitindo potenciar e","og:url":"https:\/\/fisio-shop.pt\/?page_id=7475","og:image":"https:\/\/fisio-shop.pt\/wp-content\/uploads\/2026\/04\/android-chrome-192x192-1.png","og:image:secure_url":"https:\/\/fisio-shop.pt\/wp-content\/uploads\/2026\/04\/android-chrome-192x192-1.png","article:published_time":"2026-02-14T10:28:02+00:00","article:modified_time":"2026-02-21T09:24:25+00:00","article:publisher":"https:\/\/www.facebook.com\/p\/Fisioshop-Comrcio-de-Equipamentos-Lda-100036934916130\/","twitter:card":"summary_large_image","twitter:title":"Clientes - Fisio-shop","twitter:description":"CLIENTES Os nossos Clientes est\u00e3o, desde o primeiro dia, no centro de tudo o que fazemos. Na Fisioshop procuramos colocar \u00e0 disposi\u00e7\u00e3o dos profissionais de sa\u00fade equipamentos e servi\u00e7os com qualidade e valor reconhecidamente superiores, respondendo assim \u00e0s suas necessidades e ajudando-os a tirar o melhor partido das solu\u00e7\u00f5es tecnol\u00f3gicas que disp\u00f5em, permitindo potenciar e","twitter:image":"https:\/\/fisio-shop.pt\/wp-content\/uploads\/2026\/04\/android-chrome-192x192-1.png"},"aioseo_meta_data":{"post_id":"7475","title":null,"description":null,"keywords":null,"keyphrases":null,"primary_term":null,"canonical_url":null,"og_title":null,"og_description":null,"og_object_type":"default","og_image_type":"default","og_image_url":null,"og_image_width":null,"og_image_height":null,"og_image_custom_url":null,"og_image_custom_fields":null,"og_video":null,"og_custom_url":null,"og_article_section":null,"og_article_tags":null,"twitter_use_og":false,"twitter_card":"default","twitter_image_type":"default","twitter_image_url":null,"twitter_image_custom_url":null,"twitter_image_custom_fields":null,"twitter_title":null,"twitter_description":null,"schema":{"blockGraphs":[],"customGraphs":[],"default":{"data":{"Article":[],"Course":[],"Dataset":[],"FAQPage":[],"Movie":[],"Person":[],"Product":[],"ProductReview":[],"Car":[],"Recipe":[],"Service":[],"SoftwareApplication":[],"WebPage":[]},"graphName":"","isEnabled":true},"graphs":[]},"schema_type":"default","schema_type_options":null,"pillar_content":false,"robots_default":true,"robots_noindex":false,"robots_noarchive":false,"robots_nosnippet":false,"robots_nofollow":false,"robots_noimageindex":false,"robots_noodp":false,"robots_notranslate":false,"robots_max_snippet":null,"robots_max_videopreview":null,"robots_max_imagepreview":"large","priority":null,"frequency":null,"local_seo":null,"seo_analyzer_scan_date":"2026-04-18 07:04:31","breadcrumb_settings":null,"limit_modified_date":false,"open_ai":null,"ai":null,"created":"2026-04-18 07:02:18","updated":"2026-04-18 21:25:31"},"aioseo_breadcrumb":"<div class=\"aioseo-breadcrumbs\"><span class=\"aioseo-breadcrumb\">\n\t<a href=\"https:\/\/fisio-shop.pt\" title=\"Home\">Home<\/a>\n<\/span><span class=\"aioseo-breadcrumb-separator\">\u00bb<\/span><span class=\"aioseo-breadcrumb\">\n\tClientes\n<\/span><\/div>","aioseo_breadcrumb_json":[{"label":"Home","link":"https:\/\/fisio-shop.pt"},{"label":"Clientes","link":"https:\/\/fisio-shop.pt\/?page_id=7475"}],"_links":{"self":[{"href":"https:\/\/fisio-shop.pt\/index.php?rest_route=\/wp\/v2\/pages\/7475","targetHints":{"allow":["GET"]}}],"collection":[{"href":"https:\/\/fisio-shop.pt\/index.php?rest_route=\/wp\/v2\/pages"}],"about":[{"href":"https:\/\/fisio-shop.pt\/index.php?rest_route=\/wp\/v2\/types\/page"}],"author":[{"embeddable":true,"href":"https:\/\/fisio-shop.pt\/index.php?rest_route=\/wp\/v2\/users\/2"}],"replies":[{"embeddable":true,"href":"https:\/\/fisio-shop.pt\/index.php?rest_route=%2Fwp%2Fv2%2Fcomments&post=7475"}],"version-history":[{"count":0,"href":"https:\/\/fisio-shop.pt\/index.php?rest_route=\/wp\/v2\/pages\/7475\/revisions"}],"wp:attachment":[{"href":"https:\/\/fisio-shop.pt\/index.php?rest_route=%2Fwp%2Fv2%2Fmedia&parent=7475"}],"curies":[{"name":"wp","href":"https:\/\/api.w.org\/{rel}","templated":true}]}}