{"id":10054,"date":"2019-06-03T10:38:07","date_gmt":"2019-06-03T10:38:07","guid":{"rendered":"https:\/\/fisio-shop.pt\/loja\/colchao-de-pilates-com-aneis-160x60x19cm\/"},"modified":"2026-02-25T20:04:01","modified_gmt":"2026-02-25T20:04:01","slug":"colchao-de-pilates-com-aneis-160x60x19cm","status":"publish","type":"product","link":"https:\/\/fisio-shop.pt\/?product=colchao-de-pilates-com-aneis-160x60x19cm","title":{"rendered":"COLCH\u00c3O DE PILATES COM ANEIS 160x60x1,9cm"},"content":{"rendered":"<ul>\n<li>Colch\u00e3o especificamente concebido para a \u00a0execu\u00e7\u00e3o de exerc\u00edcios de Pilates.<\/li>\n<li>Marca: Bon Pilates;<\/li>\n<li>Cores: V\u00e1rias cores dispon\u00edveis.<\/li>\n<\/ul>\n<p><strong>Dimens\u00f5es e modelos dispon\u00edveis:<\/strong><\/p>\n<ul>\n<li>Dimens\u00f5es: 160 x 60 x 1,9 cm;<\/li>\n<li>Modelo: 81000111.<\/li>\n<\/ul>\n","protected":false},"excerpt":{"rendered":"<p>Colch\u00e3o especificamente concebido para a \u00a0execu\u00e7\u00e3o de exerc\u00edcios de Pilates.<\/p>\n<p>Artigo descontinuado.<\/p>\n","protected":false},"featured_media":12321,"comment_status":"open","ping_status":"closed","template":"","meta":{"rs_blank_template":"","rs_page_bg_color":"","slide_template_v7":""},"product_brand":[],"product_cat":[1397,1401,1895,1896],"product_tag":[112,970,971,972],"class_list":{"0":"post-10054","1":"product","2":"type-product","3":"status-publish","4":"has-post-thumbnail","6":"product_cat-saude","7":"product_cat-equipamentos-para-medicina-fisica-e-reabilitacao","8":"product_cat-pilates-equipamentos-para-medicina-fisica-e-reabilitacao","9":"product_cat-acessorios-pilates-equipamentos-para-medicina-fisica-e-reabilitacao","10":"product_tag-pilates","11":"product_tag-bonpilates","12":"product_tag-colchao-exercicios","13":"product_tag-colchao-pilates","15":"first","16":"outofstock","17":"shipping-taxable","18":"product-type-simple"},"aioseo_notices":[],"etheme_brands":{"errors":{"invalid_taxonomy":["Taxonomia inv\u00e1lida."]},"error_data":[]},"aioseo_head":"\n\t\t<!-- All in One SEO Pro 4.9.0 - aioseo.com -->\n\t<meta name=\"description\" content=\"Colch\u00e3o especificamente concebido para a execu\u00e7\u00e3o de exerc\u00edcios de Pilates. Artigo descontinuado.\" \/>\n\t<meta name=\"robots\" content=\"max-image-preview:large\" \/>\n\t<link rel=\"canonical\" href=\"https:\/\/fisio-shop.pt\/?product=colchao-de-pilates-com-aneis-160x60x19cm\" \/>\n\t<meta name=\"generator\" content=\"All in One SEO Pro (AIOSEO) 4.9.0\" \/>\n\t\t<meta property=\"og:locale\" content=\"pt_PT\" \/>\n\t\t<meta property=\"og:site_name\" content=\"Fisio-shop - Empresa especializada na distribui\u00e7\u00e3o de equipamentos profissionais para os mercados da Fisioterapia, Geriatria, Fitness e Medicina Desportiva.\" \/>\n\t\t<meta property=\"og:type\" content=\"article\" \/>\n\t\t<meta property=\"og:title\" content=\"COLCH\u00c3O DE PILATES COM ANEIS 160x60x1,9cm - Fisio-shop\" \/>\n\t\t<meta property=\"og:description\" content=\"Colch\u00e3o especificamente concebido para a execu\u00e7\u00e3o de exerc\u00edcios de Pilates. Artigo descontinuado.\" \/>\n\t\t<meta property=\"og:url\" content=\"https:\/\/fisio-shop.pt\/?product=colchao-de-pilates-com-aneis-160x60x19cm\" \/>\n\t\t<meta property=\"og:image\" content=\"https:\/\/fisio-shop.pt\/wp-content\/uploads\/2026\/04\/android-chrome-192x192-1.png\" \/>\n\t\t<meta property=\"og:image:secure_url\" content=\"https:\/\/fisio-shop.pt\/wp-content\/uploads\/2026\/04\/android-chrome-192x192-1.png\" \/>\n\t\t<meta property=\"article:published_time\" content=\"2019-06-03T10:38:07+00:00\" \/>\n\t\t<meta property=\"article:modified_time\" content=\"2026-02-25T20:04:01+00:00\" \/>\n\t\t<meta property=\"article:publisher\" content=\"https:\/\/www.facebook.com\/p\/Fisioshop-Comrcio-de-Equipamentos-Lda-100036934916130\/\" \/>\n\t\t<meta name=\"twitter:card\" content=\"summary_large_image\" \/>\n\t\t<meta name=\"twitter:title\" content=\"COLCH\u00c3O DE PILATES COM ANEIS 160x60x1,9cm - Fisio-shop\" \/>\n\t\t<meta name=\"twitter:description\" content=\"Colch\u00e3o especificamente concebido para a execu\u00e7\u00e3o de exerc\u00edcios de Pilates. Artigo descontinuado.\" \/>\n\t\t<meta name=\"twitter:image\" content=\"https:\/\/fisio-shop.pt\/wp-content\/uploads\/2026\/04\/android-chrome-192x192-1.png\" \/>\n\t\t<script type=\"application\/ld+json\" class=\"aioseo-schema\">\n\t\t\t{\"@context\":\"https:\\\/\\\/schema.org\",\"@graph\":[{\"@type\":\"BreadcrumbList\",\"@id\":\"https:\\\/\\\/fisio-shop.pt\\\/?product=colchao-de-pilates-com-aneis-160x60x19cm#breadcrumblist\",\"itemListElement\":[{\"@type\":\"ListItem\",\"@id\":\"https:\\\/\\\/fisio-shop.pt#listItem\",\"position\":1,\"name\":\"Home\",\"item\":\"https:\\\/\\\/fisio-shop.pt\",\"nextItem\":{\"@type\":\"ListItem\",\"@id\":\"https:\\\/\\\/fisio-shop.pt\\\/?page_id=5#listItem\",\"name\":\"Loja\"}},{\"@type\":\"ListItem\",\"@id\":\"https:\\\/\\\/fisio-shop.pt\\\/?page_id=5#listItem\",\"position\":2,\"name\":\"Loja\",\"item\":\"https:\\\/\\\/fisio-shop.pt\\\/?page_id=5\",\"nextItem\":{\"@type\":\"ListItem\",\"@id\":\"https:\\\/\\\/fisio-shop.pt\\\/?product_cat=saude#listItem\",\"name\":\"Sa\\u00fade\"},\"previousItem\":{\"@type\":\"ListItem\",\"@id\":\"https:\\\/\\\/fisio-shop.pt#listItem\",\"name\":\"Home\"}},{\"@type\":\"ListItem\",\"@id\":\"https:\\\/\\\/fisio-shop.pt\\\/?product_cat=saude#listItem\",\"position\":3,\"name\":\"Sa\\u00fade\",\"item\":\"https:\\\/\\\/fisio-shop.pt\\\/?product_cat=saude\",\"nextItem\":{\"@type\":\"ListItem\",\"@id\":\"https:\\\/\\\/fisio-shop.pt\\\/?product_cat=equipamentos-para-medicina-fisica-e-reabilitacao#listItem\",\"name\":\"Equipamentos para medicina f\\u00edsica e reabilita\\u00e7\\u00e3o\"},\"previousItem\":{\"@type\":\"ListItem\",\"@id\":\"https:\\\/\\\/fisio-shop.pt\\\/?page_id=5#listItem\",\"name\":\"Loja\"}},{\"@type\":\"ListItem\",\"@id\":\"https:\\\/\\\/fisio-shop.pt\\\/?product_cat=equipamentos-para-medicina-fisica-e-reabilitacao#listItem\",\"position\":4,\"name\":\"Equipamentos para medicina f\\u00edsica e reabilita\\u00e7\\u00e3o\",\"item\":\"https:\\\/\\\/fisio-shop.pt\\\/?product_cat=equipamentos-para-medicina-fisica-e-reabilitacao\",\"nextItem\":{\"@type\":\"ListItem\",\"@id\":\"https:\\\/\\\/fisio-shop.pt\\\/?product_cat=pilates-equipamentos-para-medicina-fisica-e-reabilitacao#listItem\",\"name\":\"Pilates\"},\"previousItem\":{\"@type\":\"ListItem\",\"@id\":\"https:\\\/\\\/fisio-shop.pt\\\/?product_cat=saude#listItem\",\"name\":\"Sa\\u00fade\"}},{\"@type\":\"ListItem\",\"@id\":\"https:\\\/\\\/fisio-shop.pt\\\/?product_cat=pilates-equipamentos-para-medicina-fisica-e-reabilitacao#listItem\",\"position\":5,\"name\":\"Pilates\",\"item\":\"https:\\\/\\\/fisio-shop.pt\\\/?product_cat=pilates-equipamentos-para-medicina-fisica-e-reabilitacao\",\"nextItem\":{\"@type\":\"ListItem\",\"@id\":\"https:\\\/\\\/fisio-shop.pt\\\/?product_cat=acessorios-pilates-equipamentos-para-medicina-fisica-e-reabilitacao#listItem\",\"name\":\"Acess\\u00f3rios\"},\"previousItem\":{\"@type\":\"ListItem\",\"@id\":\"https:\\\/\\\/fisio-shop.pt\\\/?product_cat=equipamentos-para-medicina-fisica-e-reabilitacao#listItem\",\"name\":\"Equipamentos para medicina f\\u00edsica e reabilita\\u00e7\\u00e3o\"}},{\"@type\":\"ListItem\",\"@id\":\"https:\\\/\\\/fisio-shop.pt\\\/?product_cat=acessorios-pilates-equipamentos-para-medicina-fisica-e-reabilitacao#listItem\",\"position\":6,\"name\":\"Acess\\u00f3rios\",\"item\":\"https:\\\/\\\/fisio-shop.pt\\\/?product_cat=acessorios-pilates-equipamentos-para-medicina-fisica-e-reabilitacao\",\"nextItem\":{\"@type\":\"ListItem\",\"@id\":\"https:\\\/\\\/fisio-shop.pt\\\/?product=colchao-de-pilates-com-aneis-160x60x19cm#listItem\",\"name\":\"COLCH\\u00c3O DE PILATES COM ANEIS 160x60x1,9cm\"},\"previousItem\":{\"@type\":\"ListItem\",\"@id\":\"https:\\\/\\\/fisio-shop.pt\\\/?product_cat=pilates-equipamentos-para-medicina-fisica-e-reabilitacao#listItem\",\"name\":\"Pilates\"}},{\"@type\":\"ListItem\",\"@id\":\"https:\\\/\\\/fisio-shop.pt\\\/?product=colchao-de-pilates-com-aneis-160x60x19cm#listItem\",\"position\":7,\"name\":\"COLCH\\u00c3O DE PILATES COM ANEIS 160x60x1,9cm\",\"previousItem\":{\"@type\":\"ListItem\",\"@id\":\"https:\\\/\\\/fisio-shop.pt\\\/?product_cat=acessorios-pilates-equipamentos-para-medicina-fisica-e-reabilitacao#listItem\",\"name\":\"Acess\\u00f3rios\"}}]},{\"@type\":\"Organization\",\"@id\":\"https:\\\/\\\/fisio-shop.pt\\\/#organization\",\"name\":\"Fisio-shop\",\"description\":\"Empresa especializada na distribui\\u00e7\\u00e3o de equipamentos profissionais para os mercados da Fisioterapia, Geriatria, Fitness e Medicina Desportiva. Empresa especializada na distribui\\u00e7\\u00e3o de equipamentos profissionais para os mercados da Fisioterapia, Geriatria, Fitness e Medicina Desportiva.\",\"url\":\"https:\\\/\\\/fisio-shop.pt\\\/\",\"logo\":{\"@type\":\"ImageObject\",\"url\":\"https:\\\/\\\/fisio-shop.pt\\\/wp-content\\\/uploads\\\/2026\\\/04\\\/android-chrome-192x192-1.png\",\"@id\":\"https:\\\/\\\/fisio-shop.pt\\\/?product=colchao-de-pilates-com-aneis-160x60x19cm\\\/#organizationLogo\"},\"image\":{\"@id\":\"https:\\\/\\\/fisio-shop.pt\\\/?product=colchao-de-pilates-com-aneis-160x60x19cm\\\/#organizationLogo\"},\"sameAs\":[\"https:\\\/\\\/www.facebook.com\\\/p\\\/Fisioshop-Comrcio-de-Equipamentos-Lda-100036934916130\\\/\"]},{\"@type\":\"Product\",\"@id\":\"https:\\\/\\\/fisio-shop.pt\\\/?product=colchao-de-pilates-com-aneis-160x60x19cm#wooCommerceProduct\",\"name\":\"COLCH\\u00c3O DE PILATES COM ANEIS 160x60x1,9cm\",\"description\":\"Colch\\u00e3o especificamente concebido para a \\u00a0execu\\u00e7\\u00e3o de exerc\\u00edcios de Pilates.\\n\\nArtigo descontinuado.\",\"url\":\"https:\\\/\\\/fisio-shop.pt\\\/?product=colchao-de-pilates-com-aneis-160x60x19cm\",\"sku\":\"81000111\",\"image\":{\"@type\":\"ImageObject\",\"url\":\"https:\\\/\\\/fisio-shop.pt\\\/wp-content\\\/uploads\\\/2026\\\/02\\\/COLCHAO-DE-PILATES-1.png\",\"@id\":\"https:\\\/\\\/fisio-shop.pt\\\/?product=colchao-de-pilates-com-aneis-160x60x19cm\\\/#productImage\",\"width\":680,\"height\":469},\"offers\":{\"@type\":\"Offer\",\"url\":\"https:\\\/\\\/fisio-shop.pt\\\/?product=colchao-de-pilates-com-aneis-160x60x19cm#wooCommerceOffer\",\"price\":0,\"priceCurrency\":\"EUR\",\"category\":\"Sa\\u00fade\",\"availability\":\"https:\\\/\\\/schema.org\\\/OutOfStock\",\"seller\":{\"@type\":\"Organization\",\"@id\":\"https:\\\/\\\/fisio-shop.pt\\\/#organization\"}}},{\"@type\":\"WebPage\",\"@id\":\"https:\\\/\\\/fisio-shop.pt\\\/?product=colchao-de-pilates-com-aneis-160x60x19cm#webpage\",\"url\":\"https:\\\/\\\/fisio-shop.pt\\\/?product=colchao-de-pilates-com-aneis-160x60x19cm\",\"name\":\"COLCH\\u00c3O DE PILATES COM ANEIS 160x60x1,9cm - Fisio-shop\",\"description\":\"Colch\\u00e3o especificamente concebido para a execu\\u00e7\\u00e3o de exerc\\u00edcios de Pilates. Artigo descontinuado.\",\"inLanguage\":\"pt-PT\",\"isPartOf\":{\"@id\":\"https:\\\/\\\/fisio-shop.pt\\\/#website\"},\"breadcrumb\":{\"@id\":\"https:\\\/\\\/fisio-shop.pt\\\/?product=colchao-de-pilates-com-aneis-160x60x19cm#breadcrumblist\"},\"image\":{\"@type\":\"ImageObject\",\"url\":\"https:\\\/\\\/fisio-shop.pt\\\/wp-content\\\/uploads\\\/2026\\\/02\\\/COLCHAO-DE-PILATES-1.png\",\"@id\":\"https:\\\/\\\/fisio-shop.pt\\\/?product=colchao-de-pilates-com-aneis-160x60x19cm\\\/#mainImage\",\"width\":680,\"height\":469},\"primaryImageOfPage\":{\"@id\":\"https:\\\/\\\/fisio-shop.pt\\\/?product=colchao-de-pilates-com-aneis-160x60x19cm#mainImage\"},\"datePublished\":\"2019-06-03T10:38:07+00:00\",\"dateModified\":\"2026-02-25T20:04:01+00:00\"},{\"@type\":\"WebSite\",\"@id\":\"https:\\\/\\\/fisio-shop.pt\\\/#website\",\"url\":\"https:\\\/\\\/fisio-shop.pt\\\/\",\"name\":\"Fisio-shop\",\"description\":\"Empresa especializada na distribui\\u00e7\\u00e3o de equipamentos profissionais para os mercados da Fisioterapia, Geriatria, Fitness e Medicina Desportiva.\",\"inLanguage\":\"pt-PT\",\"publisher\":{\"@id\":\"https:\\\/\\\/fisio-shop.pt\\\/#organization\"}}]}\n\t\t<\/script>\n\t\t<!-- All in One SEO Pro -->\r\n\t\t<title>COLCH\u00c3O DE PILATES COM ANEIS 160x60x1,9cm - Fisio-shop<\/title>\n\n","aioseo_head_json":{"title":"COLCH\u00c3O DE PILATES COM ANEIS 160x60x1,9cm - Fisio-shop","description":"Colch\u00e3o especificamente concebido para a execu\u00e7\u00e3o de exerc\u00edcios de Pilates. Artigo descontinuado.","canonical_url":"https:\/\/fisio-shop.pt\/?product=colchao-de-pilates-com-aneis-160x60x19cm","robots":"max-image-preview:large","keywords":"","webmasterTools":{"miscellaneous":""},"schema":{"@context":"https:\/\/schema.org","@graph":[{"@type":"BreadcrumbList","@id":"https:\/\/fisio-shop.pt\/?product=colchao-de-pilates-com-aneis-160x60x19cm#breadcrumblist","itemListElement":[{"@type":"ListItem","@id":"https:\/\/fisio-shop.pt#listItem","position":1,"name":"Home","item":"https:\/\/fisio-shop.pt","nextItem":{"@type":"ListItem","@id":"https:\/\/fisio-shop.pt\/?page_id=5#listItem","name":"Loja"}},{"@type":"ListItem","@id":"https:\/\/fisio-shop.pt\/?page_id=5#listItem","position":2,"name":"Loja","item":"https:\/\/fisio-shop.pt\/?page_id=5","nextItem":{"@type":"ListItem","@id":"https:\/\/fisio-shop.pt\/?product_cat=saude#listItem","name":"Sa\u00fade"},"previousItem":{"@type":"ListItem","@id":"https:\/\/fisio-shop.pt#listItem","name":"Home"}},{"@type":"ListItem","@id":"https:\/\/fisio-shop.pt\/?product_cat=saude#listItem","position":3,"name":"Sa\u00fade","item":"https:\/\/fisio-shop.pt\/?product_cat=saude","nextItem":{"@type":"ListItem","@id":"https:\/\/fisio-shop.pt\/?product_cat=equipamentos-para-medicina-fisica-e-reabilitacao#listItem","name":"Equipamentos para medicina f\u00edsica e reabilita\u00e7\u00e3o"},"previousItem":{"@type":"ListItem","@id":"https:\/\/fisio-shop.pt\/?page_id=5#listItem","name":"Loja"}},{"@type":"ListItem","@id":"https:\/\/fisio-shop.pt\/?product_cat=equipamentos-para-medicina-fisica-e-reabilitacao#listItem","position":4,"name":"Equipamentos para medicina f\u00edsica e reabilita\u00e7\u00e3o","item":"https:\/\/fisio-shop.pt\/?product_cat=equipamentos-para-medicina-fisica-e-reabilitacao","nextItem":{"@type":"ListItem","@id":"https:\/\/fisio-shop.pt\/?product_cat=pilates-equipamentos-para-medicina-fisica-e-reabilitacao#listItem","name":"Pilates"},"previousItem":{"@type":"ListItem","@id":"https:\/\/fisio-shop.pt\/?product_cat=saude#listItem","name":"Sa\u00fade"}},{"@type":"ListItem","@id":"https:\/\/fisio-shop.pt\/?product_cat=pilates-equipamentos-para-medicina-fisica-e-reabilitacao#listItem","position":5,"name":"Pilates","item":"https:\/\/fisio-shop.pt\/?product_cat=pilates-equipamentos-para-medicina-fisica-e-reabilitacao","nextItem":{"@type":"ListItem","@id":"https:\/\/fisio-shop.pt\/?product_cat=acessorios-pilates-equipamentos-para-medicina-fisica-e-reabilitacao#listItem","name":"Acess\u00f3rios"},"previousItem":{"@type":"ListItem","@id":"https:\/\/fisio-shop.pt\/?product_cat=equipamentos-para-medicina-fisica-e-reabilitacao#listItem","name":"Equipamentos para medicina f\u00edsica e reabilita\u00e7\u00e3o"}},{"@type":"ListItem","@id":"https:\/\/fisio-shop.pt\/?product_cat=acessorios-pilates-equipamentos-para-medicina-fisica-e-reabilitacao#listItem","position":6,"name":"Acess\u00f3rios","item":"https:\/\/fisio-shop.pt\/?product_cat=acessorios-pilates-equipamentos-para-medicina-fisica-e-reabilitacao","nextItem":{"@type":"ListItem","@id":"https:\/\/fisio-shop.pt\/?product=colchao-de-pilates-com-aneis-160x60x19cm#listItem","name":"COLCH\u00c3O DE PILATES COM ANEIS 160x60x1,9cm"},"previousItem":{"@type":"ListItem","@id":"https:\/\/fisio-shop.pt\/?product_cat=pilates-equipamentos-para-medicina-fisica-e-reabilitacao#listItem","name":"Pilates"}},{"@type":"ListItem","@id":"https:\/\/fisio-shop.pt\/?product=colchao-de-pilates-com-aneis-160x60x19cm#listItem","position":7,"name":"COLCH\u00c3O DE PILATES COM ANEIS 160x60x1,9cm","previousItem":{"@type":"ListItem","@id":"https:\/\/fisio-shop.pt\/?product_cat=acessorios-pilates-equipamentos-para-medicina-fisica-e-reabilitacao#listItem","name":"Acess\u00f3rios"}}]},{"@type":"Organization","@id":"https:\/\/fisio-shop.pt\/#organization","name":"Fisio-shop","description":"Empresa especializada na distribui\u00e7\u00e3o de equipamentos profissionais para os mercados da Fisioterapia, Geriatria, Fitness e Medicina Desportiva. Empresa especializada na distribui\u00e7\u00e3o de equipamentos profissionais para os mercados da Fisioterapia, Geriatria, Fitness e Medicina Desportiva.","url":"https:\/\/fisio-shop.pt\/","logo":{"@type":"ImageObject","url":"https:\/\/fisio-shop.pt\/wp-content\/uploads\/2026\/04\/android-chrome-192x192-1.png","@id":"https:\/\/fisio-shop.pt\/?product=colchao-de-pilates-com-aneis-160x60x19cm\/#organizationLogo"},"image":{"@id":"https:\/\/fisio-shop.pt\/?product=colchao-de-pilates-com-aneis-160x60x19cm\/#organizationLogo"},"sameAs":["https:\/\/www.facebook.com\/p\/Fisioshop-Comrcio-de-Equipamentos-Lda-100036934916130\/"]},{"@type":"Product","@id":"https:\/\/fisio-shop.pt\/?product=colchao-de-pilates-com-aneis-160x60x19cm#wooCommerceProduct","name":"COLCH\u00c3O DE PILATES COM ANEIS 160x60x1,9cm","description":"Colch\u00e3o especificamente concebido para a \u00a0execu\u00e7\u00e3o de exerc\u00edcios de Pilates.\n\nArtigo descontinuado.","url":"https:\/\/fisio-shop.pt\/?product=colchao-de-pilates-com-aneis-160x60x19cm","sku":"81000111","image":{"@type":"ImageObject","url":"https:\/\/fisio-shop.pt\/wp-content\/uploads\/2026\/02\/COLCHAO-DE-PILATES-1.png","@id":"https:\/\/fisio-shop.pt\/?product=colchao-de-pilates-com-aneis-160x60x19cm\/#productImage","width":680,"height":469},"offers":{"@type":"Offer","url":"https:\/\/fisio-shop.pt\/?product=colchao-de-pilates-com-aneis-160x60x19cm#wooCommerceOffer","price":0,"priceCurrency":"EUR","category":"Sa\u00fade","availability":"https:\/\/schema.org\/OutOfStock","seller":{"@type":"Organization","@id":"https:\/\/fisio-shop.pt\/#organization"}}},{"@type":"WebPage","@id":"https:\/\/fisio-shop.pt\/?product=colchao-de-pilates-com-aneis-160x60x19cm#webpage","url":"https:\/\/fisio-shop.pt\/?product=colchao-de-pilates-com-aneis-160x60x19cm","name":"COLCH\u00c3O DE PILATES COM ANEIS 160x60x1,9cm - Fisio-shop","description":"Colch\u00e3o especificamente concebido para a execu\u00e7\u00e3o de exerc\u00edcios de Pilates. Artigo descontinuado.","inLanguage":"pt-PT","isPartOf":{"@id":"https:\/\/fisio-shop.pt\/#website"},"breadcrumb":{"@id":"https:\/\/fisio-shop.pt\/?product=colchao-de-pilates-com-aneis-160x60x19cm#breadcrumblist"},"image":{"@type":"ImageObject","url":"https:\/\/fisio-shop.pt\/wp-content\/uploads\/2026\/02\/COLCHAO-DE-PILATES-1.png","@id":"https:\/\/fisio-shop.pt\/?product=colchao-de-pilates-com-aneis-160x60x19cm\/#mainImage","width":680,"height":469},"primaryImageOfPage":{"@id":"https:\/\/fisio-shop.pt\/?product=colchao-de-pilates-com-aneis-160x60x19cm#mainImage"},"datePublished":"2019-06-03T10:38:07+00:00","dateModified":"2026-02-25T20:04:01+00:00"},{"@type":"WebSite","@id":"https:\/\/fisio-shop.pt\/#website","url":"https:\/\/fisio-shop.pt\/","name":"Fisio-shop","description":"Empresa especializada na distribui\u00e7\u00e3o de equipamentos profissionais para os mercados da Fisioterapia, Geriatria, Fitness e Medicina Desportiva.","inLanguage":"pt-PT","publisher":{"@id":"https:\/\/fisio-shop.pt\/#organization"}}]},"og:locale":"pt_PT","og:site_name":"Fisio-shop - Empresa especializada na distribui\u00e7\u00e3o de equipamentos profissionais para os mercados da Fisioterapia, Geriatria, Fitness e Medicina Desportiva.","og:type":"article","og:title":"COLCH\u00c3O DE PILATES COM ANEIS 160x60x1,9cm - Fisio-shop","og:description":"Colch\u00e3o especificamente concebido para a execu\u00e7\u00e3o de exerc\u00edcios de Pilates. Artigo descontinuado.","og:url":"https:\/\/fisio-shop.pt\/?product=colchao-de-pilates-com-aneis-160x60x19cm","og:image":"https:\/\/fisio-shop.pt\/wp-content\/uploads\/2026\/04\/android-chrome-192x192-1.png","og:image:secure_url":"https:\/\/fisio-shop.pt\/wp-content\/uploads\/2026\/04\/android-chrome-192x192-1.png","article:published_time":"2019-06-03T10:38:07+00:00","article:modified_time":"2026-02-25T20:04:01+00:00","article:publisher":"https:\/\/www.facebook.com\/p\/Fisioshop-Comrcio-de-Equipamentos-Lda-100036934916130\/","twitter:card":"summary_large_image","twitter:title":"COLCH\u00c3O DE PILATES COM ANEIS 160x60x1,9cm - Fisio-shop","twitter:description":"Colch\u00e3o especificamente concebido para a execu\u00e7\u00e3o de exerc\u00edcios de Pilates. Artigo descontinuado.","twitter:image":"https:\/\/fisio-shop.pt\/wp-content\/uploads\/2026\/04\/android-chrome-192x192-1.png"},"aioseo_meta_data":{"post_id":"10054","title":null,"description":null,"keywords":null,"keyphrases":null,"primary_term":null,"canonical_url":null,"og_title":null,"og_description":null,"og_object_type":"default","og_image_type":"default","og_image_url":null,"og_image_width":null,"og_image_height":null,"og_image_custom_url":null,"og_image_custom_fields":null,"og_video":null,"og_custom_url":null,"og_article_section":null,"og_article_tags":null,"twitter_use_og":false,"twitter_card":"default","twitter_image_type":"default","twitter_image_url":null,"twitter_image_custom_url":null,"twitter_image_custom_fields":null,"twitter_title":null,"twitter_description":null,"schema":{"blockGraphs":[],"customGraphs":[],"default":{"data":{"Article":[],"Course":[],"Dataset":[],"FAQPage":[],"Movie":[],"Person":[],"Product":[],"ProductReview":[],"Car":[],"Recipe":[],"Service":[],"SoftwareApplication":[],"WebPage":[]},"graphName":"","isEnabled":true},"graphs":[]},"schema_type":"default","schema_type_options":null,"pillar_content":false,"robots_default":true,"robots_noindex":false,"robots_noarchive":false,"robots_nosnippet":false,"robots_nofollow":false,"robots_noimageindex":false,"robots_noodp":false,"robots_notranslate":false,"robots_max_snippet":null,"robots_max_videopreview":null,"robots_max_imagepreview":"large","priority":null,"frequency":null,"local_seo":null,"seo_analyzer_scan_date":"2026-04-18 08:32:27","breadcrumb_settings":null,"limit_modified_date":false,"open_ai":null,"ai":null,"created":"2026-04-18 07:02:19","updated":"2026-04-18 22:29:08"},"aioseo_breadcrumb":"<div class=\"aioseo-breadcrumbs\"><span class=\"aioseo-breadcrumb\">\n\t<a href=\"https:\/\/fisio-shop.pt\" title=\"Home\">Home<\/a>\n<\/span><span class=\"aioseo-breadcrumb-separator\">\u00bb<\/span><span class=\"aioseo-breadcrumb\">\n\t<a href=\"https:\/\/fisio-shop.pt\/?page_id=5\" title=\"Loja\">Loja<\/a>\n<\/span><span class=\"aioseo-breadcrumb-separator\">\u00bb<\/span><span class=\"aioseo-breadcrumb\">\n\t<a href=\"https:\/\/fisio-shop.pt\/?product_cat=saude\" title=\"Sa\u00fade\">Sa\u00fade<\/a>\n<\/span><span class=\"aioseo-breadcrumb-separator\">\u00bb<\/span><span class=\"aioseo-breadcrumb\">\n\t<a href=\"https:\/\/fisio-shop.pt\/?product_cat=equipamentos-para-medicina-fisica-e-reabilitacao\" title=\"Equipamentos para medicina f\u00edsica e reabilita\u00e7\u00e3o\">Equipamentos para medicina f\u00edsica e reabilita\u00e7\u00e3o<\/a>\n<\/span><span class=\"aioseo-breadcrumb-separator\">\u00bb<\/span><span class=\"aioseo-breadcrumb\">\n\t<a href=\"https:\/\/fisio-shop.pt\/?product_cat=pilates-equipamentos-para-medicina-fisica-e-reabilitacao\" title=\"Pilates\">Pilates<\/a>\n<\/span><span class=\"aioseo-breadcrumb-separator\">\u00bb<\/span><span class=\"aioseo-breadcrumb\">\n\t<a href=\"https:\/\/fisio-shop.pt\/?product_cat=acessorios-pilates-equipamentos-para-medicina-fisica-e-reabilitacao\" title=\"Acess\u00f3rios\">Acess\u00f3rios<\/a>\n<\/span><span class=\"aioseo-breadcrumb-separator\">\u00bb<\/span><span class=\"aioseo-breadcrumb\">\n\tCOLCH\u00c3O DE PILATES COM ANEIS 160x60x1,9cm\n<\/span><\/div>","aioseo_breadcrumb_json":[{"label":"Home","link":"https:\/\/fisio-shop.pt"},{"label":"Loja","link":"https:\/\/fisio-shop.pt\/?page_id=5"},{"label":"Sa\u00fade","link":"https:\/\/fisio-shop.pt\/?product_cat=saude"},{"label":"Equipamentos para medicina f\u00edsica e reabilita\u00e7\u00e3o","link":"https:\/\/fisio-shop.pt\/?product_cat=equipamentos-para-medicina-fisica-e-reabilitacao"},{"label":"Pilates","link":"https:\/\/fisio-shop.pt\/?product_cat=pilates-equipamentos-para-medicina-fisica-e-reabilitacao"},{"label":"Acess\u00f3rios","link":"https:\/\/fisio-shop.pt\/?product_cat=acessorios-pilates-equipamentos-para-medicina-fisica-e-reabilitacao"},{"label":"COLCH\u00c3O DE PILATES COM ANEIS 160x60x1,9cm","link":"https:\/\/fisio-shop.pt\/?product=colchao-de-pilates-com-aneis-160x60x19cm"}],"_links":{"self":[{"href":"https:\/\/fisio-shop.pt\/index.php?rest_route=\/wp\/v2\/product\/10054","targetHints":{"allow":["GET"]}}],"collection":[{"href":"https:\/\/fisio-shop.pt\/index.php?rest_route=\/wp\/v2\/product"}],"about":[{"href":"https:\/\/fisio-shop.pt\/index.php?rest_route=\/wp\/v2\/types\/product"}],"replies":[{"embeddable":true,"href":"https:\/\/fisio-shop.pt\/index.php?rest_route=%2Fwp%2Fv2%2Fcomments&post=10054"}],"version-history":[{"count":0,"href":"https:\/\/fisio-shop.pt\/index.php?rest_route=\/wp\/v2\/product\/10054\/revisions"}],"wp:featuredmedia":[{"embeddable":true,"href":"https:\/\/fisio-shop.pt\/index.php?rest_route=\/wp\/v2\/media\/12321"}],"wp:attachment":[{"href":"https:\/\/fisio-shop.pt\/index.php?rest_route=%2Fwp%2Fv2%2Fmedia&parent=10054"}],"wp:term":[{"taxonomy":"product_brand","embeddable":true,"href":"https:\/\/fisio-shop.pt\/index.php?rest_route=%2Fwp%2Fv2%2Fproduct_brand&post=10054"},{"taxonomy":"product_cat","embeddable":true,"href":"https:\/\/fisio-shop.pt\/index.php?rest_route=%2Fwp%2Fv2%2Fproduct_cat&post=10054"},{"taxonomy":"product_tag","embeddable":true,"href":"https:\/\/fisio-shop.pt\/index.php?rest_route=%2Fwp%2Fv2%2Fproduct_tag&post=10054"}],"curies":[{"name":"wp","href":"https:\/\/api.w.org\/{rel}","templated":true}]}}