{"id":10138,"date":"2019-12-17T17:23:41","date_gmt":"2019-12-17T17:23:41","guid":{"rendered":"https:\/\/fisio-shop.pt\/loja\/maceradora-de-arrastadeiras-em-polpa-de-celulose-2\/"},"modified":"2026-02-25T20:04:50","modified_gmt":"2026-02-25T20:04:50","slug":"maceradora-de-arrastadeiras-em-polpa-de-celulose-2","status":"publish","type":"product","link":"https:\/\/fisio-shop.pt\/?product=maceradora-de-arrastadeiras-em-polpa-de-celulose-2","title":{"rendered":"MACERADORA DE ARRASTADEIRAS EM POLPA DE CELULOSE"},"content":{"rendered":"<p class=\"Default\"><span style=\"font-size: 11.0pt; font-family: 'Verdana',sans-serif;\">A Pulpmatic Ultima \u00e9 uma maceradora de polpa de celulose de grande capacidade, capaz de lidar com 4-6 artigos em cada ciclo de 120 segundos.<\/span><\/p>\n<p class=\"Default\"><span style=\"font-size: 11.0pt; font-family: 'Verdana',sans-serif;\">Particularmente adequado para utiliza\u00e7\u00e3o em salas de sujos, foi desenvolvida tendo em vista a utiliza\u00e7\u00e3o em ambientes com muito movimento e o seu exclusivo mecanismo de nove l\u00e2minas foi especialmente desenvolvido para permitir ciclos de utiliza\u00e7\u00e3o mais r\u00e1pidos e baixos n\u00edveis de ru\u00eddo.<\/span><span style=\"font-family: Verdana, sans-serif; font-size: 11pt;\">\u00a0<\/span><\/p>\n<p class=\"Default\"><b><span style=\"font-size: 11.0pt; font-family: 'Verdana',sans-serif;\">Modo patenteado de opera\u00e7\u00e3o m\u00e3os-livres:<\/span><\/b><\/p>\n<ul>\n<li class=\"Default\"><span style=\"font-size: 11.0pt; font-family: 'Verdana',sans-serif;\">Tecnologia patenteada de m\u00e3os-livres, permitindo uma utiliza\u00e7\u00e3o totalmente livre de m\u00e3os, atrav\u00e9s de um orif\u00edcio na sua base para utiliza\u00e7\u00e3o com o p\u00e9;<\/span><\/li>\n<li class=\"Default\"><span style=\"font-size: 11.0pt; font-family: 'Verdana',sans-serif;\">Sensor \u00f3ptico para fechar o recipiente e iniciar o processo.<\/span><\/li>\n<\/ul>\n<p class=\"Default\"><span style=\"font-size: 11.0pt; font-family: 'Verdana',sans-serif;\">Estes mecanismos tornam a sua utiliza\u00e7\u00e3o n\u00e3o s\u00f3 mais conveniente, mas tamb\u00e9m mais higi\u00e9nica que outras maceradoras, reduzindo significativamente o potencial para a contamina\u00e7\u00e3o cruzada.<\/span><span style=\"font-family: Verdana, sans-serif; font-size: 11pt;\">\u00a0<\/span><\/p>\n<p class=\"Default\"><b><span style=\"font-size: 11.0pt; font-family: 'Verdana',sans-serif;\">Eficiente e econ\u00f3mica <\/span><\/b><span style=\"font-size: 11.0pt; font-family: 'Verdana',sans-serif;\">&#8211; Projectada para proporcionar n\u00edveis de efici\u00eancia elevados.<\/span><\/p>\n<p class=\"Default\"><span style=\"font-size: 11.0pt; font-family: 'Verdana',sans-serif;\">Ao utilizar um disco de corte com 9 l\u00e2minas, os produtos s\u00e3o r\u00e1pida e silenciosamente triturados, permitindo libertar tempo para outras tarefas. Os ciclos curtos reduzem o tempo de espera das equipas, assim como o consumo de \u00e1gua e energia, o que, por sua vez, se traduz em custos de opera\u00e7\u00e3o reduzidos.<\/span><span style=\"font-family: Verdana, sans-serif; font-size: 11pt;\">\u00a0<\/span><\/p>\n<p class=\"Default\"><b><span style=\"font-size: 11.0pt; font-family: 'Verdana',sans-serif;\">Desinfec\u00e7\u00e3o autom\u00e1tica <\/span><\/b><span style=\"font-size: 11.0pt; font-family: 'Verdana',sans-serif;\">&#8211; A op\u00e7\u00e3o de dosagem autom\u00e1tica de desinfec\u00e7\u00e3o permite limpar o tambor ap\u00f3s cada ciclo de utiliza\u00e7\u00e3o, cumprindo as normas EN1276 e EN13697 ao eliminar at\u00e9 99,999% dos principais HCAI.<\/span><\/p>\n<p><strong>Caracter\u00edsticas Chave:<\/strong><\/p>\n<ul>\n<li>Abertura e fecho de m\u00e3os livres patenteado;<\/li>\n<li>Dupla ac\u00e7\u00e3o anti-microbiana;<\/li>\n<li>Larga capacidade;<\/li>\n<li>Eficiente e econ\u00f3mica;<\/li>\n<li>Amiga do ambiente;<\/li>\n<li>Desinfec\u00e7\u00e3o autom\u00e1tica;<\/li>\n<li>F\u00e1cil utiliza\u00e7\u00e3o;<\/li>\n<li>F\u00e1cil Instala\u00e7\u00e3o;<\/li>\n<li>Servi\u00e7o de programa\u00e7\u00e3o f\u00e1cil.<\/li>\n<\/ul>\n","protected":false},"excerpt":{"rendered":"<p>Maceradora de arrastadeiras em polpa de celulose de grande capacidade.<\/p>\n","protected":false},"featured_media":12404,"comment_status":"open","ping_status":"closed","template":"","meta":{"rs_blank_template":"","rs_page_bg_color":"","slide_template_v7":""},"product_brand":[],"product_cat":[1398,1589,1591],"product_tag":[978,979],"class_list":{"0":"post-10138","1":"product","2":"type-product","3":"status-publish","4":"has-post-thumbnail","6":"product_cat-geriatria","7":"product_cat-salas-de-sujos-limpos-e-arrumos","8":"product_cat-maceradora-de-arrastadeiras","9":"product_tag-arrastadeiras","10":"product_tag-maceradora","12":"first","13":"instock","14":"shipping-taxable","15":"product-type-simple"},"aioseo_notices":[],"etheme_brands":{"errors":{"invalid_taxonomy":["Taxonomia inv\u00e1lida."]},"error_data":[]},"aioseo_head":"\n\t\t<!-- All in One SEO Pro 4.9.0 - aioseo.com -->\n\t<meta name=\"description\" content=\"Maceradora de arrastadeiras em polpa de celulose de grande capacidade.\" \/>\n\t<meta name=\"robots\" content=\"max-image-preview:large\" \/>\n\t<link rel=\"canonical\" href=\"https:\/\/fisio-shop.pt\/?product=maceradora-de-arrastadeiras-em-polpa-de-celulose-2\" \/>\n\t<meta name=\"generator\" content=\"All in One SEO Pro (AIOSEO) 4.9.0\" \/>\n\t\t<meta property=\"og:locale\" content=\"pt_PT\" \/>\n\t\t<meta property=\"og:site_name\" content=\"Fisio-shop - Empresa especializada na distribui\u00e7\u00e3o de equipamentos profissionais para os mercados da Fisioterapia, Geriatria, Fitness e Medicina Desportiva.\" \/>\n\t\t<meta property=\"og:type\" content=\"article\" \/>\n\t\t<meta property=\"og:title\" content=\"MACERADORA DE ARRASTADEIRAS EM POLPA DE CELULOSE - Fisio-shop\" \/>\n\t\t<meta property=\"og:description\" content=\"Maceradora de arrastadeiras em polpa de celulose de grande capacidade.\" \/>\n\t\t<meta property=\"og:url\" content=\"https:\/\/fisio-shop.pt\/?product=maceradora-de-arrastadeiras-em-polpa-de-celulose-2\" \/>\n\t\t<meta property=\"og:image\" content=\"https:\/\/fisio-shop.pt\/wp-content\/uploads\/2026\/04\/android-chrome-192x192-1.png\" \/>\n\t\t<meta property=\"og:image:secure_url\" content=\"https:\/\/fisio-shop.pt\/wp-content\/uploads\/2026\/04\/android-chrome-192x192-1.png\" \/>\n\t\t<meta property=\"article:published_time\" content=\"2019-12-17T17:23:41+00:00\" \/>\n\t\t<meta property=\"article:modified_time\" content=\"2026-02-25T20:04:50+00:00\" \/>\n\t\t<meta property=\"article:publisher\" content=\"https:\/\/www.facebook.com\/p\/Fisioshop-Comrcio-de-Equipamentos-Lda-100036934916130\/\" \/>\n\t\t<meta name=\"twitter:card\" content=\"summary_large_image\" \/>\n\t\t<meta name=\"twitter:title\" content=\"MACERADORA DE ARRASTADEIRAS EM POLPA DE CELULOSE - Fisio-shop\" \/>\n\t\t<meta name=\"twitter:description\" content=\"Maceradora de arrastadeiras em polpa de celulose de grande capacidade.\" \/>\n\t\t<meta name=\"twitter:image\" content=\"https:\/\/fisio-shop.pt\/wp-content\/uploads\/2026\/04\/android-chrome-192x192-1.png\" \/>\n\t\t<script type=\"application\/ld+json\" class=\"aioseo-schema\">\n\t\t\t{\"@context\":\"https:\\\/\\\/schema.org\",\"@graph\":[{\"@type\":\"BreadcrumbList\",\"@id\":\"https:\\\/\\\/fisio-shop.pt\\\/?product=maceradora-de-arrastadeiras-em-polpa-de-celulose-2#breadcrumblist\",\"itemListElement\":[{\"@type\":\"ListItem\",\"@id\":\"https:\\\/\\\/fisio-shop.pt#listItem\",\"position\":1,\"name\":\"Home\",\"item\":\"https:\\\/\\\/fisio-shop.pt\",\"nextItem\":{\"@type\":\"ListItem\",\"@id\":\"https:\\\/\\\/fisio-shop.pt\\\/?page_id=5#listItem\",\"name\":\"Loja\"}},{\"@type\":\"ListItem\",\"@id\":\"https:\\\/\\\/fisio-shop.pt\\\/?page_id=5#listItem\",\"position\":2,\"name\":\"Loja\",\"item\":\"https:\\\/\\\/fisio-shop.pt\\\/?page_id=5\",\"nextItem\":{\"@type\":\"ListItem\",\"@id\":\"https:\\\/\\\/fisio-shop.pt\\\/?product_cat=geriatria#listItem\",\"name\":\"Geriatria\"},\"previousItem\":{\"@type\":\"ListItem\",\"@id\":\"https:\\\/\\\/fisio-shop.pt#listItem\",\"name\":\"Home\"}},{\"@type\":\"ListItem\",\"@id\":\"https:\\\/\\\/fisio-shop.pt\\\/?product_cat=geriatria#listItem\",\"position\":3,\"name\":\"Geriatria\",\"item\":\"https:\\\/\\\/fisio-shop.pt\\\/?product_cat=geriatria\",\"nextItem\":{\"@type\":\"ListItem\",\"@id\":\"https:\\\/\\\/fisio-shop.pt\\\/?product_cat=salas-de-sujos-limpos-e-arrumos#listItem\",\"name\":\"Salas de sujos, limpos e arrumos\"},\"previousItem\":{\"@type\":\"ListItem\",\"@id\":\"https:\\\/\\\/fisio-shop.pt\\\/?page_id=5#listItem\",\"name\":\"Loja\"}},{\"@type\":\"ListItem\",\"@id\":\"https:\\\/\\\/fisio-shop.pt\\\/?product_cat=salas-de-sujos-limpos-e-arrumos#listItem\",\"position\":4,\"name\":\"Salas de sujos, limpos e arrumos\",\"item\":\"https:\\\/\\\/fisio-shop.pt\\\/?product_cat=salas-de-sujos-limpos-e-arrumos\",\"nextItem\":{\"@type\":\"ListItem\",\"@id\":\"https:\\\/\\\/fisio-shop.pt\\\/?product_cat=maceradora-de-arrastadeiras#listItem\",\"name\":\"Maceradora de arrastadeiras\"},\"previousItem\":{\"@type\":\"ListItem\",\"@id\":\"https:\\\/\\\/fisio-shop.pt\\\/?product_cat=geriatria#listItem\",\"name\":\"Geriatria\"}},{\"@type\":\"ListItem\",\"@id\":\"https:\\\/\\\/fisio-shop.pt\\\/?product_cat=maceradora-de-arrastadeiras#listItem\",\"position\":5,\"name\":\"Maceradora de arrastadeiras\",\"item\":\"https:\\\/\\\/fisio-shop.pt\\\/?product_cat=maceradora-de-arrastadeiras\",\"nextItem\":{\"@type\":\"ListItem\",\"@id\":\"https:\\\/\\\/fisio-shop.pt\\\/?product=maceradora-de-arrastadeiras-em-polpa-de-celulose-2#listItem\",\"name\":\"MACERADORA DE ARRASTADEIRAS EM POLPA DE CELULOSE\"},\"previousItem\":{\"@type\":\"ListItem\",\"@id\":\"https:\\\/\\\/fisio-shop.pt\\\/?product_cat=salas-de-sujos-limpos-e-arrumos#listItem\",\"name\":\"Salas de sujos, limpos e arrumos\"}},{\"@type\":\"ListItem\",\"@id\":\"https:\\\/\\\/fisio-shop.pt\\\/?product=maceradora-de-arrastadeiras-em-polpa-de-celulose-2#listItem\",\"position\":6,\"name\":\"MACERADORA DE ARRASTADEIRAS EM POLPA DE CELULOSE\",\"previousItem\":{\"@type\":\"ListItem\",\"@id\":\"https:\\\/\\\/fisio-shop.pt\\\/?product_cat=maceradora-de-arrastadeiras#listItem\",\"name\":\"Maceradora de arrastadeiras\"}}]},{\"@type\":\"Organization\",\"@id\":\"https:\\\/\\\/fisio-shop.pt\\\/#organization\",\"name\":\"Fisio-shop\",\"description\":\"Empresa especializada na distribui\\u00e7\\u00e3o de equipamentos profissionais para os mercados da Fisioterapia, Geriatria, Fitness e Medicina Desportiva. Empresa especializada na distribui\\u00e7\\u00e3o de equipamentos profissionais para os mercados da Fisioterapia, Geriatria, Fitness e Medicina Desportiva.\",\"url\":\"https:\\\/\\\/fisio-shop.pt\\\/\",\"logo\":{\"@type\":\"ImageObject\",\"url\":\"https:\\\/\\\/fisio-shop.pt\\\/wp-content\\\/uploads\\\/2026\\\/04\\\/android-chrome-192x192-1.png\",\"@id\":\"https:\\\/\\\/fisio-shop.pt\\\/?product=maceradora-de-arrastadeiras-em-polpa-de-celulose-2\\\/#organizationLogo\"},\"image\":{\"@id\":\"https:\\\/\\\/fisio-shop.pt\\\/?product=maceradora-de-arrastadeiras-em-polpa-de-celulose-2\\\/#organizationLogo\"},\"sameAs\":[\"https:\\\/\\\/www.facebook.com\\\/p\\\/Fisioshop-Comrcio-de-Equipamentos-Lda-100036934916130\\\/\"]},{\"@type\":\"Product\",\"@id\":\"https:\\\/\\\/fisio-shop.pt\\\/?product=maceradora-de-arrastadeiras-em-polpa-de-celulose-2#wooCommerceProduct\",\"name\":\"MACERADORA DE ARRASTADEIRAS EM POLPA DE CELULOSE\",\"description\":\"Maceradora de arrastadeiras em polpa de celulose de grande capacidade.\",\"url\":\"https:\\\/\\\/fisio-shop.pt\\\/?product=maceradora-de-arrastadeiras-em-polpa-de-celulose-2\",\"sku\":\"DIV0023\",\"image\":{\"@type\":\"ImageObject\",\"url\":\"https:\\\/\\\/fisio-shop.pt\\\/wp-content\\\/uploads\\\/2026\\\/02\\\/MACERADORA-DE-ARRASTADEIRAS-EM-POLPA-DE-CELULOSE-1.jpg\",\"@id\":\"https:\\\/\\\/fisio-shop.pt\\\/?product=maceradora-de-arrastadeiras-em-polpa-de-celulose-2\\\/#productImage\",\"width\":736,\"height\":736},\"offers\":{\"@type\":\"Offer\",\"url\":\"https:\\\/\\\/fisio-shop.pt\\\/?product=maceradora-de-arrastadeiras-em-polpa-de-celulose-2#wooCommerceOffer\",\"price\":0,\"priceCurrency\":\"EUR\",\"category\":\"Geriatria\",\"availability\":\"https:\\\/\\\/schema.org\\\/InStock\",\"seller\":{\"@type\":\"Organization\",\"@id\":\"https:\\\/\\\/fisio-shop.pt\\\/#organization\"}}},{\"@type\":\"WebPage\",\"@id\":\"https:\\\/\\\/fisio-shop.pt\\\/?product=maceradora-de-arrastadeiras-em-polpa-de-celulose-2#webpage\",\"url\":\"https:\\\/\\\/fisio-shop.pt\\\/?product=maceradora-de-arrastadeiras-em-polpa-de-celulose-2\",\"name\":\"MACERADORA DE ARRASTADEIRAS EM POLPA DE CELULOSE - Fisio-shop\",\"description\":\"Maceradora de arrastadeiras em polpa de celulose de grande capacidade.\",\"inLanguage\":\"pt-PT\",\"isPartOf\":{\"@id\":\"https:\\\/\\\/fisio-shop.pt\\\/#website\"},\"breadcrumb\":{\"@id\":\"https:\\\/\\\/fisio-shop.pt\\\/?product=maceradora-de-arrastadeiras-em-polpa-de-celulose-2#breadcrumblist\"},\"image\":{\"@type\":\"ImageObject\",\"url\":\"https:\\\/\\\/fisio-shop.pt\\\/wp-content\\\/uploads\\\/2026\\\/02\\\/MACERADORA-DE-ARRASTADEIRAS-EM-POLPA-DE-CELULOSE-1.jpg\",\"@id\":\"https:\\\/\\\/fisio-shop.pt\\\/?product=maceradora-de-arrastadeiras-em-polpa-de-celulose-2\\\/#mainImage\",\"width\":736,\"height\":736},\"primaryImageOfPage\":{\"@id\":\"https:\\\/\\\/fisio-shop.pt\\\/?product=maceradora-de-arrastadeiras-em-polpa-de-celulose-2#mainImage\"},\"datePublished\":\"2019-12-17T17:23:41+00:00\",\"dateModified\":\"2026-02-25T20:04:50+00:00\"},{\"@type\":\"WebSite\",\"@id\":\"https:\\\/\\\/fisio-shop.pt\\\/#website\",\"url\":\"https:\\\/\\\/fisio-shop.pt\\\/\",\"name\":\"Fisio-shop\",\"description\":\"Empresa especializada na distribui\\u00e7\\u00e3o de equipamentos profissionais para os mercados da Fisioterapia, Geriatria, Fitness e Medicina Desportiva.\",\"inLanguage\":\"pt-PT\",\"publisher\":{\"@id\":\"https:\\\/\\\/fisio-shop.pt\\\/#organization\"}}]}\n\t\t<\/script>\n\t\t<!-- All in One SEO Pro -->\r\n\t\t<title>MACERADORA DE ARRASTADEIRAS EM POLPA DE CELULOSE - Fisio-shop<\/title>\n\n","aioseo_head_json":{"title":"MACERADORA DE ARRASTADEIRAS EM POLPA DE CELULOSE - Fisio-shop","description":"Maceradora de arrastadeiras em polpa de celulose de grande capacidade.","canonical_url":"https:\/\/fisio-shop.pt\/?product=maceradora-de-arrastadeiras-em-polpa-de-celulose-2","robots":"max-image-preview:large","keywords":"","webmasterTools":{"miscellaneous":""},"schema":{"@context":"https:\/\/schema.org","@graph":[{"@type":"BreadcrumbList","@id":"https:\/\/fisio-shop.pt\/?product=maceradora-de-arrastadeiras-em-polpa-de-celulose-2#breadcrumblist","itemListElement":[{"@type":"ListItem","@id":"https:\/\/fisio-shop.pt#listItem","position":1,"name":"Home","item":"https:\/\/fisio-shop.pt","nextItem":{"@type":"ListItem","@id":"https:\/\/fisio-shop.pt\/?page_id=5#listItem","name":"Loja"}},{"@type":"ListItem","@id":"https:\/\/fisio-shop.pt\/?page_id=5#listItem","position":2,"name":"Loja","item":"https:\/\/fisio-shop.pt\/?page_id=5","nextItem":{"@type":"ListItem","@id":"https:\/\/fisio-shop.pt\/?product_cat=geriatria#listItem","name":"Geriatria"},"previousItem":{"@type":"ListItem","@id":"https:\/\/fisio-shop.pt#listItem","name":"Home"}},{"@type":"ListItem","@id":"https:\/\/fisio-shop.pt\/?product_cat=geriatria#listItem","position":3,"name":"Geriatria","item":"https:\/\/fisio-shop.pt\/?product_cat=geriatria","nextItem":{"@type":"ListItem","@id":"https:\/\/fisio-shop.pt\/?product_cat=salas-de-sujos-limpos-e-arrumos#listItem","name":"Salas de sujos, limpos e arrumos"},"previousItem":{"@type":"ListItem","@id":"https:\/\/fisio-shop.pt\/?page_id=5#listItem","name":"Loja"}},{"@type":"ListItem","@id":"https:\/\/fisio-shop.pt\/?product_cat=salas-de-sujos-limpos-e-arrumos#listItem","position":4,"name":"Salas de sujos, limpos e arrumos","item":"https:\/\/fisio-shop.pt\/?product_cat=salas-de-sujos-limpos-e-arrumos","nextItem":{"@type":"ListItem","@id":"https:\/\/fisio-shop.pt\/?product_cat=maceradora-de-arrastadeiras#listItem","name":"Maceradora de arrastadeiras"},"previousItem":{"@type":"ListItem","@id":"https:\/\/fisio-shop.pt\/?product_cat=geriatria#listItem","name":"Geriatria"}},{"@type":"ListItem","@id":"https:\/\/fisio-shop.pt\/?product_cat=maceradora-de-arrastadeiras#listItem","position":5,"name":"Maceradora de arrastadeiras","item":"https:\/\/fisio-shop.pt\/?product_cat=maceradora-de-arrastadeiras","nextItem":{"@type":"ListItem","@id":"https:\/\/fisio-shop.pt\/?product=maceradora-de-arrastadeiras-em-polpa-de-celulose-2#listItem","name":"MACERADORA DE ARRASTADEIRAS EM POLPA DE CELULOSE"},"previousItem":{"@type":"ListItem","@id":"https:\/\/fisio-shop.pt\/?product_cat=salas-de-sujos-limpos-e-arrumos#listItem","name":"Salas de sujos, limpos e arrumos"}},{"@type":"ListItem","@id":"https:\/\/fisio-shop.pt\/?product=maceradora-de-arrastadeiras-em-polpa-de-celulose-2#listItem","position":6,"name":"MACERADORA DE ARRASTADEIRAS EM POLPA DE CELULOSE","previousItem":{"@type":"ListItem","@id":"https:\/\/fisio-shop.pt\/?product_cat=maceradora-de-arrastadeiras#listItem","name":"Maceradora de arrastadeiras"}}]},{"@type":"Organization","@id":"https:\/\/fisio-shop.pt\/#organization","name":"Fisio-shop","description":"Empresa especializada na distribui\u00e7\u00e3o de equipamentos profissionais para os mercados da Fisioterapia, Geriatria, Fitness e Medicina Desportiva. Empresa especializada na distribui\u00e7\u00e3o de equipamentos profissionais para os mercados da Fisioterapia, Geriatria, Fitness e Medicina Desportiva.","url":"https:\/\/fisio-shop.pt\/","logo":{"@type":"ImageObject","url":"https:\/\/fisio-shop.pt\/wp-content\/uploads\/2026\/04\/android-chrome-192x192-1.png","@id":"https:\/\/fisio-shop.pt\/?product=maceradora-de-arrastadeiras-em-polpa-de-celulose-2\/#organizationLogo"},"image":{"@id":"https:\/\/fisio-shop.pt\/?product=maceradora-de-arrastadeiras-em-polpa-de-celulose-2\/#organizationLogo"},"sameAs":["https:\/\/www.facebook.com\/p\/Fisioshop-Comrcio-de-Equipamentos-Lda-100036934916130\/"]},{"@type":"Product","@id":"https:\/\/fisio-shop.pt\/?product=maceradora-de-arrastadeiras-em-polpa-de-celulose-2#wooCommerceProduct","name":"MACERADORA DE ARRASTADEIRAS EM POLPA DE CELULOSE","description":"Maceradora de arrastadeiras em polpa de celulose de grande capacidade.","url":"https:\/\/fisio-shop.pt\/?product=maceradora-de-arrastadeiras-em-polpa-de-celulose-2","sku":"DIV0023","image":{"@type":"ImageObject","url":"https:\/\/fisio-shop.pt\/wp-content\/uploads\/2026\/02\/MACERADORA-DE-ARRASTADEIRAS-EM-POLPA-DE-CELULOSE-1.jpg","@id":"https:\/\/fisio-shop.pt\/?product=maceradora-de-arrastadeiras-em-polpa-de-celulose-2\/#productImage","width":736,"height":736},"offers":{"@type":"Offer","url":"https:\/\/fisio-shop.pt\/?product=maceradora-de-arrastadeiras-em-polpa-de-celulose-2#wooCommerceOffer","price":0,"priceCurrency":"EUR","category":"Geriatria","availability":"https:\/\/schema.org\/InStock","seller":{"@type":"Organization","@id":"https:\/\/fisio-shop.pt\/#organization"}}},{"@type":"WebPage","@id":"https:\/\/fisio-shop.pt\/?product=maceradora-de-arrastadeiras-em-polpa-de-celulose-2#webpage","url":"https:\/\/fisio-shop.pt\/?product=maceradora-de-arrastadeiras-em-polpa-de-celulose-2","name":"MACERADORA DE ARRASTADEIRAS EM POLPA DE CELULOSE - Fisio-shop","description":"Maceradora de arrastadeiras em polpa de celulose de grande capacidade.","inLanguage":"pt-PT","isPartOf":{"@id":"https:\/\/fisio-shop.pt\/#website"},"breadcrumb":{"@id":"https:\/\/fisio-shop.pt\/?product=maceradora-de-arrastadeiras-em-polpa-de-celulose-2#breadcrumblist"},"image":{"@type":"ImageObject","url":"https:\/\/fisio-shop.pt\/wp-content\/uploads\/2026\/02\/MACERADORA-DE-ARRASTADEIRAS-EM-POLPA-DE-CELULOSE-1.jpg","@id":"https:\/\/fisio-shop.pt\/?product=maceradora-de-arrastadeiras-em-polpa-de-celulose-2\/#mainImage","width":736,"height":736},"primaryImageOfPage":{"@id":"https:\/\/fisio-shop.pt\/?product=maceradora-de-arrastadeiras-em-polpa-de-celulose-2#mainImage"},"datePublished":"2019-12-17T17:23:41+00:00","dateModified":"2026-02-25T20:04:50+00:00"},{"@type":"WebSite","@id":"https:\/\/fisio-shop.pt\/#website","url":"https:\/\/fisio-shop.pt\/","name":"Fisio-shop","description":"Empresa especializada na distribui\u00e7\u00e3o de equipamentos profissionais para os mercados da Fisioterapia, Geriatria, Fitness e Medicina Desportiva.","inLanguage":"pt-PT","publisher":{"@id":"https:\/\/fisio-shop.pt\/#organization"}}]},"og:locale":"pt_PT","og:site_name":"Fisio-shop - Empresa especializada na distribui\u00e7\u00e3o de equipamentos profissionais para os mercados da Fisioterapia, Geriatria, Fitness e Medicina Desportiva.","og:type":"article","og:title":"MACERADORA DE ARRASTADEIRAS EM POLPA DE CELULOSE - Fisio-shop","og:description":"Maceradora de arrastadeiras em polpa de celulose de grande capacidade.","og:url":"https:\/\/fisio-shop.pt\/?product=maceradora-de-arrastadeiras-em-polpa-de-celulose-2","og:image":"https:\/\/fisio-shop.pt\/wp-content\/uploads\/2026\/04\/android-chrome-192x192-1.png","og:image:secure_url":"https:\/\/fisio-shop.pt\/wp-content\/uploads\/2026\/04\/android-chrome-192x192-1.png","article:published_time":"2019-12-17T17:23:41+00:00","article:modified_time":"2026-02-25T20:04:50+00:00","article:publisher":"https:\/\/www.facebook.com\/p\/Fisioshop-Comrcio-de-Equipamentos-Lda-100036934916130\/","twitter:card":"summary_large_image","twitter:title":"MACERADORA DE ARRASTADEIRAS EM POLPA DE CELULOSE - Fisio-shop","twitter:description":"Maceradora de arrastadeiras em polpa de celulose de grande capacidade.","twitter:image":"https:\/\/fisio-shop.pt\/wp-content\/uploads\/2026\/04\/android-chrome-192x192-1.png"},"aioseo_meta_data":{"post_id":"10138","title":null,"description":null,"keywords":null,"keyphrases":null,"primary_term":null,"canonical_url":null,"og_title":null,"og_description":null,"og_object_type":"default","og_image_type":"default","og_image_url":null,"og_image_width":null,"og_image_height":null,"og_image_custom_url":null,"og_image_custom_fields":null,"og_video":null,"og_custom_url":null,"og_article_section":null,"og_article_tags":null,"twitter_use_og":false,"twitter_card":"default","twitter_image_type":"default","twitter_image_url":null,"twitter_image_custom_url":null,"twitter_image_custom_fields":null,"twitter_title":null,"twitter_description":null,"schema":{"blockGraphs":[],"customGraphs":[],"default":{"data":{"Article":[],"Course":[],"Dataset":[],"FAQPage":[],"Movie":[],"Person":[],"Product":[],"ProductReview":[],"Car":[],"Recipe":[],"Service":[],"SoftwareApplication":[],"WebPage":[]},"graphName":"","isEnabled":true},"graphs":[]},"schema_type":"default","schema_type_options":null,"pillar_content":false,"robots_default":true,"robots_noindex":false,"robots_noarchive":false,"robots_nosnippet":false,"robots_nofollow":false,"robots_noimageindex":false,"robots_noodp":false,"robots_notranslate":false,"robots_max_snippet":null,"robots_max_videopreview":null,"robots_max_imagepreview":"large","priority":null,"frequency":null,"local_seo":null,"seo_analyzer_scan_date":"2026-04-18 08:50:41","breadcrumb_settings":null,"limit_modified_date":false,"open_ai":null,"ai":null,"created":"2026-04-18 07:02:19","updated":"2026-04-18 22:30:33"},"aioseo_breadcrumb":"<div class=\"aioseo-breadcrumbs\"><span class=\"aioseo-breadcrumb\">\n\t<a href=\"https:\/\/fisio-shop.pt\" title=\"Home\">Home<\/a>\n<\/span><span class=\"aioseo-breadcrumb-separator\">\u00bb<\/span><span class=\"aioseo-breadcrumb\">\n\t<a href=\"https:\/\/fisio-shop.pt\/?page_id=5\" title=\"Loja\">Loja<\/a>\n<\/span><span class=\"aioseo-breadcrumb-separator\">\u00bb<\/span><span class=\"aioseo-breadcrumb\">\n\t<a href=\"https:\/\/fisio-shop.pt\/?product_cat=geriatria\" title=\"Geriatria\">Geriatria<\/a>\n<\/span><span class=\"aioseo-breadcrumb-separator\">\u00bb<\/span><span class=\"aioseo-breadcrumb\">\n\t<a href=\"https:\/\/fisio-shop.pt\/?product_cat=salas-de-sujos-limpos-e-arrumos\" title=\"Salas de sujos, limpos e arrumos\">Salas de sujos, limpos e arrumos<\/a>\n<\/span><span class=\"aioseo-breadcrumb-separator\">\u00bb<\/span><span class=\"aioseo-breadcrumb\">\n\t<a href=\"https:\/\/fisio-shop.pt\/?product_cat=maceradora-de-arrastadeiras\" title=\"Maceradora de arrastadeiras\">Maceradora de arrastadeiras<\/a>\n<\/span><span class=\"aioseo-breadcrumb-separator\">\u00bb<\/span><span class=\"aioseo-breadcrumb\">\n\tMACERADORA DE ARRASTADEIRAS EM POLPA DE CELULOSE\n<\/span><\/div>","aioseo_breadcrumb_json":[{"label":"Home","link":"https:\/\/fisio-shop.pt"},{"label":"Loja","link":"https:\/\/fisio-shop.pt\/?page_id=5"},{"label":"Geriatria","link":"https:\/\/fisio-shop.pt\/?product_cat=geriatria"},{"label":"Salas de sujos, limpos e arrumos","link":"https:\/\/fisio-shop.pt\/?product_cat=salas-de-sujos-limpos-e-arrumos"},{"label":"Maceradora de arrastadeiras","link":"https:\/\/fisio-shop.pt\/?product_cat=maceradora-de-arrastadeiras"},{"label":"MACERADORA DE ARRASTADEIRAS EM POLPA DE CELULOSE","link":"https:\/\/fisio-shop.pt\/?product=maceradora-de-arrastadeiras-em-polpa-de-celulose-2"}],"_links":{"self":[{"href":"https:\/\/fisio-shop.pt\/index.php?rest_route=\/wp\/v2\/product\/10138","targetHints":{"allow":["GET"]}}],"collection":[{"href":"https:\/\/fisio-shop.pt\/index.php?rest_route=\/wp\/v2\/product"}],"about":[{"href":"https:\/\/fisio-shop.pt\/index.php?rest_route=\/wp\/v2\/types\/product"}],"replies":[{"embeddable":true,"href":"https:\/\/fisio-shop.pt\/index.php?rest_route=%2Fwp%2Fv2%2Fcomments&post=10138"}],"version-history":[{"count":0,"href":"https:\/\/fisio-shop.pt\/index.php?rest_route=\/wp\/v2\/product\/10138\/revisions"}],"wp:featuredmedia":[{"embeddable":true,"href":"https:\/\/fisio-shop.pt\/index.php?rest_route=\/wp\/v2\/media\/12404"}],"wp:attachment":[{"href":"https:\/\/fisio-shop.pt\/index.php?rest_route=%2Fwp%2Fv2%2Fmedia&parent=10138"}],"wp:term":[{"taxonomy":"product_brand","embeddable":true,"href":"https:\/\/fisio-shop.pt\/index.php?rest_route=%2Fwp%2Fv2%2Fproduct_brand&post=10138"},{"taxonomy":"product_cat","embeddable":true,"href":"https:\/\/fisio-shop.pt\/index.php?rest_route=%2Fwp%2Fv2%2Fproduct_cat&post=10138"},{"taxonomy":"product_tag","embeddable":true,"href":"https:\/\/fisio-shop.pt\/index.php?rest_route=%2Fwp%2Fv2%2Fproduct_tag&post=10138"}],"curies":[{"name":"wp","href":"https:\/\/api.w.org\/{rel}","templated":true}]}}