{"id":10162,"date":"2020-04-01T14:48:44","date_gmt":"2020-04-01T14:48:44","guid":{"rendered":"https:\/\/fisio-shop.pt\/loja\/termometro-por-infravermelhos\/"},"modified":"2026-02-25T20:04:57","modified_gmt":"2026-02-25T20:04:57","slug":"termometro-por-infravermelhos","status":"publish","type":"product","link":"https:\/\/fisio-shop.pt\/?product=termometro-por-infravermelhos","title":{"rendered":"TERM\u00d3METRO POR INFRAVERMELHOS"},"content":{"rendered":"<p>Term\u00f3metro infravermelho para medir a temperatura do corpo sendo adequado para unidades m\u00e9dicas e uso dom\u00e9stico.<\/p>\n<p><strong>Medi\u00e7\u00e3o:<\/strong><\/p>\n<ul>\n<li>Temperatura do ouvido;<\/li>\n<li>Temperatura da testa.<\/li>\n<\/ul>\n<p><strong>Caracter\u00edsticas:<\/strong><strong>\u00a0<\/strong><\/p>\n<ul>\n<li>Medi\u00e7\u00e3o r\u00e1pida e precisa da temperatura por avan\u00e7ada tecnologia infravermelho;<\/li>\n<li>Valores de medi\u00e7\u00e3o entre: 34.0 \u00b0 C ~ 43.0 \u00b0 C;<\/li>\n<li>Precis\u00e3o: &lt;35.0\u00b0C e &gt;42.0\u00b0C = \u00b10.3\u00b0C;<\/li>\n<li>0\u00b0C~42.0\u00b0C = \u00b10.2\u00b0C.<\/li>\n<\/ul>\n<p><strong>Ecr\u00e3 retro iluminado tricolor:<\/strong><\/p>\n<ul>\n<li>\u226437.5\u00b0C = Verde<\/li>\n<li>6\u00b0C~38.0\u00b0C = Amarelo<\/li>\n<li>\u226538.1\u00b0C = Vermelho<\/li>\n<\/ul>\n<ul>\n<li>Modo de mem\u00f3ria;<\/li>\n<li>Adequado para beb\u00e9s e adultos;<\/li>\n<li>F\u00e1cil opera\u00e7\u00e3o e limpeza;<\/li>\n<li>Desliga autom\u00e1tico ap\u00f3s 60 segundos;<\/li>\n<li>2 pilhas alcalinas AAA.<\/li>\n<\/ul>\n","protected":false},"excerpt":{"rendered":"<p>Term\u00f3metro infravermelho.<\/p>\n<p>&nbsp;<\/p>\n","protected":false},"featured_media":12432,"comment_status":"open","ping_status":"closed","template":"","meta":{"rs_blank_template":"","rs_page_bg_color":"","slide_template_v7":""},"product_brand":[],"product_cat":[1487,1492,1497,1498,1397,1556,1398,1557,1400,1560,1460,1812,1461,1813,1465,1468],"product_tag":[983,984],"class_list":{"0":"post-10162","1":"product","2":"type-product","3":"status-publish","4":"has-post-thumbnail","6":"product_cat-especialidades-medicas","7":"product_cat-cardiologia","8":"product_cat-espirometria","9":"product_cat-oximetria","10":"product_cat-saude","11":"product_cat-gabinete-medico-e-de-enfermagem","12":"product_cat-geriatria","13":"product_cat-analise-avaliacao-e-diagnostico-gabinete-medico-e-de-enfermagem","14":"product_cat-medicina-fisica-e-desportiva","15":"product_cat-instrumentos-de-diagnostico","16":"product_cat-equipamento-clinico-hospitalar-e-de-enfermagem","17":"product_cat-fisiologia-do-exercicio","18":"product_cat-analise-avaliacao-e-diagnostico","19":"product_cat-sistemas-de-avaliacao-da-funcao-pulmunar-e-nutricional","20":"product_cat-instrumentos-de-diganostico","21":"product_cat-avaliacao","22":"product_tag-infravermelhos","23":"product_tag-termometro","25":"first","26":"onbackorder","27":"shipping-taxable","28":"purchasable","29":"product-type-simple"},"aioseo_notices":[],"etheme_brands":{"errors":{"invalid_taxonomy":["Taxonomia inv\u00e1lida."]},"error_data":[]},"aioseo_head":"\n\t\t<!-- All in One SEO Pro 4.9.0 - aioseo.com -->\n\t<meta name=\"description\" content=\"Term\u00f3metro infravermelho.\" \/>\n\t<meta name=\"robots\" content=\"max-image-preview:large\" \/>\n\t<link rel=\"canonical\" href=\"https:\/\/fisio-shop.pt\/?product=termometro-por-infravermelhos\" \/>\n\t<meta name=\"generator\" content=\"All in One SEO Pro (AIOSEO) 4.9.0\" \/>\n\t\t<meta property=\"og:locale\" content=\"pt_PT\" \/>\n\t\t<meta property=\"og:site_name\" content=\"Fisio-shop - Empresa especializada na distribui\u00e7\u00e3o de equipamentos profissionais para os mercados da Fisioterapia, Geriatria, Fitness e Medicina Desportiva.\" \/>\n\t\t<meta property=\"og:type\" content=\"article\" \/>\n\t\t<meta property=\"og:title\" content=\"TERM\u00d3METRO POR INFRAVERMELHOS - Fisio-shop\" \/>\n\t\t<meta property=\"og:description\" content=\"Term\u00f3metro infravermelho.\" \/>\n\t\t<meta property=\"og:url\" content=\"https:\/\/fisio-shop.pt\/?product=termometro-por-infravermelhos\" \/>\n\t\t<meta property=\"og:image\" content=\"https:\/\/fisio-shop.pt\/wp-content\/uploads\/2026\/04\/android-chrome-192x192-1.png\" \/>\n\t\t<meta property=\"og:image:secure_url\" content=\"https:\/\/fisio-shop.pt\/wp-content\/uploads\/2026\/04\/android-chrome-192x192-1.png\" \/>\n\t\t<meta property=\"article:published_time\" content=\"2020-04-01T14:48:44+00:00\" \/>\n\t\t<meta property=\"article:modified_time\" content=\"2026-02-25T20:04:57+00:00\" \/>\n\t\t<meta property=\"article:publisher\" content=\"https:\/\/www.facebook.com\/p\/Fisioshop-Comrcio-de-Equipamentos-Lda-100036934916130\/\" \/>\n\t\t<meta name=\"twitter:card\" content=\"summary_large_image\" \/>\n\t\t<meta name=\"twitter:title\" content=\"TERM\u00d3METRO POR INFRAVERMELHOS - Fisio-shop\" \/>\n\t\t<meta name=\"twitter:description\" content=\"Term\u00f3metro infravermelho.\" \/>\n\t\t<meta name=\"twitter:image\" content=\"https:\/\/fisio-shop.pt\/wp-content\/uploads\/2026\/04\/android-chrome-192x192-1.png\" \/>\n\t\t<script type=\"application\/ld+json\" class=\"aioseo-schema\">\n\t\t\t{\"@context\":\"https:\\\/\\\/schema.org\",\"@graph\":[{\"@type\":\"BreadcrumbList\",\"@id\":\"https:\\\/\\\/fisio-shop.pt\\\/?product=termometro-por-infravermelhos#breadcrumblist\",\"itemListElement\":[{\"@type\":\"ListItem\",\"@id\":\"https:\\\/\\\/fisio-shop.pt#listItem\",\"position\":1,\"name\":\"Home\",\"item\":\"https:\\\/\\\/fisio-shop.pt\",\"nextItem\":{\"@type\":\"ListItem\",\"@id\":\"https:\\\/\\\/fisio-shop.pt\\\/?page_id=5#listItem\",\"name\":\"Loja\"}},{\"@type\":\"ListItem\",\"@id\":\"https:\\\/\\\/fisio-shop.pt\\\/?page_id=5#listItem\",\"position\":2,\"name\":\"Loja\",\"item\":\"https:\\\/\\\/fisio-shop.pt\\\/?page_id=5\",\"nextItem\":{\"@type\":\"ListItem\",\"@id\":\"https:\\\/\\\/fisio-shop.pt\\\/?product_cat=saude#listItem\",\"name\":\"Sa\\u00fade\"},\"previousItem\":{\"@type\":\"ListItem\",\"@id\":\"https:\\\/\\\/fisio-shop.pt#listItem\",\"name\":\"Home\"}},{\"@type\":\"ListItem\",\"@id\":\"https:\\\/\\\/fisio-shop.pt\\\/?product_cat=saude#listItem\",\"position\":3,\"name\":\"Sa\\u00fade\",\"item\":\"https:\\\/\\\/fisio-shop.pt\\\/?product_cat=saude\",\"nextItem\":{\"@type\":\"ListItem\",\"@id\":\"https:\\\/\\\/fisio-shop.pt\\\/?product_cat=equipamento-clinico-hospitalar-e-de-enfermagem#listItem\",\"name\":\"Equipamento cl\\u00ednico, hospitalar e de enfermagem\"},\"previousItem\":{\"@type\":\"ListItem\",\"@id\":\"https:\\\/\\\/fisio-shop.pt\\\/?page_id=5#listItem\",\"name\":\"Loja\"}},{\"@type\":\"ListItem\",\"@id\":\"https:\\\/\\\/fisio-shop.pt\\\/?product_cat=equipamento-clinico-hospitalar-e-de-enfermagem#listItem\",\"position\":4,\"name\":\"Equipamento cl\\u00ednico, hospitalar e de enfermagem\",\"item\":\"https:\\\/\\\/fisio-shop.pt\\\/?product_cat=equipamento-clinico-hospitalar-e-de-enfermagem\",\"nextItem\":{\"@type\":\"ListItem\",\"@id\":\"https:\\\/\\\/fisio-shop.pt\\\/?product_cat=analise-avaliacao-e-diagnostico#listItem\",\"name\":\"An\\u00e1lise, avalia\\u00e7\\u00e3o e diagn\\u00f3stico\"},\"previousItem\":{\"@type\":\"ListItem\",\"@id\":\"https:\\\/\\\/fisio-shop.pt\\\/?product_cat=saude#listItem\",\"name\":\"Sa\\u00fade\"}},{\"@type\":\"ListItem\",\"@id\":\"https:\\\/\\\/fisio-shop.pt\\\/?product_cat=analise-avaliacao-e-diagnostico#listItem\",\"position\":5,\"name\":\"An\\u00e1lise, avalia\\u00e7\\u00e3o e diagn\\u00f3stico\",\"item\":\"https:\\\/\\\/fisio-shop.pt\\\/?product_cat=analise-avaliacao-e-diagnostico\",\"nextItem\":{\"@type\":\"ListItem\",\"@id\":\"https:\\\/\\\/fisio-shop.pt\\\/?product_cat=instrumentos-de-diganostico#listItem\",\"name\":\"Instrumentos de diagn\\u00f3stico\"},\"previousItem\":{\"@type\":\"ListItem\",\"@id\":\"https:\\\/\\\/fisio-shop.pt\\\/?product_cat=equipamento-clinico-hospitalar-e-de-enfermagem#listItem\",\"name\":\"Equipamento cl\\u00ednico, hospitalar e de enfermagem\"}},{\"@type\":\"ListItem\",\"@id\":\"https:\\\/\\\/fisio-shop.pt\\\/?product_cat=instrumentos-de-diganostico#listItem\",\"position\":6,\"name\":\"Instrumentos de diagn\\u00f3stico\",\"item\":\"https:\\\/\\\/fisio-shop.pt\\\/?product_cat=instrumentos-de-diganostico\",\"nextItem\":{\"@type\":\"ListItem\",\"@id\":\"https:\\\/\\\/fisio-shop.pt\\\/?product=termometro-por-infravermelhos#listItem\",\"name\":\"TERM\\u00d3METRO POR INFRAVERMELHOS\"},\"previousItem\":{\"@type\":\"ListItem\",\"@id\":\"https:\\\/\\\/fisio-shop.pt\\\/?product_cat=analise-avaliacao-e-diagnostico#listItem\",\"name\":\"An\\u00e1lise, avalia\\u00e7\\u00e3o e diagn\\u00f3stico\"}},{\"@type\":\"ListItem\",\"@id\":\"https:\\\/\\\/fisio-shop.pt\\\/?product=termometro-por-infravermelhos#listItem\",\"position\":7,\"name\":\"TERM\\u00d3METRO POR INFRAVERMELHOS\",\"previousItem\":{\"@type\":\"ListItem\",\"@id\":\"https:\\\/\\\/fisio-shop.pt\\\/?product_cat=instrumentos-de-diganostico#listItem\",\"name\":\"Instrumentos de diagn\\u00f3stico\"}}]},{\"@type\":\"Organization\",\"@id\":\"https:\\\/\\\/fisio-shop.pt\\\/#organization\",\"name\":\"Fisio-shop\",\"description\":\"Empresa especializada na distribui\\u00e7\\u00e3o de equipamentos profissionais para os mercados da Fisioterapia, Geriatria, Fitness e Medicina Desportiva. Empresa especializada na distribui\\u00e7\\u00e3o de equipamentos profissionais para os mercados da Fisioterapia, Geriatria, Fitness e Medicina Desportiva.\",\"url\":\"https:\\\/\\\/fisio-shop.pt\\\/\",\"logo\":{\"@type\":\"ImageObject\",\"url\":\"https:\\\/\\\/fisio-shop.pt\\\/wp-content\\\/uploads\\\/2026\\\/04\\\/android-chrome-192x192-1.png\",\"@id\":\"https:\\\/\\\/fisio-shop.pt\\\/?product=termometro-por-infravermelhos\\\/#organizationLogo\"},\"image\":{\"@id\":\"https:\\\/\\\/fisio-shop.pt\\\/?product=termometro-por-infravermelhos\\\/#organizationLogo\"},\"sameAs\":[\"https:\\\/\\\/www.facebook.com\\\/p\\\/Fisioshop-Comrcio-de-Equipamentos-Lda-100036934916130\\\/\"]},{\"@type\":\"Product\",\"@id\":\"https:\\\/\\\/fisio-shop.pt\\\/?product=termometro-por-infravermelhos#wooCommerceProduct\",\"name\":\"TERM\\u00d3METRO POR INFRAVERMELHOS\",\"description\":\"Term\\u00f3metro infravermelho.\\n\\n&nbsp;\",\"url\":\"https:\\\/\\\/fisio-shop.pt\\\/?product=termometro-por-infravermelhos\",\"sku\":\"08-070301\",\"image\":{\"@type\":\"ImageObject\",\"url\":\"https:\\\/\\\/fisio-shop.pt\\\/wp-content\\\/uploads\\\/2026\\\/02\\\/termometro-1.jpg\",\"@id\":\"https:\\\/\\\/fisio-shop.pt\\\/?product=termometro-por-infravermelhos\\\/#productImage\",\"width\":564,\"height\":367},\"offers\":{\"@type\":\"Offer\",\"url\":\"https:\\\/\\\/fisio-shop.pt\\\/?product=termometro-por-infravermelhos#wooCommerceOffer\",\"price\":49.2,\"priceCurrency\":\"EUR\",\"category\":\"Sistemas de avalia\\u00e7\\u00e3o da fun\\u00e7\\u00e3o pulmonar e nutricional\",\"availability\":\"https:\\\/\\\/schema.org\\\/PreOrder\",\"priceSpecification\":{\"@type\":\"PriceSpecification\",\"price\":49.2,\"priceCurrency\":\"EUR\",\"valueAddedTaxIncluded\":\"true\"},\"seller\":{\"@type\":\"Organization\",\"@id\":\"https:\\\/\\\/fisio-shop.pt\\\/#organization\"}}},{\"@type\":\"WebPage\",\"@id\":\"https:\\\/\\\/fisio-shop.pt\\\/?product=termometro-por-infravermelhos#webpage\",\"url\":\"https:\\\/\\\/fisio-shop.pt\\\/?product=termometro-por-infravermelhos\",\"name\":\"TERM\\u00d3METRO POR INFRAVERMELHOS - Fisio-shop\",\"description\":\"Term\\u00f3metro infravermelho.\",\"inLanguage\":\"pt-PT\",\"isPartOf\":{\"@id\":\"https:\\\/\\\/fisio-shop.pt\\\/#website\"},\"breadcrumb\":{\"@id\":\"https:\\\/\\\/fisio-shop.pt\\\/?product=termometro-por-infravermelhos#breadcrumblist\"},\"image\":{\"@type\":\"ImageObject\",\"url\":\"https:\\\/\\\/fisio-shop.pt\\\/wp-content\\\/uploads\\\/2026\\\/02\\\/termometro-1.jpg\",\"@id\":\"https:\\\/\\\/fisio-shop.pt\\\/?product=termometro-por-infravermelhos\\\/#mainImage\",\"width\":564,\"height\":367},\"primaryImageOfPage\":{\"@id\":\"https:\\\/\\\/fisio-shop.pt\\\/?product=termometro-por-infravermelhos#mainImage\"},\"datePublished\":\"2020-04-01T14:48:44+00:00\",\"dateModified\":\"2026-02-25T20:04:57+00:00\"},{\"@type\":\"WebSite\",\"@id\":\"https:\\\/\\\/fisio-shop.pt\\\/#website\",\"url\":\"https:\\\/\\\/fisio-shop.pt\\\/\",\"name\":\"Fisio-shop\",\"description\":\"Empresa especializada na distribui\\u00e7\\u00e3o de equipamentos profissionais para os mercados da Fisioterapia, Geriatria, Fitness e Medicina Desportiva.\",\"inLanguage\":\"pt-PT\",\"publisher\":{\"@id\":\"https:\\\/\\\/fisio-shop.pt\\\/#organization\"}}]}\n\t\t<\/script>\n\t\t<!-- All in One SEO Pro -->\r\n\t\t<title>TERM\u00d3METRO POR INFRAVERMELHOS - Fisio-shop<\/title>\n\n","aioseo_head_json":{"title":"TERM\u00d3METRO POR INFRAVERMELHOS - Fisio-shop","description":"Term\u00f3metro infravermelho.","canonical_url":"https:\/\/fisio-shop.pt\/?product=termometro-por-infravermelhos","robots":"max-image-preview:large","keywords":"","webmasterTools":{"miscellaneous":""},"schema":{"@context":"https:\/\/schema.org","@graph":[{"@type":"BreadcrumbList","@id":"https:\/\/fisio-shop.pt\/?product=termometro-por-infravermelhos#breadcrumblist","itemListElement":[{"@type":"ListItem","@id":"https:\/\/fisio-shop.pt#listItem","position":1,"name":"Home","item":"https:\/\/fisio-shop.pt","nextItem":{"@type":"ListItem","@id":"https:\/\/fisio-shop.pt\/?page_id=5#listItem","name":"Loja"}},{"@type":"ListItem","@id":"https:\/\/fisio-shop.pt\/?page_id=5#listItem","position":2,"name":"Loja","item":"https:\/\/fisio-shop.pt\/?page_id=5","nextItem":{"@type":"ListItem","@id":"https:\/\/fisio-shop.pt\/?product_cat=saude#listItem","name":"Sa\u00fade"},"previousItem":{"@type":"ListItem","@id":"https:\/\/fisio-shop.pt#listItem","name":"Home"}},{"@type":"ListItem","@id":"https:\/\/fisio-shop.pt\/?product_cat=saude#listItem","position":3,"name":"Sa\u00fade","item":"https:\/\/fisio-shop.pt\/?product_cat=saude","nextItem":{"@type":"ListItem","@id":"https:\/\/fisio-shop.pt\/?product_cat=equipamento-clinico-hospitalar-e-de-enfermagem#listItem","name":"Equipamento cl\u00ednico, hospitalar e de enfermagem"},"previousItem":{"@type":"ListItem","@id":"https:\/\/fisio-shop.pt\/?page_id=5#listItem","name":"Loja"}},{"@type":"ListItem","@id":"https:\/\/fisio-shop.pt\/?product_cat=equipamento-clinico-hospitalar-e-de-enfermagem#listItem","position":4,"name":"Equipamento cl\u00ednico, hospitalar e de enfermagem","item":"https:\/\/fisio-shop.pt\/?product_cat=equipamento-clinico-hospitalar-e-de-enfermagem","nextItem":{"@type":"ListItem","@id":"https:\/\/fisio-shop.pt\/?product_cat=analise-avaliacao-e-diagnostico#listItem","name":"An\u00e1lise, avalia\u00e7\u00e3o e diagn\u00f3stico"},"previousItem":{"@type":"ListItem","@id":"https:\/\/fisio-shop.pt\/?product_cat=saude#listItem","name":"Sa\u00fade"}},{"@type":"ListItem","@id":"https:\/\/fisio-shop.pt\/?product_cat=analise-avaliacao-e-diagnostico#listItem","position":5,"name":"An\u00e1lise, avalia\u00e7\u00e3o e diagn\u00f3stico","item":"https:\/\/fisio-shop.pt\/?product_cat=analise-avaliacao-e-diagnostico","nextItem":{"@type":"ListItem","@id":"https:\/\/fisio-shop.pt\/?product_cat=instrumentos-de-diganostico#listItem","name":"Instrumentos de diagn\u00f3stico"},"previousItem":{"@type":"ListItem","@id":"https:\/\/fisio-shop.pt\/?product_cat=equipamento-clinico-hospitalar-e-de-enfermagem#listItem","name":"Equipamento cl\u00ednico, hospitalar e de enfermagem"}},{"@type":"ListItem","@id":"https:\/\/fisio-shop.pt\/?product_cat=instrumentos-de-diganostico#listItem","position":6,"name":"Instrumentos de diagn\u00f3stico","item":"https:\/\/fisio-shop.pt\/?product_cat=instrumentos-de-diganostico","nextItem":{"@type":"ListItem","@id":"https:\/\/fisio-shop.pt\/?product=termometro-por-infravermelhos#listItem","name":"TERM\u00d3METRO POR INFRAVERMELHOS"},"previousItem":{"@type":"ListItem","@id":"https:\/\/fisio-shop.pt\/?product_cat=analise-avaliacao-e-diagnostico#listItem","name":"An\u00e1lise, avalia\u00e7\u00e3o e diagn\u00f3stico"}},{"@type":"ListItem","@id":"https:\/\/fisio-shop.pt\/?product=termometro-por-infravermelhos#listItem","position":7,"name":"TERM\u00d3METRO POR INFRAVERMELHOS","previousItem":{"@type":"ListItem","@id":"https:\/\/fisio-shop.pt\/?product_cat=instrumentos-de-diganostico#listItem","name":"Instrumentos de diagn\u00f3stico"}}]},{"@type":"Organization","@id":"https:\/\/fisio-shop.pt\/#organization","name":"Fisio-shop","description":"Empresa especializada na distribui\u00e7\u00e3o de equipamentos profissionais para os mercados da Fisioterapia, Geriatria, Fitness e Medicina Desportiva. Empresa especializada na distribui\u00e7\u00e3o de equipamentos profissionais para os mercados da Fisioterapia, Geriatria, Fitness e Medicina Desportiva.","url":"https:\/\/fisio-shop.pt\/","logo":{"@type":"ImageObject","url":"https:\/\/fisio-shop.pt\/wp-content\/uploads\/2026\/04\/android-chrome-192x192-1.png","@id":"https:\/\/fisio-shop.pt\/?product=termometro-por-infravermelhos\/#organizationLogo"},"image":{"@id":"https:\/\/fisio-shop.pt\/?product=termometro-por-infravermelhos\/#organizationLogo"},"sameAs":["https:\/\/www.facebook.com\/p\/Fisioshop-Comrcio-de-Equipamentos-Lda-100036934916130\/"]},{"@type":"Product","@id":"https:\/\/fisio-shop.pt\/?product=termometro-por-infravermelhos#wooCommerceProduct","name":"TERM\u00d3METRO POR INFRAVERMELHOS","description":"Term\u00f3metro infravermelho.\n\n&nbsp;","url":"https:\/\/fisio-shop.pt\/?product=termometro-por-infravermelhos","sku":"08-070301","image":{"@type":"ImageObject","url":"https:\/\/fisio-shop.pt\/wp-content\/uploads\/2026\/02\/termometro-1.jpg","@id":"https:\/\/fisio-shop.pt\/?product=termometro-por-infravermelhos\/#productImage","width":564,"height":367},"offers":{"@type":"Offer","url":"https:\/\/fisio-shop.pt\/?product=termometro-por-infravermelhos#wooCommerceOffer","price":49.2,"priceCurrency":"EUR","category":"Sistemas de avalia\u00e7\u00e3o da fun\u00e7\u00e3o pulmonar e nutricional","availability":"https:\/\/schema.org\/PreOrder","priceSpecification":{"@type":"PriceSpecification","price":49.2,"priceCurrency":"EUR","valueAddedTaxIncluded":"true"},"seller":{"@type":"Organization","@id":"https:\/\/fisio-shop.pt\/#organization"}}},{"@type":"WebPage","@id":"https:\/\/fisio-shop.pt\/?product=termometro-por-infravermelhos#webpage","url":"https:\/\/fisio-shop.pt\/?product=termometro-por-infravermelhos","name":"TERM\u00d3METRO POR INFRAVERMELHOS - Fisio-shop","description":"Term\u00f3metro infravermelho.","inLanguage":"pt-PT","isPartOf":{"@id":"https:\/\/fisio-shop.pt\/#website"},"breadcrumb":{"@id":"https:\/\/fisio-shop.pt\/?product=termometro-por-infravermelhos#breadcrumblist"},"image":{"@type":"ImageObject","url":"https:\/\/fisio-shop.pt\/wp-content\/uploads\/2026\/02\/termometro-1.jpg","@id":"https:\/\/fisio-shop.pt\/?product=termometro-por-infravermelhos\/#mainImage","width":564,"height":367},"primaryImageOfPage":{"@id":"https:\/\/fisio-shop.pt\/?product=termometro-por-infravermelhos#mainImage"},"datePublished":"2020-04-01T14:48:44+00:00","dateModified":"2026-02-25T20:04:57+00:00"},{"@type":"WebSite","@id":"https:\/\/fisio-shop.pt\/#website","url":"https:\/\/fisio-shop.pt\/","name":"Fisio-shop","description":"Empresa especializada na distribui\u00e7\u00e3o de equipamentos profissionais para os mercados da Fisioterapia, Geriatria, Fitness e Medicina Desportiva.","inLanguage":"pt-PT","publisher":{"@id":"https:\/\/fisio-shop.pt\/#organization"}}]},"og:locale":"pt_PT","og:site_name":"Fisio-shop - Empresa especializada na distribui\u00e7\u00e3o de equipamentos profissionais para os mercados da Fisioterapia, Geriatria, Fitness e Medicina Desportiva.","og:type":"article","og:title":"TERM\u00d3METRO POR INFRAVERMELHOS - Fisio-shop","og:description":"Term\u00f3metro infravermelho.","og:url":"https:\/\/fisio-shop.pt\/?product=termometro-por-infravermelhos","og:image":"https:\/\/fisio-shop.pt\/wp-content\/uploads\/2026\/04\/android-chrome-192x192-1.png","og:image:secure_url":"https:\/\/fisio-shop.pt\/wp-content\/uploads\/2026\/04\/android-chrome-192x192-1.png","article:published_time":"2020-04-01T14:48:44+00:00","article:modified_time":"2026-02-25T20:04:57+00:00","article:publisher":"https:\/\/www.facebook.com\/p\/Fisioshop-Comrcio-de-Equipamentos-Lda-100036934916130\/","twitter:card":"summary_large_image","twitter:title":"TERM\u00d3METRO POR INFRAVERMELHOS - Fisio-shop","twitter:description":"Term\u00f3metro infravermelho.","twitter:image":"https:\/\/fisio-shop.pt\/wp-content\/uploads\/2026\/04\/android-chrome-192x192-1.png"},"aioseo_meta_data":{"post_id":"10162","title":null,"description":null,"keywords":null,"keyphrases":null,"primary_term":null,"canonical_url":null,"og_title":null,"og_description":null,"og_object_type":"default","og_image_type":"default","og_image_url":null,"og_image_width":null,"og_image_height":null,"og_image_custom_url":null,"og_image_custom_fields":null,"og_video":null,"og_custom_url":null,"og_article_section":null,"og_article_tags":null,"twitter_use_og":false,"twitter_card":"default","twitter_image_type":"default","twitter_image_url":null,"twitter_image_custom_url":null,"twitter_image_custom_fields":null,"twitter_title":null,"twitter_description":null,"schema":{"blockGraphs":[],"customGraphs":[],"default":{"data":{"Article":[],"Course":[],"Dataset":[],"FAQPage":[],"Movie":[],"Person":[],"Product":[],"ProductReview":[],"Car":[],"Recipe":[],"Service":[],"SoftwareApplication":[],"WebPage":[]},"graphName":"","isEnabled":true},"graphs":[]},"schema_type":"default","schema_type_options":null,"pillar_content":false,"robots_default":true,"robots_noindex":false,"robots_noarchive":false,"robots_nosnippet":false,"robots_nofollow":false,"robots_noimageindex":false,"robots_noodp":false,"robots_notranslate":false,"robots_max_snippet":null,"robots_max_videopreview":null,"robots_max_imagepreview":"large","priority":null,"frequency":null,"local_seo":null,"seo_analyzer_scan_date":"2026-04-18 08:47:04","breadcrumb_settings":null,"limit_modified_date":false,"open_ai":null,"ai":null,"created":"2026-04-18 07:02:19","updated":"2026-04-18 22:31:52"},"aioseo_breadcrumb":"<div class=\"aioseo-breadcrumbs\"><span class=\"aioseo-breadcrumb\">\n\t<a href=\"https:\/\/fisio-shop.pt\" title=\"Home\">Home<\/a>\n<\/span><span class=\"aioseo-breadcrumb-separator\">\u00bb<\/span><span class=\"aioseo-breadcrumb\">\n\t<a href=\"https:\/\/fisio-shop.pt\/?page_id=5\" title=\"Loja\">Loja<\/a>\n<\/span><span class=\"aioseo-breadcrumb-separator\">\u00bb<\/span><span class=\"aioseo-breadcrumb\">\n\t<a href=\"https:\/\/fisio-shop.pt\/?product_cat=saude\" title=\"Sa\u00fade\">Sa\u00fade<\/a>\n<\/span><span class=\"aioseo-breadcrumb-separator\">\u00bb<\/span><span class=\"aioseo-breadcrumb\">\n\t<a href=\"https:\/\/fisio-shop.pt\/?product_cat=equipamento-clinico-hospitalar-e-de-enfermagem\" title=\"Equipamento cl\u00ednico, hospitalar e de enfermagem\">Equipamento cl\u00ednico, hospitalar e de enfermagem<\/a>\n<\/span><span class=\"aioseo-breadcrumb-separator\">\u00bb<\/span><span class=\"aioseo-breadcrumb\">\n\t<a href=\"https:\/\/fisio-shop.pt\/?product_cat=analise-avaliacao-e-diagnostico\" title=\"An\u00e1lise, avalia\u00e7\u00e3o e diagn\u00f3stico\">An\u00e1lise, avalia\u00e7\u00e3o e diagn\u00f3stico<\/a>\n<\/span><span class=\"aioseo-breadcrumb-separator\">\u00bb<\/span><span class=\"aioseo-breadcrumb\">\n\t<a href=\"https:\/\/fisio-shop.pt\/?product_cat=instrumentos-de-diganostico\" title=\"Instrumentos de diagn\u00f3stico\">Instrumentos de diagn\u00f3stico<\/a>\n<\/span><span class=\"aioseo-breadcrumb-separator\">\u00bb<\/span><span class=\"aioseo-breadcrumb\">\n\tTERM\u00d3METRO POR INFRAVERMELHOS\n<\/span><\/div>","aioseo_breadcrumb_json":[{"label":"Home","link":"https:\/\/fisio-shop.pt"},{"label":"Loja","link":"https:\/\/fisio-shop.pt\/?page_id=5"},{"label":"Sa\u00fade","link":"https:\/\/fisio-shop.pt\/?product_cat=saude"},{"label":"Equipamento cl\u00ednico, hospitalar e de enfermagem","link":"https:\/\/fisio-shop.pt\/?product_cat=equipamento-clinico-hospitalar-e-de-enfermagem"},{"label":"An\u00e1lise, avalia\u00e7\u00e3o e diagn\u00f3stico","link":"https:\/\/fisio-shop.pt\/?product_cat=analise-avaliacao-e-diagnostico"},{"label":"Instrumentos de diagn\u00f3stico","link":"https:\/\/fisio-shop.pt\/?product_cat=instrumentos-de-diganostico"},{"label":"TERM\u00d3METRO POR INFRAVERMELHOS","link":"https:\/\/fisio-shop.pt\/?product=termometro-por-infravermelhos"}],"_links":{"self":[{"href":"https:\/\/fisio-shop.pt\/index.php?rest_route=\/wp\/v2\/product\/10162","targetHints":{"allow":["GET"]}}],"collection":[{"href":"https:\/\/fisio-shop.pt\/index.php?rest_route=\/wp\/v2\/product"}],"about":[{"href":"https:\/\/fisio-shop.pt\/index.php?rest_route=\/wp\/v2\/types\/product"}],"replies":[{"embeddable":true,"href":"https:\/\/fisio-shop.pt\/index.php?rest_route=%2Fwp%2Fv2%2Fcomments&post=10162"}],"version-history":[{"count":0,"href":"https:\/\/fisio-shop.pt\/index.php?rest_route=\/wp\/v2\/product\/10162\/revisions"}],"wp:featuredmedia":[{"embeddable":true,"href":"https:\/\/fisio-shop.pt\/index.php?rest_route=\/wp\/v2\/media\/12432"}],"wp:attachment":[{"href":"https:\/\/fisio-shop.pt\/index.php?rest_route=%2Fwp%2Fv2%2Fmedia&parent=10162"}],"wp:term":[{"taxonomy":"product_brand","embeddable":true,"href":"https:\/\/fisio-shop.pt\/index.php?rest_route=%2Fwp%2Fv2%2Fproduct_brand&post=10162"},{"taxonomy":"product_cat","embeddable":true,"href":"https:\/\/fisio-shop.pt\/index.php?rest_route=%2Fwp%2Fv2%2Fproduct_cat&post=10162"},{"taxonomy":"product_tag","embeddable":true,"href":"https:\/\/fisio-shop.pt\/index.php?rest_route=%2Fwp%2Fv2%2Fproduct_tag&post=10162"}],"curies":[{"name":"wp","href":"https:\/\/api.w.org\/{rel}","templated":true}]}}