{"id":10170,"date":"2020-04-24T16:09:37","date_gmt":"2020-04-24T16:09:37","guid":{"rendered":"https:\/\/fisio-shop.pt\/loja\/cama-hospitalar-electrica\/"},"modified":"2026-02-25T20:04:58","modified_gmt":"2026-02-25T20:04:58","slug":"cama-hospitalar-electrica","status":"publish","type":"product","link":"https:\/\/fisio-shop.pt\/?product=cama-hospitalar-electrica","title":{"rendered":"CAMA HOSPITALAR EL\u00c9CTRICA"},"content":{"rendered":"<p>Cama hospitalar desenhada para o internamento de doentes em hospitais, enfermarias de cuidados intensivos e servi\u00e7os m\u00e9dicos.<\/p>\n<p><strong>Dimens\u00f5es:<\/strong><\/p>\n<ul>\n<li>Comprimento total da cama: 2180mm<\/li>\n<li>Largura total da cama: 980mm<\/li>\n<li>Comprimento das sec\u00e7\u00f5es:\n<ul>\n<li>Costas: 775mm<\/li>\n<li>Fixa: 200mm<\/li>\n<li>Pernas: 330mm<\/li>\n<li>P\u00e9s: 545mm<\/li>\n<\/ul>\n<\/li>\n<li>Dimens\u00e3o do leito: 2090 \u00d7 840mm<\/li>\n<li>Dimens\u00e3o recomendada para o colch\u00e3o 2040 \u00d7 840 x 120mm<\/li>\n<li>Altura regul\u00e1vel do suporte de estrado 410 a 790mm<\/li>\n<li>\u00c2ngulo m\u00e1ximo da sec\u00e7\u00e3o das costas 70\u00b0<\/li>\n<li>\u00c2ngulo m\u00e1ximo da sec\u00e7\u00e3o das pernas 45\u00b0<\/li>\n<li>Altura da grade acima do suporte do estrado (sem o colch\u00e3o) 36,5 cm<\/li>\n<li>Peso m\u00e1ximo do paciente 270 kg<\/li>\n<li>Carga m\u00e1xima (incluindo o colch\u00e3o e os acess\u00f3rios) 340 kg<strong>\u00a0<\/strong><\/li>\n<\/ul>\n<p><strong>Fun\u00e7\u00f5es:<\/strong><\/p>\n<ul>\n<li>Posi\u00e7\u00e3o de Trendelemburg e anti-Trendelemburg (+16\u00b0\/-16\u00b0)<\/li>\n<li>Permite as posi\u00e7\u00f5es Flowler, Vascular e Cadeira Card\u00edaca<\/li>\n<li>Movimenta\u00e7\u00e3o Manual da Sec\u00e7\u00e3o dos P\u00e9s por sistema de Cremalheira.<strong>\u00a0<\/strong><\/li>\n<\/ul>\n<p><strong>Par\u00e2metros el\u00e9ctricos da cama:<\/strong><\/p>\n<ul>\n<li>Fonte de alimenta\u00e7\u00e3o: 220 V, +\/- 10%, 50-60 Hz,<\/li>\n<li>Tens\u00e3o de opera\u00e7\u00e3o: 24 V DC<\/li>\n<li>Prote\u00e7\u00e3o contra \u00e1gua e poeiras: IP 66<\/li>\n<li>N\u00edvel de ru\u00eddo \u226465 dB<\/li>\n<li>Motor el\u00e9trico em funcionamento: 10%, max. 2 min \/ 18 min.<strong>\u00a0<\/strong><\/li>\n<\/ul>\n<p><strong>Descri\u00e7\u00e3o da estrutura:<\/strong><\/p>\n<ul>\n<li>Cabeceiras em mat\u00e9ria pl\u00e1stica ABS<\/li>\n<li>Pain\u00e9is do estrado em Termo moldado ABS (4 Pain\u00e9is) na vers\u00e3o Standard de f\u00e1cil remo\u00e7\u00e3o para limpeza.<\/li>\n<li>Batentes para protec\u00e7\u00e3o nos 4 cantos do estrado.<strong>\u00a0<\/strong><\/li>\n<\/ul>\n<p><strong>Sistema eleva\u00e7\u00e3o e articula\u00e7\u00e3o:<\/strong><\/p>\n<ul>\n<li>2 Motores p\/ eleva\u00e7\u00e3o e posi\u00e7\u00e3o de Trendelemburg e Anti-Trendelemburg;<\/li>\n<li>1 Motor de articula\u00e7\u00e3o da sec\u00e7\u00e3o dos p\u00e9s;<\/li>\n<li>1 Comando el\u00e9ctrico (carro e estrado) c\/ Caixa de Bloqueio;<\/li>\n<li>Sistema de Bateria de emerg\u00eancia.<strong>\u00a0<\/strong><\/li>\n<\/ul>\n<p><strong>Base:<\/strong><\/p>\n<ul>\n<li>4 Rodas de 150mm com sistema de trav\u00e3o central de 3 fun\u00e7\u00f5es.<\/li>\n<\/ul>\n<p>&nbsp;<\/p>\n<p>&nbsp;<\/p>\n<p><strong>\u00a0<\/strong><\/p>\n","protected":false},"excerpt":{"rendered":"<p>Cama hospitalar el\u00e9ctrica com 4 planos.<\/p>\n<p>&nbsp;<\/p>\n<p>&nbsp;<\/p>\n","protected":false},"featured_media":12440,"comment_status":"open","ping_status":"closed","template":"","meta":{"rs_blank_template":"","rs_page_bg_color":"","slide_template_v7":""},"product_brand":[],"product_cat":[1523,1398,1512,1520],"product_tag":[762,763,769,794,797,798],"class_list":{"0":"post-10170","1":"product","2":"type-product","3":"status-publish","4":"has-post-thumbnail","6":"product_cat-eletricas-com-elevacao-pendular-camas-hospitalares","7":"product_cat-geriatria","8":"product_cat-mobiliario-de-quarto","9":"product_cat-camas-hospitalares","10":"product_tag-cama","11":"product_tag-cama-4-seccoes","12":"product_tag-cama-pendular","13":"product_tag-cama-hospitalar","14":"product_tag-cama-electrca-hospitalar","15":"product_tag-cama-hospitalar-pendular","17":"first","18":"instock","19":"shipping-taxable","20":"product-type-simple"},"aioseo_notices":[],"etheme_brands":{"errors":{"invalid_taxonomy":["Taxonomia inv\u00e1lida."]},"error_data":[]},"aioseo_head":"\n\t\t<!-- All in One SEO Pro 4.9.0 - aioseo.com -->\n\t<meta name=\"description\" content=\"Cama hospitalar el\u00e9ctrica com 4 planos.\" \/>\n\t<meta name=\"robots\" content=\"max-image-preview:large\" \/>\n\t<link rel=\"canonical\" href=\"https:\/\/fisio-shop.pt\/?product=cama-hospitalar-electrica\" \/>\n\t<meta name=\"generator\" content=\"All in One SEO Pro (AIOSEO) 4.9.0\" \/>\n\t\t<meta property=\"og:locale\" content=\"pt_PT\" \/>\n\t\t<meta property=\"og:site_name\" content=\"Fisio-shop - Empresa especializada na distribui\u00e7\u00e3o de equipamentos profissionais para os mercados da Fisioterapia, Geriatria, Fitness e Medicina Desportiva.\" \/>\n\t\t<meta property=\"og:type\" content=\"article\" \/>\n\t\t<meta property=\"og:title\" content=\"CAMA HOSPITALAR EL\u00c9CTRICA - Fisio-shop\" \/>\n\t\t<meta property=\"og:description\" content=\"Cama hospitalar el\u00e9ctrica com 4 planos.\" \/>\n\t\t<meta property=\"og:url\" content=\"https:\/\/fisio-shop.pt\/?product=cama-hospitalar-electrica\" \/>\n\t\t<meta property=\"og:image\" content=\"https:\/\/fisio-shop.pt\/wp-content\/uploads\/2026\/04\/android-chrome-192x192-1.png\" \/>\n\t\t<meta property=\"og:image:secure_url\" content=\"https:\/\/fisio-shop.pt\/wp-content\/uploads\/2026\/04\/android-chrome-192x192-1.png\" \/>\n\t\t<meta property=\"article:published_time\" content=\"2020-04-24T16:09:37+00:00\" \/>\n\t\t<meta property=\"article:modified_time\" content=\"2026-02-25T20:04:58+00:00\" \/>\n\t\t<meta property=\"article:publisher\" content=\"https:\/\/www.facebook.com\/p\/Fisioshop-Comrcio-de-Equipamentos-Lda-100036934916130\/\" \/>\n\t\t<meta name=\"twitter:card\" content=\"summary_large_image\" \/>\n\t\t<meta name=\"twitter:title\" content=\"CAMA HOSPITALAR EL\u00c9CTRICA - Fisio-shop\" \/>\n\t\t<meta name=\"twitter:description\" content=\"Cama hospitalar el\u00e9ctrica com 4 planos.\" \/>\n\t\t<meta name=\"twitter:image\" content=\"https:\/\/fisio-shop.pt\/wp-content\/uploads\/2026\/04\/android-chrome-192x192-1.png\" \/>\n\t\t<script type=\"application\/ld+json\" class=\"aioseo-schema\">\n\t\t\t{\"@context\":\"https:\\\/\\\/schema.org\",\"@graph\":[{\"@type\":\"BreadcrumbList\",\"@id\":\"https:\\\/\\\/fisio-shop.pt\\\/?product=cama-hospitalar-electrica#breadcrumblist\",\"itemListElement\":[{\"@type\":\"ListItem\",\"@id\":\"https:\\\/\\\/fisio-shop.pt#listItem\",\"position\":1,\"name\":\"Home\",\"item\":\"https:\\\/\\\/fisio-shop.pt\",\"nextItem\":{\"@type\":\"ListItem\",\"@id\":\"https:\\\/\\\/fisio-shop.pt\\\/?page_id=5#listItem\",\"name\":\"Loja\"}},{\"@type\":\"ListItem\",\"@id\":\"https:\\\/\\\/fisio-shop.pt\\\/?page_id=5#listItem\",\"position\":2,\"name\":\"Loja\",\"item\":\"https:\\\/\\\/fisio-shop.pt\\\/?page_id=5\",\"nextItem\":{\"@type\":\"ListItem\",\"@id\":\"https:\\\/\\\/fisio-shop.pt\\\/?product_cat=geriatria#listItem\",\"name\":\"Geriatria\"},\"previousItem\":{\"@type\":\"ListItem\",\"@id\":\"https:\\\/\\\/fisio-shop.pt#listItem\",\"name\":\"Home\"}},{\"@type\":\"ListItem\",\"@id\":\"https:\\\/\\\/fisio-shop.pt\\\/?product_cat=geriatria#listItem\",\"position\":3,\"name\":\"Geriatria\",\"item\":\"https:\\\/\\\/fisio-shop.pt\\\/?product_cat=geriatria\",\"nextItem\":{\"@type\":\"ListItem\",\"@id\":\"https:\\\/\\\/fisio-shop.pt\\\/?product_cat=mobiliario-de-quarto#listItem\",\"name\":\"Mobili\\u00e1rio de quarto - Geriatria\"},\"previousItem\":{\"@type\":\"ListItem\",\"@id\":\"https:\\\/\\\/fisio-shop.pt\\\/?page_id=5#listItem\",\"name\":\"Loja\"}},{\"@type\":\"ListItem\",\"@id\":\"https:\\\/\\\/fisio-shop.pt\\\/?product_cat=mobiliario-de-quarto#listItem\",\"position\":4,\"name\":\"Mobili\\u00e1rio de quarto - Geriatria\",\"item\":\"https:\\\/\\\/fisio-shop.pt\\\/?product_cat=mobiliario-de-quarto\",\"nextItem\":{\"@type\":\"ListItem\",\"@id\":\"https:\\\/\\\/fisio-shop.pt\\\/?product_cat=camas-hospitalares#listItem\",\"name\":\"Camas hospitalares\"},\"previousItem\":{\"@type\":\"ListItem\",\"@id\":\"https:\\\/\\\/fisio-shop.pt\\\/?product_cat=geriatria#listItem\",\"name\":\"Geriatria\"}},{\"@type\":\"ListItem\",\"@id\":\"https:\\\/\\\/fisio-shop.pt\\\/?product_cat=camas-hospitalares#listItem\",\"position\":5,\"name\":\"Camas hospitalares\",\"item\":\"https:\\\/\\\/fisio-shop.pt\\\/?product_cat=camas-hospitalares\",\"nextItem\":{\"@type\":\"ListItem\",\"@id\":\"https:\\\/\\\/fisio-shop.pt\\\/?product_cat=eletricas-com-elevacao-pendular-camas-hospitalares#listItem\",\"name\":\"El\\u00e9tricas com eleva\\u00e7\\u00e3o pendular\"},\"previousItem\":{\"@type\":\"ListItem\",\"@id\":\"https:\\\/\\\/fisio-shop.pt\\\/?product_cat=mobiliario-de-quarto#listItem\",\"name\":\"Mobili\\u00e1rio de quarto - Geriatria\"}},{\"@type\":\"ListItem\",\"@id\":\"https:\\\/\\\/fisio-shop.pt\\\/?product_cat=eletricas-com-elevacao-pendular-camas-hospitalares#listItem\",\"position\":6,\"name\":\"El\\u00e9tricas com eleva\\u00e7\\u00e3o pendular\",\"item\":\"https:\\\/\\\/fisio-shop.pt\\\/?product_cat=eletricas-com-elevacao-pendular-camas-hospitalares\",\"nextItem\":{\"@type\":\"ListItem\",\"@id\":\"https:\\\/\\\/fisio-shop.pt\\\/?product=cama-hospitalar-electrica#listItem\",\"name\":\"CAMA HOSPITALAR EL\\u00c9CTRICA\"},\"previousItem\":{\"@type\":\"ListItem\",\"@id\":\"https:\\\/\\\/fisio-shop.pt\\\/?product_cat=camas-hospitalares#listItem\",\"name\":\"Camas hospitalares\"}},{\"@type\":\"ListItem\",\"@id\":\"https:\\\/\\\/fisio-shop.pt\\\/?product=cama-hospitalar-electrica#listItem\",\"position\":7,\"name\":\"CAMA HOSPITALAR EL\\u00c9CTRICA\",\"previousItem\":{\"@type\":\"ListItem\",\"@id\":\"https:\\\/\\\/fisio-shop.pt\\\/?product_cat=eletricas-com-elevacao-pendular-camas-hospitalares#listItem\",\"name\":\"El\\u00e9tricas com eleva\\u00e7\\u00e3o pendular\"}}]},{\"@type\":\"Organization\",\"@id\":\"https:\\\/\\\/fisio-shop.pt\\\/#organization\",\"name\":\"Fisio-shop\",\"description\":\"Empresa especializada na distribui\\u00e7\\u00e3o de equipamentos profissionais para os mercados da Fisioterapia, Geriatria, Fitness e Medicina Desportiva. Empresa especializada na distribui\\u00e7\\u00e3o de equipamentos profissionais para os mercados da Fisioterapia, Geriatria, Fitness e Medicina Desportiva.\",\"url\":\"https:\\\/\\\/fisio-shop.pt\\\/\",\"logo\":{\"@type\":\"ImageObject\",\"url\":\"https:\\\/\\\/fisio-shop.pt\\\/wp-content\\\/uploads\\\/2026\\\/04\\\/android-chrome-192x192-1.png\",\"@id\":\"https:\\\/\\\/fisio-shop.pt\\\/?product=cama-hospitalar-electrica\\\/#organizationLogo\"},\"image\":{\"@id\":\"https:\\\/\\\/fisio-shop.pt\\\/?product=cama-hospitalar-electrica\\\/#organizationLogo\"},\"sameAs\":[\"https:\\\/\\\/www.facebook.com\\\/p\\\/Fisioshop-Comrcio-de-Equipamentos-Lda-100036934916130\\\/\"]},{\"@type\":\"Product\",\"@id\":\"https:\\\/\\\/fisio-shop.pt\\\/?product=cama-hospitalar-electrica#wooCommerceProduct\",\"name\":\"CAMA HOSPITALAR EL\\u00c9CTRICA\",\"description\":\"Cama hospitalar el\\u00e9ctrica com 4 planos.\\n\\n&nbsp;\\n\\n&nbsp;\",\"url\":\"https:\\\/\\\/fisio-shop.pt\\\/?product=cama-hospitalar-electrica\",\"sku\":\"CM.10.6141.1\",\"image\":{\"@type\":\"ImageObject\",\"url\":\"https:\\\/\\\/fisio-shop.pt\\\/wp-content\\\/uploads\\\/2026\\\/02\\\/CAMA-ANDRE-1.png\",\"@id\":\"https:\\\/\\\/fisio-shop.pt\\\/?product=cama-hospitalar-electrica\\\/#productImage\",\"width\":336,\"height\":226},\"offers\":{\"@type\":\"Offer\",\"url\":\"https:\\\/\\\/fisio-shop.pt\\\/?product=cama-hospitalar-electrica#wooCommerceOffer\",\"price\":0,\"priceCurrency\":\"EUR\",\"category\":\"Geriatria\",\"availability\":\"https:\\\/\\\/schema.org\\\/InStock\",\"seller\":{\"@type\":\"Organization\",\"@id\":\"https:\\\/\\\/fisio-shop.pt\\\/#organization\"}}},{\"@type\":\"WebPage\",\"@id\":\"https:\\\/\\\/fisio-shop.pt\\\/?product=cama-hospitalar-electrica#webpage\",\"url\":\"https:\\\/\\\/fisio-shop.pt\\\/?product=cama-hospitalar-electrica\",\"name\":\"CAMA HOSPITALAR EL\\u00c9CTRICA - Fisio-shop\",\"description\":\"Cama hospitalar el\\u00e9ctrica com 4 planos.\",\"inLanguage\":\"pt-PT\",\"isPartOf\":{\"@id\":\"https:\\\/\\\/fisio-shop.pt\\\/#website\"},\"breadcrumb\":{\"@id\":\"https:\\\/\\\/fisio-shop.pt\\\/?product=cama-hospitalar-electrica#breadcrumblist\"},\"image\":{\"@type\":\"ImageObject\",\"url\":\"https:\\\/\\\/fisio-shop.pt\\\/wp-content\\\/uploads\\\/2026\\\/02\\\/CAMA-ANDRE-1.png\",\"@id\":\"https:\\\/\\\/fisio-shop.pt\\\/?product=cama-hospitalar-electrica\\\/#mainImage\",\"width\":336,\"height\":226},\"primaryImageOfPage\":{\"@id\":\"https:\\\/\\\/fisio-shop.pt\\\/?product=cama-hospitalar-electrica#mainImage\"},\"datePublished\":\"2020-04-24T16:09:37+00:00\",\"dateModified\":\"2026-02-25T20:04:58+00:00\"},{\"@type\":\"WebSite\",\"@id\":\"https:\\\/\\\/fisio-shop.pt\\\/#website\",\"url\":\"https:\\\/\\\/fisio-shop.pt\\\/\",\"name\":\"Fisio-shop\",\"description\":\"Empresa especializada na distribui\\u00e7\\u00e3o de equipamentos profissionais para os mercados da Fisioterapia, Geriatria, Fitness e Medicina Desportiva.\",\"inLanguage\":\"pt-PT\",\"publisher\":{\"@id\":\"https:\\\/\\\/fisio-shop.pt\\\/#organization\"}}]}\n\t\t<\/script>\n\t\t<!-- All in One SEO Pro -->\r\n\t\t<title>CAMA HOSPITALAR EL\u00c9CTRICA - Fisio-shop<\/title>\n\n","aioseo_head_json":{"title":"CAMA HOSPITALAR EL\u00c9CTRICA - Fisio-shop","description":"Cama hospitalar el\u00e9ctrica com 4 planos.","canonical_url":"https:\/\/fisio-shop.pt\/?product=cama-hospitalar-electrica","robots":"max-image-preview:large","keywords":"","webmasterTools":{"miscellaneous":""},"schema":{"@context":"https:\/\/schema.org","@graph":[{"@type":"BreadcrumbList","@id":"https:\/\/fisio-shop.pt\/?product=cama-hospitalar-electrica#breadcrumblist","itemListElement":[{"@type":"ListItem","@id":"https:\/\/fisio-shop.pt#listItem","position":1,"name":"Home","item":"https:\/\/fisio-shop.pt","nextItem":{"@type":"ListItem","@id":"https:\/\/fisio-shop.pt\/?page_id=5#listItem","name":"Loja"}},{"@type":"ListItem","@id":"https:\/\/fisio-shop.pt\/?page_id=5#listItem","position":2,"name":"Loja","item":"https:\/\/fisio-shop.pt\/?page_id=5","nextItem":{"@type":"ListItem","@id":"https:\/\/fisio-shop.pt\/?product_cat=geriatria#listItem","name":"Geriatria"},"previousItem":{"@type":"ListItem","@id":"https:\/\/fisio-shop.pt#listItem","name":"Home"}},{"@type":"ListItem","@id":"https:\/\/fisio-shop.pt\/?product_cat=geriatria#listItem","position":3,"name":"Geriatria","item":"https:\/\/fisio-shop.pt\/?product_cat=geriatria","nextItem":{"@type":"ListItem","@id":"https:\/\/fisio-shop.pt\/?product_cat=mobiliario-de-quarto#listItem","name":"Mobili\u00e1rio de quarto - Geriatria"},"previousItem":{"@type":"ListItem","@id":"https:\/\/fisio-shop.pt\/?page_id=5#listItem","name":"Loja"}},{"@type":"ListItem","@id":"https:\/\/fisio-shop.pt\/?product_cat=mobiliario-de-quarto#listItem","position":4,"name":"Mobili\u00e1rio de quarto - Geriatria","item":"https:\/\/fisio-shop.pt\/?product_cat=mobiliario-de-quarto","nextItem":{"@type":"ListItem","@id":"https:\/\/fisio-shop.pt\/?product_cat=camas-hospitalares#listItem","name":"Camas hospitalares"},"previousItem":{"@type":"ListItem","@id":"https:\/\/fisio-shop.pt\/?product_cat=geriatria#listItem","name":"Geriatria"}},{"@type":"ListItem","@id":"https:\/\/fisio-shop.pt\/?product_cat=camas-hospitalares#listItem","position":5,"name":"Camas hospitalares","item":"https:\/\/fisio-shop.pt\/?product_cat=camas-hospitalares","nextItem":{"@type":"ListItem","@id":"https:\/\/fisio-shop.pt\/?product_cat=eletricas-com-elevacao-pendular-camas-hospitalares#listItem","name":"El\u00e9tricas com eleva\u00e7\u00e3o pendular"},"previousItem":{"@type":"ListItem","@id":"https:\/\/fisio-shop.pt\/?product_cat=mobiliario-de-quarto#listItem","name":"Mobili\u00e1rio de quarto - Geriatria"}},{"@type":"ListItem","@id":"https:\/\/fisio-shop.pt\/?product_cat=eletricas-com-elevacao-pendular-camas-hospitalares#listItem","position":6,"name":"El\u00e9tricas com eleva\u00e7\u00e3o pendular","item":"https:\/\/fisio-shop.pt\/?product_cat=eletricas-com-elevacao-pendular-camas-hospitalares","nextItem":{"@type":"ListItem","@id":"https:\/\/fisio-shop.pt\/?product=cama-hospitalar-electrica#listItem","name":"CAMA HOSPITALAR EL\u00c9CTRICA"},"previousItem":{"@type":"ListItem","@id":"https:\/\/fisio-shop.pt\/?product_cat=camas-hospitalares#listItem","name":"Camas hospitalares"}},{"@type":"ListItem","@id":"https:\/\/fisio-shop.pt\/?product=cama-hospitalar-electrica#listItem","position":7,"name":"CAMA HOSPITALAR EL\u00c9CTRICA","previousItem":{"@type":"ListItem","@id":"https:\/\/fisio-shop.pt\/?product_cat=eletricas-com-elevacao-pendular-camas-hospitalares#listItem","name":"El\u00e9tricas com eleva\u00e7\u00e3o pendular"}}]},{"@type":"Organization","@id":"https:\/\/fisio-shop.pt\/#organization","name":"Fisio-shop","description":"Empresa especializada na distribui\u00e7\u00e3o de equipamentos profissionais para os mercados da Fisioterapia, Geriatria, Fitness e Medicina Desportiva. Empresa especializada na distribui\u00e7\u00e3o de equipamentos profissionais para os mercados da Fisioterapia, Geriatria, Fitness e Medicina Desportiva.","url":"https:\/\/fisio-shop.pt\/","logo":{"@type":"ImageObject","url":"https:\/\/fisio-shop.pt\/wp-content\/uploads\/2026\/04\/android-chrome-192x192-1.png","@id":"https:\/\/fisio-shop.pt\/?product=cama-hospitalar-electrica\/#organizationLogo"},"image":{"@id":"https:\/\/fisio-shop.pt\/?product=cama-hospitalar-electrica\/#organizationLogo"},"sameAs":["https:\/\/www.facebook.com\/p\/Fisioshop-Comrcio-de-Equipamentos-Lda-100036934916130\/"]},{"@type":"Product","@id":"https:\/\/fisio-shop.pt\/?product=cama-hospitalar-electrica#wooCommerceProduct","name":"CAMA HOSPITALAR EL\u00c9CTRICA","description":"Cama hospitalar el\u00e9ctrica com 4 planos.\n\n&nbsp;\n\n&nbsp;","url":"https:\/\/fisio-shop.pt\/?product=cama-hospitalar-electrica","sku":"CM.10.6141.1","image":{"@type":"ImageObject","url":"https:\/\/fisio-shop.pt\/wp-content\/uploads\/2026\/02\/CAMA-ANDRE-1.png","@id":"https:\/\/fisio-shop.pt\/?product=cama-hospitalar-electrica\/#productImage","width":336,"height":226},"offers":{"@type":"Offer","url":"https:\/\/fisio-shop.pt\/?product=cama-hospitalar-electrica#wooCommerceOffer","price":0,"priceCurrency":"EUR","category":"Geriatria","availability":"https:\/\/schema.org\/InStock","seller":{"@type":"Organization","@id":"https:\/\/fisio-shop.pt\/#organization"}}},{"@type":"WebPage","@id":"https:\/\/fisio-shop.pt\/?product=cama-hospitalar-electrica#webpage","url":"https:\/\/fisio-shop.pt\/?product=cama-hospitalar-electrica","name":"CAMA HOSPITALAR EL\u00c9CTRICA - Fisio-shop","description":"Cama hospitalar el\u00e9ctrica com 4 planos.","inLanguage":"pt-PT","isPartOf":{"@id":"https:\/\/fisio-shop.pt\/#website"},"breadcrumb":{"@id":"https:\/\/fisio-shop.pt\/?product=cama-hospitalar-electrica#breadcrumblist"},"image":{"@type":"ImageObject","url":"https:\/\/fisio-shop.pt\/wp-content\/uploads\/2026\/02\/CAMA-ANDRE-1.png","@id":"https:\/\/fisio-shop.pt\/?product=cama-hospitalar-electrica\/#mainImage","width":336,"height":226},"primaryImageOfPage":{"@id":"https:\/\/fisio-shop.pt\/?product=cama-hospitalar-electrica#mainImage"},"datePublished":"2020-04-24T16:09:37+00:00","dateModified":"2026-02-25T20:04:58+00:00"},{"@type":"WebSite","@id":"https:\/\/fisio-shop.pt\/#website","url":"https:\/\/fisio-shop.pt\/","name":"Fisio-shop","description":"Empresa especializada na distribui\u00e7\u00e3o de equipamentos profissionais para os mercados da Fisioterapia, Geriatria, Fitness e Medicina Desportiva.","inLanguage":"pt-PT","publisher":{"@id":"https:\/\/fisio-shop.pt\/#organization"}}]},"og:locale":"pt_PT","og:site_name":"Fisio-shop - Empresa especializada na distribui\u00e7\u00e3o de equipamentos profissionais para os mercados da Fisioterapia, Geriatria, Fitness e Medicina Desportiva.","og:type":"article","og:title":"CAMA HOSPITALAR EL\u00c9CTRICA - Fisio-shop","og:description":"Cama hospitalar el\u00e9ctrica com 4 planos.","og:url":"https:\/\/fisio-shop.pt\/?product=cama-hospitalar-electrica","og:image":"https:\/\/fisio-shop.pt\/wp-content\/uploads\/2026\/04\/android-chrome-192x192-1.png","og:image:secure_url":"https:\/\/fisio-shop.pt\/wp-content\/uploads\/2026\/04\/android-chrome-192x192-1.png","article:published_time":"2020-04-24T16:09:37+00:00","article:modified_time":"2026-02-25T20:04:58+00:00","article:publisher":"https:\/\/www.facebook.com\/p\/Fisioshop-Comrcio-de-Equipamentos-Lda-100036934916130\/","twitter:card":"summary_large_image","twitter:title":"CAMA HOSPITALAR EL\u00c9CTRICA - Fisio-shop","twitter:description":"Cama hospitalar el\u00e9ctrica com 4 planos.","twitter:image":"https:\/\/fisio-shop.pt\/wp-content\/uploads\/2026\/04\/android-chrome-192x192-1.png"},"aioseo_meta_data":{"post_id":"10170","title":null,"description":null,"keywords":null,"keyphrases":null,"primary_term":null,"canonical_url":null,"og_title":null,"og_description":null,"og_object_type":"default","og_image_type":"default","og_image_url":null,"og_image_width":null,"og_image_height":null,"og_image_custom_url":null,"og_image_custom_fields":null,"og_video":null,"og_custom_url":null,"og_article_section":null,"og_article_tags":null,"twitter_use_og":false,"twitter_card":"default","twitter_image_type":"default","twitter_image_url":null,"twitter_image_custom_url":null,"twitter_image_custom_fields":null,"twitter_title":null,"twitter_description":null,"schema":{"blockGraphs":[],"customGraphs":[],"default":{"data":{"Article":[],"Course":[],"Dataset":[],"FAQPage":[],"Movie":[],"Person":[],"Product":[],"ProductReview":[],"Car":[],"Recipe":[],"Service":[],"SoftwareApplication":[],"WebPage":[]},"graphName":"","isEnabled":true},"graphs":[]},"schema_type":"default","schema_type_options":null,"pillar_content":false,"robots_default":true,"robots_noindex":false,"robots_noarchive":false,"robots_nosnippet":false,"robots_nofollow":false,"robots_noimageindex":false,"robots_noodp":false,"robots_notranslate":false,"robots_max_snippet":null,"robots_max_videopreview":null,"robots_max_imagepreview":"large","priority":null,"frequency":null,"local_seo":null,"seo_analyzer_scan_date":"2026-04-18 08:41:43","breadcrumb_settings":null,"limit_modified_date":false,"open_ai":null,"ai":null,"created":"2026-04-18 07:02:19","updated":"2026-04-18 22:31:52"},"aioseo_breadcrumb":"<div class=\"aioseo-breadcrumbs\"><span class=\"aioseo-breadcrumb\">\n\t<a href=\"https:\/\/fisio-shop.pt\" title=\"Home\">Home<\/a>\n<\/span><span class=\"aioseo-breadcrumb-separator\">\u00bb<\/span><span class=\"aioseo-breadcrumb\">\n\t<a href=\"https:\/\/fisio-shop.pt\/?page_id=5\" title=\"Loja\">Loja<\/a>\n<\/span><span class=\"aioseo-breadcrumb-separator\">\u00bb<\/span><span class=\"aioseo-breadcrumb\">\n\t<a href=\"https:\/\/fisio-shop.pt\/?product_cat=geriatria\" title=\"Geriatria\">Geriatria<\/a>\n<\/span><span class=\"aioseo-breadcrumb-separator\">\u00bb<\/span><span class=\"aioseo-breadcrumb\">\n\t<a href=\"https:\/\/fisio-shop.pt\/?product_cat=mobiliario-de-quarto\" title=\"Mobili\u00e1rio de quarto - Geriatria\">Mobili\u00e1rio de quarto - Geriatria<\/a>\n<\/span><span class=\"aioseo-breadcrumb-separator\">\u00bb<\/span><span class=\"aioseo-breadcrumb\">\n\t<a href=\"https:\/\/fisio-shop.pt\/?product_cat=camas-hospitalares\" title=\"Camas hospitalares\">Camas hospitalares<\/a>\n<\/span><span class=\"aioseo-breadcrumb-separator\">\u00bb<\/span><span class=\"aioseo-breadcrumb\">\n\t<a href=\"https:\/\/fisio-shop.pt\/?product_cat=eletricas-com-elevacao-pendular-camas-hospitalares\" title=\"El\u00e9tricas com eleva\u00e7\u00e3o pendular\">El\u00e9tricas com eleva\u00e7\u00e3o pendular<\/a>\n<\/span><span class=\"aioseo-breadcrumb-separator\">\u00bb<\/span><span class=\"aioseo-breadcrumb\">\n\tCAMA HOSPITALAR EL\u00c9CTRICA\n<\/span><\/div>","aioseo_breadcrumb_json":[{"label":"Home","link":"https:\/\/fisio-shop.pt"},{"label":"Loja","link":"https:\/\/fisio-shop.pt\/?page_id=5"},{"label":"Geriatria","link":"https:\/\/fisio-shop.pt\/?product_cat=geriatria"},{"label":"Mobili\u00e1rio de quarto - Geriatria","link":"https:\/\/fisio-shop.pt\/?product_cat=mobiliario-de-quarto"},{"label":"Camas hospitalares","link":"https:\/\/fisio-shop.pt\/?product_cat=camas-hospitalares"},{"label":"El\u00e9tricas com eleva\u00e7\u00e3o pendular","link":"https:\/\/fisio-shop.pt\/?product_cat=eletricas-com-elevacao-pendular-camas-hospitalares"},{"label":"CAMA HOSPITALAR EL\u00c9CTRICA","link":"https:\/\/fisio-shop.pt\/?product=cama-hospitalar-electrica"}],"_links":{"self":[{"href":"https:\/\/fisio-shop.pt\/index.php?rest_route=\/wp\/v2\/product\/10170","targetHints":{"allow":["GET"]}}],"collection":[{"href":"https:\/\/fisio-shop.pt\/index.php?rest_route=\/wp\/v2\/product"}],"about":[{"href":"https:\/\/fisio-shop.pt\/index.php?rest_route=\/wp\/v2\/types\/product"}],"replies":[{"embeddable":true,"href":"https:\/\/fisio-shop.pt\/index.php?rest_route=%2Fwp%2Fv2%2Fcomments&post=10170"}],"version-history":[{"count":0,"href":"https:\/\/fisio-shop.pt\/index.php?rest_route=\/wp\/v2\/product\/10170\/revisions"}],"wp:featuredmedia":[{"embeddable":true,"href":"https:\/\/fisio-shop.pt\/index.php?rest_route=\/wp\/v2\/media\/12440"}],"wp:attachment":[{"href":"https:\/\/fisio-shop.pt\/index.php?rest_route=%2Fwp%2Fv2%2Fmedia&parent=10170"}],"wp:term":[{"taxonomy":"product_brand","embeddable":true,"href":"https:\/\/fisio-shop.pt\/index.php?rest_route=%2Fwp%2Fv2%2Fproduct_brand&post=10170"},{"taxonomy":"product_cat","embeddable":true,"href":"https:\/\/fisio-shop.pt\/index.php?rest_route=%2Fwp%2Fv2%2Fproduct_cat&post=10170"},{"taxonomy":"product_tag","embeddable":true,"href":"https:\/\/fisio-shop.pt\/index.php?rest_route=%2Fwp%2Fv2%2Fproduct_tag&post=10170"}],"curies":[{"name":"wp","href":"https:\/\/api.w.org\/{rel}","templated":true}]}}