{"id":10215,"date":"2023-05-18T10:30:01","date_gmt":"2023-05-18T10:30:01","guid":{"rendered":"https:\/\/fisio-shop.pt\/loja\/electroestimulador-2-canais-care-tens\/"},"modified":"2026-02-25T20:05:19","modified_gmt":"2026-02-25T20:05:19","slug":"electroestimulador-2-canais-care-tens","status":"publish","type":"product","link":"https:\/\/fisio-shop.pt\/?product=electroestimulador-2-canais-care-tens","title":{"rendered":"ELECTROESTIMULADOR 2 CANAIS CARE TENS"},"content":{"rendered":"<ul>\n<li>Estimulador de dois canais com 3 fun\u00e7\u00f5es b\u00e1sicas: TENS, EMS e MASSAGEM.<br \/>\nPossui 36 programas (18 TENS, 15 EMS e 3 Massagens) e aplica correntes el\u00e9tricas de baixa frequ\u00eancia para fins terap\u00eauticos;<\/li>\n<li>Promove a circula\u00e7\u00e3o sangu\u00ednea e alivia a dor cr\u00f4nica e p\u00f3s-operat\u00f3ria;<\/li>\n<li>Recomendado para treinamento muscular e tamb\u00e9m para muscula\u00e7\u00e3o;<\/li>\n<li>Os impulsos el\u00e9tricos s\u00e3o transcut\u00e2neos e s\u00e3o transmitidos aos nervos, fibras musculares ou tecidos por meio de el\u00e9trodos;<\/li>\n<li>A intensidade dos dois canais pode ser ajustada separadamente e pode ser aplicada individualmente a uma parte do corpo;<\/li>\n<li>Fornecido com 4 placas 50&#215;50 mm, 2 cabos de sa\u00edda, 4 pilhas AAA e manual de instru\u00e7\u00f5es (GB, FR, IT, ES, DE).<\/li>\n<\/ul>\n<p><strong>Especifica\u00e7\u00f5es t\u00e9cnicas:<\/strong><\/p>\n<ul>\n<li>2 canais;<\/li>\n<li>Forma de onda: ondas quadradas bif\u00e1sicas;<\/li>\n<li>Tens\u00e3o de sa\u00edda: Max 120 Vpp (a 1000 ohm);<\/li>\n<li>Corrente de sa\u00edda: M\u00e1x. 60 mA (a 1000 ohm);<\/li>\n<li>Intensidade: Ajust\u00e1vel de 0 a 60 n\u00edveis;<\/li>\n<li>Tipo de corrente: Corrente constante (DC);<\/li>\n<li>Alimenta\u00e7\u00e3o: 6,0V DC, 4 pilhas AAA 1,5V;<\/li>\n<li>Display: Grande, LCD, retro iluminado;<\/li>\n<li>Dimens\u00f5es &#8211; Peso: 120,5&#215;69,5x27mm &#8211; 104 g;<\/li>\n<li>Classifica\u00e7\u00e3o: Pe\u00e7a aplicada tipo BF, alimenta\u00e7\u00e3o interna, IP22;<\/li>\n<li>Padr\u00f5es: IEC60601-1, IEC60601-1-2, IEC60601-1-11, IEC60601-2-10, IEC62304<\/li>\n<\/ul>\n<p>&nbsp;<\/p>\n","protected":false},"excerpt":{"rendered":"<p>Eletroterapia de 2 canais independentes<\/p>\n","protected":false},"featured_media":12486,"comment_status":"open","ping_status":"closed","template":"","meta":{"rs_blank_template":"","rs_page_bg_color":"","slide_template_v7":""},"product_brand":[],"product_cat":[1397,1401,1402,1404],"product_tag":[864,867,868],"class_list":{"0":"post-10215","1":"product","2":"type-product","3":"status-publish","4":"has-post-thumbnail","6":"product_cat-saude","7":"product_cat-equipamentos-para-medicina-fisica-e-reabilitacao","8":"product_cat-eletroterapia","9":"product_cat-eletroestimuladores","10":"product_tag-electroestimulador","11":"product_tag-electroestimulador-2-canais","12":"product_tag-tens","14":"first","15":"instock","16":"shipping-taxable","17":"purchasable","18":"product-type-simple"},"aioseo_notices":[],"etheme_brands":{"errors":{"invalid_taxonomy":["Taxonomia inv\u00e1lida."]},"error_data":[]},"aioseo_head":"\n\t\t<!-- All in One SEO Pro 4.9.0 - aioseo.com -->\n\t<meta name=\"description\" content=\"Eletroterapia de 2 canais independentes\" \/>\n\t<meta name=\"robots\" content=\"max-image-preview:large\" \/>\n\t<link rel=\"canonical\" href=\"https:\/\/fisio-shop.pt\/?product=electroestimulador-2-canais-care-tens\" \/>\n\t<meta name=\"generator\" content=\"All in One SEO Pro (AIOSEO) 4.9.0\" \/>\n\t\t<meta property=\"og:locale\" content=\"pt_PT\" \/>\n\t\t<meta property=\"og:site_name\" content=\"Fisio-shop - Empresa especializada na distribui\u00e7\u00e3o de equipamentos profissionais para os mercados da Fisioterapia, Geriatria, Fitness e Medicina Desportiva.\" \/>\n\t\t<meta property=\"og:type\" content=\"article\" \/>\n\t\t<meta property=\"og:title\" content=\"ELECTROESTIMULADOR 2 CANAIS CARE TENS - Fisio-shop\" \/>\n\t\t<meta property=\"og:description\" content=\"Eletroterapia de 2 canais independentes\" \/>\n\t\t<meta property=\"og:url\" content=\"https:\/\/fisio-shop.pt\/?product=electroestimulador-2-canais-care-tens\" \/>\n\t\t<meta property=\"og:image\" content=\"https:\/\/fisio-shop.pt\/wp-content\/uploads\/2026\/04\/android-chrome-192x192-1.png\" \/>\n\t\t<meta property=\"og:image:secure_url\" content=\"https:\/\/fisio-shop.pt\/wp-content\/uploads\/2026\/04\/android-chrome-192x192-1.png\" \/>\n\t\t<meta property=\"article:published_time\" content=\"2023-05-18T10:30:01+00:00\" \/>\n\t\t<meta property=\"article:modified_time\" content=\"2026-02-25T20:05:19+00:00\" \/>\n\t\t<meta property=\"article:publisher\" content=\"https:\/\/www.facebook.com\/p\/Fisioshop-Comrcio-de-Equipamentos-Lda-100036934916130\/\" \/>\n\t\t<meta name=\"twitter:card\" content=\"summary_large_image\" \/>\n\t\t<meta name=\"twitter:title\" content=\"ELECTROESTIMULADOR 2 CANAIS CARE TENS - Fisio-shop\" \/>\n\t\t<meta name=\"twitter:description\" content=\"Eletroterapia de 2 canais independentes\" \/>\n\t\t<meta name=\"twitter:image\" content=\"https:\/\/fisio-shop.pt\/wp-content\/uploads\/2026\/04\/android-chrome-192x192-1.png\" \/>\n\t\t<script type=\"application\/ld+json\" class=\"aioseo-schema\">\n\t\t\t{\"@context\":\"https:\\\/\\\/schema.org\",\"@graph\":[{\"@type\":\"BreadcrumbList\",\"@id\":\"https:\\\/\\\/fisio-shop.pt\\\/?product=electroestimulador-2-canais-care-tens#breadcrumblist\",\"itemListElement\":[{\"@type\":\"ListItem\",\"@id\":\"https:\\\/\\\/fisio-shop.pt#listItem\",\"position\":1,\"name\":\"Home\",\"item\":\"https:\\\/\\\/fisio-shop.pt\",\"nextItem\":{\"@type\":\"ListItem\",\"@id\":\"https:\\\/\\\/fisio-shop.pt\\\/?page_id=5#listItem\",\"name\":\"Loja\"}},{\"@type\":\"ListItem\",\"@id\":\"https:\\\/\\\/fisio-shop.pt\\\/?page_id=5#listItem\",\"position\":2,\"name\":\"Loja\",\"item\":\"https:\\\/\\\/fisio-shop.pt\\\/?page_id=5\",\"nextItem\":{\"@type\":\"ListItem\",\"@id\":\"https:\\\/\\\/fisio-shop.pt\\\/?product_cat=saude#listItem\",\"name\":\"Sa\\u00fade\"},\"previousItem\":{\"@type\":\"ListItem\",\"@id\":\"https:\\\/\\\/fisio-shop.pt#listItem\",\"name\":\"Home\"}},{\"@type\":\"ListItem\",\"@id\":\"https:\\\/\\\/fisio-shop.pt\\\/?product_cat=saude#listItem\",\"position\":3,\"name\":\"Sa\\u00fade\",\"item\":\"https:\\\/\\\/fisio-shop.pt\\\/?product_cat=saude\",\"nextItem\":{\"@type\":\"ListItem\",\"@id\":\"https:\\\/\\\/fisio-shop.pt\\\/?product_cat=equipamentos-para-medicina-fisica-e-reabilitacao#listItem\",\"name\":\"Equipamentos para medicina f\\u00edsica e reabilita\\u00e7\\u00e3o\"},\"previousItem\":{\"@type\":\"ListItem\",\"@id\":\"https:\\\/\\\/fisio-shop.pt\\\/?page_id=5#listItem\",\"name\":\"Loja\"}},{\"@type\":\"ListItem\",\"@id\":\"https:\\\/\\\/fisio-shop.pt\\\/?product_cat=equipamentos-para-medicina-fisica-e-reabilitacao#listItem\",\"position\":4,\"name\":\"Equipamentos para medicina f\\u00edsica e reabilita\\u00e7\\u00e3o\",\"item\":\"https:\\\/\\\/fisio-shop.pt\\\/?product_cat=equipamentos-para-medicina-fisica-e-reabilitacao\",\"nextItem\":{\"@type\":\"ListItem\",\"@id\":\"https:\\\/\\\/fisio-shop.pt\\\/?product_cat=eletroterapia#listItem\",\"name\":\"Eletroterapia\"},\"previousItem\":{\"@type\":\"ListItem\",\"@id\":\"https:\\\/\\\/fisio-shop.pt\\\/?product_cat=saude#listItem\",\"name\":\"Sa\\u00fade\"}},{\"@type\":\"ListItem\",\"@id\":\"https:\\\/\\\/fisio-shop.pt\\\/?product_cat=eletroterapia#listItem\",\"position\":5,\"name\":\"Eletroterapia\",\"item\":\"https:\\\/\\\/fisio-shop.pt\\\/?product_cat=eletroterapia\",\"nextItem\":{\"@type\":\"ListItem\",\"@id\":\"https:\\\/\\\/fisio-shop.pt\\\/?product_cat=eletroestimuladores#listItem\",\"name\":\"Eletroestimuladores\"},\"previousItem\":{\"@type\":\"ListItem\",\"@id\":\"https:\\\/\\\/fisio-shop.pt\\\/?product_cat=equipamentos-para-medicina-fisica-e-reabilitacao#listItem\",\"name\":\"Equipamentos para medicina f\\u00edsica e reabilita\\u00e7\\u00e3o\"}},{\"@type\":\"ListItem\",\"@id\":\"https:\\\/\\\/fisio-shop.pt\\\/?product_cat=eletroestimuladores#listItem\",\"position\":6,\"name\":\"Eletroestimuladores\",\"item\":\"https:\\\/\\\/fisio-shop.pt\\\/?product_cat=eletroestimuladores\",\"nextItem\":{\"@type\":\"ListItem\",\"@id\":\"https:\\\/\\\/fisio-shop.pt\\\/?product=electroestimulador-2-canais-care-tens#listItem\",\"name\":\"ELECTROESTIMULADOR 2 CANAIS CARE TENS\"},\"previousItem\":{\"@type\":\"ListItem\",\"@id\":\"https:\\\/\\\/fisio-shop.pt\\\/?product_cat=eletroterapia#listItem\",\"name\":\"Eletroterapia\"}},{\"@type\":\"ListItem\",\"@id\":\"https:\\\/\\\/fisio-shop.pt\\\/?product=electroestimulador-2-canais-care-tens#listItem\",\"position\":7,\"name\":\"ELECTROESTIMULADOR 2 CANAIS CARE TENS\",\"previousItem\":{\"@type\":\"ListItem\",\"@id\":\"https:\\\/\\\/fisio-shop.pt\\\/?product_cat=eletroestimuladores#listItem\",\"name\":\"Eletroestimuladores\"}}]},{\"@type\":\"Organization\",\"@id\":\"https:\\\/\\\/fisio-shop.pt\\\/#organization\",\"name\":\"Fisio-shop\",\"description\":\"Empresa especializada na distribui\\u00e7\\u00e3o de equipamentos profissionais para os mercados da Fisioterapia, Geriatria, Fitness e Medicina Desportiva. Empresa especializada na distribui\\u00e7\\u00e3o de equipamentos profissionais para os mercados da Fisioterapia, Geriatria, Fitness e Medicina Desportiva.\",\"url\":\"https:\\\/\\\/fisio-shop.pt\\\/\",\"logo\":{\"@type\":\"ImageObject\",\"url\":\"https:\\\/\\\/fisio-shop.pt\\\/wp-content\\\/uploads\\\/2026\\\/04\\\/android-chrome-192x192-1.png\",\"@id\":\"https:\\\/\\\/fisio-shop.pt\\\/?product=electroestimulador-2-canais-care-tens\\\/#organizationLogo\"},\"image\":{\"@id\":\"https:\\\/\\\/fisio-shop.pt\\\/?product=electroestimulador-2-canais-care-tens\\\/#organizationLogo\"},\"sameAs\":[\"https:\\\/\\\/www.facebook.com\\\/p\\\/Fisioshop-Comrcio-de-Equipamentos-Lda-100036934916130\\\/\"]},{\"@type\":\"Product\",\"@id\":\"https:\\\/\\\/fisio-shop.pt\\\/?product=electroestimulador-2-canais-care-tens#wooCommerceProduct\",\"name\":\"ELECTROESTIMULADOR 2 CANAIS CARE TENS\",\"description\":\"Eletroterapia de 2 canais independentes\",\"url\":\"https:\\\/\\\/fisio-shop.pt\\\/?product=electroestimulador-2-canais-care-tens\",\"sku\":\"ELE0134\",\"image\":{\"@type\":\"ImageObject\",\"url\":\"https:\\\/\\\/fisio-shop.pt\\\/wp-content\\\/uploads\\\/2026\\\/02\\\/GIMA-CARE-TENS-1.jpg\",\"@id\":\"https:\\\/\\\/fisio-shop.pt\\\/?product=electroestimulador-2-canais-care-tens\\\/#productImage\",\"width\":350,\"height\":263},\"offers\":{\"@type\":\"Offer\",\"url\":\"https:\\\/\\\/fisio-shop.pt\\\/?product=electroestimulador-2-canais-care-tens#wooCommerceOffer\",\"price\":119.67,\"priceCurrency\":\"EUR\",\"category\":\"Sa\\u00fade\",\"availability\":\"https:\\\/\\\/schema.org\\\/InStock\",\"priceSpecification\":{\"@type\":\"PriceSpecification\",\"price\":119.67,\"priceCurrency\":\"EUR\",\"valueAddedTaxIncluded\":\"true\"},\"seller\":{\"@type\":\"Organization\",\"@id\":\"https:\\\/\\\/fisio-shop.pt\\\/#organization\"}}},{\"@type\":\"WebPage\",\"@id\":\"https:\\\/\\\/fisio-shop.pt\\\/?product=electroestimulador-2-canais-care-tens#webpage\",\"url\":\"https:\\\/\\\/fisio-shop.pt\\\/?product=electroestimulador-2-canais-care-tens\",\"name\":\"ELECTROESTIMULADOR 2 CANAIS CARE TENS - Fisio-shop\",\"description\":\"Eletroterapia de 2 canais independentes\",\"inLanguage\":\"pt-PT\",\"isPartOf\":{\"@id\":\"https:\\\/\\\/fisio-shop.pt\\\/#website\"},\"breadcrumb\":{\"@id\":\"https:\\\/\\\/fisio-shop.pt\\\/?product=electroestimulador-2-canais-care-tens#breadcrumblist\"},\"image\":{\"@type\":\"ImageObject\",\"url\":\"https:\\\/\\\/fisio-shop.pt\\\/wp-content\\\/uploads\\\/2026\\\/02\\\/GIMA-CARE-TENS-1.jpg\",\"@id\":\"https:\\\/\\\/fisio-shop.pt\\\/?product=electroestimulador-2-canais-care-tens\\\/#mainImage\",\"width\":350,\"height\":263},\"primaryImageOfPage\":{\"@id\":\"https:\\\/\\\/fisio-shop.pt\\\/?product=electroestimulador-2-canais-care-tens#mainImage\"},\"datePublished\":\"2023-05-18T10:30:01+00:00\",\"dateModified\":\"2026-02-25T20:05:19+00:00\"},{\"@type\":\"WebSite\",\"@id\":\"https:\\\/\\\/fisio-shop.pt\\\/#website\",\"url\":\"https:\\\/\\\/fisio-shop.pt\\\/\",\"name\":\"Fisio-shop\",\"description\":\"Empresa especializada na distribui\\u00e7\\u00e3o de equipamentos profissionais para os mercados da Fisioterapia, Geriatria, Fitness e Medicina Desportiva.\",\"inLanguage\":\"pt-PT\",\"publisher\":{\"@id\":\"https:\\\/\\\/fisio-shop.pt\\\/#organization\"}}]}\n\t\t<\/script>\n\t\t<!-- All in One SEO Pro -->\r\n\t\t<title>ELECTROESTIMULADOR 2 CANAIS CARE TENS - Fisio-shop<\/title>\n\n","aioseo_head_json":{"title":"ELECTROESTIMULADOR 2 CANAIS CARE TENS - Fisio-shop","description":"Eletroterapia de 2 canais independentes","canonical_url":"https:\/\/fisio-shop.pt\/?product=electroestimulador-2-canais-care-tens","robots":"max-image-preview:large","keywords":"","webmasterTools":{"miscellaneous":""},"schema":{"@context":"https:\/\/schema.org","@graph":[{"@type":"BreadcrumbList","@id":"https:\/\/fisio-shop.pt\/?product=electroestimulador-2-canais-care-tens#breadcrumblist","itemListElement":[{"@type":"ListItem","@id":"https:\/\/fisio-shop.pt#listItem","position":1,"name":"Home","item":"https:\/\/fisio-shop.pt","nextItem":{"@type":"ListItem","@id":"https:\/\/fisio-shop.pt\/?page_id=5#listItem","name":"Loja"}},{"@type":"ListItem","@id":"https:\/\/fisio-shop.pt\/?page_id=5#listItem","position":2,"name":"Loja","item":"https:\/\/fisio-shop.pt\/?page_id=5","nextItem":{"@type":"ListItem","@id":"https:\/\/fisio-shop.pt\/?product_cat=saude#listItem","name":"Sa\u00fade"},"previousItem":{"@type":"ListItem","@id":"https:\/\/fisio-shop.pt#listItem","name":"Home"}},{"@type":"ListItem","@id":"https:\/\/fisio-shop.pt\/?product_cat=saude#listItem","position":3,"name":"Sa\u00fade","item":"https:\/\/fisio-shop.pt\/?product_cat=saude","nextItem":{"@type":"ListItem","@id":"https:\/\/fisio-shop.pt\/?product_cat=equipamentos-para-medicina-fisica-e-reabilitacao#listItem","name":"Equipamentos para medicina f\u00edsica e reabilita\u00e7\u00e3o"},"previousItem":{"@type":"ListItem","@id":"https:\/\/fisio-shop.pt\/?page_id=5#listItem","name":"Loja"}},{"@type":"ListItem","@id":"https:\/\/fisio-shop.pt\/?product_cat=equipamentos-para-medicina-fisica-e-reabilitacao#listItem","position":4,"name":"Equipamentos para medicina f\u00edsica e reabilita\u00e7\u00e3o","item":"https:\/\/fisio-shop.pt\/?product_cat=equipamentos-para-medicina-fisica-e-reabilitacao","nextItem":{"@type":"ListItem","@id":"https:\/\/fisio-shop.pt\/?product_cat=eletroterapia#listItem","name":"Eletroterapia"},"previousItem":{"@type":"ListItem","@id":"https:\/\/fisio-shop.pt\/?product_cat=saude#listItem","name":"Sa\u00fade"}},{"@type":"ListItem","@id":"https:\/\/fisio-shop.pt\/?product_cat=eletroterapia#listItem","position":5,"name":"Eletroterapia","item":"https:\/\/fisio-shop.pt\/?product_cat=eletroterapia","nextItem":{"@type":"ListItem","@id":"https:\/\/fisio-shop.pt\/?product_cat=eletroestimuladores#listItem","name":"Eletroestimuladores"},"previousItem":{"@type":"ListItem","@id":"https:\/\/fisio-shop.pt\/?product_cat=equipamentos-para-medicina-fisica-e-reabilitacao#listItem","name":"Equipamentos para medicina f\u00edsica e reabilita\u00e7\u00e3o"}},{"@type":"ListItem","@id":"https:\/\/fisio-shop.pt\/?product_cat=eletroestimuladores#listItem","position":6,"name":"Eletroestimuladores","item":"https:\/\/fisio-shop.pt\/?product_cat=eletroestimuladores","nextItem":{"@type":"ListItem","@id":"https:\/\/fisio-shop.pt\/?product=electroestimulador-2-canais-care-tens#listItem","name":"ELECTROESTIMULADOR 2 CANAIS CARE TENS"},"previousItem":{"@type":"ListItem","@id":"https:\/\/fisio-shop.pt\/?product_cat=eletroterapia#listItem","name":"Eletroterapia"}},{"@type":"ListItem","@id":"https:\/\/fisio-shop.pt\/?product=electroestimulador-2-canais-care-tens#listItem","position":7,"name":"ELECTROESTIMULADOR 2 CANAIS CARE TENS","previousItem":{"@type":"ListItem","@id":"https:\/\/fisio-shop.pt\/?product_cat=eletroestimuladores#listItem","name":"Eletroestimuladores"}}]},{"@type":"Organization","@id":"https:\/\/fisio-shop.pt\/#organization","name":"Fisio-shop","description":"Empresa especializada na distribui\u00e7\u00e3o de equipamentos profissionais para os mercados da Fisioterapia, Geriatria, Fitness e Medicina Desportiva. Empresa especializada na distribui\u00e7\u00e3o de equipamentos profissionais para os mercados da Fisioterapia, Geriatria, Fitness e Medicina Desportiva.","url":"https:\/\/fisio-shop.pt\/","logo":{"@type":"ImageObject","url":"https:\/\/fisio-shop.pt\/wp-content\/uploads\/2026\/04\/android-chrome-192x192-1.png","@id":"https:\/\/fisio-shop.pt\/?product=electroestimulador-2-canais-care-tens\/#organizationLogo"},"image":{"@id":"https:\/\/fisio-shop.pt\/?product=electroestimulador-2-canais-care-tens\/#organizationLogo"},"sameAs":["https:\/\/www.facebook.com\/p\/Fisioshop-Comrcio-de-Equipamentos-Lda-100036934916130\/"]},{"@type":"Product","@id":"https:\/\/fisio-shop.pt\/?product=electroestimulador-2-canais-care-tens#wooCommerceProduct","name":"ELECTROESTIMULADOR 2 CANAIS CARE TENS","description":"Eletroterapia de 2 canais independentes","url":"https:\/\/fisio-shop.pt\/?product=electroestimulador-2-canais-care-tens","sku":"ELE0134","image":{"@type":"ImageObject","url":"https:\/\/fisio-shop.pt\/wp-content\/uploads\/2026\/02\/GIMA-CARE-TENS-1.jpg","@id":"https:\/\/fisio-shop.pt\/?product=electroestimulador-2-canais-care-tens\/#productImage","width":350,"height":263},"offers":{"@type":"Offer","url":"https:\/\/fisio-shop.pt\/?product=electroestimulador-2-canais-care-tens#wooCommerceOffer","price":119.67,"priceCurrency":"EUR","category":"Sa\u00fade","availability":"https:\/\/schema.org\/InStock","priceSpecification":{"@type":"PriceSpecification","price":119.67,"priceCurrency":"EUR","valueAddedTaxIncluded":"true"},"seller":{"@type":"Organization","@id":"https:\/\/fisio-shop.pt\/#organization"}}},{"@type":"WebPage","@id":"https:\/\/fisio-shop.pt\/?product=electroestimulador-2-canais-care-tens#webpage","url":"https:\/\/fisio-shop.pt\/?product=electroestimulador-2-canais-care-tens","name":"ELECTROESTIMULADOR 2 CANAIS CARE TENS - Fisio-shop","description":"Eletroterapia de 2 canais independentes","inLanguage":"pt-PT","isPartOf":{"@id":"https:\/\/fisio-shop.pt\/#website"},"breadcrumb":{"@id":"https:\/\/fisio-shop.pt\/?product=electroestimulador-2-canais-care-tens#breadcrumblist"},"image":{"@type":"ImageObject","url":"https:\/\/fisio-shop.pt\/wp-content\/uploads\/2026\/02\/GIMA-CARE-TENS-1.jpg","@id":"https:\/\/fisio-shop.pt\/?product=electroestimulador-2-canais-care-tens\/#mainImage","width":350,"height":263},"primaryImageOfPage":{"@id":"https:\/\/fisio-shop.pt\/?product=electroestimulador-2-canais-care-tens#mainImage"},"datePublished":"2023-05-18T10:30:01+00:00","dateModified":"2026-02-25T20:05:19+00:00"},{"@type":"WebSite","@id":"https:\/\/fisio-shop.pt\/#website","url":"https:\/\/fisio-shop.pt\/","name":"Fisio-shop","description":"Empresa especializada na distribui\u00e7\u00e3o de equipamentos profissionais para os mercados da Fisioterapia, Geriatria, Fitness e Medicina Desportiva.","inLanguage":"pt-PT","publisher":{"@id":"https:\/\/fisio-shop.pt\/#organization"}}]},"og:locale":"pt_PT","og:site_name":"Fisio-shop - Empresa especializada na distribui\u00e7\u00e3o de equipamentos profissionais para os mercados da Fisioterapia, Geriatria, Fitness e Medicina Desportiva.","og:type":"article","og:title":"ELECTROESTIMULADOR 2 CANAIS CARE TENS - Fisio-shop","og:description":"Eletroterapia de 2 canais independentes","og:url":"https:\/\/fisio-shop.pt\/?product=electroestimulador-2-canais-care-tens","og:image":"https:\/\/fisio-shop.pt\/wp-content\/uploads\/2026\/04\/android-chrome-192x192-1.png","og:image:secure_url":"https:\/\/fisio-shop.pt\/wp-content\/uploads\/2026\/04\/android-chrome-192x192-1.png","article:published_time":"2023-05-18T10:30:01+00:00","article:modified_time":"2026-02-25T20:05:19+00:00","article:publisher":"https:\/\/www.facebook.com\/p\/Fisioshop-Comrcio-de-Equipamentos-Lda-100036934916130\/","twitter:card":"summary_large_image","twitter:title":"ELECTROESTIMULADOR 2 CANAIS CARE TENS - Fisio-shop","twitter:description":"Eletroterapia de 2 canais independentes","twitter:image":"https:\/\/fisio-shop.pt\/wp-content\/uploads\/2026\/04\/android-chrome-192x192-1.png"},"aioseo_meta_data":{"post_id":"10215","title":null,"description":null,"keywords":null,"keyphrases":null,"primary_term":null,"canonical_url":null,"og_title":null,"og_description":null,"og_object_type":"default","og_image_type":"default","og_image_url":null,"og_image_width":null,"og_image_height":null,"og_image_custom_url":null,"og_image_custom_fields":null,"og_video":null,"og_custom_url":null,"og_article_section":null,"og_article_tags":null,"twitter_use_og":false,"twitter_card":"default","twitter_image_type":"default","twitter_image_url":null,"twitter_image_custom_url":null,"twitter_image_custom_fields":null,"twitter_title":null,"twitter_description":null,"schema":{"blockGraphs":[],"customGraphs":[],"default":{"data":{"Article":[],"Course":[],"Dataset":[],"FAQPage":[],"Movie":[],"Person":[],"Product":[],"ProductReview":[],"Car":[],"Recipe":[],"Service":[],"SoftwareApplication":[],"WebPage":[]},"graphName":"","isEnabled":true},"graphs":[]},"schema_type":"default","schema_type_options":null,"pillar_content":false,"robots_default":true,"robots_noindex":false,"robots_noarchive":false,"robots_nosnippet":false,"robots_nofollow":false,"robots_noimageindex":false,"robots_noodp":false,"robots_notranslate":false,"robots_max_snippet":null,"robots_max_videopreview":null,"robots_max_imagepreview":"large","priority":null,"frequency":null,"local_seo":null,"seo_analyzer_scan_date":"2026-04-18 08:45:22","breadcrumb_settings":null,"limit_modified_date":false,"open_ai":null,"ai":null,"created":"2026-04-18 07:02:19","updated":"2026-04-18 22:33:23"},"aioseo_breadcrumb":"<div class=\"aioseo-breadcrumbs\"><span class=\"aioseo-breadcrumb\">\n\t<a href=\"https:\/\/fisio-shop.pt\" title=\"Home\">Home<\/a>\n<\/span><span class=\"aioseo-breadcrumb-separator\">\u00bb<\/span><span class=\"aioseo-breadcrumb\">\n\t<a href=\"https:\/\/fisio-shop.pt\/?page_id=5\" title=\"Loja\">Loja<\/a>\n<\/span><span class=\"aioseo-breadcrumb-separator\">\u00bb<\/span><span class=\"aioseo-breadcrumb\">\n\t<a href=\"https:\/\/fisio-shop.pt\/?product_cat=saude\" title=\"Sa\u00fade\">Sa\u00fade<\/a>\n<\/span><span class=\"aioseo-breadcrumb-separator\">\u00bb<\/span><span class=\"aioseo-breadcrumb\">\n\t<a href=\"https:\/\/fisio-shop.pt\/?product_cat=equipamentos-para-medicina-fisica-e-reabilitacao\" title=\"Equipamentos para medicina f\u00edsica e reabilita\u00e7\u00e3o\">Equipamentos para medicina f\u00edsica e reabilita\u00e7\u00e3o<\/a>\n<\/span><span class=\"aioseo-breadcrumb-separator\">\u00bb<\/span><span class=\"aioseo-breadcrumb\">\n\t<a href=\"https:\/\/fisio-shop.pt\/?product_cat=eletroterapia\" title=\"Eletroterapia\">Eletroterapia<\/a>\n<\/span><span class=\"aioseo-breadcrumb-separator\">\u00bb<\/span><span class=\"aioseo-breadcrumb\">\n\t<a href=\"https:\/\/fisio-shop.pt\/?product_cat=eletroestimuladores\" title=\"Eletroestimuladores\">Eletroestimuladores<\/a>\n<\/span><span class=\"aioseo-breadcrumb-separator\">\u00bb<\/span><span class=\"aioseo-breadcrumb\">\n\tELECTROESTIMULADOR 2 CANAIS CARE TENS\n<\/span><\/div>","aioseo_breadcrumb_json":[{"label":"Home","link":"https:\/\/fisio-shop.pt"},{"label":"Loja","link":"https:\/\/fisio-shop.pt\/?page_id=5"},{"label":"Sa\u00fade","link":"https:\/\/fisio-shop.pt\/?product_cat=saude"},{"label":"Equipamentos para medicina f\u00edsica e reabilita\u00e7\u00e3o","link":"https:\/\/fisio-shop.pt\/?product_cat=equipamentos-para-medicina-fisica-e-reabilitacao"},{"label":"Eletroterapia","link":"https:\/\/fisio-shop.pt\/?product_cat=eletroterapia"},{"label":"Eletroestimuladores","link":"https:\/\/fisio-shop.pt\/?product_cat=eletroestimuladores"},{"label":"ELECTROESTIMULADOR 2 CANAIS CARE TENS","link":"https:\/\/fisio-shop.pt\/?product=electroestimulador-2-canais-care-tens"}],"_links":{"self":[{"href":"https:\/\/fisio-shop.pt\/index.php?rest_route=\/wp\/v2\/product\/10215","targetHints":{"allow":["GET"]}}],"collection":[{"href":"https:\/\/fisio-shop.pt\/index.php?rest_route=\/wp\/v2\/product"}],"about":[{"href":"https:\/\/fisio-shop.pt\/index.php?rest_route=\/wp\/v2\/types\/product"}],"replies":[{"embeddable":true,"href":"https:\/\/fisio-shop.pt\/index.php?rest_route=%2Fwp%2Fv2%2Fcomments&post=10215"}],"version-history":[{"count":0,"href":"https:\/\/fisio-shop.pt\/index.php?rest_route=\/wp\/v2\/product\/10215\/revisions"}],"wp:featuredmedia":[{"embeddable":true,"href":"https:\/\/fisio-shop.pt\/index.php?rest_route=\/wp\/v2\/media\/12486"}],"wp:attachment":[{"href":"https:\/\/fisio-shop.pt\/index.php?rest_route=%2Fwp%2Fv2%2Fmedia&parent=10215"}],"wp:term":[{"taxonomy":"product_brand","embeddable":true,"href":"https:\/\/fisio-shop.pt\/index.php?rest_route=%2Fwp%2Fv2%2Fproduct_brand&post=10215"},{"taxonomy":"product_cat","embeddable":true,"href":"https:\/\/fisio-shop.pt\/index.php?rest_route=%2Fwp%2Fv2%2Fproduct_cat&post=10215"},{"taxonomy":"product_tag","embeddable":true,"href":"https:\/\/fisio-shop.pt\/index.php?rest_route=%2Fwp%2Fv2%2Fproduct_tag&post=10215"}],"curies":[{"name":"wp","href":"https:\/\/api.w.org\/{rel}","templated":true}]}}