{"id":10262,"date":"2024-01-22T13:32:51","date_gmt":"2024-01-22T13:32:51","guid":{"rendered":"https:\/\/fisio-shop.pt\/loja\/papel-marquesa-hospitalar-22-gr-100x60\/"},"modified":"2026-02-25T20:05:31","modified_gmt":"2026-02-25T20:05:31","slug":"papel-marquesa-hospitalar-22-gr-100x60","status":"publish","type":"product","link":"https:\/\/fisio-shop.pt\/?product=papel-marquesa-hospitalar-22-gr-100x60","title":{"rendered":"PAPEL MARQUESA HOSPITALAR 22 GR 100&#215;60"},"content":{"rendered":"<p>Caixa com rolos de papel de marquesa de qualidade hospitalar de 22gr.<\/p>\n<ul>\n<li>100 mt x 60 cm: 8 rolos.<\/li>\n<\/ul>\n<p>&nbsp;<\/p>\n","protected":false},"excerpt":{"rendered":"<p>Rolos de papel de marquesa de qualidade hospitalar de 22gr.<\/p>\n","protected":false},"featured_media":10955,"comment_status":"open","ping_status":"closed","template":"","meta":{"rs_blank_template":"","rs_page_bg_color":"","slide_template_v7":""},"product_brand":[],"product_cat":[1397,1401,1851,1852],"product_tag":[],"class_list":{"0":"post-10262","1":"product","2":"type-product","3":"status-publish","4":"has-post-thumbnail","6":"product_cat-saude","7":"product_cat-equipamentos-para-medicina-fisica-e-reabilitacao","8":"product_cat-papel-de-marquesa","9":"product_cat-consumiveis-de-fisioterapia","11":"first","12":"instock","13":"shipping-taxable","14":"purchasable","15":"product-type-simple"},"aioseo_notices":[],"etheme_brands":{"errors":{"invalid_taxonomy":["Taxonomia inv\u00e1lida."]},"error_data":[]},"aioseo_head":"\n\t\t<!-- All in One SEO Pro 4.9.0 - aioseo.com -->\n\t<meta name=\"description\" content=\"Rolos de papel de marquesa de qualidade hospitalar de 22gr.\" \/>\n\t<meta name=\"robots\" content=\"max-image-preview:large\" \/>\n\t<link rel=\"canonical\" href=\"https:\/\/fisio-shop.pt\/?product=papel-marquesa-hospitalar-22-gr-100x60\" \/>\n\t<meta name=\"generator\" content=\"All in One SEO Pro (AIOSEO) 4.9.0\" \/>\n\t\t<meta property=\"og:locale\" content=\"pt_PT\" \/>\n\t\t<meta property=\"og:site_name\" content=\"Fisio-shop - Empresa especializada na distribui\u00e7\u00e3o de equipamentos profissionais para os mercados da Fisioterapia, Geriatria, Fitness e Medicina Desportiva.\" \/>\n\t\t<meta property=\"og:type\" content=\"article\" \/>\n\t\t<meta property=\"og:title\" content=\"PAPEL MARQUESA HOSPITALAR 22 GR 100\u00d760 - Fisio-shop\" \/>\n\t\t<meta property=\"og:description\" content=\"Rolos de papel de marquesa de qualidade hospitalar de 22gr.\" \/>\n\t\t<meta property=\"og:url\" content=\"https:\/\/fisio-shop.pt\/?product=papel-marquesa-hospitalar-22-gr-100x60\" \/>\n\t\t<meta property=\"og:image\" content=\"https:\/\/fisio-shop.pt\/wp-content\/uploads\/2026\/04\/android-chrome-192x192-1.png\" \/>\n\t\t<meta property=\"og:image:secure_url\" content=\"https:\/\/fisio-shop.pt\/wp-content\/uploads\/2026\/04\/android-chrome-192x192-1.png\" \/>\n\t\t<meta property=\"article:published_time\" content=\"2024-01-22T13:32:51+00:00\" \/>\n\t\t<meta property=\"article:modified_time\" content=\"2026-02-25T20:05:31+00:00\" \/>\n\t\t<meta property=\"article:publisher\" content=\"https:\/\/www.facebook.com\/p\/Fisioshop-Comrcio-de-Equipamentos-Lda-100036934916130\/\" \/>\n\t\t<meta name=\"twitter:card\" content=\"summary_large_image\" \/>\n\t\t<meta name=\"twitter:title\" content=\"PAPEL MARQUESA HOSPITALAR 22 GR 100\u00d760 - Fisio-shop\" \/>\n\t\t<meta name=\"twitter:description\" content=\"Rolos de papel de marquesa de qualidade hospitalar de 22gr.\" \/>\n\t\t<meta name=\"twitter:image\" content=\"https:\/\/fisio-shop.pt\/wp-content\/uploads\/2026\/04\/android-chrome-192x192-1.png\" \/>\n\t\t<script type=\"application\/ld+json\" class=\"aioseo-schema\">\n\t\t\t{\"@context\":\"https:\\\/\\\/schema.org\",\"@graph\":[{\"@type\":\"BreadcrumbList\",\"@id\":\"https:\\\/\\\/fisio-shop.pt\\\/?product=papel-marquesa-hospitalar-22-gr-100x60#breadcrumblist\",\"itemListElement\":[{\"@type\":\"ListItem\",\"@id\":\"https:\\\/\\\/fisio-shop.pt#listItem\",\"position\":1,\"name\":\"Home\",\"item\":\"https:\\\/\\\/fisio-shop.pt\",\"nextItem\":{\"@type\":\"ListItem\",\"@id\":\"https:\\\/\\\/fisio-shop.pt\\\/?page_id=5#listItem\",\"name\":\"Loja\"}},{\"@type\":\"ListItem\",\"@id\":\"https:\\\/\\\/fisio-shop.pt\\\/?page_id=5#listItem\",\"position\":2,\"name\":\"Loja\",\"item\":\"https:\\\/\\\/fisio-shop.pt\\\/?page_id=5\",\"nextItem\":{\"@type\":\"ListItem\",\"@id\":\"https:\\\/\\\/fisio-shop.pt\\\/?product_cat=saude#listItem\",\"name\":\"Sa\\u00fade\"},\"previousItem\":{\"@type\":\"ListItem\",\"@id\":\"https:\\\/\\\/fisio-shop.pt#listItem\",\"name\":\"Home\"}},{\"@type\":\"ListItem\",\"@id\":\"https:\\\/\\\/fisio-shop.pt\\\/?product_cat=saude#listItem\",\"position\":3,\"name\":\"Sa\\u00fade\",\"item\":\"https:\\\/\\\/fisio-shop.pt\\\/?product_cat=saude\",\"nextItem\":{\"@type\":\"ListItem\",\"@id\":\"https:\\\/\\\/fisio-shop.pt\\\/?product_cat=equipamentos-para-medicina-fisica-e-reabilitacao#listItem\",\"name\":\"Equipamentos para medicina f\\u00edsica e reabilita\\u00e7\\u00e3o\"},\"previousItem\":{\"@type\":\"ListItem\",\"@id\":\"https:\\\/\\\/fisio-shop.pt\\\/?page_id=5#listItem\",\"name\":\"Loja\"}},{\"@type\":\"ListItem\",\"@id\":\"https:\\\/\\\/fisio-shop.pt\\\/?product_cat=equipamentos-para-medicina-fisica-e-reabilitacao#listItem\",\"position\":4,\"name\":\"Equipamentos para medicina f\\u00edsica e reabilita\\u00e7\\u00e3o\",\"item\":\"https:\\\/\\\/fisio-shop.pt\\\/?product_cat=equipamentos-para-medicina-fisica-e-reabilitacao\",\"nextItem\":{\"@type\":\"ListItem\",\"@id\":\"https:\\\/\\\/fisio-shop.pt\\\/?product_cat=consumiveis-de-fisioterapia#listItem\",\"name\":\"Consum\\u00edveis de fisioterapia\"},\"previousItem\":{\"@type\":\"ListItem\",\"@id\":\"https:\\\/\\\/fisio-shop.pt\\\/?product_cat=saude#listItem\",\"name\":\"Sa\\u00fade\"}},{\"@type\":\"ListItem\",\"@id\":\"https:\\\/\\\/fisio-shop.pt\\\/?product_cat=consumiveis-de-fisioterapia#listItem\",\"position\":5,\"name\":\"Consum\\u00edveis de fisioterapia\",\"item\":\"https:\\\/\\\/fisio-shop.pt\\\/?product_cat=consumiveis-de-fisioterapia\",\"nextItem\":{\"@type\":\"ListItem\",\"@id\":\"https:\\\/\\\/fisio-shop.pt\\\/?product_cat=papel-de-marquesa#listItem\",\"name\":\"Papel de marquesa\"},\"previousItem\":{\"@type\":\"ListItem\",\"@id\":\"https:\\\/\\\/fisio-shop.pt\\\/?product_cat=equipamentos-para-medicina-fisica-e-reabilitacao#listItem\",\"name\":\"Equipamentos para medicina f\\u00edsica e reabilita\\u00e7\\u00e3o\"}},{\"@type\":\"ListItem\",\"@id\":\"https:\\\/\\\/fisio-shop.pt\\\/?product_cat=papel-de-marquesa#listItem\",\"position\":6,\"name\":\"Papel de marquesa\",\"item\":\"https:\\\/\\\/fisio-shop.pt\\\/?product_cat=papel-de-marquesa\",\"nextItem\":{\"@type\":\"ListItem\",\"@id\":\"https:\\\/\\\/fisio-shop.pt\\\/?product=papel-marquesa-hospitalar-22-gr-100x60#listItem\",\"name\":\"PAPEL MARQUESA HOSPITALAR 22 GR 100&#215;60\"},\"previousItem\":{\"@type\":\"ListItem\",\"@id\":\"https:\\\/\\\/fisio-shop.pt\\\/?product_cat=consumiveis-de-fisioterapia#listItem\",\"name\":\"Consum\\u00edveis de fisioterapia\"}},{\"@type\":\"ListItem\",\"@id\":\"https:\\\/\\\/fisio-shop.pt\\\/?product=papel-marquesa-hospitalar-22-gr-100x60#listItem\",\"position\":7,\"name\":\"PAPEL MARQUESA HOSPITALAR 22 GR 100&#215;60\",\"previousItem\":{\"@type\":\"ListItem\",\"@id\":\"https:\\\/\\\/fisio-shop.pt\\\/?product_cat=papel-de-marquesa#listItem\",\"name\":\"Papel de marquesa\"}}]},{\"@type\":\"Organization\",\"@id\":\"https:\\\/\\\/fisio-shop.pt\\\/#organization\",\"name\":\"Fisio-shop\",\"description\":\"Empresa especializada na distribui\\u00e7\\u00e3o de equipamentos profissionais para os mercados da Fisioterapia, Geriatria, Fitness e Medicina Desportiva. Empresa especializada na distribui\\u00e7\\u00e3o de equipamentos profissionais para os mercados da Fisioterapia, Geriatria, Fitness e Medicina Desportiva.\",\"url\":\"https:\\\/\\\/fisio-shop.pt\\\/\",\"logo\":{\"@type\":\"ImageObject\",\"url\":\"https:\\\/\\\/fisio-shop.pt\\\/wp-content\\\/uploads\\\/2026\\\/04\\\/android-chrome-192x192-1.png\",\"@id\":\"https:\\\/\\\/fisio-shop.pt\\\/?product=papel-marquesa-hospitalar-22-gr-100x60\\\/#organizationLogo\"},\"image\":{\"@id\":\"https:\\\/\\\/fisio-shop.pt\\\/?product=papel-marquesa-hospitalar-22-gr-100x60\\\/#organizationLogo\"},\"sameAs\":[\"https:\\\/\\\/www.facebook.com\\\/p\\\/Fisioshop-Comrcio-de-Equipamentos-Lda-100036934916130\\\/\"]},{\"@type\":\"Product\",\"@id\":\"https:\\\/\\\/fisio-shop.pt\\\/?product=papel-marquesa-hospitalar-22-gr-100x60#wooCommerceProduct\",\"name\":\"PAPEL MARQUESA HOSPITALAR 22 GR 100x60\",\"description\":\"Rolos de papel de marquesa de qualidade hospitalar de 22gr.\",\"url\":\"https:\\\/\\\/fisio-shop.pt\\\/?product=papel-marquesa-hospitalar-22-gr-100x60\",\"sku\":\"CON0374\",\"image\":{\"@type\":\"ImageObject\",\"url\":\"https:\\\/\\\/fisio-shop.pt\\\/wp-content\\\/uploads\\\/2026\\\/02\\\/PAPEL-HOSPITALAR-22GR-5.jpg\",\"@id\":\"https:\\\/\\\/fisio-shop.pt\\\/?product=papel-marquesa-hospitalar-22-gr-100x60\\\/#productImage\",\"width\":500,\"height\":500},\"offers\":{\"@type\":\"Offer\",\"url\":\"https:\\\/\\\/fisio-shop.pt\\\/?product=papel-marquesa-hospitalar-22-gr-100x60#wooCommerceOffer\",\"price\":43.49,\"priceCurrency\":\"EUR\",\"category\":\"Sa\\u00fade\",\"availability\":\"https:\\\/\\\/schema.org\\\/InStock\",\"priceSpecification\":{\"@type\":\"PriceSpecification\",\"price\":43.49,\"priceCurrency\":\"EUR\",\"valueAddedTaxIncluded\":\"true\"},\"seller\":{\"@type\":\"Organization\",\"@id\":\"https:\\\/\\\/fisio-shop.pt\\\/#organization\"}}},{\"@type\":\"WebPage\",\"@id\":\"https:\\\/\\\/fisio-shop.pt\\\/?product=papel-marquesa-hospitalar-22-gr-100x60#webpage\",\"url\":\"https:\\\/\\\/fisio-shop.pt\\\/?product=papel-marquesa-hospitalar-22-gr-100x60\",\"name\":\"PAPEL MARQUESA HOSPITALAR 22 GR 100\\u00d760 - Fisio-shop\",\"description\":\"Rolos de papel de marquesa de qualidade hospitalar de 22gr.\",\"inLanguage\":\"pt-PT\",\"isPartOf\":{\"@id\":\"https:\\\/\\\/fisio-shop.pt\\\/#website\"},\"breadcrumb\":{\"@id\":\"https:\\\/\\\/fisio-shop.pt\\\/?product=papel-marquesa-hospitalar-22-gr-100x60#breadcrumblist\"},\"image\":{\"@type\":\"ImageObject\",\"url\":\"https:\\\/\\\/fisio-shop.pt\\\/wp-content\\\/uploads\\\/2026\\\/02\\\/PAPEL-HOSPITALAR-22GR-5.jpg\",\"@id\":\"https:\\\/\\\/fisio-shop.pt\\\/?product=papel-marquesa-hospitalar-22-gr-100x60\\\/#mainImage\",\"width\":500,\"height\":500},\"primaryImageOfPage\":{\"@id\":\"https:\\\/\\\/fisio-shop.pt\\\/?product=papel-marquesa-hospitalar-22-gr-100x60#mainImage\"},\"datePublished\":\"2024-01-22T13:32:51+00:00\",\"dateModified\":\"2026-02-25T20:05:31+00:00\"},{\"@type\":\"WebSite\",\"@id\":\"https:\\\/\\\/fisio-shop.pt\\\/#website\",\"url\":\"https:\\\/\\\/fisio-shop.pt\\\/\",\"name\":\"Fisio-shop\",\"description\":\"Empresa especializada na distribui\\u00e7\\u00e3o de equipamentos profissionais para os mercados da Fisioterapia, Geriatria, Fitness e Medicina Desportiva.\",\"inLanguage\":\"pt-PT\",\"publisher\":{\"@id\":\"https:\\\/\\\/fisio-shop.pt\\\/#organization\"}}]}\n\t\t<\/script>\n\t\t<!-- All in One SEO Pro -->\r\n\t\t<title>PAPEL MARQUESA HOSPITALAR 22 GR 100\u00d760 - Fisio-shop<\/title>\n\n","aioseo_head_json":{"title":"PAPEL MARQUESA HOSPITALAR 22 GR 100\u00d760 - Fisio-shop","description":"Rolos de papel de marquesa de qualidade hospitalar de 22gr.","canonical_url":"https:\/\/fisio-shop.pt\/?product=papel-marquesa-hospitalar-22-gr-100x60","robots":"max-image-preview:large","keywords":"","webmasterTools":{"miscellaneous":""},"schema":{"@context":"https:\/\/schema.org","@graph":[{"@type":"BreadcrumbList","@id":"https:\/\/fisio-shop.pt\/?product=papel-marquesa-hospitalar-22-gr-100x60#breadcrumblist","itemListElement":[{"@type":"ListItem","@id":"https:\/\/fisio-shop.pt#listItem","position":1,"name":"Home","item":"https:\/\/fisio-shop.pt","nextItem":{"@type":"ListItem","@id":"https:\/\/fisio-shop.pt\/?page_id=5#listItem","name":"Loja"}},{"@type":"ListItem","@id":"https:\/\/fisio-shop.pt\/?page_id=5#listItem","position":2,"name":"Loja","item":"https:\/\/fisio-shop.pt\/?page_id=5","nextItem":{"@type":"ListItem","@id":"https:\/\/fisio-shop.pt\/?product_cat=saude#listItem","name":"Sa\u00fade"},"previousItem":{"@type":"ListItem","@id":"https:\/\/fisio-shop.pt#listItem","name":"Home"}},{"@type":"ListItem","@id":"https:\/\/fisio-shop.pt\/?product_cat=saude#listItem","position":3,"name":"Sa\u00fade","item":"https:\/\/fisio-shop.pt\/?product_cat=saude","nextItem":{"@type":"ListItem","@id":"https:\/\/fisio-shop.pt\/?product_cat=equipamentos-para-medicina-fisica-e-reabilitacao#listItem","name":"Equipamentos para medicina f\u00edsica e reabilita\u00e7\u00e3o"},"previousItem":{"@type":"ListItem","@id":"https:\/\/fisio-shop.pt\/?page_id=5#listItem","name":"Loja"}},{"@type":"ListItem","@id":"https:\/\/fisio-shop.pt\/?product_cat=equipamentos-para-medicina-fisica-e-reabilitacao#listItem","position":4,"name":"Equipamentos para medicina f\u00edsica e reabilita\u00e7\u00e3o","item":"https:\/\/fisio-shop.pt\/?product_cat=equipamentos-para-medicina-fisica-e-reabilitacao","nextItem":{"@type":"ListItem","@id":"https:\/\/fisio-shop.pt\/?product_cat=consumiveis-de-fisioterapia#listItem","name":"Consum\u00edveis de fisioterapia"},"previousItem":{"@type":"ListItem","@id":"https:\/\/fisio-shop.pt\/?product_cat=saude#listItem","name":"Sa\u00fade"}},{"@type":"ListItem","@id":"https:\/\/fisio-shop.pt\/?product_cat=consumiveis-de-fisioterapia#listItem","position":5,"name":"Consum\u00edveis de fisioterapia","item":"https:\/\/fisio-shop.pt\/?product_cat=consumiveis-de-fisioterapia","nextItem":{"@type":"ListItem","@id":"https:\/\/fisio-shop.pt\/?product_cat=papel-de-marquesa#listItem","name":"Papel de marquesa"},"previousItem":{"@type":"ListItem","@id":"https:\/\/fisio-shop.pt\/?product_cat=equipamentos-para-medicina-fisica-e-reabilitacao#listItem","name":"Equipamentos para medicina f\u00edsica e reabilita\u00e7\u00e3o"}},{"@type":"ListItem","@id":"https:\/\/fisio-shop.pt\/?product_cat=papel-de-marquesa#listItem","position":6,"name":"Papel de marquesa","item":"https:\/\/fisio-shop.pt\/?product_cat=papel-de-marquesa","nextItem":{"@type":"ListItem","@id":"https:\/\/fisio-shop.pt\/?product=papel-marquesa-hospitalar-22-gr-100x60#listItem","name":"PAPEL MARQUESA HOSPITALAR 22 GR 100&#215;60"},"previousItem":{"@type":"ListItem","@id":"https:\/\/fisio-shop.pt\/?product_cat=consumiveis-de-fisioterapia#listItem","name":"Consum\u00edveis de fisioterapia"}},{"@type":"ListItem","@id":"https:\/\/fisio-shop.pt\/?product=papel-marquesa-hospitalar-22-gr-100x60#listItem","position":7,"name":"PAPEL MARQUESA HOSPITALAR 22 GR 100&#215;60","previousItem":{"@type":"ListItem","@id":"https:\/\/fisio-shop.pt\/?product_cat=papel-de-marquesa#listItem","name":"Papel de marquesa"}}]},{"@type":"Organization","@id":"https:\/\/fisio-shop.pt\/#organization","name":"Fisio-shop","description":"Empresa especializada na distribui\u00e7\u00e3o de equipamentos profissionais para os mercados da Fisioterapia, Geriatria, Fitness e Medicina Desportiva. Empresa especializada na distribui\u00e7\u00e3o de equipamentos profissionais para os mercados da Fisioterapia, Geriatria, Fitness e Medicina Desportiva.","url":"https:\/\/fisio-shop.pt\/","logo":{"@type":"ImageObject","url":"https:\/\/fisio-shop.pt\/wp-content\/uploads\/2026\/04\/android-chrome-192x192-1.png","@id":"https:\/\/fisio-shop.pt\/?product=papel-marquesa-hospitalar-22-gr-100x60\/#organizationLogo"},"image":{"@id":"https:\/\/fisio-shop.pt\/?product=papel-marquesa-hospitalar-22-gr-100x60\/#organizationLogo"},"sameAs":["https:\/\/www.facebook.com\/p\/Fisioshop-Comrcio-de-Equipamentos-Lda-100036934916130\/"]},{"@type":"Product","@id":"https:\/\/fisio-shop.pt\/?product=papel-marquesa-hospitalar-22-gr-100x60#wooCommerceProduct","name":"PAPEL MARQUESA HOSPITALAR 22 GR 100x60","description":"Rolos de papel de marquesa de qualidade hospitalar de 22gr.","url":"https:\/\/fisio-shop.pt\/?product=papel-marquesa-hospitalar-22-gr-100x60","sku":"CON0374","image":{"@type":"ImageObject","url":"https:\/\/fisio-shop.pt\/wp-content\/uploads\/2026\/02\/PAPEL-HOSPITALAR-22GR-5.jpg","@id":"https:\/\/fisio-shop.pt\/?product=papel-marquesa-hospitalar-22-gr-100x60\/#productImage","width":500,"height":500},"offers":{"@type":"Offer","url":"https:\/\/fisio-shop.pt\/?product=papel-marquesa-hospitalar-22-gr-100x60#wooCommerceOffer","price":43.49,"priceCurrency":"EUR","category":"Sa\u00fade","availability":"https:\/\/schema.org\/InStock","priceSpecification":{"@type":"PriceSpecification","price":43.49,"priceCurrency":"EUR","valueAddedTaxIncluded":"true"},"seller":{"@type":"Organization","@id":"https:\/\/fisio-shop.pt\/#organization"}}},{"@type":"WebPage","@id":"https:\/\/fisio-shop.pt\/?product=papel-marquesa-hospitalar-22-gr-100x60#webpage","url":"https:\/\/fisio-shop.pt\/?product=papel-marquesa-hospitalar-22-gr-100x60","name":"PAPEL MARQUESA HOSPITALAR 22 GR 100\u00d760 - Fisio-shop","description":"Rolos de papel de marquesa de qualidade hospitalar de 22gr.","inLanguage":"pt-PT","isPartOf":{"@id":"https:\/\/fisio-shop.pt\/#website"},"breadcrumb":{"@id":"https:\/\/fisio-shop.pt\/?product=papel-marquesa-hospitalar-22-gr-100x60#breadcrumblist"},"image":{"@type":"ImageObject","url":"https:\/\/fisio-shop.pt\/wp-content\/uploads\/2026\/02\/PAPEL-HOSPITALAR-22GR-5.jpg","@id":"https:\/\/fisio-shop.pt\/?product=papel-marquesa-hospitalar-22-gr-100x60\/#mainImage","width":500,"height":500},"primaryImageOfPage":{"@id":"https:\/\/fisio-shop.pt\/?product=papel-marquesa-hospitalar-22-gr-100x60#mainImage"},"datePublished":"2024-01-22T13:32:51+00:00","dateModified":"2026-02-25T20:05:31+00:00"},{"@type":"WebSite","@id":"https:\/\/fisio-shop.pt\/#website","url":"https:\/\/fisio-shop.pt\/","name":"Fisio-shop","description":"Empresa especializada na distribui\u00e7\u00e3o de equipamentos profissionais para os mercados da Fisioterapia, Geriatria, Fitness e Medicina Desportiva.","inLanguage":"pt-PT","publisher":{"@id":"https:\/\/fisio-shop.pt\/#organization"}}]},"og:locale":"pt_PT","og:site_name":"Fisio-shop - Empresa especializada na distribui\u00e7\u00e3o de equipamentos profissionais para os mercados da Fisioterapia, Geriatria, Fitness e Medicina Desportiva.","og:type":"article","og:title":"PAPEL MARQUESA HOSPITALAR 22 GR 100\u00d760 - Fisio-shop","og:description":"Rolos de papel de marquesa de qualidade hospitalar de 22gr.","og:url":"https:\/\/fisio-shop.pt\/?product=papel-marquesa-hospitalar-22-gr-100x60","og:image":"https:\/\/fisio-shop.pt\/wp-content\/uploads\/2026\/04\/android-chrome-192x192-1.png","og:image:secure_url":"https:\/\/fisio-shop.pt\/wp-content\/uploads\/2026\/04\/android-chrome-192x192-1.png","article:published_time":"2024-01-22T13:32:51+00:00","article:modified_time":"2026-02-25T20:05:31+00:00","article:publisher":"https:\/\/www.facebook.com\/p\/Fisioshop-Comrcio-de-Equipamentos-Lda-100036934916130\/","twitter:card":"summary_large_image","twitter:title":"PAPEL MARQUESA HOSPITALAR 22 GR 100\u00d760 - Fisio-shop","twitter:description":"Rolos de papel de marquesa de qualidade hospitalar de 22gr.","twitter:image":"https:\/\/fisio-shop.pt\/wp-content\/uploads\/2026\/04\/android-chrome-192x192-1.png"},"aioseo_meta_data":{"post_id":"10262","title":null,"description":null,"keywords":null,"keyphrases":null,"primary_term":null,"canonical_url":null,"og_title":null,"og_description":null,"og_object_type":"default","og_image_type":"default","og_image_url":null,"og_image_width":null,"og_image_height":null,"og_image_custom_url":null,"og_image_custom_fields":null,"og_video":null,"og_custom_url":null,"og_article_section":null,"og_article_tags":null,"twitter_use_og":false,"twitter_card":"default","twitter_image_type":"default","twitter_image_url":null,"twitter_image_custom_url":null,"twitter_image_custom_fields":null,"twitter_title":null,"twitter_description":null,"schema":{"blockGraphs":[],"customGraphs":[],"default":{"data":{"Article":[],"Course":[],"Dataset":[],"FAQPage":[],"Movie":[],"Person":[],"Product":[],"ProductReview":[],"Car":[],"Recipe":[],"Service":[],"SoftwareApplication":[],"WebPage":[]},"graphName":"","isEnabled":true},"graphs":[]},"schema_type":"default","schema_type_options":null,"pillar_content":false,"robots_default":true,"robots_noindex":false,"robots_noarchive":false,"robots_nosnippet":false,"robots_nofollow":false,"robots_noimageindex":false,"robots_noodp":false,"robots_notranslate":false,"robots_max_snippet":null,"robots_max_videopreview":null,"robots_max_imagepreview":"large","priority":null,"frequency":null,"local_seo":null,"seo_analyzer_scan_date":"2026-04-18 08:13:08","breadcrumb_settings":null,"limit_modified_date":false,"open_ai":null,"ai":null,"created":"2026-04-18 07:02:19","updated":"2026-04-18 22:37:03"},"aioseo_breadcrumb":"<div class=\"aioseo-breadcrumbs\"><span class=\"aioseo-breadcrumb\">\n\t<a href=\"https:\/\/fisio-shop.pt\" title=\"Home\">Home<\/a>\n<\/span><span class=\"aioseo-breadcrumb-separator\">\u00bb<\/span><span class=\"aioseo-breadcrumb\">\n\t<a href=\"https:\/\/fisio-shop.pt\/?page_id=5\" title=\"Loja\">Loja<\/a>\n<\/span><span class=\"aioseo-breadcrumb-separator\">\u00bb<\/span><span class=\"aioseo-breadcrumb\">\n\t<a href=\"https:\/\/fisio-shop.pt\/?product_cat=saude\" title=\"Sa\u00fade\">Sa\u00fade<\/a>\n<\/span><span class=\"aioseo-breadcrumb-separator\">\u00bb<\/span><span class=\"aioseo-breadcrumb\">\n\t<a href=\"https:\/\/fisio-shop.pt\/?product_cat=equipamentos-para-medicina-fisica-e-reabilitacao\" title=\"Equipamentos para medicina f\u00edsica e reabilita\u00e7\u00e3o\">Equipamentos para medicina f\u00edsica e reabilita\u00e7\u00e3o<\/a>\n<\/span><span class=\"aioseo-breadcrumb-separator\">\u00bb<\/span><span class=\"aioseo-breadcrumb\">\n\t<a href=\"https:\/\/fisio-shop.pt\/?product_cat=consumiveis-de-fisioterapia\" title=\"Consum\u00edveis de fisioterapia\">Consum\u00edveis de fisioterapia<\/a>\n<\/span><span class=\"aioseo-breadcrumb-separator\">\u00bb<\/span><span class=\"aioseo-breadcrumb\">\n\t<a href=\"https:\/\/fisio-shop.pt\/?product_cat=papel-de-marquesa\" title=\"Papel de marquesa\">Papel de marquesa<\/a>\n<\/span><span class=\"aioseo-breadcrumb-separator\">\u00bb<\/span><span class=\"aioseo-breadcrumb\">\n\tPAPEL MARQUESA HOSPITALAR 22 GR 100\u00d760\n<\/span><\/div>","aioseo_breadcrumb_json":[{"label":"Home","link":"https:\/\/fisio-shop.pt"},{"label":"Loja","link":"https:\/\/fisio-shop.pt\/?page_id=5"},{"label":"Sa\u00fade","link":"https:\/\/fisio-shop.pt\/?product_cat=saude"},{"label":"Equipamentos para medicina f\u00edsica e reabilita\u00e7\u00e3o","link":"https:\/\/fisio-shop.pt\/?product_cat=equipamentos-para-medicina-fisica-e-reabilitacao"},{"label":"Consum\u00edveis de fisioterapia","link":"https:\/\/fisio-shop.pt\/?product_cat=consumiveis-de-fisioterapia"},{"label":"Papel de marquesa","link":"https:\/\/fisio-shop.pt\/?product_cat=papel-de-marquesa"},{"label":"PAPEL MARQUESA HOSPITALAR 22 GR 100&#215;60","link":"https:\/\/fisio-shop.pt\/?product=papel-marquesa-hospitalar-22-gr-100x60"}],"_links":{"self":[{"href":"https:\/\/fisio-shop.pt\/index.php?rest_route=\/wp\/v2\/product\/10262","targetHints":{"allow":["GET"]}}],"collection":[{"href":"https:\/\/fisio-shop.pt\/index.php?rest_route=\/wp\/v2\/product"}],"about":[{"href":"https:\/\/fisio-shop.pt\/index.php?rest_route=\/wp\/v2\/types\/product"}],"replies":[{"embeddable":true,"href":"https:\/\/fisio-shop.pt\/index.php?rest_route=%2Fwp%2Fv2%2Fcomments&post=10262"}],"version-history":[{"count":0,"href":"https:\/\/fisio-shop.pt\/index.php?rest_route=\/wp\/v2\/product\/10262\/revisions"}],"wp:featuredmedia":[{"embeddable":true,"href":"https:\/\/fisio-shop.pt\/index.php?rest_route=\/wp\/v2\/media\/10955"}],"wp:attachment":[{"href":"https:\/\/fisio-shop.pt\/index.php?rest_route=%2Fwp%2Fv2%2Fmedia&parent=10262"}],"wp:term":[{"taxonomy":"product_brand","embeddable":true,"href":"https:\/\/fisio-shop.pt\/index.php?rest_route=%2Fwp%2Fv2%2Fproduct_brand&post=10262"},{"taxonomy":"product_cat","embeddable":true,"href":"https:\/\/fisio-shop.pt\/index.php?rest_route=%2Fwp%2Fv2%2Fproduct_cat&post=10262"},{"taxonomy":"product_tag","embeddable":true,"href":"https:\/\/fisio-shop.pt\/index.php?rest_route=%2Fwp%2Fv2%2Fproduct_tag&post=10262"}],"curies":[{"name":"wp","href":"https:\/\/api.w.org\/{rel}","templated":true}]}}