{"id":10337,"date":"2025-04-24T13:35:27","date_gmt":"2025-04-24T13:35:27","guid":{"rendered":"https:\/\/fisio-shop.pt\/loja\/diatermia-capacitiva-resisitiva-hr-tek-sp\/"},"modified":"2026-05-15T17:16:42","modified_gmt":"2026-05-15T17:16:42","slug":"diatermia-capacitiva-resisitiva-hr-tek-sp","status":"publish","type":"product","link":"https:\/\/fisio-shop.pt\/?product=diatermia-capacitiva-resisitiva-hr-tek-sp","title":{"rendered":"DIATERMIA CAPACITIVA\/RESISTIVA HR TEK SP"},"content":{"rendered":"<p>Gra\u00e7as \u00e0 sequ\u00eancia l\u00f3gica de sele\u00e7\u00e3o dos programas pr\u00e9-configurados, \u00e9 poss\u00edvel come\u00e7ar a utilizar o equipamento de forma imediata, oferecendo ao mesmo tempo infinitas possibilidades de personaliza\u00e7\u00e3o dos par\u00e2metros de terapia em termos de fornecimento de pot\u00eancia, dura\u00e7\u00e3o da terapia e sele\u00e7\u00e3o das modalidades resistiva\/capacitiva.\u00a0<strong>\u00a0<\/strong><\/p>\n<p><strong>Caracter\u00edsticas diferenciadoras:<\/strong><\/p>\n<ul>\n<li>Sonda ergon\u00f3mica bipolar de \u00d850mm, dispensando a necessidade de uma placa de fecho de circuito, permitindo ao terapeuta um foco total no tratamento, maior conforto para o utente, sem interrup\u00e7\u00f5es, nomeadamente nas articula\u00e7\u00f5es da m\u00e3o, p\u00e9 e joelho bem como no rosto;<\/li>\n<\/ul>\n<ul>\n<li>Possibilidade de selecionar a pot\u00eancia e, por conseguinte, a energia de acordo com o efeito e patologia a tratar:<\/li>\n<\/ul>\n<p><strong>Atermia 37\u00ba:<\/strong> Quando se pretende obter um efeito analg\u00e9sico imediato. \u00c9 ideal quando a \u00e1rea a tratar se encontra inflamada e\/ou inchada.<\/p>\n<p><strong>Normotermia 37\u00ba-39\u00ba:\u00a0<\/strong>Ideal quando se pretende uma bio estimula\u00e7\u00e3o, micro hiper\u00e9mia bem como um incremento na micro circula\u00e7\u00e3o.<\/p>\n<p><strong>Hipertermia &gt; 39\u00aa: <\/strong>Quando se pretende obter uma melhora no trofismo muscular,\u00a0devido ao aumento da vasculariza\u00e7\u00e3o\u00a0superficial e profunda.<\/p>\n<ul>\n<li>Bot\u00e3o de ajuda: Cada sugest\u00e3o terap\u00eautica mostra indica\u00e7\u00f5es em seu uso;<\/li>\n<li>Sugest\u00f5es terap\u00eauticas divididas por parte do corpo;<\/li>\n<li>N\u00famero de protocolos, na mem\u00f3ria: 48;<\/li>\n<li>Medidor do tempo de tratamento real pelo novo sistema de dete\u00e7\u00e3o de contacto;<\/li>\n<li>Medidor de imped\u00e2ncia exibi\u00e7\u00e3o de valores em tempo real.<\/li>\n<li>Possibilidade de utilizar a Chave de 4 GB onde se podem memorizar programas personalizados baseados nas necessidades concretas de tratamento de cada paciente ou do pr\u00f3prio operador, o qual de uma forma imediata aceder\u00e1 aos protocolos de tratamento por si criados.<\/li>\n<\/ul>\n<p><strong>Efeitos terap\u00eauticos: <\/strong><\/p>\n<ul>\n<li>Incremento da temperatura end\u00f3gena;<\/li>\n<li>Incremento da microcircula\u00e7\u00e3o;<\/li>\n<li>Vasodilata\u00e7\u00e3o;<\/li>\n<li>Relaxamento e regenera\u00e7\u00e3o muscular;<\/li>\n<li>R\u00e1pido al\u00edvio da dor.<\/li>\n<\/ul>\n<p><strong>Caracter\u00edsticas especificas:<\/strong><\/p>\n<ul>\n<li>N\u00famero de canais: 2 canais independentes: 1 para uso capacitivo e 1 para uso resistivo.<\/li>\n<li>Sonda capacitiva e resistiva;<\/li>\n<li>Sonda Bipolar;<\/li>\n<li>Bot\u00e3o de ajuda: Cada sugest\u00e3o terap\u00eautica mostra indica\u00e7\u00f5es em seu uso;<\/li>\n<li>Sugest\u00f5es terap\u00eauticas divididas por parte do corpo;<\/li>\n<li>Ecr\u00e3 de LCD, Touch screen a cores de 8\u201d, com luz de fundo para visualiza\u00e7\u00e3o e controlo dos par\u00e2metros de funcionamento;<\/li>\n<li>N\u00famero de protocolos, na mem\u00f3ria: 48;<\/li>\n<li>N\u00famero de protocolos que podem ser salvos na mem\u00f3ria do utilizador: 200;<\/li>\n<li>Chave USB 4Gb para armazenar muitos tratamentos personalizados e arquivos de pacientes.<\/li>\n<li>Medidor do tempo de tratamento real pelo novo sistema de dete\u00e7\u00e3o de contacto;<\/li>\n<li>Medidor de imped\u00e2ncia exibi\u00e7\u00e3o de valores em tempo real.<strong>\u00a0<\/strong><\/li>\n<\/ul>\n<p><strong>Especifica\u00e7\u00f5es t\u00e9cnicas:<\/strong><\/p>\n<ul>\n<li>Pot\u00eancia de pico 250W;<\/li>\n<li>Ecr\u00e3 t\u00e1ctil gr\u00e1fico de 8\u201d;<\/li>\n<li>Sonda capacitiva, resistiva e bipolar;<\/li>\n<li>Programas pr\u00e9-configurados;<\/li>\n<li>Programas livres;<\/li>\n<li>Possibilidade de utiliza\u00e7\u00e3o de Chave USB 4GB;<\/li>\n<li>Tempo de tratamento ajust\u00e1vel at\u00e9 30 minutos;<\/li>\n<li>Classifica\u00e7\u00e3o em conformidade com a diretiva 93\/42\/CEE: II B.<strong>\u00a0<\/strong><\/li>\n<\/ul>\n<p><strong>Acess\u00f3rios inclu\u00eddos:<\/strong><strong>\u00a0<\/strong><\/p>\n<ul>\n<li>3 El\u00e9trodos resistivos de \u00d830, \u00d850 e \u00d870mm;<\/li>\n<li>3 El\u00e9trodos capacitivos de \u00d830, \u00d850 e \u00d870mm;<\/li>\n<li>1 Cabo de alimenta\u00e7\u00e3o;<\/li>\n<li>2 Fus\u00edveis sobressalentes;<\/li>\n<li>1 Chave USB;<\/li>\n<li>1 Sonda capacitiva;<\/li>\n<li>1 Sonda resistiva;<\/li>\n<li>1 Sonda bipolar \u00d850mm<\/li>\n<li>1 Massa met\u00e1lica (steel plate);<\/li>\n<li>1 Garrafa de creme condutor 1000ml;<\/li>\n<li>1 DVD com Manual do utilizador;<\/li>\n<li>Dimens\u00f5es: 39x28x18cm;<\/li>\n<li>Peso: 9.5Kg;<\/li>\n<li>MARCA:EME<\/li>\n<li>Pais de origem: It\u00e1lia.<\/li>\n<\/ul>\n<p>&nbsp;<\/p>\n<p>&nbsp;<\/p>\n<p>&nbsp;<\/p>\n<p>&nbsp;<\/p>\n","protected":false},"excerpt":{"rendered":"<p>Equipamento de Diatermia Capacitiva\/Resistiva<\/p>\n","protected":false},"featured_media":12578,"comment_status":"open","ping_status":"closed","template":"","meta":{"rs_blank_template":"","rs_page_bg_color":"","slide_template_v7":""},"product_brand":[],"product_cat":[1397,1401,1402,1408],"product_tag":[541,999,1000],"class_list":{"0":"post-10337","1":"product","2":"type-product","3":"status-publish","4":"has-post-thumbnail","6":"product_cat-saude","7":"product_cat-equipamentos-para-medicina-fisica-e-reabilitacao","8":"product_cat-eletroterapia","9":"product_cat-diatermia-medicina-fisica-e-de-reabilitacao","10":"product_tag-diatermia","11":"product_tag-tecarterapia","12":"product_tag-ultrassons","14":"first","15":"instock","16":"shipping-taxable","17":"product-type-simple"},"aioseo_notices":[],"etheme_brands":{"errors":{"invalid_taxonomy":["Taxonomia inv\u00e1lida."]},"error_data":[]},"aioseo_head":"\n\t\t<!-- All in One SEO Pro 4.9.0 - aioseo.com -->\n\t<meta name=\"description\" content=\"Equipamento de Diatermia Capacitiva\/Resistiva\" \/>\n\t<meta name=\"robots\" content=\"max-image-preview:large\" \/>\n\t<link rel=\"canonical\" href=\"https:\/\/fisio-shop.pt\/?product=diatermia-capacitiva-resisitiva-hr-tek-sp\" \/>\n\t<meta name=\"generator\" content=\"All in One SEO Pro (AIOSEO) 4.9.0\" \/>\n\t\t<meta property=\"og:locale\" content=\"pt_PT\" \/>\n\t\t<meta property=\"og:site_name\" content=\"Fisio-shop - Empresa especializada na distribui\u00e7\u00e3o de equipamentos profissionais para os mercados da Fisioterapia, Geriatria, Fitness e Medicina Desportiva.\" \/>\n\t\t<meta property=\"og:type\" content=\"article\" \/>\n\t\t<meta property=\"og:title\" content=\"DIATERMIA CAPACITIVA\/RESISTIVA HR TEK SP - Fisio-shop\" \/>\n\t\t<meta property=\"og:description\" content=\"Equipamento de Diatermia Capacitiva\/Resistiva\" \/>\n\t\t<meta property=\"og:url\" content=\"https:\/\/fisio-shop.pt\/?product=diatermia-capacitiva-resisitiva-hr-tek-sp\" \/>\n\t\t<meta property=\"og:image\" content=\"https:\/\/fisio-shop.pt\/wp-content\/uploads\/2026\/04\/android-chrome-192x192-1.png\" \/>\n\t\t<meta property=\"og:image:secure_url\" content=\"https:\/\/fisio-shop.pt\/wp-content\/uploads\/2026\/04\/android-chrome-192x192-1.png\" \/>\n\t\t<meta property=\"article:published_time\" content=\"2025-04-24T13:35:27+00:00\" \/>\n\t\t<meta property=\"article:modified_time\" content=\"2026-05-15T17:16:42+00:00\" \/>\n\t\t<meta property=\"article:publisher\" content=\"https:\/\/www.facebook.com\/p\/Fisioshop-Comrcio-de-Equipamentos-Lda-100036934916130\/\" \/>\n\t\t<meta name=\"twitter:card\" content=\"summary_large_image\" \/>\n\t\t<meta name=\"twitter:title\" content=\"DIATERMIA CAPACITIVA\/RESISTIVA HR TEK SP - Fisio-shop\" \/>\n\t\t<meta name=\"twitter:description\" content=\"Equipamento de Diatermia Capacitiva\/Resistiva\" \/>\n\t\t<meta name=\"twitter:image\" content=\"https:\/\/fisio-shop.pt\/wp-content\/uploads\/2026\/04\/android-chrome-192x192-1.png\" \/>\n\t\t<script type=\"application\/ld+json\" class=\"aioseo-schema\">\n\t\t\t{\"@context\":\"https:\\\/\\\/schema.org\",\"@graph\":[{\"@type\":\"BreadcrumbList\",\"@id\":\"https:\\\/\\\/fisio-shop.pt\\\/?product=diatermia-capacitiva-resisitiva-hr-tek-sp#breadcrumblist\",\"itemListElement\":[{\"@type\":\"ListItem\",\"@id\":\"https:\\\/\\\/fisio-shop.pt#listItem\",\"position\":1,\"name\":\"Home\",\"item\":\"https:\\\/\\\/fisio-shop.pt\",\"nextItem\":{\"@type\":\"ListItem\",\"@id\":\"https:\\\/\\\/fisio-shop.pt\\\/?page_id=5#listItem\",\"name\":\"Loja\"}},{\"@type\":\"ListItem\",\"@id\":\"https:\\\/\\\/fisio-shop.pt\\\/?page_id=5#listItem\",\"position\":2,\"name\":\"Loja\",\"item\":\"https:\\\/\\\/fisio-shop.pt\\\/?page_id=5\",\"nextItem\":{\"@type\":\"ListItem\",\"@id\":\"https:\\\/\\\/fisio-shop.pt\\\/?product_cat=saude#listItem\",\"name\":\"Sa\\u00fade\"},\"previousItem\":{\"@type\":\"ListItem\",\"@id\":\"https:\\\/\\\/fisio-shop.pt#listItem\",\"name\":\"Home\"}},{\"@type\":\"ListItem\",\"@id\":\"https:\\\/\\\/fisio-shop.pt\\\/?product_cat=saude#listItem\",\"position\":3,\"name\":\"Sa\\u00fade\",\"item\":\"https:\\\/\\\/fisio-shop.pt\\\/?product_cat=saude\",\"nextItem\":{\"@type\":\"ListItem\",\"@id\":\"https:\\\/\\\/fisio-shop.pt\\\/?product_cat=equipamentos-para-medicina-fisica-e-reabilitacao#listItem\",\"name\":\"Equipamentos para medicina f\\u00edsica e reabilita\\u00e7\\u00e3o\"},\"previousItem\":{\"@type\":\"ListItem\",\"@id\":\"https:\\\/\\\/fisio-shop.pt\\\/?page_id=5#listItem\",\"name\":\"Loja\"}},{\"@type\":\"ListItem\",\"@id\":\"https:\\\/\\\/fisio-shop.pt\\\/?product_cat=equipamentos-para-medicina-fisica-e-reabilitacao#listItem\",\"position\":4,\"name\":\"Equipamentos para medicina f\\u00edsica e reabilita\\u00e7\\u00e3o\",\"item\":\"https:\\\/\\\/fisio-shop.pt\\\/?product_cat=equipamentos-para-medicina-fisica-e-reabilitacao\",\"nextItem\":{\"@type\":\"ListItem\",\"@id\":\"https:\\\/\\\/fisio-shop.pt\\\/?product_cat=eletroterapia#listItem\",\"name\":\"Eletroterapia\"},\"previousItem\":{\"@type\":\"ListItem\",\"@id\":\"https:\\\/\\\/fisio-shop.pt\\\/?product_cat=saude#listItem\",\"name\":\"Sa\\u00fade\"}},{\"@type\":\"ListItem\",\"@id\":\"https:\\\/\\\/fisio-shop.pt\\\/?product_cat=eletroterapia#listItem\",\"position\":5,\"name\":\"Eletroterapia\",\"item\":\"https:\\\/\\\/fisio-shop.pt\\\/?product_cat=eletroterapia\",\"nextItem\":{\"@type\":\"ListItem\",\"@id\":\"https:\\\/\\\/fisio-shop.pt\\\/?product=diatermia-capacitiva-resisitiva-hr-tek-sp#listItem\",\"name\":\"DIATERMIA CAPACITIVA\\\/RESISTIVA HR TEK SP\"},\"previousItem\":{\"@type\":\"ListItem\",\"@id\":\"https:\\\/\\\/fisio-shop.pt\\\/?product_cat=equipamentos-para-medicina-fisica-e-reabilitacao#listItem\",\"name\":\"Equipamentos para medicina f\\u00edsica e reabilita\\u00e7\\u00e3o\"}},{\"@type\":\"ListItem\",\"@id\":\"https:\\\/\\\/fisio-shop.pt\\\/?product=diatermia-capacitiva-resisitiva-hr-tek-sp#listItem\",\"position\":6,\"name\":\"DIATERMIA CAPACITIVA\\\/RESISTIVA HR TEK SP\",\"previousItem\":{\"@type\":\"ListItem\",\"@id\":\"https:\\\/\\\/fisio-shop.pt\\\/?product_cat=eletroterapia#listItem\",\"name\":\"Eletroterapia\"}}]},{\"@type\":\"Organization\",\"@id\":\"https:\\\/\\\/fisio-shop.pt\\\/#organization\",\"name\":\"Fisio-shop\",\"description\":\"Empresa especializada na distribui\\u00e7\\u00e3o de equipamentos profissionais para os mercados da Fisioterapia, Geriatria, Fitness e Medicina Desportiva. Empresa especializada na distribui\\u00e7\\u00e3o de equipamentos profissionais para os mercados da Fisioterapia, Geriatria, Fitness e Medicina Desportiva.\",\"url\":\"https:\\\/\\\/fisio-shop.pt\\\/\",\"logo\":{\"@type\":\"ImageObject\",\"url\":\"https:\\\/\\\/fisio-shop.pt\\\/wp-content\\\/uploads\\\/2026\\\/04\\\/android-chrome-192x192-1.png\",\"@id\":\"https:\\\/\\\/fisio-shop.pt\\\/?product=diatermia-capacitiva-resisitiva-hr-tek-sp\\\/#organizationLogo\"},\"image\":{\"@id\":\"https:\\\/\\\/fisio-shop.pt\\\/?product=diatermia-capacitiva-resisitiva-hr-tek-sp\\\/#organizationLogo\"},\"sameAs\":[\"https:\\\/\\\/www.facebook.com\\\/p\\\/Fisioshop-Comrcio-de-Equipamentos-Lda-100036934916130\\\/\"]},{\"@type\":\"Product\",\"@id\":\"https:\\\/\\\/fisio-shop.pt\\\/?product=diatermia-capacitiva-resisitiva-hr-tek-sp#wooCommerceProduct\",\"name\":\"DIATERMIA CAPACITIVA\\\/RESISTIVA HR TEK SP\",\"description\":\"Equipamento de Diatermia Capacitiva\\\/Resistiva\",\"url\":\"https:\\\/\\\/fisio-shop.pt\\\/?product=diatermia-capacitiva-resisitiva-hr-tek-sp\",\"sku\":\"ELE0107\",\"image\":{\"@type\":\"ImageObject\",\"url\":\"https:\\\/\\\/fisio-shop.pt\\\/wp-content\\\/uploads\\\/2026\\\/02\\\/HR-TEK-SP-1.png\",\"@id\":\"https:\\\/\\\/fisio-shop.pt\\\/?product=diatermia-capacitiva-resisitiva-hr-tek-sp\\\/#productImage\",\"width\":1920,\"height\":1440},\"offers\":{\"@type\":\"Offer\",\"url\":\"https:\\\/\\\/fisio-shop.pt\\\/?product=diatermia-capacitiva-resisitiva-hr-tek-sp#wooCommerceOffer\",\"price\":0,\"priceCurrency\":\"EUR\",\"category\":\"Sa\\u00fade\",\"availability\":\"https:\\\/\\\/schema.org\\\/InStock\",\"seller\":{\"@type\":\"Organization\",\"@id\":\"https:\\\/\\\/fisio-shop.pt\\\/#organization\"}}},{\"@type\":\"WebPage\",\"@id\":\"https:\\\/\\\/fisio-shop.pt\\\/?product=diatermia-capacitiva-resisitiva-hr-tek-sp#webpage\",\"url\":\"https:\\\/\\\/fisio-shop.pt\\\/?product=diatermia-capacitiva-resisitiva-hr-tek-sp\",\"name\":\"DIATERMIA CAPACITIVA\\\/RESISTIVA HR TEK SP - Fisio-shop\",\"description\":\"Equipamento de Diatermia Capacitiva\\\/Resistiva\",\"inLanguage\":\"pt-PT\",\"isPartOf\":{\"@id\":\"https:\\\/\\\/fisio-shop.pt\\\/#website\"},\"breadcrumb\":{\"@id\":\"https:\\\/\\\/fisio-shop.pt\\\/?product=diatermia-capacitiva-resisitiva-hr-tek-sp#breadcrumblist\"},\"image\":{\"@type\":\"ImageObject\",\"url\":\"https:\\\/\\\/fisio-shop.pt\\\/wp-content\\\/uploads\\\/2026\\\/02\\\/HR-TEK-SP-1.png\",\"@id\":\"https:\\\/\\\/fisio-shop.pt\\\/?product=diatermia-capacitiva-resisitiva-hr-tek-sp\\\/#mainImage\",\"width\":1920,\"height\":1440},\"primaryImageOfPage\":{\"@id\":\"https:\\\/\\\/fisio-shop.pt\\\/?product=diatermia-capacitiva-resisitiva-hr-tek-sp#mainImage\"},\"datePublished\":\"2025-04-24T13:35:27+00:00\",\"dateModified\":\"2026-05-15T17:16:42+00:00\"},{\"@type\":\"WebSite\",\"@id\":\"https:\\\/\\\/fisio-shop.pt\\\/#website\",\"url\":\"https:\\\/\\\/fisio-shop.pt\\\/\",\"name\":\"Fisio-shop\",\"description\":\"Empresa especializada na distribui\\u00e7\\u00e3o de equipamentos profissionais para os mercados da Fisioterapia, Geriatria, Fitness e Medicina Desportiva.\",\"inLanguage\":\"pt-PT\",\"publisher\":{\"@id\":\"https:\\\/\\\/fisio-shop.pt\\\/#organization\"}}]}\n\t\t<\/script>\n\t\t<!-- All in One SEO Pro -->\r\n\t\t<title>DIATERMIA CAPACITIVA\/RESISTIVA HR TEK SP - Fisio-shop<\/title>\n\n","aioseo_head_json":{"title":"DIATERMIA CAPACITIVA\/RESISTIVA HR TEK SP - Fisio-shop","description":"Equipamento de Diatermia Capacitiva\/Resistiva","canonical_url":"https:\/\/fisio-shop.pt\/?product=diatermia-capacitiva-resisitiva-hr-tek-sp","robots":"max-image-preview:large","keywords":"","webmasterTools":{"miscellaneous":""},"schema":{"@context":"https:\/\/schema.org","@graph":[{"@type":"BreadcrumbList","@id":"https:\/\/fisio-shop.pt\/?product=diatermia-capacitiva-resisitiva-hr-tek-sp#breadcrumblist","itemListElement":[{"@type":"ListItem","@id":"https:\/\/fisio-shop.pt#listItem","position":1,"name":"Home","item":"https:\/\/fisio-shop.pt","nextItem":{"@type":"ListItem","@id":"https:\/\/fisio-shop.pt\/?page_id=5#listItem","name":"Loja"}},{"@type":"ListItem","@id":"https:\/\/fisio-shop.pt\/?page_id=5#listItem","position":2,"name":"Loja","item":"https:\/\/fisio-shop.pt\/?page_id=5","nextItem":{"@type":"ListItem","@id":"https:\/\/fisio-shop.pt\/?product_cat=saude#listItem","name":"Sa\u00fade"},"previousItem":{"@type":"ListItem","@id":"https:\/\/fisio-shop.pt#listItem","name":"Home"}},{"@type":"ListItem","@id":"https:\/\/fisio-shop.pt\/?product_cat=saude#listItem","position":3,"name":"Sa\u00fade","item":"https:\/\/fisio-shop.pt\/?product_cat=saude","nextItem":{"@type":"ListItem","@id":"https:\/\/fisio-shop.pt\/?product_cat=equipamentos-para-medicina-fisica-e-reabilitacao#listItem","name":"Equipamentos para medicina f\u00edsica e reabilita\u00e7\u00e3o"},"previousItem":{"@type":"ListItem","@id":"https:\/\/fisio-shop.pt\/?page_id=5#listItem","name":"Loja"}},{"@type":"ListItem","@id":"https:\/\/fisio-shop.pt\/?product_cat=equipamentos-para-medicina-fisica-e-reabilitacao#listItem","position":4,"name":"Equipamentos para medicina f\u00edsica e reabilita\u00e7\u00e3o","item":"https:\/\/fisio-shop.pt\/?product_cat=equipamentos-para-medicina-fisica-e-reabilitacao","nextItem":{"@type":"ListItem","@id":"https:\/\/fisio-shop.pt\/?product_cat=eletroterapia#listItem","name":"Eletroterapia"},"previousItem":{"@type":"ListItem","@id":"https:\/\/fisio-shop.pt\/?product_cat=saude#listItem","name":"Sa\u00fade"}},{"@type":"ListItem","@id":"https:\/\/fisio-shop.pt\/?product_cat=eletroterapia#listItem","position":5,"name":"Eletroterapia","item":"https:\/\/fisio-shop.pt\/?product_cat=eletroterapia","nextItem":{"@type":"ListItem","@id":"https:\/\/fisio-shop.pt\/?product=diatermia-capacitiva-resisitiva-hr-tek-sp#listItem","name":"DIATERMIA CAPACITIVA\/RESISTIVA HR TEK SP"},"previousItem":{"@type":"ListItem","@id":"https:\/\/fisio-shop.pt\/?product_cat=equipamentos-para-medicina-fisica-e-reabilitacao#listItem","name":"Equipamentos para medicina f\u00edsica e reabilita\u00e7\u00e3o"}},{"@type":"ListItem","@id":"https:\/\/fisio-shop.pt\/?product=diatermia-capacitiva-resisitiva-hr-tek-sp#listItem","position":6,"name":"DIATERMIA CAPACITIVA\/RESISTIVA HR TEK SP","previousItem":{"@type":"ListItem","@id":"https:\/\/fisio-shop.pt\/?product_cat=eletroterapia#listItem","name":"Eletroterapia"}}]},{"@type":"Organization","@id":"https:\/\/fisio-shop.pt\/#organization","name":"Fisio-shop","description":"Empresa especializada na distribui\u00e7\u00e3o de equipamentos profissionais para os mercados da Fisioterapia, Geriatria, Fitness e Medicina Desportiva. Empresa especializada na distribui\u00e7\u00e3o de equipamentos profissionais para os mercados da Fisioterapia, Geriatria, Fitness e Medicina Desportiva.","url":"https:\/\/fisio-shop.pt\/","logo":{"@type":"ImageObject","url":"https:\/\/fisio-shop.pt\/wp-content\/uploads\/2026\/04\/android-chrome-192x192-1.png","@id":"https:\/\/fisio-shop.pt\/?product=diatermia-capacitiva-resisitiva-hr-tek-sp\/#organizationLogo"},"image":{"@id":"https:\/\/fisio-shop.pt\/?product=diatermia-capacitiva-resisitiva-hr-tek-sp\/#organizationLogo"},"sameAs":["https:\/\/www.facebook.com\/p\/Fisioshop-Comrcio-de-Equipamentos-Lda-100036934916130\/"]},{"@type":"Product","@id":"https:\/\/fisio-shop.pt\/?product=diatermia-capacitiva-resisitiva-hr-tek-sp#wooCommerceProduct","name":"DIATERMIA CAPACITIVA\/RESISTIVA HR TEK SP","description":"Equipamento de Diatermia Capacitiva\/Resistiva","url":"https:\/\/fisio-shop.pt\/?product=diatermia-capacitiva-resisitiva-hr-tek-sp","sku":"ELE0107","image":{"@type":"ImageObject","url":"https:\/\/fisio-shop.pt\/wp-content\/uploads\/2026\/02\/HR-TEK-SP-1.png","@id":"https:\/\/fisio-shop.pt\/?product=diatermia-capacitiva-resisitiva-hr-tek-sp\/#productImage","width":1920,"height":1440},"offers":{"@type":"Offer","url":"https:\/\/fisio-shop.pt\/?product=diatermia-capacitiva-resisitiva-hr-tek-sp#wooCommerceOffer","price":0,"priceCurrency":"EUR","category":"Sa\u00fade","availability":"https:\/\/schema.org\/InStock","seller":{"@type":"Organization","@id":"https:\/\/fisio-shop.pt\/#organization"}}},{"@type":"WebPage","@id":"https:\/\/fisio-shop.pt\/?product=diatermia-capacitiva-resisitiva-hr-tek-sp#webpage","url":"https:\/\/fisio-shop.pt\/?product=diatermia-capacitiva-resisitiva-hr-tek-sp","name":"DIATERMIA CAPACITIVA\/RESISTIVA HR TEK SP - Fisio-shop","description":"Equipamento de Diatermia Capacitiva\/Resistiva","inLanguage":"pt-PT","isPartOf":{"@id":"https:\/\/fisio-shop.pt\/#website"},"breadcrumb":{"@id":"https:\/\/fisio-shop.pt\/?product=diatermia-capacitiva-resisitiva-hr-tek-sp#breadcrumblist"},"image":{"@type":"ImageObject","url":"https:\/\/fisio-shop.pt\/wp-content\/uploads\/2026\/02\/HR-TEK-SP-1.png","@id":"https:\/\/fisio-shop.pt\/?product=diatermia-capacitiva-resisitiva-hr-tek-sp\/#mainImage","width":1920,"height":1440},"primaryImageOfPage":{"@id":"https:\/\/fisio-shop.pt\/?product=diatermia-capacitiva-resisitiva-hr-tek-sp#mainImage"},"datePublished":"2025-04-24T13:35:27+00:00","dateModified":"2026-05-15T17:16:42+00:00"},{"@type":"WebSite","@id":"https:\/\/fisio-shop.pt\/#website","url":"https:\/\/fisio-shop.pt\/","name":"Fisio-shop","description":"Empresa especializada na distribui\u00e7\u00e3o de equipamentos profissionais para os mercados da Fisioterapia, Geriatria, Fitness e Medicina Desportiva.","inLanguage":"pt-PT","publisher":{"@id":"https:\/\/fisio-shop.pt\/#organization"}}]},"og:locale":"pt_PT","og:site_name":"Fisio-shop - Empresa especializada na distribui\u00e7\u00e3o de equipamentos profissionais para os mercados da Fisioterapia, Geriatria, Fitness e Medicina Desportiva.","og:type":"article","og:title":"DIATERMIA CAPACITIVA\/RESISTIVA HR TEK SP - Fisio-shop","og:description":"Equipamento de Diatermia Capacitiva\/Resistiva","og:url":"https:\/\/fisio-shop.pt\/?product=diatermia-capacitiva-resisitiva-hr-tek-sp","og:image":"https:\/\/fisio-shop.pt\/wp-content\/uploads\/2026\/04\/android-chrome-192x192-1.png","og:image:secure_url":"https:\/\/fisio-shop.pt\/wp-content\/uploads\/2026\/04\/android-chrome-192x192-1.png","article:published_time":"2025-04-24T13:35:27+00:00","article:modified_time":"2026-05-15T17:16:42+00:00","article:publisher":"https:\/\/www.facebook.com\/p\/Fisioshop-Comrcio-de-Equipamentos-Lda-100036934916130\/","twitter:card":"summary_large_image","twitter:title":"DIATERMIA CAPACITIVA\/RESISTIVA HR TEK SP - Fisio-shop","twitter:description":"Equipamento de Diatermia Capacitiva\/Resistiva","twitter:image":"https:\/\/fisio-shop.pt\/wp-content\/uploads\/2026\/04\/android-chrome-192x192-1.png"},"aioseo_meta_data":{"post_id":"10337","title":null,"description":null,"keywords":null,"keyphrases":{"focus":{"keyphrase":"","score":0,"analysis":{"keyphraseInTitle":{"score":0,"maxScore":9,"error":1}}},"additional":[]},"primary_term":null,"canonical_url":null,"og_title":null,"og_description":null,"og_object_type":"default","og_image_type":"default","og_image_url":null,"og_image_width":null,"og_image_height":null,"og_image_custom_url":null,"og_image_custom_fields":null,"og_video":"","og_custom_url":null,"og_article_section":null,"og_article_tags":null,"twitter_use_og":false,"twitter_card":"default","twitter_image_type":"default","twitter_image_url":null,"twitter_image_custom_url":null,"twitter_image_custom_fields":null,"twitter_title":null,"twitter_description":null,"schema":{"blockGraphs":[],"customGraphs":[],"default":{"data":{"Article":[],"Course":[],"Dataset":[],"FAQPage":[],"Movie":[],"Person":[],"Product":[],"ProductReview":[],"Car":[],"Recipe":[],"Service":[],"SoftwareApplication":[],"WebPage":[]},"graphName":"Product","isEnabled":true},"graphs":[]},"schema_type":"default","schema_type_options":null,"pillar_content":false,"robots_default":true,"robots_noindex":false,"robots_noarchive":false,"robots_nosnippet":false,"robots_nofollow":false,"robots_noimageindex":false,"robots_noodp":false,"robots_notranslate":false,"robots_max_snippet":"-1","robots_max_videopreview":"-1","robots_max_imagepreview":"large","priority":null,"frequency":"default","local_seo":null,"seo_analyzer_scan_date":"2026-05-15 17:17:26","breadcrumb_settings":null,"limit_modified_date":false,"open_ai":null,"ai":{"faqs":[],"keyPoints":[],"titles":[],"descriptions":[],"socialPosts":{"email":[],"linkedin":[],"twitter":[],"facebook":[],"instagram":[]}},"created":"2026-04-18 07:02:19","updated":"2026-05-15 17:17:26"},"aioseo_breadcrumb":"<div class=\"aioseo-breadcrumbs\"><span class=\"aioseo-breadcrumb\">\n\t<a href=\"https:\/\/fisio-shop.pt\" title=\"Home\">Home<\/a>\n<\/span><span class=\"aioseo-breadcrumb-separator\">\u00bb<\/span><span class=\"aioseo-breadcrumb\">\n\t<a href=\"https:\/\/fisio-shop.pt\/?page_id=5\" title=\"Loja\">Loja<\/a>\n<\/span><span class=\"aioseo-breadcrumb-separator\">\u00bb<\/span><span class=\"aioseo-breadcrumb\">\n\t<a href=\"https:\/\/fisio-shop.pt\/?product_cat=saude\" title=\"Sa\u00fade\">Sa\u00fade<\/a>\n<\/span><span class=\"aioseo-breadcrumb-separator\">\u00bb<\/span><span class=\"aioseo-breadcrumb\">\n\t<a href=\"https:\/\/fisio-shop.pt\/?product_cat=equipamentos-para-medicina-fisica-e-reabilitacao\" title=\"Equipamentos para medicina f\u00edsica e reabilita\u00e7\u00e3o\">Equipamentos para medicina f\u00edsica e reabilita\u00e7\u00e3o<\/a>\n<\/span><span class=\"aioseo-breadcrumb-separator\">\u00bb<\/span><span class=\"aioseo-breadcrumb\">\n\t<a href=\"https:\/\/fisio-shop.pt\/?product_cat=eletroterapia\" title=\"Eletroterapia\">Eletroterapia<\/a>\n<\/span><span class=\"aioseo-breadcrumb-separator\">\u00bb<\/span><span class=\"aioseo-breadcrumb\">\n\tDIATERMIA CAPACITIVA\/RESISTIVA HR TEK SP\n<\/span><\/div>","aioseo_breadcrumb_json":[{"label":"Home","link":"https:\/\/fisio-shop.pt"},{"label":"Loja","link":"https:\/\/fisio-shop.pt\/?page_id=5"},{"label":"Sa\u00fade","link":"https:\/\/fisio-shop.pt\/?product_cat=saude"},{"label":"Equipamentos para medicina f\u00edsica e reabilita\u00e7\u00e3o","link":"https:\/\/fisio-shop.pt\/?product_cat=equipamentos-para-medicina-fisica-e-reabilitacao"},{"label":"Eletroterapia","link":"https:\/\/fisio-shop.pt\/?product_cat=eletroterapia"},{"label":"DIATERMIA CAPACITIVA\/RESISTIVA HR TEK SP","link":"https:\/\/fisio-shop.pt\/?product=diatermia-capacitiva-resisitiva-hr-tek-sp"}],"_links":{"self":[{"href":"https:\/\/fisio-shop.pt\/index.php?rest_route=\/wp\/v2\/product\/10337","targetHints":{"allow":["GET"]}}],"collection":[{"href":"https:\/\/fisio-shop.pt\/index.php?rest_route=\/wp\/v2\/product"}],"about":[{"href":"https:\/\/fisio-shop.pt\/index.php?rest_route=\/wp\/v2\/types\/product"}],"replies":[{"embeddable":true,"href":"https:\/\/fisio-shop.pt\/index.php?rest_route=%2Fwp%2Fv2%2Fcomments&post=10337"}],"version-history":[{"count":1,"href":"https:\/\/fisio-shop.pt\/index.php?rest_route=\/wp\/v2\/product\/10337\/revisions"}],"predecessor-version":[{"id":13110,"href":"https:\/\/fisio-shop.pt\/index.php?rest_route=\/wp\/v2\/product\/10337\/revisions\/13110"}],"wp:featuredmedia":[{"embeddable":true,"href":"https:\/\/fisio-shop.pt\/index.php?rest_route=\/wp\/v2\/media\/12578"}],"wp:attachment":[{"href":"https:\/\/fisio-shop.pt\/index.php?rest_route=%2Fwp%2Fv2%2Fmedia&parent=10337"}],"wp:term":[{"taxonomy":"product_brand","embeddable":true,"href":"https:\/\/fisio-shop.pt\/index.php?rest_route=%2Fwp%2Fv2%2Fproduct_brand&post=10337"},{"taxonomy":"product_cat","embeddable":true,"href":"https:\/\/fisio-shop.pt\/index.php?rest_route=%2Fwp%2Fv2%2Fproduct_cat&post=10337"},{"taxonomy":"product_tag","embeddable":true,"href":"https:\/\/fisio-shop.pt\/index.php?rest_route=%2Fwp%2Fv2%2Fproduct_tag&post=10337"}],"curies":[{"name":"wp","href":"https:\/\/api.w.org\/{rel}","templated":true}]}}