{"id":10457,"date":"2025-08-29T16:10:44","date_gmt":"2025-08-29T16:10:44","guid":{"rendered":"https:\/\/fisio-shop.pt\/loja\/mala-de-transporte-p-cryo-pro-xl\/"},"modified":"2026-02-25T20:07:42","modified_gmt":"2026-02-25T20:07:42","slug":"mala-de-transporte-p-cryo-pro-xl","status":"publish","type":"product","link":"https:\/\/fisio-shop.pt\/?product=mala-de-transporte-p-cryo-pro-xl","title":{"rendered":"MALA DE TRANSPORTE P\/CRYO PRO XL"},"content":{"rendered":"<ul>\n<li>O saco port\u00e1til Cryo Pro\u2122 XL foi concebido para segurar a unidade e envolve-a com uma al\u00e7a confort\u00e1vel e ajust\u00e1vel;<\/li>\n<li>O saco tem espa\u00e7o de arruma\u00e7\u00e3o adicional para guardar o acess\u00f3rio de drenagem, o banco de energia port\u00e1til, as mangueiras duplas e quaisquer inv\u00f3lucros extra.<\/li>\n<\/ul>\n","protected":false},"excerpt":{"rendered":"<p>Mala de transporte para CRIO PRO XL<\/p>\n","protected":false},"featured_media":12713,"comment_status":"open","ping_status":"closed","template":"","meta":{"rs_blank_template":"","rs_page_bg_color":"","slide_template_v7":""},"product_brand":[],"product_cat":[1397,1401,1423,1425],"product_tag":[],"class_list":{"0":"post-10457","1":"product","2":"type-product","3":"status-publish","4":"has-post-thumbnail","6":"product_cat-saude","7":"product_cat-equipamentos-para-medicina-fisica-e-reabilitacao","8":"product_cat-masso-e-pressoterapia","9":"product_cat-pressoterapia","11":"first","12":"instock","13":"shipping-taxable","14":"purchasable","15":"product-type-simple"},"aioseo_notices":[],"etheme_brands":{"errors":{"invalid_taxonomy":["Taxonomia inv\u00e1lida."]},"error_data":[]},"aioseo_head":"\n\t\t<!-- All in One SEO Pro 4.9.0 - aioseo.com -->\n\t<meta name=\"description\" content=\"Mala de transporte para CRIO PRO XL\" \/>\n\t<meta name=\"robots\" content=\"max-image-preview:large\" \/>\n\t<link rel=\"canonical\" href=\"https:\/\/fisio-shop.pt\/?product=mala-de-transporte-p-cryo-pro-xl\" \/>\n\t<meta name=\"generator\" content=\"All in One SEO Pro (AIOSEO) 4.9.0\" \/>\n\t\t<meta property=\"og:locale\" content=\"pt_PT\" \/>\n\t\t<meta property=\"og:site_name\" content=\"Fisio-shop - Empresa especializada na distribui\u00e7\u00e3o de equipamentos profissionais para os mercados da Fisioterapia, Geriatria, Fitness e Medicina Desportiva.\" \/>\n\t\t<meta property=\"og:type\" content=\"article\" \/>\n\t\t<meta property=\"og:title\" content=\"MALA DE TRANSPORTE P\/CRYO PRO XL - Fisio-shop\" \/>\n\t\t<meta property=\"og:description\" content=\"Mala de transporte para CRIO PRO XL\" \/>\n\t\t<meta property=\"og:url\" content=\"https:\/\/fisio-shop.pt\/?product=mala-de-transporte-p-cryo-pro-xl\" \/>\n\t\t<meta property=\"og:image\" content=\"https:\/\/fisio-shop.pt\/wp-content\/uploads\/2026\/04\/android-chrome-192x192-1.png\" \/>\n\t\t<meta property=\"og:image:secure_url\" content=\"https:\/\/fisio-shop.pt\/wp-content\/uploads\/2026\/04\/android-chrome-192x192-1.png\" \/>\n\t\t<meta property=\"article:published_time\" content=\"2025-08-29T16:10:44+00:00\" \/>\n\t\t<meta property=\"article:modified_time\" content=\"2026-02-25T20:07:42+00:00\" \/>\n\t\t<meta property=\"article:publisher\" content=\"https:\/\/www.facebook.com\/p\/Fisioshop-Comrcio-de-Equipamentos-Lda-100036934916130\/\" \/>\n\t\t<meta name=\"twitter:card\" content=\"summary_large_image\" \/>\n\t\t<meta name=\"twitter:title\" content=\"MALA DE TRANSPORTE P\/CRYO PRO XL - Fisio-shop\" \/>\n\t\t<meta name=\"twitter:description\" content=\"Mala de transporte para CRIO PRO XL\" \/>\n\t\t<meta name=\"twitter:image\" content=\"https:\/\/fisio-shop.pt\/wp-content\/uploads\/2026\/04\/android-chrome-192x192-1.png\" \/>\n\t\t<script type=\"application\/ld+json\" class=\"aioseo-schema\">\n\t\t\t{\"@context\":\"https:\\\/\\\/schema.org\",\"@graph\":[{\"@type\":\"BreadcrumbList\",\"@id\":\"https:\\\/\\\/fisio-shop.pt\\\/?product=mala-de-transporte-p-cryo-pro-xl#breadcrumblist\",\"itemListElement\":[{\"@type\":\"ListItem\",\"@id\":\"https:\\\/\\\/fisio-shop.pt#listItem\",\"position\":1,\"name\":\"Home\",\"item\":\"https:\\\/\\\/fisio-shop.pt\",\"nextItem\":{\"@type\":\"ListItem\",\"@id\":\"https:\\\/\\\/fisio-shop.pt\\\/?page_id=5#listItem\",\"name\":\"Loja\"}},{\"@type\":\"ListItem\",\"@id\":\"https:\\\/\\\/fisio-shop.pt\\\/?page_id=5#listItem\",\"position\":2,\"name\":\"Loja\",\"item\":\"https:\\\/\\\/fisio-shop.pt\\\/?page_id=5\",\"nextItem\":{\"@type\":\"ListItem\",\"@id\":\"https:\\\/\\\/fisio-shop.pt\\\/?product_cat=saude#listItem\",\"name\":\"Sa\\u00fade\"},\"previousItem\":{\"@type\":\"ListItem\",\"@id\":\"https:\\\/\\\/fisio-shop.pt#listItem\",\"name\":\"Home\"}},{\"@type\":\"ListItem\",\"@id\":\"https:\\\/\\\/fisio-shop.pt\\\/?product_cat=saude#listItem\",\"position\":3,\"name\":\"Sa\\u00fade\",\"item\":\"https:\\\/\\\/fisio-shop.pt\\\/?product_cat=saude\",\"nextItem\":{\"@type\":\"ListItem\",\"@id\":\"https:\\\/\\\/fisio-shop.pt\\\/?product_cat=equipamentos-para-medicina-fisica-e-reabilitacao#listItem\",\"name\":\"Equipamentos para medicina f\\u00edsica e reabilita\\u00e7\\u00e3o\"},\"previousItem\":{\"@type\":\"ListItem\",\"@id\":\"https:\\\/\\\/fisio-shop.pt\\\/?page_id=5#listItem\",\"name\":\"Loja\"}},{\"@type\":\"ListItem\",\"@id\":\"https:\\\/\\\/fisio-shop.pt\\\/?product_cat=equipamentos-para-medicina-fisica-e-reabilitacao#listItem\",\"position\":4,\"name\":\"Equipamentos para medicina f\\u00edsica e reabilita\\u00e7\\u00e3o\",\"item\":\"https:\\\/\\\/fisio-shop.pt\\\/?product_cat=equipamentos-para-medicina-fisica-e-reabilitacao\",\"nextItem\":{\"@type\":\"ListItem\",\"@id\":\"https:\\\/\\\/fisio-shop.pt\\\/?product_cat=masso-e-pressoterapia#listItem\",\"name\":\"Masso e pressoterapia\"},\"previousItem\":{\"@type\":\"ListItem\",\"@id\":\"https:\\\/\\\/fisio-shop.pt\\\/?product_cat=saude#listItem\",\"name\":\"Sa\\u00fade\"}},{\"@type\":\"ListItem\",\"@id\":\"https:\\\/\\\/fisio-shop.pt\\\/?product_cat=masso-e-pressoterapia#listItem\",\"position\":5,\"name\":\"Masso e pressoterapia\",\"item\":\"https:\\\/\\\/fisio-shop.pt\\\/?product_cat=masso-e-pressoterapia\",\"nextItem\":{\"@type\":\"ListItem\",\"@id\":\"https:\\\/\\\/fisio-shop.pt\\\/?product_cat=pressoterapia#listItem\",\"name\":\"Pressoterapia\"},\"previousItem\":{\"@type\":\"ListItem\",\"@id\":\"https:\\\/\\\/fisio-shop.pt\\\/?product_cat=equipamentos-para-medicina-fisica-e-reabilitacao#listItem\",\"name\":\"Equipamentos para medicina f\\u00edsica e reabilita\\u00e7\\u00e3o\"}},{\"@type\":\"ListItem\",\"@id\":\"https:\\\/\\\/fisio-shop.pt\\\/?product_cat=pressoterapia#listItem\",\"position\":6,\"name\":\"Pressoterapia\",\"item\":\"https:\\\/\\\/fisio-shop.pt\\\/?product_cat=pressoterapia\",\"nextItem\":{\"@type\":\"ListItem\",\"@id\":\"https:\\\/\\\/fisio-shop.pt\\\/?product=mala-de-transporte-p-cryo-pro-xl#listItem\",\"name\":\"MALA DE TRANSPORTE P\\\/CRYO PRO XL\"},\"previousItem\":{\"@type\":\"ListItem\",\"@id\":\"https:\\\/\\\/fisio-shop.pt\\\/?product_cat=masso-e-pressoterapia#listItem\",\"name\":\"Masso e pressoterapia\"}},{\"@type\":\"ListItem\",\"@id\":\"https:\\\/\\\/fisio-shop.pt\\\/?product=mala-de-transporte-p-cryo-pro-xl#listItem\",\"position\":7,\"name\":\"MALA DE TRANSPORTE P\\\/CRYO PRO XL\",\"previousItem\":{\"@type\":\"ListItem\",\"@id\":\"https:\\\/\\\/fisio-shop.pt\\\/?product_cat=pressoterapia#listItem\",\"name\":\"Pressoterapia\"}}]},{\"@type\":\"Organization\",\"@id\":\"https:\\\/\\\/fisio-shop.pt\\\/#organization\",\"name\":\"Fisio-shop\",\"description\":\"Empresa especializada na distribui\\u00e7\\u00e3o de equipamentos profissionais para os mercados da Fisioterapia, Geriatria, Fitness e Medicina Desportiva. Empresa especializada na distribui\\u00e7\\u00e3o de equipamentos profissionais para os mercados da Fisioterapia, Geriatria, Fitness e Medicina Desportiva.\",\"url\":\"https:\\\/\\\/fisio-shop.pt\\\/\",\"logo\":{\"@type\":\"ImageObject\",\"url\":\"https:\\\/\\\/fisio-shop.pt\\\/wp-content\\\/uploads\\\/2026\\\/04\\\/android-chrome-192x192-1.png\",\"@id\":\"https:\\\/\\\/fisio-shop.pt\\\/?product=mala-de-transporte-p-cryo-pro-xl\\\/#organizationLogo\"},\"image\":{\"@id\":\"https:\\\/\\\/fisio-shop.pt\\\/?product=mala-de-transporte-p-cryo-pro-xl\\\/#organizationLogo\"},\"sameAs\":[\"https:\\\/\\\/www.facebook.com\\\/p\\\/Fisioshop-Comrcio-de-Equipamentos-Lda-100036934916130\\\/\"]},{\"@type\":\"Product\",\"@id\":\"https:\\\/\\\/fisio-shop.pt\\\/?product=mala-de-transporte-p-cryo-pro-xl#wooCommerceProduct\",\"name\":\"MALA DE TRANSPORTE P\\\/CRYO PRO XL\",\"description\":\"Mala de transporte para CRIO PRO XL\",\"url\":\"https:\\\/\\\/fisio-shop.pt\\\/?product=mala-de-transporte-p-cryo-pro-xl\",\"sku\":\"DIV0541\",\"image\":{\"@type\":\"ImageObject\",\"url\":\"https:\\\/\\\/fisio-shop.pt\\\/wp-content\\\/uploads\\\/2026\\\/02\\\/MALA-XL-1.png\",\"@id\":\"https:\\\/\\\/fisio-shop.pt\\\/?product=mala-de-transporte-p-cryo-pro-xl\\\/#productImage\",\"width\":232,\"height\":164},\"offers\":{\"@type\":\"Offer\",\"url\":\"https:\\\/\\\/fisio-shop.pt\\\/?product=mala-de-transporte-p-cryo-pro-xl#wooCommerceOffer\",\"price\":172.54,\"priceCurrency\":\"EUR\",\"category\":\"Sa\\u00fade\",\"availability\":\"https:\\\/\\\/schema.org\\\/InStock\",\"priceSpecification\":{\"@type\":\"PriceSpecification\",\"price\":172.54,\"priceCurrency\":\"EUR\",\"valueAddedTaxIncluded\":\"true\"},\"seller\":{\"@type\":\"Organization\",\"@id\":\"https:\\\/\\\/fisio-shop.pt\\\/#organization\"}}},{\"@type\":\"WebPage\",\"@id\":\"https:\\\/\\\/fisio-shop.pt\\\/?product=mala-de-transporte-p-cryo-pro-xl#webpage\",\"url\":\"https:\\\/\\\/fisio-shop.pt\\\/?product=mala-de-transporte-p-cryo-pro-xl\",\"name\":\"MALA DE TRANSPORTE P\\\/CRYO PRO XL - Fisio-shop\",\"description\":\"Mala de transporte para CRIO PRO XL\",\"inLanguage\":\"pt-PT\",\"isPartOf\":{\"@id\":\"https:\\\/\\\/fisio-shop.pt\\\/#website\"},\"breadcrumb\":{\"@id\":\"https:\\\/\\\/fisio-shop.pt\\\/?product=mala-de-transporte-p-cryo-pro-xl#breadcrumblist\"},\"image\":{\"@type\":\"ImageObject\",\"url\":\"https:\\\/\\\/fisio-shop.pt\\\/wp-content\\\/uploads\\\/2026\\\/02\\\/MALA-XL-1.png\",\"@id\":\"https:\\\/\\\/fisio-shop.pt\\\/?product=mala-de-transporte-p-cryo-pro-xl\\\/#mainImage\",\"width\":232,\"height\":164},\"primaryImageOfPage\":{\"@id\":\"https:\\\/\\\/fisio-shop.pt\\\/?product=mala-de-transporte-p-cryo-pro-xl#mainImage\"},\"datePublished\":\"2025-08-29T16:10:44+00:00\",\"dateModified\":\"2026-02-25T20:07:42+00:00\"},{\"@type\":\"WebSite\",\"@id\":\"https:\\\/\\\/fisio-shop.pt\\\/#website\",\"url\":\"https:\\\/\\\/fisio-shop.pt\\\/\",\"name\":\"Fisio-shop\",\"description\":\"Empresa especializada na distribui\\u00e7\\u00e3o de equipamentos profissionais para os mercados da Fisioterapia, Geriatria, Fitness e Medicina Desportiva.\",\"inLanguage\":\"pt-PT\",\"publisher\":{\"@id\":\"https:\\\/\\\/fisio-shop.pt\\\/#organization\"}}]}\n\t\t<\/script>\n\t\t<!-- All in One SEO Pro -->\r\n\t\t<title>MALA DE TRANSPORTE P\/CRYO PRO XL - Fisio-shop<\/title>\n\n","aioseo_head_json":{"title":"MALA DE TRANSPORTE P\/CRYO PRO XL - Fisio-shop","description":"Mala de transporte para CRIO PRO XL","canonical_url":"https:\/\/fisio-shop.pt\/?product=mala-de-transporte-p-cryo-pro-xl","robots":"max-image-preview:large","keywords":"","webmasterTools":{"miscellaneous":""},"schema":{"@context":"https:\/\/schema.org","@graph":[{"@type":"BreadcrumbList","@id":"https:\/\/fisio-shop.pt\/?product=mala-de-transporte-p-cryo-pro-xl#breadcrumblist","itemListElement":[{"@type":"ListItem","@id":"https:\/\/fisio-shop.pt#listItem","position":1,"name":"Home","item":"https:\/\/fisio-shop.pt","nextItem":{"@type":"ListItem","@id":"https:\/\/fisio-shop.pt\/?page_id=5#listItem","name":"Loja"}},{"@type":"ListItem","@id":"https:\/\/fisio-shop.pt\/?page_id=5#listItem","position":2,"name":"Loja","item":"https:\/\/fisio-shop.pt\/?page_id=5","nextItem":{"@type":"ListItem","@id":"https:\/\/fisio-shop.pt\/?product_cat=saude#listItem","name":"Sa\u00fade"},"previousItem":{"@type":"ListItem","@id":"https:\/\/fisio-shop.pt#listItem","name":"Home"}},{"@type":"ListItem","@id":"https:\/\/fisio-shop.pt\/?product_cat=saude#listItem","position":3,"name":"Sa\u00fade","item":"https:\/\/fisio-shop.pt\/?product_cat=saude","nextItem":{"@type":"ListItem","@id":"https:\/\/fisio-shop.pt\/?product_cat=equipamentos-para-medicina-fisica-e-reabilitacao#listItem","name":"Equipamentos para medicina f\u00edsica e reabilita\u00e7\u00e3o"},"previousItem":{"@type":"ListItem","@id":"https:\/\/fisio-shop.pt\/?page_id=5#listItem","name":"Loja"}},{"@type":"ListItem","@id":"https:\/\/fisio-shop.pt\/?product_cat=equipamentos-para-medicina-fisica-e-reabilitacao#listItem","position":4,"name":"Equipamentos para medicina f\u00edsica e reabilita\u00e7\u00e3o","item":"https:\/\/fisio-shop.pt\/?product_cat=equipamentos-para-medicina-fisica-e-reabilitacao","nextItem":{"@type":"ListItem","@id":"https:\/\/fisio-shop.pt\/?product_cat=masso-e-pressoterapia#listItem","name":"Masso e pressoterapia"},"previousItem":{"@type":"ListItem","@id":"https:\/\/fisio-shop.pt\/?product_cat=saude#listItem","name":"Sa\u00fade"}},{"@type":"ListItem","@id":"https:\/\/fisio-shop.pt\/?product_cat=masso-e-pressoterapia#listItem","position":5,"name":"Masso e pressoterapia","item":"https:\/\/fisio-shop.pt\/?product_cat=masso-e-pressoterapia","nextItem":{"@type":"ListItem","@id":"https:\/\/fisio-shop.pt\/?product_cat=pressoterapia#listItem","name":"Pressoterapia"},"previousItem":{"@type":"ListItem","@id":"https:\/\/fisio-shop.pt\/?product_cat=equipamentos-para-medicina-fisica-e-reabilitacao#listItem","name":"Equipamentos para medicina f\u00edsica e reabilita\u00e7\u00e3o"}},{"@type":"ListItem","@id":"https:\/\/fisio-shop.pt\/?product_cat=pressoterapia#listItem","position":6,"name":"Pressoterapia","item":"https:\/\/fisio-shop.pt\/?product_cat=pressoterapia","nextItem":{"@type":"ListItem","@id":"https:\/\/fisio-shop.pt\/?product=mala-de-transporte-p-cryo-pro-xl#listItem","name":"MALA DE TRANSPORTE P\/CRYO PRO XL"},"previousItem":{"@type":"ListItem","@id":"https:\/\/fisio-shop.pt\/?product_cat=masso-e-pressoterapia#listItem","name":"Masso e pressoterapia"}},{"@type":"ListItem","@id":"https:\/\/fisio-shop.pt\/?product=mala-de-transporte-p-cryo-pro-xl#listItem","position":7,"name":"MALA DE TRANSPORTE P\/CRYO PRO XL","previousItem":{"@type":"ListItem","@id":"https:\/\/fisio-shop.pt\/?product_cat=pressoterapia#listItem","name":"Pressoterapia"}}]},{"@type":"Organization","@id":"https:\/\/fisio-shop.pt\/#organization","name":"Fisio-shop","description":"Empresa especializada na distribui\u00e7\u00e3o de equipamentos profissionais para os mercados da Fisioterapia, Geriatria, Fitness e Medicina Desportiva. Empresa especializada na distribui\u00e7\u00e3o de equipamentos profissionais para os mercados da Fisioterapia, Geriatria, Fitness e Medicina Desportiva.","url":"https:\/\/fisio-shop.pt\/","logo":{"@type":"ImageObject","url":"https:\/\/fisio-shop.pt\/wp-content\/uploads\/2026\/04\/android-chrome-192x192-1.png","@id":"https:\/\/fisio-shop.pt\/?product=mala-de-transporte-p-cryo-pro-xl\/#organizationLogo"},"image":{"@id":"https:\/\/fisio-shop.pt\/?product=mala-de-transporte-p-cryo-pro-xl\/#organizationLogo"},"sameAs":["https:\/\/www.facebook.com\/p\/Fisioshop-Comrcio-de-Equipamentos-Lda-100036934916130\/"]},{"@type":"Product","@id":"https:\/\/fisio-shop.pt\/?product=mala-de-transporte-p-cryo-pro-xl#wooCommerceProduct","name":"MALA DE TRANSPORTE P\/CRYO PRO XL","description":"Mala de transporte para CRIO PRO XL","url":"https:\/\/fisio-shop.pt\/?product=mala-de-transporte-p-cryo-pro-xl","sku":"DIV0541","image":{"@type":"ImageObject","url":"https:\/\/fisio-shop.pt\/wp-content\/uploads\/2026\/02\/MALA-XL-1.png","@id":"https:\/\/fisio-shop.pt\/?product=mala-de-transporte-p-cryo-pro-xl\/#productImage","width":232,"height":164},"offers":{"@type":"Offer","url":"https:\/\/fisio-shop.pt\/?product=mala-de-transporte-p-cryo-pro-xl#wooCommerceOffer","price":172.54,"priceCurrency":"EUR","category":"Sa\u00fade","availability":"https:\/\/schema.org\/InStock","priceSpecification":{"@type":"PriceSpecification","price":172.54,"priceCurrency":"EUR","valueAddedTaxIncluded":"true"},"seller":{"@type":"Organization","@id":"https:\/\/fisio-shop.pt\/#organization"}}},{"@type":"WebPage","@id":"https:\/\/fisio-shop.pt\/?product=mala-de-transporte-p-cryo-pro-xl#webpage","url":"https:\/\/fisio-shop.pt\/?product=mala-de-transporte-p-cryo-pro-xl","name":"MALA DE TRANSPORTE P\/CRYO PRO XL - Fisio-shop","description":"Mala de transporte para CRIO PRO XL","inLanguage":"pt-PT","isPartOf":{"@id":"https:\/\/fisio-shop.pt\/#website"},"breadcrumb":{"@id":"https:\/\/fisio-shop.pt\/?product=mala-de-transporte-p-cryo-pro-xl#breadcrumblist"},"image":{"@type":"ImageObject","url":"https:\/\/fisio-shop.pt\/wp-content\/uploads\/2026\/02\/MALA-XL-1.png","@id":"https:\/\/fisio-shop.pt\/?product=mala-de-transporte-p-cryo-pro-xl\/#mainImage","width":232,"height":164},"primaryImageOfPage":{"@id":"https:\/\/fisio-shop.pt\/?product=mala-de-transporte-p-cryo-pro-xl#mainImage"},"datePublished":"2025-08-29T16:10:44+00:00","dateModified":"2026-02-25T20:07:42+00:00"},{"@type":"WebSite","@id":"https:\/\/fisio-shop.pt\/#website","url":"https:\/\/fisio-shop.pt\/","name":"Fisio-shop","description":"Empresa especializada na distribui\u00e7\u00e3o de equipamentos profissionais para os mercados da Fisioterapia, Geriatria, Fitness e Medicina Desportiva.","inLanguage":"pt-PT","publisher":{"@id":"https:\/\/fisio-shop.pt\/#organization"}}]},"og:locale":"pt_PT","og:site_name":"Fisio-shop - Empresa especializada na distribui\u00e7\u00e3o de equipamentos profissionais para os mercados da Fisioterapia, Geriatria, Fitness e Medicina Desportiva.","og:type":"article","og:title":"MALA DE TRANSPORTE P\/CRYO PRO XL - Fisio-shop","og:description":"Mala de transporte para CRIO PRO XL","og:url":"https:\/\/fisio-shop.pt\/?product=mala-de-transporte-p-cryo-pro-xl","og:image":"https:\/\/fisio-shop.pt\/wp-content\/uploads\/2026\/04\/android-chrome-192x192-1.png","og:image:secure_url":"https:\/\/fisio-shop.pt\/wp-content\/uploads\/2026\/04\/android-chrome-192x192-1.png","article:published_time":"2025-08-29T16:10:44+00:00","article:modified_time":"2026-02-25T20:07:42+00:00","article:publisher":"https:\/\/www.facebook.com\/p\/Fisioshop-Comrcio-de-Equipamentos-Lda-100036934916130\/","twitter:card":"summary_large_image","twitter:title":"MALA DE TRANSPORTE P\/CRYO PRO XL - Fisio-shop","twitter:description":"Mala de transporte para CRIO PRO XL","twitter:image":"https:\/\/fisio-shop.pt\/wp-content\/uploads\/2026\/04\/android-chrome-192x192-1.png"},"aioseo_meta_data":{"post_id":"10457","title":null,"description":null,"keywords":null,"keyphrases":null,"primary_term":null,"canonical_url":null,"og_title":null,"og_description":null,"og_object_type":"default","og_image_type":"default","og_image_url":null,"og_image_width":null,"og_image_height":null,"og_image_custom_url":null,"og_image_custom_fields":null,"og_video":null,"og_custom_url":null,"og_article_section":null,"og_article_tags":null,"twitter_use_og":false,"twitter_card":"default","twitter_image_type":"default","twitter_image_url":null,"twitter_image_custom_url":null,"twitter_image_custom_fields":null,"twitter_title":null,"twitter_description":null,"schema":{"blockGraphs":[],"customGraphs":[],"default":{"data":{"Article":[],"Course":[],"Dataset":[],"FAQPage":[],"Movie":[],"Person":[],"Product":[],"ProductReview":[],"Car":[],"Recipe":[],"Service":[],"SoftwareApplication":[],"WebPage":[]},"graphName":"","isEnabled":true},"graphs":[]},"schema_type":"default","schema_type_options":null,"pillar_content":false,"robots_default":true,"robots_noindex":false,"robots_noarchive":false,"robots_nosnippet":false,"robots_nofollow":false,"robots_noimageindex":false,"robots_noodp":false,"robots_notranslate":false,"robots_max_snippet":null,"robots_max_videopreview":null,"robots_max_imagepreview":"large","priority":null,"frequency":null,"local_seo":null,"seo_analyzer_scan_date":"2026-04-18 08:16:49","breadcrumb_settings":null,"limit_modified_date":false,"open_ai":null,"ai":null,"created":"2026-04-18 07:02:19","updated":"2026-04-18 22:43:00"},"aioseo_breadcrumb":"<div class=\"aioseo-breadcrumbs\"><span class=\"aioseo-breadcrumb\">\n\t<a href=\"https:\/\/fisio-shop.pt\" title=\"Home\">Home<\/a>\n<\/span><span class=\"aioseo-breadcrumb-separator\">\u00bb<\/span><span class=\"aioseo-breadcrumb\">\n\t<a href=\"https:\/\/fisio-shop.pt\/?page_id=5\" title=\"Loja\">Loja<\/a>\n<\/span><span class=\"aioseo-breadcrumb-separator\">\u00bb<\/span><span class=\"aioseo-breadcrumb\">\n\t<a href=\"https:\/\/fisio-shop.pt\/?product_cat=saude\" title=\"Sa\u00fade\">Sa\u00fade<\/a>\n<\/span><span class=\"aioseo-breadcrumb-separator\">\u00bb<\/span><span class=\"aioseo-breadcrumb\">\n\t<a href=\"https:\/\/fisio-shop.pt\/?product_cat=equipamentos-para-medicina-fisica-e-reabilitacao\" title=\"Equipamentos para medicina f\u00edsica e reabilita\u00e7\u00e3o\">Equipamentos para medicina f\u00edsica e reabilita\u00e7\u00e3o<\/a>\n<\/span><span class=\"aioseo-breadcrumb-separator\">\u00bb<\/span><span class=\"aioseo-breadcrumb\">\n\t<a href=\"https:\/\/fisio-shop.pt\/?product_cat=masso-e-pressoterapia\" title=\"Masso e pressoterapia\">Masso e pressoterapia<\/a>\n<\/span><span class=\"aioseo-breadcrumb-separator\">\u00bb<\/span><span class=\"aioseo-breadcrumb\">\n\t<a href=\"https:\/\/fisio-shop.pt\/?product_cat=pressoterapia\" title=\"Pressoterapia\">Pressoterapia<\/a>\n<\/span><span class=\"aioseo-breadcrumb-separator\">\u00bb<\/span><span class=\"aioseo-breadcrumb\">\n\tMALA DE TRANSPORTE P\/CRYO PRO XL\n<\/span><\/div>","aioseo_breadcrumb_json":[{"label":"Home","link":"https:\/\/fisio-shop.pt"},{"label":"Loja","link":"https:\/\/fisio-shop.pt\/?page_id=5"},{"label":"Sa\u00fade","link":"https:\/\/fisio-shop.pt\/?product_cat=saude"},{"label":"Equipamentos para medicina f\u00edsica e reabilita\u00e7\u00e3o","link":"https:\/\/fisio-shop.pt\/?product_cat=equipamentos-para-medicina-fisica-e-reabilitacao"},{"label":"Masso e pressoterapia","link":"https:\/\/fisio-shop.pt\/?product_cat=masso-e-pressoterapia"},{"label":"Pressoterapia","link":"https:\/\/fisio-shop.pt\/?product_cat=pressoterapia"},{"label":"MALA DE TRANSPORTE P\/CRYO PRO XL","link":"https:\/\/fisio-shop.pt\/?product=mala-de-transporte-p-cryo-pro-xl"}],"_links":{"self":[{"href":"https:\/\/fisio-shop.pt\/index.php?rest_route=\/wp\/v2\/product\/10457","targetHints":{"allow":["GET"]}}],"collection":[{"href":"https:\/\/fisio-shop.pt\/index.php?rest_route=\/wp\/v2\/product"}],"about":[{"href":"https:\/\/fisio-shop.pt\/index.php?rest_route=\/wp\/v2\/types\/product"}],"replies":[{"embeddable":true,"href":"https:\/\/fisio-shop.pt\/index.php?rest_route=%2Fwp%2Fv2%2Fcomments&post=10457"}],"version-history":[{"count":0,"href":"https:\/\/fisio-shop.pt\/index.php?rest_route=\/wp\/v2\/product\/10457\/revisions"}],"wp:featuredmedia":[{"embeddable":true,"href":"https:\/\/fisio-shop.pt\/index.php?rest_route=\/wp\/v2\/media\/12713"}],"wp:attachment":[{"href":"https:\/\/fisio-shop.pt\/index.php?rest_route=%2Fwp%2Fv2%2Fmedia&parent=10457"}],"wp:term":[{"taxonomy":"product_brand","embeddable":true,"href":"https:\/\/fisio-shop.pt\/index.php?rest_route=%2Fwp%2Fv2%2Fproduct_brand&post=10457"},{"taxonomy":"product_cat","embeddable":true,"href":"https:\/\/fisio-shop.pt\/index.php?rest_route=%2Fwp%2Fv2%2Fproduct_cat&post=10457"},{"taxonomy":"product_tag","embeddable":true,"href":"https:\/\/fisio-shop.pt\/index.php?rest_route=%2Fwp%2Fv2%2Fproduct_tag&post=10457"}],"curies":[{"name":"wp","href":"https:\/\/api.w.org\/{rel}","templated":true}]}}