{"id":10472,"date":"2025-09-09T11:50:22","date_gmt":"2025-09-09T11:50:22","guid":{"rendered":"https:\/\/fisio-shop.pt\/loja\/banheira-para-partos\/"},"modified":"2026-02-25T20:07:46","modified_gmt":"2026-02-25T20:07:46","slug":"banheira-para-partos","status":"publish","type":"product","link":"https:\/\/fisio-shop.pt\/?product=banheira-para-partos","title":{"rendered":"BANHEIRA PARA PARTOS"},"content":{"rendered":"<ul>\n<li>Banheira de parto desenvolvida em colabora\u00e7\u00e3o com parteiras experientes de uma maternidade e um ginecologista.<\/li>\n<li>As necessidades tanto da gestante quanto da parteira foram levadas em considera\u00e7\u00e3o no design;<\/li>\n<li>H\u00e1 muita liberdade de movimento para a parturiente e o assento ajust\u00e1vel tamb\u00e9m oferece a possibilidade de encontrar\/assumir uma posi\u00e7\u00e3o confort\u00e1vel;<\/li>\n<li>As op\u00e7\u00f5es sentada e deitada s\u00e3o projetadas de forma que quaisquer complica\u00e7\u00f5es, como a s\u00edndrome da veia cava, possam ser evitadas;<\/li>\n<li>A futura m\u00e3e pode manter um \u00f3timo contato com seu parceiro e\/ou parteira durante todo o tempo;<\/li>\n<li>O parceiro pode at\u00e9 mesmo apoiar a parturiente diretamente na banheira a qualquer momento.<strong>\u00a0<\/strong><\/li>\n<\/ul>\n<p><strong>Caracter\u00edsticas especificas:<\/strong><strong>\u00a0<\/strong><\/p>\n<ul>\n<li>Alto padr\u00e3o de higiene;<\/li>\n<li>Entrada f\u00e1cil e segura;<\/li>\n<li>Assento com design ergon\u00f3mico;<\/li>\n<li>Assento e apoios para os p\u00e9s integrados para relaxamento;<\/li>\n<li>Entrada em arco remov\u00edvel;<\/li>\n<li>Al\u00e7as remov\u00edveis.<\/li>\n<\/ul>\n<p><strong>Acess\u00f3rios standard:<\/strong><\/p>\n<ul>\n<li>Parte interna em acr\u00edlico &#8211; para melhor higiene; com assento de relaxamento e apoio para os p\u00e9s integrados.<\/li>\n<li>1 Misturador termost\u00e1tico de 50 l\/min<\/li>\n<li>1 Entrada curva na borda da banheira, remov\u00edvel.<\/li>\n<li>1 Chuveiro de m\u00e3o com mangueira &#8211; na parte interna.<\/li>\n<li>1 Mangueiras de conex\u00e3o de 1&#8243; para \u00e1gua fria e morna.<\/li>\n<li>1 Porta de inspe\u00e7\u00e3o sob as conex\u00f5es<\/li>\n<li>2 al\u00e7as na borda da banheira, remov\u00edveis.<\/li>\n<li>1 Conjunto de drenagem de 2 \u00bd&#8221; com veda\u00e7\u00e3o axial.<\/li>\n<\/ul>\n<p><strong>Especifica\u00e7\u00f5es t\u00e9cnicas:<\/strong><strong>\u00a0<\/strong><\/p>\n<ul>\n<li>Volume de \u00e1gua (at\u00e9 10 cm abaixo da borda da banheira): 500 l;<\/li>\n<li>Largura m\u00ednima da porta para entrada: 80 cm;<\/li>\n<li>Dimens\u00f5es: 2292x1300x740;<\/li>\n<li>Peso: 160Kg.<\/li>\n<\/ul>\n<p><strong>Acess\u00f3rios opcionais:<\/strong><\/p>\n<ul>\n<li>Degrau de banho com dois degraus;<\/li>\n<li>Suporte em a\u00e7o inox;<\/li>\n<li>M\u00f3dulo de Bem Estar;<\/li>\n<li>M\u00f3dulo de Bluetooth;<\/li>\n<li>Dispositivo de chamada de emerg\u00eancia;<\/li>\n<li>Sistema de desinfe\u00e7\u00e3o por UV.<\/li>\n<\/ul>\n","protected":false},"excerpt":{"rendered":"<p>Banheira de Partos<\/p>\n","protected":false},"featured_media":12723,"comment_status":"open","ping_status":"closed","template":"","meta":{"rs_blank_template":"","rs_page_bg_color":"","slide_template_v7":""},"product_brand":[],"product_cat":[1484,1858,1397,1460,1482],"product_tag":[204,451,453,454,455,457],"class_list":{"0":"post-10472","1":"product","2":"type-product","3":"status-publish","4":"has-post-thumbnail","6":"product_cat-ajudas-tecnicas","7":"product_cat-banheiras-ajustaveis-em-altura-ajudas-tecnicas","8":"product_cat-saude","9":"product_cat-equipamento-clinico-hospitalar-e-de-enfermagem","10":"product_cat-mobilidade-e-ajudas-tecnicas","11":"product_tag-altura-ajustavel","12":"product_tag-banheira","13":"product_tag-banho-assistido","14":"product_tag-cuidados-continuados","15":"product_tag-geriatria","16":"product_tag-tr-equipments","18":"first","19":"onbackorder","20":"shipping-taxable","21":"product-type-simple"},"aioseo_notices":[],"etheme_brands":{"errors":{"invalid_taxonomy":["Taxonomia inv\u00e1lida."]},"error_data":[]},"aioseo_head":"\n\t\t<!-- All in One SEO Pro 4.9.0 - aioseo.com -->\n\t<meta name=\"description\" content=\"Banheira de Partos\" \/>\n\t<meta name=\"robots\" content=\"max-image-preview:large\" \/>\n\t<link rel=\"canonical\" href=\"https:\/\/fisio-shop.pt\/?product=banheira-para-partos\" \/>\n\t<meta name=\"generator\" content=\"All in One SEO Pro (AIOSEO) 4.9.0\" \/>\n\t\t<meta property=\"og:locale\" content=\"pt_PT\" \/>\n\t\t<meta property=\"og:site_name\" content=\"Fisio-shop - Empresa especializada na distribui\u00e7\u00e3o de equipamentos profissionais para os mercados da Fisioterapia, Geriatria, Fitness e Medicina Desportiva.\" \/>\n\t\t<meta property=\"og:type\" content=\"article\" \/>\n\t\t<meta property=\"og:title\" content=\"BANHEIRA PARA PARTOS - Fisio-shop\" \/>\n\t\t<meta property=\"og:description\" content=\"Banheira de Partos\" \/>\n\t\t<meta property=\"og:url\" content=\"https:\/\/fisio-shop.pt\/?product=banheira-para-partos\" \/>\n\t\t<meta property=\"og:image\" content=\"https:\/\/fisio-shop.pt\/wp-content\/uploads\/2026\/04\/android-chrome-192x192-1.png\" \/>\n\t\t<meta property=\"og:image:secure_url\" content=\"https:\/\/fisio-shop.pt\/wp-content\/uploads\/2026\/04\/android-chrome-192x192-1.png\" \/>\n\t\t<meta property=\"article:published_time\" content=\"2025-09-09T11:50:22+00:00\" \/>\n\t\t<meta property=\"article:modified_time\" content=\"2026-02-25T20:07:46+00:00\" \/>\n\t\t<meta property=\"article:publisher\" content=\"https:\/\/www.facebook.com\/p\/Fisioshop-Comrcio-de-Equipamentos-Lda-100036934916130\/\" \/>\n\t\t<meta name=\"twitter:card\" content=\"summary_large_image\" \/>\n\t\t<meta name=\"twitter:title\" content=\"BANHEIRA PARA PARTOS - Fisio-shop\" \/>\n\t\t<meta name=\"twitter:description\" content=\"Banheira de Partos\" \/>\n\t\t<meta name=\"twitter:image\" content=\"https:\/\/fisio-shop.pt\/wp-content\/uploads\/2026\/04\/android-chrome-192x192-1.png\" \/>\n\t\t<script type=\"application\/ld+json\" class=\"aioseo-schema\">\n\t\t\t{\"@context\":\"https:\\\/\\\/schema.org\",\"@graph\":[{\"@type\":\"BreadcrumbList\",\"@id\":\"https:\\\/\\\/fisio-shop.pt\\\/?product=banheira-para-partos#breadcrumblist\",\"itemListElement\":[{\"@type\":\"ListItem\",\"@id\":\"https:\\\/\\\/fisio-shop.pt#listItem\",\"position\":1,\"name\":\"Home\",\"item\":\"https:\\\/\\\/fisio-shop.pt\",\"nextItem\":{\"@type\":\"ListItem\",\"@id\":\"https:\\\/\\\/fisio-shop.pt\\\/?page_id=5#listItem\",\"name\":\"Loja\"}},{\"@type\":\"ListItem\",\"@id\":\"https:\\\/\\\/fisio-shop.pt\\\/?page_id=5#listItem\",\"position\":2,\"name\":\"Loja\",\"item\":\"https:\\\/\\\/fisio-shop.pt\\\/?page_id=5\",\"nextItem\":{\"@type\":\"ListItem\",\"@id\":\"https:\\\/\\\/fisio-shop.pt\\\/?product_cat=saude#listItem\",\"name\":\"Sa\\u00fade\"},\"previousItem\":{\"@type\":\"ListItem\",\"@id\":\"https:\\\/\\\/fisio-shop.pt#listItem\",\"name\":\"Home\"}},{\"@type\":\"ListItem\",\"@id\":\"https:\\\/\\\/fisio-shop.pt\\\/?product_cat=saude#listItem\",\"position\":3,\"name\":\"Sa\\u00fade\",\"item\":\"https:\\\/\\\/fisio-shop.pt\\\/?product_cat=saude\",\"nextItem\":{\"@type\":\"ListItem\",\"@id\":\"https:\\\/\\\/fisio-shop.pt\\\/?product_cat=equipamento-clinico-hospitalar-e-de-enfermagem#listItem\",\"name\":\"Equipamento cl\\u00ednico, hospitalar e de enfermagem\"},\"previousItem\":{\"@type\":\"ListItem\",\"@id\":\"https:\\\/\\\/fisio-shop.pt\\\/?page_id=5#listItem\",\"name\":\"Loja\"}},{\"@type\":\"ListItem\",\"@id\":\"https:\\\/\\\/fisio-shop.pt\\\/?product_cat=equipamento-clinico-hospitalar-e-de-enfermagem#listItem\",\"position\":4,\"name\":\"Equipamento cl\\u00ednico, hospitalar e de enfermagem\",\"item\":\"https:\\\/\\\/fisio-shop.pt\\\/?product_cat=equipamento-clinico-hospitalar-e-de-enfermagem\",\"nextItem\":{\"@type\":\"ListItem\",\"@id\":\"https:\\\/\\\/fisio-shop.pt\\\/?product_cat=mobilidade-e-ajudas-tecnicas#listItem\",\"name\":\"Mobilidade e ajudas t\\u00e9cnicas\"},\"previousItem\":{\"@type\":\"ListItem\",\"@id\":\"https:\\\/\\\/fisio-shop.pt\\\/?product_cat=saude#listItem\",\"name\":\"Sa\\u00fade\"}},{\"@type\":\"ListItem\",\"@id\":\"https:\\\/\\\/fisio-shop.pt\\\/?product_cat=mobilidade-e-ajudas-tecnicas#listItem\",\"position\":5,\"name\":\"Mobilidade e ajudas t\\u00e9cnicas\",\"item\":\"https:\\\/\\\/fisio-shop.pt\\\/?product_cat=mobilidade-e-ajudas-tecnicas\",\"nextItem\":{\"@type\":\"ListItem\",\"@id\":\"https:\\\/\\\/fisio-shop.pt\\\/?product_cat=ajudas-tecnicas#listItem\",\"name\":\"Ajudas t\\u00e9cnicas\"},\"previousItem\":{\"@type\":\"ListItem\",\"@id\":\"https:\\\/\\\/fisio-shop.pt\\\/?product_cat=equipamento-clinico-hospitalar-e-de-enfermagem#listItem\",\"name\":\"Equipamento cl\\u00ednico, hospitalar e de enfermagem\"}},{\"@type\":\"ListItem\",\"@id\":\"https:\\\/\\\/fisio-shop.pt\\\/?product_cat=ajudas-tecnicas#listItem\",\"position\":6,\"name\":\"Ajudas t\\u00e9cnicas\",\"item\":\"https:\\\/\\\/fisio-shop.pt\\\/?product_cat=ajudas-tecnicas\",\"nextItem\":{\"@type\":\"ListItem\",\"@id\":\"https:\\\/\\\/fisio-shop.pt\\\/?product_cat=banheiras-ajustaveis-em-altura-ajudas-tecnicas#listItem\",\"name\":\"Banheiras ajust\\u00e1veis em altura\"},\"previousItem\":{\"@type\":\"ListItem\",\"@id\":\"https:\\\/\\\/fisio-shop.pt\\\/?product_cat=mobilidade-e-ajudas-tecnicas#listItem\",\"name\":\"Mobilidade e ajudas t\\u00e9cnicas\"}},{\"@type\":\"ListItem\",\"@id\":\"https:\\\/\\\/fisio-shop.pt\\\/?product_cat=banheiras-ajustaveis-em-altura-ajudas-tecnicas#listItem\",\"position\":7,\"name\":\"Banheiras ajust\\u00e1veis em altura\",\"item\":\"https:\\\/\\\/fisio-shop.pt\\\/?product_cat=banheiras-ajustaveis-em-altura-ajudas-tecnicas\",\"nextItem\":{\"@type\":\"ListItem\",\"@id\":\"https:\\\/\\\/fisio-shop.pt\\\/?product=banheira-para-partos#listItem\",\"name\":\"BANHEIRA PARA PARTOS\"},\"previousItem\":{\"@type\":\"ListItem\",\"@id\":\"https:\\\/\\\/fisio-shop.pt\\\/?product_cat=ajudas-tecnicas#listItem\",\"name\":\"Ajudas t\\u00e9cnicas\"}},{\"@type\":\"ListItem\",\"@id\":\"https:\\\/\\\/fisio-shop.pt\\\/?product=banheira-para-partos#listItem\",\"position\":8,\"name\":\"BANHEIRA PARA PARTOS\",\"previousItem\":{\"@type\":\"ListItem\",\"@id\":\"https:\\\/\\\/fisio-shop.pt\\\/?product_cat=banheiras-ajustaveis-em-altura-ajudas-tecnicas#listItem\",\"name\":\"Banheiras ajust\\u00e1veis em altura\"}}]},{\"@type\":\"Organization\",\"@id\":\"https:\\\/\\\/fisio-shop.pt\\\/#organization\",\"name\":\"Fisio-shop\",\"description\":\"Empresa especializada na distribui\\u00e7\\u00e3o de equipamentos profissionais para os mercados da Fisioterapia, Geriatria, Fitness e Medicina Desportiva. Empresa especializada na distribui\\u00e7\\u00e3o de equipamentos profissionais para os mercados da Fisioterapia, Geriatria, Fitness e Medicina Desportiva.\",\"url\":\"https:\\\/\\\/fisio-shop.pt\\\/\",\"logo\":{\"@type\":\"ImageObject\",\"url\":\"https:\\\/\\\/fisio-shop.pt\\\/wp-content\\\/uploads\\\/2026\\\/04\\\/android-chrome-192x192-1.png\",\"@id\":\"https:\\\/\\\/fisio-shop.pt\\\/?product=banheira-para-partos\\\/#organizationLogo\"},\"image\":{\"@id\":\"https:\\\/\\\/fisio-shop.pt\\\/?product=banheira-para-partos\\\/#organizationLogo\"},\"sameAs\":[\"https:\\\/\\\/www.facebook.com\\\/p\\\/Fisioshop-Comrcio-de-Equipamentos-Lda-100036934916130\\\/\"]},{\"@type\":\"Product\",\"@id\":\"https:\\\/\\\/fisio-shop.pt\\\/?product=banheira-para-partos#wooCommerceProduct\",\"name\":\"BANHEIRA PARA PARTOS\",\"description\":\"Banheira de Partos\",\"url\":\"https:\\\/\\\/fisio-shop.pt\\\/?product=banheira-para-partos\",\"sku\":\"PARTUFLEX\",\"image\":{\"@type\":\"ImageObject\",\"url\":\"https:\\\/\\\/fisio-shop.pt\\\/wp-content\\\/uploads\\\/2026\\\/02\\\/BANHEIRA-PARA-PARTOS-1.jpg\",\"@id\":\"https:\\\/\\\/fisio-shop.pt\\\/?product=banheira-para-partos\\\/#productImage\",\"width\":1920,\"height\":750},\"offers\":{\"@type\":\"Offer\",\"url\":\"https:\\\/\\\/fisio-shop.pt\\\/?product=banheira-para-partos#wooCommerceOffer\",\"price\":0,\"priceCurrency\":\"EUR\",\"category\":\"Sa\\u00fade\",\"availability\":\"https:\\\/\\\/schema.org\\\/PreOrder\",\"seller\":{\"@type\":\"Organization\",\"@id\":\"https:\\\/\\\/fisio-shop.pt\\\/#organization\"}}},{\"@type\":\"WebPage\",\"@id\":\"https:\\\/\\\/fisio-shop.pt\\\/?product=banheira-para-partos#webpage\",\"url\":\"https:\\\/\\\/fisio-shop.pt\\\/?product=banheira-para-partos\",\"name\":\"BANHEIRA PARA PARTOS - Fisio-shop\",\"description\":\"Banheira de Partos\",\"inLanguage\":\"pt-PT\",\"isPartOf\":{\"@id\":\"https:\\\/\\\/fisio-shop.pt\\\/#website\"},\"breadcrumb\":{\"@id\":\"https:\\\/\\\/fisio-shop.pt\\\/?product=banheira-para-partos#breadcrumblist\"},\"image\":{\"@type\":\"ImageObject\",\"url\":\"https:\\\/\\\/fisio-shop.pt\\\/wp-content\\\/uploads\\\/2026\\\/02\\\/BANHEIRA-PARA-PARTOS-1.jpg\",\"@id\":\"https:\\\/\\\/fisio-shop.pt\\\/?product=banheira-para-partos\\\/#mainImage\",\"width\":1920,\"height\":750},\"primaryImageOfPage\":{\"@id\":\"https:\\\/\\\/fisio-shop.pt\\\/?product=banheira-para-partos#mainImage\"},\"datePublished\":\"2025-09-09T11:50:22+00:00\",\"dateModified\":\"2026-02-25T20:07:46+00:00\"},{\"@type\":\"WebSite\",\"@id\":\"https:\\\/\\\/fisio-shop.pt\\\/#website\",\"url\":\"https:\\\/\\\/fisio-shop.pt\\\/\",\"name\":\"Fisio-shop\",\"description\":\"Empresa especializada na distribui\\u00e7\\u00e3o de equipamentos profissionais para os mercados da Fisioterapia, Geriatria, Fitness e Medicina Desportiva.\",\"inLanguage\":\"pt-PT\",\"publisher\":{\"@id\":\"https:\\\/\\\/fisio-shop.pt\\\/#organization\"}}]}\n\t\t<\/script>\n\t\t<!-- All in One SEO Pro -->\r\n\t\t<title>BANHEIRA PARA PARTOS - Fisio-shop<\/title>\n\n","aioseo_head_json":{"title":"BANHEIRA PARA PARTOS - Fisio-shop","description":"Banheira de Partos","canonical_url":"https:\/\/fisio-shop.pt\/?product=banheira-para-partos","robots":"max-image-preview:large","keywords":"","webmasterTools":{"miscellaneous":""},"schema":{"@context":"https:\/\/schema.org","@graph":[{"@type":"BreadcrumbList","@id":"https:\/\/fisio-shop.pt\/?product=banheira-para-partos#breadcrumblist","itemListElement":[{"@type":"ListItem","@id":"https:\/\/fisio-shop.pt#listItem","position":1,"name":"Home","item":"https:\/\/fisio-shop.pt","nextItem":{"@type":"ListItem","@id":"https:\/\/fisio-shop.pt\/?page_id=5#listItem","name":"Loja"}},{"@type":"ListItem","@id":"https:\/\/fisio-shop.pt\/?page_id=5#listItem","position":2,"name":"Loja","item":"https:\/\/fisio-shop.pt\/?page_id=5","nextItem":{"@type":"ListItem","@id":"https:\/\/fisio-shop.pt\/?product_cat=saude#listItem","name":"Sa\u00fade"},"previousItem":{"@type":"ListItem","@id":"https:\/\/fisio-shop.pt#listItem","name":"Home"}},{"@type":"ListItem","@id":"https:\/\/fisio-shop.pt\/?product_cat=saude#listItem","position":3,"name":"Sa\u00fade","item":"https:\/\/fisio-shop.pt\/?product_cat=saude","nextItem":{"@type":"ListItem","@id":"https:\/\/fisio-shop.pt\/?product_cat=equipamento-clinico-hospitalar-e-de-enfermagem#listItem","name":"Equipamento cl\u00ednico, hospitalar e de enfermagem"},"previousItem":{"@type":"ListItem","@id":"https:\/\/fisio-shop.pt\/?page_id=5#listItem","name":"Loja"}},{"@type":"ListItem","@id":"https:\/\/fisio-shop.pt\/?product_cat=equipamento-clinico-hospitalar-e-de-enfermagem#listItem","position":4,"name":"Equipamento cl\u00ednico, hospitalar e de enfermagem","item":"https:\/\/fisio-shop.pt\/?product_cat=equipamento-clinico-hospitalar-e-de-enfermagem","nextItem":{"@type":"ListItem","@id":"https:\/\/fisio-shop.pt\/?product_cat=mobilidade-e-ajudas-tecnicas#listItem","name":"Mobilidade e ajudas t\u00e9cnicas"},"previousItem":{"@type":"ListItem","@id":"https:\/\/fisio-shop.pt\/?product_cat=saude#listItem","name":"Sa\u00fade"}},{"@type":"ListItem","@id":"https:\/\/fisio-shop.pt\/?product_cat=mobilidade-e-ajudas-tecnicas#listItem","position":5,"name":"Mobilidade e ajudas t\u00e9cnicas","item":"https:\/\/fisio-shop.pt\/?product_cat=mobilidade-e-ajudas-tecnicas","nextItem":{"@type":"ListItem","@id":"https:\/\/fisio-shop.pt\/?product_cat=ajudas-tecnicas#listItem","name":"Ajudas t\u00e9cnicas"},"previousItem":{"@type":"ListItem","@id":"https:\/\/fisio-shop.pt\/?product_cat=equipamento-clinico-hospitalar-e-de-enfermagem#listItem","name":"Equipamento cl\u00ednico, hospitalar e de enfermagem"}},{"@type":"ListItem","@id":"https:\/\/fisio-shop.pt\/?product_cat=ajudas-tecnicas#listItem","position":6,"name":"Ajudas t\u00e9cnicas","item":"https:\/\/fisio-shop.pt\/?product_cat=ajudas-tecnicas","nextItem":{"@type":"ListItem","@id":"https:\/\/fisio-shop.pt\/?product_cat=banheiras-ajustaveis-em-altura-ajudas-tecnicas#listItem","name":"Banheiras ajust\u00e1veis em altura"},"previousItem":{"@type":"ListItem","@id":"https:\/\/fisio-shop.pt\/?product_cat=mobilidade-e-ajudas-tecnicas#listItem","name":"Mobilidade e ajudas t\u00e9cnicas"}},{"@type":"ListItem","@id":"https:\/\/fisio-shop.pt\/?product_cat=banheiras-ajustaveis-em-altura-ajudas-tecnicas#listItem","position":7,"name":"Banheiras ajust\u00e1veis em altura","item":"https:\/\/fisio-shop.pt\/?product_cat=banheiras-ajustaveis-em-altura-ajudas-tecnicas","nextItem":{"@type":"ListItem","@id":"https:\/\/fisio-shop.pt\/?product=banheira-para-partos#listItem","name":"BANHEIRA PARA PARTOS"},"previousItem":{"@type":"ListItem","@id":"https:\/\/fisio-shop.pt\/?product_cat=ajudas-tecnicas#listItem","name":"Ajudas t\u00e9cnicas"}},{"@type":"ListItem","@id":"https:\/\/fisio-shop.pt\/?product=banheira-para-partos#listItem","position":8,"name":"BANHEIRA PARA PARTOS","previousItem":{"@type":"ListItem","@id":"https:\/\/fisio-shop.pt\/?product_cat=banheiras-ajustaveis-em-altura-ajudas-tecnicas#listItem","name":"Banheiras ajust\u00e1veis em altura"}}]},{"@type":"Organization","@id":"https:\/\/fisio-shop.pt\/#organization","name":"Fisio-shop","description":"Empresa especializada na distribui\u00e7\u00e3o de equipamentos profissionais para os mercados da Fisioterapia, Geriatria, Fitness e Medicina Desportiva. Empresa especializada na distribui\u00e7\u00e3o de equipamentos profissionais para os mercados da Fisioterapia, Geriatria, Fitness e Medicina Desportiva.","url":"https:\/\/fisio-shop.pt\/","logo":{"@type":"ImageObject","url":"https:\/\/fisio-shop.pt\/wp-content\/uploads\/2026\/04\/android-chrome-192x192-1.png","@id":"https:\/\/fisio-shop.pt\/?product=banheira-para-partos\/#organizationLogo"},"image":{"@id":"https:\/\/fisio-shop.pt\/?product=banheira-para-partos\/#organizationLogo"},"sameAs":["https:\/\/www.facebook.com\/p\/Fisioshop-Comrcio-de-Equipamentos-Lda-100036934916130\/"]},{"@type":"Product","@id":"https:\/\/fisio-shop.pt\/?product=banheira-para-partos#wooCommerceProduct","name":"BANHEIRA PARA PARTOS","description":"Banheira de Partos","url":"https:\/\/fisio-shop.pt\/?product=banheira-para-partos","sku":"PARTUFLEX","image":{"@type":"ImageObject","url":"https:\/\/fisio-shop.pt\/wp-content\/uploads\/2026\/02\/BANHEIRA-PARA-PARTOS-1.jpg","@id":"https:\/\/fisio-shop.pt\/?product=banheira-para-partos\/#productImage","width":1920,"height":750},"offers":{"@type":"Offer","url":"https:\/\/fisio-shop.pt\/?product=banheira-para-partos#wooCommerceOffer","price":0,"priceCurrency":"EUR","category":"Sa\u00fade","availability":"https:\/\/schema.org\/PreOrder","seller":{"@type":"Organization","@id":"https:\/\/fisio-shop.pt\/#organization"}}},{"@type":"WebPage","@id":"https:\/\/fisio-shop.pt\/?product=banheira-para-partos#webpage","url":"https:\/\/fisio-shop.pt\/?product=banheira-para-partos","name":"BANHEIRA PARA PARTOS - Fisio-shop","description":"Banheira de Partos","inLanguage":"pt-PT","isPartOf":{"@id":"https:\/\/fisio-shop.pt\/#website"},"breadcrumb":{"@id":"https:\/\/fisio-shop.pt\/?product=banheira-para-partos#breadcrumblist"},"image":{"@type":"ImageObject","url":"https:\/\/fisio-shop.pt\/wp-content\/uploads\/2026\/02\/BANHEIRA-PARA-PARTOS-1.jpg","@id":"https:\/\/fisio-shop.pt\/?product=banheira-para-partos\/#mainImage","width":1920,"height":750},"primaryImageOfPage":{"@id":"https:\/\/fisio-shop.pt\/?product=banheira-para-partos#mainImage"},"datePublished":"2025-09-09T11:50:22+00:00","dateModified":"2026-02-25T20:07:46+00:00"},{"@type":"WebSite","@id":"https:\/\/fisio-shop.pt\/#website","url":"https:\/\/fisio-shop.pt\/","name":"Fisio-shop","description":"Empresa especializada na distribui\u00e7\u00e3o de equipamentos profissionais para os mercados da Fisioterapia, Geriatria, Fitness e Medicina Desportiva.","inLanguage":"pt-PT","publisher":{"@id":"https:\/\/fisio-shop.pt\/#organization"}}]},"og:locale":"pt_PT","og:site_name":"Fisio-shop - Empresa especializada na distribui\u00e7\u00e3o de equipamentos profissionais para os mercados da Fisioterapia, Geriatria, Fitness e Medicina Desportiva.","og:type":"article","og:title":"BANHEIRA PARA PARTOS - Fisio-shop","og:description":"Banheira de Partos","og:url":"https:\/\/fisio-shop.pt\/?product=banheira-para-partos","og:image":"https:\/\/fisio-shop.pt\/wp-content\/uploads\/2026\/04\/android-chrome-192x192-1.png","og:image:secure_url":"https:\/\/fisio-shop.pt\/wp-content\/uploads\/2026\/04\/android-chrome-192x192-1.png","article:published_time":"2025-09-09T11:50:22+00:00","article:modified_time":"2026-02-25T20:07:46+00:00","article:publisher":"https:\/\/www.facebook.com\/p\/Fisioshop-Comrcio-de-Equipamentos-Lda-100036934916130\/","twitter:card":"summary_large_image","twitter:title":"BANHEIRA PARA PARTOS - Fisio-shop","twitter:description":"Banheira de Partos","twitter:image":"https:\/\/fisio-shop.pt\/wp-content\/uploads\/2026\/04\/android-chrome-192x192-1.png"},"aioseo_meta_data":{"post_id":"10472","title":null,"description":null,"keywords":null,"keyphrases":null,"primary_term":null,"canonical_url":null,"og_title":null,"og_description":null,"og_object_type":"default","og_image_type":"default","og_image_url":null,"og_image_width":null,"og_image_height":null,"og_image_custom_url":null,"og_image_custom_fields":null,"og_video":null,"og_custom_url":null,"og_article_section":null,"og_article_tags":null,"twitter_use_og":false,"twitter_card":"default","twitter_image_type":"default","twitter_image_url":null,"twitter_image_custom_url":null,"twitter_image_custom_fields":null,"twitter_title":null,"twitter_description":null,"schema":{"blockGraphs":[],"customGraphs":[],"default":{"data":{"Article":[],"Course":[],"Dataset":[],"FAQPage":[],"Movie":[],"Person":[],"Product":[],"ProductReview":[],"Car":[],"Recipe":[],"Service":[],"SoftwareApplication":[],"WebPage":[]},"graphName":"","isEnabled":true},"graphs":[]},"schema_type":"default","schema_type_options":null,"pillar_content":false,"robots_default":true,"robots_noindex":false,"robots_noarchive":false,"robots_nosnippet":false,"robots_nofollow":false,"robots_noimageindex":false,"robots_noodp":false,"robots_notranslate":false,"robots_max_snippet":null,"robots_max_videopreview":null,"robots_max_imagepreview":"large","priority":null,"frequency":null,"local_seo":null,"seo_analyzer_scan_date":"2026-04-18 08:18:14","breadcrumb_settings":null,"limit_modified_date":false,"open_ai":null,"ai":null,"created":"2026-04-18 07:02:19","updated":"2026-04-18 22:43:00"},"aioseo_breadcrumb":"<div class=\"aioseo-breadcrumbs\"><span class=\"aioseo-breadcrumb\">\n\t<a href=\"https:\/\/fisio-shop.pt\" title=\"Home\">Home<\/a>\n<\/span><span class=\"aioseo-breadcrumb-separator\">\u00bb<\/span><span class=\"aioseo-breadcrumb\">\n\t<a href=\"https:\/\/fisio-shop.pt\/?page_id=5\" title=\"Loja\">Loja<\/a>\n<\/span><span class=\"aioseo-breadcrumb-separator\">\u00bb<\/span><span class=\"aioseo-breadcrumb\">\n\t<a href=\"https:\/\/fisio-shop.pt\/?product_cat=saude\" title=\"Sa\u00fade\">Sa\u00fade<\/a>\n<\/span><span class=\"aioseo-breadcrumb-separator\">\u00bb<\/span><span class=\"aioseo-breadcrumb\">\n\t<a href=\"https:\/\/fisio-shop.pt\/?product_cat=equipamento-clinico-hospitalar-e-de-enfermagem\" title=\"Equipamento cl\u00ednico, hospitalar e de enfermagem\">Equipamento cl\u00ednico, hospitalar e de enfermagem<\/a>\n<\/span><span class=\"aioseo-breadcrumb-separator\">\u00bb<\/span><span class=\"aioseo-breadcrumb\">\n\t<a href=\"https:\/\/fisio-shop.pt\/?product_cat=mobilidade-e-ajudas-tecnicas\" title=\"Mobilidade e ajudas t\u00e9cnicas\">Mobilidade e ajudas t\u00e9cnicas<\/a>\n<\/span><span class=\"aioseo-breadcrumb-separator\">\u00bb<\/span><span class=\"aioseo-breadcrumb\">\n\t<a href=\"https:\/\/fisio-shop.pt\/?product_cat=ajudas-tecnicas\" title=\"Ajudas t\u00e9cnicas\">Ajudas t\u00e9cnicas<\/a>\n<\/span><span class=\"aioseo-breadcrumb-separator\">\u00bb<\/span><span class=\"aioseo-breadcrumb\">\n\t<a href=\"https:\/\/fisio-shop.pt\/?product_cat=banheiras-ajustaveis-em-altura-ajudas-tecnicas\" title=\"Banheiras ajust\u00e1veis em altura\">Banheiras ajust\u00e1veis em altura<\/a>\n<\/span><span class=\"aioseo-breadcrumb-separator\">\u00bb<\/span><span class=\"aioseo-breadcrumb\">\n\tBANHEIRA PARA PARTOS\n<\/span><\/div>","aioseo_breadcrumb_json":[{"label":"Home","link":"https:\/\/fisio-shop.pt"},{"label":"Loja","link":"https:\/\/fisio-shop.pt\/?page_id=5"},{"label":"Sa\u00fade","link":"https:\/\/fisio-shop.pt\/?product_cat=saude"},{"label":"Equipamento cl\u00ednico, hospitalar e de enfermagem","link":"https:\/\/fisio-shop.pt\/?product_cat=equipamento-clinico-hospitalar-e-de-enfermagem"},{"label":"Mobilidade e ajudas t\u00e9cnicas","link":"https:\/\/fisio-shop.pt\/?product_cat=mobilidade-e-ajudas-tecnicas"},{"label":"Ajudas t\u00e9cnicas","link":"https:\/\/fisio-shop.pt\/?product_cat=ajudas-tecnicas"},{"label":"Banheiras ajust\u00e1veis em altura","link":"https:\/\/fisio-shop.pt\/?product_cat=banheiras-ajustaveis-em-altura-ajudas-tecnicas"},{"label":"BANHEIRA PARA PARTOS","link":"https:\/\/fisio-shop.pt\/?product=banheira-para-partos"}],"_links":{"self":[{"href":"https:\/\/fisio-shop.pt\/index.php?rest_route=\/wp\/v2\/product\/10472","targetHints":{"allow":["GET"]}}],"collection":[{"href":"https:\/\/fisio-shop.pt\/index.php?rest_route=\/wp\/v2\/product"}],"about":[{"href":"https:\/\/fisio-shop.pt\/index.php?rest_route=\/wp\/v2\/types\/product"}],"replies":[{"embeddable":true,"href":"https:\/\/fisio-shop.pt\/index.php?rest_route=%2Fwp%2Fv2%2Fcomments&post=10472"}],"version-history":[{"count":0,"href":"https:\/\/fisio-shop.pt\/index.php?rest_route=\/wp\/v2\/product\/10472\/revisions"}],"wp:featuredmedia":[{"embeddable":true,"href":"https:\/\/fisio-shop.pt\/index.php?rest_route=\/wp\/v2\/media\/12723"}],"wp:attachment":[{"href":"https:\/\/fisio-shop.pt\/index.php?rest_route=%2Fwp%2Fv2%2Fmedia&parent=10472"}],"wp:term":[{"taxonomy":"product_brand","embeddable":true,"href":"https:\/\/fisio-shop.pt\/index.php?rest_route=%2Fwp%2Fv2%2Fproduct_brand&post=10472"},{"taxonomy":"product_cat","embeddable":true,"href":"https:\/\/fisio-shop.pt\/index.php?rest_route=%2Fwp%2Fv2%2Fproduct_cat&post=10472"},{"taxonomy":"product_tag","embeddable":true,"href":"https:\/\/fisio-shop.pt\/index.php?rest_route=%2Fwp%2Fv2%2Fproduct_tag&post=10472"}],"curies":[{"name":"wp","href":"https:\/\/api.w.org\/{rel}","templated":true}]}}