{"id":13099,"date":"2026-05-15T16:58:57","date_gmt":"2026-05-15T16:58:57","guid":{"rendered":"https:\/\/fisio-shop.pt\/?post_type=product&#038;p=13099"},"modified":"2026-05-15T17:09:37","modified_gmt":"2026-05-15T17:09:37","slug":"equipamento-de-magnetoterapia-magnetomed-7200","status":"publish","type":"product","link":"https:\/\/fisio-shop.pt\/?product=equipamento-de-magnetoterapia-magnetomed-7200","title":{"rendered":"EQUIPAMENTO DE MAGNETOTERAPIA MAGNETOMED 7200"},"content":{"rendered":"<p><strong>Caracter\u00edsticas especificas:<\/strong><\/p>\n<ul>\n<li>Display gr\u00e1fico LCD gr\u00e1fico 320&#215;240 DPI com fun\u00e7\u00e3o Touch&amp;Scroll<\/li>\n<li>Canais de sa\u00edda: 2<\/li>\n<li>81 programas memorizados<\/li>\n<li>200 programas para memorizar<\/li>\n<li>Cart\u00e3o de mem\u00f3ria para armazenar 200 programas<\/li>\n<li>Frequ\u00eancia 1-100 Hz<\/li>\n<li>Pot\u00eancia por canal: 100 Gauss<\/li>\n<li>Tempo de tratamento: 1-99min<strong>\u00a0<\/strong><\/li>\n<\/ul>\n<p><strong>Acess\u00f3rios inclu\u00eddos:<\/strong><\/p>\n<ul>\n<li>1 Anel de metal para verifica\u00e7\u00e3o de emiss\u00e3o<\/li>\n<li>1 Smart card<\/li>\n<li>1 Cabo alimenta\u00e7\u00e3o<\/li>\n<li>2 Fus\u00edveis 3,5A-T<\/li>\n<li>1 Manual instru\u00e7\u00f5es (CD)<strong>\u00a0<\/strong><\/li>\n<\/ul>\n<p><strong>Especifica\u00e7\u00f5es t\u00e9cnicas:<\/strong><\/p>\n<ul>\n<li>Alimenta\u00e7\u00e3o: 230 Vac, 50-60 Hz \u00b1 10%<\/li>\n<li>M\u00e1ximas de indu\u00e7\u00e3o: 100 \u00b1 20% Gauss<\/li>\n<li>Classe de isolamento: I tipo BF<\/li>\n<li>Hazard Class (93\/42\/CEE): II-A<\/li>\n<li>Grau de protec\u00e7\u00e3o de l\u00edquidos IPXO<\/li>\n<li>Protec\u00e7\u00e3o curto-circuito<\/li>\n<li>Ciclo de trabalho ajust\u00e1vel de 10% a 100%<\/li>\n<li>Peso: 3.5kg<\/li>\n<li>Tamanho 39 x 14 x 30 cm<\/li>\n<\/ul>\n<p><strong>Acess\u00f3rios opcionais:<\/strong><\/p>\n<ul>\n<li>Selenoide port\u00e1til para membros superiores e inferiores;<\/li>\n<li>Di\u00e2metro: 30cm.<\/li>\n<li>Selenoide port\u00e1til para membros superiores e inferiores;<\/li>\n<li>Di\u00e2metro: 60cm;<\/li>\n<li>Aplicadores para tratamentos localizados<\/li>\n<\/ul>\n","protected":false},"excerpt":{"rendered":"<p>Equipamento Profissional de magnetoterapia de bancada.<\/p>\n","protected":false},"featured_media":13100,"comment_status":"open","ping_status":"closed","template":"","meta":{"rs_blank_template":"","rs_page_bg_color":"","slide_template_v7":""},"product_brand":[],"product_cat":[1397,1401,1402,1412],"product_tag":[897,899],"class_list":{"0":"post-13099","1":"product","2":"type-product","3":"status-publish","4":"has-post-thumbnail","6":"product_cat-saude","7":"product_cat-equipamentos-para-medicina-fisica-e-reabilitacao","8":"product_cat-eletroterapia","9":"product_cat-magnetorerapia","10":"product_tag-equipamento-de-magnetoterapia","11":"product_tag-magnetoterapia-baixa-frequencia","13":"first","14":"instock","15":"shipping-taxable","16":"product-type-simple"},"aioseo_notices":[],"etheme_brands":{"errors":{"invalid_taxonomy":["Taxonomia inv\u00e1lida."]},"error_data":[]},"aioseo_head":"\n\t\t<!-- All in One SEO Pro 4.9.0 - aioseo.com -->\n\t<meta name=\"description\" content=\"Equipamento Profissional de magnetoterapia de bancada.\" \/>\n\t<meta name=\"robots\" content=\"max-image-preview:large\" \/>\n\t<link rel=\"canonical\" href=\"https:\/\/fisio-shop.pt\/?product=equipamento-de-magnetoterapia-magnetomed-7200\" \/>\n\t<meta name=\"generator\" content=\"All in One SEO Pro (AIOSEO) 4.9.0\" \/>\n\t\t<meta property=\"og:locale\" content=\"pt_PT\" \/>\n\t\t<meta property=\"og:site_name\" content=\"Fisio-shop - Empresa especializada na distribui\u00e7\u00e3o de equipamentos profissionais para os mercados da Fisioterapia, Geriatria, Fitness e Medicina Desportiva.\" \/>\n\t\t<meta property=\"og:type\" content=\"article\" \/>\n\t\t<meta property=\"og:title\" content=\"EQUIPAMENTO DE MAGNETOTERAPIA MAGNETOMED 7200 - Fisio-shop\" \/>\n\t\t<meta property=\"og:description\" content=\"Equipamento Profissional de magnetoterapia de bancada.\" \/>\n\t\t<meta property=\"og:url\" content=\"https:\/\/fisio-shop.pt\/?product=equipamento-de-magnetoterapia-magnetomed-7200\" \/>\n\t\t<meta property=\"og:image\" content=\"https:\/\/fisio-shop.pt\/wp-content\/uploads\/2026\/04\/android-chrome-192x192-1.png\" \/>\n\t\t<meta property=\"og:image:secure_url\" content=\"https:\/\/fisio-shop.pt\/wp-content\/uploads\/2026\/04\/android-chrome-192x192-1.png\" \/>\n\t\t<meta property=\"article:published_time\" content=\"2026-05-15T16:58:57+00:00\" \/>\n\t\t<meta property=\"article:modified_time\" content=\"2026-05-15T17:09:37+00:00\" \/>\n\t\t<meta property=\"article:publisher\" content=\"https:\/\/www.facebook.com\/p\/Fisioshop-Comrcio-de-Equipamentos-Lda-100036934916130\/\" \/>\n\t\t<meta name=\"twitter:card\" content=\"summary_large_image\" \/>\n\t\t<meta name=\"twitter:title\" content=\"EQUIPAMENTO DE MAGNETOTERAPIA MAGNETOMED 7200 - Fisio-shop\" \/>\n\t\t<meta name=\"twitter:description\" content=\"Equipamento Profissional de magnetoterapia de bancada.\" \/>\n\t\t<meta name=\"twitter:image\" content=\"https:\/\/fisio-shop.pt\/wp-content\/uploads\/2026\/04\/android-chrome-192x192-1.png\" \/>\n\t\t<script type=\"application\/ld+json\" class=\"aioseo-schema\">\n\t\t\t{\"@context\":\"https:\\\/\\\/schema.org\",\"@graph\":[{\"@type\":\"BreadcrumbList\",\"@id\":\"https:\\\/\\\/fisio-shop.pt\\\/?product=equipamento-de-magnetoterapia-magnetomed-7200#breadcrumblist\",\"itemListElement\":[{\"@type\":\"ListItem\",\"@id\":\"https:\\\/\\\/fisio-shop.pt#listItem\",\"position\":1,\"name\":\"Home\",\"item\":\"https:\\\/\\\/fisio-shop.pt\",\"nextItem\":{\"@type\":\"ListItem\",\"@id\":\"https:\\\/\\\/fisio-shop.pt\\\/?page_id=5#listItem\",\"name\":\"Loja\"}},{\"@type\":\"ListItem\",\"@id\":\"https:\\\/\\\/fisio-shop.pt\\\/?page_id=5#listItem\",\"position\":2,\"name\":\"Loja\",\"item\":\"https:\\\/\\\/fisio-shop.pt\\\/?page_id=5\",\"nextItem\":{\"@type\":\"ListItem\",\"@id\":\"https:\\\/\\\/fisio-shop.pt\\\/?product_cat=saude#listItem\",\"name\":\"Sa\\u00fade\"},\"previousItem\":{\"@type\":\"ListItem\",\"@id\":\"https:\\\/\\\/fisio-shop.pt#listItem\",\"name\":\"Home\"}},{\"@type\":\"ListItem\",\"@id\":\"https:\\\/\\\/fisio-shop.pt\\\/?product_cat=saude#listItem\",\"position\":3,\"name\":\"Sa\\u00fade\",\"item\":\"https:\\\/\\\/fisio-shop.pt\\\/?product_cat=saude\",\"nextItem\":{\"@type\":\"ListItem\",\"@id\":\"https:\\\/\\\/fisio-shop.pt\\\/?product_cat=equipamentos-para-medicina-fisica-e-reabilitacao#listItem\",\"name\":\"Equipamentos para medicina f\\u00edsica e reabilita\\u00e7\\u00e3o\"},\"previousItem\":{\"@type\":\"ListItem\",\"@id\":\"https:\\\/\\\/fisio-shop.pt\\\/?page_id=5#listItem\",\"name\":\"Loja\"}},{\"@type\":\"ListItem\",\"@id\":\"https:\\\/\\\/fisio-shop.pt\\\/?product_cat=equipamentos-para-medicina-fisica-e-reabilitacao#listItem\",\"position\":4,\"name\":\"Equipamentos para medicina f\\u00edsica e reabilita\\u00e7\\u00e3o\",\"item\":\"https:\\\/\\\/fisio-shop.pt\\\/?product_cat=equipamentos-para-medicina-fisica-e-reabilitacao\",\"nextItem\":{\"@type\":\"ListItem\",\"@id\":\"https:\\\/\\\/fisio-shop.pt\\\/?product_cat=eletroterapia#listItem\",\"name\":\"Eletroterapia\"},\"previousItem\":{\"@type\":\"ListItem\",\"@id\":\"https:\\\/\\\/fisio-shop.pt\\\/?product_cat=saude#listItem\",\"name\":\"Sa\\u00fade\"}},{\"@type\":\"ListItem\",\"@id\":\"https:\\\/\\\/fisio-shop.pt\\\/?product_cat=eletroterapia#listItem\",\"position\":5,\"name\":\"Eletroterapia\",\"item\":\"https:\\\/\\\/fisio-shop.pt\\\/?product_cat=eletroterapia\",\"nextItem\":{\"@type\":\"ListItem\",\"@id\":\"https:\\\/\\\/fisio-shop.pt\\\/?product=equipamento-de-magnetoterapia-magnetomed-7200#listItem\",\"name\":\"EQUIPAMENTO DE MAGNETOTERAPIA MAGNETOMED 7200\"},\"previousItem\":{\"@type\":\"ListItem\",\"@id\":\"https:\\\/\\\/fisio-shop.pt\\\/?product_cat=equipamentos-para-medicina-fisica-e-reabilitacao#listItem\",\"name\":\"Equipamentos para medicina f\\u00edsica e reabilita\\u00e7\\u00e3o\"}},{\"@type\":\"ListItem\",\"@id\":\"https:\\\/\\\/fisio-shop.pt\\\/?product=equipamento-de-magnetoterapia-magnetomed-7200#listItem\",\"position\":6,\"name\":\"EQUIPAMENTO DE MAGNETOTERAPIA MAGNETOMED 7200\",\"previousItem\":{\"@type\":\"ListItem\",\"@id\":\"https:\\\/\\\/fisio-shop.pt\\\/?product_cat=eletroterapia#listItem\",\"name\":\"Eletroterapia\"}}]},{\"@type\":\"Organization\",\"@id\":\"https:\\\/\\\/fisio-shop.pt\\\/#organization\",\"name\":\"Fisio-shop\",\"description\":\"Empresa especializada na distribui\\u00e7\\u00e3o de equipamentos profissionais para os mercados da Fisioterapia, Geriatria, Fitness e Medicina Desportiva. Empresa especializada na distribui\\u00e7\\u00e3o de equipamentos profissionais para os mercados da Fisioterapia, Geriatria, Fitness e Medicina Desportiva.\",\"url\":\"https:\\\/\\\/fisio-shop.pt\\\/\",\"logo\":{\"@type\":\"ImageObject\",\"url\":\"https:\\\/\\\/fisio-shop.pt\\\/wp-content\\\/uploads\\\/2026\\\/04\\\/android-chrome-192x192-1.png\",\"@id\":\"https:\\\/\\\/fisio-shop.pt\\\/?product=equipamento-de-magnetoterapia-magnetomed-7200\\\/#organizationLogo\"},\"image\":{\"@id\":\"https:\\\/\\\/fisio-shop.pt\\\/?product=equipamento-de-magnetoterapia-magnetomed-7200\\\/#organizationLogo\"},\"sameAs\":[\"https:\\\/\\\/www.facebook.com\\\/p\\\/Fisioshop-Comrcio-de-Equipamentos-Lda-100036934916130\\\/\"]},{\"@type\":\"Product\",\"@id\":\"https:\\\/\\\/fisio-shop.pt\\\/?product=equipamento-de-magnetoterapia-magnetomed-7200#wooCommerceProduct\",\"name\":\"EQUIPAMENTO DE MAGNETOTERAPIA MAGNETOMED 7200\",\"description\":\"Equipamento Profissional de magnetoterapia de bancada.\",\"url\":\"https:\\\/\\\/fisio-shop.pt\\\/?product=equipamento-de-magnetoterapia-magnetomed-7200\",\"sku\":\"ELE0091\",\"image\":{\"@type\":\"ImageObject\",\"url\":\"https:\\\/\\\/fisio-shop.pt\\\/wp-content\\\/uploads\\\/2026\\\/05\\\/magnetomed0.png\",\"@id\":\"https:\\\/\\\/fisio-shop.pt\\\/?product=equipamento-de-magnetoterapia-magnetomed-7200\\\/#productImage\",\"width\":368,\"height\":209},\"offers\":{\"@type\":\"Offer\",\"url\":\"https:\\\/\\\/fisio-shop.pt\\\/?product=equipamento-de-magnetoterapia-magnetomed-7200#wooCommerceOffer\",\"price\":0,\"priceCurrency\":\"EUR\",\"category\":\"Sa\\u00fade\",\"availability\":\"https:\\\/\\\/schema.org\\\/InStock\",\"seller\":{\"@type\":\"Organization\",\"@id\":\"https:\\\/\\\/fisio-shop.pt\\\/#organization\"}}},{\"@type\":\"WebPage\",\"@id\":\"https:\\\/\\\/fisio-shop.pt\\\/?product=equipamento-de-magnetoterapia-magnetomed-7200#webpage\",\"url\":\"https:\\\/\\\/fisio-shop.pt\\\/?product=equipamento-de-magnetoterapia-magnetomed-7200\",\"name\":\"EQUIPAMENTO DE MAGNETOTERAPIA MAGNETOMED 7200 - Fisio-shop\",\"description\":\"Equipamento Profissional de magnetoterapia de bancada.\",\"inLanguage\":\"pt-PT\",\"isPartOf\":{\"@id\":\"https:\\\/\\\/fisio-shop.pt\\\/#website\"},\"breadcrumb\":{\"@id\":\"https:\\\/\\\/fisio-shop.pt\\\/?product=equipamento-de-magnetoterapia-magnetomed-7200#breadcrumblist\"},\"image\":{\"@type\":\"ImageObject\",\"url\":\"https:\\\/\\\/fisio-shop.pt\\\/wp-content\\\/uploads\\\/2026\\\/05\\\/magnetomed0.png\",\"@id\":\"https:\\\/\\\/fisio-shop.pt\\\/?product=equipamento-de-magnetoterapia-magnetomed-7200\\\/#mainImage\",\"width\":368,\"height\":209},\"primaryImageOfPage\":{\"@id\":\"https:\\\/\\\/fisio-shop.pt\\\/?product=equipamento-de-magnetoterapia-magnetomed-7200#mainImage\"},\"datePublished\":\"2026-05-15T16:58:57+00:00\",\"dateModified\":\"2026-05-15T17:09:37+00:00\"},{\"@type\":\"WebSite\",\"@id\":\"https:\\\/\\\/fisio-shop.pt\\\/#website\",\"url\":\"https:\\\/\\\/fisio-shop.pt\\\/\",\"name\":\"Fisio-shop\",\"description\":\"Empresa especializada na distribui\\u00e7\\u00e3o de equipamentos profissionais para os mercados da Fisioterapia, Geriatria, Fitness e Medicina Desportiva.\",\"inLanguage\":\"pt-PT\",\"publisher\":{\"@id\":\"https:\\\/\\\/fisio-shop.pt\\\/#organization\"}}]}\n\t\t<\/script>\n\t\t<!-- All in One SEO Pro -->\r\n\t\t<title>EQUIPAMENTO DE MAGNETOTERAPIA MAGNETOMED 7200 - Fisio-shop<\/title>\n\n","aioseo_head_json":{"title":"EQUIPAMENTO DE MAGNETOTERAPIA MAGNETOMED 7200 - Fisio-shop","description":"Equipamento Profissional de magnetoterapia de bancada.","canonical_url":"https:\/\/fisio-shop.pt\/?product=equipamento-de-magnetoterapia-magnetomed-7200","robots":"max-image-preview:large","keywords":"","webmasterTools":{"miscellaneous":""},"schema":{"@context":"https:\/\/schema.org","@graph":[{"@type":"BreadcrumbList","@id":"https:\/\/fisio-shop.pt\/?product=equipamento-de-magnetoterapia-magnetomed-7200#breadcrumblist","itemListElement":[{"@type":"ListItem","@id":"https:\/\/fisio-shop.pt#listItem","position":1,"name":"Home","item":"https:\/\/fisio-shop.pt","nextItem":{"@type":"ListItem","@id":"https:\/\/fisio-shop.pt\/?page_id=5#listItem","name":"Loja"}},{"@type":"ListItem","@id":"https:\/\/fisio-shop.pt\/?page_id=5#listItem","position":2,"name":"Loja","item":"https:\/\/fisio-shop.pt\/?page_id=5","nextItem":{"@type":"ListItem","@id":"https:\/\/fisio-shop.pt\/?product_cat=saude#listItem","name":"Sa\u00fade"},"previousItem":{"@type":"ListItem","@id":"https:\/\/fisio-shop.pt#listItem","name":"Home"}},{"@type":"ListItem","@id":"https:\/\/fisio-shop.pt\/?product_cat=saude#listItem","position":3,"name":"Sa\u00fade","item":"https:\/\/fisio-shop.pt\/?product_cat=saude","nextItem":{"@type":"ListItem","@id":"https:\/\/fisio-shop.pt\/?product_cat=equipamentos-para-medicina-fisica-e-reabilitacao#listItem","name":"Equipamentos para medicina f\u00edsica e reabilita\u00e7\u00e3o"},"previousItem":{"@type":"ListItem","@id":"https:\/\/fisio-shop.pt\/?page_id=5#listItem","name":"Loja"}},{"@type":"ListItem","@id":"https:\/\/fisio-shop.pt\/?product_cat=equipamentos-para-medicina-fisica-e-reabilitacao#listItem","position":4,"name":"Equipamentos para medicina f\u00edsica e reabilita\u00e7\u00e3o","item":"https:\/\/fisio-shop.pt\/?product_cat=equipamentos-para-medicina-fisica-e-reabilitacao","nextItem":{"@type":"ListItem","@id":"https:\/\/fisio-shop.pt\/?product_cat=eletroterapia#listItem","name":"Eletroterapia"},"previousItem":{"@type":"ListItem","@id":"https:\/\/fisio-shop.pt\/?product_cat=saude#listItem","name":"Sa\u00fade"}},{"@type":"ListItem","@id":"https:\/\/fisio-shop.pt\/?product_cat=eletroterapia#listItem","position":5,"name":"Eletroterapia","item":"https:\/\/fisio-shop.pt\/?product_cat=eletroterapia","nextItem":{"@type":"ListItem","@id":"https:\/\/fisio-shop.pt\/?product=equipamento-de-magnetoterapia-magnetomed-7200#listItem","name":"EQUIPAMENTO DE MAGNETOTERAPIA MAGNETOMED 7200"},"previousItem":{"@type":"ListItem","@id":"https:\/\/fisio-shop.pt\/?product_cat=equipamentos-para-medicina-fisica-e-reabilitacao#listItem","name":"Equipamentos para medicina f\u00edsica e reabilita\u00e7\u00e3o"}},{"@type":"ListItem","@id":"https:\/\/fisio-shop.pt\/?product=equipamento-de-magnetoterapia-magnetomed-7200#listItem","position":6,"name":"EQUIPAMENTO DE MAGNETOTERAPIA MAGNETOMED 7200","previousItem":{"@type":"ListItem","@id":"https:\/\/fisio-shop.pt\/?product_cat=eletroterapia#listItem","name":"Eletroterapia"}}]},{"@type":"Organization","@id":"https:\/\/fisio-shop.pt\/#organization","name":"Fisio-shop","description":"Empresa especializada na distribui\u00e7\u00e3o de equipamentos profissionais para os mercados da Fisioterapia, Geriatria, Fitness e Medicina Desportiva. Empresa especializada na distribui\u00e7\u00e3o de equipamentos profissionais para os mercados da Fisioterapia, Geriatria, Fitness e Medicina Desportiva.","url":"https:\/\/fisio-shop.pt\/","logo":{"@type":"ImageObject","url":"https:\/\/fisio-shop.pt\/wp-content\/uploads\/2026\/04\/android-chrome-192x192-1.png","@id":"https:\/\/fisio-shop.pt\/?product=equipamento-de-magnetoterapia-magnetomed-7200\/#organizationLogo"},"image":{"@id":"https:\/\/fisio-shop.pt\/?product=equipamento-de-magnetoterapia-magnetomed-7200\/#organizationLogo"},"sameAs":["https:\/\/www.facebook.com\/p\/Fisioshop-Comrcio-de-Equipamentos-Lda-100036934916130\/"]},{"@type":"Product","@id":"https:\/\/fisio-shop.pt\/?product=equipamento-de-magnetoterapia-magnetomed-7200#wooCommerceProduct","name":"EQUIPAMENTO DE MAGNETOTERAPIA MAGNETOMED 7200","description":"Equipamento Profissional de magnetoterapia de bancada.","url":"https:\/\/fisio-shop.pt\/?product=equipamento-de-magnetoterapia-magnetomed-7200","sku":"ELE0091","image":{"@type":"ImageObject","url":"https:\/\/fisio-shop.pt\/wp-content\/uploads\/2026\/05\/magnetomed0.png","@id":"https:\/\/fisio-shop.pt\/?product=equipamento-de-magnetoterapia-magnetomed-7200\/#productImage","width":368,"height":209},"offers":{"@type":"Offer","url":"https:\/\/fisio-shop.pt\/?product=equipamento-de-magnetoterapia-magnetomed-7200#wooCommerceOffer","price":0,"priceCurrency":"EUR","category":"Sa\u00fade","availability":"https:\/\/schema.org\/InStock","seller":{"@type":"Organization","@id":"https:\/\/fisio-shop.pt\/#organization"}}},{"@type":"WebPage","@id":"https:\/\/fisio-shop.pt\/?product=equipamento-de-magnetoterapia-magnetomed-7200#webpage","url":"https:\/\/fisio-shop.pt\/?product=equipamento-de-magnetoterapia-magnetomed-7200","name":"EQUIPAMENTO DE MAGNETOTERAPIA MAGNETOMED 7200 - Fisio-shop","description":"Equipamento Profissional de magnetoterapia de bancada.","inLanguage":"pt-PT","isPartOf":{"@id":"https:\/\/fisio-shop.pt\/#website"},"breadcrumb":{"@id":"https:\/\/fisio-shop.pt\/?product=equipamento-de-magnetoterapia-magnetomed-7200#breadcrumblist"},"image":{"@type":"ImageObject","url":"https:\/\/fisio-shop.pt\/wp-content\/uploads\/2026\/05\/magnetomed0.png","@id":"https:\/\/fisio-shop.pt\/?product=equipamento-de-magnetoterapia-magnetomed-7200\/#mainImage","width":368,"height":209},"primaryImageOfPage":{"@id":"https:\/\/fisio-shop.pt\/?product=equipamento-de-magnetoterapia-magnetomed-7200#mainImage"},"datePublished":"2026-05-15T16:58:57+00:00","dateModified":"2026-05-15T17:09:37+00:00"},{"@type":"WebSite","@id":"https:\/\/fisio-shop.pt\/#website","url":"https:\/\/fisio-shop.pt\/","name":"Fisio-shop","description":"Empresa especializada na distribui\u00e7\u00e3o de equipamentos profissionais para os mercados da Fisioterapia, Geriatria, Fitness e Medicina Desportiva.","inLanguage":"pt-PT","publisher":{"@id":"https:\/\/fisio-shop.pt\/#organization"}}]},"og:locale":"pt_PT","og:site_name":"Fisio-shop - Empresa especializada na distribui\u00e7\u00e3o de equipamentos profissionais para os mercados da Fisioterapia, Geriatria, Fitness e Medicina Desportiva.","og:type":"article","og:title":"EQUIPAMENTO DE MAGNETOTERAPIA MAGNETOMED 7200 - Fisio-shop","og:description":"Equipamento Profissional de magnetoterapia de bancada.","og:url":"https:\/\/fisio-shop.pt\/?product=equipamento-de-magnetoterapia-magnetomed-7200","og:image":"https:\/\/fisio-shop.pt\/wp-content\/uploads\/2026\/04\/android-chrome-192x192-1.png","og:image:secure_url":"https:\/\/fisio-shop.pt\/wp-content\/uploads\/2026\/04\/android-chrome-192x192-1.png","article:published_time":"2026-05-15T16:58:57+00:00","article:modified_time":"2026-05-15T17:09:37+00:00","article:publisher":"https:\/\/www.facebook.com\/p\/Fisioshop-Comrcio-de-Equipamentos-Lda-100036934916130\/","twitter:card":"summary_large_image","twitter:title":"EQUIPAMENTO DE MAGNETOTERAPIA MAGNETOMED 7200 - Fisio-shop","twitter:description":"Equipamento Profissional de magnetoterapia de bancada.","twitter:image":"https:\/\/fisio-shop.pt\/wp-content\/uploads\/2026\/04\/android-chrome-192x192-1.png"},"aioseo_meta_data":{"post_id":"13099","title":null,"description":null,"keywords":null,"keyphrases":{"focus":{"keyphrase":"","score":0,"analysis":{"keyphraseInTitle":{"score":0,"maxScore":9,"error":1}}},"additional":[]},"primary_term":null,"canonical_url":null,"og_title":null,"og_description":null,"og_object_type":"default","og_image_type":"default","og_image_url":null,"og_image_width":null,"og_image_height":null,"og_image_custom_url":null,"og_image_custom_fields":null,"og_video":"","og_custom_url":null,"og_article_section":null,"og_article_tags":null,"twitter_use_og":false,"twitter_card":"default","twitter_image_type":"default","twitter_image_url":null,"twitter_image_custom_url":null,"twitter_image_custom_fields":null,"twitter_title":null,"twitter_description":null,"schema":{"blockGraphs":[],"customGraphs":[],"default":{"data":{"Article":[],"Course":[],"Dataset":[],"FAQPage":[],"Movie":[],"Person":[],"Product":[],"ProductReview":[],"Car":[],"Recipe":[],"Service":[],"SoftwareApplication":[],"WebPage":[]},"graphName":"Product","isEnabled":true},"graphs":[]},"schema_type":"default","schema_type_options":null,"pillar_content":false,"robots_default":true,"robots_noindex":false,"robots_noarchive":false,"robots_nosnippet":false,"robots_nofollow":false,"robots_noimageindex":false,"robots_noodp":false,"robots_notranslate":false,"robots_max_snippet":"-1","robots_max_videopreview":"-1","robots_max_imagepreview":"large","priority":null,"frequency":"default","local_seo":null,"seo_analyzer_scan_date":"2026-05-15 17:18:36","breadcrumb_settings":null,"limit_modified_date":false,"open_ai":null,"ai":{"faqs":[],"keyPoints":[],"titles":[],"descriptions":[],"socialPosts":{"email":[],"linkedin":[],"twitter":[],"facebook":[],"instagram":[]}},"created":"2026-05-15 16:58:57","updated":"2026-05-15 17:18:36"},"aioseo_breadcrumb":"<div class=\"aioseo-breadcrumbs\"><span class=\"aioseo-breadcrumb\">\n\t<a href=\"https:\/\/fisio-shop.pt\" title=\"Home\">Home<\/a>\n<\/span><span class=\"aioseo-breadcrumb-separator\">\u00bb<\/span><span class=\"aioseo-breadcrumb\">\n\t<a href=\"https:\/\/fisio-shop.pt\/?page_id=5\" title=\"Loja\">Loja<\/a>\n<\/span><span class=\"aioseo-breadcrumb-separator\">\u00bb<\/span><span class=\"aioseo-breadcrumb\">\n\t<a href=\"https:\/\/fisio-shop.pt\/?product_cat=saude\" title=\"Sa\u00fade\">Sa\u00fade<\/a>\n<\/span><span class=\"aioseo-breadcrumb-separator\">\u00bb<\/span><span class=\"aioseo-breadcrumb\">\n\t<a href=\"https:\/\/fisio-shop.pt\/?product_cat=equipamentos-para-medicina-fisica-e-reabilitacao\" title=\"Equipamentos para medicina f\u00edsica e reabilita\u00e7\u00e3o\">Equipamentos para medicina f\u00edsica e reabilita\u00e7\u00e3o<\/a>\n<\/span><span class=\"aioseo-breadcrumb-separator\">\u00bb<\/span><span class=\"aioseo-breadcrumb\">\n\t<a href=\"https:\/\/fisio-shop.pt\/?product_cat=eletroterapia\" title=\"Eletroterapia\">Eletroterapia<\/a>\n<\/span><span class=\"aioseo-breadcrumb-separator\">\u00bb<\/span><span class=\"aioseo-breadcrumb\">\n\tEQUIPAMENTO DE MAGNETOTERAPIA MAGNETOMED 7200\n<\/span><\/div>","aioseo_breadcrumb_json":[{"label":"Home","link":"https:\/\/fisio-shop.pt"},{"label":"Loja","link":"https:\/\/fisio-shop.pt\/?page_id=5"},{"label":"Sa\u00fade","link":"https:\/\/fisio-shop.pt\/?product_cat=saude"},{"label":"Equipamentos para medicina f\u00edsica e reabilita\u00e7\u00e3o","link":"https:\/\/fisio-shop.pt\/?product_cat=equipamentos-para-medicina-fisica-e-reabilitacao"},{"label":"Eletroterapia","link":"https:\/\/fisio-shop.pt\/?product_cat=eletroterapia"},{"label":"EQUIPAMENTO DE MAGNETOTERAPIA MAGNETOMED 7200","link":"https:\/\/fisio-shop.pt\/?product=equipamento-de-magnetoterapia-magnetomed-7200"}],"_links":{"self":[{"href":"https:\/\/fisio-shop.pt\/index.php?rest_route=\/wp\/v2\/product\/13099","targetHints":{"allow":["GET"]}}],"collection":[{"href":"https:\/\/fisio-shop.pt\/index.php?rest_route=\/wp\/v2\/product"}],"about":[{"href":"https:\/\/fisio-shop.pt\/index.php?rest_route=\/wp\/v2\/types\/product"}],"replies":[{"embeddable":true,"href":"https:\/\/fisio-shop.pt\/index.php?rest_route=%2Fwp%2Fv2%2Fcomments&post=13099"}],"version-history":[{"count":1,"href":"https:\/\/fisio-shop.pt\/index.php?rest_route=\/wp\/v2\/product\/13099\/revisions"}],"predecessor-version":[{"id":13104,"href":"https:\/\/fisio-shop.pt\/index.php?rest_route=\/wp\/v2\/product\/13099\/revisions\/13104"}],"wp:featuredmedia":[{"embeddable":true,"href":"https:\/\/fisio-shop.pt\/index.php?rest_route=\/wp\/v2\/media\/13100"}],"wp:attachment":[{"href":"https:\/\/fisio-shop.pt\/index.php?rest_route=%2Fwp%2Fv2%2Fmedia&parent=13099"}],"wp:term":[{"taxonomy":"product_brand","embeddable":true,"href":"https:\/\/fisio-shop.pt\/index.php?rest_route=%2Fwp%2Fv2%2Fproduct_brand&post=13099"},{"taxonomy":"product_cat","embeddable":true,"href":"https:\/\/fisio-shop.pt\/index.php?rest_route=%2Fwp%2Fv2%2Fproduct_cat&post=13099"},{"taxonomy":"product_tag","embeddable":true,"href":"https:\/\/fisio-shop.pt\/index.php?rest_route=%2Fwp%2Fv2%2Fproduct_tag&post=13099"}],"curies":[{"name":"wp","href":"https:\/\/api.w.org\/{rel}","templated":true}]}}