{"id":13124,"date":"2026-05-15T17:43:19","date_gmt":"2026-05-15T17:43:19","guid":{"rendered":"https:\/\/fisio-shop.pt\/?post_type=product&#038;p=13124"},"modified":"2026-05-15T17:50:50","modified_gmt":"2026-05-15T17:50:50","slug":"equipamento-de-laser-alta-potencia-9w","status":"publish","type":"product","link":"https:\/\/fisio-shop.pt\/?product=equipamento-de-laser-alta-potencia-9w","title":{"rendered":"EQUIPAMENTO DE LASER ALTA POTENCIA 9W"},"content":{"rendered":"<p><strong>Caracter\u00edsticas gerais:<\/strong><strong>\u00a0<\/strong><\/p>\n<p>Equipamento de laser de alta pot\u00eancia de \u00faltima gera\u00e7\u00e3o, especialmente concebido para Terapias de Reabilita\u00e7\u00e3o, Dermatologia, Medicina Geral, Traumatologia Desportiva e Patologias Artro Reumat\u00f3ides. A utiliza\u00e7\u00e3o do Bi Power Lux permite reduzir significativamente o tempo de tratamento.<strong>\u00a0<\/strong><\/p>\n<p><strong>Caracter\u00edsticas especificas:<\/strong><strong>\u00a0<\/strong><\/p>\n<ul>\n<li>Display a cores touch screen 10.1&#8243;;<\/li>\n<li>Pot\u00eancia: 9W;<\/li>\n<li>Comprimento de Onda: 808 + 980 nm;<\/li>\n<li>Modo pulsado: 10-100%;<\/li>\n<li>Frequ\u00eancia: Regul\u00e1vel 100 a 10.000 Hz;<\/li>\n<li>Canais: 1;<\/li>\n<li>Protocolos instalados: 32.<strong>\u00a0<\/strong><\/li>\n<\/ul>\n<p><strong>Especifica\u00e7\u00f5es t\u00e9cnicas:<\/strong><strong>\u00a0<\/strong><\/p>\n<ul>\n<li>Alimenta\u00e7\u00e3o: 230 Vca, 50-60 Hz \u00b1 10%;<\/li>\n<li>Max Pot\u00eancia absorvida pela rede: 70 W;<\/li>\n<li>Classifica\u00e7\u00e3o diretiva 93\/42\/EEC: I\/BF;<\/li>\n<li>Laser classe: 4;<\/li>\n<li>Dimens\u00f5es: 39&#215;17,5x28cm;<\/li>\n<li>Peso: 4.9Kg.<\/li>\n<\/ul>\n<p><strong>Acess\u00f3rios Inclu\u00eddos:<\/strong><strong>\u00a0<\/strong><\/p>\n<ul>\n<li>1 x sonda de 9W;<\/li>\n<li>2 x \u00f3culos;<\/li>\n<li>1 x chave;<\/li>\n<li>1 x USB;<\/li>\n<li>1 x DVD com manual de instru\u00e7\u00f5es;<\/li>\n<li>1 x Cabo de alimenta\u00e7\u00e3o;<\/li>\n<li>2 x Fus\u00edveis;<\/li>\n<\/ul>\n","protected":false},"excerpt":{"rendered":"<p>Equipamento de Laser Alta Pot\u00eancia<\/p>\n","protected":false},"featured_media":13125,"comment_status":"open","ping_status":"closed","template":"","meta":{"rs_blank_template":"","rs_page_bg_color":"","slide_template_v7":""},"product_brand":[],"product_cat":[1397,1401,1402,1875],"product_tag":[1004,1916],"class_list":{"0":"post-13124","1":"product","2":"type-product","3":"status-publish","4":"has-post-thumbnail","6":"product_cat-saude","7":"product_cat-equipamentos-para-medicina-fisica-e-reabilitacao","8":"product_cat-eletroterapia","9":"product_cat-aparelhos-de-laser","10":"product_tag-laser","11":"product_tag-alta-potencia","13":"first","14":"instock","15":"shipping-taxable","16":"product-type-simple"},"aioseo_notices":[],"etheme_brands":{"errors":{"invalid_taxonomy":["Taxonomia inv\u00e1lida."]},"error_data":[]},"aioseo_head":"\n\t\t<!-- All in One SEO Pro 4.9.0 - aioseo.com -->\n\t<meta name=\"description\" content=\"Equipamento de Laser Alta Pot\u00eancia\" \/>\n\t<meta name=\"robots\" content=\"max-image-preview:large\" \/>\n\t<link rel=\"canonical\" href=\"https:\/\/fisio-shop.pt\/?product=equipamento-de-laser-alta-potencia-9w\" \/>\n\t<meta name=\"generator\" content=\"All in One SEO Pro (AIOSEO) 4.9.0\" \/>\n\t\t<meta property=\"og:locale\" content=\"pt_PT\" \/>\n\t\t<meta property=\"og:site_name\" content=\"Fisio-shop - Empresa especializada na distribui\u00e7\u00e3o de equipamentos profissionais para os mercados da Fisioterapia, Geriatria, Fitness e Medicina Desportiva.\" \/>\n\t\t<meta property=\"og:type\" content=\"article\" \/>\n\t\t<meta property=\"og:title\" content=\"EQUIPAMENTO DE LASER ALTA POTENCIA 9W - Fisio-shop\" \/>\n\t\t<meta property=\"og:description\" content=\"Equipamento de Laser Alta Pot\u00eancia\" \/>\n\t\t<meta property=\"og:url\" content=\"https:\/\/fisio-shop.pt\/?product=equipamento-de-laser-alta-potencia-9w\" \/>\n\t\t<meta property=\"og:image\" content=\"https:\/\/fisio-shop.pt\/wp-content\/uploads\/2026\/04\/android-chrome-192x192-1.png\" \/>\n\t\t<meta property=\"og:image:secure_url\" content=\"https:\/\/fisio-shop.pt\/wp-content\/uploads\/2026\/04\/android-chrome-192x192-1.png\" \/>\n\t\t<meta property=\"article:published_time\" content=\"2026-05-15T17:43:19+00:00\" \/>\n\t\t<meta property=\"article:modified_time\" content=\"2026-05-15T17:50:50+00:00\" \/>\n\t\t<meta property=\"article:publisher\" content=\"https:\/\/www.facebook.com\/p\/Fisioshop-Comrcio-de-Equipamentos-Lda-100036934916130\/\" \/>\n\t\t<meta name=\"twitter:card\" content=\"summary_large_image\" \/>\n\t\t<meta name=\"twitter:title\" content=\"EQUIPAMENTO DE LASER ALTA POTENCIA 9W - Fisio-shop\" \/>\n\t\t<meta name=\"twitter:description\" content=\"Equipamento de Laser Alta Pot\u00eancia\" \/>\n\t\t<meta name=\"twitter:image\" content=\"https:\/\/fisio-shop.pt\/wp-content\/uploads\/2026\/04\/android-chrome-192x192-1.png\" \/>\n\t\t<script type=\"application\/ld+json\" class=\"aioseo-schema\">\n\t\t\t{\"@context\":\"https:\\\/\\\/schema.org\",\"@graph\":[{\"@type\":\"BreadcrumbList\",\"@id\":\"https:\\\/\\\/fisio-shop.pt\\\/?product=equipamento-de-laser-alta-potencia-9w#breadcrumblist\",\"itemListElement\":[{\"@type\":\"ListItem\",\"@id\":\"https:\\\/\\\/fisio-shop.pt#listItem\",\"position\":1,\"name\":\"Home\",\"item\":\"https:\\\/\\\/fisio-shop.pt\",\"nextItem\":{\"@type\":\"ListItem\",\"@id\":\"https:\\\/\\\/fisio-shop.pt\\\/?page_id=5#listItem\",\"name\":\"Loja\"}},{\"@type\":\"ListItem\",\"@id\":\"https:\\\/\\\/fisio-shop.pt\\\/?page_id=5#listItem\",\"position\":2,\"name\":\"Loja\",\"item\":\"https:\\\/\\\/fisio-shop.pt\\\/?page_id=5\",\"nextItem\":{\"@type\":\"ListItem\",\"@id\":\"https:\\\/\\\/fisio-shop.pt\\\/?product_cat=saude#listItem\",\"name\":\"Sa\\u00fade\"},\"previousItem\":{\"@type\":\"ListItem\",\"@id\":\"https:\\\/\\\/fisio-shop.pt#listItem\",\"name\":\"Home\"}},{\"@type\":\"ListItem\",\"@id\":\"https:\\\/\\\/fisio-shop.pt\\\/?product_cat=saude#listItem\",\"position\":3,\"name\":\"Sa\\u00fade\",\"item\":\"https:\\\/\\\/fisio-shop.pt\\\/?product_cat=saude\",\"nextItem\":{\"@type\":\"ListItem\",\"@id\":\"https:\\\/\\\/fisio-shop.pt\\\/?product_cat=equipamentos-para-medicina-fisica-e-reabilitacao#listItem\",\"name\":\"Equipamentos para medicina f\\u00edsica e reabilita\\u00e7\\u00e3o\"},\"previousItem\":{\"@type\":\"ListItem\",\"@id\":\"https:\\\/\\\/fisio-shop.pt\\\/?page_id=5#listItem\",\"name\":\"Loja\"}},{\"@type\":\"ListItem\",\"@id\":\"https:\\\/\\\/fisio-shop.pt\\\/?product_cat=equipamentos-para-medicina-fisica-e-reabilitacao#listItem\",\"position\":4,\"name\":\"Equipamentos para medicina f\\u00edsica e reabilita\\u00e7\\u00e3o\",\"item\":\"https:\\\/\\\/fisio-shop.pt\\\/?product_cat=equipamentos-para-medicina-fisica-e-reabilitacao\",\"nextItem\":{\"@type\":\"ListItem\",\"@id\":\"https:\\\/\\\/fisio-shop.pt\\\/?product_cat=eletroterapia#listItem\",\"name\":\"Eletroterapia\"},\"previousItem\":{\"@type\":\"ListItem\",\"@id\":\"https:\\\/\\\/fisio-shop.pt\\\/?product_cat=saude#listItem\",\"name\":\"Sa\\u00fade\"}},{\"@type\":\"ListItem\",\"@id\":\"https:\\\/\\\/fisio-shop.pt\\\/?product_cat=eletroterapia#listItem\",\"position\":5,\"name\":\"Eletroterapia\",\"item\":\"https:\\\/\\\/fisio-shop.pt\\\/?product_cat=eletroterapia\",\"nextItem\":{\"@type\":\"ListItem\",\"@id\":\"https:\\\/\\\/fisio-shop.pt\\\/?product_cat=equipamento-eletro-medico#listItem\",\"name\":\"Equipamento eletro-medico\"},\"previousItem\":{\"@type\":\"ListItem\",\"@id\":\"https:\\\/\\\/fisio-shop.pt\\\/?product_cat=equipamentos-para-medicina-fisica-e-reabilitacao#listItem\",\"name\":\"Equipamentos para medicina f\\u00edsica e reabilita\\u00e7\\u00e3o\"}},{\"@type\":\"ListItem\",\"@id\":\"https:\\\/\\\/fisio-shop.pt\\\/?product_cat=equipamento-eletro-medico#listItem\",\"position\":6,\"name\":\"Equipamento eletro-medico\",\"item\":\"https:\\\/\\\/fisio-shop.pt\\\/?product_cat=equipamento-eletro-medico\",\"nextItem\":{\"@type\":\"ListItem\",\"@id\":\"https:\\\/\\\/fisio-shop.pt\\\/?product_cat=aparelhos-de-laser#listItem\",\"name\":\"Aparelhos de laser\"},\"previousItem\":{\"@type\":\"ListItem\",\"@id\":\"https:\\\/\\\/fisio-shop.pt\\\/?product_cat=eletroterapia#listItem\",\"name\":\"Eletroterapia\"}},{\"@type\":\"ListItem\",\"@id\":\"https:\\\/\\\/fisio-shop.pt\\\/?product_cat=aparelhos-de-laser#listItem\",\"position\":7,\"name\":\"Aparelhos de laser\",\"item\":\"https:\\\/\\\/fisio-shop.pt\\\/?product_cat=aparelhos-de-laser\",\"nextItem\":{\"@type\":\"ListItem\",\"@id\":\"https:\\\/\\\/fisio-shop.pt\\\/?product=equipamento-de-laser-alta-potencia-9w#listItem\",\"name\":\"EQUIPAMENTO DE LASER ALTA POTENCIA 9W\"},\"previousItem\":{\"@type\":\"ListItem\",\"@id\":\"https:\\\/\\\/fisio-shop.pt\\\/?product_cat=equipamento-eletro-medico#listItem\",\"name\":\"Equipamento eletro-medico\"}},{\"@type\":\"ListItem\",\"@id\":\"https:\\\/\\\/fisio-shop.pt\\\/?product=equipamento-de-laser-alta-potencia-9w#listItem\",\"position\":8,\"name\":\"EQUIPAMENTO DE LASER ALTA POTENCIA 9W\",\"previousItem\":{\"@type\":\"ListItem\",\"@id\":\"https:\\\/\\\/fisio-shop.pt\\\/?product_cat=aparelhos-de-laser#listItem\",\"name\":\"Aparelhos de laser\"}}]},{\"@type\":\"Organization\",\"@id\":\"https:\\\/\\\/fisio-shop.pt\\\/#organization\",\"name\":\"Fisio-shop\",\"description\":\"Empresa especializada na distribui\\u00e7\\u00e3o de equipamentos profissionais para os mercados da Fisioterapia, Geriatria, Fitness e Medicina Desportiva. Empresa especializada na distribui\\u00e7\\u00e3o de equipamentos profissionais para os mercados da Fisioterapia, Geriatria, Fitness e Medicina Desportiva.\",\"url\":\"https:\\\/\\\/fisio-shop.pt\\\/\",\"logo\":{\"@type\":\"ImageObject\",\"url\":\"https:\\\/\\\/fisio-shop.pt\\\/wp-content\\\/uploads\\\/2026\\\/04\\\/android-chrome-192x192-1.png\",\"@id\":\"https:\\\/\\\/fisio-shop.pt\\\/?product=equipamento-de-laser-alta-potencia-9w\\\/#organizationLogo\"},\"image\":{\"@id\":\"https:\\\/\\\/fisio-shop.pt\\\/?product=equipamento-de-laser-alta-potencia-9w\\\/#organizationLogo\"},\"sameAs\":[\"https:\\\/\\\/www.facebook.com\\\/p\\\/Fisioshop-Comrcio-de-Equipamentos-Lda-100036934916130\\\/\"]},{\"@type\":\"Product\",\"@id\":\"https:\\\/\\\/fisio-shop.pt\\\/?product=equipamento-de-laser-alta-potencia-9w#wooCommerceProduct\",\"name\":\"EQUIPAMENTO DE LASER ALTA POTENCIA 9W\",\"description\":\"Equipamento de Laser Alta Pot\\u00eancia\",\"url\":\"https:\\\/\\\/fisio-shop.pt\\\/?product=equipamento-de-laser-alta-potencia-9w\",\"sku\":\"ELE0124\",\"image\":{\"@type\":\"ImageObject\",\"url\":\"https:\\\/\\\/fisio-shop.pt\\\/wp-content\\\/uploads\\\/2026\\\/05\\\/laser-9w.jpg\",\"@id\":\"https:\\\/\\\/fisio-shop.pt\\\/?product=equipamento-de-laser-alta-potencia-9w\\\/#productImage\",\"width\":500,\"height\":375},\"offers\":{\"@type\":\"Offer\",\"url\":\"https:\\\/\\\/fisio-shop.pt\\\/?product=equipamento-de-laser-alta-potencia-9w#wooCommerceOffer\",\"price\":0,\"priceCurrency\":\"EUR\",\"category\":\"Sa\\u00fade\",\"availability\":\"https:\\\/\\\/schema.org\\\/InStock\",\"seller\":{\"@type\":\"Organization\",\"@id\":\"https:\\\/\\\/fisio-shop.pt\\\/#organization\"}}},{\"@type\":\"WebPage\",\"@id\":\"https:\\\/\\\/fisio-shop.pt\\\/?product=equipamento-de-laser-alta-potencia-9w#webpage\",\"url\":\"https:\\\/\\\/fisio-shop.pt\\\/?product=equipamento-de-laser-alta-potencia-9w\",\"name\":\"EQUIPAMENTO DE LASER ALTA POTENCIA 9W - Fisio-shop\",\"description\":\"Equipamento de Laser Alta Pot\\u00eancia\",\"inLanguage\":\"pt-PT\",\"isPartOf\":{\"@id\":\"https:\\\/\\\/fisio-shop.pt\\\/#website\"},\"breadcrumb\":{\"@id\":\"https:\\\/\\\/fisio-shop.pt\\\/?product=equipamento-de-laser-alta-potencia-9w#breadcrumblist\"},\"image\":{\"@type\":\"ImageObject\",\"url\":\"https:\\\/\\\/fisio-shop.pt\\\/wp-content\\\/uploads\\\/2026\\\/05\\\/laser-9w.jpg\",\"@id\":\"https:\\\/\\\/fisio-shop.pt\\\/?product=equipamento-de-laser-alta-potencia-9w\\\/#mainImage\",\"width\":500,\"height\":375},\"primaryImageOfPage\":{\"@id\":\"https:\\\/\\\/fisio-shop.pt\\\/?product=equipamento-de-laser-alta-potencia-9w#mainImage\"},\"datePublished\":\"2026-05-15T17:43:19+00:00\",\"dateModified\":\"2026-05-15T17:50:50+00:00\"},{\"@type\":\"WebSite\",\"@id\":\"https:\\\/\\\/fisio-shop.pt\\\/#website\",\"url\":\"https:\\\/\\\/fisio-shop.pt\\\/\",\"name\":\"Fisio-shop\",\"description\":\"Empresa especializada na distribui\\u00e7\\u00e3o de equipamentos profissionais para os mercados da Fisioterapia, Geriatria, Fitness e Medicina Desportiva.\",\"inLanguage\":\"pt-PT\",\"publisher\":{\"@id\":\"https:\\\/\\\/fisio-shop.pt\\\/#organization\"}}]}\n\t\t<\/script>\n\t\t<!-- All in One SEO Pro -->\r\n\t\t<title>EQUIPAMENTO DE LASER ALTA POTENCIA 9W - Fisio-shop<\/title>\n\n","aioseo_head_json":{"title":"EQUIPAMENTO DE LASER ALTA POTENCIA 9W - Fisio-shop","description":"Equipamento de Laser Alta Pot\u00eancia","canonical_url":"https:\/\/fisio-shop.pt\/?product=equipamento-de-laser-alta-potencia-9w","robots":"max-image-preview:large","keywords":"","webmasterTools":{"miscellaneous":""},"schema":{"@context":"https:\/\/schema.org","@graph":[{"@type":"BreadcrumbList","@id":"https:\/\/fisio-shop.pt\/?product=equipamento-de-laser-alta-potencia-9w#breadcrumblist","itemListElement":[{"@type":"ListItem","@id":"https:\/\/fisio-shop.pt#listItem","position":1,"name":"Home","item":"https:\/\/fisio-shop.pt","nextItem":{"@type":"ListItem","@id":"https:\/\/fisio-shop.pt\/?page_id=5#listItem","name":"Loja"}},{"@type":"ListItem","@id":"https:\/\/fisio-shop.pt\/?page_id=5#listItem","position":2,"name":"Loja","item":"https:\/\/fisio-shop.pt\/?page_id=5","nextItem":{"@type":"ListItem","@id":"https:\/\/fisio-shop.pt\/?product_cat=saude#listItem","name":"Sa\u00fade"},"previousItem":{"@type":"ListItem","@id":"https:\/\/fisio-shop.pt#listItem","name":"Home"}},{"@type":"ListItem","@id":"https:\/\/fisio-shop.pt\/?product_cat=saude#listItem","position":3,"name":"Sa\u00fade","item":"https:\/\/fisio-shop.pt\/?product_cat=saude","nextItem":{"@type":"ListItem","@id":"https:\/\/fisio-shop.pt\/?product_cat=equipamentos-para-medicina-fisica-e-reabilitacao#listItem","name":"Equipamentos para medicina f\u00edsica e reabilita\u00e7\u00e3o"},"previousItem":{"@type":"ListItem","@id":"https:\/\/fisio-shop.pt\/?page_id=5#listItem","name":"Loja"}},{"@type":"ListItem","@id":"https:\/\/fisio-shop.pt\/?product_cat=equipamentos-para-medicina-fisica-e-reabilitacao#listItem","position":4,"name":"Equipamentos para medicina f\u00edsica e reabilita\u00e7\u00e3o","item":"https:\/\/fisio-shop.pt\/?product_cat=equipamentos-para-medicina-fisica-e-reabilitacao","nextItem":{"@type":"ListItem","@id":"https:\/\/fisio-shop.pt\/?product_cat=eletroterapia#listItem","name":"Eletroterapia"},"previousItem":{"@type":"ListItem","@id":"https:\/\/fisio-shop.pt\/?product_cat=saude#listItem","name":"Sa\u00fade"}},{"@type":"ListItem","@id":"https:\/\/fisio-shop.pt\/?product_cat=eletroterapia#listItem","position":5,"name":"Eletroterapia","item":"https:\/\/fisio-shop.pt\/?product_cat=eletroterapia","nextItem":{"@type":"ListItem","@id":"https:\/\/fisio-shop.pt\/?product_cat=equipamento-eletro-medico#listItem","name":"Equipamento eletro-medico"},"previousItem":{"@type":"ListItem","@id":"https:\/\/fisio-shop.pt\/?product_cat=equipamentos-para-medicina-fisica-e-reabilitacao#listItem","name":"Equipamentos para medicina f\u00edsica e reabilita\u00e7\u00e3o"}},{"@type":"ListItem","@id":"https:\/\/fisio-shop.pt\/?product_cat=equipamento-eletro-medico#listItem","position":6,"name":"Equipamento eletro-medico","item":"https:\/\/fisio-shop.pt\/?product_cat=equipamento-eletro-medico","nextItem":{"@type":"ListItem","@id":"https:\/\/fisio-shop.pt\/?product_cat=aparelhos-de-laser#listItem","name":"Aparelhos de laser"},"previousItem":{"@type":"ListItem","@id":"https:\/\/fisio-shop.pt\/?product_cat=eletroterapia#listItem","name":"Eletroterapia"}},{"@type":"ListItem","@id":"https:\/\/fisio-shop.pt\/?product_cat=aparelhos-de-laser#listItem","position":7,"name":"Aparelhos de laser","item":"https:\/\/fisio-shop.pt\/?product_cat=aparelhos-de-laser","nextItem":{"@type":"ListItem","@id":"https:\/\/fisio-shop.pt\/?product=equipamento-de-laser-alta-potencia-9w#listItem","name":"EQUIPAMENTO DE LASER ALTA POTENCIA 9W"},"previousItem":{"@type":"ListItem","@id":"https:\/\/fisio-shop.pt\/?product_cat=equipamento-eletro-medico#listItem","name":"Equipamento eletro-medico"}},{"@type":"ListItem","@id":"https:\/\/fisio-shop.pt\/?product=equipamento-de-laser-alta-potencia-9w#listItem","position":8,"name":"EQUIPAMENTO DE LASER ALTA POTENCIA 9W","previousItem":{"@type":"ListItem","@id":"https:\/\/fisio-shop.pt\/?product_cat=aparelhos-de-laser#listItem","name":"Aparelhos de laser"}}]},{"@type":"Organization","@id":"https:\/\/fisio-shop.pt\/#organization","name":"Fisio-shop","description":"Empresa especializada na distribui\u00e7\u00e3o de equipamentos profissionais para os mercados da Fisioterapia, Geriatria, Fitness e Medicina Desportiva. Empresa especializada na distribui\u00e7\u00e3o de equipamentos profissionais para os mercados da Fisioterapia, Geriatria, Fitness e Medicina Desportiva.","url":"https:\/\/fisio-shop.pt\/","logo":{"@type":"ImageObject","url":"https:\/\/fisio-shop.pt\/wp-content\/uploads\/2026\/04\/android-chrome-192x192-1.png","@id":"https:\/\/fisio-shop.pt\/?product=equipamento-de-laser-alta-potencia-9w\/#organizationLogo"},"image":{"@id":"https:\/\/fisio-shop.pt\/?product=equipamento-de-laser-alta-potencia-9w\/#organizationLogo"},"sameAs":["https:\/\/www.facebook.com\/p\/Fisioshop-Comrcio-de-Equipamentos-Lda-100036934916130\/"]},{"@type":"Product","@id":"https:\/\/fisio-shop.pt\/?product=equipamento-de-laser-alta-potencia-9w#wooCommerceProduct","name":"EQUIPAMENTO DE LASER ALTA POTENCIA 9W","description":"Equipamento de Laser Alta Pot\u00eancia","url":"https:\/\/fisio-shop.pt\/?product=equipamento-de-laser-alta-potencia-9w","sku":"ELE0124","image":{"@type":"ImageObject","url":"https:\/\/fisio-shop.pt\/wp-content\/uploads\/2026\/05\/laser-9w.jpg","@id":"https:\/\/fisio-shop.pt\/?product=equipamento-de-laser-alta-potencia-9w\/#productImage","width":500,"height":375},"offers":{"@type":"Offer","url":"https:\/\/fisio-shop.pt\/?product=equipamento-de-laser-alta-potencia-9w#wooCommerceOffer","price":0,"priceCurrency":"EUR","category":"Sa\u00fade","availability":"https:\/\/schema.org\/InStock","seller":{"@type":"Organization","@id":"https:\/\/fisio-shop.pt\/#organization"}}},{"@type":"WebPage","@id":"https:\/\/fisio-shop.pt\/?product=equipamento-de-laser-alta-potencia-9w#webpage","url":"https:\/\/fisio-shop.pt\/?product=equipamento-de-laser-alta-potencia-9w","name":"EQUIPAMENTO DE LASER ALTA POTENCIA 9W - Fisio-shop","description":"Equipamento de Laser Alta Pot\u00eancia","inLanguage":"pt-PT","isPartOf":{"@id":"https:\/\/fisio-shop.pt\/#website"},"breadcrumb":{"@id":"https:\/\/fisio-shop.pt\/?product=equipamento-de-laser-alta-potencia-9w#breadcrumblist"},"image":{"@type":"ImageObject","url":"https:\/\/fisio-shop.pt\/wp-content\/uploads\/2026\/05\/laser-9w.jpg","@id":"https:\/\/fisio-shop.pt\/?product=equipamento-de-laser-alta-potencia-9w\/#mainImage","width":500,"height":375},"primaryImageOfPage":{"@id":"https:\/\/fisio-shop.pt\/?product=equipamento-de-laser-alta-potencia-9w#mainImage"},"datePublished":"2026-05-15T17:43:19+00:00","dateModified":"2026-05-15T17:50:50+00:00"},{"@type":"WebSite","@id":"https:\/\/fisio-shop.pt\/#website","url":"https:\/\/fisio-shop.pt\/","name":"Fisio-shop","description":"Empresa especializada na distribui\u00e7\u00e3o de equipamentos profissionais para os mercados da Fisioterapia, Geriatria, Fitness e Medicina Desportiva.","inLanguage":"pt-PT","publisher":{"@id":"https:\/\/fisio-shop.pt\/#organization"}}]},"og:locale":"pt_PT","og:site_name":"Fisio-shop - Empresa especializada na distribui\u00e7\u00e3o de equipamentos profissionais para os mercados da Fisioterapia, Geriatria, Fitness e Medicina Desportiva.","og:type":"article","og:title":"EQUIPAMENTO DE LASER ALTA POTENCIA 9W - Fisio-shop","og:description":"Equipamento de Laser Alta Pot\u00eancia","og:url":"https:\/\/fisio-shop.pt\/?product=equipamento-de-laser-alta-potencia-9w","og:image":"https:\/\/fisio-shop.pt\/wp-content\/uploads\/2026\/04\/android-chrome-192x192-1.png","og:image:secure_url":"https:\/\/fisio-shop.pt\/wp-content\/uploads\/2026\/04\/android-chrome-192x192-1.png","article:published_time":"2026-05-15T17:43:19+00:00","article:modified_time":"2026-05-15T17:50:50+00:00","article:publisher":"https:\/\/www.facebook.com\/p\/Fisioshop-Comrcio-de-Equipamentos-Lda-100036934916130\/","twitter:card":"summary_large_image","twitter:title":"EQUIPAMENTO DE LASER ALTA POTENCIA 9W - Fisio-shop","twitter:description":"Equipamento de Laser Alta Pot\u00eancia","twitter:image":"https:\/\/fisio-shop.pt\/wp-content\/uploads\/2026\/04\/android-chrome-192x192-1.png"},"aioseo_meta_data":{"post_id":"13124","title":null,"description":null,"keywords":null,"keyphrases":{"focus":{"keyphrase":"","score":0,"analysis":{"keyphraseInTitle":{"score":0,"maxScore":9,"error":1}}},"additional":[]},"primary_term":null,"canonical_url":null,"og_title":null,"og_description":null,"og_object_type":"default","og_image_type":"default","og_image_url":null,"og_image_width":null,"og_image_height":null,"og_image_custom_url":null,"og_image_custom_fields":null,"og_video":"","og_custom_url":null,"og_article_section":null,"og_article_tags":null,"twitter_use_og":false,"twitter_card":"default","twitter_image_type":"default","twitter_image_url":null,"twitter_image_custom_url":null,"twitter_image_custom_fields":null,"twitter_title":null,"twitter_description":null,"schema":{"blockGraphs":[],"customGraphs":[],"default":{"data":{"Article":[],"Course":[],"Dataset":[],"FAQPage":[],"Movie":[],"Person":[],"Product":[],"ProductReview":[],"Car":[],"Recipe":[],"Service":[],"SoftwareApplication":[],"WebPage":[]},"graphName":"Product","isEnabled":true},"graphs":[]},"schema_type":"default","schema_type_options":null,"pillar_content":false,"robots_default":true,"robots_noindex":false,"robots_noarchive":false,"robots_nosnippet":false,"robots_nofollow":false,"robots_noimageindex":false,"robots_noodp":false,"robots_notranslate":false,"robots_max_snippet":"-1","robots_max_videopreview":"-1","robots_max_imagepreview":"large","priority":null,"frequency":"default","local_seo":null,"seo_analyzer_scan_date":"2026-05-15 17:53:11","breadcrumb_settings":null,"limit_modified_date":false,"open_ai":null,"ai":{"faqs":[],"keyPoints":[],"titles":[],"descriptions":[],"socialPosts":{"email":[],"linkedin":[],"twitter":[],"facebook":[],"instagram":[]}},"created":"2026-05-15 17:43:19","updated":"2026-05-15 18:05:35"},"aioseo_breadcrumb":"<div class=\"aioseo-breadcrumbs\"><span class=\"aioseo-breadcrumb\">\n\t<a href=\"https:\/\/fisio-shop.pt\" title=\"Home\">Home<\/a>\n<\/span><span class=\"aioseo-breadcrumb-separator\">\u00bb<\/span><span class=\"aioseo-breadcrumb\">\n\t<a href=\"https:\/\/fisio-shop.pt\/?page_id=5\" title=\"Loja\">Loja<\/a>\n<\/span><span class=\"aioseo-breadcrumb-separator\">\u00bb<\/span><span class=\"aioseo-breadcrumb\">\n\t<a href=\"https:\/\/fisio-shop.pt\/?product_cat=saude\" title=\"Sa\u00fade\">Sa\u00fade<\/a>\n<\/span><span class=\"aioseo-breadcrumb-separator\">\u00bb<\/span><span class=\"aioseo-breadcrumb\">\n\t<a href=\"https:\/\/fisio-shop.pt\/?product_cat=equipamentos-para-medicina-fisica-e-reabilitacao\" title=\"Equipamentos para medicina f\u00edsica e reabilita\u00e7\u00e3o\">Equipamentos para medicina f\u00edsica e reabilita\u00e7\u00e3o<\/a>\n<\/span><span class=\"aioseo-breadcrumb-separator\">\u00bb<\/span><span class=\"aioseo-breadcrumb\">\n\t<a href=\"https:\/\/fisio-shop.pt\/?product_cat=eletroterapia\" title=\"Eletroterapia\">Eletroterapia<\/a>\n<\/span><span class=\"aioseo-breadcrumb-separator\">\u00bb<\/span><span class=\"aioseo-breadcrumb\">\n\t<a href=\"https:\/\/fisio-shop.pt\/?product_cat=equipamento-eletro-medico\" title=\"Equipamento eletro-medico\">Equipamento eletro-medico<\/a>\n<\/span><span class=\"aioseo-breadcrumb-separator\">\u00bb<\/span><span class=\"aioseo-breadcrumb\">\n\t<a href=\"https:\/\/fisio-shop.pt\/?product_cat=aparelhos-de-laser\" title=\"Aparelhos de laser\">Aparelhos de laser<\/a>\n<\/span><span class=\"aioseo-breadcrumb-separator\">\u00bb<\/span><span class=\"aioseo-breadcrumb\">\n\tEQUIPAMENTO DE LASER ALTA POTENCIA 9W\n<\/span><\/div>","aioseo_breadcrumb_json":[{"label":"Home","link":"https:\/\/fisio-shop.pt"},{"label":"Loja","link":"https:\/\/fisio-shop.pt\/?page_id=5"},{"label":"Sa\u00fade","link":"https:\/\/fisio-shop.pt\/?product_cat=saude"},{"label":"Equipamentos para medicina f\u00edsica e reabilita\u00e7\u00e3o","link":"https:\/\/fisio-shop.pt\/?product_cat=equipamentos-para-medicina-fisica-e-reabilitacao"},{"label":"Eletroterapia","link":"https:\/\/fisio-shop.pt\/?product_cat=eletroterapia"},{"label":"Equipamento eletro-medico","link":"https:\/\/fisio-shop.pt\/?product_cat=equipamento-eletro-medico"},{"label":"Aparelhos de laser","link":"https:\/\/fisio-shop.pt\/?product_cat=aparelhos-de-laser"},{"label":"EQUIPAMENTO DE LASER ALTA POTENCIA 9W","link":"https:\/\/fisio-shop.pt\/?product=equipamento-de-laser-alta-potencia-9w"}],"_links":{"self":[{"href":"https:\/\/fisio-shop.pt\/index.php?rest_route=\/wp\/v2\/product\/13124","targetHints":{"allow":["GET"]}}],"collection":[{"href":"https:\/\/fisio-shop.pt\/index.php?rest_route=\/wp\/v2\/product"}],"about":[{"href":"https:\/\/fisio-shop.pt\/index.php?rest_route=\/wp\/v2\/types\/product"}],"replies":[{"embeddable":true,"href":"https:\/\/fisio-shop.pt\/index.php?rest_route=%2Fwp%2Fv2%2Fcomments&post=13124"}],"version-history":[{"count":1,"href":"https:\/\/fisio-shop.pt\/index.php?rest_route=\/wp\/v2\/product\/13124\/revisions"}],"predecessor-version":[{"id":13126,"href":"https:\/\/fisio-shop.pt\/index.php?rest_route=\/wp\/v2\/product\/13124\/revisions\/13126"}],"wp:featuredmedia":[{"embeddable":true,"href":"https:\/\/fisio-shop.pt\/index.php?rest_route=\/wp\/v2\/media\/13125"}],"wp:attachment":[{"href":"https:\/\/fisio-shop.pt\/index.php?rest_route=%2Fwp%2Fv2%2Fmedia&parent=13124"}],"wp:term":[{"taxonomy":"product_brand","embeddable":true,"href":"https:\/\/fisio-shop.pt\/index.php?rest_route=%2Fwp%2Fv2%2Fproduct_brand&post=13124"},{"taxonomy":"product_cat","embeddable":true,"href":"https:\/\/fisio-shop.pt\/index.php?rest_route=%2Fwp%2Fv2%2Fproduct_cat&post=13124"},{"taxonomy":"product_tag","embeddable":true,"href":"https:\/\/fisio-shop.pt\/index.php?rest_route=%2Fwp%2Fv2%2Fproduct_tag&post=13124"}],"curies":[{"name":"wp","href":"https:\/\/api.w.org\/{rel}","templated":true}]}}