{"id":13199,"date":"2026-05-16T18:00:39","date_gmt":"2026-05-16T18:00:39","guid":{"rendered":"https:\/\/fisio-shop.pt\/?post_type=product&#038;p=13199"},"modified":"2026-05-16T18:20:16","modified_gmt":"2026-05-16T18:20:16","slug":"reformer","status":"publish","type":"product","link":"https:\/\/fisio-shop.pt\/?product=reformer","title":{"rendered":"REFORMER"},"content":{"rendered":"<ul>\n<li><strong>\u00a0<\/strong>Estrutura em madeira nobre, totalmente extra\u00edda de florestas renov\u00e1veis a partir de \u00e1rvores plantadas;<\/li>\n<li>O acabamento \u00e9 feito em verniz fosco acetinado, resistente \u00e0 humidade e arranh\u00f5es;<\/li>\n<li>N\u00e3o possui n\u00f3s;<\/li>\n<li>Sistema de encaixe dos p\u00e9s na estrutura proporciona maior estabilidade ao equipamento.<strong>\u00a0<\/strong><\/li>\n<\/ul>\n<p><strong>Regula\u00e7\u00e3o:<\/strong><strong>\u00a0<\/strong><\/p>\n<ul>\n<li>Suporte das roldanas com 5 posi\u00e7\u00f5es de regula\u00e7\u00e3o pr\u00e9-definidas;<\/li>\n<li>Maior facilidade no ajuste da altura da corda;<\/li>\n<li>Roldanas com molas de sustenta\u00e7\u00e3o antirru\u00eddo em a\u00e7o inox.<strong>\u00a0<\/strong><\/li>\n<\/ul>\n<p><strong>Resist\u00eancia:<\/strong><strong>\u00a0<\/strong><\/p>\n<ul>\n<li>Carrinho com deslizamento suave;<\/li>\n<li>Sistema com 8 rodas que deslizam sobre um trilho em alum\u00ednio;<\/li>\n<li>Material resistente \u00e0 corros\u00e3o e de f\u00e1cil limpeza;<\/li>\n<li>Estrutura do chassi em a\u00e7o;<\/li>\n<li>Carrinho com medidas maiores que possibilitam uma melhor acomoda\u00e7\u00e3o para utilizadores com maior estatura.<strong>\u00a0<\/strong><\/li>\n<\/ul>\n<p><strong>Design:<\/strong><strong>\u00a0<\/strong><\/p>\n<ul>\n<li>Posicionamento das molas mais afastado da extremidade do carrinho,\u00a0 possibilitam um ajuste mais \u00e1gil e pr\u00e1tico;<\/li>\n<li>Molas com pegadores que facilitam o encaixe na barra;<\/li>\n<li>N\u00e3o necessitam de mosquet\u00f5es, tornando o manuseio muito mais f\u00e1cil;<\/li>\n<li>Barras de molas feitas em a\u00e7o macio;<\/li>\n<li>Barra dentada com 3 n\u00edveis de regula\u00e7\u00e3o para a barra de molas.<\/li>\n<\/ul>\n<p><strong>Novo sistema:<\/strong><strong>\u00a0<\/strong><\/p>\n<ul>\n<li>Novo sistema utiliza 4 roldanas, 2 moit\u00f5es e corda \u00fanica;<\/li>\n<li>Com a exclusiva trava \u00e9 poss\u00edvel utilizar a corda de forma livre ou com dois lados independentes;<\/li>\n<li>O ajuste da dist\u00e2ncia das al\u00e7as torna-se mais \u00e1gil e pr\u00e1tico, otimizando o tempo das aulas, evitando que o aluno fa\u00e7a mais for\u00e7a em um dos lados da corda.<strong>\u00a0<\/strong><\/li>\n<\/ul>\n<p><strong>Acabamentos:<\/strong><strong>\u00a0<\/strong><\/p>\n<ul>\n<li>Fita de apoio em polipropilno. N\u00e3o arranham ou danificam as molas;<\/li>\n<li>Estofos em EVA, muito mais confort\u00e1vel e resistente do que a espuma;<\/li>\n<li>N\u00e3o deforma com o uso;<\/li>\n<li>Revestido em couro n\u00e1utico;<\/li>\n<li>Costura pesponteada, confere melhor acabamento e maior resist\u00eancia aos estofos;<\/li>\n<li>Molas com acabamento e-coat, alta prote\u00e7\u00e3o anticorrosiva, maior qualidade e durabilidade da superf\u00edcie revestida em compara\u00e7\u00e3o com molas niqueladas.<strong>\u00a0<\/strong><\/li>\n<\/ul>\n<p><strong>Acess\u00f3rios inclu\u00eddos:<\/strong><strong>\u00a0<\/strong><\/p>\n<ul>\n<li>Box reformer<\/li>\n<li>Prancha de salto<\/li>\n<li>Al\u00e7a p\u00e9-coxa (par)<\/li>\n<li>1 corda<\/li>\n<li>Al\u00e7a m\u00e3o (par)<\/li>\n<li>Al\u00e7a abd\u00f3men<\/li>\n<li>4 mosquet\u00f5es<\/li>\n<li>5 molas<\/li>\n<\/ul>\n<p>&nbsp;<\/p>\n","protected":false},"excerpt":{"rendered":"<p>Reformer<\/p>\n","protected":false},"featured_media":13200,"comment_status":"open","ping_status":"closed","template":"","meta":{"rs_blank_template":"","rs_page_bg_color":"","slide_template_v7":""},"product_brand":[],"product_cat":[1397,1401,1418,1897],"product_tag":[112,1917],"class_list":{"0":"post-13199","1":"product","2":"type-product","3":"status-publish","4":"has-post-thumbnail","6":"product_cat-saude","7":"product_cat-equipamentos-para-medicina-fisica-e-reabilitacao","8":"product_cat-ginastica-reabilitacao","9":"product_cat-equipamentos-pilates-equipamentos-para-medicina-fisica-e-reabilitacao","10":"product_tag-pilates","11":"product_tag-reformer","13":"first","14":"instock","15":"shipping-taxable","16":"product-type-simple"},"aioseo_notices":[],"etheme_brands":{"errors":{"invalid_taxonomy":["Taxonomia inv\u00e1lida."]},"error_data":[]},"aioseo_head":"\n\t\t<!-- All in One SEO Pro 4.9.0 - aioseo.com -->\n\t<meta name=\"description\" content=\"Reformer\" \/>\n\t<meta name=\"robots\" content=\"max-image-preview:large\" \/>\n\t<link rel=\"canonical\" href=\"https:\/\/fisio-shop.pt\/?product=reformer\" \/>\n\t<meta name=\"generator\" content=\"All in One SEO Pro (AIOSEO) 4.9.0\" \/>\n\t\t<meta property=\"og:locale\" content=\"pt_PT\" \/>\n\t\t<meta property=\"og:site_name\" content=\"Fisio-shop - Empresa especializada na distribui\u00e7\u00e3o de equipamentos profissionais para os mercados da Fisioterapia, Geriatria, Fitness e Medicina Desportiva.\" \/>\n\t\t<meta property=\"og:type\" content=\"article\" \/>\n\t\t<meta property=\"og:title\" content=\"REFORMER - Fisio-shop\" \/>\n\t\t<meta property=\"og:description\" content=\"Reformer\" \/>\n\t\t<meta property=\"og:url\" content=\"https:\/\/fisio-shop.pt\/?product=reformer\" \/>\n\t\t<meta property=\"og:image\" content=\"https:\/\/fisio-shop.pt\/wp-content\/uploads\/2026\/04\/android-chrome-192x192-1.png\" \/>\n\t\t<meta property=\"og:image:secure_url\" content=\"https:\/\/fisio-shop.pt\/wp-content\/uploads\/2026\/04\/android-chrome-192x192-1.png\" \/>\n\t\t<meta property=\"article:published_time\" content=\"2026-05-16T18:00:39+00:00\" \/>\n\t\t<meta property=\"article:modified_time\" content=\"2026-05-16T18:20:16+00:00\" \/>\n\t\t<meta property=\"article:publisher\" content=\"https:\/\/www.facebook.com\/p\/Fisioshop-Comrcio-de-Equipamentos-Lda-100036934916130\/\" \/>\n\t\t<meta name=\"twitter:card\" content=\"summary_large_image\" \/>\n\t\t<meta name=\"twitter:title\" content=\"REFORMER - Fisio-shop\" \/>\n\t\t<meta name=\"twitter:description\" content=\"Reformer\" \/>\n\t\t<meta name=\"twitter:image\" content=\"https:\/\/fisio-shop.pt\/wp-content\/uploads\/2026\/04\/android-chrome-192x192-1.png\" \/>\n\t\t<script type=\"application\/ld+json\" class=\"aioseo-schema\">\n\t\t\t{\"@context\":\"https:\\\/\\\/schema.org\",\"@graph\":[{\"@type\":\"BreadcrumbList\",\"@id\":\"https:\\\/\\\/fisio-shop.pt\\\/?product=reformer#breadcrumblist\",\"itemListElement\":[{\"@type\":\"ListItem\",\"@id\":\"https:\\\/\\\/fisio-shop.pt#listItem\",\"position\":1,\"name\":\"Home\",\"item\":\"https:\\\/\\\/fisio-shop.pt\",\"nextItem\":{\"@type\":\"ListItem\",\"@id\":\"https:\\\/\\\/fisio-shop.pt\\\/?page_id=5#listItem\",\"name\":\"Loja\"}},{\"@type\":\"ListItem\",\"@id\":\"https:\\\/\\\/fisio-shop.pt\\\/?page_id=5#listItem\",\"position\":2,\"name\":\"Loja\",\"item\":\"https:\\\/\\\/fisio-shop.pt\\\/?page_id=5\",\"nextItem\":{\"@type\":\"ListItem\",\"@id\":\"https:\\\/\\\/fisio-shop.pt\\\/?product_cat=saude#listItem\",\"name\":\"Sa\\u00fade\"},\"previousItem\":{\"@type\":\"ListItem\",\"@id\":\"https:\\\/\\\/fisio-shop.pt#listItem\",\"name\":\"Home\"}},{\"@type\":\"ListItem\",\"@id\":\"https:\\\/\\\/fisio-shop.pt\\\/?product_cat=saude#listItem\",\"position\":3,\"name\":\"Sa\\u00fade\",\"item\":\"https:\\\/\\\/fisio-shop.pt\\\/?product_cat=saude\",\"nextItem\":{\"@type\":\"ListItem\",\"@id\":\"https:\\\/\\\/fisio-shop.pt\\\/?product_cat=equipamentos-para-medicina-fisica-e-reabilitacao#listItem\",\"name\":\"Equipamentos para medicina f\\u00edsica e reabilita\\u00e7\\u00e3o\"},\"previousItem\":{\"@type\":\"ListItem\",\"@id\":\"https:\\\/\\\/fisio-shop.pt\\\/?page_id=5#listItem\",\"name\":\"Loja\"}},{\"@type\":\"ListItem\",\"@id\":\"https:\\\/\\\/fisio-shop.pt\\\/?product_cat=equipamentos-para-medicina-fisica-e-reabilitacao#listItem\",\"position\":4,\"name\":\"Equipamentos para medicina f\\u00edsica e reabilita\\u00e7\\u00e3o\",\"item\":\"https:\\\/\\\/fisio-shop.pt\\\/?product_cat=equipamentos-para-medicina-fisica-e-reabilitacao\",\"nextItem\":{\"@type\":\"ListItem\",\"@id\":\"https:\\\/\\\/fisio-shop.pt\\\/?product_cat=cinesioterapia-medicina-fisica-e-de-reabilitacao#listItem\",\"name\":\"Cinesioterapia\"},\"previousItem\":{\"@type\":\"ListItem\",\"@id\":\"https:\\\/\\\/fisio-shop.pt\\\/?product_cat=saude#listItem\",\"name\":\"Sa\\u00fade\"}},{\"@type\":\"ListItem\",\"@id\":\"https:\\\/\\\/fisio-shop.pt\\\/?product_cat=cinesioterapia-medicina-fisica-e-de-reabilitacao#listItem\",\"position\":5,\"name\":\"Cinesioterapia\",\"item\":\"https:\\\/\\\/fisio-shop.pt\\\/?product_cat=cinesioterapia-medicina-fisica-e-de-reabilitacao\",\"nextItem\":{\"@type\":\"ListItem\",\"@id\":\"https:\\\/\\\/fisio-shop.pt\\\/?product_cat=ginastica-reabilitacao#listItem\",\"name\":\"Gin\\u00e1stica de reabilita\\u00e7\\u00e3o\"},\"previousItem\":{\"@type\":\"ListItem\",\"@id\":\"https:\\\/\\\/fisio-shop.pt\\\/?product_cat=equipamentos-para-medicina-fisica-e-reabilitacao#listItem\",\"name\":\"Equipamentos para medicina f\\u00edsica e reabilita\\u00e7\\u00e3o\"}},{\"@type\":\"ListItem\",\"@id\":\"https:\\\/\\\/fisio-shop.pt\\\/?product_cat=ginastica-reabilitacao#listItem\",\"position\":6,\"name\":\"Gin\\u00e1stica de reabilita\\u00e7\\u00e3o\",\"item\":\"https:\\\/\\\/fisio-shop.pt\\\/?product_cat=ginastica-reabilitacao\",\"nextItem\":{\"@type\":\"ListItem\",\"@id\":\"https:\\\/\\\/fisio-shop.pt\\\/?product=reformer#listItem\",\"name\":\"REFORMER\"},\"previousItem\":{\"@type\":\"ListItem\",\"@id\":\"https:\\\/\\\/fisio-shop.pt\\\/?product_cat=cinesioterapia-medicina-fisica-e-de-reabilitacao#listItem\",\"name\":\"Cinesioterapia\"}},{\"@type\":\"ListItem\",\"@id\":\"https:\\\/\\\/fisio-shop.pt\\\/?product=reformer#listItem\",\"position\":7,\"name\":\"REFORMER\",\"previousItem\":{\"@type\":\"ListItem\",\"@id\":\"https:\\\/\\\/fisio-shop.pt\\\/?product_cat=ginastica-reabilitacao#listItem\",\"name\":\"Gin\\u00e1stica de reabilita\\u00e7\\u00e3o\"}}]},{\"@type\":\"Organization\",\"@id\":\"https:\\\/\\\/fisio-shop.pt\\\/#organization\",\"name\":\"Fisio-shop\",\"description\":\"Empresa especializada na distribui\\u00e7\\u00e3o de equipamentos profissionais para os mercados da Fisioterapia, Geriatria, Fitness e Medicina Desportiva. Empresa especializada na distribui\\u00e7\\u00e3o de equipamentos profissionais para os mercados da Fisioterapia, Geriatria, Fitness e Medicina Desportiva.\",\"url\":\"https:\\\/\\\/fisio-shop.pt\\\/\",\"logo\":{\"@type\":\"ImageObject\",\"url\":\"https:\\\/\\\/fisio-shop.pt\\\/wp-content\\\/uploads\\\/2026\\\/04\\\/android-chrome-192x192-1.png\",\"@id\":\"https:\\\/\\\/fisio-shop.pt\\\/?product=reformer\\\/#organizationLogo\"},\"image\":{\"@id\":\"https:\\\/\\\/fisio-shop.pt\\\/?product=reformer\\\/#organizationLogo\"},\"sameAs\":[\"https:\\\/\\\/www.facebook.com\\\/p\\\/Fisioshop-Comrcio-de-Equipamentos-Lda-100036934916130\\\/\"]},{\"@type\":\"Product\",\"@id\":\"https:\\\/\\\/fisio-shop.pt\\\/?product=reformer#wooCommerceProduct\",\"name\":\"REFORMER\",\"description\":\"Reformer\",\"url\":\"https:\\\/\\\/fisio-shop.pt\\\/?product=reformer\",\"image\":{\"@type\":\"ImageObject\",\"url\":\"https:\\\/\\\/fisio-shop.pt\\\/wp-content\\\/uploads\\\/2026\\\/05\\\/REFORMER.jpg\",\"@id\":\"https:\\\/\\\/fisio-shop.pt\\\/?product=reformer\\\/#productImage\",\"width\":1000,\"height\":667},\"offers\":{\"@type\":\"Offer\",\"url\":\"https:\\\/\\\/fisio-shop.pt\\\/?product=reformer#wooCommerceOffer\",\"price\":0,\"priceCurrency\":\"EUR\",\"category\":\"Sa\\u00fade\",\"availability\":\"https:\\\/\\\/schema.org\\\/InStock\",\"seller\":{\"@type\":\"Organization\",\"@id\":\"https:\\\/\\\/fisio-shop.pt\\\/#organization\"}}},{\"@type\":\"WebPage\",\"@id\":\"https:\\\/\\\/fisio-shop.pt\\\/?product=reformer#webpage\",\"url\":\"https:\\\/\\\/fisio-shop.pt\\\/?product=reformer\",\"name\":\"REFORMER - Fisio-shop\",\"description\":\"Reformer\",\"inLanguage\":\"pt-PT\",\"isPartOf\":{\"@id\":\"https:\\\/\\\/fisio-shop.pt\\\/#website\"},\"breadcrumb\":{\"@id\":\"https:\\\/\\\/fisio-shop.pt\\\/?product=reformer#breadcrumblist\"},\"image\":{\"@type\":\"ImageObject\",\"url\":\"https:\\\/\\\/fisio-shop.pt\\\/wp-content\\\/uploads\\\/2026\\\/05\\\/REFORMER.jpg\",\"@id\":\"https:\\\/\\\/fisio-shop.pt\\\/?product=reformer\\\/#mainImage\",\"width\":1000,\"height\":667},\"primaryImageOfPage\":{\"@id\":\"https:\\\/\\\/fisio-shop.pt\\\/?product=reformer#mainImage\"},\"datePublished\":\"2026-05-16T18:00:39+00:00\",\"dateModified\":\"2026-05-16T18:20:16+00:00\"},{\"@type\":\"WebSite\",\"@id\":\"https:\\\/\\\/fisio-shop.pt\\\/#website\",\"url\":\"https:\\\/\\\/fisio-shop.pt\\\/\",\"name\":\"Fisio-shop\",\"description\":\"Empresa especializada na distribui\\u00e7\\u00e3o de equipamentos profissionais para os mercados da Fisioterapia, Geriatria, Fitness e Medicina Desportiva.\",\"inLanguage\":\"pt-PT\",\"publisher\":{\"@id\":\"https:\\\/\\\/fisio-shop.pt\\\/#organization\"}}]}\n\t\t<\/script>\n\t\t<!-- All in One SEO Pro -->\r\n\t\t<title>REFORMER - Fisio-shop<\/title>\n\n","aioseo_head_json":{"title":"REFORMER - Fisio-shop","description":"Reformer","canonical_url":"https:\/\/fisio-shop.pt\/?product=reformer","robots":"max-image-preview:large","keywords":"","webmasterTools":{"miscellaneous":""},"schema":{"@context":"https:\/\/schema.org","@graph":[{"@type":"BreadcrumbList","@id":"https:\/\/fisio-shop.pt\/?product=reformer#breadcrumblist","itemListElement":[{"@type":"ListItem","@id":"https:\/\/fisio-shop.pt#listItem","position":1,"name":"Home","item":"https:\/\/fisio-shop.pt","nextItem":{"@type":"ListItem","@id":"https:\/\/fisio-shop.pt\/?page_id=5#listItem","name":"Loja"}},{"@type":"ListItem","@id":"https:\/\/fisio-shop.pt\/?page_id=5#listItem","position":2,"name":"Loja","item":"https:\/\/fisio-shop.pt\/?page_id=5","nextItem":{"@type":"ListItem","@id":"https:\/\/fisio-shop.pt\/?product_cat=saude#listItem","name":"Sa\u00fade"},"previousItem":{"@type":"ListItem","@id":"https:\/\/fisio-shop.pt#listItem","name":"Home"}},{"@type":"ListItem","@id":"https:\/\/fisio-shop.pt\/?product_cat=saude#listItem","position":3,"name":"Sa\u00fade","item":"https:\/\/fisio-shop.pt\/?product_cat=saude","nextItem":{"@type":"ListItem","@id":"https:\/\/fisio-shop.pt\/?product_cat=equipamentos-para-medicina-fisica-e-reabilitacao#listItem","name":"Equipamentos para medicina f\u00edsica e reabilita\u00e7\u00e3o"},"previousItem":{"@type":"ListItem","@id":"https:\/\/fisio-shop.pt\/?page_id=5#listItem","name":"Loja"}},{"@type":"ListItem","@id":"https:\/\/fisio-shop.pt\/?product_cat=equipamentos-para-medicina-fisica-e-reabilitacao#listItem","position":4,"name":"Equipamentos para medicina f\u00edsica e reabilita\u00e7\u00e3o","item":"https:\/\/fisio-shop.pt\/?product_cat=equipamentos-para-medicina-fisica-e-reabilitacao","nextItem":{"@type":"ListItem","@id":"https:\/\/fisio-shop.pt\/?product_cat=cinesioterapia-medicina-fisica-e-de-reabilitacao#listItem","name":"Cinesioterapia"},"previousItem":{"@type":"ListItem","@id":"https:\/\/fisio-shop.pt\/?product_cat=saude#listItem","name":"Sa\u00fade"}},{"@type":"ListItem","@id":"https:\/\/fisio-shop.pt\/?product_cat=cinesioterapia-medicina-fisica-e-de-reabilitacao#listItem","position":5,"name":"Cinesioterapia","item":"https:\/\/fisio-shop.pt\/?product_cat=cinesioterapia-medicina-fisica-e-de-reabilitacao","nextItem":{"@type":"ListItem","@id":"https:\/\/fisio-shop.pt\/?product_cat=ginastica-reabilitacao#listItem","name":"Gin\u00e1stica de reabilita\u00e7\u00e3o"},"previousItem":{"@type":"ListItem","@id":"https:\/\/fisio-shop.pt\/?product_cat=equipamentos-para-medicina-fisica-e-reabilitacao#listItem","name":"Equipamentos para medicina f\u00edsica e reabilita\u00e7\u00e3o"}},{"@type":"ListItem","@id":"https:\/\/fisio-shop.pt\/?product_cat=ginastica-reabilitacao#listItem","position":6,"name":"Gin\u00e1stica de reabilita\u00e7\u00e3o","item":"https:\/\/fisio-shop.pt\/?product_cat=ginastica-reabilitacao","nextItem":{"@type":"ListItem","@id":"https:\/\/fisio-shop.pt\/?product=reformer#listItem","name":"REFORMER"},"previousItem":{"@type":"ListItem","@id":"https:\/\/fisio-shop.pt\/?product_cat=cinesioterapia-medicina-fisica-e-de-reabilitacao#listItem","name":"Cinesioterapia"}},{"@type":"ListItem","@id":"https:\/\/fisio-shop.pt\/?product=reformer#listItem","position":7,"name":"REFORMER","previousItem":{"@type":"ListItem","@id":"https:\/\/fisio-shop.pt\/?product_cat=ginastica-reabilitacao#listItem","name":"Gin\u00e1stica de reabilita\u00e7\u00e3o"}}]},{"@type":"Organization","@id":"https:\/\/fisio-shop.pt\/#organization","name":"Fisio-shop","description":"Empresa especializada na distribui\u00e7\u00e3o de equipamentos profissionais para os mercados da Fisioterapia, Geriatria, Fitness e Medicina Desportiva. Empresa especializada na distribui\u00e7\u00e3o de equipamentos profissionais para os mercados da Fisioterapia, Geriatria, Fitness e Medicina Desportiva.","url":"https:\/\/fisio-shop.pt\/","logo":{"@type":"ImageObject","url":"https:\/\/fisio-shop.pt\/wp-content\/uploads\/2026\/04\/android-chrome-192x192-1.png","@id":"https:\/\/fisio-shop.pt\/?product=reformer\/#organizationLogo"},"image":{"@id":"https:\/\/fisio-shop.pt\/?product=reformer\/#organizationLogo"},"sameAs":["https:\/\/www.facebook.com\/p\/Fisioshop-Comrcio-de-Equipamentos-Lda-100036934916130\/"]},{"@type":"Product","@id":"https:\/\/fisio-shop.pt\/?product=reformer#wooCommerceProduct","name":"REFORMER","description":"Reformer","url":"https:\/\/fisio-shop.pt\/?product=reformer","image":{"@type":"ImageObject","url":"https:\/\/fisio-shop.pt\/wp-content\/uploads\/2026\/05\/REFORMER.jpg","@id":"https:\/\/fisio-shop.pt\/?product=reformer\/#productImage","width":1000,"height":667},"offers":{"@type":"Offer","url":"https:\/\/fisio-shop.pt\/?product=reformer#wooCommerceOffer","price":0,"priceCurrency":"EUR","category":"Sa\u00fade","availability":"https:\/\/schema.org\/InStock","seller":{"@type":"Organization","@id":"https:\/\/fisio-shop.pt\/#organization"}}},{"@type":"WebPage","@id":"https:\/\/fisio-shop.pt\/?product=reformer#webpage","url":"https:\/\/fisio-shop.pt\/?product=reformer","name":"REFORMER - Fisio-shop","description":"Reformer","inLanguage":"pt-PT","isPartOf":{"@id":"https:\/\/fisio-shop.pt\/#website"},"breadcrumb":{"@id":"https:\/\/fisio-shop.pt\/?product=reformer#breadcrumblist"},"image":{"@type":"ImageObject","url":"https:\/\/fisio-shop.pt\/wp-content\/uploads\/2026\/05\/REFORMER.jpg","@id":"https:\/\/fisio-shop.pt\/?product=reformer\/#mainImage","width":1000,"height":667},"primaryImageOfPage":{"@id":"https:\/\/fisio-shop.pt\/?product=reformer#mainImage"},"datePublished":"2026-05-16T18:00:39+00:00","dateModified":"2026-05-16T18:20:16+00:00"},{"@type":"WebSite","@id":"https:\/\/fisio-shop.pt\/#website","url":"https:\/\/fisio-shop.pt\/","name":"Fisio-shop","description":"Empresa especializada na distribui\u00e7\u00e3o de equipamentos profissionais para os mercados da Fisioterapia, Geriatria, Fitness e Medicina Desportiva.","inLanguage":"pt-PT","publisher":{"@id":"https:\/\/fisio-shop.pt\/#organization"}}]},"og:locale":"pt_PT","og:site_name":"Fisio-shop - Empresa especializada na distribui\u00e7\u00e3o de equipamentos profissionais para os mercados da Fisioterapia, Geriatria, Fitness e Medicina Desportiva.","og:type":"article","og:title":"REFORMER - Fisio-shop","og:description":"Reformer","og:url":"https:\/\/fisio-shop.pt\/?product=reformer","og:image":"https:\/\/fisio-shop.pt\/wp-content\/uploads\/2026\/04\/android-chrome-192x192-1.png","og:image:secure_url":"https:\/\/fisio-shop.pt\/wp-content\/uploads\/2026\/04\/android-chrome-192x192-1.png","article:published_time":"2026-05-16T18:00:39+00:00","article:modified_time":"2026-05-16T18:20:16+00:00","article:publisher":"https:\/\/www.facebook.com\/p\/Fisioshop-Comrcio-de-Equipamentos-Lda-100036934916130\/","twitter:card":"summary_large_image","twitter:title":"REFORMER - Fisio-shop","twitter:description":"Reformer","twitter:image":"https:\/\/fisio-shop.pt\/wp-content\/uploads\/2026\/04\/android-chrome-192x192-1.png"},"aioseo_meta_data":{"post_id":"13199","title":null,"description":null,"keywords":null,"keyphrases":{"focus":{"keyphrase":"","score":0,"analysis":{"keyphraseInTitle":{"score":0,"maxScore":9,"error":1}}},"additional":[]},"primary_term":null,"canonical_url":null,"og_title":null,"og_description":null,"og_object_type":"default","og_image_type":"default","og_image_url":null,"og_image_width":null,"og_image_height":null,"og_image_custom_url":null,"og_image_custom_fields":null,"og_video":"","og_custom_url":null,"og_article_section":null,"og_article_tags":null,"twitter_use_og":false,"twitter_card":"default","twitter_image_type":"default","twitter_image_url":null,"twitter_image_custom_url":null,"twitter_image_custom_fields":null,"twitter_title":null,"twitter_description":null,"schema":{"blockGraphs":[],"customGraphs":[],"default":{"data":{"Article":[],"Course":[],"Dataset":[],"FAQPage":[],"Movie":[],"Person":[],"Product":[],"ProductReview":[],"Car":[],"Recipe":[],"Service":[],"SoftwareApplication":[],"WebPage":[]},"graphName":"Product","isEnabled":true},"graphs":[]},"schema_type":"default","schema_type_options":null,"pillar_content":false,"robots_default":true,"robots_noindex":false,"robots_noarchive":false,"robots_nosnippet":false,"robots_nofollow":false,"robots_noimageindex":false,"robots_noodp":false,"robots_notranslate":false,"robots_max_snippet":"-1","robots_max_videopreview":"-1","robots_max_imagepreview":"large","priority":null,"frequency":"default","local_seo":null,"seo_analyzer_scan_date":"2026-05-16 18:32:30","breadcrumb_settings":null,"limit_modified_date":false,"open_ai":null,"ai":{"faqs":[],"keyPoints":[],"titles":[],"descriptions":[],"socialPosts":{"email":[],"linkedin":[],"twitter":[],"facebook":[],"instagram":[]}},"created":"2026-05-16 18:00:39","updated":"2026-05-16 18:32:30"},"aioseo_breadcrumb":"<div class=\"aioseo-breadcrumbs\"><span class=\"aioseo-breadcrumb\">\n\t<a href=\"https:\/\/fisio-shop.pt\" title=\"Home\">Home<\/a>\n<\/span><span class=\"aioseo-breadcrumb-separator\">\u00bb<\/span><span class=\"aioseo-breadcrumb\">\n\t<a href=\"https:\/\/fisio-shop.pt\/?page_id=5\" title=\"Loja\">Loja<\/a>\n<\/span><span class=\"aioseo-breadcrumb-separator\">\u00bb<\/span><span class=\"aioseo-breadcrumb\">\n\t<a href=\"https:\/\/fisio-shop.pt\/?product_cat=saude\" title=\"Sa\u00fade\">Sa\u00fade<\/a>\n<\/span><span class=\"aioseo-breadcrumb-separator\">\u00bb<\/span><span class=\"aioseo-breadcrumb\">\n\t<a href=\"https:\/\/fisio-shop.pt\/?product_cat=equipamentos-para-medicina-fisica-e-reabilitacao\" title=\"Equipamentos para medicina f\u00edsica e reabilita\u00e7\u00e3o\">Equipamentos para medicina f\u00edsica e reabilita\u00e7\u00e3o<\/a>\n<\/span><span class=\"aioseo-breadcrumb-separator\">\u00bb<\/span><span class=\"aioseo-breadcrumb\">\n\t<a href=\"https:\/\/fisio-shop.pt\/?product_cat=cinesioterapia-medicina-fisica-e-de-reabilitacao\" title=\"Cinesioterapia\">Cinesioterapia<\/a>\n<\/span><span class=\"aioseo-breadcrumb-separator\">\u00bb<\/span><span class=\"aioseo-breadcrumb\">\n\t<a href=\"https:\/\/fisio-shop.pt\/?product_cat=ginastica-reabilitacao\" title=\"Gin\u00e1stica de reabilita\u00e7\u00e3o\">Gin\u00e1stica de reabilita\u00e7\u00e3o<\/a>\n<\/span><span class=\"aioseo-breadcrumb-separator\">\u00bb<\/span><span class=\"aioseo-breadcrumb\">\n\tREFORMER\n<\/span><\/div>","aioseo_breadcrumb_json":[{"label":"Home","link":"https:\/\/fisio-shop.pt"},{"label":"Loja","link":"https:\/\/fisio-shop.pt\/?page_id=5"},{"label":"Sa\u00fade","link":"https:\/\/fisio-shop.pt\/?product_cat=saude"},{"label":"Equipamentos para medicina f\u00edsica e reabilita\u00e7\u00e3o","link":"https:\/\/fisio-shop.pt\/?product_cat=equipamentos-para-medicina-fisica-e-reabilitacao"},{"label":"Cinesioterapia","link":"https:\/\/fisio-shop.pt\/?product_cat=cinesioterapia-medicina-fisica-e-de-reabilitacao"},{"label":"Gin\u00e1stica de reabilita\u00e7\u00e3o","link":"https:\/\/fisio-shop.pt\/?product_cat=ginastica-reabilitacao"},{"label":"REFORMER","link":"https:\/\/fisio-shop.pt\/?product=reformer"}],"_links":{"self":[{"href":"https:\/\/fisio-shop.pt\/index.php?rest_route=\/wp\/v2\/product\/13199","targetHints":{"allow":["GET"]}}],"collection":[{"href":"https:\/\/fisio-shop.pt\/index.php?rest_route=\/wp\/v2\/product"}],"about":[{"href":"https:\/\/fisio-shop.pt\/index.php?rest_route=\/wp\/v2\/types\/product"}],"replies":[{"embeddable":true,"href":"https:\/\/fisio-shop.pt\/index.php?rest_route=%2Fwp%2Fv2%2Fcomments&post=13199"}],"version-history":[{"count":1,"href":"https:\/\/fisio-shop.pt\/index.php?rest_route=\/wp\/v2\/product\/13199\/revisions"}],"predecessor-version":[{"id":13201,"href":"https:\/\/fisio-shop.pt\/index.php?rest_route=\/wp\/v2\/product\/13199\/revisions\/13201"}],"wp:featuredmedia":[{"embeddable":true,"href":"https:\/\/fisio-shop.pt\/index.php?rest_route=\/wp\/v2\/media\/13200"}],"wp:attachment":[{"href":"https:\/\/fisio-shop.pt\/index.php?rest_route=%2Fwp%2Fv2%2Fmedia&parent=13199"}],"wp:term":[{"taxonomy":"product_brand","embeddable":true,"href":"https:\/\/fisio-shop.pt\/index.php?rest_route=%2Fwp%2Fv2%2Fproduct_brand&post=13199"},{"taxonomy":"product_cat","embeddable":true,"href":"https:\/\/fisio-shop.pt\/index.php?rest_route=%2Fwp%2Fv2%2Fproduct_cat&post=13199"},{"taxonomy":"product_tag","embeddable":true,"href":"https:\/\/fisio-shop.pt\/index.php?rest_route=%2Fwp%2Fv2%2Fproduct_tag&post=13199"}],"curies":[{"name":"wp","href":"https:\/\/api.w.org\/{rel}","templated":true}]}}