{"id":8255,"date":"2017-05-29T14:46:02","date_gmt":"2017-05-29T14:46:02","guid":{"rendered":"https:\/\/fisio-shop.pt\/loja\/meia-bola-stepping-stones\/"},"modified":"2026-02-25T19:52:32","modified_gmt":"2026-02-25T19:52:32","slug":"meia-bola-stepping-stones","status":"publish","type":"product","link":"https:\/\/fisio-shop.pt\/?product=meia-bola-stepping-stones","title":{"rendered":"MEIA BOLA STEPPING STONES"},"content":{"rendered":"<p>Meia bola antiderrapante stepping Stones.<\/p>\n<ul>\n<li>Meia bola anti-derrapante com 18 cent\u00ed\u00admetros de di\u00e2metro<\/li>\n<li>Promove a coordena\u00e7\u00e3o fortalecimento, equil\u00edbrio e o desenvolvimento de habilidades motoras;<\/li>\n<li>Possibilidade de diversas utiliza\u00e7\u00f5es, como a massagem dos p\u00e9s e exerc\u00edcios tanto no interior como no exterior;<\/li>\n<li>Ref: 04-030141;<\/li>\n<li>Marca: MSD.<\/li>\n<\/ul>\n<p><strong>\u00a0<\/strong><\/p>\n<p>&nbsp;<\/p>\n","protected":false},"excerpt":{"rendered":"<p>Meia bola antiderrapante para exerc\u00edcios de coordena\u00e7\u00e3o, fortalecimento, equil\u00edbrio e desenvolvimento de habilidades motoras.<\/p>\n<p>&nbsp;<\/p>\n<p><strong>\u00a0<\/strong><\/p>\n","protected":false},"featured_media":10546,"comment_status":"open","ping_status":"closed","template":"","meta":{"rs_blank_template":"","rs_page_bg_color":"","slide_template_v7":""},"product_brand":[],"product_cat":[1778,1780,1397,1867,1399,1869,1401,1879,1413,1894,1414,1432,1733,1755,1764],"product_tag":[],"class_list":{"0":"post-8255","1":"product","2":"type-product","3":"status-publish","4":"has-post-thumbnail","6":"product_cat-acessorios-de-fitness-equipamento-home-fitness","7":"product_cat-bolas-e-suportes-equipamento-home-fitness","8":"product_cat-saude","9":"product_cat-equipamento-semi-profissional","10":"product_cat-fitness-e-desporto","11":"product_cat-bolas-e-suportes","12":"product_cat-equipamentos-para-medicina-fisica-e-reabilitacao","13":"product_cat-proprioceptividade","14":"product_cat-cinesioterapia-medicina-fisica-e-de-reabilitacao","15":"product_cat-acessorios-de-fitness","16":"product_cat-bolas-e-acessorios-de-exerciciosmedicina-fisica-e-de-reabilitacao","17":"product_cat-terapia-ocupacional","18":"product_cat-equipamento-profissional","19":"product_cat-acessorios-de-fitness-profissional","20":"product_cat-equipamento-home-fitness","22":"first","23":"instock","24":"shipping-taxable","25":"product-type-simple"},"aioseo_notices":[],"etheme_brands":{"errors":{"invalid_taxonomy":["Taxonomia inv\u00e1lida."]},"error_data":[]},"aioseo_head":"\n\t\t<!-- All in One SEO Pro 4.9.0 - aioseo.com -->\n\t<meta name=\"description\" content=\"Meia bola antiderrapante para exerc\u00edcios de coordena\u00e7\u00e3o, fortalecimento, equil\u00edbrio e desenvolvimento de habilidades motoras.\" \/>\n\t<meta name=\"robots\" content=\"max-image-preview:large\" \/>\n\t<link rel=\"canonical\" href=\"https:\/\/fisio-shop.pt\/?product=meia-bola-stepping-stones\" \/>\n\t<meta name=\"generator\" content=\"All in One SEO Pro (AIOSEO) 4.9.0\" \/>\n\t\t<meta property=\"og:locale\" content=\"pt_PT\" \/>\n\t\t<meta property=\"og:site_name\" content=\"Fisio-shop - Empresa especializada na distribui\u00e7\u00e3o de equipamentos profissionais para os mercados da Fisioterapia, Geriatria, Fitness e Medicina Desportiva.\" \/>\n\t\t<meta property=\"og:type\" content=\"article\" \/>\n\t\t<meta property=\"og:title\" content=\"MEIA BOLA STEPPING STONES - Fisio-shop\" \/>\n\t\t<meta property=\"og:description\" content=\"Meia bola antiderrapante para exerc\u00edcios de coordena\u00e7\u00e3o, fortalecimento, equil\u00edbrio e desenvolvimento de habilidades motoras.\" \/>\n\t\t<meta property=\"og:url\" content=\"https:\/\/fisio-shop.pt\/?product=meia-bola-stepping-stones\" \/>\n\t\t<meta property=\"og:image\" content=\"https:\/\/fisio-shop.pt\/wp-content\/uploads\/2026\/04\/android-chrome-192x192-1.png\" \/>\n\t\t<meta property=\"og:image:secure_url\" content=\"https:\/\/fisio-shop.pt\/wp-content\/uploads\/2026\/04\/android-chrome-192x192-1.png\" \/>\n\t\t<meta property=\"article:published_time\" content=\"2017-05-29T14:46:02+00:00\" \/>\n\t\t<meta property=\"article:modified_time\" content=\"2026-02-25T19:52:32+00:00\" \/>\n\t\t<meta property=\"article:publisher\" content=\"https:\/\/www.facebook.com\/p\/Fisioshop-Comrcio-de-Equipamentos-Lda-100036934916130\/\" \/>\n\t\t<meta name=\"twitter:card\" content=\"summary_large_image\" \/>\n\t\t<meta name=\"twitter:title\" content=\"MEIA BOLA STEPPING STONES - Fisio-shop\" \/>\n\t\t<meta name=\"twitter:description\" content=\"Meia bola antiderrapante para exerc\u00edcios de coordena\u00e7\u00e3o, fortalecimento, equil\u00edbrio e desenvolvimento de habilidades motoras.\" \/>\n\t\t<meta name=\"twitter:image\" content=\"https:\/\/fisio-shop.pt\/wp-content\/uploads\/2026\/04\/android-chrome-192x192-1.png\" \/>\n\t\t<script type=\"application\/ld+json\" class=\"aioseo-schema\">\n\t\t\t{\"@context\":\"https:\\\/\\\/schema.org\",\"@graph\":[{\"@type\":\"BreadcrumbList\",\"@id\":\"https:\\\/\\\/fisio-shop.pt\\\/?product=meia-bola-stepping-stones#breadcrumblist\",\"itemListElement\":[{\"@type\":\"ListItem\",\"@id\":\"https:\\\/\\\/fisio-shop.pt#listItem\",\"position\":1,\"name\":\"Home\",\"item\":\"https:\\\/\\\/fisio-shop.pt\",\"nextItem\":{\"@type\":\"ListItem\",\"@id\":\"https:\\\/\\\/fisio-shop.pt\\\/?page_id=5#listItem\",\"name\":\"Loja\"}},{\"@type\":\"ListItem\",\"@id\":\"https:\\\/\\\/fisio-shop.pt\\\/?page_id=5#listItem\",\"position\":2,\"name\":\"Loja\",\"item\":\"https:\\\/\\\/fisio-shop.pt\\\/?page_id=5\",\"nextItem\":{\"@type\":\"ListItem\",\"@id\":\"https:\\\/\\\/fisio-shop.pt\\\/?product_cat=saude#listItem\",\"name\":\"Sa\\u00fade\"},\"previousItem\":{\"@type\":\"ListItem\",\"@id\":\"https:\\\/\\\/fisio-shop.pt#listItem\",\"name\":\"Home\"}},{\"@type\":\"ListItem\",\"@id\":\"https:\\\/\\\/fisio-shop.pt\\\/?product_cat=saude#listItem\",\"position\":3,\"name\":\"Sa\\u00fade\",\"item\":\"https:\\\/\\\/fisio-shop.pt\\\/?product_cat=saude\",\"nextItem\":{\"@type\":\"ListItem\",\"@id\":\"https:\\\/\\\/fisio-shop.pt\\\/?product_cat=equipamentos-para-medicina-fisica-e-reabilitacao#listItem\",\"name\":\"Equipamentos para medicina f\\u00edsica e reabilita\\u00e7\\u00e3o\"},\"previousItem\":{\"@type\":\"ListItem\",\"@id\":\"https:\\\/\\\/fisio-shop.pt\\\/?page_id=5#listItem\",\"name\":\"Loja\"}},{\"@type\":\"ListItem\",\"@id\":\"https:\\\/\\\/fisio-shop.pt\\\/?product_cat=equipamentos-para-medicina-fisica-e-reabilitacao#listItem\",\"position\":4,\"name\":\"Equipamentos para medicina f\\u00edsica e reabilita\\u00e7\\u00e3o\",\"item\":\"https:\\\/\\\/fisio-shop.pt\\\/?product_cat=equipamentos-para-medicina-fisica-e-reabilitacao\",\"nextItem\":{\"@type\":\"ListItem\",\"@id\":\"https:\\\/\\\/fisio-shop.pt\\\/?product_cat=cinesioterapia-medicina-fisica-e-de-reabilitacao#listItem\",\"name\":\"Cinesioterapia\"},\"previousItem\":{\"@type\":\"ListItem\",\"@id\":\"https:\\\/\\\/fisio-shop.pt\\\/?product_cat=saude#listItem\",\"name\":\"Sa\\u00fade\"}},{\"@type\":\"ListItem\",\"@id\":\"https:\\\/\\\/fisio-shop.pt\\\/?product_cat=cinesioterapia-medicina-fisica-e-de-reabilitacao#listItem\",\"position\":5,\"name\":\"Cinesioterapia\",\"item\":\"https:\\\/\\\/fisio-shop.pt\\\/?product_cat=cinesioterapia-medicina-fisica-e-de-reabilitacao\",\"nextItem\":{\"@type\":\"ListItem\",\"@id\":\"https:\\\/\\\/fisio-shop.pt\\\/?product_cat=bolas-e-acessorios-de-exerciciosmedicina-fisica-e-de-reabilitacao#listItem\",\"name\":\"Bolas e acess\\u00f3rios de exerc\\u00edcios\"},\"previousItem\":{\"@type\":\"ListItem\",\"@id\":\"https:\\\/\\\/fisio-shop.pt\\\/?product_cat=equipamentos-para-medicina-fisica-e-reabilitacao#listItem\",\"name\":\"Equipamentos para medicina f\\u00edsica e reabilita\\u00e7\\u00e3o\"}},{\"@type\":\"ListItem\",\"@id\":\"https:\\\/\\\/fisio-shop.pt\\\/?product_cat=bolas-e-acessorios-de-exerciciosmedicina-fisica-e-de-reabilitacao#listItem\",\"position\":6,\"name\":\"Bolas e acess\\u00f3rios de exerc\\u00edcios\",\"item\":\"https:\\\/\\\/fisio-shop.pt\\\/?product_cat=bolas-e-acessorios-de-exerciciosmedicina-fisica-e-de-reabilitacao\",\"nextItem\":{\"@type\":\"ListItem\",\"@id\":\"https:\\\/\\\/fisio-shop.pt\\\/?product=meia-bola-stepping-stones#listItem\",\"name\":\"MEIA BOLA STEPPING STONES\"},\"previousItem\":{\"@type\":\"ListItem\",\"@id\":\"https:\\\/\\\/fisio-shop.pt\\\/?product_cat=cinesioterapia-medicina-fisica-e-de-reabilitacao#listItem\",\"name\":\"Cinesioterapia\"}},{\"@type\":\"ListItem\",\"@id\":\"https:\\\/\\\/fisio-shop.pt\\\/?product=meia-bola-stepping-stones#listItem\",\"position\":7,\"name\":\"MEIA BOLA STEPPING STONES\",\"previousItem\":{\"@type\":\"ListItem\",\"@id\":\"https:\\\/\\\/fisio-shop.pt\\\/?product_cat=bolas-e-acessorios-de-exerciciosmedicina-fisica-e-de-reabilitacao#listItem\",\"name\":\"Bolas e acess\\u00f3rios de exerc\\u00edcios\"}}]},{\"@type\":\"Organization\",\"@id\":\"https:\\\/\\\/fisio-shop.pt\\\/#organization\",\"name\":\"Fisio-shop\",\"description\":\"Empresa especializada na distribui\\u00e7\\u00e3o de equipamentos profissionais para os mercados da Fisioterapia, Geriatria, Fitness e Medicina Desportiva. Empresa especializada na distribui\\u00e7\\u00e3o de equipamentos profissionais para os mercados da Fisioterapia, Geriatria, Fitness e Medicina Desportiva.\",\"url\":\"https:\\\/\\\/fisio-shop.pt\\\/\",\"logo\":{\"@type\":\"ImageObject\",\"url\":\"https:\\\/\\\/fisio-shop.pt\\\/wp-content\\\/uploads\\\/2026\\\/04\\\/android-chrome-192x192-1.png\",\"@id\":\"https:\\\/\\\/fisio-shop.pt\\\/?product=meia-bola-stepping-stones\\\/#organizationLogo\"},\"image\":{\"@id\":\"https:\\\/\\\/fisio-shop.pt\\\/?product=meia-bola-stepping-stones\\\/#organizationLogo\"},\"sameAs\":[\"https:\\\/\\\/www.facebook.com\\\/p\\\/Fisioshop-Comrcio-de-Equipamentos-Lda-100036934916130\\\/\"]},{\"@type\":\"Product\",\"@id\":\"https:\\\/\\\/fisio-shop.pt\\\/?product=meia-bola-stepping-stones#wooCommerceProduct\",\"name\":\"MEIA BOLA STEPPING STONES\",\"description\":\"Meia bola antiderrapante para exerc\\u00edcios de coordena\\u00e7\\u00e3o, fortalecimento, equil\\u00edbrio e desenvolvimento de habilidades motoras.\\n\\n&nbsp;\\n\\n\\u00a0\",\"url\":\"https:\\\/\\\/fisio-shop.pt\\\/?product=meia-bola-stepping-stones\",\"sku\":\"04-030141\",\"image\":{\"@type\":\"ImageObject\",\"url\":\"https:\\\/\\\/fisio-shop.pt\\\/wp-content\\\/uploads\\\/2026\\\/02\\\/MEIA-BOLA-STEPPING-STONES.1-2.jpg\",\"@id\":\"https:\\\/\\\/fisio-shop.pt\\\/?product=meia-bola-stepping-stones\\\/#productImage\",\"width\":530,\"height\":280},\"offers\":{\"@type\":\"Offer\",\"url\":\"https:\\\/\\\/fisio-shop.pt\\\/?product=meia-bola-stepping-stones#wooCommerceOffer\",\"price\":0,\"priceCurrency\":\"EUR\",\"category\":\"Sa\\u00fade\",\"availability\":\"https:\\\/\\\/schema.org\\\/InStock\",\"seller\":{\"@type\":\"Organization\",\"@id\":\"https:\\\/\\\/fisio-shop.pt\\\/#organization\"}}},{\"@type\":\"WebPage\",\"@id\":\"https:\\\/\\\/fisio-shop.pt\\\/?product=meia-bola-stepping-stones#webpage\",\"url\":\"https:\\\/\\\/fisio-shop.pt\\\/?product=meia-bola-stepping-stones\",\"name\":\"MEIA BOLA STEPPING STONES - Fisio-shop\",\"description\":\"Meia bola antiderrapante para exerc\\u00edcios de coordena\\u00e7\\u00e3o, fortalecimento, equil\\u00edbrio e desenvolvimento de habilidades motoras.\",\"inLanguage\":\"pt-PT\",\"isPartOf\":{\"@id\":\"https:\\\/\\\/fisio-shop.pt\\\/#website\"},\"breadcrumb\":{\"@id\":\"https:\\\/\\\/fisio-shop.pt\\\/?product=meia-bola-stepping-stones#breadcrumblist\"},\"image\":{\"@type\":\"ImageObject\",\"url\":\"https:\\\/\\\/fisio-shop.pt\\\/wp-content\\\/uploads\\\/2026\\\/02\\\/MEIA-BOLA-STEPPING-STONES.1-2.jpg\",\"@id\":\"https:\\\/\\\/fisio-shop.pt\\\/?product=meia-bola-stepping-stones\\\/#mainImage\",\"width\":530,\"height\":280},\"primaryImageOfPage\":{\"@id\":\"https:\\\/\\\/fisio-shop.pt\\\/?product=meia-bola-stepping-stones#mainImage\"},\"datePublished\":\"2017-05-29T14:46:02+00:00\",\"dateModified\":\"2026-02-25T19:52:32+00:00\"},{\"@type\":\"WebSite\",\"@id\":\"https:\\\/\\\/fisio-shop.pt\\\/#website\",\"url\":\"https:\\\/\\\/fisio-shop.pt\\\/\",\"name\":\"Fisio-shop\",\"description\":\"Empresa especializada na distribui\\u00e7\\u00e3o de equipamentos profissionais para os mercados da Fisioterapia, Geriatria, Fitness e Medicina Desportiva.\",\"inLanguage\":\"pt-PT\",\"publisher\":{\"@id\":\"https:\\\/\\\/fisio-shop.pt\\\/#organization\"}}]}\n\t\t<\/script>\n\t\t<!-- All in One SEO Pro -->\r\n\t\t<title>MEIA BOLA STEPPING STONES - Fisio-shop<\/title>\n\n","aioseo_head_json":{"title":"MEIA BOLA STEPPING STONES - Fisio-shop","description":"Meia bola antiderrapante para exerc\u00edcios de coordena\u00e7\u00e3o, fortalecimento, equil\u00edbrio e desenvolvimento de habilidades motoras.","canonical_url":"https:\/\/fisio-shop.pt\/?product=meia-bola-stepping-stones","robots":"max-image-preview:large","keywords":"","webmasterTools":{"miscellaneous":""},"schema":{"@context":"https:\/\/schema.org","@graph":[{"@type":"BreadcrumbList","@id":"https:\/\/fisio-shop.pt\/?product=meia-bola-stepping-stones#breadcrumblist","itemListElement":[{"@type":"ListItem","@id":"https:\/\/fisio-shop.pt#listItem","position":1,"name":"Home","item":"https:\/\/fisio-shop.pt","nextItem":{"@type":"ListItem","@id":"https:\/\/fisio-shop.pt\/?page_id=5#listItem","name":"Loja"}},{"@type":"ListItem","@id":"https:\/\/fisio-shop.pt\/?page_id=5#listItem","position":2,"name":"Loja","item":"https:\/\/fisio-shop.pt\/?page_id=5","nextItem":{"@type":"ListItem","@id":"https:\/\/fisio-shop.pt\/?product_cat=saude#listItem","name":"Sa\u00fade"},"previousItem":{"@type":"ListItem","@id":"https:\/\/fisio-shop.pt#listItem","name":"Home"}},{"@type":"ListItem","@id":"https:\/\/fisio-shop.pt\/?product_cat=saude#listItem","position":3,"name":"Sa\u00fade","item":"https:\/\/fisio-shop.pt\/?product_cat=saude","nextItem":{"@type":"ListItem","@id":"https:\/\/fisio-shop.pt\/?product_cat=equipamentos-para-medicina-fisica-e-reabilitacao#listItem","name":"Equipamentos para medicina f\u00edsica e reabilita\u00e7\u00e3o"},"previousItem":{"@type":"ListItem","@id":"https:\/\/fisio-shop.pt\/?page_id=5#listItem","name":"Loja"}},{"@type":"ListItem","@id":"https:\/\/fisio-shop.pt\/?product_cat=equipamentos-para-medicina-fisica-e-reabilitacao#listItem","position":4,"name":"Equipamentos para medicina f\u00edsica e reabilita\u00e7\u00e3o","item":"https:\/\/fisio-shop.pt\/?product_cat=equipamentos-para-medicina-fisica-e-reabilitacao","nextItem":{"@type":"ListItem","@id":"https:\/\/fisio-shop.pt\/?product_cat=cinesioterapia-medicina-fisica-e-de-reabilitacao#listItem","name":"Cinesioterapia"},"previousItem":{"@type":"ListItem","@id":"https:\/\/fisio-shop.pt\/?product_cat=saude#listItem","name":"Sa\u00fade"}},{"@type":"ListItem","@id":"https:\/\/fisio-shop.pt\/?product_cat=cinesioterapia-medicina-fisica-e-de-reabilitacao#listItem","position":5,"name":"Cinesioterapia","item":"https:\/\/fisio-shop.pt\/?product_cat=cinesioterapia-medicina-fisica-e-de-reabilitacao","nextItem":{"@type":"ListItem","@id":"https:\/\/fisio-shop.pt\/?product_cat=bolas-e-acessorios-de-exerciciosmedicina-fisica-e-de-reabilitacao#listItem","name":"Bolas e acess\u00f3rios de exerc\u00edcios"},"previousItem":{"@type":"ListItem","@id":"https:\/\/fisio-shop.pt\/?product_cat=equipamentos-para-medicina-fisica-e-reabilitacao#listItem","name":"Equipamentos para medicina f\u00edsica e reabilita\u00e7\u00e3o"}},{"@type":"ListItem","@id":"https:\/\/fisio-shop.pt\/?product_cat=bolas-e-acessorios-de-exerciciosmedicina-fisica-e-de-reabilitacao#listItem","position":6,"name":"Bolas e acess\u00f3rios de exerc\u00edcios","item":"https:\/\/fisio-shop.pt\/?product_cat=bolas-e-acessorios-de-exerciciosmedicina-fisica-e-de-reabilitacao","nextItem":{"@type":"ListItem","@id":"https:\/\/fisio-shop.pt\/?product=meia-bola-stepping-stones#listItem","name":"MEIA BOLA STEPPING STONES"},"previousItem":{"@type":"ListItem","@id":"https:\/\/fisio-shop.pt\/?product_cat=cinesioterapia-medicina-fisica-e-de-reabilitacao#listItem","name":"Cinesioterapia"}},{"@type":"ListItem","@id":"https:\/\/fisio-shop.pt\/?product=meia-bola-stepping-stones#listItem","position":7,"name":"MEIA BOLA STEPPING STONES","previousItem":{"@type":"ListItem","@id":"https:\/\/fisio-shop.pt\/?product_cat=bolas-e-acessorios-de-exerciciosmedicina-fisica-e-de-reabilitacao#listItem","name":"Bolas e acess\u00f3rios de exerc\u00edcios"}}]},{"@type":"Organization","@id":"https:\/\/fisio-shop.pt\/#organization","name":"Fisio-shop","description":"Empresa especializada na distribui\u00e7\u00e3o de equipamentos profissionais para os mercados da Fisioterapia, Geriatria, Fitness e Medicina Desportiva. Empresa especializada na distribui\u00e7\u00e3o de equipamentos profissionais para os mercados da Fisioterapia, Geriatria, Fitness e Medicina Desportiva.","url":"https:\/\/fisio-shop.pt\/","logo":{"@type":"ImageObject","url":"https:\/\/fisio-shop.pt\/wp-content\/uploads\/2026\/04\/android-chrome-192x192-1.png","@id":"https:\/\/fisio-shop.pt\/?product=meia-bola-stepping-stones\/#organizationLogo"},"image":{"@id":"https:\/\/fisio-shop.pt\/?product=meia-bola-stepping-stones\/#organizationLogo"},"sameAs":["https:\/\/www.facebook.com\/p\/Fisioshop-Comrcio-de-Equipamentos-Lda-100036934916130\/"]},{"@type":"Product","@id":"https:\/\/fisio-shop.pt\/?product=meia-bola-stepping-stones#wooCommerceProduct","name":"MEIA BOLA STEPPING STONES","description":"Meia bola antiderrapante para exerc\u00edcios de coordena\u00e7\u00e3o, fortalecimento, equil\u00edbrio e desenvolvimento de habilidades motoras.\n\n&nbsp;\n\n\u00a0","url":"https:\/\/fisio-shop.pt\/?product=meia-bola-stepping-stones","sku":"04-030141","image":{"@type":"ImageObject","url":"https:\/\/fisio-shop.pt\/wp-content\/uploads\/2026\/02\/MEIA-BOLA-STEPPING-STONES.1-2.jpg","@id":"https:\/\/fisio-shop.pt\/?product=meia-bola-stepping-stones\/#productImage","width":530,"height":280},"offers":{"@type":"Offer","url":"https:\/\/fisio-shop.pt\/?product=meia-bola-stepping-stones#wooCommerceOffer","price":0,"priceCurrency":"EUR","category":"Sa\u00fade","availability":"https:\/\/schema.org\/InStock","seller":{"@type":"Organization","@id":"https:\/\/fisio-shop.pt\/#organization"}}},{"@type":"WebPage","@id":"https:\/\/fisio-shop.pt\/?product=meia-bola-stepping-stones#webpage","url":"https:\/\/fisio-shop.pt\/?product=meia-bola-stepping-stones","name":"MEIA BOLA STEPPING STONES - Fisio-shop","description":"Meia bola antiderrapante para exerc\u00edcios de coordena\u00e7\u00e3o, fortalecimento, equil\u00edbrio e desenvolvimento de habilidades motoras.","inLanguage":"pt-PT","isPartOf":{"@id":"https:\/\/fisio-shop.pt\/#website"},"breadcrumb":{"@id":"https:\/\/fisio-shop.pt\/?product=meia-bola-stepping-stones#breadcrumblist"},"image":{"@type":"ImageObject","url":"https:\/\/fisio-shop.pt\/wp-content\/uploads\/2026\/02\/MEIA-BOLA-STEPPING-STONES.1-2.jpg","@id":"https:\/\/fisio-shop.pt\/?product=meia-bola-stepping-stones\/#mainImage","width":530,"height":280},"primaryImageOfPage":{"@id":"https:\/\/fisio-shop.pt\/?product=meia-bola-stepping-stones#mainImage"},"datePublished":"2017-05-29T14:46:02+00:00","dateModified":"2026-02-25T19:52:32+00:00"},{"@type":"WebSite","@id":"https:\/\/fisio-shop.pt\/#website","url":"https:\/\/fisio-shop.pt\/","name":"Fisio-shop","description":"Empresa especializada na distribui\u00e7\u00e3o de equipamentos profissionais para os mercados da Fisioterapia, Geriatria, Fitness e Medicina Desportiva.","inLanguage":"pt-PT","publisher":{"@id":"https:\/\/fisio-shop.pt\/#organization"}}]},"og:locale":"pt_PT","og:site_name":"Fisio-shop - Empresa especializada na distribui\u00e7\u00e3o de equipamentos profissionais para os mercados da Fisioterapia, Geriatria, Fitness e Medicina Desportiva.","og:type":"article","og:title":"MEIA BOLA STEPPING STONES - Fisio-shop","og:description":"Meia bola antiderrapante para exerc\u00edcios de coordena\u00e7\u00e3o, fortalecimento, equil\u00edbrio e desenvolvimento de habilidades motoras.","og:url":"https:\/\/fisio-shop.pt\/?product=meia-bola-stepping-stones","og:image":"https:\/\/fisio-shop.pt\/wp-content\/uploads\/2026\/04\/android-chrome-192x192-1.png","og:image:secure_url":"https:\/\/fisio-shop.pt\/wp-content\/uploads\/2026\/04\/android-chrome-192x192-1.png","article:published_time":"2017-05-29T14:46:02+00:00","article:modified_time":"2026-02-25T19:52:32+00:00","article:publisher":"https:\/\/www.facebook.com\/p\/Fisioshop-Comrcio-de-Equipamentos-Lda-100036934916130\/","twitter:card":"summary_large_image","twitter:title":"MEIA BOLA STEPPING STONES - Fisio-shop","twitter:description":"Meia bola antiderrapante para exerc\u00edcios de coordena\u00e7\u00e3o, fortalecimento, equil\u00edbrio e desenvolvimento de habilidades motoras.","twitter:image":"https:\/\/fisio-shop.pt\/wp-content\/uploads\/2026\/04\/android-chrome-192x192-1.png"},"aioseo_meta_data":{"post_id":"8255","title":null,"description":null,"keywords":null,"keyphrases":null,"primary_term":null,"canonical_url":null,"og_title":null,"og_description":null,"og_object_type":"default","og_image_type":"default","og_image_url":null,"og_image_width":null,"og_image_height":null,"og_image_custom_url":null,"og_image_custom_fields":null,"og_video":null,"og_custom_url":null,"og_article_section":null,"og_article_tags":null,"twitter_use_og":false,"twitter_card":"default","twitter_image_type":"default","twitter_image_url":null,"twitter_image_custom_url":null,"twitter_image_custom_fields":null,"twitter_title":null,"twitter_description":null,"schema":{"blockGraphs":[],"customGraphs":[],"default":{"data":{"Article":[],"Course":[],"Dataset":[],"FAQPage":[],"Movie":[],"Person":[],"Product":[],"ProductReview":[],"Car":[],"Recipe":[],"Service":[],"SoftwareApplication":[],"WebPage":[]},"graphName":"","isEnabled":true},"graphs":[]},"schema_type":"default","schema_type_options":null,"pillar_content":false,"robots_default":true,"robots_noindex":false,"robots_noarchive":false,"robots_nosnippet":false,"robots_nofollow":false,"robots_noimageindex":false,"robots_noodp":false,"robots_notranslate":false,"robots_max_snippet":null,"robots_max_videopreview":null,"robots_max_imagepreview":"large","priority":null,"frequency":null,"local_seo":null,"seo_analyzer_scan_date":"2026-04-18 09:28:14","breadcrumb_settings":null,"limit_modified_date":false,"open_ai":null,"ai":null,"created":"2026-04-18 07:02:18","updated":"2026-04-18 21:27:04"},"aioseo_breadcrumb":"<div class=\"aioseo-breadcrumbs\"><span class=\"aioseo-breadcrumb\">\n\t<a href=\"https:\/\/fisio-shop.pt\" title=\"Home\">Home<\/a>\n<\/span><span class=\"aioseo-breadcrumb-separator\">\u00bb<\/span><span class=\"aioseo-breadcrumb\">\n\t<a href=\"https:\/\/fisio-shop.pt\/?page_id=5\" title=\"Loja\">Loja<\/a>\n<\/span><span class=\"aioseo-breadcrumb-separator\">\u00bb<\/span><span class=\"aioseo-breadcrumb\">\n\t<a href=\"https:\/\/fisio-shop.pt\/?product_cat=saude\" title=\"Sa\u00fade\">Sa\u00fade<\/a>\n<\/span><span class=\"aioseo-breadcrumb-separator\">\u00bb<\/span><span class=\"aioseo-breadcrumb\">\n\t<a href=\"https:\/\/fisio-shop.pt\/?product_cat=equipamentos-para-medicina-fisica-e-reabilitacao\" title=\"Equipamentos para medicina f\u00edsica e reabilita\u00e7\u00e3o\">Equipamentos para medicina f\u00edsica e reabilita\u00e7\u00e3o<\/a>\n<\/span><span class=\"aioseo-breadcrumb-separator\">\u00bb<\/span><span class=\"aioseo-breadcrumb\">\n\t<a href=\"https:\/\/fisio-shop.pt\/?product_cat=cinesioterapia-medicina-fisica-e-de-reabilitacao\" title=\"Cinesioterapia\">Cinesioterapia<\/a>\n<\/span><span class=\"aioseo-breadcrumb-separator\">\u00bb<\/span><span class=\"aioseo-breadcrumb\">\n\t<a href=\"https:\/\/fisio-shop.pt\/?product_cat=bolas-e-acessorios-de-exerciciosmedicina-fisica-e-de-reabilitacao\" title=\"Bolas e acess\u00f3rios de exerc\u00edcios\">Bolas e acess\u00f3rios de exerc\u00edcios<\/a>\n<\/span><span class=\"aioseo-breadcrumb-separator\">\u00bb<\/span><span class=\"aioseo-breadcrumb\">\n\tMEIA BOLA STEPPING STONES\n<\/span><\/div>","aioseo_breadcrumb_json":[{"label":"Home","link":"https:\/\/fisio-shop.pt"},{"label":"Loja","link":"https:\/\/fisio-shop.pt\/?page_id=5"},{"label":"Sa\u00fade","link":"https:\/\/fisio-shop.pt\/?product_cat=saude"},{"label":"Equipamentos para medicina f\u00edsica e reabilita\u00e7\u00e3o","link":"https:\/\/fisio-shop.pt\/?product_cat=equipamentos-para-medicina-fisica-e-reabilitacao"},{"label":"Cinesioterapia","link":"https:\/\/fisio-shop.pt\/?product_cat=cinesioterapia-medicina-fisica-e-de-reabilitacao"},{"label":"Bolas e acess\u00f3rios de exerc\u00edcios","link":"https:\/\/fisio-shop.pt\/?product_cat=bolas-e-acessorios-de-exerciciosmedicina-fisica-e-de-reabilitacao"},{"label":"MEIA BOLA STEPPING STONES","link":"https:\/\/fisio-shop.pt\/?product=meia-bola-stepping-stones"}],"_links":{"self":[{"href":"https:\/\/fisio-shop.pt\/index.php?rest_route=\/wp\/v2\/product\/8255","targetHints":{"allow":["GET"]}}],"collection":[{"href":"https:\/\/fisio-shop.pt\/index.php?rest_route=\/wp\/v2\/product"}],"about":[{"href":"https:\/\/fisio-shop.pt\/index.php?rest_route=\/wp\/v2\/types\/product"}],"replies":[{"embeddable":true,"href":"https:\/\/fisio-shop.pt\/index.php?rest_route=%2Fwp%2Fv2%2Fcomments&post=8255"}],"version-history":[{"count":0,"href":"https:\/\/fisio-shop.pt\/index.php?rest_route=\/wp\/v2\/product\/8255\/revisions"}],"wp:featuredmedia":[{"embeddable":true,"href":"https:\/\/fisio-shop.pt\/index.php?rest_route=\/wp\/v2\/media\/10546"}],"wp:attachment":[{"href":"https:\/\/fisio-shop.pt\/index.php?rest_route=%2Fwp%2Fv2%2Fmedia&parent=8255"}],"wp:term":[{"taxonomy":"product_brand","embeddable":true,"href":"https:\/\/fisio-shop.pt\/index.php?rest_route=%2Fwp%2Fv2%2Fproduct_brand&post=8255"},{"taxonomy":"product_cat","embeddable":true,"href":"https:\/\/fisio-shop.pt\/index.php?rest_route=%2Fwp%2Fv2%2Fproduct_cat&post=8255"},{"taxonomy":"product_tag","embeddable":true,"href":"https:\/\/fisio-shop.pt\/index.php?rest_route=%2Fwp%2Fv2%2Fproduct_tag&post=8255"}],"curies":[{"name":"wp","href":"https:\/\/api.w.org\/{rel}","templated":true}]}}