{"id":8275,"date":"2017-05-29T17:08:28","date_gmt":"2017-05-29T17:08:28","guid":{"rendered":"https:\/\/fisio-shop.pt\/loja\/rolo-de-massagem-mambo\/"},"modified":"2026-02-25T19:52:36","modified_gmt":"2026-02-25T19:52:36","slug":"rolo-de-massagem-mambo","status":"publish","type":"product","link":"https:\/\/fisio-shop.pt\/?product=rolo-de-massagem-mambo","title":{"rendered":"ROLO DE MASSAGEM MAMBO"},"content":{"rendered":"<ul>\n<li>Rolo de massagem para relaxamento dos m\u00fasculos e redu\u00e7\u00e3o da tens\u00e3o;<\/li>\n<li>Ajuda a fortalecer as m\u00e3os , p\u00e9s e a melhorar a coordena\u00e7\u00e3o e flexibilidade;<\/li>\n<li>Ref: 04-030121;<\/li>\n<li>Marca: MSD<\/li>\n<\/ul>\n<p><strong>\u00a0<\/strong><\/p>\n<p><strong>\u00a0<\/strong><\/p>\n","protected":false},"excerpt":{"rendered":"<p>Rolo de massagem para relaxamento dos m\u00fasculos e redu\u00e7\u00e3o da tens\u00e3o.<\/p>\n","protected":false},"featured_media":10570,"comment_status":"open","ping_status":"closed","template":"","meta":{"rs_blank_template":"","rs_page_bg_color":"","slide_template_v7":""},"product_brand":[],"product_cat":[1397,1401,1413,1414],"product_tag":[],"class_list":{"0":"post-8275","1":"product","2":"type-product","3":"status-publish","4":"has-post-thumbnail","6":"product_cat-saude","7":"product_cat-equipamentos-para-medicina-fisica-e-reabilitacao","8":"product_cat-cinesioterapia-medicina-fisica-e-de-reabilitacao","9":"product_cat-bolas-e-acessorios-de-exerciciosmedicina-fisica-e-de-reabilitacao","11":"first","12":"instock","13":"shipping-taxable","14":"product-type-simple"},"aioseo_notices":[],"etheme_brands":{"errors":{"invalid_taxonomy":["Taxonomia inv\u00e1lida."]},"error_data":[]},"aioseo_head":"\n\t\t<!-- All in One SEO Pro 4.9.0 - aioseo.com -->\n\t<meta name=\"description\" content=\"Rolo de massagem para relaxamento dos m\u00fasculos e redu\u00e7\u00e3o da tens\u00e3o.\" \/>\n\t<meta name=\"robots\" content=\"max-image-preview:large\" \/>\n\t<link rel=\"canonical\" href=\"https:\/\/fisio-shop.pt\/?product=rolo-de-massagem-mambo\" \/>\n\t<meta name=\"generator\" content=\"All in One SEO Pro (AIOSEO) 4.9.0\" \/>\n\t\t<meta property=\"og:locale\" content=\"pt_PT\" \/>\n\t\t<meta property=\"og:site_name\" content=\"Fisio-shop - Empresa especializada na distribui\u00e7\u00e3o de equipamentos profissionais para os mercados da Fisioterapia, Geriatria, Fitness e Medicina Desportiva.\" \/>\n\t\t<meta property=\"og:type\" content=\"article\" \/>\n\t\t<meta property=\"og:title\" content=\"ROLO DE MASSAGEM MAMBO - Fisio-shop\" \/>\n\t\t<meta property=\"og:description\" content=\"Rolo de massagem para relaxamento dos m\u00fasculos e redu\u00e7\u00e3o da tens\u00e3o.\" \/>\n\t\t<meta property=\"og:url\" content=\"https:\/\/fisio-shop.pt\/?product=rolo-de-massagem-mambo\" \/>\n\t\t<meta property=\"og:image\" content=\"https:\/\/fisio-shop.pt\/wp-content\/uploads\/2026\/04\/android-chrome-192x192-1.png\" \/>\n\t\t<meta property=\"og:image:secure_url\" content=\"https:\/\/fisio-shop.pt\/wp-content\/uploads\/2026\/04\/android-chrome-192x192-1.png\" \/>\n\t\t<meta property=\"article:published_time\" content=\"2017-05-29T17:08:28+00:00\" \/>\n\t\t<meta property=\"article:modified_time\" content=\"2026-02-25T19:52:36+00:00\" \/>\n\t\t<meta property=\"article:publisher\" content=\"https:\/\/www.facebook.com\/p\/Fisioshop-Comrcio-de-Equipamentos-Lda-100036934916130\/\" \/>\n\t\t<meta name=\"twitter:card\" content=\"summary_large_image\" \/>\n\t\t<meta name=\"twitter:title\" content=\"ROLO DE MASSAGEM MAMBO - Fisio-shop\" \/>\n\t\t<meta name=\"twitter:description\" content=\"Rolo de massagem para relaxamento dos m\u00fasculos e redu\u00e7\u00e3o da tens\u00e3o.\" \/>\n\t\t<meta name=\"twitter:image\" content=\"https:\/\/fisio-shop.pt\/wp-content\/uploads\/2026\/04\/android-chrome-192x192-1.png\" \/>\n\t\t<script type=\"application\/ld+json\" class=\"aioseo-schema\">\n\t\t\t{\"@context\":\"https:\\\/\\\/schema.org\",\"@graph\":[{\"@type\":\"BreadcrumbList\",\"@id\":\"https:\\\/\\\/fisio-shop.pt\\\/?product=rolo-de-massagem-mambo#breadcrumblist\",\"itemListElement\":[{\"@type\":\"ListItem\",\"@id\":\"https:\\\/\\\/fisio-shop.pt#listItem\",\"position\":1,\"name\":\"Home\",\"item\":\"https:\\\/\\\/fisio-shop.pt\",\"nextItem\":{\"@type\":\"ListItem\",\"@id\":\"https:\\\/\\\/fisio-shop.pt\\\/?page_id=5#listItem\",\"name\":\"Loja\"}},{\"@type\":\"ListItem\",\"@id\":\"https:\\\/\\\/fisio-shop.pt\\\/?page_id=5#listItem\",\"position\":2,\"name\":\"Loja\",\"item\":\"https:\\\/\\\/fisio-shop.pt\\\/?page_id=5\",\"nextItem\":{\"@type\":\"ListItem\",\"@id\":\"https:\\\/\\\/fisio-shop.pt\\\/?product_cat=saude#listItem\",\"name\":\"Sa\\u00fade\"},\"previousItem\":{\"@type\":\"ListItem\",\"@id\":\"https:\\\/\\\/fisio-shop.pt#listItem\",\"name\":\"Home\"}},{\"@type\":\"ListItem\",\"@id\":\"https:\\\/\\\/fisio-shop.pt\\\/?product_cat=saude#listItem\",\"position\":3,\"name\":\"Sa\\u00fade\",\"item\":\"https:\\\/\\\/fisio-shop.pt\\\/?product_cat=saude\",\"nextItem\":{\"@type\":\"ListItem\",\"@id\":\"https:\\\/\\\/fisio-shop.pt\\\/?product_cat=equipamentos-para-medicina-fisica-e-reabilitacao#listItem\",\"name\":\"Equipamentos para medicina f\\u00edsica e reabilita\\u00e7\\u00e3o\"},\"previousItem\":{\"@type\":\"ListItem\",\"@id\":\"https:\\\/\\\/fisio-shop.pt\\\/?page_id=5#listItem\",\"name\":\"Loja\"}},{\"@type\":\"ListItem\",\"@id\":\"https:\\\/\\\/fisio-shop.pt\\\/?product_cat=equipamentos-para-medicina-fisica-e-reabilitacao#listItem\",\"position\":4,\"name\":\"Equipamentos para medicina f\\u00edsica e reabilita\\u00e7\\u00e3o\",\"item\":\"https:\\\/\\\/fisio-shop.pt\\\/?product_cat=equipamentos-para-medicina-fisica-e-reabilitacao\",\"nextItem\":{\"@type\":\"ListItem\",\"@id\":\"https:\\\/\\\/fisio-shop.pt\\\/?product_cat=cinesioterapia-medicina-fisica-e-de-reabilitacao#listItem\",\"name\":\"Cinesioterapia\"},\"previousItem\":{\"@type\":\"ListItem\",\"@id\":\"https:\\\/\\\/fisio-shop.pt\\\/?product_cat=saude#listItem\",\"name\":\"Sa\\u00fade\"}},{\"@type\":\"ListItem\",\"@id\":\"https:\\\/\\\/fisio-shop.pt\\\/?product_cat=cinesioterapia-medicina-fisica-e-de-reabilitacao#listItem\",\"position\":5,\"name\":\"Cinesioterapia\",\"item\":\"https:\\\/\\\/fisio-shop.pt\\\/?product_cat=cinesioterapia-medicina-fisica-e-de-reabilitacao\",\"nextItem\":{\"@type\":\"ListItem\",\"@id\":\"https:\\\/\\\/fisio-shop.pt\\\/?product_cat=bolas-e-acessorios-de-exerciciosmedicina-fisica-e-de-reabilitacao#listItem\",\"name\":\"Bolas e acess\\u00f3rios de exerc\\u00edcios\"},\"previousItem\":{\"@type\":\"ListItem\",\"@id\":\"https:\\\/\\\/fisio-shop.pt\\\/?product_cat=equipamentos-para-medicina-fisica-e-reabilitacao#listItem\",\"name\":\"Equipamentos para medicina f\\u00edsica e reabilita\\u00e7\\u00e3o\"}},{\"@type\":\"ListItem\",\"@id\":\"https:\\\/\\\/fisio-shop.pt\\\/?product_cat=bolas-e-acessorios-de-exerciciosmedicina-fisica-e-de-reabilitacao#listItem\",\"position\":6,\"name\":\"Bolas e acess\\u00f3rios de exerc\\u00edcios\",\"item\":\"https:\\\/\\\/fisio-shop.pt\\\/?product_cat=bolas-e-acessorios-de-exerciciosmedicina-fisica-e-de-reabilitacao\",\"nextItem\":{\"@type\":\"ListItem\",\"@id\":\"https:\\\/\\\/fisio-shop.pt\\\/?product=rolo-de-massagem-mambo#listItem\",\"name\":\"ROLO DE MASSAGEM MAMBO\"},\"previousItem\":{\"@type\":\"ListItem\",\"@id\":\"https:\\\/\\\/fisio-shop.pt\\\/?product_cat=cinesioterapia-medicina-fisica-e-de-reabilitacao#listItem\",\"name\":\"Cinesioterapia\"}},{\"@type\":\"ListItem\",\"@id\":\"https:\\\/\\\/fisio-shop.pt\\\/?product=rolo-de-massagem-mambo#listItem\",\"position\":7,\"name\":\"ROLO DE MASSAGEM MAMBO\",\"previousItem\":{\"@type\":\"ListItem\",\"@id\":\"https:\\\/\\\/fisio-shop.pt\\\/?product_cat=bolas-e-acessorios-de-exerciciosmedicina-fisica-e-de-reabilitacao#listItem\",\"name\":\"Bolas e acess\\u00f3rios de exerc\\u00edcios\"}}]},{\"@type\":\"Organization\",\"@id\":\"https:\\\/\\\/fisio-shop.pt\\\/#organization\",\"name\":\"Fisio-shop\",\"description\":\"Empresa especializada na distribui\\u00e7\\u00e3o de equipamentos profissionais para os mercados da Fisioterapia, Geriatria, Fitness e Medicina Desportiva. Empresa especializada na distribui\\u00e7\\u00e3o de equipamentos profissionais para os mercados da Fisioterapia, Geriatria, Fitness e Medicina Desportiva.\",\"url\":\"https:\\\/\\\/fisio-shop.pt\\\/\",\"logo\":{\"@type\":\"ImageObject\",\"url\":\"https:\\\/\\\/fisio-shop.pt\\\/wp-content\\\/uploads\\\/2026\\\/04\\\/android-chrome-192x192-1.png\",\"@id\":\"https:\\\/\\\/fisio-shop.pt\\\/?product=rolo-de-massagem-mambo\\\/#organizationLogo\"},\"image\":{\"@id\":\"https:\\\/\\\/fisio-shop.pt\\\/?product=rolo-de-massagem-mambo\\\/#organizationLogo\"},\"sameAs\":[\"https:\\\/\\\/www.facebook.com\\\/p\\\/Fisioshop-Comrcio-de-Equipamentos-Lda-100036934916130\\\/\"]},{\"@type\":\"Product\",\"@id\":\"https:\\\/\\\/fisio-shop.pt\\\/?product=rolo-de-massagem-mambo#wooCommerceProduct\",\"name\":\"ROLO DE MASSAGEM MAMBO\",\"description\":\"Rolo de massagem para relaxamento dos m\\u00fasculos e redu\\u00e7\\u00e3o da tens\\u00e3o.\",\"url\":\"https:\\\/\\\/fisio-shop.pt\\\/?product=rolo-de-massagem-mambo\",\"sku\":\"04-030121\",\"image\":{\"@type\":\"ImageObject\",\"url\":\"https:\\\/\\\/fisio-shop.pt\\\/wp-content\\\/uploads\\\/2026\\\/02\\\/ROLO-DE-MASSAGEM-MAMBO-2.jpg\",\"@id\":\"https:\\\/\\\/fisio-shop.pt\\\/?product=rolo-de-massagem-mambo\\\/#productImage\",\"width\":435,\"height\":391},\"offers\":{\"@type\":\"Offer\",\"url\":\"https:\\\/\\\/fisio-shop.pt\\\/?product=rolo-de-massagem-mambo#wooCommerceOffer\",\"price\":0,\"priceCurrency\":\"EUR\",\"category\":\"Sa\\u00fade\",\"availability\":\"https:\\\/\\\/schema.org\\\/InStock\",\"seller\":{\"@type\":\"Organization\",\"@id\":\"https:\\\/\\\/fisio-shop.pt\\\/#organization\"}}},{\"@type\":\"WebPage\",\"@id\":\"https:\\\/\\\/fisio-shop.pt\\\/?product=rolo-de-massagem-mambo#webpage\",\"url\":\"https:\\\/\\\/fisio-shop.pt\\\/?product=rolo-de-massagem-mambo\",\"name\":\"ROLO DE MASSAGEM MAMBO - Fisio-shop\",\"description\":\"Rolo de massagem para relaxamento dos m\\u00fasculos e redu\\u00e7\\u00e3o da tens\\u00e3o.\",\"inLanguage\":\"pt-PT\",\"isPartOf\":{\"@id\":\"https:\\\/\\\/fisio-shop.pt\\\/#website\"},\"breadcrumb\":{\"@id\":\"https:\\\/\\\/fisio-shop.pt\\\/?product=rolo-de-massagem-mambo#breadcrumblist\"},\"image\":{\"@type\":\"ImageObject\",\"url\":\"https:\\\/\\\/fisio-shop.pt\\\/wp-content\\\/uploads\\\/2026\\\/02\\\/ROLO-DE-MASSAGEM-MAMBO-2.jpg\",\"@id\":\"https:\\\/\\\/fisio-shop.pt\\\/?product=rolo-de-massagem-mambo\\\/#mainImage\",\"width\":435,\"height\":391},\"primaryImageOfPage\":{\"@id\":\"https:\\\/\\\/fisio-shop.pt\\\/?product=rolo-de-massagem-mambo#mainImage\"},\"datePublished\":\"2017-05-29T17:08:28+00:00\",\"dateModified\":\"2026-02-25T19:52:36+00:00\"},{\"@type\":\"WebSite\",\"@id\":\"https:\\\/\\\/fisio-shop.pt\\\/#website\",\"url\":\"https:\\\/\\\/fisio-shop.pt\\\/\",\"name\":\"Fisio-shop\",\"description\":\"Empresa especializada na distribui\\u00e7\\u00e3o de equipamentos profissionais para os mercados da Fisioterapia, Geriatria, Fitness e Medicina Desportiva.\",\"inLanguage\":\"pt-PT\",\"publisher\":{\"@id\":\"https:\\\/\\\/fisio-shop.pt\\\/#organization\"}}]}\n\t\t<\/script>\n\t\t<!-- All in One SEO Pro -->\r\n\t\t<title>ROLO DE MASSAGEM MAMBO - Fisio-shop<\/title>\n\n","aioseo_head_json":{"title":"ROLO DE MASSAGEM MAMBO - Fisio-shop","description":"Rolo de massagem para relaxamento dos m\u00fasculos e redu\u00e7\u00e3o da tens\u00e3o.","canonical_url":"https:\/\/fisio-shop.pt\/?product=rolo-de-massagem-mambo","robots":"max-image-preview:large","keywords":"","webmasterTools":{"miscellaneous":""},"schema":{"@context":"https:\/\/schema.org","@graph":[{"@type":"BreadcrumbList","@id":"https:\/\/fisio-shop.pt\/?product=rolo-de-massagem-mambo#breadcrumblist","itemListElement":[{"@type":"ListItem","@id":"https:\/\/fisio-shop.pt#listItem","position":1,"name":"Home","item":"https:\/\/fisio-shop.pt","nextItem":{"@type":"ListItem","@id":"https:\/\/fisio-shop.pt\/?page_id=5#listItem","name":"Loja"}},{"@type":"ListItem","@id":"https:\/\/fisio-shop.pt\/?page_id=5#listItem","position":2,"name":"Loja","item":"https:\/\/fisio-shop.pt\/?page_id=5","nextItem":{"@type":"ListItem","@id":"https:\/\/fisio-shop.pt\/?product_cat=saude#listItem","name":"Sa\u00fade"},"previousItem":{"@type":"ListItem","@id":"https:\/\/fisio-shop.pt#listItem","name":"Home"}},{"@type":"ListItem","@id":"https:\/\/fisio-shop.pt\/?product_cat=saude#listItem","position":3,"name":"Sa\u00fade","item":"https:\/\/fisio-shop.pt\/?product_cat=saude","nextItem":{"@type":"ListItem","@id":"https:\/\/fisio-shop.pt\/?product_cat=equipamentos-para-medicina-fisica-e-reabilitacao#listItem","name":"Equipamentos para medicina f\u00edsica e reabilita\u00e7\u00e3o"},"previousItem":{"@type":"ListItem","@id":"https:\/\/fisio-shop.pt\/?page_id=5#listItem","name":"Loja"}},{"@type":"ListItem","@id":"https:\/\/fisio-shop.pt\/?product_cat=equipamentos-para-medicina-fisica-e-reabilitacao#listItem","position":4,"name":"Equipamentos para medicina f\u00edsica e reabilita\u00e7\u00e3o","item":"https:\/\/fisio-shop.pt\/?product_cat=equipamentos-para-medicina-fisica-e-reabilitacao","nextItem":{"@type":"ListItem","@id":"https:\/\/fisio-shop.pt\/?product_cat=cinesioterapia-medicina-fisica-e-de-reabilitacao#listItem","name":"Cinesioterapia"},"previousItem":{"@type":"ListItem","@id":"https:\/\/fisio-shop.pt\/?product_cat=saude#listItem","name":"Sa\u00fade"}},{"@type":"ListItem","@id":"https:\/\/fisio-shop.pt\/?product_cat=cinesioterapia-medicina-fisica-e-de-reabilitacao#listItem","position":5,"name":"Cinesioterapia","item":"https:\/\/fisio-shop.pt\/?product_cat=cinesioterapia-medicina-fisica-e-de-reabilitacao","nextItem":{"@type":"ListItem","@id":"https:\/\/fisio-shop.pt\/?product_cat=bolas-e-acessorios-de-exerciciosmedicina-fisica-e-de-reabilitacao#listItem","name":"Bolas e acess\u00f3rios de exerc\u00edcios"},"previousItem":{"@type":"ListItem","@id":"https:\/\/fisio-shop.pt\/?product_cat=equipamentos-para-medicina-fisica-e-reabilitacao#listItem","name":"Equipamentos para medicina f\u00edsica e reabilita\u00e7\u00e3o"}},{"@type":"ListItem","@id":"https:\/\/fisio-shop.pt\/?product_cat=bolas-e-acessorios-de-exerciciosmedicina-fisica-e-de-reabilitacao#listItem","position":6,"name":"Bolas e acess\u00f3rios de exerc\u00edcios","item":"https:\/\/fisio-shop.pt\/?product_cat=bolas-e-acessorios-de-exerciciosmedicina-fisica-e-de-reabilitacao","nextItem":{"@type":"ListItem","@id":"https:\/\/fisio-shop.pt\/?product=rolo-de-massagem-mambo#listItem","name":"ROLO DE MASSAGEM MAMBO"},"previousItem":{"@type":"ListItem","@id":"https:\/\/fisio-shop.pt\/?product_cat=cinesioterapia-medicina-fisica-e-de-reabilitacao#listItem","name":"Cinesioterapia"}},{"@type":"ListItem","@id":"https:\/\/fisio-shop.pt\/?product=rolo-de-massagem-mambo#listItem","position":7,"name":"ROLO DE MASSAGEM MAMBO","previousItem":{"@type":"ListItem","@id":"https:\/\/fisio-shop.pt\/?product_cat=bolas-e-acessorios-de-exerciciosmedicina-fisica-e-de-reabilitacao#listItem","name":"Bolas e acess\u00f3rios de exerc\u00edcios"}}]},{"@type":"Organization","@id":"https:\/\/fisio-shop.pt\/#organization","name":"Fisio-shop","description":"Empresa especializada na distribui\u00e7\u00e3o de equipamentos profissionais para os mercados da Fisioterapia, Geriatria, Fitness e Medicina Desportiva. Empresa especializada na distribui\u00e7\u00e3o de equipamentos profissionais para os mercados da Fisioterapia, Geriatria, Fitness e Medicina Desportiva.","url":"https:\/\/fisio-shop.pt\/","logo":{"@type":"ImageObject","url":"https:\/\/fisio-shop.pt\/wp-content\/uploads\/2026\/04\/android-chrome-192x192-1.png","@id":"https:\/\/fisio-shop.pt\/?product=rolo-de-massagem-mambo\/#organizationLogo"},"image":{"@id":"https:\/\/fisio-shop.pt\/?product=rolo-de-massagem-mambo\/#organizationLogo"},"sameAs":["https:\/\/www.facebook.com\/p\/Fisioshop-Comrcio-de-Equipamentos-Lda-100036934916130\/"]},{"@type":"Product","@id":"https:\/\/fisio-shop.pt\/?product=rolo-de-massagem-mambo#wooCommerceProduct","name":"ROLO DE MASSAGEM MAMBO","description":"Rolo de massagem para relaxamento dos m\u00fasculos e redu\u00e7\u00e3o da tens\u00e3o.","url":"https:\/\/fisio-shop.pt\/?product=rolo-de-massagem-mambo","sku":"04-030121","image":{"@type":"ImageObject","url":"https:\/\/fisio-shop.pt\/wp-content\/uploads\/2026\/02\/ROLO-DE-MASSAGEM-MAMBO-2.jpg","@id":"https:\/\/fisio-shop.pt\/?product=rolo-de-massagem-mambo\/#productImage","width":435,"height":391},"offers":{"@type":"Offer","url":"https:\/\/fisio-shop.pt\/?product=rolo-de-massagem-mambo#wooCommerceOffer","price":0,"priceCurrency":"EUR","category":"Sa\u00fade","availability":"https:\/\/schema.org\/InStock","seller":{"@type":"Organization","@id":"https:\/\/fisio-shop.pt\/#organization"}}},{"@type":"WebPage","@id":"https:\/\/fisio-shop.pt\/?product=rolo-de-massagem-mambo#webpage","url":"https:\/\/fisio-shop.pt\/?product=rolo-de-massagem-mambo","name":"ROLO DE MASSAGEM MAMBO - Fisio-shop","description":"Rolo de massagem para relaxamento dos m\u00fasculos e redu\u00e7\u00e3o da tens\u00e3o.","inLanguage":"pt-PT","isPartOf":{"@id":"https:\/\/fisio-shop.pt\/#website"},"breadcrumb":{"@id":"https:\/\/fisio-shop.pt\/?product=rolo-de-massagem-mambo#breadcrumblist"},"image":{"@type":"ImageObject","url":"https:\/\/fisio-shop.pt\/wp-content\/uploads\/2026\/02\/ROLO-DE-MASSAGEM-MAMBO-2.jpg","@id":"https:\/\/fisio-shop.pt\/?product=rolo-de-massagem-mambo\/#mainImage","width":435,"height":391},"primaryImageOfPage":{"@id":"https:\/\/fisio-shop.pt\/?product=rolo-de-massagem-mambo#mainImage"},"datePublished":"2017-05-29T17:08:28+00:00","dateModified":"2026-02-25T19:52:36+00:00"},{"@type":"WebSite","@id":"https:\/\/fisio-shop.pt\/#website","url":"https:\/\/fisio-shop.pt\/","name":"Fisio-shop","description":"Empresa especializada na distribui\u00e7\u00e3o de equipamentos profissionais para os mercados da Fisioterapia, Geriatria, Fitness e Medicina Desportiva.","inLanguage":"pt-PT","publisher":{"@id":"https:\/\/fisio-shop.pt\/#organization"}}]},"og:locale":"pt_PT","og:site_name":"Fisio-shop - Empresa especializada na distribui\u00e7\u00e3o de equipamentos profissionais para os mercados da Fisioterapia, Geriatria, Fitness e Medicina Desportiva.","og:type":"article","og:title":"ROLO DE MASSAGEM MAMBO - Fisio-shop","og:description":"Rolo de massagem para relaxamento dos m\u00fasculos e redu\u00e7\u00e3o da tens\u00e3o.","og:url":"https:\/\/fisio-shop.pt\/?product=rolo-de-massagem-mambo","og:image":"https:\/\/fisio-shop.pt\/wp-content\/uploads\/2026\/04\/android-chrome-192x192-1.png","og:image:secure_url":"https:\/\/fisio-shop.pt\/wp-content\/uploads\/2026\/04\/android-chrome-192x192-1.png","article:published_time":"2017-05-29T17:08:28+00:00","article:modified_time":"2026-02-25T19:52:36+00:00","article:publisher":"https:\/\/www.facebook.com\/p\/Fisioshop-Comrcio-de-Equipamentos-Lda-100036934916130\/","twitter:card":"summary_large_image","twitter:title":"ROLO DE MASSAGEM MAMBO - Fisio-shop","twitter:description":"Rolo de massagem para relaxamento dos m\u00fasculos e redu\u00e7\u00e3o da tens\u00e3o.","twitter:image":"https:\/\/fisio-shop.pt\/wp-content\/uploads\/2026\/04\/android-chrome-192x192-1.png"},"aioseo_meta_data":{"post_id":"8275","title":null,"description":null,"keywords":null,"keyphrases":null,"primary_term":null,"canonical_url":null,"og_title":null,"og_description":null,"og_object_type":"default","og_image_type":"default","og_image_url":null,"og_image_width":null,"og_image_height":null,"og_image_custom_url":null,"og_image_custom_fields":null,"og_video":null,"og_custom_url":null,"og_article_section":null,"og_article_tags":null,"twitter_use_og":false,"twitter_card":"default","twitter_image_type":"default","twitter_image_url":null,"twitter_image_custom_url":null,"twitter_image_custom_fields":null,"twitter_title":null,"twitter_description":null,"schema":{"blockGraphs":[],"customGraphs":[],"default":{"data":{"Article":[],"Course":[],"Dataset":[],"FAQPage":[],"Movie":[],"Person":[],"Product":[],"ProductReview":[],"Car":[],"Recipe":[],"Service":[],"SoftwareApplication":[],"WebPage":[]},"graphName":"","isEnabled":true},"graphs":[]},"schema_type":"default","schema_type_options":null,"pillar_content":false,"robots_default":true,"robots_noindex":false,"robots_noarchive":false,"robots_nosnippet":false,"robots_nofollow":false,"robots_noimageindex":false,"robots_noodp":false,"robots_notranslate":false,"robots_max_snippet":null,"robots_max_videopreview":null,"robots_max_imagepreview":"large","priority":null,"frequency":null,"local_seo":null,"seo_analyzer_scan_date":"2026-04-18 09:28:26","breadcrumb_settings":null,"limit_modified_date":false,"open_ai":null,"ai":null,"created":"2026-04-18 07:02:18","updated":"2026-04-18 21:27:04"},"aioseo_breadcrumb":"<div class=\"aioseo-breadcrumbs\"><span class=\"aioseo-breadcrumb\">\n\t<a href=\"https:\/\/fisio-shop.pt\" title=\"Home\">Home<\/a>\n<\/span><span class=\"aioseo-breadcrumb-separator\">\u00bb<\/span><span class=\"aioseo-breadcrumb\">\n\t<a href=\"https:\/\/fisio-shop.pt\/?page_id=5\" title=\"Loja\">Loja<\/a>\n<\/span><span class=\"aioseo-breadcrumb-separator\">\u00bb<\/span><span class=\"aioseo-breadcrumb\">\n\t<a href=\"https:\/\/fisio-shop.pt\/?product_cat=saude\" title=\"Sa\u00fade\">Sa\u00fade<\/a>\n<\/span><span class=\"aioseo-breadcrumb-separator\">\u00bb<\/span><span class=\"aioseo-breadcrumb\">\n\t<a href=\"https:\/\/fisio-shop.pt\/?product_cat=equipamentos-para-medicina-fisica-e-reabilitacao\" title=\"Equipamentos para medicina f\u00edsica e reabilita\u00e7\u00e3o\">Equipamentos para medicina f\u00edsica e reabilita\u00e7\u00e3o<\/a>\n<\/span><span class=\"aioseo-breadcrumb-separator\">\u00bb<\/span><span class=\"aioseo-breadcrumb\">\n\t<a href=\"https:\/\/fisio-shop.pt\/?product_cat=cinesioterapia-medicina-fisica-e-de-reabilitacao\" title=\"Cinesioterapia\">Cinesioterapia<\/a>\n<\/span><span class=\"aioseo-breadcrumb-separator\">\u00bb<\/span><span class=\"aioseo-breadcrumb\">\n\t<a href=\"https:\/\/fisio-shop.pt\/?product_cat=bolas-e-acessorios-de-exerciciosmedicina-fisica-e-de-reabilitacao\" title=\"Bolas e acess\u00f3rios de exerc\u00edcios\">Bolas e acess\u00f3rios de exerc\u00edcios<\/a>\n<\/span><span class=\"aioseo-breadcrumb-separator\">\u00bb<\/span><span class=\"aioseo-breadcrumb\">\n\tROLO DE MASSAGEM MAMBO\n<\/span><\/div>","aioseo_breadcrumb_json":[{"label":"Home","link":"https:\/\/fisio-shop.pt"},{"label":"Loja","link":"https:\/\/fisio-shop.pt\/?page_id=5"},{"label":"Sa\u00fade","link":"https:\/\/fisio-shop.pt\/?product_cat=saude"},{"label":"Equipamentos para medicina f\u00edsica e reabilita\u00e7\u00e3o","link":"https:\/\/fisio-shop.pt\/?product_cat=equipamentos-para-medicina-fisica-e-reabilitacao"},{"label":"Cinesioterapia","link":"https:\/\/fisio-shop.pt\/?product_cat=cinesioterapia-medicina-fisica-e-de-reabilitacao"},{"label":"Bolas e acess\u00f3rios de exerc\u00edcios","link":"https:\/\/fisio-shop.pt\/?product_cat=bolas-e-acessorios-de-exerciciosmedicina-fisica-e-de-reabilitacao"},{"label":"ROLO DE MASSAGEM MAMBO","link":"https:\/\/fisio-shop.pt\/?product=rolo-de-massagem-mambo"}],"_links":{"self":[{"href":"https:\/\/fisio-shop.pt\/index.php?rest_route=\/wp\/v2\/product\/8275","targetHints":{"allow":["GET"]}}],"collection":[{"href":"https:\/\/fisio-shop.pt\/index.php?rest_route=\/wp\/v2\/product"}],"about":[{"href":"https:\/\/fisio-shop.pt\/index.php?rest_route=\/wp\/v2\/types\/product"}],"replies":[{"embeddable":true,"href":"https:\/\/fisio-shop.pt\/index.php?rest_route=%2Fwp%2Fv2%2Fcomments&post=8275"}],"version-history":[{"count":0,"href":"https:\/\/fisio-shop.pt\/index.php?rest_route=\/wp\/v2\/product\/8275\/revisions"}],"wp:featuredmedia":[{"embeddable":true,"href":"https:\/\/fisio-shop.pt\/index.php?rest_route=\/wp\/v2\/media\/10570"}],"wp:attachment":[{"href":"https:\/\/fisio-shop.pt\/index.php?rest_route=%2Fwp%2Fv2%2Fmedia&parent=8275"}],"wp:term":[{"taxonomy":"product_brand","embeddable":true,"href":"https:\/\/fisio-shop.pt\/index.php?rest_route=%2Fwp%2Fv2%2Fproduct_brand&post=8275"},{"taxonomy":"product_cat","embeddable":true,"href":"https:\/\/fisio-shop.pt\/index.php?rest_route=%2Fwp%2Fv2%2Fproduct_cat&post=8275"},{"taxonomy":"product_tag","embeddable":true,"href":"https:\/\/fisio-shop.pt\/index.php?rest_route=%2Fwp%2Fv2%2Fproduct_tag&post=8275"}],"curies":[{"name":"wp","href":"https:\/\/api.w.org\/{rel}","templated":true}]}}