{"id":8331,"date":"2017-05-31T20:55:06","date_gmt":"2017-05-31T20:55:06","guid":{"rendered":"https:\/\/fisio-shop.pt\/loja\/bh-sistema-dual-leg-extension-leg-curl\/"},"modified":"2026-02-25T19:52:50","modified_gmt":"2026-02-25T19:52:50","slug":"bh-sistema-dual-leg-extension-leg-curl","status":"publish","type":"product","link":"https:\/\/fisio-shop.pt\/?product=bh-sistema-dual-leg-extension-leg-curl","title":{"rendered":"BH SISTEMA DUAL LEG EXTENSION \/ LEG CURL"},"content":{"rendered":"<ul>\n<li>Dual Function:\u00a0Permite a realiza\u00e7\u00e3o de um duplo exerc\u00edcio:<\/li>\n<li>Extens\u00e3o de perna (quadriceps) e curl de perna (femoral);<\/li>\n<li>Ajuste do rolo superior em 7 posi\u00e7\u00f5es diferentes<\/li>\n<li>Ajuste do rolo inferior em 12 posi\u00e7\u00f5es diferentes;<\/li>\n<li>Bra\u00e7o de treino ajust\u00e1vel em 8 posi\u00e7\u00f5es diferentes;<\/li>\n<li>Ajuste da longitude do encosto;<\/li>\n<li>Al\u00e7as laterais;<\/li>\n<li>Bra\u00e7os contrabalan\u00e7ados;<\/li>\n<li>Assento com n\u00facleo de injec\u00e7\u00e3o;<\/li>\n<li>Cabo de a\u00e7o coberto de 5 mm de espessura de alta resist\u00eancia;<\/li>\n<li>Design mediante profundo estudo biomec\u00e2nico;<\/li>\n<li>Estrutura de 4 mil\u00edmetros de espessura em a\u00e7o de qualidade ST-37\/40;<\/li>\n<li>Selectores de placas magnetizados;<\/li>\n<li>Protec\u00e7\u00f5es laterais em poli-carbonato de alta resist\u00eancia;<\/li>\n<li>Elementos de ajuste em amarelo de alto contraste;<\/li>\n<li>Escala visual com indicadores informativos sobre o peso em 3 cores;<\/li>\n<li>Torre de placas com indicadores de peso em kg e em lbs;<\/li>\n<li>Aerodin\u00e2micos dianteiros e traseiros;<\/li>\n<li>Painel gr\u00e1fico explicativo sobre a postura correta para a realiza\u00e7\u00e3o do exerc\u00edcio e os m\u00fasculos implicados no mesmo.<\/li>\n<\/ul>\n<p><strong>Especifica\u00e7\u00f5es t\u00e9cnicas:<\/strong><strong>\u00a0<\/strong><\/p>\n<ul>\n<li>Comprimento: 146 cm;<\/li>\n<li>Largura: 125 cm;<\/li>\n<li>Altura: 152 cm;<\/li>\n<li>Peso: 229 Kg;<\/li>\n<li>Carga: 90 Kg;<\/li>\n<li>Ref: L020;<\/li>\n<li>Marca: BH-Fitness.<\/li>\n<\/ul>\n<p><strong>\u00a0<\/strong><\/p>\n","protected":false},"excerpt":{"rendered":"<p>Permite a realiza\u00e7\u00e3o de um duplo exerc\u00edcio: extens\u00e3o de perna (quadr\u00edceps) e curl de perna (femoral).<\/p>\n","protected":false},"featured_media":10614,"comment_status":"open","ping_status":"closed","template":"","meta":{"rs_blank_template":"","rs_page_bg_color":"","slide_template_v7":""},"product_brand":[],"product_cat":[1791,1812,1397,1399,1400,1401,1413,1417,1733,1741,1742],"product_tag":[],"class_list":{"0":"post-8331","1":"product","2":"type-product","3":"status-publish","4":"has-post-thumbnail","6":"product_cat-equipamentos-de-musculacao","7":"product_cat-fisiologia-do-exercicio","8":"product_cat-saude","9":"product_cat-fitness-e-desporto","10":"product_cat-medicina-fisica-e-desportiva","11":"product_cat-equipamentos-para-medicina-fisica-e-reabilitacao","12":"product_cat-cinesioterapia-medicina-fisica-e-de-reabilitacao","13":"product_cat-equipamento-musculacao-para-reabilitacao","14":"product_cat-equipamento-profissional","15":"product_cat-musculacao","16":"product_cat-equipamentos-de-musculacao-e-resistencia","18":"first","19":"instock","20":"shipping-taxable","21":"purchasable","22":"product-type-simple"},"aioseo_notices":[],"etheme_brands":{"errors":{"invalid_taxonomy":["Taxonomia inv\u00e1lida."]},"error_data":[]},"aioseo_head":"\n\t\t<!-- All in One SEO Pro 4.9.0 - aioseo.com -->\n\t<meta name=\"description\" content=\"Permite a realiza\u00e7\u00e3o de um duplo exerc\u00edcio: extens\u00e3o de perna (quadr\u00edceps) e curl de perna (femoral).\" \/>\n\t<meta name=\"robots\" content=\"max-image-preview:large\" \/>\n\t<link rel=\"canonical\" href=\"https:\/\/fisio-shop.pt\/?product=bh-sistema-dual-leg-extension-leg-curl\" \/>\n\t<meta name=\"generator\" content=\"All in One SEO Pro (AIOSEO) 4.9.0\" \/>\n\t\t<meta property=\"og:locale\" content=\"pt_PT\" \/>\n\t\t<meta property=\"og:site_name\" content=\"Fisio-shop - Empresa especializada na distribui\u00e7\u00e3o de equipamentos profissionais para os mercados da Fisioterapia, Geriatria, Fitness e Medicina Desportiva.\" \/>\n\t\t<meta property=\"og:type\" content=\"article\" \/>\n\t\t<meta property=\"og:title\" content=\"BH SISTEMA DUAL LEG EXTENSION \/ LEG CURL - Fisio-shop\" \/>\n\t\t<meta property=\"og:description\" content=\"Permite a realiza\u00e7\u00e3o de um duplo exerc\u00edcio: extens\u00e3o de perna (quadr\u00edceps) e curl de perna (femoral).\" \/>\n\t\t<meta property=\"og:url\" content=\"https:\/\/fisio-shop.pt\/?product=bh-sistema-dual-leg-extension-leg-curl\" \/>\n\t\t<meta property=\"og:image\" content=\"https:\/\/fisio-shop.pt\/wp-content\/uploads\/2026\/04\/android-chrome-192x192-1.png\" \/>\n\t\t<meta property=\"og:image:secure_url\" content=\"https:\/\/fisio-shop.pt\/wp-content\/uploads\/2026\/04\/android-chrome-192x192-1.png\" \/>\n\t\t<meta property=\"article:published_time\" content=\"2017-05-31T20:55:06+00:00\" \/>\n\t\t<meta property=\"article:modified_time\" content=\"2026-02-25T19:52:50+00:00\" \/>\n\t\t<meta property=\"article:publisher\" content=\"https:\/\/www.facebook.com\/p\/Fisioshop-Comrcio-de-Equipamentos-Lda-100036934916130\/\" \/>\n\t\t<meta name=\"twitter:card\" content=\"summary_large_image\" \/>\n\t\t<meta name=\"twitter:title\" content=\"BH SISTEMA DUAL LEG EXTENSION \/ LEG CURL - Fisio-shop\" \/>\n\t\t<meta name=\"twitter:description\" content=\"Permite a realiza\u00e7\u00e3o de um duplo exerc\u00edcio: extens\u00e3o de perna (quadr\u00edceps) e curl de perna (femoral).\" \/>\n\t\t<meta name=\"twitter:image\" content=\"https:\/\/fisio-shop.pt\/wp-content\/uploads\/2026\/04\/android-chrome-192x192-1.png\" \/>\n\t\t<script type=\"application\/ld+json\" class=\"aioseo-schema\">\n\t\t\t{\"@context\":\"https:\\\/\\\/schema.org\",\"@graph\":[{\"@type\":\"BreadcrumbList\",\"@id\":\"https:\\\/\\\/fisio-shop.pt\\\/?product=bh-sistema-dual-leg-extension-leg-curl#breadcrumblist\",\"itemListElement\":[{\"@type\":\"ListItem\",\"@id\":\"https:\\\/\\\/fisio-shop.pt#listItem\",\"position\":1,\"name\":\"Home\",\"item\":\"https:\\\/\\\/fisio-shop.pt\",\"nextItem\":{\"@type\":\"ListItem\",\"@id\":\"https:\\\/\\\/fisio-shop.pt\\\/?page_id=5#listItem\",\"name\":\"Loja\"}},{\"@type\":\"ListItem\",\"@id\":\"https:\\\/\\\/fisio-shop.pt\\\/?page_id=5#listItem\",\"position\":2,\"name\":\"Loja\",\"item\":\"https:\\\/\\\/fisio-shop.pt\\\/?page_id=5\",\"nextItem\":{\"@type\":\"ListItem\",\"@id\":\"https:\\\/\\\/fisio-shop.pt\\\/?product_cat=saude#listItem\",\"name\":\"Sa\\u00fade\"},\"previousItem\":{\"@type\":\"ListItem\",\"@id\":\"https:\\\/\\\/fisio-shop.pt#listItem\",\"name\":\"Home\"}},{\"@type\":\"ListItem\",\"@id\":\"https:\\\/\\\/fisio-shop.pt\\\/?product_cat=saude#listItem\",\"position\":3,\"name\":\"Sa\\u00fade\",\"item\":\"https:\\\/\\\/fisio-shop.pt\\\/?product_cat=saude\",\"nextItem\":{\"@type\":\"ListItem\",\"@id\":\"https:\\\/\\\/fisio-shop.pt\\\/?product_cat=equipamentos-para-medicina-fisica-e-reabilitacao#listItem\",\"name\":\"Equipamentos para medicina f\\u00edsica e reabilita\\u00e7\\u00e3o\"},\"previousItem\":{\"@type\":\"ListItem\",\"@id\":\"https:\\\/\\\/fisio-shop.pt\\\/?page_id=5#listItem\",\"name\":\"Loja\"}},{\"@type\":\"ListItem\",\"@id\":\"https:\\\/\\\/fisio-shop.pt\\\/?product_cat=equipamentos-para-medicina-fisica-e-reabilitacao#listItem\",\"position\":4,\"name\":\"Equipamentos para medicina f\\u00edsica e reabilita\\u00e7\\u00e3o\",\"item\":\"https:\\\/\\\/fisio-shop.pt\\\/?product_cat=equipamentos-para-medicina-fisica-e-reabilitacao\",\"nextItem\":{\"@type\":\"ListItem\",\"@id\":\"https:\\\/\\\/fisio-shop.pt\\\/?product_cat=cinesioterapia-medicina-fisica-e-de-reabilitacao#listItem\",\"name\":\"Cinesioterapia\"},\"previousItem\":{\"@type\":\"ListItem\",\"@id\":\"https:\\\/\\\/fisio-shop.pt\\\/?product_cat=saude#listItem\",\"name\":\"Sa\\u00fade\"}},{\"@type\":\"ListItem\",\"@id\":\"https:\\\/\\\/fisio-shop.pt\\\/?product_cat=cinesioterapia-medicina-fisica-e-de-reabilitacao#listItem\",\"position\":5,\"name\":\"Cinesioterapia\",\"item\":\"https:\\\/\\\/fisio-shop.pt\\\/?product_cat=cinesioterapia-medicina-fisica-e-de-reabilitacao\",\"nextItem\":{\"@type\":\"ListItem\",\"@id\":\"https:\\\/\\\/fisio-shop.pt\\\/?product_cat=equipamento-musculacao-para-reabilitacao#listItem\",\"name\":\"Equipamentos de muscula\\u00e7\\u00e3o para reabilita\\u00e7\\u00e3o\"},\"previousItem\":{\"@type\":\"ListItem\",\"@id\":\"https:\\\/\\\/fisio-shop.pt\\\/?product_cat=equipamentos-para-medicina-fisica-e-reabilitacao#listItem\",\"name\":\"Equipamentos para medicina f\\u00edsica e reabilita\\u00e7\\u00e3o\"}},{\"@type\":\"ListItem\",\"@id\":\"https:\\\/\\\/fisio-shop.pt\\\/?product_cat=equipamento-musculacao-para-reabilitacao#listItem\",\"position\":6,\"name\":\"Equipamentos de muscula\\u00e7\\u00e3o para reabilita\\u00e7\\u00e3o\",\"item\":\"https:\\\/\\\/fisio-shop.pt\\\/?product_cat=equipamento-musculacao-para-reabilitacao\",\"nextItem\":{\"@type\":\"ListItem\",\"@id\":\"https:\\\/\\\/fisio-shop.pt\\\/?product=bh-sistema-dual-leg-extension-leg-curl#listItem\",\"name\":\"BH SISTEMA DUAL LEG EXTENSION \\\/ LEG CURL\"},\"previousItem\":{\"@type\":\"ListItem\",\"@id\":\"https:\\\/\\\/fisio-shop.pt\\\/?product_cat=cinesioterapia-medicina-fisica-e-de-reabilitacao#listItem\",\"name\":\"Cinesioterapia\"}},{\"@type\":\"ListItem\",\"@id\":\"https:\\\/\\\/fisio-shop.pt\\\/?product=bh-sistema-dual-leg-extension-leg-curl#listItem\",\"position\":7,\"name\":\"BH SISTEMA DUAL LEG EXTENSION \\\/ LEG CURL\",\"previousItem\":{\"@type\":\"ListItem\",\"@id\":\"https:\\\/\\\/fisio-shop.pt\\\/?product_cat=equipamento-musculacao-para-reabilitacao#listItem\",\"name\":\"Equipamentos de muscula\\u00e7\\u00e3o para reabilita\\u00e7\\u00e3o\"}}]},{\"@type\":\"Organization\",\"@id\":\"https:\\\/\\\/fisio-shop.pt\\\/#organization\",\"name\":\"Fisio-shop\",\"description\":\"Empresa especializada na distribui\\u00e7\\u00e3o de equipamentos profissionais para os mercados da Fisioterapia, Geriatria, Fitness e Medicina Desportiva. Empresa especializada na distribui\\u00e7\\u00e3o de equipamentos profissionais para os mercados da Fisioterapia, Geriatria, Fitness e Medicina Desportiva.\",\"url\":\"https:\\\/\\\/fisio-shop.pt\\\/\",\"logo\":{\"@type\":\"ImageObject\",\"url\":\"https:\\\/\\\/fisio-shop.pt\\\/wp-content\\\/uploads\\\/2026\\\/04\\\/android-chrome-192x192-1.png\",\"@id\":\"https:\\\/\\\/fisio-shop.pt\\\/?product=bh-sistema-dual-leg-extension-leg-curl\\\/#organizationLogo\"},\"image\":{\"@id\":\"https:\\\/\\\/fisio-shop.pt\\\/?product=bh-sistema-dual-leg-extension-leg-curl\\\/#organizationLogo\"},\"sameAs\":[\"https:\\\/\\\/www.facebook.com\\\/p\\\/Fisioshop-Comrcio-de-Equipamentos-Lda-100036934916130\\\/\"]},{\"@type\":\"Product\",\"@id\":\"https:\\\/\\\/fisio-shop.pt\\\/?product=bh-sistema-dual-leg-extension-leg-curl#wooCommerceProduct\",\"name\":\"BH SISTEMA DUAL LEG EXTENSION \\\/ LEG CURL\",\"description\":\"Permite a realiza\\u00e7\\u00e3o de um duplo exerc\\u00edcio: extens\\u00e3o de perna (quadr\\u00edceps) e curl de perna (femoral).\",\"url\":\"https:\\\/\\\/fisio-shop.pt\\\/?product=bh-sistema-dual-leg-extension-leg-curl\",\"sku\":\"L020\",\"image\":{\"@type\":\"ImageObject\",\"url\":\"https:\\\/\\\/fisio-shop.pt\\\/wp-content\\\/uploads\\\/2026\\\/02\\\/DUAL-LEG-CURL-E-LEG-EXTENSION-2.jpg\",\"@id\":\"https:\\\/\\\/fisio-shop.pt\\\/?product=bh-sistema-dual-leg-extension-leg-curl\\\/#productImage\",\"width\":740,\"height\":850},\"offers\":{\"@type\":\"Offer\",\"url\":\"https:\\\/\\\/fisio-shop.pt\\\/?product=bh-sistema-dual-leg-extension-leg-curl#wooCommerceOffer\",\"price\":4475.88,\"priceCurrency\":\"EUR\",\"category\":\"Sa\\u00fade\",\"availability\":\"https:\\\/\\\/schema.org\\\/InStock\",\"priceSpecification\":{\"@type\":\"PriceSpecification\",\"price\":4475.88,\"priceCurrency\":\"EUR\",\"valueAddedTaxIncluded\":\"true\"},\"seller\":{\"@type\":\"Organization\",\"@id\":\"https:\\\/\\\/fisio-shop.pt\\\/#organization\"}}},{\"@type\":\"WebPage\",\"@id\":\"https:\\\/\\\/fisio-shop.pt\\\/?product=bh-sistema-dual-leg-extension-leg-curl#webpage\",\"url\":\"https:\\\/\\\/fisio-shop.pt\\\/?product=bh-sistema-dual-leg-extension-leg-curl\",\"name\":\"BH SISTEMA DUAL LEG EXTENSION \\\/ LEG CURL - Fisio-shop\",\"description\":\"Permite a realiza\\u00e7\\u00e3o de um duplo exerc\\u00edcio: extens\\u00e3o de perna (quadr\\u00edceps) e curl de perna (femoral).\",\"inLanguage\":\"pt-PT\",\"isPartOf\":{\"@id\":\"https:\\\/\\\/fisio-shop.pt\\\/#website\"},\"breadcrumb\":{\"@id\":\"https:\\\/\\\/fisio-shop.pt\\\/?product=bh-sistema-dual-leg-extension-leg-curl#breadcrumblist\"},\"image\":{\"@type\":\"ImageObject\",\"url\":\"https:\\\/\\\/fisio-shop.pt\\\/wp-content\\\/uploads\\\/2026\\\/02\\\/DUAL-LEG-CURL-E-LEG-EXTENSION-2.jpg\",\"@id\":\"https:\\\/\\\/fisio-shop.pt\\\/?product=bh-sistema-dual-leg-extension-leg-curl\\\/#mainImage\",\"width\":740,\"height\":850},\"primaryImageOfPage\":{\"@id\":\"https:\\\/\\\/fisio-shop.pt\\\/?product=bh-sistema-dual-leg-extension-leg-curl#mainImage\"},\"datePublished\":\"2017-05-31T20:55:06+00:00\",\"dateModified\":\"2026-02-25T19:52:50+00:00\"},{\"@type\":\"WebSite\",\"@id\":\"https:\\\/\\\/fisio-shop.pt\\\/#website\",\"url\":\"https:\\\/\\\/fisio-shop.pt\\\/\",\"name\":\"Fisio-shop\",\"description\":\"Empresa especializada na distribui\\u00e7\\u00e3o de equipamentos profissionais para os mercados da Fisioterapia, Geriatria, Fitness e Medicina Desportiva.\",\"inLanguage\":\"pt-PT\",\"publisher\":{\"@id\":\"https:\\\/\\\/fisio-shop.pt\\\/#organization\"}}]}\n\t\t<\/script>\n\t\t<!-- All in One SEO Pro -->\r\n\t\t<title>BH SISTEMA DUAL LEG EXTENSION \/ LEG CURL - Fisio-shop<\/title>\n\n","aioseo_head_json":{"title":"BH SISTEMA DUAL LEG EXTENSION \/ LEG CURL - Fisio-shop","description":"Permite a realiza\u00e7\u00e3o de um duplo exerc\u00edcio: extens\u00e3o de perna (quadr\u00edceps) e curl de perna (femoral).","canonical_url":"https:\/\/fisio-shop.pt\/?product=bh-sistema-dual-leg-extension-leg-curl","robots":"max-image-preview:large","keywords":"","webmasterTools":{"miscellaneous":""},"schema":{"@context":"https:\/\/schema.org","@graph":[{"@type":"BreadcrumbList","@id":"https:\/\/fisio-shop.pt\/?product=bh-sistema-dual-leg-extension-leg-curl#breadcrumblist","itemListElement":[{"@type":"ListItem","@id":"https:\/\/fisio-shop.pt#listItem","position":1,"name":"Home","item":"https:\/\/fisio-shop.pt","nextItem":{"@type":"ListItem","@id":"https:\/\/fisio-shop.pt\/?page_id=5#listItem","name":"Loja"}},{"@type":"ListItem","@id":"https:\/\/fisio-shop.pt\/?page_id=5#listItem","position":2,"name":"Loja","item":"https:\/\/fisio-shop.pt\/?page_id=5","nextItem":{"@type":"ListItem","@id":"https:\/\/fisio-shop.pt\/?product_cat=saude#listItem","name":"Sa\u00fade"},"previousItem":{"@type":"ListItem","@id":"https:\/\/fisio-shop.pt#listItem","name":"Home"}},{"@type":"ListItem","@id":"https:\/\/fisio-shop.pt\/?product_cat=saude#listItem","position":3,"name":"Sa\u00fade","item":"https:\/\/fisio-shop.pt\/?product_cat=saude","nextItem":{"@type":"ListItem","@id":"https:\/\/fisio-shop.pt\/?product_cat=equipamentos-para-medicina-fisica-e-reabilitacao#listItem","name":"Equipamentos para medicina f\u00edsica e reabilita\u00e7\u00e3o"},"previousItem":{"@type":"ListItem","@id":"https:\/\/fisio-shop.pt\/?page_id=5#listItem","name":"Loja"}},{"@type":"ListItem","@id":"https:\/\/fisio-shop.pt\/?product_cat=equipamentos-para-medicina-fisica-e-reabilitacao#listItem","position":4,"name":"Equipamentos para medicina f\u00edsica e reabilita\u00e7\u00e3o","item":"https:\/\/fisio-shop.pt\/?product_cat=equipamentos-para-medicina-fisica-e-reabilitacao","nextItem":{"@type":"ListItem","@id":"https:\/\/fisio-shop.pt\/?product_cat=cinesioterapia-medicina-fisica-e-de-reabilitacao#listItem","name":"Cinesioterapia"},"previousItem":{"@type":"ListItem","@id":"https:\/\/fisio-shop.pt\/?product_cat=saude#listItem","name":"Sa\u00fade"}},{"@type":"ListItem","@id":"https:\/\/fisio-shop.pt\/?product_cat=cinesioterapia-medicina-fisica-e-de-reabilitacao#listItem","position":5,"name":"Cinesioterapia","item":"https:\/\/fisio-shop.pt\/?product_cat=cinesioterapia-medicina-fisica-e-de-reabilitacao","nextItem":{"@type":"ListItem","@id":"https:\/\/fisio-shop.pt\/?product_cat=equipamento-musculacao-para-reabilitacao#listItem","name":"Equipamentos de muscula\u00e7\u00e3o para reabilita\u00e7\u00e3o"},"previousItem":{"@type":"ListItem","@id":"https:\/\/fisio-shop.pt\/?product_cat=equipamentos-para-medicina-fisica-e-reabilitacao#listItem","name":"Equipamentos para medicina f\u00edsica e reabilita\u00e7\u00e3o"}},{"@type":"ListItem","@id":"https:\/\/fisio-shop.pt\/?product_cat=equipamento-musculacao-para-reabilitacao#listItem","position":6,"name":"Equipamentos de muscula\u00e7\u00e3o para reabilita\u00e7\u00e3o","item":"https:\/\/fisio-shop.pt\/?product_cat=equipamento-musculacao-para-reabilitacao","nextItem":{"@type":"ListItem","@id":"https:\/\/fisio-shop.pt\/?product=bh-sistema-dual-leg-extension-leg-curl#listItem","name":"BH SISTEMA DUAL LEG EXTENSION \/ LEG CURL"},"previousItem":{"@type":"ListItem","@id":"https:\/\/fisio-shop.pt\/?product_cat=cinesioterapia-medicina-fisica-e-de-reabilitacao#listItem","name":"Cinesioterapia"}},{"@type":"ListItem","@id":"https:\/\/fisio-shop.pt\/?product=bh-sistema-dual-leg-extension-leg-curl#listItem","position":7,"name":"BH SISTEMA DUAL LEG EXTENSION \/ LEG CURL","previousItem":{"@type":"ListItem","@id":"https:\/\/fisio-shop.pt\/?product_cat=equipamento-musculacao-para-reabilitacao#listItem","name":"Equipamentos de muscula\u00e7\u00e3o para reabilita\u00e7\u00e3o"}}]},{"@type":"Organization","@id":"https:\/\/fisio-shop.pt\/#organization","name":"Fisio-shop","description":"Empresa especializada na distribui\u00e7\u00e3o de equipamentos profissionais para os mercados da Fisioterapia, Geriatria, Fitness e Medicina Desportiva. Empresa especializada na distribui\u00e7\u00e3o de equipamentos profissionais para os mercados da Fisioterapia, Geriatria, Fitness e Medicina Desportiva.","url":"https:\/\/fisio-shop.pt\/","logo":{"@type":"ImageObject","url":"https:\/\/fisio-shop.pt\/wp-content\/uploads\/2026\/04\/android-chrome-192x192-1.png","@id":"https:\/\/fisio-shop.pt\/?product=bh-sistema-dual-leg-extension-leg-curl\/#organizationLogo"},"image":{"@id":"https:\/\/fisio-shop.pt\/?product=bh-sistema-dual-leg-extension-leg-curl\/#organizationLogo"},"sameAs":["https:\/\/www.facebook.com\/p\/Fisioshop-Comrcio-de-Equipamentos-Lda-100036934916130\/"]},{"@type":"Product","@id":"https:\/\/fisio-shop.pt\/?product=bh-sistema-dual-leg-extension-leg-curl#wooCommerceProduct","name":"BH SISTEMA DUAL LEG EXTENSION \/ LEG CURL","description":"Permite a realiza\u00e7\u00e3o de um duplo exerc\u00edcio: extens\u00e3o de perna (quadr\u00edceps) e curl de perna (femoral).","url":"https:\/\/fisio-shop.pt\/?product=bh-sistema-dual-leg-extension-leg-curl","sku":"L020","image":{"@type":"ImageObject","url":"https:\/\/fisio-shop.pt\/wp-content\/uploads\/2026\/02\/DUAL-LEG-CURL-E-LEG-EXTENSION-2.jpg","@id":"https:\/\/fisio-shop.pt\/?product=bh-sistema-dual-leg-extension-leg-curl\/#productImage","width":740,"height":850},"offers":{"@type":"Offer","url":"https:\/\/fisio-shop.pt\/?product=bh-sistema-dual-leg-extension-leg-curl#wooCommerceOffer","price":4475.88,"priceCurrency":"EUR","category":"Sa\u00fade","availability":"https:\/\/schema.org\/InStock","priceSpecification":{"@type":"PriceSpecification","price":4475.88,"priceCurrency":"EUR","valueAddedTaxIncluded":"true"},"seller":{"@type":"Organization","@id":"https:\/\/fisio-shop.pt\/#organization"}}},{"@type":"WebPage","@id":"https:\/\/fisio-shop.pt\/?product=bh-sistema-dual-leg-extension-leg-curl#webpage","url":"https:\/\/fisio-shop.pt\/?product=bh-sistema-dual-leg-extension-leg-curl","name":"BH SISTEMA DUAL LEG EXTENSION \/ LEG CURL - Fisio-shop","description":"Permite a realiza\u00e7\u00e3o de um duplo exerc\u00edcio: extens\u00e3o de perna (quadr\u00edceps) e curl de perna (femoral).","inLanguage":"pt-PT","isPartOf":{"@id":"https:\/\/fisio-shop.pt\/#website"},"breadcrumb":{"@id":"https:\/\/fisio-shop.pt\/?product=bh-sistema-dual-leg-extension-leg-curl#breadcrumblist"},"image":{"@type":"ImageObject","url":"https:\/\/fisio-shop.pt\/wp-content\/uploads\/2026\/02\/DUAL-LEG-CURL-E-LEG-EXTENSION-2.jpg","@id":"https:\/\/fisio-shop.pt\/?product=bh-sistema-dual-leg-extension-leg-curl\/#mainImage","width":740,"height":850},"primaryImageOfPage":{"@id":"https:\/\/fisio-shop.pt\/?product=bh-sistema-dual-leg-extension-leg-curl#mainImage"},"datePublished":"2017-05-31T20:55:06+00:00","dateModified":"2026-02-25T19:52:50+00:00"},{"@type":"WebSite","@id":"https:\/\/fisio-shop.pt\/#website","url":"https:\/\/fisio-shop.pt\/","name":"Fisio-shop","description":"Empresa especializada na distribui\u00e7\u00e3o de equipamentos profissionais para os mercados da Fisioterapia, Geriatria, Fitness e Medicina Desportiva.","inLanguage":"pt-PT","publisher":{"@id":"https:\/\/fisio-shop.pt\/#organization"}}]},"og:locale":"pt_PT","og:site_name":"Fisio-shop - Empresa especializada na distribui\u00e7\u00e3o de equipamentos profissionais para os mercados da Fisioterapia, Geriatria, Fitness e Medicina Desportiva.","og:type":"article","og:title":"BH SISTEMA DUAL LEG EXTENSION \/ LEG CURL - Fisio-shop","og:description":"Permite a realiza\u00e7\u00e3o de um duplo exerc\u00edcio: extens\u00e3o de perna (quadr\u00edceps) e curl de perna (femoral).","og:url":"https:\/\/fisio-shop.pt\/?product=bh-sistema-dual-leg-extension-leg-curl","og:image":"https:\/\/fisio-shop.pt\/wp-content\/uploads\/2026\/04\/android-chrome-192x192-1.png","og:image:secure_url":"https:\/\/fisio-shop.pt\/wp-content\/uploads\/2026\/04\/android-chrome-192x192-1.png","article:published_time":"2017-05-31T20:55:06+00:00","article:modified_time":"2026-02-25T19:52:50+00:00","article:publisher":"https:\/\/www.facebook.com\/p\/Fisioshop-Comrcio-de-Equipamentos-Lda-100036934916130\/","twitter:card":"summary_large_image","twitter:title":"BH SISTEMA DUAL LEG EXTENSION \/ LEG CURL - Fisio-shop","twitter:description":"Permite a realiza\u00e7\u00e3o de um duplo exerc\u00edcio: extens\u00e3o de perna (quadr\u00edceps) e curl de perna (femoral).","twitter:image":"https:\/\/fisio-shop.pt\/wp-content\/uploads\/2026\/04\/android-chrome-192x192-1.png"},"aioseo_meta_data":{"post_id":"8331","title":null,"description":null,"keywords":null,"keyphrases":null,"primary_term":null,"canonical_url":null,"og_title":null,"og_description":null,"og_object_type":"default","og_image_type":"default","og_image_url":null,"og_image_width":null,"og_image_height":null,"og_image_custom_url":null,"og_image_custom_fields":null,"og_video":null,"og_custom_url":null,"og_article_section":null,"og_article_tags":null,"twitter_use_og":false,"twitter_card":"default","twitter_image_type":"default","twitter_image_url":null,"twitter_image_custom_url":null,"twitter_image_custom_fields":null,"twitter_title":null,"twitter_description":null,"schema":{"blockGraphs":[],"customGraphs":[],"default":{"data":{"Article":[],"Course":[],"Dataset":[],"FAQPage":[],"Movie":[],"Person":[],"Product":[],"ProductReview":[],"Car":[],"Recipe":[],"Service":[],"SoftwareApplication":[],"WebPage":[]},"graphName":"","isEnabled":true},"graphs":[]},"schema_type":"default","schema_type_options":null,"pillar_content":false,"robots_default":true,"robots_noindex":false,"robots_noarchive":false,"robots_nosnippet":false,"robots_nofollow":false,"robots_noimageindex":false,"robots_noodp":false,"robots_notranslate":false,"robots_max_snippet":null,"robots_max_videopreview":null,"robots_max_imagepreview":"large","priority":null,"frequency":null,"local_seo":null,"seo_analyzer_scan_date":"2026-04-18 09:22:58","breadcrumb_settings":null,"limit_modified_date":false,"open_ai":null,"ai":null,"created":"2026-04-18 07:02:18","updated":"2026-04-18 21:30:32"},"aioseo_breadcrumb":"<div class=\"aioseo-breadcrumbs\"><span class=\"aioseo-breadcrumb\">\n\t<a href=\"https:\/\/fisio-shop.pt\" title=\"Home\">Home<\/a>\n<\/span><span class=\"aioseo-breadcrumb-separator\">\u00bb<\/span><span class=\"aioseo-breadcrumb\">\n\t<a href=\"https:\/\/fisio-shop.pt\/?page_id=5\" title=\"Loja\">Loja<\/a>\n<\/span><span class=\"aioseo-breadcrumb-separator\">\u00bb<\/span><span class=\"aioseo-breadcrumb\">\n\t<a href=\"https:\/\/fisio-shop.pt\/?product_cat=saude\" title=\"Sa\u00fade\">Sa\u00fade<\/a>\n<\/span><span class=\"aioseo-breadcrumb-separator\">\u00bb<\/span><span class=\"aioseo-breadcrumb\">\n\t<a href=\"https:\/\/fisio-shop.pt\/?product_cat=equipamentos-para-medicina-fisica-e-reabilitacao\" title=\"Equipamentos para medicina f\u00edsica e reabilita\u00e7\u00e3o\">Equipamentos para medicina f\u00edsica e reabilita\u00e7\u00e3o<\/a>\n<\/span><span class=\"aioseo-breadcrumb-separator\">\u00bb<\/span><span class=\"aioseo-breadcrumb\">\n\t<a href=\"https:\/\/fisio-shop.pt\/?product_cat=cinesioterapia-medicina-fisica-e-de-reabilitacao\" title=\"Cinesioterapia\">Cinesioterapia<\/a>\n<\/span><span class=\"aioseo-breadcrumb-separator\">\u00bb<\/span><span class=\"aioseo-breadcrumb\">\n\t<a href=\"https:\/\/fisio-shop.pt\/?product_cat=equipamento-musculacao-para-reabilitacao\" title=\"Equipamentos de muscula\u00e7\u00e3o para reabilita\u00e7\u00e3o\">Equipamentos de muscula\u00e7\u00e3o para reabilita\u00e7\u00e3o<\/a>\n<\/span><span class=\"aioseo-breadcrumb-separator\">\u00bb<\/span><span class=\"aioseo-breadcrumb\">\n\tBH SISTEMA DUAL LEG EXTENSION \/ LEG CURL\n<\/span><\/div>","aioseo_breadcrumb_json":[{"label":"Home","link":"https:\/\/fisio-shop.pt"},{"label":"Loja","link":"https:\/\/fisio-shop.pt\/?page_id=5"},{"label":"Sa\u00fade","link":"https:\/\/fisio-shop.pt\/?product_cat=saude"},{"label":"Equipamentos para medicina f\u00edsica e reabilita\u00e7\u00e3o","link":"https:\/\/fisio-shop.pt\/?product_cat=equipamentos-para-medicina-fisica-e-reabilitacao"},{"label":"Cinesioterapia","link":"https:\/\/fisio-shop.pt\/?product_cat=cinesioterapia-medicina-fisica-e-de-reabilitacao"},{"label":"Equipamentos de muscula\u00e7\u00e3o para reabilita\u00e7\u00e3o","link":"https:\/\/fisio-shop.pt\/?product_cat=equipamento-musculacao-para-reabilitacao"},{"label":"BH SISTEMA DUAL LEG EXTENSION \/ LEG CURL","link":"https:\/\/fisio-shop.pt\/?product=bh-sistema-dual-leg-extension-leg-curl"}],"_links":{"self":[{"href":"https:\/\/fisio-shop.pt\/index.php?rest_route=\/wp\/v2\/product\/8331","targetHints":{"allow":["GET"]}}],"collection":[{"href":"https:\/\/fisio-shop.pt\/index.php?rest_route=\/wp\/v2\/product"}],"about":[{"href":"https:\/\/fisio-shop.pt\/index.php?rest_route=\/wp\/v2\/types\/product"}],"replies":[{"embeddable":true,"href":"https:\/\/fisio-shop.pt\/index.php?rest_route=%2Fwp%2Fv2%2Fcomments&post=8331"}],"version-history":[{"count":0,"href":"https:\/\/fisio-shop.pt\/index.php?rest_route=\/wp\/v2\/product\/8331\/revisions"}],"wp:featuredmedia":[{"embeddable":true,"href":"https:\/\/fisio-shop.pt\/index.php?rest_route=\/wp\/v2\/media\/10614"}],"wp:attachment":[{"href":"https:\/\/fisio-shop.pt\/index.php?rest_route=%2Fwp%2Fv2%2Fmedia&parent=8331"}],"wp:term":[{"taxonomy":"product_brand","embeddable":true,"href":"https:\/\/fisio-shop.pt\/index.php?rest_route=%2Fwp%2Fv2%2Fproduct_brand&post=8331"},{"taxonomy":"product_cat","embeddable":true,"href":"https:\/\/fisio-shop.pt\/index.php?rest_route=%2Fwp%2Fv2%2Fproduct_cat&post=8331"},{"taxonomy":"product_tag","embeddable":true,"href":"https:\/\/fisio-shop.pt\/index.php?rest_route=%2Fwp%2Fv2%2Fproduct_tag&post=8331"}],"curies":[{"name":"wp","href":"https:\/\/api.w.org\/{rel}","templated":true}]}}