{"id":8445,"date":"2017-06-05T13:41:06","date_gmt":"2017-06-05T13:41:06","guid":{"rendered":"https:\/\/fisio-shop.pt\/loja\/plano-inclinadomesa-de-verticalizacao\/"},"modified":"2026-02-25T19:53:42","modified_gmt":"2026-02-25T19:53:42","slug":"plano-inclinadomesa-de-verticalizacao","status":"publish","type":"product","link":"https:\/\/fisio-shop.pt\/?product=plano-inclinadomesa-de-verticalizacao","title":{"rendered":"PLANO INCLINADO\/MESA DE VERTICALIZA\u00c7\u00c3O"},"content":{"rendered":"<ul>\n<li>Estrutura em tubo de a\u00e7o macio;<\/li>\n<li>Pintura epoxy;<\/li>\n<li>Estofo em espuma de alta densidade;<\/li>\n<li>Ajuste de inclina\u00e7\u00e3o do leito atrav\u00e9s de motor com comando de p\u00e9 entre os 0\u00ba e os 90\u00ba;<\/li>\n<li>Apoio de p\u00e9s com ajuste de inclina\u00e7\u00e3o independente;<\/li>\n<li>\u00c2ngulos poss\u00edveis -20\u00ba, 0\u00ba e +20\u00ba;<\/li>\n<li>Rodas com sistema de imobiliza\u00e7\u00e3o;<\/li>\n<li>Guias laterais para coloca\u00e7\u00e3o de acess\u00f3rios;<\/li>\n<li>Cont\u00e9m 3 cintas de seguran\u00e7a ajust\u00e1veis por velcro;<\/li>\n<li>Cont\u00e9m angul\u00f3metro para verifica\u00e7\u00e3o de amplitude do leito;<\/li>\n<li>Dimens\u00f5es: 2000x650x560 mm.<\/li>\n<\/ul>\n<p>&nbsp;<\/p>\n","protected":false},"excerpt":{"rendered":"<p>Plano inclinado \/ mesa de verticaliza\u00e7\u00e3o com altura fixa.<\/p>\n","protected":false},"featured_media":10743,"comment_status":"open","ping_status":"closed","template":"","meta":{"rs_blank_template":"","rs_page_bg_color":"","slide_template_v7":""},"product_brand":[],"product_cat":[1397,1401,1413,1422,1460,1477,1479,1856],"product_tag":[],"class_list":{"0":"post-8445","1":"product","2":"type-product","3":"status-publish","4":"has-post-thumbnail","6":"product_cat-saude","7":"product_cat-equipamentos-para-medicina-fisica-e-reabilitacao","8":"product_cat-cinesioterapia-medicina-fisica-e-de-reabilitacao","9":"product_cat-mesas-de-verticalizacao-standing-frames-e-mesas-de-reabilitacao","10":"product_cat-equipamento-clinico-hospitalar-e-de-enfermagem","11":"product_cat-equipamento-e-mobiliario-clinico","12":"product_cat-marquesas","13":"product_cat-marquesas-de-tratamento","15":"first","16":"instock","17":"shipping-taxable","18":"product-type-simple"},"aioseo_notices":[],"etheme_brands":{"errors":{"invalid_taxonomy":["Taxonomia inv\u00e1lida."]},"error_data":[]},"aioseo_head":"\n\t\t<!-- All in One SEO Pro 4.9.0 - aioseo.com -->\n\t<meta name=\"description\" content=\"Plano inclinado \/ mesa de verticaliza\u00e7\u00e3o com altura fixa.\" \/>\n\t<meta name=\"robots\" content=\"max-image-preview:large\" \/>\n\t<link rel=\"canonical\" href=\"https:\/\/fisio-shop.pt\/?product=plano-inclinadomesa-de-verticalizacao\" \/>\n\t<meta name=\"generator\" content=\"All in One SEO Pro (AIOSEO) 4.9.0\" \/>\n\t\t<meta property=\"og:locale\" content=\"pt_PT\" \/>\n\t\t<meta property=\"og:site_name\" content=\"Fisio-shop - Empresa especializada na distribui\u00e7\u00e3o de equipamentos profissionais para os mercados da Fisioterapia, Geriatria, Fitness e Medicina Desportiva.\" \/>\n\t\t<meta property=\"og:type\" content=\"article\" \/>\n\t\t<meta property=\"og:title\" content=\"PLANO INCLINADO\/MESA DE VERTICALIZA\u00c7\u00c3O - Fisio-shop\" \/>\n\t\t<meta property=\"og:description\" content=\"Plano inclinado \/ mesa de verticaliza\u00e7\u00e3o com altura fixa.\" \/>\n\t\t<meta property=\"og:url\" content=\"https:\/\/fisio-shop.pt\/?product=plano-inclinadomesa-de-verticalizacao\" \/>\n\t\t<meta property=\"og:image\" content=\"https:\/\/fisio-shop.pt\/wp-content\/uploads\/2026\/04\/android-chrome-192x192-1.png\" \/>\n\t\t<meta property=\"og:image:secure_url\" content=\"https:\/\/fisio-shop.pt\/wp-content\/uploads\/2026\/04\/android-chrome-192x192-1.png\" \/>\n\t\t<meta property=\"article:published_time\" content=\"2017-06-05T13:41:06+00:00\" \/>\n\t\t<meta property=\"article:modified_time\" content=\"2026-02-25T19:53:42+00:00\" \/>\n\t\t<meta property=\"article:publisher\" content=\"https:\/\/www.facebook.com\/p\/Fisioshop-Comrcio-de-Equipamentos-Lda-100036934916130\/\" \/>\n\t\t<meta name=\"twitter:card\" content=\"summary_large_image\" \/>\n\t\t<meta name=\"twitter:title\" content=\"PLANO INCLINADO\/MESA DE VERTICALIZA\u00c7\u00c3O - Fisio-shop\" \/>\n\t\t<meta name=\"twitter:description\" content=\"Plano inclinado \/ mesa de verticaliza\u00e7\u00e3o com altura fixa.\" \/>\n\t\t<meta name=\"twitter:image\" content=\"https:\/\/fisio-shop.pt\/wp-content\/uploads\/2026\/04\/android-chrome-192x192-1.png\" \/>\n\t\t<script type=\"application\/ld+json\" class=\"aioseo-schema\">\n\t\t\t{\"@context\":\"https:\\\/\\\/schema.org\",\"@graph\":[{\"@type\":\"BreadcrumbList\",\"@id\":\"https:\\\/\\\/fisio-shop.pt\\\/?product=plano-inclinadomesa-de-verticalizacao#breadcrumblist\",\"itemListElement\":[{\"@type\":\"ListItem\",\"@id\":\"https:\\\/\\\/fisio-shop.pt#listItem\",\"position\":1,\"name\":\"Home\",\"item\":\"https:\\\/\\\/fisio-shop.pt\",\"nextItem\":{\"@type\":\"ListItem\",\"@id\":\"https:\\\/\\\/fisio-shop.pt\\\/?page_id=5#listItem\",\"name\":\"Loja\"}},{\"@type\":\"ListItem\",\"@id\":\"https:\\\/\\\/fisio-shop.pt\\\/?page_id=5#listItem\",\"position\":2,\"name\":\"Loja\",\"item\":\"https:\\\/\\\/fisio-shop.pt\\\/?page_id=5\",\"nextItem\":{\"@type\":\"ListItem\",\"@id\":\"https:\\\/\\\/fisio-shop.pt\\\/?product_cat=saude#listItem\",\"name\":\"Sa\\u00fade\"},\"previousItem\":{\"@type\":\"ListItem\",\"@id\":\"https:\\\/\\\/fisio-shop.pt#listItem\",\"name\":\"Home\"}},{\"@type\":\"ListItem\",\"@id\":\"https:\\\/\\\/fisio-shop.pt\\\/?product_cat=saude#listItem\",\"position\":3,\"name\":\"Sa\\u00fade\",\"item\":\"https:\\\/\\\/fisio-shop.pt\\\/?product_cat=saude\",\"nextItem\":{\"@type\":\"ListItem\",\"@id\":\"https:\\\/\\\/fisio-shop.pt\\\/?product_cat=equipamento-clinico-hospitalar-e-de-enfermagem#listItem\",\"name\":\"Equipamento cl\\u00ednico, hospitalar e de enfermagem\"},\"previousItem\":{\"@type\":\"ListItem\",\"@id\":\"https:\\\/\\\/fisio-shop.pt\\\/?page_id=5#listItem\",\"name\":\"Loja\"}},{\"@type\":\"ListItem\",\"@id\":\"https:\\\/\\\/fisio-shop.pt\\\/?product_cat=equipamento-clinico-hospitalar-e-de-enfermagem#listItem\",\"position\":4,\"name\":\"Equipamento cl\\u00ednico, hospitalar e de enfermagem\",\"item\":\"https:\\\/\\\/fisio-shop.pt\\\/?product_cat=equipamento-clinico-hospitalar-e-de-enfermagem\",\"nextItem\":{\"@type\":\"ListItem\",\"@id\":\"https:\\\/\\\/fisio-shop.pt\\\/?product_cat=equipamento-e-mobiliario-clinico#listItem\",\"name\":\"Equipamento e mobili\\u00e1rio cl\\u00ednico\"},\"previousItem\":{\"@type\":\"ListItem\",\"@id\":\"https:\\\/\\\/fisio-shop.pt\\\/?product_cat=saude#listItem\",\"name\":\"Sa\\u00fade\"}},{\"@type\":\"ListItem\",\"@id\":\"https:\\\/\\\/fisio-shop.pt\\\/?product_cat=equipamento-e-mobiliario-clinico#listItem\",\"position\":5,\"name\":\"Equipamento e mobili\\u00e1rio cl\\u00ednico\",\"item\":\"https:\\\/\\\/fisio-shop.pt\\\/?product_cat=equipamento-e-mobiliario-clinico\",\"nextItem\":{\"@type\":\"ListItem\",\"@id\":\"https:\\\/\\\/fisio-shop.pt\\\/?product_cat=marquesas#listItem\",\"name\":\"Marquesas\"},\"previousItem\":{\"@type\":\"ListItem\",\"@id\":\"https:\\\/\\\/fisio-shop.pt\\\/?product_cat=equipamento-clinico-hospitalar-e-de-enfermagem#listItem\",\"name\":\"Equipamento cl\\u00ednico, hospitalar e de enfermagem\"}},{\"@type\":\"ListItem\",\"@id\":\"https:\\\/\\\/fisio-shop.pt\\\/?product_cat=marquesas#listItem\",\"position\":6,\"name\":\"Marquesas\",\"item\":\"https:\\\/\\\/fisio-shop.pt\\\/?product_cat=marquesas\",\"nextItem\":{\"@type\":\"ListItem\",\"@id\":\"https:\\\/\\\/fisio-shop.pt\\\/?product_cat=marquesas-de-tratamento#listItem\",\"name\":\"Marquesas de tratamento\"},\"previousItem\":{\"@type\":\"ListItem\",\"@id\":\"https:\\\/\\\/fisio-shop.pt\\\/?product_cat=equipamento-e-mobiliario-clinico#listItem\",\"name\":\"Equipamento e mobili\\u00e1rio cl\\u00ednico\"}},{\"@type\":\"ListItem\",\"@id\":\"https:\\\/\\\/fisio-shop.pt\\\/?product_cat=marquesas-de-tratamento#listItem\",\"position\":7,\"name\":\"Marquesas de tratamento\",\"item\":\"https:\\\/\\\/fisio-shop.pt\\\/?product_cat=marquesas-de-tratamento\",\"nextItem\":{\"@type\":\"ListItem\",\"@id\":\"https:\\\/\\\/fisio-shop.pt\\\/?product=plano-inclinadomesa-de-verticalizacao#listItem\",\"name\":\"PLANO INCLINADO\\\/MESA DE VERTICALIZA\\u00c7\\u00c3O\"},\"previousItem\":{\"@type\":\"ListItem\",\"@id\":\"https:\\\/\\\/fisio-shop.pt\\\/?product_cat=marquesas#listItem\",\"name\":\"Marquesas\"}},{\"@type\":\"ListItem\",\"@id\":\"https:\\\/\\\/fisio-shop.pt\\\/?product=plano-inclinadomesa-de-verticalizacao#listItem\",\"position\":8,\"name\":\"PLANO INCLINADO\\\/MESA DE VERTICALIZA\\u00c7\\u00c3O\",\"previousItem\":{\"@type\":\"ListItem\",\"@id\":\"https:\\\/\\\/fisio-shop.pt\\\/?product_cat=marquesas-de-tratamento#listItem\",\"name\":\"Marquesas de tratamento\"}}]},{\"@type\":\"Organization\",\"@id\":\"https:\\\/\\\/fisio-shop.pt\\\/#organization\",\"name\":\"Fisio-shop\",\"description\":\"Empresa especializada na distribui\\u00e7\\u00e3o de equipamentos profissionais para os mercados da Fisioterapia, Geriatria, Fitness e Medicina Desportiva. Empresa especializada na distribui\\u00e7\\u00e3o de equipamentos profissionais para os mercados da Fisioterapia, Geriatria, Fitness e Medicina Desportiva.\",\"url\":\"https:\\\/\\\/fisio-shop.pt\\\/\",\"logo\":{\"@type\":\"ImageObject\",\"url\":\"https:\\\/\\\/fisio-shop.pt\\\/wp-content\\\/uploads\\\/2026\\\/04\\\/android-chrome-192x192-1.png\",\"@id\":\"https:\\\/\\\/fisio-shop.pt\\\/?product=plano-inclinadomesa-de-verticalizacao\\\/#organizationLogo\"},\"image\":{\"@id\":\"https:\\\/\\\/fisio-shop.pt\\\/?product=plano-inclinadomesa-de-verticalizacao\\\/#organizationLogo\"},\"sameAs\":[\"https:\\\/\\\/www.facebook.com\\\/p\\\/Fisioshop-Comrcio-de-Equipamentos-Lda-100036934916130\\\/\"]},{\"@type\":\"Product\",\"@id\":\"https:\\\/\\\/fisio-shop.pt\\\/?product=plano-inclinadomesa-de-verticalizacao#wooCommerceProduct\",\"name\":\"PLANO INCLINADO\\\/MESA DE VERTICALIZA\\u00c7\\u00c3O\",\"description\":\"Plano inclinado \\\/ mesa de verticaliza\\u00e7\\u00e3o com altura fixa.\",\"url\":\"https:\\\/\\\/fisio-shop.pt\\\/?product=plano-inclinadomesa-de-verticalizacao\",\"sku\":\"HCS-FIPI.001\",\"image\":{\"@type\":\"ImageObject\",\"url\":\"https:\\\/\\\/fisio-shop.pt\\\/wp-content\\\/uploads\\\/2026\\\/02\\\/PLANO-INCLINADO-2.jpg\",\"@id\":\"https:\\\/\\\/fisio-shop.pt\\\/?product=plano-inclinadomesa-de-verticalizacao\\\/#productImage\",\"width\":507,\"height\":550},\"offers\":{\"@type\":\"Offer\",\"url\":\"https:\\\/\\\/fisio-shop.pt\\\/?product=plano-inclinadomesa-de-verticalizacao#wooCommerceOffer\",\"price\":0,\"priceCurrency\":\"EUR\",\"category\":\"Sa\\u00fade\",\"availability\":\"https:\\\/\\\/schema.org\\\/InStock\",\"seller\":{\"@type\":\"Organization\",\"@id\":\"https:\\\/\\\/fisio-shop.pt\\\/#organization\"}}},{\"@type\":\"WebPage\",\"@id\":\"https:\\\/\\\/fisio-shop.pt\\\/?product=plano-inclinadomesa-de-verticalizacao#webpage\",\"url\":\"https:\\\/\\\/fisio-shop.pt\\\/?product=plano-inclinadomesa-de-verticalizacao\",\"name\":\"PLANO INCLINADO\\\/MESA DE VERTICALIZA\\u00c7\\u00c3O - Fisio-shop\",\"description\":\"Plano inclinado \\\/ mesa de verticaliza\\u00e7\\u00e3o com altura fixa.\",\"inLanguage\":\"pt-PT\",\"isPartOf\":{\"@id\":\"https:\\\/\\\/fisio-shop.pt\\\/#website\"},\"breadcrumb\":{\"@id\":\"https:\\\/\\\/fisio-shop.pt\\\/?product=plano-inclinadomesa-de-verticalizacao#breadcrumblist\"},\"image\":{\"@type\":\"ImageObject\",\"url\":\"https:\\\/\\\/fisio-shop.pt\\\/wp-content\\\/uploads\\\/2026\\\/02\\\/PLANO-INCLINADO-2.jpg\",\"@id\":\"https:\\\/\\\/fisio-shop.pt\\\/?product=plano-inclinadomesa-de-verticalizacao\\\/#mainImage\",\"width\":507,\"height\":550},\"primaryImageOfPage\":{\"@id\":\"https:\\\/\\\/fisio-shop.pt\\\/?product=plano-inclinadomesa-de-verticalizacao#mainImage\"},\"datePublished\":\"2017-06-05T13:41:06+00:00\",\"dateModified\":\"2026-02-25T19:53:42+00:00\"},{\"@type\":\"WebSite\",\"@id\":\"https:\\\/\\\/fisio-shop.pt\\\/#website\",\"url\":\"https:\\\/\\\/fisio-shop.pt\\\/\",\"name\":\"Fisio-shop\",\"description\":\"Empresa especializada na distribui\\u00e7\\u00e3o de equipamentos profissionais para os mercados da Fisioterapia, Geriatria, Fitness e Medicina Desportiva.\",\"inLanguage\":\"pt-PT\",\"publisher\":{\"@id\":\"https:\\\/\\\/fisio-shop.pt\\\/#organization\"}}]}\n\t\t<\/script>\n\t\t<!-- All in One SEO Pro -->\r\n\t\t<title>PLANO INCLINADO\/MESA DE VERTICALIZA\u00c7\u00c3O - Fisio-shop<\/title>\n\n","aioseo_head_json":{"title":"PLANO INCLINADO\/MESA DE VERTICALIZA\u00c7\u00c3O - Fisio-shop","description":"Plano inclinado \/ mesa de verticaliza\u00e7\u00e3o com altura fixa.","canonical_url":"https:\/\/fisio-shop.pt\/?product=plano-inclinadomesa-de-verticalizacao","robots":"max-image-preview:large","keywords":"","webmasterTools":{"miscellaneous":""},"schema":{"@context":"https:\/\/schema.org","@graph":[{"@type":"BreadcrumbList","@id":"https:\/\/fisio-shop.pt\/?product=plano-inclinadomesa-de-verticalizacao#breadcrumblist","itemListElement":[{"@type":"ListItem","@id":"https:\/\/fisio-shop.pt#listItem","position":1,"name":"Home","item":"https:\/\/fisio-shop.pt","nextItem":{"@type":"ListItem","@id":"https:\/\/fisio-shop.pt\/?page_id=5#listItem","name":"Loja"}},{"@type":"ListItem","@id":"https:\/\/fisio-shop.pt\/?page_id=5#listItem","position":2,"name":"Loja","item":"https:\/\/fisio-shop.pt\/?page_id=5","nextItem":{"@type":"ListItem","@id":"https:\/\/fisio-shop.pt\/?product_cat=saude#listItem","name":"Sa\u00fade"},"previousItem":{"@type":"ListItem","@id":"https:\/\/fisio-shop.pt#listItem","name":"Home"}},{"@type":"ListItem","@id":"https:\/\/fisio-shop.pt\/?product_cat=saude#listItem","position":3,"name":"Sa\u00fade","item":"https:\/\/fisio-shop.pt\/?product_cat=saude","nextItem":{"@type":"ListItem","@id":"https:\/\/fisio-shop.pt\/?product_cat=equipamento-clinico-hospitalar-e-de-enfermagem#listItem","name":"Equipamento cl\u00ednico, hospitalar e de enfermagem"},"previousItem":{"@type":"ListItem","@id":"https:\/\/fisio-shop.pt\/?page_id=5#listItem","name":"Loja"}},{"@type":"ListItem","@id":"https:\/\/fisio-shop.pt\/?product_cat=equipamento-clinico-hospitalar-e-de-enfermagem#listItem","position":4,"name":"Equipamento cl\u00ednico, hospitalar e de enfermagem","item":"https:\/\/fisio-shop.pt\/?product_cat=equipamento-clinico-hospitalar-e-de-enfermagem","nextItem":{"@type":"ListItem","@id":"https:\/\/fisio-shop.pt\/?product_cat=equipamento-e-mobiliario-clinico#listItem","name":"Equipamento e mobili\u00e1rio cl\u00ednico"},"previousItem":{"@type":"ListItem","@id":"https:\/\/fisio-shop.pt\/?product_cat=saude#listItem","name":"Sa\u00fade"}},{"@type":"ListItem","@id":"https:\/\/fisio-shop.pt\/?product_cat=equipamento-e-mobiliario-clinico#listItem","position":5,"name":"Equipamento e mobili\u00e1rio cl\u00ednico","item":"https:\/\/fisio-shop.pt\/?product_cat=equipamento-e-mobiliario-clinico","nextItem":{"@type":"ListItem","@id":"https:\/\/fisio-shop.pt\/?product_cat=marquesas#listItem","name":"Marquesas"},"previousItem":{"@type":"ListItem","@id":"https:\/\/fisio-shop.pt\/?product_cat=equipamento-clinico-hospitalar-e-de-enfermagem#listItem","name":"Equipamento cl\u00ednico, hospitalar e de enfermagem"}},{"@type":"ListItem","@id":"https:\/\/fisio-shop.pt\/?product_cat=marquesas#listItem","position":6,"name":"Marquesas","item":"https:\/\/fisio-shop.pt\/?product_cat=marquesas","nextItem":{"@type":"ListItem","@id":"https:\/\/fisio-shop.pt\/?product_cat=marquesas-de-tratamento#listItem","name":"Marquesas de tratamento"},"previousItem":{"@type":"ListItem","@id":"https:\/\/fisio-shop.pt\/?product_cat=equipamento-e-mobiliario-clinico#listItem","name":"Equipamento e mobili\u00e1rio cl\u00ednico"}},{"@type":"ListItem","@id":"https:\/\/fisio-shop.pt\/?product_cat=marquesas-de-tratamento#listItem","position":7,"name":"Marquesas de tratamento","item":"https:\/\/fisio-shop.pt\/?product_cat=marquesas-de-tratamento","nextItem":{"@type":"ListItem","@id":"https:\/\/fisio-shop.pt\/?product=plano-inclinadomesa-de-verticalizacao#listItem","name":"PLANO INCLINADO\/MESA DE VERTICALIZA\u00c7\u00c3O"},"previousItem":{"@type":"ListItem","@id":"https:\/\/fisio-shop.pt\/?product_cat=marquesas#listItem","name":"Marquesas"}},{"@type":"ListItem","@id":"https:\/\/fisio-shop.pt\/?product=plano-inclinadomesa-de-verticalizacao#listItem","position":8,"name":"PLANO INCLINADO\/MESA DE VERTICALIZA\u00c7\u00c3O","previousItem":{"@type":"ListItem","@id":"https:\/\/fisio-shop.pt\/?product_cat=marquesas-de-tratamento#listItem","name":"Marquesas de tratamento"}}]},{"@type":"Organization","@id":"https:\/\/fisio-shop.pt\/#organization","name":"Fisio-shop","description":"Empresa especializada na distribui\u00e7\u00e3o de equipamentos profissionais para os mercados da Fisioterapia, Geriatria, Fitness e Medicina Desportiva. Empresa especializada na distribui\u00e7\u00e3o de equipamentos profissionais para os mercados da Fisioterapia, Geriatria, Fitness e Medicina Desportiva.","url":"https:\/\/fisio-shop.pt\/","logo":{"@type":"ImageObject","url":"https:\/\/fisio-shop.pt\/wp-content\/uploads\/2026\/04\/android-chrome-192x192-1.png","@id":"https:\/\/fisio-shop.pt\/?product=plano-inclinadomesa-de-verticalizacao\/#organizationLogo"},"image":{"@id":"https:\/\/fisio-shop.pt\/?product=plano-inclinadomesa-de-verticalizacao\/#organizationLogo"},"sameAs":["https:\/\/www.facebook.com\/p\/Fisioshop-Comrcio-de-Equipamentos-Lda-100036934916130\/"]},{"@type":"Product","@id":"https:\/\/fisio-shop.pt\/?product=plano-inclinadomesa-de-verticalizacao#wooCommerceProduct","name":"PLANO INCLINADO\/MESA DE VERTICALIZA\u00c7\u00c3O","description":"Plano inclinado \/ mesa de verticaliza\u00e7\u00e3o com altura fixa.","url":"https:\/\/fisio-shop.pt\/?product=plano-inclinadomesa-de-verticalizacao","sku":"HCS-FIPI.001","image":{"@type":"ImageObject","url":"https:\/\/fisio-shop.pt\/wp-content\/uploads\/2026\/02\/PLANO-INCLINADO-2.jpg","@id":"https:\/\/fisio-shop.pt\/?product=plano-inclinadomesa-de-verticalizacao\/#productImage","width":507,"height":550},"offers":{"@type":"Offer","url":"https:\/\/fisio-shop.pt\/?product=plano-inclinadomesa-de-verticalizacao#wooCommerceOffer","price":0,"priceCurrency":"EUR","category":"Sa\u00fade","availability":"https:\/\/schema.org\/InStock","seller":{"@type":"Organization","@id":"https:\/\/fisio-shop.pt\/#organization"}}},{"@type":"WebPage","@id":"https:\/\/fisio-shop.pt\/?product=plano-inclinadomesa-de-verticalizacao#webpage","url":"https:\/\/fisio-shop.pt\/?product=plano-inclinadomesa-de-verticalizacao","name":"PLANO INCLINADO\/MESA DE VERTICALIZA\u00c7\u00c3O - Fisio-shop","description":"Plano inclinado \/ mesa de verticaliza\u00e7\u00e3o com altura fixa.","inLanguage":"pt-PT","isPartOf":{"@id":"https:\/\/fisio-shop.pt\/#website"},"breadcrumb":{"@id":"https:\/\/fisio-shop.pt\/?product=plano-inclinadomesa-de-verticalizacao#breadcrumblist"},"image":{"@type":"ImageObject","url":"https:\/\/fisio-shop.pt\/wp-content\/uploads\/2026\/02\/PLANO-INCLINADO-2.jpg","@id":"https:\/\/fisio-shop.pt\/?product=plano-inclinadomesa-de-verticalizacao\/#mainImage","width":507,"height":550},"primaryImageOfPage":{"@id":"https:\/\/fisio-shop.pt\/?product=plano-inclinadomesa-de-verticalizacao#mainImage"},"datePublished":"2017-06-05T13:41:06+00:00","dateModified":"2026-02-25T19:53:42+00:00"},{"@type":"WebSite","@id":"https:\/\/fisio-shop.pt\/#website","url":"https:\/\/fisio-shop.pt\/","name":"Fisio-shop","description":"Empresa especializada na distribui\u00e7\u00e3o de equipamentos profissionais para os mercados da Fisioterapia, Geriatria, Fitness e Medicina Desportiva.","inLanguage":"pt-PT","publisher":{"@id":"https:\/\/fisio-shop.pt\/#organization"}}]},"og:locale":"pt_PT","og:site_name":"Fisio-shop - Empresa especializada na distribui\u00e7\u00e3o de equipamentos profissionais para os mercados da Fisioterapia, Geriatria, Fitness e Medicina Desportiva.","og:type":"article","og:title":"PLANO INCLINADO\/MESA DE VERTICALIZA\u00c7\u00c3O - Fisio-shop","og:description":"Plano inclinado \/ mesa de verticaliza\u00e7\u00e3o com altura fixa.","og:url":"https:\/\/fisio-shop.pt\/?product=plano-inclinadomesa-de-verticalizacao","og:image":"https:\/\/fisio-shop.pt\/wp-content\/uploads\/2026\/04\/android-chrome-192x192-1.png","og:image:secure_url":"https:\/\/fisio-shop.pt\/wp-content\/uploads\/2026\/04\/android-chrome-192x192-1.png","article:published_time":"2017-06-05T13:41:06+00:00","article:modified_time":"2026-02-25T19:53:42+00:00","article:publisher":"https:\/\/www.facebook.com\/p\/Fisioshop-Comrcio-de-Equipamentos-Lda-100036934916130\/","twitter:card":"summary_large_image","twitter:title":"PLANO INCLINADO\/MESA DE VERTICALIZA\u00c7\u00c3O - Fisio-shop","twitter:description":"Plano inclinado \/ mesa de verticaliza\u00e7\u00e3o com altura fixa.","twitter:image":"https:\/\/fisio-shop.pt\/wp-content\/uploads\/2026\/04\/android-chrome-192x192-1.png"},"aioseo_meta_data":{"post_id":"8445","title":null,"description":null,"keywords":null,"keyphrases":null,"primary_term":null,"canonical_url":null,"og_title":null,"og_description":null,"og_object_type":"default","og_image_type":"default","og_image_url":null,"og_image_width":null,"og_image_height":null,"og_image_custom_url":null,"og_image_custom_fields":null,"og_video":null,"og_custom_url":null,"og_article_section":null,"og_article_tags":null,"twitter_use_og":false,"twitter_card":"default","twitter_image_type":"default","twitter_image_url":null,"twitter_image_custom_url":null,"twitter_image_custom_fields":null,"twitter_title":null,"twitter_description":null,"schema":{"blockGraphs":[],"customGraphs":[],"default":{"data":{"Article":[],"Course":[],"Dataset":[],"FAQPage":[],"Movie":[],"Person":[],"Product":[],"ProductReview":[],"Car":[],"Recipe":[],"Service":[],"SoftwareApplication":[],"WebPage":[]},"graphName":"","isEnabled":true},"graphs":[]},"schema_type":"default","schema_type_options":null,"pillar_content":false,"robots_default":true,"robots_noindex":false,"robots_noarchive":false,"robots_nosnippet":false,"robots_nofollow":false,"robots_noimageindex":false,"robots_noodp":false,"robots_notranslate":false,"robots_max_snippet":null,"robots_max_videopreview":null,"robots_max_imagepreview":"large","priority":null,"frequency":null,"local_seo":null,"seo_analyzer_scan_date":"2026-04-18 09:42:15","breadcrumb_settings":null,"limit_modified_date":false,"open_ai":null,"ai":null,"created":"2026-04-18 07:02:18","updated":"2026-04-18 21:32:16"},"aioseo_breadcrumb":"<div class=\"aioseo-breadcrumbs\"><span class=\"aioseo-breadcrumb\">\n\t<a href=\"https:\/\/fisio-shop.pt\" title=\"Home\">Home<\/a>\n<\/span><span class=\"aioseo-breadcrumb-separator\">\u00bb<\/span><span class=\"aioseo-breadcrumb\">\n\t<a href=\"https:\/\/fisio-shop.pt\/?page_id=5\" title=\"Loja\">Loja<\/a>\n<\/span><span class=\"aioseo-breadcrumb-separator\">\u00bb<\/span><span class=\"aioseo-breadcrumb\">\n\t<a href=\"https:\/\/fisio-shop.pt\/?product_cat=saude\" title=\"Sa\u00fade\">Sa\u00fade<\/a>\n<\/span><span class=\"aioseo-breadcrumb-separator\">\u00bb<\/span><span class=\"aioseo-breadcrumb\">\n\t<a href=\"https:\/\/fisio-shop.pt\/?product_cat=equipamento-clinico-hospitalar-e-de-enfermagem\" title=\"Equipamento cl\u00ednico, hospitalar e de enfermagem\">Equipamento cl\u00ednico, hospitalar e de enfermagem<\/a>\n<\/span><span class=\"aioseo-breadcrumb-separator\">\u00bb<\/span><span class=\"aioseo-breadcrumb\">\n\t<a href=\"https:\/\/fisio-shop.pt\/?product_cat=equipamento-e-mobiliario-clinico\" title=\"Equipamento e mobili\u00e1rio cl\u00ednico\">Equipamento e mobili\u00e1rio cl\u00ednico<\/a>\n<\/span><span class=\"aioseo-breadcrumb-separator\">\u00bb<\/span><span class=\"aioseo-breadcrumb\">\n\t<a href=\"https:\/\/fisio-shop.pt\/?product_cat=marquesas\" title=\"Marquesas\">Marquesas<\/a>\n<\/span><span class=\"aioseo-breadcrumb-separator\">\u00bb<\/span><span class=\"aioseo-breadcrumb\">\n\t<a href=\"https:\/\/fisio-shop.pt\/?product_cat=marquesas-de-tratamento\" title=\"Marquesas de tratamento\">Marquesas de tratamento<\/a>\n<\/span><span class=\"aioseo-breadcrumb-separator\">\u00bb<\/span><span class=\"aioseo-breadcrumb\">\n\tPLANO INCLINADO\/MESA DE VERTICALIZA\u00c7\u00c3O\n<\/span><\/div>","aioseo_breadcrumb_json":[{"label":"Home","link":"https:\/\/fisio-shop.pt"},{"label":"Loja","link":"https:\/\/fisio-shop.pt\/?page_id=5"},{"label":"Sa\u00fade","link":"https:\/\/fisio-shop.pt\/?product_cat=saude"},{"label":"Equipamento cl\u00ednico, hospitalar e de enfermagem","link":"https:\/\/fisio-shop.pt\/?product_cat=equipamento-clinico-hospitalar-e-de-enfermagem"},{"label":"Equipamento e mobili\u00e1rio cl\u00ednico","link":"https:\/\/fisio-shop.pt\/?product_cat=equipamento-e-mobiliario-clinico"},{"label":"Marquesas","link":"https:\/\/fisio-shop.pt\/?product_cat=marquesas"},{"label":"Marquesas de tratamento","link":"https:\/\/fisio-shop.pt\/?product_cat=marquesas-de-tratamento"},{"label":"PLANO INCLINADO\/MESA DE VERTICALIZA\u00c7\u00c3O","link":"https:\/\/fisio-shop.pt\/?product=plano-inclinadomesa-de-verticalizacao"}],"_links":{"self":[{"href":"https:\/\/fisio-shop.pt\/index.php?rest_route=\/wp\/v2\/product\/8445","targetHints":{"allow":["GET"]}}],"collection":[{"href":"https:\/\/fisio-shop.pt\/index.php?rest_route=\/wp\/v2\/product"}],"about":[{"href":"https:\/\/fisio-shop.pt\/index.php?rest_route=\/wp\/v2\/types\/product"}],"replies":[{"embeddable":true,"href":"https:\/\/fisio-shop.pt\/index.php?rest_route=%2Fwp%2Fv2%2Fcomments&post=8445"}],"version-history":[{"count":0,"href":"https:\/\/fisio-shop.pt\/index.php?rest_route=\/wp\/v2\/product\/8445\/revisions"}],"wp:featuredmedia":[{"embeddable":true,"href":"https:\/\/fisio-shop.pt\/index.php?rest_route=\/wp\/v2\/media\/10743"}],"wp:attachment":[{"href":"https:\/\/fisio-shop.pt\/index.php?rest_route=%2Fwp%2Fv2%2Fmedia&parent=8445"}],"wp:term":[{"taxonomy":"product_brand","embeddable":true,"href":"https:\/\/fisio-shop.pt\/index.php?rest_route=%2Fwp%2Fv2%2Fproduct_brand&post=8445"},{"taxonomy":"product_cat","embeddable":true,"href":"https:\/\/fisio-shop.pt\/index.php?rest_route=%2Fwp%2Fv2%2Fproduct_cat&post=8445"},{"taxonomy":"product_tag","embeddable":true,"href":"https:\/\/fisio-shop.pt\/index.php?rest_route=%2Fwp%2Fv2%2Fproduct_tag&post=8445"}],"curies":[{"name":"wp","href":"https:\/\/api.w.org\/{rel}","templated":true}]}}