{"id":8489,"date":"2017-06-06T14:08:53","date_gmt":"2017-06-06T14:08:53","guid":{"rendered":"https:\/\/fisio-shop.pt\/loja\/hidromassagem-extremidades-inferiores-e-coluna\/"},"modified":"2026-02-25T19:54:17","modified_gmt":"2026-02-25T19:54:17","slug":"hidromassagem-extremidades-inferiores-e-coluna","status":"publish","type":"product","link":"https:\/\/fisio-shop.pt\/?product=hidromassagem-extremidades-inferiores-e-coluna","title":{"rendered":"HIDROMASSAGEM EXTREMIDADES INFERIORES E COLUNA"},"content":{"rendered":"<ul>\n<li>Indicada para tratamento de hidromassagem de membros e condi\u00e7\u00f5es de p\u00f3s les\u00e3o;<\/li>\n<li>Dist\u00farbios do sistema nervoso ou fadiga do sistema muscular;<\/li>\n<li>Para membros inferiores e superiores;<\/li>\n<li>Massagem terap\u00eautica e eficaz de hidromassagem com jactos de \u00e1gua e for\u00e7a ajust\u00e1vel;<\/li>\n<li>A temperatura \u00e9 feita atrav\u00e9s de jactos especiais colocados de maneira eficaz;<\/li>\n<li>Reduz incha\u00e7os e melhora a circula\u00e7\u00e3o sangu\u00ednea, reduz a dor e tens\u00e3o do m\u00fasculo.<strong>\u00a0<\/strong><\/li>\n<\/ul>\n<p><strong>Caracter\u00edsticas t\u00e9cnicas:<\/strong><strong>\u00a0<\/strong><\/p>\n<ul>\n<li>Capacidade: 210 litros;<\/li>\n<li>N\u00famero de bocais: 6+6<\/li>\n<li>Altura: 644 mm;<\/li>\n<li>Largura: 680 mm;<\/li>\n<li>Comprimento: 1165 mm;<\/li>\n<li>Sa\u00edda da bomba\/minuto: 250 litros;<\/li>\n<li>Peso: 75 Kg;<\/li>\n<li>Alimenta\u00e7\u00e3o: 230\/50Hz;<\/li>\n<li>Consumo energia: 1,5kWh;<\/li>\n<li>Modelo: WKR<\/li>\n<\/ul>\n<p><strong>\u00a0<\/strong><\/p>\n<p>&nbsp;<\/p>\n","protected":false},"excerpt":{"rendered":"<p>Sistema de hidromassagem especialmente concebido para a realiza\u00e7\u00e3o de tratamentos nas extremidades inferiores e coluna.<\/p>\n","protected":false},"featured_media":10799,"comment_status":"open","ping_status":"closed","template":"","meta":{"rs_blank_template":"","rs_page_bg_color":"","slide_template_v7":""},"product_brand":[],"product_cat":[1397,1401,1446,1448],"product_tag":[235,236,237,241,242],"class_list":{"0":"post-8489","1":"product","2":"type-product","3":"status-publish","4":"has-post-thumbnail","6":"product_cat-saude","7":"product_cat-equipamentos-para-medicina-fisica-e-reabilitacao","8":"product_cat-hidroterapia-e-balneoterapia","9":"product_cat-tanques-e-tiras-de-reabilitacao","10":"product_tag-hidromassagem-membros-inferiores","11":"product_tag-hidromassagem-terapeutica","12":"product_tag-hidroterapia","13":"product_tag-hidromassagem-extremidades","14":"product_tag-hidromassagem","16":"first","17":"instock","18":"shipping-taxable","19":"purchasable","20":"product-type-simple"},"aioseo_notices":[],"etheme_brands":{"errors":{"invalid_taxonomy":["Taxonomia inv\u00e1lida."]},"error_data":[]},"aioseo_head":"\n\t\t<!-- All in One SEO Pro 4.9.0 - aioseo.com -->\n\t<meta name=\"description\" content=\"Sistema de hidromassagem especialmente concebido para a realiza\u00e7\u00e3o de tratamentos nas extremidades inferiores e coluna.\" \/>\n\t<meta name=\"robots\" content=\"max-image-preview:large\" \/>\n\t<link rel=\"canonical\" href=\"https:\/\/fisio-shop.pt\/?product=hidromassagem-extremidades-inferiores-e-coluna\" \/>\n\t<meta name=\"generator\" content=\"All in One SEO Pro (AIOSEO) 4.9.0\" \/>\n\t\t<meta property=\"og:locale\" content=\"pt_PT\" \/>\n\t\t<meta property=\"og:site_name\" content=\"Fisio-shop - Empresa especializada na distribui\u00e7\u00e3o de equipamentos profissionais para os mercados da Fisioterapia, Geriatria, Fitness e Medicina Desportiva.\" \/>\n\t\t<meta property=\"og:type\" content=\"article\" \/>\n\t\t<meta property=\"og:title\" content=\"HIDROMASSAGEM EXTREMIDADES INFERIORES E COLUNA - Fisio-shop\" \/>\n\t\t<meta property=\"og:description\" content=\"Sistema de hidromassagem especialmente concebido para a realiza\u00e7\u00e3o de tratamentos nas extremidades inferiores e coluna.\" \/>\n\t\t<meta property=\"og:url\" content=\"https:\/\/fisio-shop.pt\/?product=hidromassagem-extremidades-inferiores-e-coluna\" \/>\n\t\t<meta property=\"og:image\" content=\"https:\/\/fisio-shop.pt\/wp-content\/uploads\/2026\/04\/android-chrome-192x192-1.png\" \/>\n\t\t<meta property=\"og:image:secure_url\" content=\"https:\/\/fisio-shop.pt\/wp-content\/uploads\/2026\/04\/android-chrome-192x192-1.png\" \/>\n\t\t<meta property=\"article:published_time\" content=\"2017-06-06T14:08:53+00:00\" \/>\n\t\t<meta property=\"article:modified_time\" content=\"2026-02-25T19:54:17+00:00\" \/>\n\t\t<meta property=\"article:publisher\" content=\"https:\/\/www.facebook.com\/p\/Fisioshop-Comrcio-de-Equipamentos-Lda-100036934916130\/\" \/>\n\t\t<meta name=\"twitter:card\" content=\"summary_large_image\" \/>\n\t\t<meta name=\"twitter:title\" content=\"HIDROMASSAGEM EXTREMIDADES INFERIORES E COLUNA - Fisio-shop\" \/>\n\t\t<meta name=\"twitter:description\" content=\"Sistema de hidromassagem especialmente concebido para a realiza\u00e7\u00e3o de tratamentos nas extremidades inferiores e coluna.\" \/>\n\t\t<meta name=\"twitter:image\" content=\"https:\/\/fisio-shop.pt\/wp-content\/uploads\/2026\/04\/android-chrome-192x192-1.png\" \/>\n\t\t<script type=\"application\/ld+json\" class=\"aioseo-schema\">\n\t\t\t{\"@context\":\"https:\\\/\\\/schema.org\",\"@graph\":[{\"@type\":\"BreadcrumbList\",\"@id\":\"https:\\\/\\\/fisio-shop.pt\\\/?product=hidromassagem-extremidades-inferiores-e-coluna#breadcrumblist\",\"itemListElement\":[{\"@type\":\"ListItem\",\"@id\":\"https:\\\/\\\/fisio-shop.pt#listItem\",\"position\":1,\"name\":\"Home\",\"item\":\"https:\\\/\\\/fisio-shop.pt\",\"nextItem\":{\"@type\":\"ListItem\",\"@id\":\"https:\\\/\\\/fisio-shop.pt\\\/?page_id=5#listItem\",\"name\":\"Loja\"}},{\"@type\":\"ListItem\",\"@id\":\"https:\\\/\\\/fisio-shop.pt\\\/?page_id=5#listItem\",\"position\":2,\"name\":\"Loja\",\"item\":\"https:\\\/\\\/fisio-shop.pt\\\/?page_id=5\",\"nextItem\":{\"@type\":\"ListItem\",\"@id\":\"https:\\\/\\\/fisio-shop.pt\\\/?product_cat=saude#listItem\",\"name\":\"Sa\\u00fade\"},\"previousItem\":{\"@type\":\"ListItem\",\"@id\":\"https:\\\/\\\/fisio-shop.pt#listItem\",\"name\":\"Home\"}},{\"@type\":\"ListItem\",\"@id\":\"https:\\\/\\\/fisio-shop.pt\\\/?product_cat=saude#listItem\",\"position\":3,\"name\":\"Sa\\u00fade\",\"item\":\"https:\\\/\\\/fisio-shop.pt\\\/?product_cat=saude\",\"nextItem\":{\"@type\":\"ListItem\",\"@id\":\"https:\\\/\\\/fisio-shop.pt\\\/?product_cat=equipamentos-para-medicina-fisica-e-reabilitacao#listItem\",\"name\":\"Equipamentos para medicina f\\u00edsica e reabilita\\u00e7\\u00e3o\"},\"previousItem\":{\"@type\":\"ListItem\",\"@id\":\"https:\\\/\\\/fisio-shop.pt\\\/?page_id=5#listItem\",\"name\":\"Loja\"}},{\"@type\":\"ListItem\",\"@id\":\"https:\\\/\\\/fisio-shop.pt\\\/?product_cat=equipamentos-para-medicina-fisica-e-reabilitacao#listItem\",\"position\":4,\"name\":\"Equipamentos para medicina f\\u00edsica e reabilita\\u00e7\\u00e3o\",\"item\":\"https:\\\/\\\/fisio-shop.pt\\\/?product_cat=equipamentos-para-medicina-fisica-e-reabilitacao\",\"nextItem\":{\"@type\":\"ListItem\",\"@id\":\"https:\\\/\\\/fisio-shop.pt\\\/?product_cat=hidroterapia-e-balneoterapia#listItem\",\"name\":\"Hidroterapia e balneoterapia\"},\"previousItem\":{\"@type\":\"ListItem\",\"@id\":\"https:\\\/\\\/fisio-shop.pt\\\/?product_cat=saude#listItem\",\"name\":\"Sa\\u00fade\"}},{\"@type\":\"ListItem\",\"@id\":\"https:\\\/\\\/fisio-shop.pt\\\/?product_cat=hidroterapia-e-balneoterapia#listItem\",\"position\":5,\"name\":\"Hidroterapia e balneoterapia\",\"item\":\"https:\\\/\\\/fisio-shop.pt\\\/?product_cat=hidroterapia-e-balneoterapia\",\"nextItem\":{\"@type\":\"ListItem\",\"@id\":\"https:\\\/\\\/fisio-shop.pt\\\/?product_cat=tanques-e-tiras-de-reabilitacao#listItem\",\"name\":\"Tanques e tinas de reabilita\\u00e7\\u00e3o\"},\"previousItem\":{\"@type\":\"ListItem\",\"@id\":\"https:\\\/\\\/fisio-shop.pt\\\/?product_cat=equipamentos-para-medicina-fisica-e-reabilitacao#listItem\",\"name\":\"Equipamentos para medicina f\\u00edsica e reabilita\\u00e7\\u00e3o\"}},{\"@type\":\"ListItem\",\"@id\":\"https:\\\/\\\/fisio-shop.pt\\\/?product_cat=tanques-e-tiras-de-reabilitacao#listItem\",\"position\":6,\"name\":\"Tanques e tinas de reabilita\\u00e7\\u00e3o\",\"item\":\"https:\\\/\\\/fisio-shop.pt\\\/?product_cat=tanques-e-tiras-de-reabilitacao\",\"nextItem\":{\"@type\":\"ListItem\",\"@id\":\"https:\\\/\\\/fisio-shop.pt\\\/?product=hidromassagem-extremidades-inferiores-e-coluna#listItem\",\"name\":\"HIDROMASSAGEM EXTREMIDADES INFERIORES E COLUNA\"},\"previousItem\":{\"@type\":\"ListItem\",\"@id\":\"https:\\\/\\\/fisio-shop.pt\\\/?product_cat=hidroterapia-e-balneoterapia#listItem\",\"name\":\"Hidroterapia e balneoterapia\"}},{\"@type\":\"ListItem\",\"@id\":\"https:\\\/\\\/fisio-shop.pt\\\/?product=hidromassagem-extremidades-inferiores-e-coluna#listItem\",\"position\":7,\"name\":\"HIDROMASSAGEM EXTREMIDADES INFERIORES E COLUNA\",\"previousItem\":{\"@type\":\"ListItem\",\"@id\":\"https:\\\/\\\/fisio-shop.pt\\\/?product_cat=tanques-e-tiras-de-reabilitacao#listItem\",\"name\":\"Tanques e tinas de reabilita\\u00e7\\u00e3o\"}}]},{\"@type\":\"Organization\",\"@id\":\"https:\\\/\\\/fisio-shop.pt\\\/#organization\",\"name\":\"Fisio-shop\",\"description\":\"Empresa especializada na distribui\\u00e7\\u00e3o de equipamentos profissionais para os mercados da Fisioterapia, Geriatria, Fitness e Medicina Desportiva. Empresa especializada na distribui\\u00e7\\u00e3o de equipamentos profissionais para os mercados da Fisioterapia, Geriatria, Fitness e Medicina Desportiva.\",\"url\":\"https:\\\/\\\/fisio-shop.pt\\\/\",\"logo\":{\"@type\":\"ImageObject\",\"url\":\"https:\\\/\\\/fisio-shop.pt\\\/wp-content\\\/uploads\\\/2026\\\/04\\\/android-chrome-192x192-1.png\",\"@id\":\"https:\\\/\\\/fisio-shop.pt\\\/?product=hidromassagem-extremidades-inferiores-e-coluna\\\/#organizationLogo\"},\"image\":{\"@id\":\"https:\\\/\\\/fisio-shop.pt\\\/?product=hidromassagem-extremidades-inferiores-e-coluna\\\/#organizationLogo\"},\"sameAs\":[\"https:\\\/\\\/www.facebook.com\\\/p\\\/Fisioshop-Comrcio-de-Equipamentos-Lda-100036934916130\\\/\"]},{\"@type\":\"Product\",\"@id\":\"https:\\\/\\\/fisio-shop.pt\\\/?product=hidromassagem-extremidades-inferiores-e-coluna#wooCommerceProduct\",\"name\":\"HIDROMASSAGEM EXTREMIDADES INFERIORES E COLUNA\",\"description\":\"Sistema de hidromassagem especialmente concebido para a realiza\\u00e7\\u00e3o de tratamentos nas extremidades inferiores e coluna.\",\"url\":\"https:\\\/\\\/fisio-shop.pt\\\/?product=hidromassagem-extremidades-inferiores-e-coluna\",\"sku\":\"WKR\",\"image\":{\"@type\":\"ImageObject\",\"url\":\"https:\\\/\\\/fisio-shop.pt\\\/wp-content\\\/uploads\\\/2026\\\/02\\\/WKR-1.jpg\",\"@id\":\"https:\\\/\\\/fisio-shop.pt\\\/?product=hidromassagem-extremidades-inferiores-e-coluna\\\/#productImage\",\"width\":784,\"height\":652},\"offers\":{\"@type\":\"Offer\",\"url\":\"https:\\\/\\\/fisio-shop.pt\\\/?product=hidromassagem-extremidades-inferiores-e-coluna#wooCommerceOffer\",\"price\":7645.68,\"priceCurrency\":\"EUR\",\"category\":\"Sa\\u00fade\",\"availability\":\"https:\\\/\\\/schema.org\\\/InStock\",\"priceSpecification\":{\"@type\":\"PriceSpecification\",\"price\":7645.68,\"priceCurrency\":\"EUR\",\"valueAddedTaxIncluded\":\"true\"},\"seller\":{\"@type\":\"Organization\",\"@id\":\"https:\\\/\\\/fisio-shop.pt\\\/#organization\"}}},{\"@type\":\"WebPage\",\"@id\":\"https:\\\/\\\/fisio-shop.pt\\\/?product=hidromassagem-extremidades-inferiores-e-coluna#webpage\",\"url\":\"https:\\\/\\\/fisio-shop.pt\\\/?product=hidromassagem-extremidades-inferiores-e-coluna\",\"name\":\"HIDROMASSAGEM EXTREMIDADES INFERIORES E COLUNA - Fisio-shop\",\"description\":\"Sistema de hidromassagem especialmente concebido para a realiza\\u00e7\\u00e3o de tratamentos nas extremidades inferiores e coluna.\",\"inLanguage\":\"pt-PT\",\"isPartOf\":{\"@id\":\"https:\\\/\\\/fisio-shop.pt\\\/#website\"},\"breadcrumb\":{\"@id\":\"https:\\\/\\\/fisio-shop.pt\\\/?product=hidromassagem-extremidades-inferiores-e-coluna#breadcrumblist\"},\"image\":{\"@type\":\"ImageObject\",\"url\":\"https:\\\/\\\/fisio-shop.pt\\\/wp-content\\\/uploads\\\/2026\\\/02\\\/WKR-1.jpg\",\"@id\":\"https:\\\/\\\/fisio-shop.pt\\\/?product=hidromassagem-extremidades-inferiores-e-coluna\\\/#mainImage\",\"width\":784,\"height\":652},\"primaryImageOfPage\":{\"@id\":\"https:\\\/\\\/fisio-shop.pt\\\/?product=hidromassagem-extremidades-inferiores-e-coluna#mainImage\"},\"datePublished\":\"2017-06-06T14:08:53+00:00\",\"dateModified\":\"2026-02-25T19:54:17+00:00\"},{\"@type\":\"WebSite\",\"@id\":\"https:\\\/\\\/fisio-shop.pt\\\/#website\",\"url\":\"https:\\\/\\\/fisio-shop.pt\\\/\",\"name\":\"Fisio-shop\",\"description\":\"Empresa especializada na distribui\\u00e7\\u00e3o de equipamentos profissionais para os mercados da Fisioterapia, Geriatria, Fitness e Medicina Desportiva.\",\"inLanguage\":\"pt-PT\",\"publisher\":{\"@id\":\"https:\\\/\\\/fisio-shop.pt\\\/#organization\"}}]}\n\t\t<\/script>\n\t\t<!-- All in One SEO Pro -->\r\n\t\t<title>HIDROMASSAGEM EXTREMIDADES INFERIORES E COLUNA - Fisio-shop<\/title>\n\n","aioseo_head_json":{"title":"HIDROMASSAGEM EXTREMIDADES INFERIORES E COLUNA - Fisio-shop","description":"Sistema de hidromassagem especialmente concebido para a realiza\u00e7\u00e3o de tratamentos nas extremidades inferiores e coluna.","canonical_url":"https:\/\/fisio-shop.pt\/?product=hidromassagem-extremidades-inferiores-e-coluna","robots":"max-image-preview:large","keywords":"","webmasterTools":{"miscellaneous":""},"schema":{"@context":"https:\/\/schema.org","@graph":[{"@type":"BreadcrumbList","@id":"https:\/\/fisio-shop.pt\/?product=hidromassagem-extremidades-inferiores-e-coluna#breadcrumblist","itemListElement":[{"@type":"ListItem","@id":"https:\/\/fisio-shop.pt#listItem","position":1,"name":"Home","item":"https:\/\/fisio-shop.pt","nextItem":{"@type":"ListItem","@id":"https:\/\/fisio-shop.pt\/?page_id=5#listItem","name":"Loja"}},{"@type":"ListItem","@id":"https:\/\/fisio-shop.pt\/?page_id=5#listItem","position":2,"name":"Loja","item":"https:\/\/fisio-shop.pt\/?page_id=5","nextItem":{"@type":"ListItem","@id":"https:\/\/fisio-shop.pt\/?product_cat=saude#listItem","name":"Sa\u00fade"},"previousItem":{"@type":"ListItem","@id":"https:\/\/fisio-shop.pt#listItem","name":"Home"}},{"@type":"ListItem","@id":"https:\/\/fisio-shop.pt\/?product_cat=saude#listItem","position":3,"name":"Sa\u00fade","item":"https:\/\/fisio-shop.pt\/?product_cat=saude","nextItem":{"@type":"ListItem","@id":"https:\/\/fisio-shop.pt\/?product_cat=equipamentos-para-medicina-fisica-e-reabilitacao#listItem","name":"Equipamentos para medicina f\u00edsica e reabilita\u00e7\u00e3o"},"previousItem":{"@type":"ListItem","@id":"https:\/\/fisio-shop.pt\/?page_id=5#listItem","name":"Loja"}},{"@type":"ListItem","@id":"https:\/\/fisio-shop.pt\/?product_cat=equipamentos-para-medicina-fisica-e-reabilitacao#listItem","position":4,"name":"Equipamentos para medicina f\u00edsica e reabilita\u00e7\u00e3o","item":"https:\/\/fisio-shop.pt\/?product_cat=equipamentos-para-medicina-fisica-e-reabilitacao","nextItem":{"@type":"ListItem","@id":"https:\/\/fisio-shop.pt\/?product_cat=hidroterapia-e-balneoterapia#listItem","name":"Hidroterapia e balneoterapia"},"previousItem":{"@type":"ListItem","@id":"https:\/\/fisio-shop.pt\/?product_cat=saude#listItem","name":"Sa\u00fade"}},{"@type":"ListItem","@id":"https:\/\/fisio-shop.pt\/?product_cat=hidroterapia-e-balneoterapia#listItem","position":5,"name":"Hidroterapia e balneoterapia","item":"https:\/\/fisio-shop.pt\/?product_cat=hidroterapia-e-balneoterapia","nextItem":{"@type":"ListItem","@id":"https:\/\/fisio-shop.pt\/?product_cat=tanques-e-tiras-de-reabilitacao#listItem","name":"Tanques e tinas de reabilita\u00e7\u00e3o"},"previousItem":{"@type":"ListItem","@id":"https:\/\/fisio-shop.pt\/?product_cat=equipamentos-para-medicina-fisica-e-reabilitacao#listItem","name":"Equipamentos para medicina f\u00edsica e reabilita\u00e7\u00e3o"}},{"@type":"ListItem","@id":"https:\/\/fisio-shop.pt\/?product_cat=tanques-e-tiras-de-reabilitacao#listItem","position":6,"name":"Tanques e tinas de reabilita\u00e7\u00e3o","item":"https:\/\/fisio-shop.pt\/?product_cat=tanques-e-tiras-de-reabilitacao","nextItem":{"@type":"ListItem","@id":"https:\/\/fisio-shop.pt\/?product=hidromassagem-extremidades-inferiores-e-coluna#listItem","name":"HIDROMASSAGEM EXTREMIDADES INFERIORES E COLUNA"},"previousItem":{"@type":"ListItem","@id":"https:\/\/fisio-shop.pt\/?product_cat=hidroterapia-e-balneoterapia#listItem","name":"Hidroterapia e balneoterapia"}},{"@type":"ListItem","@id":"https:\/\/fisio-shop.pt\/?product=hidromassagem-extremidades-inferiores-e-coluna#listItem","position":7,"name":"HIDROMASSAGEM EXTREMIDADES INFERIORES E COLUNA","previousItem":{"@type":"ListItem","@id":"https:\/\/fisio-shop.pt\/?product_cat=tanques-e-tiras-de-reabilitacao#listItem","name":"Tanques e tinas de reabilita\u00e7\u00e3o"}}]},{"@type":"Organization","@id":"https:\/\/fisio-shop.pt\/#organization","name":"Fisio-shop","description":"Empresa especializada na distribui\u00e7\u00e3o de equipamentos profissionais para os mercados da Fisioterapia, Geriatria, Fitness e Medicina Desportiva. Empresa especializada na distribui\u00e7\u00e3o de equipamentos profissionais para os mercados da Fisioterapia, Geriatria, Fitness e Medicina Desportiva.","url":"https:\/\/fisio-shop.pt\/","logo":{"@type":"ImageObject","url":"https:\/\/fisio-shop.pt\/wp-content\/uploads\/2026\/04\/android-chrome-192x192-1.png","@id":"https:\/\/fisio-shop.pt\/?product=hidromassagem-extremidades-inferiores-e-coluna\/#organizationLogo"},"image":{"@id":"https:\/\/fisio-shop.pt\/?product=hidromassagem-extremidades-inferiores-e-coluna\/#organizationLogo"},"sameAs":["https:\/\/www.facebook.com\/p\/Fisioshop-Comrcio-de-Equipamentos-Lda-100036934916130\/"]},{"@type":"Product","@id":"https:\/\/fisio-shop.pt\/?product=hidromassagem-extremidades-inferiores-e-coluna#wooCommerceProduct","name":"HIDROMASSAGEM EXTREMIDADES INFERIORES E COLUNA","description":"Sistema de hidromassagem especialmente concebido para a realiza\u00e7\u00e3o de tratamentos nas extremidades inferiores e coluna.","url":"https:\/\/fisio-shop.pt\/?product=hidromassagem-extremidades-inferiores-e-coluna","sku":"WKR","image":{"@type":"ImageObject","url":"https:\/\/fisio-shop.pt\/wp-content\/uploads\/2026\/02\/WKR-1.jpg","@id":"https:\/\/fisio-shop.pt\/?product=hidromassagem-extremidades-inferiores-e-coluna\/#productImage","width":784,"height":652},"offers":{"@type":"Offer","url":"https:\/\/fisio-shop.pt\/?product=hidromassagem-extremidades-inferiores-e-coluna#wooCommerceOffer","price":7645.68,"priceCurrency":"EUR","category":"Sa\u00fade","availability":"https:\/\/schema.org\/InStock","priceSpecification":{"@type":"PriceSpecification","price":7645.68,"priceCurrency":"EUR","valueAddedTaxIncluded":"true"},"seller":{"@type":"Organization","@id":"https:\/\/fisio-shop.pt\/#organization"}}},{"@type":"WebPage","@id":"https:\/\/fisio-shop.pt\/?product=hidromassagem-extremidades-inferiores-e-coluna#webpage","url":"https:\/\/fisio-shop.pt\/?product=hidromassagem-extremidades-inferiores-e-coluna","name":"HIDROMASSAGEM EXTREMIDADES INFERIORES E COLUNA - Fisio-shop","description":"Sistema de hidromassagem especialmente concebido para a realiza\u00e7\u00e3o de tratamentos nas extremidades inferiores e coluna.","inLanguage":"pt-PT","isPartOf":{"@id":"https:\/\/fisio-shop.pt\/#website"},"breadcrumb":{"@id":"https:\/\/fisio-shop.pt\/?product=hidromassagem-extremidades-inferiores-e-coluna#breadcrumblist"},"image":{"@type":"ImageObject","url":"https:\/\/fisio-shop.pt\/wp-content\/uploads\/2026\/02\/WKR-1.jpg","@id":"https:\/\/fisio-shop.pt\/?product=hidromassagem-extremidades-inferiores-e-coluna\/#mainImage","width":784,"height":652},"primaryImageOfPage":{"@id":"https:\/\/fisio-shop.pt\/?product=hidromassagem-extremidades-inferiores-e-coluna#mainImage"},"datePublished":"2017-06-06T14:08:53+00:00","dateModified":"2026-02-25T19:54:17+00:00"},{"@type":"WebSite","@id":"https:\/\/fisio-shop.pt\/#website","url":"https:\/\/fisio-shop.pt\/","name":"Fisio-shop","description":"Empresa especializada na distribui\u00e7\u00e3o de equipamentos profissionais para os mercados da Fisioterapia, Geriatria, Fitness e Medicina Desportiva.","inLanguage":"pt-PT","publisher":{"@id":"https:\/\/fisio-shop.pt\/#organization"}}]},"og:locale":"pt_PT","og:site_name":"Fisio-shop - Empresa especializada na distribui\u00e7\u00e3o de equipamentos profissionais para os mercados da Fisioterapia, Geriatria, Fitness e Medicina Desportiva.","og:type":"article","og:title":"HIDROMASSAGEM EXTREMIDADES INFERIORES E COLUNA - Fisio-shop","og:description":"Sistema de hidromassagem especialmente concebido para a realiza\u00e7\u00e3o de tratamentos nas extremidades inferiores e coluna.","og:url":"https:\/\/fisio-shop.pt\/?product=hidromassagem-extremidades-inferiores-e-coluna","og:image":"https:\/\/fisio-shop.pt\/wp-content\/uploads\/2026\/04\/android-chrome-192x192-1.png","og:image:secure_url":"https:\/\/fisio-shop.pt\/wp-content\/uploads\/2026\/04\/android-chrome-192x192-1.png","article:published_time":"2017-06-06T14:08:53+00:00","article:modified_time":"2026-02-25T19:54:17+00:00","article:publisher":"https:\/\/www.facebook.com\/p\/Fisioshop-Comrcio-de-Equipamentos-Lda-100036934916130\/","twitter:card":"summary_large_image","twitter:title":"HIDROMASSAGEM EXTREMIDADES INFERIORES E COLUNA - Fisio-shop","twitter:description":"Sistema de hidromassagem especialmente concebido para a realiza\u00e7\u00e3o de tratamentos nas extremidades inferiores e coluna.","twitter:image":"https:\/\/fisio-shop.pt\/wp-content\/uploads\/2026\/04\/android-chrome-192x192-1.png"},"aioseo_meta_data":{"post_id":"8489","title":null,"description":null,"keywords":null,"keyphrases":null,"primary_term":null,"canonical_url":null,"og_title":null,"og_description":null,"og_object_type":"default","og_image_type":"default","og_image_url":null,"og_image_width":null,"og_image_height":null,"og_image_custom_url":null,"og_image_custom_fields":null,"og_video":null,"og_custom_url":null,"og_article_section":null,"og_article_tags":null,"twitter_use_og":false,"twitter_card":"default","twitter_image_type":"default","twitter_image_url":null,"twitter_image_custom_url":null,"twitter_image_custom_fields":null,"twitter_title":null,"twitter_description":null,"schema":{"blockGraphs":[],"customGraphs":[],"default":{"data":{"Article":[],"Course":[],"Dataset":[],"FAQPage":[],"Movie":[],"Person":[],"Product":[],"ProductReview":[],"Car":[],"Recipe":[],"Service":[],"SoftwareApplication":[],"WebPage":[]},"graphName":"","isEnabled":true},"graphs":[]},"schema_type":"default","schema_type_options":null,"pillar_content":false,"robots_default":true,"robots_noindex":false,"robots_noarchive":false,"robots_nosnippet":false,"robots_nofollow":false,"robots_noimageindex":false,"robots_noodp":false,"robots_notranslate":false,"robots_max_snippet":null,"robots_max_videopreview":null,"robots_max_imagepreview":"large","priority":null,"frequency":null,"local_seo":null,"seo_analyzer_scan_date":"2026-04-18 09:36:15","breadcrumb_settings":null,"limit_modified_date":false,"open_ai":null,"ai":null,"created":"2026-04-18 07:02:18","updated":"2026-04-18 21:33:51"},"aioseo_breadcrumb":"<div class=\"aioseo-breadcrumbs\"><span class=\"aioseo-breadcrumb\">\n\t<a href=\"https:\/\/fisio-shop.pt\" title=\"Home\">Home<\/a>\n<\/span><span class=\"aioseo-breadcrumb-separator\">\u00bb<\/span><span class=\"aioseo-breadcrumb\">\n\t<a href=\"https:\/\/fisio-shop.pt\/?page_id=5\" title=\"Loja\">Loja<\/a>\n<\/span><span class=\"aioseo-breadcrumb-separator\">\u00bb<\/span><span class=\"aioseo-breadcrumb\">\n\t<a href=\"https:\/\/fisio-shop.pt\/?product_cat=saude\" title=\"Sa\u00fade\">Sa\u00fade<\/a>\n<\/span><span class=\"aioseo-breadcrumb-separator\">\u00bb<\/span><span class=\"aioseo-breadcrumb\">\n\t<a href=\"https:\/\/fisio-shop.pt\/?product_cat=equipamentos-para-medicina-fisica-e-reabilitacao\" title=\"Equipamentos para medicina f\u00edsica e reabilita\u00e7\u00e3o\">Equipamentos para medicina f\u00edsica e reabilita\u00e7\u00e3o<\/a>\n<\/span><span class=\"aioseo-breadcrumb-separator\">\u00bb<\/span><span class=\"aioseo-breadcrumb\">\n\t<a href=\"https:\/\/fisio-shop.pt\/?product_cat=hidroterapia-e-balneoterapia\" title=\"Hidroterapia e balneoterapia\">Hidroterapia e balneoterapia<\/a>\n<\/span><span class=\"aioseo-breadcrumb-separator\">\u00bb<\/span><span class=\"aioseo-breadcrumb\">\n\t<a href=\"https:\/\/fisio-shop.pt\/?product_cat=tanques-e-tiras-de-reabilitacao\" title=\"Tanques e tinas de reabilita\u00e7\u00e3o\">Tanques e tinas de reabilita\u00e7\u00e3o<\/a>\n<\/span><span class=\"aioseo-breadcrumb-separator\">\u00bb<\/span><span class=\"aioseo-breadcrumb\">\n\tHIDROMASSAGEM EXTREMIDADES INFERIORES E COLUNA\n<\/span><\/div>","aioseo_breadcrumb_json":[{"label":"Home","link":"https:\/\/fisio-shop.pt"},{"label":"Loja","link":"https:\/\/fisio-shop.pt\/?page_id=5"},{"label":"Sa\u00fade","link":"https:\/\/fisio-shop.pt\/?product_cat=saude"},{"label":"Equipamentos para medicina f\u00edsica e reabilita\u00e7\u00e3o","link":"https:\/\/fisio-shop.pt\/?product_cat=equipamentos-para-medicina-fisica-e-reabilitacao"},{"label":"Hidroterapia e balneoterapia","link":"https:\/\/fisio-shop.pt\/?product_cat=hidroterapia-e-balneoterapia"},{"label":"Tanques e tinas de reabilita\u00e7\u00e3o","link":"https:\/\/fisio-shop.pt\/?product_cat=tanques-e-tiras-de-reabilitacao"},{"label":"HIDROMASSAGEM EXTREMIDADES INFERIORES E COLUNA","link":"https:\/\/fisio-shop.pt\/?product=hidromassagem-extremidades-inferiores-e-coluna"}],"_links":{"self":[{"href":"https:\/\/fisio-shop.pt\/index.php?rest_route=\/wp\/v2\/product\/8489","targetHints":{"allow":["GET"]}}],"collection":[{"href":"https:\/\/fisio-shop.pt\/index.php?rest_route=\/wp\/v2\/product"}],"about":[{"href":"https:\/\/fisio-shop.pt\/index.php?rest_route=\/wp\/v2\/types\/product"}],"replies":[{"embeddable":true,"href":"https:\/\/fisio-shop.pt\/index.php?rest_route=%2Fwp%2Fv2%2Fcomments&post=8489"}],"version-history":[{"count":0,"href":"https:\/\/fisio-shop.pt\/index.php?rest_route=\/wp\/v2\/product\/8489\/revisions"}],"wp:featuredmedia":[{"embeddable":true,"href":"https:\/\/fisio-shop.pt\/index.php?rest_route=\/wp\/v2\/media\/10799"}],"wp:attachment":[{"href":"https:\/\/fisio-shop.pt\/index.php?rest_route=%2Fwp%2Fv2%2Fmedia&parent=8489"}],"wp:term":[{"taxonomy":"product_brand","embeddable":true,"href":"https:\/\/fisio-shop.pt\/index.php?rest_route=%2Fwp%2Fv2%2Fproduct_brand&post=8489"},{"taxonomy":"product_cat","embeddable":true,"href":"https:\/\/fisio-shop.pt\/index.php?rest_route=%2Fwp%2Fv2%2Fproduct_cat&post=8489"},{"taxonomy":"product_tag","embeddable":true,"href":"https:\/\/fisio-shop.pt\/index.php?rest_route=%2Fwp%2Fv2%2Fproduct_tag&post=8489"}],"curies":[{"name":"wp","href":"https:\/\/api.w.org\/{rel}","templated":true}]}}