{"id":8517,"date":"2017-06-07T16:57:33","date_gmt":"2017-06-07T16:57:33","guid":{"rendered":"https:\/\/fisio-shop.pt\/loja\/pedaleira-activa-passiva-oxycycle-3\/"},"modified":"2026-02-25T19:54:22","modified_gmt":"2026-02-25T19:54:22","slug":"pedaleira-activa-passiva-oxycycle-3","status":"publish","type":"product","link":"https:\/\/fisio-shop.pt\/?product=pedaleira-activa-passiva-oxycycle-3","title":{"rendered":"PEDALEIRA ACTIVA \/ PASSIVA"},"content":{"rendered":"<p>Pedaleira recomendada para a forma\u00e7\u00e3o activa \/ passiva de design leve e compacto com resist\u00eancia ajust\u00e1vel e display LCD multifuncional.<\/p>\n<p><strong>Caracter\u00edsticas gerais:<\/strong><\/p>\n<ul>\n<li>Exerc\u00edcio de baixo impacto para aumentar a for\u00e7a e flexibilidade dos membros superior e inferior e promover a circula\u00e7\u00e3o sangu\u00ednea;<\/li>\n<li>Com velocidade ajust\u00e1vel, \u00e9 um \u00f3ptimo produto para consolidar progressivamente bra\u00e7os pernas e p\u00e9s;<\/li>\n<li>Design leve e compacto com velocidade ajust\u00e1vel e temporizador de 15 minutos<\/li>\n<li>Pedaleira Activa\/Passiva para membros inferiores e superiores de velocidade e resist\u00eancia ajust\u00e1vel;<\/li>\n<li>Dimens\u00e3o: 50 x 46 x 38 cm;<\/li>\n<li>Peso: 11 Kg.<\/li>\n<\/ul>\n<p><strong>Display LCD multifun\u00e7\u00f5es:<\/strong><\/p>\n<ul>\n<li>Contagem total;<\/li>\n<li>Contagem;<\/li>\n<li>Tempo.<\/li>\n<\/ul>\n<p><strong>Acess\u00f3rio inclu\u00eddo:<\/strong><\/p>\n<ul>\n<li>Tapete antiderrapante;<\/li>\n<li>1 Par de pedais, p\u00e9 completo, para os membros inferiores;<\/li>\n<li>1 Par de man\u00edpulos para membros superiores;<\/li>\n<li>Marca: MSD.<\/li>\n<\/ul>\n<p><strong>C\u00d3DIGO: MEC0002<\/strong><\/p>\n<p><strong>Acess\u00f3rio opcional:<\/strong><\/p>\n<p>Pedais para os membros inferiores.<\/p>\n<ul>\n<li>1 Par de pedais, meio p\u00e9, para os membros inferiores<\/li>\n<li>Ref: 03-020102<\/li>\n<\/ul>\n<p>&nbsp;<\/p>\n","protected":false},"excerpt":{"rendered":"<p>Pedaleira activa \/ passiva especificamente direccionada para a execu\u00e7\u00e3o de exerc\u00edcios corporais de baixo impacto que visam aumentar\u00a0for\u00e7a e flexibilidade dos membros superior e inferior e promover a circula\u00e7\u00e3o sangu\u00ednea.<\/p>\n","protected":false},"featured_media":10835,"comment_status":"open","ping_status":"closed","template":"","meta":{"rs_blank_template":"","rs_page_bg_color":"","slide_template_v7":""},"product_brand":[],"product_cat":[1397,1401,1426,1429],"product_tag":[249,252],"class_list":{"0":"post-8517","1":"product","2":"type-product","3":"status-publish","4":"has-post-thumbnail","6":"product_cat-saude","7":"product_cat-equipamentos-para-medicina-fisica-e-reabilitacao","8":"product_cat-mecanoterapia","9":"product_cat-pedaleiras","10":"product_tag-pedaleira","11":"product_tag-pedaleira-activa-e-passiva","13":"first","14":"instock","15":"shipping-taxable","16":"purchasable","17":"product-type-simple"},"aioseo_notices":[],"etheme_brands":{"errors":{"invalid_taxonomy":["Taxonomia inv\u00e1lida."]},"error_data":[]},"aioseo_head":"\n\t\t<!-- All in One SEO Pro 4.9.0 - aioseo.com -->\n\t<meta name=\"description\" content=\"Pedaleira activa \/ passiva especificamente direccionada para a execu\u00e7\u00e3o de exerc\u00edcios corporais de baixo impacto que visam aumentar for\u00e7a e flexibilidade dos membros superior e inferior e promover a circula\u00e7\u00e3o sangu\u00ednea.\" \/>\n\t<meta name=\"robots\" content=\"max-image-preview:large\" \/>\n\t<link rel=\"canonical\" href=\"https:\/\/fisio-shop.pt\/?product=pedaleira-activa-passiva-oxycycle-3\" \/>\n\t<meta name=\"generator\" content=\"All in One SEO Pro (AIOSEO) 4.9.0\" \/>\n\t\t<meta property=\"og:locale\" content=\"pt_PT\" \/>\n\t\t<meta property=\"og:site_name\" content=\"Fisio-shop - Empresa especializada na distribui\u00e7\u00e3o de equipamentos profissionais para os mercados da Fisioterapia, Geriatria, Fitness e Medicina Desportiva.\" \/>\n\t\t<meta property=\"og:type\" content=\"article\" \/>\n\t\t<meta property=\"og:title\" content=\"PEDALEIRA ACTIVA \/ PASSIVA - Fisio-shop\" \/>\n\t\t<meta property=\"og:description\" content=\"Pedaleira activa \/ passiva especificamente direccionada para a execu\u00e7\u00e3o de exerc\u00edcios corporais de baixo impacto que visam aumentar for\u00e7a e flexibilidade dos membros superior e inferior e promover a circula\u00e7\u00e3o sangu\u00ednea.\" \/>\n\t\t<meta property=\"og:url\" content=\"https:\/\/fisio-shop.pt\/?product=pedaleira-activa-passiva-oxycycle-3\" \/>\n\t\t<meta property=\"og:image\" content=\"https:\/\/fisio-shop.pt\/wp-content\/uploads\/2026\/04\/android-chrome-192x192-1.png\" \/>\n\t\t<meta property=\"og:image:secure_url\" content=\"https:\/\/fisio-shop.pt\/wp-content\/uploads\/2026\/04\/android-chrome-192x192-1.png\" \/>\n\t\t<meta property=\"article:published_time\" content=\"2017-06-07T16:57:33+00:00\" \/>\n\t\t<meta property=\"article:modified_time\" content=\"2026-02-25T19:54:22+00:00\" \/>\n\t\t<meta property=\"article:publisher\" content=\"https:\/\/www.facebook.com\/p\/Fisioshop-Comrcio-de-Equipamentos-Lda-100036934916130\/\" \/>\n\t\t<meta name=\"twitter:card\" content=\"summary_large_image\" \/>\n\t\t<meta name=\"twitter:title\" content=\"PEDALEIRA ACTIVA \/ PASSIVA - Fisio-shop\" \/>\n\t\t<meta name=\"twitter:description\" content=\"Pedaleira activa \/ passiva especificamente direccionada para a execu\u00e7\u00e3o de exerc\u00edcios corporais de baixo impacto que visam aumentar for\u00e7a e flexibilidade dos membros superior e inferior e promover a circula\u00e7\u00e3o sangu\u00ednea.\" \/>\n\t\t<meta name=\"twitter:image\" content=\"https:\/\/fisio-shop.pt\/wp-content\/uploads\/2026\/04\/android-chrome-192x192-1.png\" \/>\n\t\t<script type=\"application\/ld+json\" class=\"aioseo-schema\">\n\t\t\t{\"@context\":\"https:\\\/\\\/schema.org\",\"@graph\":[{\"@type\":\"BreadcrumbList\",\"@id\":\"https:\\\/\\\/fisio-shop.pt\\\/?product=pedaleira-activa-passiva-oxycycle-3#breadcrumblist\",\"itemListElement\":[{\"@type\":\"ListItem\",\"@id\":\"https:\\\/\\\/fisio-shop.pt#listItem\",\"position\":1,\"name\":\"Home\",\"item\":\"https:\\\/\\\/fisio-shop.pt\",\"nextItem\":{\"@type\":\"ListItem\",\"@id\":\"https:\\\/\\\/fisio-shop.pt\\\/?page_id=5#listItem\",\"name\":\"Loja\"}},{\"@type\":\"ListItem\",\"@id\":\"https:\\\/\\\/fisio-shop.pt\\\/?page_id=5#listItem\",\"position\":2,\"name\":\"Loja\",\"item\":\"https:\\\/\\\/fisio-shop.pt\\\/?page_id=5\",\"nextItem\":{\"@type\":\"ListItem\",\"@id\":\"https:\\\/\\\/fisio-shop.pt\\\/?product_cat=saude#listItem\",\"name\":\"Sa\\u00fade\"},\"previousItem\":{\"@type\":\"ListItem\",\"@id\":\"https:\\\/\\\/fisio-shop.pt#listItem\",\"name\":\"Home\"}},{\"@type\":\"ListItem\",\"@id\":\"https:\\\/\\\/fisio-shop.pt\\\/?product_cat=saude#listItem\",\"position\":3,\"name\":\"Sa\\u00fade\",\"item\":\"https:\\\/\\\/fisio-shop.pt\\\/?product_cat=saude\",\"nextItem\":{\"@type\":\"ListItem\",\"@id\":\"https:\\\/\\\/fisio-shop.pt\\\/?product_cat=equipamentos-para-medicina-fisica-e-reabilitacao#listItem\",\"name\":\"Equipamentos para medicina f\\u00edsica e reabilita\\u00e7\\u00e3o\"},\"previousItem\":{\"@type\":\"ListItem\",\"@id\":\"https:\\\/\\\/fisio-shop.pt\\\/?page_id=5#listItem\",\"name\":\"Loja\"}},{\"@type\":\"ListItem\",\"@id\":\"https:\\\/\\\/fisio-shop.pt\\\/?product_cat=equipamentos-para-medicina-fisica-e-reabilitacao#listItem\",\"position\":4,\"name\":\"Equipamentos para medicina f\\u00edsica e reabilita\\u00e7\\u00e3o\",\"item\":\"https:\\\/\\\/fisio-shop.pt\\\/?product_cat=equipamentos-para-medicina-fisica-e-reabilitacao\",\"nextItem\":{\"@type\":\"ListItem\",\"@id\":\"https:\\\/\\\/fisio-shop.pt\\\/?product_cat=mecanoterapia#listItem\",\"name\":\"Mecanoterapia\"},\"previousItem\":{\"@type\":\"ListItem\",\"@id\":\"https:\\\/\\\/fisio-shop.pt\\\/?product_cat=saude#listItem\",\"name\":\"Sa\\u00fade\"}},{\"@type\":\"ListItem\",\"@id\":\"https:\\\/\\\/fisio-shop.pt\\\/?product_cat=mecanoterapia#listItem\",\"position\":5,\"name\":\"Mecanoterapia\",\"item\":\"https:\\\/\\\/fisio-shop.pt\\\/?product_cat=mecanoterapia\",\"nextItem\":{\"@type\":\"ListItem\",\"@id\":\"https:\\\/\\\/fisio-shop.pt\\\/?product_cat=pedaleiras#listItem\",\"name\":\"Pedaleiras\"},\"previousItem\":{\"@type\":\"ListItem\",\"@id\":\"https:\\\/\\\/fisio-shop.pt\\\/?product_cat=equipamentos-para-medicina-fisica-e-reabilitacao#listItem\",\"name\":\"Equipamentos para medicina f\\u00edsica e reabilita\\u00e7\\u00e3o\"}},{\"@type\":\"ListItem\",\"@id\":\"https:\\\/\\\/fisio-shop.pt\\\/?product_cat=pedaleiras#listItem\",\"position\":6,\"name\":\"Pedaleiras\",\"item\":\"https:\\\/\\\/fisio-shop.pt\\\/?product_cat=pedaleiras\",\"nextItem\":{\"@type\":\"ListItem\",\"@id\":\"https:\\\/\\\/fisio-shop.pt\\\/?product=pedaleira-activa-passiva-oxycycle-3#listItem\",\"name\":\"PEDALEIRA ACTIVA \\\/ PASSIVA\"},\"previousItem\":{\"@type\":\"ListItem\",\"@id\":\"https:\\\/\\\/fisio-shop.pt\\\/?product_cat=mecanoterapia#listItem\",\"name\":\"Mecanoterapia\"}},{\"@type\":\"ListItem\",\"@id\":\"https:\\\/\\\/fisio-shop.pt\\\/?product=pedaleira-activa-passiva-oxycycle-3#listItem\",\"position\":7,\"name\":\"PEDALEIRA ACTIVA \\\/ PASSIVA\",\"previousItem\":{\"@type\":\"ListItem\",\"@id\":\"https:\\\/\\\/fisio-shop.pt\\\/?product_cat=pedaleiras#listItem\",\"name\":\"Pedaleiras\"}}]},{\"@type\":\"Organization\",\"@id\":\"https:\\\/\\\/fisio-shop.pt\\\/#organization\",\"name\":\"Fisio-shop\",\"description\":\"Empresa especializada na distribui\\u00e7\\u00e3o de equipamentos profissionais para os mercados da Fisioterapia, Geriatria, Fitness e Medicina Desportiva. Empresa especializada na distribui\\u00e7\\u00e3o de equipamentos profissionais para os mercados da Fisioterapia, Geriatria, Fitness e Medicina Desportiva.\",\"url\":\"https:\\\/\\\/fisio-shop.pt\\\/\",\"logo\":{\"@type\":\"ImageObject\",\"url\":\"https:\\\/\\\/fisio-shop.pt\\\/wp-content\\\/uploads\\\/2026\\\/04\\\/android-chrome-192x192-1.png\",\"@id\":\"https:\\\/\\\/fisio-shop.pt\\\/?product=pedaleira-activa-passiva-oxycycle-3\\\/#organizationLogo\"},\"image\":{\"@id\":\"https:\\\/\\\/fisio-shop.pt\\\/?product=pedaleira-activa-passiva-oxycycle-3\\\/#organizationLogo\"},\"sameAs\":[\"https:\\\/\\\/www.facebook.com\\\/p\\\/Fisioshop-Comrcio-de-Equipamentos-Lda-100036934916130\\\/\"]},{\"@type\":\"Product\",\"@id\":\"https:\\\/\\\/fisio-shop.pt\\\/?product=pedaleira-activa-passiva-oxycycle-3#wooCommerceProduct\",\"name\":\"PEDALEIRA ACTIVA \\\/ PASSIVA\",\"description\":\"Pedaleira activa \\\/ passiva especificamente direccionada para a execu\\u00e7\\u00e3o de exerc\\u00edcios corporais de baixo impacto que visam aumentar\\u00a0for\\u00e7a e flexibilidade dos membros superior e inferior e promover a circula\\u00e7\\u00e3o sangu\\u00ednea.\",\"url\":\"https:\\\/\\\/fisio-shop.pt\\\/?product=pedaleira-activa-passiva-oxycycle-3\",\"sku\":\"MEC0002\",\"image\":{\"@type\":\"ImageObject\",\"url\":\"https:\\\/\\\/fisio-shop.pt\\\/wp-content\\\/uploads\\\/2026\\\/02\\\/OXYCYCLE-3-1-1.jpg\",\"@id\":\"https:\\\/\\\/fisio-shop.pt\\\/?product=pedaleira-activa-passiva-oxycycle-3\\\/#productImage\",\"width\":600,\"height\":600},\"offers\":{\"@type\":\"Offer\",\"url\":\"https:\\\/\\\/fisio-shop.pt\\\/?product=pedaleira-activa-passiva-oxycycle-3#wooCommerceOffer\",\"price\":773.69,\"priceCurrency\":\"EUR\",\"category\":\"Sa\\u00fade\",\"availability\":\"https:\\\/\\\/schema.org\\\/InStock\",\"priceSpecification\":{\"@type\":\"PriceSpecification\",\"price\":773.69,\"priceCurrency\":\"EUR\",\"valueAddedTaxIncluded\":\"true\"},\"seller\":{\"@type\":\"Organization\",\"@id\":\"https:\\\/\\\/fisio-shop.pt\\\/#organization\"}}},{\"@type\":\"WebPage\",\"@id\":\"https:\\\/\\\/fisio-shop.pt\\\/?product=pedaleira-activa-passiva-oxycycle-3#webpage\",\"url\":\"https:\\\/\\\/fisio-shop.pt\\\/?product=pedaleira-activa-passiva-oxycycle-3\",\"name\":\"PEDALEIRA ACTIVA \\\/ PASSIVA - Fisio-shop\",\"description\":\"Pedaleira activa \\\/ passiva especificamente direccionada para a execu\\u00e7\\u00e3o de exerc\\u00edcios corporais de baixo impacto que visam aumentar for\\u00e7a e flexibilidade dos membros superior e inferior e promover a circula\\u00e7\\u00e3o sangu\\u00ednea.\",\"inLanguage\":\"pt-PT\",\"isPartOf\":{\"@id\":\"https:\\\/\\\/fisio-shop.pt\\\/#website\"},\"breadcrumb\":{\"@id\":\"https:\\\/\\\/fisio-shop.pt\\\/?product=pedaleira-activa-passiva-oxycycle-3#breadcrumblist\"},\"image\":{\"@type\":\"ImageObject\",\"url\":\"https:\\\/\\\/fisio-shop.pt\\\/wp-content\\\/uploads\\\/2026\\\/02\\\/OXYCYCLE-3-1-1.jpg\",\"@id\":\"https:\\\/\\\/fisio-shop.pt\\\/?product=pedaleira-activa-passiva-oxycycle-3\\\/#mainImage\",\"width\":600,\"height\":600},\"primaryImageOfPage\":{\"@id\":\"https:\\\/\\\/fisio-shop.pt\\\/?product=pedaleira-activa-passiva-oxycycle-3#mainImage\"},\"datePublished\":\"2017-06-07T16:57:33+00:00\",\"dateModified\":\"2026-02-25T19:54:22+00:00\"},{\"@type\":\"WebSite\",\"@id\":\"https:\\\/\\\/fisio-shop.pt\\\/#website\",\"url\":\"https:\\\/\\\/fisio-shop.pt\\\/\",\"name\":\"Fisio-shop\",\"description\":\"Empresa especializada na distribui\\u00e7\\u00e3o de equipamentos profissionais para os mercados da Fisioterapia, Geriatria, Fitness e Medicina Desportiva.\",\"inLanguage\":\"pt-PT\",\"publisher\":{\"@id\":\"https:\\\/\\\/fisio-shop.pt\\\/#organization\"}}]}\n\t\t<\/script>\n\t\t<!-- All in One SEO Pro -->\r\n\t\t<title>PEDALEIRA ACTIVA \/ PASSIVA - Fisio-shop<\/title>\n\n","aioseo_head_json":{"title":"PEDALEIRA ACTIVA \/ PASSIVA - Fisio-shop","description":"Pedaleira activa \/ passiva especificamente direccionada para a execu\u00e7\u00e3o de exerc\u00edcios corporais de baixo impacto que visam aumentar for\u00e7a e flexibilidade dos membros superior e inferior e promover a circula\u00e7\u00e3o sangu\u00ednea.","canonical_url":"https:\/\/fisio-shop.pt\/?product=pedaleira-activa-passiva-oxycycle-3","robots":"max-image-preview:large","keywords":"","webmasterTools":{"miscellaneous":""},"schema":{"@context":"https:\/\/schema.org","@graph":[{"@type":"BreadcrumbList","@id":"https:\/\/fisio-shop.pt\/?product=pedaleira-activa-passiva-oxycycle-3#breadcrumblist","itemListElement":[{"@type":"ListItem","@id":"https:\/\/fisio-shop.pt#listItem","position":1,"name":"Home","item":"https:\/\/fisio-shop.pt","nextItem":{"@type":"ListItem","@id":"https:\/\/fisio-shop.pt\/?page_id=5#listItem","name":"Loja"}},{"@type":"ListItem","@id":"https:\/\/fisio-shop.pt\/?page_id=5#listItem","position":2,"name":"Loja","item":"https:\/\/fisio-shop.pt\/?page_id=5","nextItem":{"@type":"ListItem","@id":"https:\/\/fisio-shop.pt\/?product_cat=saude#listItem","name":"Sa\u00fade"},"previousItem":{"@type":"ListItem","@id":"https:\/\/fisio-shop.pt#listItem","name":"Home"}},{"@type":"ListItem","@id":"https:\/\/fisio-shop.pt\/?product_cat=saude#listItem","position":3,"name":"Sa\u00fade","item":"https:\/\/fisio-shop.pt\/?product_cat=saude","nextItem":{"@type":"ListItem","@id":"https:\/\/fisio-shop.pt\/?product_cat=equipamentos-para-medicina-fisica-e-reabilitacao#listItem","name":"Equipamentos para medicina f\u00edsica e reabilita\u00e7\u00e3o"},"previousItem":{"@type":"ListItem","@id":"https:\/\/fisio-shop.pt\/?page_id=5#listItem","name":"Loja"}},{"@type":"ListItem","@id":"https:\/\/fisio-shop.pt\/?product_cat=equipamentos-para-medicina-fisica-e-reabilitacao#listItem","position":4,"name":"Equipamentos para medicina f\u00edsica e reabilita\u00e7\u00e3o","item":"https:\/\/fisio-shop.pt\/?product_cat=equipamentos-para-medicina-fisica-e-reabilitacao","nextItem":{"@type":"ListItem","@id":"https:\/\/fisio-shop.pt\/?product_cat=mecanoterapia#listItem","name":"Mecanoterapia"},"previousItem":{"@type":"ListItem","@id":"https:\/\/fisio-shop.pt\/?product_cat=saude#listItem","name":"Sa\u00fade"}},{"@type":"ListItem","@id":"https:\/\/fisio-shop.pt\/?product_cat=mecanoterapia#listItem","position":5,"name":"Mecanoterapia","item":"https:\/\/fisio-shop.pt\/?product_cat=mecanoterapia","nextItem":{"@type":"ListItem","@id":"https:\/\/fisio-shop.pt\/?product_cat=pedaleiras#listItem","name":"Pedaleiras"},"previousItem":{"@type":"ListItem","@id":"https:\/\/fisio-shop.pt\/?product_cat=equipamentos-para-medicina-fisica-e-reabilitacao#listItem","name":"Equipamentos para medicina f\u00edsica e reabilita\u00e7\u00e3o"}},{"@type":"ListItem","@id":"https:\/\/fisio-shop.pt\/?product_cat=pedaleiras#listItem","position":6,"name":"Pedaleiras","item":"https:\/\/fisio-shop.pt\/?product_cat=pedaleiras","nextItem":{"@type":"ListItem","@id":"https:\/\/fisio-shop.pt\/?product=pedaleira-activa-passiva-oxycycle-3#listItem","name":"PEDALEIRA ACTIVA \/ PASSIVA"},"previousItem":{"@type":"ListItem","@id":"https:\/\/fisio-shop.pt\/?product_cat=mecanoterapia#listItem","name":"Mecanoterapia"}},{"@type":"ListItem","@id":"https:\/\/fisio-shop.pt\/?product=pedaleira-activa-passiva-oxycycle-3#listItem","position":7,"name":"PEDALEIRA ACTIVA \/ PASSIVA","previousItem":{"@type":"ListItem","@id":"https:\/\/fisio-shop.pt\/?product_cat=pedaleiras#listItem","name":"Pedaleiras"}}]},{"@type":"Organization","@id":"https:\/\/fisio-shop.pt\/#organization","name":"Fisio-shop","description":"Empresa especializada na distribui\u00e7\u00e3o de equipamentos profissionais para os mercados da Fisioterapia, Geriatria, Fitness e Medicina Desportiva. Empresa especializada na distribui\u00e7\u00e3o de equipamentos profissionais para os mercados da Fisioterapia, Geriatria, Fitness e Medicina Desportiva.","url":"https:\/\/fisio-shop.pt\/","logo":{"@type":"ImageObject","url":"https:\/\/fisio-shop.pt\/wp-content\/uploads\/2026\/04\/android-chrome-192x192-1.png","@id":"https:\/\/fisio-shop.pt\/?product=pedaleira-activa-passiva-oxycycle-3\/#organizationLogo"},"image":{"@id":"https:\/\/fisio-shop.pt\/?product=pedaleira-activa-passiva-oxycycle-3\/#organizationLogo"},"sameAs":["https:\/\/www.facebook.com\/p\/Fisioshop-Comrcio-de-Equipamentos-Lda-100036934916130\/"]},{"@type":"Product","@id":"https:\/\/fisio-shop.pt\/?product=pedaleira-activa-passiva-oxycycle-3#wooCommerceProduct","name":"PEDALEIRA ACTIVA \/ PASSIVA","description":"Pedaleira activa \/ passiva especificamente direccionada para a execu\u00e7\u00e3o de exerc\u00edcios corporais de baixo impacto que visam aumentar\u00a0for\u00e7a e flexibilidade dos membros superior e inferior e promover a circula\u00e7\u00e3o sangu\u00ednea.","url":"https:\/\/fisio-shop.pt\/?product=pedaleira-activa-passiva-oxycycle-3","sku":"MEC0002","image":{"@type":"ImageObject","url":"https:\/\/fisio-shop.pt\/wp-content\/uploads\/2026\/02\/OXYCYCLE-3-1-1.jpg","@id":"https:\/\/fisio-shop.pt\/?product=pedaleira-activa-passiva-oxycycle-3\/#productImage","width":600,"height":600},"offers":{"@type":"Offer","url":"https:\/\/fisio-shop.pt\/?product=pedaleira-activa-passiva-oxycycle-3#wooCommerceOffer","price":773.69,"priceCurrency":"EUR","category":"Sa\u00fade","availability":"https:\/\/schema.org\/InStock","priceSpecification":{"@type":"PriceSpecification","price":773.69,"priceCurrency":"EUR","valueAddedTaxIncluded":"true"},"seller":{"@type":"Organization","@id":"https:\/\/fisio-shop.pt\/#organization"}}},{"@type":"WebPage","@id":"https:\/\/fisio-shop.pt\/?product=pedaleira-activa-passiva-oxycycle-3#webpage","url":"https:\/\/fisio-shop.pt\/?product=pedaleira-activa-passiva-oxycycle-3","name":"PEDALEIRA ACTIVA \/ PASSIVA - Fisio-shop","description":"Pedaleira activa \/ passiva especificamente direccionada para a execu\u00e7\u00e3o de exerc\u00edcios corporais de baixo impacto que visam aumentar for\u00e7a e flexibilidade dos membros superior e inferior e promover a circula\u00e7\u00e3o sangu\u00ednea.","inLanguage":"pt-PT","isPartOf":{"@id":"https:\/\/fisio-shop.pt\/#website"},"breadcrumb":{"@id":"https:\/\/fisio-shop.pt\/?product=pedaleira-activa-passiva-oxycycle-3#breadcrumblist"},"image":{"@type":"ImageObject","url":"https:\/\/fisio-shop.pt\/wp-content\/uploads\/2026\/02\/OXYCYCLE-3-1-1.jpg","@id":"https:\/\/fisio-shop.pt\/?product=pedaleira-activa-passiva-oxycycle-3\/#mainImage","width":600,"height":600},"primaryImageOfPage":{"@id":"https:\/\/fisio-shop.pt\/?product=pedaleira-activa-passiva-oxycycle-3#mainImage"},"datePublished":"2017-06-07T16:57:33+00:00","dateModified":"2026-02-25T19:54:22+00:00"},{"@type":"WebSite","@id":"https:\/\/fisio-shop.pt\/#website","url":"https:\/\/fisio-shop.pt\/","name":"Fisio-shop","description":"Empresa especializada na distribui\u00e7\u00e3o de equipamentos profissionais para os mercados da Fisioterapia, Geriatria, Fitness e Medicina Desportiva.","inLanguage":"pt-PT","publisher":{"@id":"https:\/\/fisio-shop.pt\/#organization"}}]},"og:locale":"pt_PT","og:site_name":"Fisio-shop - Empresa especializada na distribui\u00e7\u00e3o de equipamentos profissionais para os mercados da Fisioterapia, Geriatria, Fitness e Medicina Desportiva.","og:type":"article","og:title":"PEDALEIRA ACTIVA \/ PASSIVA - Fisio-shop","og:description":"Pedaleira activa \/ passiva especificamente direccionada para a execu\u00e7\u00e3o de exerc\u00edcios corporais de baixo impacto que visam aumentar for\u00e7a e flexibilidade dos membros superior e inferior e promover a circula\u00e7\u00e3o sangu\u00ednea.","og:url":"https:\/\/fisio-shop.pt\/?product=pedaleira-activa-passiva-oxycycle-3","og:image":"https:\/\/fisio-shop.pt\/wp-content\/uploads\/2026\/04\/android-chrome-192x192-1.png","og:image:secure_url":"https:\/\/fisio-shop.pt\/wp-content\/uploads\/2026\/04\/android-chrome-192x192-1.png","article:published_time":"2017-06-07T16:57:33+00:00","article:modified_time":"2026-02-25T19:54:22+00:00","article:publisher":"https:\/\/www.facebook.com\/p\/Fisioshop-Comrcio-de-Equipamentos-Lda-100036934916130\/","twitter:card":"summary_large_image","twitter:title":"PEDALEIRA ACTIVA \/ PASSIVA - Fisio-shop","twitter:description":"Pedaleira activa \/ passiva especificamente direccionada para a execu\u00e7\u00e3o de exerc\u00edcios corporais de baixo impacto que visam aumentar for\u00e7a e flexibilidade dos membros superior e inferior e promover a circula\u00e7\u00e3o sangu\u00ednea.","twitter:image":"https:\/\/fisio-shop.pt\/wp-content\/uploads\/2026\/04\/android-chrome-192x192-1.png"},"aioseo_meta_data":{"post_id":"8517","title":null,"description":null,"keywords":null,"keyphrases":null,"primary_term":null,"canonical_url":null,"og_title":null,"og_description":null,"og_object_type":"default","og_image_type":"default","og_image_url":null,"og_image_width":null,"og_image_height":null,"og_image_custom_url":null,"og_image_custom_fields":null,"og_video":null,"og_custom_url":null,"og_article_section":null,"og_article_tags":null,"twitter_use_og":false,"twitter_card":"default","twitter_image_type":"default","twitter_image_url":null,"twitter_image_custom_url":null,"twitter_image_custom_fields":null,"twitter_title":null,"twitter_description":null,"schema":{"blockGraphs":[],"customGraphs":[],"default":{"data":{"Article":[],"Course":[],"Dataset":[],"FAQPage":[],"Movie":[],"Person":[],"Product":[],"ProductReview":[],"Car":[],"Recipe":[],"Service":[],"SoftwareApplication":[],"WebPage":[]},"graphName":"","isEnabled":true},"graphs":[]},"schema_type":"default","schema_type_options":null,"pillar_content":false,"robots_default":true,"robots_noindex":false,"robots_noarchive":false,"robots_nosnippet":false,"robots_nofollow":false,"robots_noimageindex":false,"robots_noodp":false,"robots_notranslate":false,"robots_max_snippet":null,"robots_max_videopreview":null,"robots_max_imagepreview":"large","priority":null,"frequency":null,"local_seo":null,"seo_analyzer_scan_date":"2026-04-18 09:40:01","breadcrumb_settings":null,"limit_modified_date":false,"open_ai":null,"ai":null,"created":"2026-04-18 07:02:18","updated":"2026-04-18 21:34:51"},"aioseo_breadcrumb":"<div class=\"aioseo-breadcrumbs\"><span class=\"aioseo-breadcrumb\">\n\t<a href=\"https:\/\/fisio-shop.pt\" title=\"Home\">Home<\/a>\n<\/span><span class=\"aioseo-breadcrumb-separator\">\u00bb<\/span><span class=\"aioseo-breadcrumb\">\n\t<a href=\"https:\/\/fisio-shop.pt\/?page_id=5\" title=\"Loja\">Loja<\/a>\n<\/span><span class=\"aioseo-breadcrumb-separator\">\u00bb<\/span><span class=\"aioseo-breadcrumb\">\n\t<a href=\"https:\/\/fisio-shop.pt\/?product_cat=saude\" title=\"Sa\u00fade\">Sa\u00fade<\/a>\n<\/span><span class=\"aioseo-breadcrumb-separator\">\u00bb<\/span><span class=\"aioseo-breadcrumb\">\n\t<a href=\"https:\/\/fisio-shop.pt\/?product_cat=equipamentos-para-medicina-fisica-e-reabilitacao\" title=\"Equipamentos para medicina f\u00edsica e reabilita\u00e7\u00e3o\">Equipamentos para medicina f\u00edsica e reabilita\u00e7\u00e3o<\/a>\n<\/span><span class=\"aioseo-breadcrumb-separator\">\u00bb<\/span><span class=\"aioseo-breadcrumb\">\n\t<a href=\"https:\/\/fisio-shop.pt\/?product_cat=mecanoterapia\" title=\"Mecanoterapia\">Mecanoterapia<\/a>\n<\/span><span class=\"aioseo-breadcrumb-separator\">\u00bb<\/span><span class=\"aioseo-breadcrumb\">\n\t<a href=\"https:\/\/fisio-shop.pt\/?product_cat=pedaleiras\" title=\"Pedaleiras\">Pedaleiras<\/a>\n<\/span><span class=\"aioseo-breadcrumb-separator\">\u00bb<\/span><span class=\"aioseo-breadcrumb\">\n\tPEDALEIRA ACTIVA \/ PASSIVA\n<\/span><\/div>","aioseo_breadcrumb_json":[{"label":"Home","link":"https:\/\/fisio-shop.pt"},{"label":"Loja","link":"https:\/\/fisio-shop.pt\/?page_id=5"},{"label":"Sa\u00fade","link":"https:\/\/fisio-shop.pt\/?product_cat=saude"},{"label":"Equipamentos para medicina f\u00edsica e reabilita\u00e7\u00e3o","link":"https:\/\/fisio-shop.pt\/?product_cat=equipamentos-para-medicina-fisica-e-reabilitacao"},{"label":"Mecanoterapia","link":"https:\/\/fisio-shop.pt\/?product_cat=mecanoterapia"},{"label":"Pedaleiras","link":"https:\/\/fisio-shop.pt\/?product_cat=pedaleiras"},{"label":"PEDALEIRA ACTIVA \/ PASSIVA","link":"https:\/\/fisio-shop.pt\/?product=pedaleira-activa-passiva-oxycycle-3"}],"_links":{"self":[{"href":"https:\/\/fisio-shop.pt\/index.php?rest_route=\/wp\/v2\/product\/8517","targetHints":{"allow":["GET"]}}],"collection":[{"href":"https:\/\/fisio-shop.pt\/index.php?rest_route=\/wp\/v2\/product"}],"about":[{"href":"https:\/\/fisio-shop.pt\/index.php?rest_route=\/wp\/v2\/types\/product"}],"replies":[{"embeddable":true,"href":"https:\/\/fisio-shop.pt\/index.php?rest_route=%2Fwp%2Fv2%2Fcomments&post=8517"}],"version-history":[{"count":0,"href":"https:\/\/fisio-shop.pt\/index.php?rest_route=\/wp\/v2\/product\/8517\/revisions"}],"wp:featuredmedia":[{"embeddable":true,"href":"https:\/\/fisio-shop.pt\/index.php?rest_route=\/wp\/v2\/media\/10835"}],"wp:attachment":[{"href":"https:\/\/fisio-shop.pt\/index.php?rest_route=%2Fwp%2Fv2%2Fmedia&parent=8517"}],"wp:term":[{"taxonomy":"product_brand","embeddable":true,"href":"https:\/\/fisio-shop.pt\/index.php?rest_route=%2Fwp%2Fv2%2Fproduct_brand&post=8517"},{"taxonomy":"product_cat","embeddable":true,"href":"https:\/\/fisio-shop.pt\/index.php?rest_route=%2Fwp%2Fv2%2Fproduct_cat&post=8517"},{"taxonomy":"product_tag","embeddable":true,"href":"https:\/\/fisio-shop.pt\/index.php?rest_route=%2Fwp%2Fv2%2Fproduct_tag&post=8517"}],"curies":[{"name":"wp","href":"https:\/\/api.w.org\/{rel}","templated":true}]}}