{"id":8565,"date":"2017-06-08T16:01:58","date_gmt":"2017-06-08T16:01:58","guid":{"rendered":"https:\/\/fisio-shop.pt\/loja\/maquina-de-cubos-de-gelo-acm126\/"},"modified":"2026-02-25T19:54:52","modified_gmt":"2026-02-25T19:54:52","slug":"maquina-de-cubos-de-gelo-acm126","status":"publish","type":"product","link":"https:\/\/fisio-shop.pt\/?product=maquina-de-cubos-de-gelo-acm126","title":{"rendered":"M\u00c1QUINA DE CUBOS DE GELO M\u00c9DIOS"},"content":{"rendered":"<p><strong>Caracter\u00edsticas t\u00e9cnicas:<\/strong><strong>\u00a0<\/strong><\/p>\n<ul>\n<li>Refrigera\u00e7\u00e3o com ar;<\/li>\n<li>Fabricada em a\u00e7o inoxid\u00e1vel;<\/li>\n<li>Standard: cubo m\u00e9dio;<\/li>\n<li>Dimens\u00f5es: 930 (pernas + 120) x 680 x 600 mm (A x L x P);<\/li>\n<li>Produ\u00e7\u00e3o m\u00e1xima\/24 horas: 71 kg;<\/li>\n<li>Cubos: 3550;<\/li>\n<li>Temperatura ambiente 21\u00b0C\/\u00e1gua 15\u00b0C: 67 kg;<\/li>\n<li>Capacidade do reservat\u00f3rio: 39 kg;<\/li>\n<li>Peso: 75 kg;<\/li>\n<li>Consumo: Refrigera\u00e7\u00e3o com ar: 190 litros de \u00e1gua @15\u00b0C;<\/li>\n<li>Electricidade: 14kwh;<\/li>\n<li>Circuito el\u00e9ctrico: 13amp;<\/li>\n<li>Voltagem: 230\/50\/1;<\/li>\n<li>Ref: SCOT.ACM.126<\/li>\n<\/ul>\n<p>&nbsp;<\/p>\n","protected":false},"excerpt":{"rendered":"<p>M\u00e1quina de produ\u00e7\u00e3o de cubos de gelo fabricada em a\u00e7o inoxid\u00e1vel, com sistema de refrigera\u00e7\u00e3o a ar.<\/p>\n","protected":false},"featured_media":10903,"comment_status":"open","ping_status":"closed","template":"","meta":{"rs_blank_template":"","rs_page_bg_color":"","slide_template_v7":""},"product_brand":[],"product_cat":[1397,1401,1433,1441],"product_tag":[],"class_list":{"0":"post-8565","1":"product","2":"type-product","3":"status-publish","4":"has-post-thumbnail","6":"product_cat-saude","7":"product_cat-equipamentos-para-medicina-fisica-e-reabilitacao","8":"product_cat-termoterapia-e-crioterapia","9":"product_cat-maquinas-de-fazer-gelo","11":"first","12":"instock","13":"shipping-taxable","14":"purchasable","15":"product-type-simple"},"aioseo_notices":[],"etheme_brands":{"errors":{"invalid_taxonomy":["Taxonomia inv\u00e1lida."]},"error_data":[]},"aioseo_head":"\n\t\t<!-- All in One SEO Pro 4.9.0 - aioseo.com -->\n\t<meta name=\"description\" content=\"M\u00e1quina de produ\u00e7\u00e3o de cubos de gelo fabricada em a\u00e7o inoxid\u00e1vel, com sistema de refrigera\u00e7\u00e3o a ar.\" \/>\n\t<meta name=\"robots\" content=\"max-image-preview:large\" \/>\n\t<link rel=\"canonical\" href=\"https:\/\/fisio-shop.pt\/?product=maquina-de-cubos-de-gelo-acm126\" \/>\n\t<meta name=\"generator\" content=\"All in One SEO Pro (AIOSEO) 4.9.0\" \/>\n\t\t<meta property=\"og:locale\" content=\"pt_PT\" \/>\n\t\t<meta property=\"og:site_name\" content=\"Fisio-shop - Empresa especializada na distribui\u00e7\u00e3o de equipamentos profissionais para os mercados da Fisioterapia, Geriatria, Fitness e Medicina Desportiva.\" \/>\n\t\t<meta property=\"og:type\" content=\"article\" \/>\n\t\t<meta property=\"og:title\" content=\"M\u00c1QUINA DE CUBOS DE GELO M\u00c9DIOS - Fisio-shop\" \/>\n\t\t<meta property=\"og:description\" content=\"M\u00e1quina de produ\u00e7\u00e3o de cubos de gelo fabricada em a\u00e7o inoxid\u00e1vel, com sistema de refrigera\u00e7\u00e3o a ar.\" \/>\n\t\t<meta property=\"og:url\" content=\"https:\/\/fisio-shop.pt\/?product=maquina-de-cubos-de-gelo-acm126\" \/>\n\t\t<meta property=\"og:image\" content=\"https:\/\/fisio-shop.pt\/wp-content\/uploads\/2026\/04\/android-chrome-192x192-1.png\" \/>\n\t\t<meta property=\"og:image:secure_url\" content=\"https:\/\/fisio-shop.pt\/wp-content\/uploads\/2026\/04\/android-chrome-192x192-1.png\" \/>\n\t\t<meta property=\"article:published_time\" content=\"2017-06-08T16:01:58+00:00\" \/>\n\t\t<meta property=\"article:modified_time\" content=\"2026-02-25T19:54:52+00:00\" \/>\n\t\t<meta property=\"article:publisher\" content=\"https:\/\/www.facebook.com\/p\/Fisioshop-Comrcio-de-Equipamentos-Lda-100036934916130\/\" \/>\n\t\t<meta name=\"twitter:card\" content=\"summary_large_image\" \/>\n\t\t<meta name=\"twitter:title\" content=\"M\u00c1QUINA DE CUBOS DE GELO M\u00c9DIOS - Fisio-shop\" \/>\n\t\t<meta name=\"twitter:description\" content=\"M\u00e1quina de produ\u00e7\u00e3o de cubos de gelo fabricada em a\u00e7o inoxid\u00e1vel, com sistema de refrigera\u00e7\u00e3o a ar.\" \/>\n\t\t<meta name=\"twitter:image\" content=\"https:\/\/fisio-shop.pt\/wp-content\/uploads\/2026\/04\/android-chrome-192x192-1.png\" \/>\n\t\t<script type=\"application\/ld+json\" class=\"aioseo-schema\">\n\t\t\t{\"@context\":\"https:\\\/\\\/schema.org\",\"@graph\":[{\"@type\":\"BreadcrumbList\",\"@id\":\"https:\\\/\\\/fisio-shop.pt\\\/?product=maquina-de-cubos-de-gelo-acm126#breadcrumblist\",\"itemListElement\":[{\"@type\":\"ListItem\",\"@id\":\"https:\\\/\\\/fisio-shop.pt#listItem\",\"position\":1,\"name\":\"Home\",\"item\":\"https:\\\/\\\/fisio-shop.pt\",\"nextItem\":{\"@type\":\"ListItem\",\"@id\":\"https:\\\/\\\/fisio-shop.pt\\\/?page_id=5#listItem\",\"name\":\"Loja\"}},{\"@type\":\"ListItem\",\"@id\":\"https:\\\/\\\/fisio-shop.pt\\\/?page_id=5#listItem\",\"position\":2,\"name\":\"Loja\",\"item\":\"https:\\\/\\\/fisio-shop.pt\\\/?page_id=5\",\"nextItem\":{\"@type\":\"ListItem\",\"@id\":\"https:\\\/\\\/fisio-shop.pt\\\/?product_cat=saude#listItem\",\"name\":\"Sa\\u00fade\"},\"previousItem\":{\"@type\":\"ListItem\",\"@id\":\"https:\\\/\\\/fisio-shop.pt#listItem\",\"name\":\"Home\"}},{\"@type\":\"ListItem\",\"@id\":\"https:\\\/\\\/fisio-shop.pt\\\/?product_cat=saude#listItem\",\"position\":3,\"name\":\"Sa\\u00fade\",\"item\":\"https:\\\/\\\/fisio-shop.pt\\\/?product_cat=saude\",\"nextItem\":{\"@type\":\"ListItem\",\"@id\":\"https:\\\/\\\/fisio-shop.pt\\\/?product_cat=equipamentos-para-medicina-fisica-e-reabilitacao#listItem\",\"name\":\"Equipamentos para medicina f\\u00edsica e reabilita\\u00e7\\u00e3o\"},\"previousItem\":{\"@type\":\"ListItem\",\"@id\":\"https:\\\/\\\/fisio-shop.pt\\\/?page_id=5#listItem\",\"name\":\"Loja\"}},{\"@type\":\"ListItem\",\"@id\":\"https:\\\/\\\/fisio-shop.pt\\\/?product_cat=equipamentos-para-medicina-fisica-e-reabilitacao#listItem\",\"position\":4,\"name\":\"Equipamentos para medicina f\\u00edsica e reabilita\\u00e7\\u00e3o\",\"item\":\"https:\\\/\\\/fisio-shop.pt\\\/?product_cat=equipamentos-para-medicina-fisica-e-reabilitacao\",\"nextItem\":{\"@type\":\"ListItem\",\"@id\":\"https:\\\/\\\/fisio-shop.pt\\\/?product_cat=termoterapia-e-crioterapia#listItem\",\"name\":\"Termoterapia e crioterapia\"},\"previousItem\":{\"@type\":\"ListItem\",\"@id\":\"https:\\\/\\\/fisio-shop.pt\\\/?product_cat=saude#listItem\",\"name\":\"Sa\\u00fade\"}},{\"@type\":\"ListItem\",\"@id\":\"https:\\\/\\\/fisio-shop.pt\\\/?product_cat=termoterapia-e-crioterapia#listItem\",\"position\":5,\"name\":\"Termoterapia e crioterapia\",\"item\":\"https:\\\/\\\/fisio-shop.pt\\\/?product_cat=termoterapia-e-crioterapia\",\"nextItem\":{\"@type\":\"ListItem\",\"@id\":\"https:\\\/\\\/fisio-shop.pt\\\/?product_cat=maquinas-de-fazer-gelo#listItem\",\"name\":\"Maquinas de fazer gelo\"},\"previousItem\":{\"@type\":\"ListItem\",\"@id\":\"https:\\\/\\\/fisio-shop.pt\\\/?product_cat=equipamentos-para-medicina-fisica-e-reabilitacao#listItem\",\"name\":\"Equipamentos para medicina f\\u00edsica e reabilita\\u00e7\\u00e3o\"}},{\"@type\":\"ListItem\",\"@id\":\"https:\\\/\\\/fisio-shop.pt\\\/?product_cat=maquinas-de-fazer-gelo#listItem\",\"position\":6,\"name\":\"Maquinas de fazer gelo\",\"item\":\"https:\\\/\\\/fisio-shop.pt\\\/?product_cat=maquinas-de-fazer-gelo\",\"nextItem\":{\"@type\":\"ListItem\",\"@id\":\"https:\\\/\\\/fisio-shop.pt\\\/?product=maquina-de-cubos-de-gelo-acm126#listItem\",\"name\":\"M\\u00c1QUINA DE CUBOS DE GELO M\\u00c9DIOS\"},\"previousItem\":{\"@type\":\"ListItem\",\"@id\":\"https:\\\/\\\/fisio-shop.pt\\\/?product_cat=termoterapia-e-crioterapia#listItem\",\"name\":\"Termoterapia e crioterapia\"}},{\"@type\":\"ListItem\",\"@id\":\"https:\\\/\\\/fisio-shop.pt\\\/?product=maquina-de-cubos-de-gelo-acm126#listItem\",\"position\":7,\"name\":\"M\\u00c1QUINA DE CUBOS DE GELO M\\u00c9DIOS\",\"previousItem\":{\"@type\":\"ListItem\",\"@id\":\"https:\\\/\\\/fisio-shop.pt\\\/?product_cat=maquinas-de-fazer-gelo#listItem\",\"name\":\"Maquinas de fazer gelo\"}}]},{\"@type\":\"Organization\",\"@id\":\"https:\\\/\\\/fisio-shop.pt\\\/#organization\",\"name\":\"Fisio-shop\",\"description\":\"Empresa especializada na distribui\\u00e7\\u00e3o de equipamentos profissionais para os mercados da Fisioterapia, Geriatria, Fitness e Medicina Desportiva. Empresa especializada na distribui\\u00e7\\u00e3o de equipamentos profissionais para os mercados da Fisioterapia, Geriatria, Fitness e Medicina Desportiva.\",\"url\":\"https:\\\/\\\/fisio-shop.pt\\\/\",\"logo\":{\"@type\":\"ImageObject\",\"url\":\"https:\\\/\\\/fisio-shop.pt\\\/wp-content\\\/uploads\\\/2026\\\/04\\\/android-chrome-192x192-1.png\",\"@id\":\"https:\\\/\\\/fisio-shop.pt\\\/?product=maquina-de-cubos-de-gelo-acm126\\\/#organizationLogo\"},\"image\":{\"@id\":\"https:\\\/\\\/fisio-shop.pt\\\/?product=maquina-de-cubos-de-gelo-acm126\\\/#organizationLogo\"},\"sameAs\":[\"https:\\\/\\\/www.facebook.com\\\/p\\\/Fisioshop-Comrcio-de-Equipamentos-Lda-100036934916130\\\/\"]},{\"@type\":\"Product\",\"@id\":\"https:\\\/\\\/fisio-shop.pt\\\/?product=maquina-de-cubos-de-gelo-acm126#wooCommerceProduct\",\"name\":\"M\\u00c1QUINA DE CUBOS DE GELO M\\u00c9DIOS\",\"description\":\"M\\u00e1quina de produ\\u00e7\\u00e3o de cubos de gelo fabricada em a\\u00e7o inoxid\\u00e1vel, com sistema de refrigera\\u00e7\\u00e3o a ar.\",\"url\":\"https:\\\/\\\/fisio-shop.pt\\\/?product=maquina-de-cubos-de-gelo-acm126\",\"sku\":\"SCOT-ACM.126\",\"image\":{\"@type\":\"ImageObject\",\"url\":\"https:\\\/\\\/fisio-shop.pt\\\/wp-content\\\/uploads\\\/2026\\\/02\\\/ACM126-1.jpg\",\"@id\":\"https:\\\/\\\/fisio-shop.pt\\\/?product=maquina-de-cubos-de-gelo-acm126\\\/#productImage\",\"width\":223,\"height\":261},\"offers\":{\"@type\":\"Offer\",\"url\":\"https:\\\/\\\/fisio-shop.pt\\\/?product=maquina-de-cubos-de-gelo-acm126#wooCommerceOffer\",\"price\":3199.46,\"priceCurrency\":\"EUR\",\"category\":\"Sa\\u00fade\",\"availability\":\"https:\\\/\\\/schema.org\\\/InStock\",\"priceSpecification\":{\"@type\":\"PriceSpecification\",\"price\":3199.46,\"priceCurrency\":\"EUR\",\"valueAddedTaxIncluded\":\"true\"},\"seller\":{\"@type\":\"Organization\",\"@id\":\"https:\\\/\\\/fisio-shop.pt\\\/#organization\"}}},{\"@type\":\"WebPage\",\"@id\":\"https:\\\/\\\/fisio-shop.pt\\\/?product=maquina-de-cubos-de-gelo-acm126#webpage\",\"url\":\"https:\\\/\\\/fisio-shop.pt\\\/?product=maquina-de-cubos-de-gelo-acm126\",\"name\":\"M\\u00c1QUINA DE CUBOS DE GELO M\\u00c9DIOS - Fisio-shop\",\"description\":\"M\\u00e1quina de produ\\u00e7\\u00e3o de cubos de gelo fabricada em a\\u00e7o inoxid\\u00e1vel, com sistema de refrigera\\u00e7\\u00e3o a ar.\",\"inLanguage\":\"pt-PT\",\"isPartOf\":{\"@id\":\"https:\\\/\\\/fisio-shop.pt\\\/#website\"},\"breadcrumb\":{\"@id\":\"https:\\\/\\\/fisio-shop.pt\\\/?product=maquina-de-cubos-de-gelo-acm126#breadcrumblist\"},\"image\":{\"@type\":\"ImageObject\",\"url\":\"https:\\\/\\\/fisio-shop.pt\\\/wp-content\\\/uploads\\\/2026\\\/02\\\/ACM126-1.jpg\",\"@id\":\"https:\\\/\\\/fisio-shop.pt\\\/?product=maquina-de-cubos-de-gelo-acm126\\\/#mainImage\",\"width\":223,\"height\":261},\"primaryImageOfPage\":{\"@id\":\"https:\\\/\\\/fisio-shop.pt\\\/?product=maquina-de-cubos-de-gelo-acm126#mainImage\"},\"datePublished\":\"2017-06-08T16:01:58+00:00\",\"dateModified\":\"2026-02-25T19:54:52+00:00\"},{\"@type\":\"WebSite\",\"@id\":\"https:\\\/\\\/fisio-shop.pt\\\/#website\",\"url\":\"https:\\\/\\\/fisio-shop.pt\\\/\",\"name\":\"Fisio-shop\",\"description\":\"Empresa especializada na distribui\\u00e7\\u00e3o de equipamentos profissionais para os mercados da Fisioterapia, Geriatria, Fitness e Medicina Desportiva.\",\"inLanguage\":\"pt-PT\",\"publisher\":{\"@id\":\"https:\\\/\\\/fisio-shop.pt\\\/#organization\"}}]}\n\t\t<\/script>\n\t\t<!-- All in One SEO Pro -->\r\n\t\t<title>M\u00c1QUINA DE CUBOS DE GELO M\u00c9DIOS - Fisio-shop<\/title>\n\n","aioseo_head_json":{"title":"M\u00c1QUINA DE CUBOS DE GELO M\u00c9DIOS - Fisio-shop","description":"M\u00e1quina de produ\u00e7\u00e3o de cubos de gelo fabricada em a\u00e7o inoxid\u00e1vel, com sistema de refrigera\u00e7\u00e3o a ar.","canonical_url":"https:\/\/fisio-shop.pt\/?product=maquina-de-cubos-de-gelo-acm126","robots":"max-image-preview:large","keywords":"","webmasterTools":{"miscellaneous":""},"schema":{"@context":"https:\/\/schema.org","@graph":[{"@type":"BreadcrumbList","@id":"https:\/\/fisio-shop.pt\/?product=maquina-de-cubos-de-gelo-acm126#breadcrumblist","itemListElement":[{"@type":"ListItem","@id":"https:\/\/fisio-shop.pt#listItem","position":1,"name":"Home","item":"https:\/\/fisio-shop.pt","nextItem":{"@type":"ListItem","@id":"https:\/\/fisio-shop.pt\/?page_id=5#listItem","name":"Loja"}},{"@type":"ListItem","@id":"https:\/\/fisio-shop.pt\/?page_id=5#listItem","position":2,"name":"Loja","item":"https:\/\/fisio-shop.pt\/?page_id=5","nextItem":{"@type":"ListItem","@id":"https:\/\/fisio-shop.pt\/?product_cat=saude#listItem","name":"Sa\u00fade"},"previousItem":{"@type":"ListItem","@id":"https:\/\/fisio-shop.pt#listItem","name":"Home"}},{"@type":"ListItem","@id":"https:\/\/fisio-shop.pt\/?product_cat=saude#listItem","position":3,"name":"Sa\u00fade","item":"https:\/\/fisio-shop.pt\/?product_cat=saude","nextItem":{"@type":"ListItem","@id":"https:\/\/fisio-shop.pt\/?product_cat=equipamentos-para-medicina-fisica-e-reabilitacao#listItem","name":"Equipamentos para medicina f\u00edsica e reabilita\u00e7\u00e3o"},"previousItem":{"@type":"ListItem","@id":"https:\/\/fisio-shop.pt\/?page_id=5#listItem","name":"Loja"}},{"@type":"ListItem","@id":"https:\/\/fisio-shop.pt\/?product_cat=equipamentos-para-medicina-fisica-e-reabilitacao#listItem","position":4,"name":"Equipamentos para medicina f\u00edsica e reabilita\u00e7\u00e3o","item":"https:\/\/fisio-shop.pt\/?product_cat=equipamentos-para-medicina-fisica-e-reabilitacao","nextItem":{"@type":"ListItem","@id":"https:\/\/fisio-shop.pt\/?product_cat=termoterapia-e-crioterapia#listItem","name":"Termoterapia e crioterapia"},"previousItem":{"@type":"ListItem","@id":"https:\/\/fisio-shop.pt\/?product_cat=saude#listItem","name":"Sa\u00fade"}},{"@type":"ListItem","@id":"https:\/\/fisio-shop.pt\/?product_cat=termoterapia-e-crioterapia#listItem","position":5,"name":"Termoterapia e crioterapia","item":"https:\/\/fisio-shop.pt\/?product_cat=termoterapia-e-crioterapia","nextItem":{"@type":"ListItem","@id":"https:\/\/fisio-shop.pt\/?product_cat=maquinas-de-fazer-gelo#listItem","name":"Maquinas de fazer gelo"},"previousItem":{"@type":"ListItem","@id":"https:\/\/fisio-shop.pt\/?product_cat=equipamentos-para-medicina-fisica-e-reabilitacao#listItem","name":"Equipamentos para medicina f\u00edsica e reabilita\u00e7\u00e3o"}},{"@type":"ListItem","@id":"https:\/\/fisio-shop.pt\/?product_cat=maquinas-de-fazer-gelo#listItem","position":6,"name":"Maquinas de fazer gelo","item":"https:\/\/fisio-shop.pt\/?product_cat=maquinas-de-fazer-gelo","nextItem":{"@type":"ListItem","@id":"https:\/\/fisio-shop.pt\/?product=maquina-de-cubos-de-gelo-acm126#listItem","name":"M\u00c1QUINA DE CUBOS DE GELO M\u00c9DIOS"},"previousItem":{"@type":"ListItem","@id":"https:\/\/fisio-shop.pt\/?product_cat=termoterapia-e-crioterapia#listItem","name":"Termoterapia e crioterapia"}},{"@type":"ListItem","@id":"https:\/\/fisio-shop.pt\/?product=maquina-de-cubos-de-gelo-acm126#listItem","position":7,"name":"M\u00c1QUINA DE CUBOS DE GELO M\u00c9DIOS","previousItem":{"@type":"ListItem","@id":"https:\/\/fisio-shop.pt\/?product_cat=maquinas-de-fazer-gelo#listItem","name":"Maquinas de fazer gelo"}}]},{"@type":"Organization","@id":"https:\/\/fisio-shop.pt\/#organization","name":"Fisio-shop","description":"Empresa especializada na distribui\u00e7\u00e3o de equipamentos profissionais para os mercados da Fisioterapia, Geriatria, Fitness e Medicina Desportiva. Empresa especializada na distribui\u00e7\u00e3o de equipamentos profissionais para os mercados da Fisioterapia, Geriatria, Fitness e Medicina Desportiva.","url":"https:\/\/fisio-shop.pt\/","logo":{"@type":"ImageObject","url":"https:\/\/fisio-shop.pt\/wp-content\/uploads\/2026\/04\/android-chrome-192x192-1.png","@id":"https:\/\/fisio-shop.pt\/?product=maquina-de-cubos-de-gelo-acm126\/#organizationLogo"},"image":{"@id":"https:\/\/fisio-shop.pt\/?product=maquina-de-cubos-de-gelo-acm126\/#organizationLogo"},"sameAs":["https:\/\/www.facebook.com\/p\/Fisioshop-Comrcio-de-Equipamentos-Lda-100036934916130\/"]},{"@type":"Product","@id":"https:\/\/fisio-shop.pt\/?product=maquina-de-cubos-de-gelo-acm126#wooCommerceProduct","name":"M\u00c1QUINA DE CUBOS DE GELO M\u00c9DIOS","description":"M\u00e1quina de produ\u00e7\u00e3o de cubos de gelo fabricada em a\u00e7o inoxid\u00e1vel, com sistema de refrigera\u00e7\u00e3o a ar.","url":"https:\/\/fisio-shop.pt\/?product=maquina-de-cubos-de-gelo-acm126","sku":"SCOT-ACM.126","image":{"@type":"ImageObject","url":"https:\/\/fisio-shop.pt\/wp-content\/uploads\/2026\/02\/ACM126-1.jpg","@id":"https:\/\/fisio-shop.pt\/?product=maquina-de-cubos-de-gelo-acm126\/#productImage","width":223,"height":261},"offers":{"@type":"Offer","url":"https:\/\/fisio-shop.pt\/?product=maquina-de-cubos-de-gelo-acm126#wooCommerceOffer","price":3199.46,"priceCurrency":"EUR","category":"Sa\u00fade","availability":"https:\/\/schema.org\/InStock","priceSpecification":{"@type":"PriceSpecification","price":3199.46,"priceCurrency":"EUR","valueAddedTaxIncluded":"true"},"seller":{"@type":"Organization","@id":"https:\/\/fisio-shop.pt\/#organization"}}},{"@type":"WebPage","@id":"https:\/\/fisio-shop.pt\/?product=maquina-de-cubos-de-gelo-acm126#webpage","url":"https:\/\/fisio-shop.pt\/?product=maquina-de-cubos-de-gelo-acm126","name":"M\u00c1QUINA DE CUBOS DE GELO M\u00c9DIOS - Fisio-shop","description":"M\u00e1quina de produ\u00e7\u00e3o de cubos de gelo fabricada em a\u00e7o inoxid\u00e1vel, com sistema de refrigera\u00e7\u00e3o a ar.","inLanguage":"pt-PT","isPartOf":{"@id":"https:\/\/fisio-shop.pt\/#website"},"breadcrumb":{"@id":"https:\/\/fisio-shop.pt\/?product=maquina-de-cubos-de-gelo-acm126#breadcrumblist"},"image":{"@type":"ImageObject","url":"https:\/\/fisio-shop.pt\/wp-content\/uploads\/2026\/02\/ACM126-1.jpg","@id":"https:\/\/fisio-shop.pt\/?product=maquina-de-cubos-de-gelo-acm126\/#mainImage","width":223,"height":261},"primaryImageOfPage":{"@id":"https:\/\/fisio-shop.pt\/?product=maquina-de-cubos-de-gelo-acm126#mainImage"},"datePublished":"2017-06-08T16:01:58+00:00","dateModified":"2026-02-25T19:54:52+00:00"},{"@type":"WebSite","@id":"https:\/\/fisio-shop.pt\/#website","url":"https:\/\/fisio-shop.pt\/","name":"Fisio-shop","description":"Empresa especializada na distribui\u00e7\u00e3o de equipamentos profissionais para os mercados da Fisioterapia, Geriatria, Fitness e Medicina Desportiva.","inLanguage":"pt-PT","publisher":{"@id":"https:\/\/fisio-shop.pt\/#organization"}}]},"og:locale":"pt_PT","og:site_name":"Fisio-shop - Empresa especializada na distribui\u00e7\u00e3o de equipamentos profissionais para os mercados da Fisioterapia, Geriatria, Fitness e Medicina Desportiva.","og:type":"article","og:title":"M\u00c1QUINA DE CUBOS DE GELO M\u00c9DIOS - Fisio-shop","og:description":"M\u00e1quina de produ\u00e7\u00e3o de cubos de gelo fabricada em a\u00e7o inoxid\u00e1vel, com sistema de refrigera\u00e7\u00e3o a ar.","og:url":"https:\/\/fisio-shop.pt\/?product=maquina-de-cubos-de-gelo-acm126","og:image":"https:\/\/fisio-shop.pt\/wp-content\/uploads\/2026\/04\/android-chrome-192x192-1.png","og:image:secure_url":"https:\/\/fisio-shop.pt\/wp-content\/uploads\/2026\/04\/android-chrome-192x192-1.png","article:published_time":"2017-06-08T16:01:58+00:00","article:modified_time":"2026-02-25T19:54:52+00:00","article:publisher":"https:\/\/www.facebook.com\/p\/Fisioshop-Comrcio-de-Equipamentos-Lda-100036934916130\/","twitter:card":"summary_large_image","twitter:title":"M\u00c1QUINA DE CUBOS DE GELO M\u00c9DIOS - Fisio-shop","twitter:description":"M\u00e1quina de produ\u00e7\u00e3o de cubos de gelo fabricada em a\u00e7o inoxid\u00e1vel, com sistema de refrigera\u00e7\u00e3o a ar.","twitter:image":"https:\/\/fisio-shop.pt\/wp-content\/uploads\/2026\/04\/android-chrome-192x192-1.png"},"aioseo_meta_data":{"post_id":"8565","title":null,"description":null,"keywords":null,"keyphrases":null,"primary_term":null,"canonical_url":null,"og_title":null,"og_description":null,"og_object_type":"default","og_image_type":"default","og_image_url":null,"og_image_width":null,"og_image_height":null,"og_image_custom_url":null,"og_image_custom_fields":null,"og_video":null,"og_custom_url":null,"og_article_section":null,"og_article_tags":null,"twitter_use_og":false,"twitter_card":"default","twitter_image_type":"default","twitter_image_url":null,"twitter_image_custom_url":null,"twitter_image_custom_fields":null,"twitter_title":null,"twitter_description":null,"schema":{"blockGraphs":[],"customGraphs":[],"default":{"data":{"Article":[],"Course":[],"Dataset":[],"FAQPage":[],"Movie":[],"Person":[],"Product":[],"ProductReview":[],"Car":[],"Recipe":[],"Service":[],"SoftwareApplication":[],"WebPage":[]},"graphName":"","isEnabled":true},"graphs":[]},"schema_type":"default","schema_type_options":null,"pillar_content":false,"robots_default":true,"robots_noindex":false,"robots_noarchive":false,"robots_nosnippet":false,"robots_nofollow":false,"robots_noimageindex":false,"robots_noodp":false,"robots_notranslate":false,"robots_max_snippet":null,"robots_max_videopreview":null,"robots_max_imagepreview":"large","priority":null,"frequency":null,"local_seo":null,"seo_analyzer_scan_date":"2026-04-18 08:59:47","breadcrumb_settings":null,"limit_modified_date":false,"open_ai":null,"ai":null,"created":"2026-04-18 07:02:18","updated":"2026-04-18 21:34:51"},"aioseo_breadcrumb":"<div class=\"aioseo-breadcrumbs\"><span class=\"aioseo-breadcrumb\">\n\t<a href=\"https:\/\/fisio-shop.pt\" title=\"Home\">Home<\/a>\n<\/span><span class=\"aioseo-breadcrumb-separator\">\u00bb<\/span><span class=\"aioseo-breadcrumb\">\n\t<a href=\"https:\/\/fisio-shop.pt\/?page_id=5\" title=\"Loja\">Loja<\/a>\n<\/span><span class=\"aioseo-breadcrumb-separator\">\u00bb<\/span><span class=\"aioseo-breadcrumb\">\n\t<a href=\"https:\/\/fisio-shop.pt\/?product_cat=saude\" title=\"Sa\u00fade\">Sa\u00fade<\/a>\n<\/span><span class=\"aioseo-breadcrumb-separator\">\u00bb<\/span><span class=\"aioseo-breadcrumb\">\n\t<a href=\"https:\/\/fisio-shop.pt\/?product_cat=equipamentos-para-medicina-fisica-e-reabilitacao\" title=\"Equipamentos para medicina f\u00edsica e reabilita\u00e7\u00e3o\">Equipamentos para medicina f\u00edsica e reabilita\u00e7\u00e3o<\/a>\n<\/span><span class=\"aioseo-breadcrumb-separator\">\u00bb<\/span><span class=\"aioseo-breadcrumb\">\n\t<a href=\"https:\/\/fisio-shop.pt\/?product_cat=termoterapia-e-crioterapia\" title=\"Termoterapia e crioterapia\">Termoterapia e crioterapia<\/a>\n<\/span><span class=\"aioseo-breadcrumb-separator\">\u00bb<\/span><span class=\"aioseo-breadcrumb\">\n\t<a href=\"https:\/\/fisio-shop.pt\/?product_cat=maquinas-de-fazer-gelo\" title=\"Maquinas de fazer gelo\">Maquinas de fazer gelo<\/a>\n<\/span><span class=\"aioseo-breadcrumb-separator\">\u00bb<\/span><span class=\"aioseo-breadcrumb\">\n\tM\u00c1QUINA DE CUBOS DE GELO M\u00c9DIOS\n<\/span><\/div>","aioseo_breadcrumb_json":[{"label":"Home","link":"https:\/\/fisio-shop.pt"},{"label":"Loja","link":"https:\/\/fisio-shop.pt\/?page_id=5"},{"label":"Sa\u00fade","link":"https:\/\/fisio-shop.pt\/?product_cat=saude"},{"label":"Equipamentos para medicina f\u00edsica e reabilita\u00e7\u00e3o","link":"https:\/\/fisio-shop.pt\/?product_cat=equipamentos-para-medicina-fisica-e-reabilitacao"},{"label":"Termoterapia e crioterapia","link":"https:\/\/fisio-shop.pt\/?product_cat=termoterapia-e-crioterapia"},{"label":"Maquinas de fazer gelo","link":"https:\/\/fisio-shop.pt\/?product_cat=maquinas-de-fazer-gelo"},{"label":"M\u00c1QUINA DE CUBOS DE GELO M\u00c9DIOS","link":"https:\/\/fisio-shop.pt\/?product=maquina-de-cubos-de-gelo-acm126"}],"_links":{"self":[{"href":"https:\/\/fisio-shop.pt\/index.php?rest_route=\/wp\/v2\/product\/8565","targetHints":{"allow":["GET"]}}],"collection":[{"href":"https:\/\/fisio-shop.pt\/index.php?rest_route=\/wp\/v2\/product"}],"about":[{"href":"https:\/\/fisio-shop.pt\/index.php?rest_route=\/wp\/v2\/types\/product"}],"replies":[{"embeddable":true,"href":"https:\/\/fisio-shop.pt\/index.php?rest_route=%2Fwp%2Fv2%2Fcomments&post=8565"}],"version-history":[{"count":0,"href":"https:\/\/fisio-shop.pt\/index.php?rest_route=\/wp\/v2\/product\/8565\/revisions"}],"wp:featuredmedia":[{"embeddable":true,"href":"https:\/\/fisio-shop.pt\/index.php?rest_route=\/wp\/v2\/media\/10903"}],"wp:attachment":[{"href":"https:\/\/fisio-shop.pt\/index.php?rest_route=%2Fwp%2Fv2%2Fmedia&parent=8565"}],"wp:term":[{"taxonomy":"product_brand","embeddable":true,"href":"https:\/\/fisio-shop.pt\/index.php?rest_route=%2Fwp%2Fv2%2Fproduct_brand&post=8565"},{"taxonomy":"product_cat","embeddable":true,"href":"https:\/\/fisio-shop.pt\/index.php?rest_route=%2Fwp%2Fv2%2Fproduct_cat&post=8565"},{"taxonomy":"product_tag","embeddable":true,"href":"https:\/\/fisio-shop.pt\/index.php?rest_route=%2Fwp%2Fv2%2Fproduct_tag&post=8565"}],"curies":[{"name":"wp","href":"https:\/\/api.w.org\/{rel}","templated":true}]}}