{"id":8702,"date":"2017-06-12T11:43:14","date_gmt":"2017-06-12T11:43:14","guid":{"rendered":"https:\/\/fisio-shop.pt\/loja\/goniometro-em-plastico-com-20cm\/"},"modified":"2026-02-25T19:55:22","modified_gmt":"2026-02-25T19:55:22","slug":"goniometro-em-plastico-com-20cm","status":"publish","type":"product","link":"https:\/\/fisio-shop.pt\/?product=goniometro-em-plastico-com-20cm","title":{"rendered":"GONI\u00d3METRO EM PL\u00c1STICO COM 20CM"},"content":{"rendered":"<ul>\n<li>Goni\u00f3metro em pl\u00e1stico transparente que permite a observa\u00e7\u00e3o do eixo da articula\u00e7\u00e3o do movimento e a sua amplitude de movimento.<\/li>\n<li>A cabe\u00e7a de 360\u00b0 tem tr\u00eas escalas calibradas para ser usado com o sistema ISOM (International Standard Of Measurements, STFR);<\/li>\n<li>Goni\u00f3metro em pl\u00e1stico com 20 cm;<\/li>\n<li>Leitura: 0\u00b0 a 360\u00b0 com avan\u00e7os de 2\u00b0;<\/li>\n<li>Ref: 08-030111;<\/li>\n<li>Marca: MSD.<\/li>\n<\/ul>\n","protected":false},"excerpt":{"rendered":"<p>Goni\u00f3metro em pl\u00e1stico transparente que permite a observa\u00e7\u00e3o do eixo da articula\u00e7\u00e3o do movimento e a sua amplitude de movimento.<\/p>\n<ul>\n<li>Goni\u00f3metro com 20 cm;<\/li>\n<li>Leitura: 0\u00b0 a 360\u00b0 com avan\u00e7os de 2\u00b0.<\/li>\n<\/ul>\n","protected":false},"featured_media":11014,"comment_status":"open","ping_status":"closed","template":"","meta":{"rs_blank_template":"","rs_page_bg_color":"","slide_template_v7":""},"product_brand":[],"product_cat":[1397,1401,1432,1460,1461,1468,1876],"product_tag":[],"class_list":{"0":"post-8702","1":"product","2":"type-product","3":"status-publish","4":"has-post-thumbnail","6":"product_cat-saude","7":"product_cat-equipamentos-para-medicina-fisica-e-reabilitacao","8":"product_cat-terapia-ocupacional","9":"product_cat-equipamento-clinico-hospitalar-e-de-enfermagem","10":"product_cat-analise-avaliacao-e-diagnostico","11":"product_cat-avaliacao","12":"product_cat-avaliacao-terapia-ocupacional","14":"first","15":"instock","16":"shipping-taxable","17":"product-type-simple"},"aioseo_notices":[],"etheme_brands":{"errors":{"invalid_taxonomy":["Taxonomia inv\u00e1lida."]},"error_data":[]},"aioseo_head":"\n\t\t<!-- All in One SEO Pro 4.9.0 - aioseo.com -->\n\t<meta name=\"description\" content=\"Goni\u00f3metro em pl\u00e1stico transparente que permite a observa\u00e7\u00e3o do eixo da articula\u00e7\u00e3o do movimento e a sua amplitude de movimento. Goni\u00f3metro com 20 cm; Leitura: 0\u00b0 a 360\u00b0 com avan\u00e7os de 2\u00b0.\" \/>\n\t<meta name=\"robots\" content=\"max-image-preview:large\" \/>\n\t<link rel=\"canonical\" href=\"https:\/\/fisio-shop.pt\/?product=goniometro-em-plastico-com-20cm\" \/>\n\t<meta name=\"generator\" content=\"All in One SEO Pro (AIOSEO) 4.9.0\" \/>\n\t\t<meta property=\"og:locale\" content=\"pt_PT\" \/>\n\t\t<meta property=\"og:site_name\" content=\"Fisio-shop - Empresa especializada na distribui\u00e7\u00e3o de equipamentos profissionais para os mercados da Fisioterapia, Geriatria, Fitness e Medicina Desportiva.\" \/>\n\t\t<meta property=\"og:type\" content=\"article\" \/>\n\t\t<meta property=\"og:title\" content=\"GONI\u00d3METRO EM PL\u00c1STICO COM 20CM - Fisio-shop\" \/>\n\t\t<meta property=\"og:description\" content=\"Goni\u00f3metro em pl\u00e1stico transparente que permite a observa\u00e7\u00e3o do eixo da articula\u00e7\u00e3o do movimento e a sua amplitude de movimento. Goni\u00f3metro com 20 cm; Leitura: 0\u00b0 a 360\u00b0 com avan\u00e7os de 2\u00b0.\" \/>\n\t\t<meta property=\"og:url\" content=\"https:\/\/fisio-shop.pt\/?product=goniometro-em-plastico-com-20cm\" \/>\n\t\t<meta property=\"og:image\" content=\"https:\/\/fisio-shop.pt\/wp-content\/uploads\/2026\/04\/android-chrome-192x192-1.png\" \/>\n\t\t<meta property=\"og:image:secure_url\" content=\"https:\/\/fisio-shop.pt\/wp-content\/uploads\/2026\/04\/android-chrome-192x192-1.png\" \/>\n\t\t<meta property=\"article:published_time\" content=\"2017-06-12T11:43:14+00:00\" \/>\n\t\t<meta property=\"article:modified_time\" content=\"2026-02-25T19:55:22+00:00\" \/>\n\t\t<meta property=\"article:publisher\" content=\"https:\/\/www.facebook.com\/p\/Fisioshop-Comrcio-de-Equipamentos-Lda-100036934916130\/\" \/>\n\t\t<meta name=\"twitter:card\" content=\"summary_large_image\" \/>\n\t\t<meta name=\"twitter:title\" content=\"GONI\u00d3METRO EM PL\u00c1STICO COM 20CM - Fisio-shop\" \/>\n\t\t<meta name=\"twitter:description\" content=\"Goni\u00f3metro em pl\u00e1stico transparente que permite a observa\u00e7\u00e3o do eixo da articula\u00e7\u00e3o do movimento e a sua amplitude de movimento. Goni\u00f3metro com 20 cm; Leitura: 0\u00b0 a 360\u00b0 com avan\u00e7os de 2\u00b0.\" \/>\n\t\t<meta name=\"twitter:image\" content=\"https:\/\/fisio-shop.pt\/wp-content\/uploads\/2026\/04\/android-chrome-192x192-1.png\" \/>\n\t\t<script type=\"application\/ld+json\" class=\"aioseo-schema\">\n\t\t\t{\"@context\":\"https:\\\/\\\/schema.org\",\"@graph\":[{\"@type\":\"BreadcrumbList\",\"@id\":\"https:\\\/\\\/fisio-shop.pt\\\/?product=goniometro-em-plastico-com-20cm#breadcrumblist\",\"itemListElement\":[{\"@type\":\"ListItem\",\"@id\":\"https:\\\/\\\/fisio-shop.pt#listItem\",\"position\":1,\"name\":\"Home\",\"item\":\"https:\\\/\\\/fisio-shop.pt\",\"nextItem\":{\"@type\":\"ListItem\",\"@id\":\"https:\\\/\\\/fisio-shop.pt\\\/?page_id=5#listItem\",\"name\":\"Loja\"}},{\"@type\":\"ListItem\",\"@id\":\"https:\\\/\\\/fisio-shop.pt\\\/?page_id=5#listItem\",\"position\":2,\"name\":\"Loja\",\"item\":\"https:\\\/\\\/fisio-shop.pt\\\/?page_id=5\",\"nextItem\":{\"@type\":\"ListItem\",\"@id\":\"https:\\\/\\\/fisio-shop.pt\\\/?product_cat=saude#listItem\",\"name\":\"Sa\\u00fade\"},\"previousItem\":{\"@type\":\"ListItem\",\"@id\":\"https:\\\/\\\/fisio-shop.pt#listItem\",\"name\":\"Home\"}},{\"@type\":\"ListItem\",\"@id\":\"https:\\\/\\\/fisio-shop.pt\\\/?product_cat=saude#listItem\",\"position\":3,\"name\":\"Sa\\u00fade\",\"item\":\"https:\\\/\\\/fisio-shop.pt\\\/?product_cat=saude\",\"nextItem\":{\"@type\":\"ListItem\",\"@id\":\"https:\\\/\\\/fisio-shop.pt\\\/?product_cat=equipamento-clinico-hospitalar-e-de-enfermagem#listItem\",\"name\":\"Equipamento cl\\u00ednico, hospitalar e de enfermagem\"},\"previousItem\":{\"@type\":\"ListItem\",\"@id\":\"https:\\\/\\\/fisio-shop.pt\\\/?page_id=5#listItem\",\"name\":\"Loja\"}},{\"@type\":\"ListItem\",\"@id\":\"https:\\\/\\\/fisio-shop.pt\\\/?product_cat=equipamento-clinico-hospitalar-e-de-enfermagem#listItem\",\"position\":4,\"name\":\"Equipamento cl\\u00ednico, hospitalar e de enfermagem\",\"item\":\"https:\\\/\\\/fisio-shop.pt\\\/?product_cat=equipamento-clinico-hospitalar-e-de-enfermagem\",\"nextItem\":{\"@type\":\"ListItem\",\"@id\":\"https:\\\/\\\/fisio-shop.pt\\\/?product_cat=analise-avaliacao-e-diagnostico#listItem\",\"name\":\"An\\u00e1lise, avalia\\u00e7\\u00e3o e diagn\\u00f3stico\"},\"previousItem\":{\"@type\":\"ListItem\",\"@id\":\"https:\\\/\\\/fisio-shop.pt\\\/?product_cat=saude#listItem\",\"name\":\"Sa\\u00fade\"}},{\"@type\":\"ListItem\",\"@id\":\"https:\\\/\\\/fisio-shop.pt\\\/?product_cat=analise-avaliacao-e-diagnostico#listItem\",\"position\":5,\"name\":\"An\\u00e1lise, avalia\\u00e7\\u00e3o e diagn\\u00f3stico\",\"item\":\"https:\\\/\\\/fisio-shop.pt\\\/?product_cat=analise-avaliacao-e-diagnostico\",\"nextItem\":{\"@type\":\"ListItem\",\"@id\":\"https:\\\/\\\/fisio-shop.pt\\\/?product_cat=avaliacao#listItem\",\"name\":\"Avalia\\u00e7\\u00e3o\"},\"previousItem\":{\"@type\":\"ListItem\",\"@id\":\"https:\\\/\\\/fisio-shop.pt\\\/?product_cat=equipamento-clinico-hospitalar-e-de-enfermagem#listItem\",\"name\":\"Equipamento cl\\u00ednico, hospitalar e de enfermagem\"}},{\"@type\":\"ListItem\",\"@id\":\"https:\\\/\\\/fisio-shop.pt\\\/?product_cat=avaliacao#listItem\",\"position\":6,\"name\":\"Avalia\\u00e7\\u00e3o\",\"item\":\"https:\\\/\\\/fisio-shop.pt\\\/?product_cat=avaliacao\",\"nextItem\":{\"@type\":\"ListItem\",\"@id\":\"https:\\\/\\\/fisio-shop.pt\\\/?product=goniometro-em-plastico-com-20cm#listItem\",\"name\":\"GONI\\u00d3METRO EM PL\\u00c1STICO COM 20CM\"},\"previousItem\":{\"@type\":\"ListItem\",\"@id\":\"https:\\\/\\\/fisio-shop.pt\\\/?product_cat=analise-avaliacao-e-diagnostico#listItem\",\"name\":\"An\\u00e1lise, avalia\\u00e7\\u00e3o e diagn\\u00f3stico\"}},{\"@type\":\"ListItem\",\"@id\":\"https:\\\/\\\/fisio-shop.pt\\\/?product=goniometro-em-plastico-com-20cm#listItem\",\"position\":7,\"name\":\"GONI\\u00d3METRO EM PL\\u00c1STICO COM 20CM\",\"previousItem\":{\"@type\":\"ListItem\",\"@id\":\"https:\\\/\\\/fisio-shop.pt\\\/?product_cat=avaliacao#listItem\",\"name\":\"Avalia\\u00e7\\u00e3o\"}}]},{\"@type\":\"Organization\",\"@id\":\"https:\\\/\\\/fisio-shop.pt\\\/#organization\",\"name\":\"Fisio-shop\",\"description\":\"Empresa especializada na distribui\\u00e7\\u00e3o de equipamentos profissionais para os mercados da Fisioterapia, Geriatria, Fitness e Medicina Desportiva. Empresa especializada na distribui\\u00e7\\u00e3o de equipamentos profissionais para os mercados da Fisioterapia, Geriatria, Fitness e Medicina Desportiva.\",\"url\":\"https:\\\/\\\/fisio-shop.pt\\\/\",\"logo\":{\"@type\":\"ImageObject\",\"url\":\"https:\\\/\\\/fisio-shop.pt\\\/wp-content\\\/uploads\\\/2026\\\/04\\\/android-chrome-192x192-1.png\",\"@id\":\"https:\\\/\\\/fisio-shop.pt\\\/?product=goniometro-em-plastico-com-20cm\\\/#organizationLogo\"},\"image\":{\"@id\":\"https:\\\/\\\/fisio-shop.pt\\\/?product=goniometro-em-plastico-com-20cm\\\/#organizationLogo\"},\"sameAs\":[\"https:\\\/\\\/www.facebook.com\\\/p\\\/Fisioshop-Comrcio-de-Equipamentos-Lda-100036934916130\\\/\"]},{\"@type\":\"Product\",\"@id\":\"https:\\\/\\\/fisio-shop.pt\\\/?product=goniometro-em-plastico-com-20cm#wooCommerceProduct\",\"name\":\"GONI\\u00d3METRO EM PL\\u00c1STICO COM 20CM\",\"description\":\"Goni\\u00f3metro em pl\\u00e1stico transparente que permite a observa\\u00e7\\u00e3o do eixo da articula\\u00e7\\u00e3o do movimento e a sua amplitude de movimento.\\n\\n \\tGoni\\u00f3metro com 20 cm;\\n \\tLeitura: 0\\u00b0 a 360\\u00b0 com avan\\u00e7os de 2\\u00b0.\",\"url\":\"https:\\\/\\\/fisio-shop.pt\\\/?product=goniometro-em-plastico-com-20cm\",\"sku\":\"08-030111\",\"image\":{\"@type\":\"ImageObject\",\"url\":\"https:\\\/\\\/fisio-shop.pt\\\/wp-content\\\/uploads\\\/2026\\\/02\\\/GONIOMETROS-20CM-2o-1.jpg\",\"@id\":\"https:\\\/\\\/fisio-shop.pt\\\/?product=goniometro-em-plastico-com-20cm\\\/#productImage\",\"width\":530,\"height\":280},\"offers\":{\"@type\":\"Offer\",\"url\":\"https:\\\/\\\/fisio-shop.pt\\\/?product=goniometro-em-plastico-com-20cm#wooCommerceOffer\",\"price\":0,\"priceCurrency\":\"EUR\",\"category\":\"Sa\\u00fade\",\"availability\":\"https:\\\/\\\/schema.org\\\/InStock\",\"seller\":{\"@type\":\"Organization\",\"@id\":\"https:\\\/\\\/fisio-shop.pt\\\/#organization\"}}},{\"@type\":\"WebPage\",\"@id\":\"https:\\\/\\\/fisio-shop.pt\\\/?product=goniometro-em-plastico-com-20cm#webpage\",\"url\":\"https:\\\/\\\/fisio-shop.pt\\\/?product=goniometro-em-plastico-com-20cm\",\"name\":\"GONI\\u00d3METRO EM PL\\u00c1STICO COM 20CM - Fisio-shop\",\"description\":\"Goni\\u00f3metro em pl\\u00e1stico transparente que permite a observa\\u00e7\\u00e3o do eixo da articula\\u00e7\\u00e3o do movimento e a sua amplitude de movimento. Goni\\u00f3metro com 20 cm; Leitura: 0\\u00b0 a 360\\u00b0 com avan\\u00e7os de 2\\u00b0.\",\"inLanguage\":\"pt-PT\",\"isPartOf\":{\"@id\":\"https:\\\/\\\/fisio-shop.pt\\\/#website\"},\"breadcrumb\":{\"@id\":\"https:\\\/\\\/fisio-shop.pt\\\/?product=goniometro-em-plastico-com-20cm#breadcrumblist\"},\"image\":{\"@type\":\"ImageObject\",\"url\":\"https:\\\/\\\/fisio-shop.pt\\\/wp-content\\\/uploads\\\/2026\\\/02\\\/GONIOMETROS-20CM-2o-1.jpg\",\"@id\":\"https:\\\/\\\/fisio-shop.pt\\\/?product=goniometro-em-plastico-com-20cm\\\/#mainImage\",\"width\":530,\"height\":280},\"primaryImageOfPage\":{\"@id\":\"https:\\\/\\\/fisio-shop.pt\\\/?product=goniometro-em-plastico-com-20cm#mainImage\"},\"datePublished\":\"2017-06-12T11:43:14+00:00\",\"dateModified\":\"2026-02-25T19:55:22+00:00\"},{\"@type\":\"WebSite\",\"@id\":\"https:\\\/\\\/fisio-shop.pt\\\/#website\",\"url\":\"https:\\\/\\\/fisio-shop.pt\\\/\",\"name\":\"Fisio-shop\",\"description\":\"Empresa especializada na distribui\\u00e7\\u00e3o de equipamentos profissionais para os mercados da Fisioterapia, Geriatria, Fitness e Medicina Desportiva.\",\"inLanguage\":\"pt-PT\",\"publisher\":{\"@id\":\"https:\\\/\\\/fisio-shop.pt\\\/#organization\"}}]}\n\t\t<\/script>\n\t\t<!-- All in One SEO Pro -->\r\n\t\t<title>GONI\u00d3METRO EM PL\u00c1STICO COM 20CM - Fisio-shop<\/title>\n\n","aioseo_head_json":{"title":"GONI\u00d3METRO EM PL\u00c1STICO COM 20CM - Fisio-shop","description":"Goni\u00f3metro em pl\u00e1stico transparente que permite a observa\u00e7\u00e3o do eixo da articula\u00e7\u00e3o do movimento e a sua amplitude de movimento. Goni\u00f3metro com 20 cm; Leitura: 0\u00b0 a 360\u00b0 com avan\u00e7os de 2\u00b0.","canonical_url":"https:\/\/fisio-shop.pt\/?product=goniometro-em-plastico-com-20cm","robots":"max-image-preview:large","keywords":"","webmasterTools":{"miscellaneous":""},"schema":{"@context":"https:\/\/schema.org","@graph":[{"@type":"BreadcrumbList","@id":"https:\/\/fisio-shop.pt\/?product=goniometro-em-plastico-com-20cm#breadcrumblist","itemListElement":[{"@type":"ListItem","@id":"https:\/\/fisio-shop.pt#listItem","position":1,"name":"Home","item":"https:\/\/fisio-shop.pt","nextItem":{"@type":"ListItem","@id":"https:\/\/fisio-shop.pt\/?page_id=5#listItem","name":"Loja"}},{"@type":"ListItem","@id":"https:\/\/fisio-shop.pt\/?page_id=5#listItem","position":2,"name":"Loja","item":"https:\/\/fisio-shop.pt\/?page_id=5","nextItem":{"@type":"ListItem","@id":"https:\/\/fisio-shop.pt\/?product_cat=saude#listItem","name":"Sa\u00fade"},"previousItem":{"@type":"ListItem","@id":"https:\/\/fisio-shop.pt#listItem","name":"Home"}},{"@type":"ListItem","@id":"https:\/\/fisio-shop.pt\/?product_cat=saude#listItem","position":3,"name":"Sa\u00fade","item":"https:\/\/fisio-shop.pt\/?product_cat=saude","nextItem":{"@type":"ListItem","@id":"https:\/\/fisio-shop.pt\/?product_cat=equipamento-clinico-hospitalar-e-de-enfermagem#listItem","name":"Equipamento cl\u00ednico, hospitalar e de enfermagem"},"previousItem":{"@type":"ListItem","@id":"https:\/\/fisio-shop.pt\/?page_id=5#listItem","name":"Loja"}},{"@type":"ListItem","@id":"https:\/\/fisio-shop.pt\/?product_cat=equipamento-clinico-hospitalar-e-de-enfermagem#listItem","position":4,"name":"Equipamento cl\u00ednico, hospitalar e de enfermagem","item":"https:\/\/fisio-shop.pt\/?product_cat=equipamento-clinico-hospitalar-e-de-enfermagem","nextItem":{"@type":"ListItem","@id":"https:\/\/fisio-shop.pt\/?product_cat=analise-avaliacao-e-diagnostico#listItem","name":"An\u00e1lise, avalia\u00e7\u00e3o e diagn\u00f3stico"},"previousItem":{"@type":"ListItem","@id":"https:\/\/fisio-shop.pt\/?product_cat=saude#listItem","name":"Sa\u00fade"}},{"@type":"ListItem","@id":"https:\/\/fisio-shop.pt\/?product_cat=analise-avaliacao-e-diagnostico#listItem","position":5,"name":"An\u00e1lise, avalia\u00e7\u00e3o e diagn\u00f3stico","item":"https:\/\/fisio-shop.pt\/?product_cat=analise-avaliacao-e-diagnostico","nextItem":{"@type":"ListItem","@id":"https:\/\/fisio-shop.pt\/?product_cat=avaliacao#listItem","name":"Avalia\u00e7\u00e3o"},"previousItem":{"@type":"ListItem","@id":"https:\/\/fisio-shop.pt\/?product_cat=equipamento-clinico-hospitalar-e-de-enfermagem#listItem","name":"Equipamento cl\u00ednico, hospitalar e de enfermagem"}},{"@type":"ListItem","@id":"https:\/\/fisio-shop.pt\/?product_cat=avaliacao#listItem","position":6,"name":"Avalia\u00e7\u00e3o","item":"https:\/\/fisio-shop.pt\/?product_cat=avaliacao","nextItem":{"@type":"ListItem","@id":"https:\/\/fisio-shop.pt\/?product=goniometro-em-plastico-com-20cm#listItem","name":"GONI\u00d3METRO EM PL\u00c1STICO COM 20CM"},"previousItem":{"@type":"ListItem","@id":"https:\/\/fisio-shop.pt\/?product_cat=analise-avaliacao-e-diagnostico#listItem","name":"An\u00e1lise, avalia\u00e7\u00e3o e diagn\u00f3stico"}},{"@type":"ListItem","@id":"https:\/\/fisio-shop.pt\/?product=goniometro-em-plastico-com-20cm#listItem","position":7,"name":"GONI\u00d3METRO EM PL\u00c1STICO COM 20CM","previousItem":{"@type":"ListItem","@id":"https:\/\/fisio-shop.pt\/?product_cat=avaliacao#listItem","name":"Avalia\u00e7\u00e3o"}}]},{"@type":"Organization","@id":"https:\/\/fisio-shop.pt\/#organization","name":"Fisio-shop","description":"Empresa especializada na distribui\u00e7\u00e3o de equipamentos profissionais para os mercados da Fisioterapia, Geriatria, Fitness e Medicina Desportiva. Empresa especializada na distribui\u00e7\u00e3o de equipamentos profissionais para os mercados da Fisioterapia, Geriatria, Fitness e Medicina Desportiva.","url":"https:\/\/fisio-shop.pt\/","logo":{"@type":"ImageObject","url":"https:\/\/fisio-shop.pt\/wp-content\/uploads\/2026\/04\/android-chrome-192x192-1.png","@id":"https:\/\/fisio-shop.pt\/?product=goniometro-em-plastico-com-20cm\/#organizationLogo"},"image":{"@id":"https:\/\/fisio-shop.pt\/?product=goniometro-em-plastico-com-20cm\/#organizationLogo"},"sameAs":["https:\/\/www.facebook.com\/p\/Fisioshop-Comrcio-de-Equipamentos-Lda-100036934916130\/"]},{"@type":"Product","@id":"https:\/\/fisio-shop.pt\/?product=goniometro-em-plastico-com-20cm#wooCommerceProduct","name":"GONI\u00d3METRO EM PL\u00c1STICO COM 20CM","description":"Goni\u00f3metro em pl\u00e1stico transparente que permite a observa\u00e7\u00e3o do eixo da articula\u00e7\u00e3o do movimento e a sua amplitude de movimento.\n\n \tGoni\u00f3metro com 20 cm;\n \tLeitura: 0\u00b0 a 360\u00b0 com avan\u00e7os de 2\u00b0.","url":"https:\/\/fisio-shop.pt\/?product=goniometro-em-plastico-com-20cm","sku":"08-030111","image":{"@type":"ImageObject","url":"https:\/\/fisio-shop.pt\/wp-content\/uploads\/2026\/02\/GONIOMETROS-20CM-2o-1.jpg","@id":"https:\/\/fisio-shop.pt\/?product=goniometro-em-plastico-com-20cm\/#productImage","width":530,"height":280},"offers":{"@type":"Offer","url":"https:\/\/fisio-shop.pt\/?product=goniometro-em-plastico-com-20cm#wooCommerceOffer","price":0,"priceCurrency":"EUR","category":"Sa\u00fade","availability":"https:\/\/schema.org\/InStock","seller":{"@type":"Organization","@id":"https:\/\/fisio-shop.pt\/#organization"}}},{"@type":"WebPage","@id":"https:\/\/fisio-shop.pt\/?product=goniometro-em-plastico-com-20cm#webpage","url":"https:\/\/fisio-shop.pt\/?product=goniometro-em-plastico-com-20cm","name":"GONI\u00d3METRO EM PL\u00c1STICO COM 20CM - Fisio-shop","description":"Goni\u00f3metro em pl\u00e1stico transparente que permite a observa\u00e7\u00e3o do eixo da articula\u00e7\u00e3o do movimento e a sua amplitude de movimento. Goni\u00f3metro com 20 cm; Leitura: 0\u00b0 a 360\u00b0 com avan\u00e7os de 2\u00b0.","inLanguage":"pt-PT","isPartOf":{"@id":"https:\/\/fisio-shop.pt\/#website"},"breadcrumb":{"@id":"https:\/\/fisio-shop.pt\/?product=goniometro-em-plastico-com-20cm#breadcrumblist"},"image":{"@type":"ImageObject","url":"https:\/\/fisio-shop.pt\/wp-content\/uploads\/2026\/02\/GONIOMETROS-20CM-2o-1.jpg","@id":"https:\/\/fisio-shop.pt\/?product=goniometro-em-plastico-com-20cm\/#mainImage","width":530,"height":280},"primaryImageOfPage":{"@id":"https:\/\/fisio-shop.pt\/?product=goniometro-em-plastico-com-20cm#mainImage"},"datePublished":"2017-06-12T11:43:14+00:00","dateModified":"2026-02-25T19:55:22+00:00"},{"@type":"WebSite","@id":"https:\/\/fisio-shop.pt\/#website","url":"https:\/\/fisio-shop.pt\/","name":"Fisio-shop","description":"Empresa especializada na distribui\u00e7\u00e3o de equipamentos profissionais para os mercados da Fisioterapia, Geriatria, Fitness e Medicina Desportiva.","inLanguage":"pt-PT","publisher":{"@id":"https:\/\/fisio-shop.pt\/#organization"}}]},"og:locale":"pt_PT","og:site_name":"Fisio-shop - Empresa especializada na distribui\u00e7\u00e3o de equipamentos profissionais para os mercados da Fisioterapia, Geriatria, Fitness e Medicina Desportiva.","og:type":"article","og:title":"GONI\u00d3METRO EM PL\u00c1STICO COM 20CM - Fisio-shop","og:description":"Goni\u00f3metro em pl\u00e1stico transparente que permite a observa\u00e7\u00e3o do eixo da articula\u00e7\u00e3o do movimento e a sua amplitude de movimento. Goni\u00f3metro com 20 cm; Leitura: 0\u00b0 a 360\u00b0 com avan\u00e7os de 2\u00b0.","og:url":"https:\/\/fisio-shop.pt\/?product=goniometro-em-plastico-com-20cm","og:image":"https:\/\/fisio-shop.pt\/wp-content\/uploads\/2026\/04\/android-chrome-192x192-1.png","og:image:secure_url":"https:\/\/fisio-shop.pt\/wp-content\/uploads\/2026\/04\/android-chrome-192x192-1.png","article:published_time":"2017-06-12T11:43:14+00:00","article:modified_time":"2026-02-25T19:55:22+00:00","article:publisher":"https:\/\/www.facebook.com\/p\/Fisioshop-Comrcio-de-Equipamentos-Lda-100036934916130\/","twitter:card":"summary_large_image","twitter:title":"GONI\u00d3METRO EM PL\u00c1STICO COM 20CM - Fisio-shop","twitter:description":"Goni\u00f3metro em pl\u00e1stico transparente que permite a observa\u00e7\u00e3o do eixo da articula\u00e7\u00e3o do movimento e a sua amplitude de movimento. Goni\u00f3metro com 20 cm; Leitura: 0\u00b0 a 360\u00b0 com avan\u00e7os de 2\u00b0.","twitter:image":"https:\/\/fisio-shop.pt\/wp-content\/uploads\/2026\/04\/android-chrome-192x192-1.png"},"aioseo_meta_data":{"post_id":"8702","title":null,"description":null,"keywords":null,"keyphrases":null,"primary_term":null,"canonical_url":null,"og_title":null,"og_description":null,"og_object_type":"default","og_image_type":"default","og_image_url":null,"og_image_width":null,"og_image_height":null,"og_image_custom_url":null,"og_image_custom_fields":null,"og_video":null,"og_custom_url":null,"og_article_section":null,"og_article_tags":null,"twitter_use_og":false,"twitter_card":"default","twitter_image_type":"default","twitter_image_url":null,"twitter_image_custom_url":null,"twitter_image_custom_fields":null,"twitter_title":null,"twitter_description":null,"schema":{"blockGraphs":[],"customGraphs":[],"default":{"data":{"Article":[],"Course":[],"Dataset":[],"FAQPage":[],"Movie":[],"Person":[],"Product":[],"ProductReview":[],"Car":[],"Recipe":[],"Service":[],"SoftwareApplication":[],"WebPage":[]},"graphName":"","isEnabled":true},"graphs":[]},"schema_type":"default","schema_type_options":null,"pillar_content":false,"robots_default":true,"robots_noindex":false,"robots_noarchive":false,"robots_nosnippet":false,"robots_nofollow":false,"robots_noimageindex":false,"robots_noodp":false,"robots_notranslate":false,"robots_max_snippet":null,"robots_max_videopreview":null,"robots_max_imagepreview":"large","priority":null,"frequency":null,"local_seo":null,"seo_analyzer_scan_date":"2026-04-18 09:15:50","breadcrumb_settings":null,"limit_modified_date":false,"open_ai":null,"ai":null,"created":"2026-04-18 07:02:18","updated":"2026-04-18 21:39:00"},"aioseo_breadcrumb":"<div class=\"aioseo-breadcrumbs\"><span class=\"aioseo-breadcrumb\">\n\t<a href=\"https:\/\/fisio-shop.pt\" title=\"Home\">Home<\/a>\n<\/span><span class=\"aioseo-breadcrumb-separator\">\u00bb<\/span><span class=\"aioseo-breadcrumb\">\n\t<a href=\"https:\/\/fisio-shop.pt\/?page_id=5\" title=\"Loja\">Loja<\/a>\n<\/span><span class=\"aioseo-breadcrumb-separator\">\u00bb<\/span><span class=\"aioseo-breadcrumb\">\n\t<a href=\"https:\/\/fisio-shop.pt\/?product_cat=saude\" title=\"Sa\u00fade\">Sa\u00fade<\/a>\n<\/span><span class=\"aioseo-breadcrumb-separator\">\u00bb<\/span><span class=\"aioseo-breadcrumb\">\n\t<a href=\"https:\/\/fisio-shop.pt\/?product_cat=equipamento-clinico-hospitalar-e-de-enfermagem\" title=\"Equipamento cl\u00ednico, hospitalar e de enfermagem\">Equipamento cl\u00ednico, hospitalar e de enfermagem<\/a>\n<\/span><span class=\"aioseo-breadcrumb-separator\">\u00bb<\/span><span class=\"aioseo-breadcrumb\">\n\t<a href=\"https:\/\/fisio-shop.pt\/?product_cat=analise-avaliacao-e-diagnostico\" title=\"An\u00e1lise, avalia\u00e7\u00e3o e diagn\u00f3stico\">An\u00e1lise, avalia\u00e7\u00e3o e diagn\u00f3stico<\/a>\n<\/span><span class=\"aioseo-breadcrumb-separator\">\u00bb<\/span><span class=\"aioseo-breadcrumb\">\n\t<a href=\"https:\/\/fisio-shop.pt\/?product_cat=avaliacao\" title=\"Avalia\u00e7\u00e3o\">Avalia\u00e7\u00e3o<\/a>\n<\/span><span class=\"aioseo-breadcrumb-separator\">\u00bb<\/span><span class=\"aioseo-breadcrumb\">\n\tGONI\u00d3METRO EM PL\u00c1STICO COM 20CM\n<\/span><\/div>","aioseo_breadcrumb_json":[{"label":"Home","link":"https:\/\/fisio-shop.pt"},{"label":"Loja","link":"https:\/\/fisio-shop.pt\/?page_id=5"},{"label":"Sa\u00fade","link":"https:\/\/fisio-shop.pt\/?product_cat=saude"},{"label":"Equipamento cl\u00ednico, hospitalar e de enfermagem","link":"https:\/\/fisio-shop.pt\/?product_cat=equipamento-clinico-hospitalar-e-de-enfermagem"},{"label":"An\u00e1lise, avalia\u00e7\u00e3o e diagn\u00f3stico","link":"https:\/\/fisio-shop.pt\/?product_cat=analise-avaliacao-e-diagnostico"},{"label":"Avalia\u00e7\u00e3o","link":"https:\/\/fisio-shop.pt\/?product_cat=avaliacao"},{"label":"GONI\u00d3METRO EM PL\u00c1STICO COM 20CM","link":"https:\/\/fisio-shop.pt\/?product=goniometro-em-plastico-com-20cm"}],"_links":{"self":[{"href":"https:\/\/fisio-shop.pt\/index.php?rest_route=\/wp\/v2\/product\/8702","targetHints":{"allow":["GET"]}}],"collection":[{"href":"https:\/\/fisio-shop.pt\/index.php?rest_route=\/wp\/v2\/product"}],"about":[{"href":"https:\/\/fisio-shop.pt\/index.php?rest_route=\/wp\/v2\/types\/product"}],"replies":[{"embeddable":true,"href":"https:\/\/fisio-shop.pt\/index.php?rest_route=%2Fwp%2Fv2%2Fcomments&post=8702"}],"version-history":[{"count":0,"href":"https:\/\/fisio-shop.pt\/index.php?rest_route=\/wp\/v2\/product\/8702\/revisions"}],"wp:featuredmedia":[{"embeddable":true,"href":"https:\/\/fisio-shop.pt\/index.php?rest_route=\/wp\/v2\/media\/11014"}],"wp:attachment":[{"href":"https:\/\/fisio-shop.pt\/index.php?rest_route=%2Fwp%2Fv2%2Fmedia&parent=8702"}],"wp:term":[{"taxonomy":"product_brand","embeddable":true,"href":"https:\/\/fisio-shop.pt\/index.php?rest_route=%2Fwp%2Fv2%2Fproduct_brand&post=8702"},{"taxonomy":"product_cat","embeddable":true,"href":"https:\/\/fisio-shop.pt\/index.php?rest_route=%2Fwp%2Fv2%2Fproduct_cat&post=8702"},{"taxonomy":"product_tag","embeddable":true,"href":"https:\/\/fisio-shop.pt\/index.php?rest_route=%2Fwp%2Fv2%2Fproduct_tag&post=8702"}],"curies":[{"name":"wp","href":"https:\/\/api.w.org\/{rel}","templated":true}]}}