{"id":8753,"date":"2017-06-12T14:37:49","date_gmt":"2017-06-12T14:37:49","guid":{"rendered":"https:\/\/fisio-shop.pt\/loja\/mesa-para-terapia-funcional\/"},"modified":"2026-02-25T19:55:33","modified_gmt":"2026-02-25T19:55:33","slug":"mesa-para-terapia-funcional","status":"publish","type":"product","link":"https:\/\/fisio-shop.pt\/?product=mesa-para-terapia-funcional","title":{"rendered":"MESA MULTIFUN\u00c7\u00d5ES PARA TERAPIA FUNCIONAL"},"content":{"rendered":"<p>Estrutura concebida para exerc\u00edcios de reabilita\u00e7\u00e3o e de terapia do movimento para dedos, m\u00e3os\/pulsos, p\u00e9s e pernas.<\/p>\n<p><strong>Especifica\u00e7\u00e3o t\u00e9cnicas:<\/strong><\/p>\n<ul>\n<li>Estrutura em tubo de a\u00e7o redondo e quadrado, pintado a epoxy;<\/li>\n<li>Acess\u00f3rios em tubo redondo e chapa inoxid\u00e1vel AISI 304 polido;<\/li>\n<li>Tampo perfurado em contraplacado de Faia mar\u00edtimo envernizado (1030 x 630 x 19 mm);<\/li>\n<li>Tensores de flex\u00e3o e extens\u00e3o de tend\u00f5es de dedos e m\u00e3os em rolos de madeira e el\u00e1sticos;<\/li>\n<li>Esfor\u00e7o mec\u00e2nico regul\u00e1vel por man\u00edpulo central;<\/li>\n<li>Punho em esponja ajust\u00e1vel para exerc\u00edcios de prona\u00e7\u00e3o e supina\u00e7\u00e3o com suporte de bra\u00e7o regul\u00e1vel ligado \u00e0 roda de in\u00e9rcia.<\/li>\n<li>Pedal em madeira ajust\u00e1vel ao sapato, ligado \u00e0 roda de in\u00e9rcia com regula\u00e7\u00e3o de esfor\u00e7o.<\/li>\n<li>Dispositivo de flex\u00e3o e extens\u00e3o de pulso\/m\u00e3o com 2 di\u00e2metros de rolo de madeira.<\/li>\n<li>Dispositivo de exerc\u00edcios para m\u00e3os com 3 bolas de diferentes di\u00e2metros e durezas.<\/li>\n<li>Dispositivo de exerc\u00edcios para m\u00e3os\/dedos\/pulso com 5 formas diferentes de parafusos;<\/li>\n<li>Dimens\u00f5es: 1030 x 630 x 780 mm;<\/li>\n<li>Peso: 41 kg.<\/li>\n<\/ul>\n<p><strong>C\u00d3DIGO: MOB0087<\/strong><\/p>\n","protected":false},"excerpt":{"rendered":"<p>Mesa especificamente concebida para a realiza\u00e7\u00e3o de exerc\u00edcios de terapia funcional dos dedos, m\u00e3os, pulsos, pernas e p\u00e9s.<\/p>\n<p>&nbsp;<\/p>\n","protected":false},"featured_media":11052,"comment_status":"open","ping_status":"closed","template":"","meta":{"rs_blank_template":"","rs_page_bg_color":"","slide_template_v7":""},"product_brand":[],"product_cat":[1397,1401,1432,1877],"product_tag":[362,363,364,365],"class_list":{"0":"post-8753","1":"product","2":"type-product","3":"status-publish","4":"has-post-thumbnail","6":"product_cat-saude","7":"product_cat-equipamentos-para-medicina-fisica-e-reabilitacao","8":"product_cat-terapia-ocupacional","9":"product_cat-motricidade-fina","10":"product_tag-mesa-de-politerapia","11":"product_tag-mesa-funcional","12":"product_tag-mesa-para-terapia-funcional","13":"product_tag-terapia-funcional","15":"first","16":"instock","17":"shipping-taxable","18":"purchasable","19":"product-type-simple"},"aioseo_notices":[],"etheme_brands":{"errors":{"invalid_taxonomy":["Taxonomia inv\u00e1lida."]},"error_data":[]},"aioseo_head":"\n\t\t<!-- All in One SEO Pro 4.9.0 - aioseo.com -->\n\t<meta name=\"description\" content=\"Mesa especificamente concebida para a realiza\u00e7\u00e3o de exerc\u00edcios de terapia funcional dos dedos, m\u00e3os, pulsos, pernas e p\u00e9s.\" \/>\n\t<meta name=\"robots\" content=\"max-image-preview:large\" \/>\n\t<link rel=\"canonical\" href=\"https:\/\/fisio-shop.pt\/?product=mesa-para-terapia-funcional\" \/>\n\t<meta name=\"generator\" content=\"All in One SEO Pro (AIOSEO) 4.9.0\" \/>\n\t\t<meta property=\"og:locale\" content=\"pt_PT\" \/>\n\t\t<meta property=\"og:site_name\" content=\"Fisio-shop - Empresa especializada na distribui\u00e7\u00e3o de equipamentos profissionais para os mercados da Fisioterapia, Geriatria, Fitness e Medicina Desportiva.\" \/>\n\t\t<meta property=\"og:type\" content=\"article\" \/>\n\t\t<meta property=\"og:title\" content=\"MESA MULTIFUN\u00c7\u00d5ES PARA TERAPIA FUNCIONAL - Fisio-shop\" \/>\n\t\t<meta property=\"og:description\" content=\"Mesa especificamente concebida para a realiza\u00e7\u00e3o de exerc\u00edcios de terapia funcional dos dedos, m\u00e3os, pulsos, pernas e p\u00e9s.\" \/>\n\t\t<meta property=\"og:url\" content=\"https:\/\/fisio-shop.pt\/?product=mesa-para-terapia-funcional\" \/>\n\t\t<meta property=\"og:image\" content=\"https:\/\/fisio-shop.pt\/wp-content\/uploads\/2026\/04\/android-chrome-192x192-1.png\" \/>\n\t\t<meta property=\"og:image:secure_url\" content=\"https:\/\/fisio-shop.pt\/wp-content\/uploads\/2026\/04\/android-chrome-192x192-1.png\" \/>\n\t\t<meta property=\"article:published_time\" content=\"2017-06-12T14:37:49+00:00\" \/>\n\t\t<meta property=\"article:modified_time\" content=\"2026-02-25T19:55:33+00:00\" \/>\n\t\t<meta property=\"article:publisher\" content=\"https:\/\/www.facebook.com\/p\/Fisioshop-Comrcio-de-Equipamentos-Lda-100036934916130\/\" \/>\n\t\t<meta name=\"twitter:card\" content=\"summary_large_image\" \/>\n\t\t<meta name=\"twitter:title\" content=\"MESA MULTIFUN\u00c7\u00d5ES PARA TERAPIA FUNCIONAL - Fisio-shop\" \/>\n\t\t<meta name=\"twitter:description\" content=\"Mesa especificamente concebida para a realiza\u00e7\u00e3o de exerc\u00edcios de terapia funcional dos dedos, m\u00e3os, pulsos, pernas e p\u00e9s.\" \/>\n\t\t<meta name=\"twitter:image\" content=\"https:\/\/fisio-shop.pt\/wp-content\/uploads\/2026\/04\/android-chrome-192x192-1.png\" \/>\n\t\t<script type=\"application\/ld+json\" class=\"aioseo-schema\">\n\t\t\t{\"@context\":\"https:\\\/\\\/schema.org\",\"@graph\":[{\"@type\":\"BreadcrumbList\",\"@id\":\"https:\\\/\\\/fisio-shop.pt\\\/?product=mesa-para-terapia-funcional#breadcrumblist\",\"itemListElement\":[{\"@type\":\"ListItem\",\"@id\":\"https:\\\/\\\/fisio-shop.pt#listItem\",\"position\":1,\"name\":\"Home\",\"item\":\"https:\\\/\\\/fisio-shop.pt\",\"nextItem\":{\"@type\":\"ListItem\",\"@id\":\"https:\\\/\\\/fisio-shop.pt\\\/?page_id=5#listItem\",\"name\":\"Loja\"}},{\"@type\":\"ListItem\",\"@id\":\"https:\\\/\\\/fisio-shop.pt\\\/?page_id=5#listItem\",\"position\":2,\"name\":\"Loja\",\"item\":\"https:\\\/\\\/fisio-shop.pt\\\/?page_id=5\",\"nextItem\":{\"@type\":\"ListItem\",\"@id\":\"https:\\\/\\\/fisio-shop.pt\\\/?product_cat=saude#listItem\",\"name\":\"Sa\\u00fade\"},\"previousItem\":{\"@type\":\"ListItem\",\"@id\":\"https:\\\/\\\/fisio-shop.pt#listItem\",\"name\":\"Home\"}},{\"@type\":\"ListItem\",\"@id\":\"https:\\\/\\\/fisio-shop.pt\\\/?product_cat=saude#listItem\",\"position\":3,\"name\":\"Sa\\u00fade\",\"item\":\"https:\\\/\\\/fisio-shop.pt\\\/?product_cat=saude\",\"nextItem\":{\"@type\":\"ListItem\",\"@id\":\"https:\\\/\\\/fisio-shop.pt\\\/?product_cat=equipamentos-para-medicina-fisica-e-reabilitacao#listItem\",\"name\":\"Equipamentos para medicina f\\u00edsica e reabilita\\u00e7\\u00e3o\"},\"previousItem\":{\"@type\":\"ListItem\",\"@id\":\"https:\\\/\\\/fisio-shop.pt\\\/?page_id=5#listItem\",\"name\":\"Loja\"}},{\"@type\":\"ListItem\",\"@id\":\"https:\\\/\\\/fisio-shop.pt\\\/?product_cat=equipamentos-para-medicina-fisica-e-reabilitacao#listItem\",\"position\":4,\"name\":\"Equipamentos para medicina f\\u00edsica e reabilita\\u00e7\\u00e3o\",\"item\":\"https:\\\/\\\/fisio-shop.pt\\\/?product_cat=equipamentos-para-medicina-fisica-e-reabilitacao\",\"nextItem\":{\"@type\":\"ListItem\",\"@id\":\"https:\\\/\\\/fisio-shop.pt\\\/?product_cat=terapia-ocupacional#listItem\",\"name\":\"Terapia ocupacional\"},\"previousItem\":{\"@type\":\"ListItem\",\"@id\":\"https:\\\/\\\/fisio-shop.pt\\\/?product_cat=saude#listItem\",\"name\":\"Sa\\u00fade\"}},{\"@type\":\"ListItem\",\"@id\":\"https:\\\/\\\/fisio-shop.pt\\\/?product_cat=terapia-ocupacional#listItem\",\"position\":5,\"name\":\"Terapia ocupacional\",\"item\":\"https:\\\/\\\/fisio-shop.pt\\\/?product_cat=terapia-ocupacional\",\"nextItem\":{\"@type\":\"ListItem\",\"@id\":\"https:\\\/\\\/fisio-shop.pt\\\/?product_cat=motricidade-fina#listItem\",\"name\":\"Motricidade fina\"},\"previousItem\":{\"@type\":\"ListItem\",\"@id\":\"https:\\\/\\\/fisio-shop.pt\\\/?product_cat=equipamentos-para-medicina-fisica-e-reabilitacao#listItem\",\"name\":\"Equipamentos para medicina f\\u00edsica e reabilita\\u00e7\\u00e3o\"}},{\"@type\":\"ListItem\",\"@id\":\"https:\\\/\\\/fisio-shop.pt\\\/?product_cat=motricidade-fina#listItem\",\"position\":6,\"name\":\"Motricidade fina\",\"item\":\"https:\\\/\\\/fisio-shop.pt\\\/?product_cat=motricidade-fina\",\"nextItem\":{\"@type\":\"ListItem\",\"@id\":\"https:\\\/\\\/fisio-shop.pt\\\/?product=mesa-para-terapia-funcional#listItem\",\"name\":\"MESA MULTIFUN\\u00c7\\u00d5ES PARA TERAPIA FUNCIONAL\"},\"previousItem\":{\"@type\":\"ListItem\",\"@id\":\"https:\\\/\\\/fisio-shop.pt\\\/?product_cat=terapia-ocupacional#listItem\",\"name\":\"Terapia ocupacional\"}},{\"@type\":\"ListItem\",\"@id\":\"https:\\\/\\\/fisio-shop.pt\\\/?product=mesa-para-terapia-funcional#listItem\",\"position\":7,\"name\":\"MESA MULTIFUN\\u00c7\\u00d5ES PARA TERAPIA FUNCIONAL\",\"previousItem\":{\"@type\":\"ListItem\",\"@id\":\"https:\\\/\\\/fisio-shop.pt\\\/?product_cat=motricidade-fina#listItem\",\"name\":\"Motricidade fina\"}}]},{\"@type\":\"Organization\",\"@id\":\"https:\\\/\\\/fisio-shop.pt\\\/#organization\",\"name\":\"Fisio-shop\",\"description\":\"Empresa especializada na distribui\\u00e7\\u00e3o de equipamentos profissionais para os mercados da Fisioterapia, Geriatria, Fitness e Medicina Desportiva. Empresa especializada na distribui\\u00e7\\u00e3o de equipamentos profissionais para os mercados da Fisioterapia, Geriatria, Fitness e Medicina Desportiva.\",\"url\":\"https:\\\/\\\/fisio-shop.pt\\\/\",\"logo\":{\"@type\":\"ImageObject\",\"url\":\"https:\\\/\\\/fisio-shop.pt\\\/wp-content\\\/uploads\\\/2026\\\/04\\\/android-chrome-192x192-1.png\",\"@id\":\"https:\\\/\\\/fisio-shop.pt\\\/?product=mesa-para-terapia-funcional\\\/#organizationLogo\"},\"image\":{\"@id\":\"https:\\\/\\\/fisio-shop.pt\\\/?product=mesa-para-terapia-funcional\\\/#organizationLogo\"},\"sameAs\":[\"https:\\\/\\\/www.facebook.com\\\/p\\\/Fisioshop-Comrcio-de-Equipamentos-Lda-100036934916130\\\/\"]},{\"@type\":\"Product\",\"@id\":\"https:\\\/\\\/fisio-shop.pt\\\/?product=mesa-para-terapia-funcional#wooCommerceProduct\",\"name\":\"MESA MULTIFUN\\u00c7\\u00d5ES PARA TERAPIA FUNCIONAL\",\"description\":\"Mesa especificamente concebida para a realiza\\u00e7\\u00e3o de exerc\\u00edcios de terapia funcional dos dedos, m\\u00e3os, pulsos, pernas e p\\u00e9s.\\n\\n&nbsp;\",\"url\":\"https:\\\/\\\/fisio-shop.pt\\\/?product=mesa-para-terapia-funcional\",\"sku\":\"MOB0087\",\"image\":{\"@type\":\"ImageObject\",\"url\":\"https:\\\/\\\/fisio-shop.pt\\\/wp-content\\\/uploads\\\/2026\\\/02\\\/MESA-TERAPIA-FUNCIONAL-1.jpg\",\"@id\":\"https:\\\/\\\/fisio-shop.pt\\\/?product=mesa-para-terapia-funcional\\\/#productImage\",\"width\":540,\"height\":552},\"offers\":{\"@type\":\"Offer\",\"url\":\"https:\\\/\\\/fisio-shop.pt\\\/?product=mesa-para-terapia-funcional#wooCommerceOffer\",\"price\":1617.6,\"priceCurrency\":\"EUR\",\"category\":\"Sa\\u00fade\",\"availability\":\"https:\\\/\\\/schema.org\\\/InStock\",\"priceSpecification\":{\"@type\":\"PriceSpecification\",\"price\":1617.6,\"priceCurrency\":\"EUR\",\"valueAddedTaxIncluded\":\"true\"},\"seller\":{\"@type\":\"Organization\",\"@id\":\"https:\\\/\\\/fisio-shop.pt\\\/#organization\"}}},{\"@type\":\"WebPage\",\"@id\":\"https:\\\/\\\/fisio-shop.pt\\\/?product=mesa-para-terapia-funcional#webpage\",\"url\":\"https:\\\/\\\/fisio-shop.pt\\\/?product=mesa-para-terapia-funcional\",\"name\":\"MESA MULTIFUN\\u00c7\\u00d5ES PARA TERAPIA FUNCIONAL - Fisio-shop\",\"description\":\"Mesa especificamente concebida para a realiza\\u00e7\\u00e3o de exerc\\u00edcios de terapia funcional dos dedos, m\\u00e3os, pulsos, pernas e p\\u00e9s.\",\"inLanguage\":\"pt-PT\",\"isPartOf\":{\"@id\":\"https:\\\/\\\/fisio-shop.pt\\\/#website\"},\"breadcrumb\":{\"@id\":\"https:\\\/\\\/fisio-shop.pt\\\/?product=mesa-para-terapia-funcional#breadcrumblist\"},\"image\":{\"@type\":\"ImageObject\",\"url\":\"https:\\\/\\\/fisio-shop.pt\\\/wp-content\\\/uploads\\\/2026\\\/02\\\/MESA-TERAPIA-FUNCIONAL-1.jpg\",\"@id\":\"https:\\\/\\\/fisio-shop.pt\\\/?product=mesa-para-terapia-funcional\\\/#mainImage\",\"width\":540,\"height\":552},\"primaryImageOfPage\":{\"@id\":\"https:\\\/\\\/fisio-shop.pt\\\/?product=mesa-para-terapia-funcional#mainImage\"},\"datePublished\":\"2017-06-12T14:37:49+00:00\",\"dateModified\":\"2026-02-25T19:55:33+00:00\"},{\"@type\":\"WebSite\",\"@id\":\"https:\\\/\\\/fisio-shop.pt\\\/#website\",\"url\":\"https:\\\/\\\/fisio-shop.pt\\\/\",\"name\":\"Fisio-shop\",\"description\":\"Empresa especializada na distribui\\u00e7\\u00e3o de equipamentos profissionais para os mercados da Fisioterapia, Geriatria, Fitness e Medicina Desportiva.\",\"inLanguage\":\"pt-PT\",\"publisher\":{\"@id\":\"https:\\\/\\\/fisio-shop.pt\\\/#organization\"}}]}\n\t\t<\/script>\n\t\t<!-- All in One SEO Pro -->\r\n\t\t<title>MESA MULTIFUN\u00c7\u00d5ES PARA TERAPIA FUNCIONAL - Fisio-shop<\/title>\n\n","aioseo_head_json":{"title":"MESA MULTIFUN\u00c7\u00d5ES PARA TERAPIA FUNCIONAL - Fisio-shop","description":"Mesa especificamente concebida para a realiza\u00e7\u00e3o de exerc\u00edcios de terapia funcional dos dedos, m\u00e3os, pulsos, pernas e p\u00e9s.","canonical_url":"https:\/\/fisio-shop.pt\/?product=mesa-para-terapia-funcional","robots":"max-image-preview:large","keywords":"","webmasterTools":{"miscellaneous":""},"schema":{"@context":"https:\/\/schema.org","@graph":[{"@type":"BreadcrumbList","@id":"https:\/\/fisio-shop.pt\/?product=mesa-para-terapia-funcional#breadcrumblist","itemListElement":[{"@type":"ListItem","@id":"https:\/\/fisio-shop.pt#listItem","position":1,"name":"Home","item":"https:\/\/fisio-shop.pt","nextItem":{"@type":"ListItem","@id":"https:\/\/fisio-shop.pt\/?page_id=5#listItem","name":"Loja"}},{"@type":"ListItem","@id":"https:\/\/fisio-shop.pt\/?page_id=5#listItem","position":2,"name":"Loja","item":"https:\/\/fisio-shop.pt\/?page_id=5","nextItem":{"@type":"ListItem","@id":"https:\/\/fisio-shop.pt\/?product_cat=saude#listItem","name":"Sa\u00fade"},"previousItem":{"@type":"ListItem","@id":"https:\/\/fisio-shop.pt#listItem","name":"Home"}},{"@type":"ListItem","@id":"https:\/\/fisio-shop.pt\/?product_cat=saude#listItem","position":3,"name":"Sa\u00fade","item":"https:\/\/fisio-shop.pt\/?product_cat=saude","nextItem":{"@type":"ListItem","@id":"https:\/\/fisio-shop.pt\/?product_cat=equipamentos-para-medicina-fisica-e-reabilitacao#listItem","name":"Equipamentos para medicina f\u00edsica e reabilita\u00e7\u00e3o"},"previousItem":{"@type":"ListItem","@id":"https:\/\/fisio-shop.pt\/?page_id=5#listItem","name":"Loja"}},{"@type":"ListItem","@id":"https:\/\/fisio-shop.pt\/?product_cat=equipamentos-para-medicina-fisica-e-reabilitacao#listItem","position":4,"name":"Equipamentos para medicina f\u00edsica e reabilita\u00e7\u00e3o","item":"https:\/\/fisio-shop.pt\/?product_cat=equipamentos-para-medicina-fisica-e-reabilitacao","nextItem":{"@type":"ListItem","@id":"https:\/\/fisio-shop.pt\/?product_cat=terapia-ocupacional#listItem","name":"Terapia ocupacional"},"previousItem":{"@type":"ListItem","@id":"https:\/\/fisio-shop.pt\/?product_cat=saude#listItem","name":"Sa\u00fade"}},{"@type":"ListItem","@id":"https:\/\/fisio-shop.pt\/?product_cat=terapia-ocupacional#listItem","position":5,"name":"Terapia ocupacional","item":"https:\/\/fisio-shop.pt\/?product_cat=terapia-ocupacional","nextItem":{"@type":"ListItem","@id":"https:\/\/fisio-shop.pt\/?product_cat=motricidade-fina#listItem","name":"Motricidade fina"},"previousItem":{"@type":"ListItem","@id":"https:\/\/fisio-shop.pt\/?product_cat=equipamentos-para-medicina-fisica-e-reabilitacao#listItem","name":"Equipamentos para medicina f\u00edsica e reabilita\u00e7\u00e3o"}},{"@type":"ListItem","@id":"https:\/\/fisio-shop.pt\/?product_cat=motricidade-fina#listItem","position":6,"name":"Motricidade fina","item":"https:\/\/fisio-shop.pt\/?product_cat=motricidade-fina","nextItem":{"@type":"ListItem","@id":"https:\/\/fisio-shop.pt\/?product=mesa-para-terapia-funcional#listItem","name":"MESA MULTIFUN\u00c7\u00d5ES PARA TERAPIA FUNCIONAL"},"previousItem":{"@type":"ListItem","@id":"https:\/\/fisio-shop.pt\/?product_cat=terapia-ocupacional#listItem","name":"Terapia ocupacional"}},{"@type":"ListItem","@id":"https:\/\/fisio-shop.pt\/?product=mesa-para-terapia-funcional#listItem","position":7,"name":"MESA MULTIFUN\u00c7\u00d5ES PARA TERAPIA FUNCIONAL","previousItem":{"@type":"ListItem","@id":"https:\/\/fisio-shop.pt\/?product_cat=motricidade-fina#listItem","name":"Motricidade fina"}}]},{"@type":"Organization","@id":"https:\/\/fisio-shop.pt\/#organization","name":"Fisio-shop","description":"Empresa especializada na distribui\u00e7\u00e3o de equipamentos profissionais para os mercados da Fisioterapia, Geriatria, Fitness e Medicina Desportiva. Empresa especializada na distribui\u00e7\u00e3o de equipamentos profissionais para os mercados da Fisioterapia, Geriatria, Fitness e Medicina Desportiva.","url":"https:\/\/fisio-shop.pt\/","logo":{"@type":"ImageObject","url":"https:\/\/fisio-shop.pt\/wp-content\/uploads\/2026\/04\/android-chrome-192x192-1.png","@id":"https:\/\/fisio-shop.pt\/?product=mesa-para-terapia-funcional\/#organizationLogo"},"image":{"@id":"https:\/\/fisio-shop.pt\/?product=mesa-para-terapia-funcional\/#organizationLogo"},"sameAs":["https:\/\/www.facebook.com\/p\/Fisioshop-Comrcio-de-Equipamentos-Lda-100036934916130\/"]},{"@type":"Product","@id":"https:\/\/fisio-shop.pt\/?product=mesa-para-terapia-funcional#wooCommerceProduct","name":"MESA MULTIFUN\u00c7\u00d5ES PARA TERAPIA FUNCIONAL","description":"Mesa especificamente concebida para a realiza\u00e7\u00e3o de exerc\u00edcios de terapia funcional dos dedos, m\u00e3os, pulsos, pernas e p\u00e9s.\n\n&nbsp;","url":"https:\/\/fisio-shop.pt\/?product=mesa-para-terapia-funcional","sku":"MOB0087","image":{"@type":"ImageObject","url":"https:\/\/fisio-shop.pt\/wp-content\/uploads\/2026\/02\/MESA-TERAPIA-FUNCIONAL-1.jpg","@id":"https:\/\/fisio-shop.pt\/?product=mesa-para-terapia-funcional\/#productImage","width":540,"height":552},"offers":{"@type":"Offer","url":"https:\/\/fisio-shop.pt\/?product=mesa-para-terapia-funcional#wooCommerceOffer","price":1617.6,"priceCurrency":"EUR","category":"Sa\u00fade","availability":"https:\/\/schema.org\/InStock","priceSpecification":{"@type":"PriceSpecification","price":1617.6,"priceCurrency":"EUR","valueAddedTaxIncluded":"true"},"seller":{"@type":"Organization","@id":"https:\/\/fisio-shop.pt\/#organization"}}},{"@type":"WebPage","@id":"https:\/\/fisio-shop.pt\/?product=mesa-para-terapia-funcional#webpage","url":"https:\/\/fisio-shop.pt\/?product=mesa-para-terapia-funcional","name":"MESA MULTIFUN\u00c7\u00d5ES PARA TERAPIA FUNCIONAL - Fisio-shop","description":"Mesa especificamente concebida para a realiza\u00e7\u00e3o de exerc\u00edcios de terapia funcional dos dedos, m\u00e3os, pulsos, pernas e p\u00e9s.","inLanguage":"pt-PT","isPartOf":{"@id":"https:\/\/fisio-shop.pt\/#website"},"breadcrumb":{"@id":"https:\/\/fisio-shop.pt\/?product=mesa-para-terapia-funcional#breadcrumblist"},"image":{"@type":"ImageObject","url":"https:\/\/fisio-shop.pt\/wp-content\/uploads\/2026\/02\/MESA-TERAPIA-FUNCIONAL-1.jpg","@id":"https:\/\/fisio-shop.pt\/?product=mesa-para-terapia-funcional\/#mainImage","width":540,"height":552},"primaryImageOfPage":{"@id":"https:\/\/fisio-shop.pt\/?product=mesa-para-terapia-funcional#mainImage"},"datePublished":"2017-06-12T14:37:49+00:00","dateModified":"2026-02-25T19:55:33+00:00"},{"@type":"WebSite","@id":"https:\/\/fisio-shop.pt\/#website","url":"https:\/\/fisio-shop.pt\/","name":"Fisio-shop","description":"Empresa especializada na distribui\u00e7\u00e3o de equipamentos profissionais para os mercados da Fisioterapia, Geriatria, Fitness e Medicina Desportiva.","inLanguage":"pt-PT","publisher":{"@id":"https:\/\/fisio-shop.pt\/#organization"}}]},"og:locale":"pt_PT","og:site_name":"Fisio-shop - Empresa especializada na distribui\u00e7\u00e3o de equipamentos profissionais para os mercados da Fisioterapia, Geriatria, Fitness e Medicina Desportiva.","og:type":"article","og:title":"MESA MULTIFUN\u00c7\u00d5ES PARA TERAPIA FUNCIONAL - Fisio-shop","og:description":"Mesa especificamente concebida para a realiza\u00e7\u00e3o de exerc\u00edcios de terapia funcional dos dedos, m\u00e3os, pulsos, pernas e p\u00e9s.","og:url":"https:\/\/fisio-shop.pt\/?product=mesa-para-terapia-funcional","og:image":"https:\/\/fisio-shop.pt\/wp-content\/uploads\/2026\/04\/android-chrome-192x192-1.png","og:image:secure_url":"https:\/\/fisio-shop.pt\/wp-content\/uploads\/2026\/04\/android-chrome-192x192-1.png","article:published_time":"2017-06-12T14:37:49+00:00","article:modified_time":"2026-02-25T19:55:33+00:00","article:publisher":"https:\/\/www.facebook.com\/p\/Fisioshop-Comrcio-de-Equipamentos-Lda-100036934916130\/","twitter:card":"summary_large_image","twitter:title":"MESA MULTIFUN\u00c7\u00d5ES PARA TERAPIA FUNCIONAL - Fisio-shop","twitter:description":"Mesa especificamente concebida para a realiza\u00e7\u00e3o de exerc\u00edcios de terapia funcional dos dedos, m\u00e3os, pulsos, pernas e p\u00e9s.","twitter:image":"https:\/\/fisio-shop.pt\/wp-content\/uploads\/2026\/04\/android-chrome-192x192-1.png"},"aioseo_meta_data":{"post_id":"8753","title":null,"description":null,"keywords":null,"keyphrases":null,"primary_term":null,"canonical_url":null,"og_title":null,"og_description":null,"og_object_type":"default","og_image_type":"default","og_image_url":null,"og_image_width":null,"og_image_height":null,"og_image_custom_url":null,"og_image_custom_fields":null,"og_video":null,"og_custom_url":null,"og_article_section":null,"og_article_tags":null,"twitter_use_og":false,"twitter_card":"default","twitter_image_type":"default","twitter_image_url":null,"twitter_image_custom_url":null,"twitter_image_custom_fields":null,"twitter_title":null,"twitter_description":null,"schema":{"blockGraphs":[],"customGraphs":[],"default":{"data":{"Article":[],"Course":[],"Dataset":[],"FAQPage":[],"Movie":[],"Person":[],"Product":[],"ProductReview":[],"Car":[],"Recipe":[],"Service":[],"SoftwareApplication":[],"WebPage":[]},"graphName":"","isEnabled":true},"graphs":[]},"schema_type":"default","schema_type_options":null,"pillar_content":false,"robots_default":true,"robots_noindex":false,"robots_noarchive":false,"robots_nosnippet":false,"robots_nofollow":false,"robots_noimageindex":false,"robots_noodp":false,"robots_notranslate":false,"robots_max_snippet":null,"robots_max_videopreview":null,"robots_max_imagepreview":"large","priority":null,"frequency":null,"local_seo":null,"seo_analyzer_scan_date":"2026-04-18 09:08:21","breadcrumb_settings":null,"limit_modified_date":false,"open_ai":null,"ai":null,"created":"2026-04-18 07:02:18","updated":"2026-04-18 21:41:51"},"aioseo_breadcrumb":"<div class=\"aioseo-breadcrumbs\"><span class=\"aioseo-breadcrumb\">\n\t<a href=\"https:\/\/fisio-shop.pt\" title=\"Home\">Home<\/a>\n<\/span><span class=\"aioseo-breadcrumb-separator\">\u00bb<\/span><span class=\"aioseo-breadcrumb\">\n\t<a href=\"https:\/\/fisio-shop.pt\/?page_id=5\" title=\"Loja\">Loja<\/a>\n<\/span><span class=\"aioseo-breadcrumb-separator\">\u00bb<\/span><span class=\"aioseo-breadcrumb\">\n\t<a href=\"https:\/\/fisio-shop.pt\/?product_cat=saude\" title=\"Sa\u00fade\">Sa\u00fade<\/a>\n<\/span><span class=\"aioseo-breadcrumb-separator\">\u00bb<\/span><span class=\"aioseo-breadcrumb\">\n\t<a href=\"https:\/\/fisio-shop.pt\/?product_cat=equipamentos-para-medicina-fisica-e-reabilitacao\" title=\"Equipamentos para medicina f\u00edsica e reabilita\u00e7\u00e3o\">Equipamentos para medicina f\u00edsica e reabilita\u00e7\u00e3o<\/a>\n<\/span><span class=\"aioseo-breadcrumb-separator\">\u00bb<\/span><span class=\"aioseo-breadcrumb\">\n\t<a href=\"https:\/\/fisio-shop.pt\/?product_cat=terapia-ocupacional\" title=\"Terapia ocupacional\">Terapia ocupacional<\/a>\n<\/span><span class=\"aioseo-breadcrumb-separator\">\u00bb<\/span><span class=\"aioseo-breadcrumb\">\n\t<a href=\"https:\/\/fisio-shop.pt\/?product_cat=motricidade-fina\" title=\"Motricidade fina\">Motricidade fina<\/a>\n<\/span><span class=\"aioseo-breadcrumb-separator\">\u00bb<\/span><span class=\"aioseo-breadcrumb\">\n\tMESA MULTIFUN\u00c7\u00d5ES PARA TERAPIA FUNCIONAL\n<\/span><\/div>","aioseo_breadcrumb_json":[{"label":"Home","link":"https:\/\/fisio-shop.pt"},{"label":"Loja","link":"https:\/\/fisio-shop.pt\/?page_id=5"},{"label":"Sa\u00fade","link":"https:\/\/fisio-shop.pt\/?product_cat=saude"},{"label":"Equipamentos para medicina f\u00edsica e reabilita\u00e7\u00e3o","link":"https:\/\/fisio-shop.pt\/?product_cat=equipamentos-para-medicina-fisica-e-reabilitacao"},{"label":"Terapia ocupacional","link":"https:\/\/fisio-shop.pt\/?product_cat=terapia-ocupacional"},{"label":"Motricidade fina","link":"https:\/\/fisio-shop.pt\/?product_cat=motricidade-fina"},{"label":"MESA MULTIFUN\u00c7\u00d5ES PARA TERAPIA FUNCIONAL","link":"https:\/\/fisio-shop.pt\/?product=mesa-para-terapia-funcional"}],"_links":{"self":[{"href":"https:\/\/fisio-shop.pt\/index.php?rest_route=\/wp\/v2\/product\/8753","targetHints":{"allow":["GET"]}}],"collection":[{"href":"https:\/\/fisio-shop.pt\/index.php?rest_route=\/wp\/v2\/product"}],"about":[{"href":"https:\/\/fisio-shop.pt\/index.php?rest_route=\/wp\/v2\/types\/product"}],"replies":[{"embeddable":true,"href":"https:\/\/fisio-shop.pt\/index.php?rest_route=%2Fwp%2Fv2%2Fcomments&post=8753"}],"version-history":[{"count":0,"href":"https:\/\/fisio-shop.pt\/index.php?rest_route=\/wp\/v2\/product\/8753\/revisions"}],"wp:featuredmedia":[{"embeddable":true,"href":"https:\/\/fisio-shop.pt\/index.php?rest_route=\/wp\/v2\/media\/11052"}],"wp:attachment":[{"href":"https:\/\/fisio-shop.pt\/index.php?rest_route=%2Fwp%2Fv2%2Fmedia&parent=8753"}],"wp:term":[{"taxonomy":"product_brand","embeddable":true,"href":"https:\/\/fisio-shop.pt\/index.php?rest_route=%2Fwp%2Fv2%2Fproduct_brand&post=8753"},{"taxonomy":"product_cat","embeddable":true,"href":"https:\/\/fisio-shop.pt\/index.php?rest_route=%2Fwp%2Fv2%2Fproduct_cat&post=8753"},{"taxonomy":"product_tag","embeddable":true,"href":"https:\/\/fisio-shop.pt\/index.php?rest_route=%2Fwp%2Fv2%2Fproduct_tag&post=8753"}],"curies":[{"name":"wp","href":"https:\/\/api.w.org\/{rel}","templated":true}]}}