{"id":8799,"date":"2017-06-13T09:34:14","date_gmt":"2017-06-13T09:34:14","guid":{"rendered":"https:\/\/fisio-shop.pt\/loja\/5871\/"},"modified":"2026-02-25T19:55:44","modified_gmt":"2026-02-25T19:55:44","slug":"5871","status":"publish","type":"product","link":"https:\/\/fisio-shop.pt\/?product=5871","title":{"rendered":"PAINEL MURAL PARA TERAPIA OCUPACIONAL"},"content":{"rendered":"<ul>\n<li>Os elementos est\u00e3o fixos no painel;<\/li>\n<li>Fornecidos com hardware para fixa\u00e7\u00e3o;<\/li>\n<li>Os auxiliares de trabalho s\u00e3o os seguintes:\n<ul>\n<li>S\u00e9rie de bot\u00f5es;<\/li>\n<li>S\u00e9rie de molas de press\u00e3o;<\/li>\n<li>S\u00e9rie de la\u00e7os horizontais;<\/li>\n<li>S\u00e9rie de la\u00e7os cruzados;<\/li>\n<li>Cinto ajust\u00e1vel com fivela de r\u00e1pida abertura;<\/li>\n<li>Kit de fechos;<\/li>\n<li>Parafuso sem fim com resist\u00eancia ajust\u00e1vel;<\/li>\n<li>O painel j\u00e1 equipado \u00e9 fornecido com hardware espec\u00edfico.<\/li>\n<\/ul>\n<\/li>\n<\/ul>\n<p><strong>Destinat\u00e1rios:\u00a0<\/strong><\/p>\n<p>Todos os que s\u00e3o afectados pelas limita\u00e7\u00f5es funcionais que requerem a reabilita\u00e7\u00e3o selectiva de gestos em tr\u00eas dimens\u00f5es, para dedos, m\u00e3os e pulso.<\/p>\n<p>Pessoas afectadas por doen\u00e7as, dist\u00farbios f\u00edsicos ou psicol\u00f3gicos, ou com incapacidades tempor\u00e1rias ou permanentes.<\/p>\n<p><strong>Especifica\u00e7\u00f5es t\u00e9cnicas:<\/strong><\/p>\n<ul>\n<li>Dimens\u00f5es: 39.5 x 9 x 89 cm;<\/li>\n<li>Peso: 5,5 kg;<\/li>\n<li>Modelo Ergo20;<\/li>\n<li>Ref: AR10002<\/li>\n<\/ul>\n","protected":false},"excerpt":{"rendered":"<p>Painel b\u00e1sico de instala\u00e7\u00e3o mural com 7 auxiliares que ajudam a simular as actividades dom\u00e9sticas do dia a dia.<\/p>\n<p>Os auxiliares da vida di\u00e1ria podem ser usados como parte de um programa para melhorar a sa\u00fade e qualidade de vida das pessoas.<\/p>\n","protected":false},"featured_media":11112,"comment_status":"open","ping_status":"closed","template":"","meta":{"rs_blank_template":"","rs_page_bg_color":"","slide_template_v7":""},"product_brand":[],"product_cat":[1397,1401,1432,1878],"product_tag":[],"class_list":{"0":"post-8799","1":"product","2":"type-product","3":"status-publish","4":"has-post-thumbnail","6":"product_cat-saude","7":"product_cat-equipamentos-para-medicina-fisica-e-reabilitacao","8":"product_cat-terapia-ocupacional","9":"product_cat-reabilitacao-dos-dedos-e-mao","11":"first","12":"instock","13":"shipping-taxable","14":"purchasable","15":"product-type-simple"},"aioseo_notices":[],"etheme_brands":{"errors":{"invalid_taxonomy":["Taxonomia inv\u00e1lida."]},"error_data":[]},"aioseo_head":"\n\t\t<!-- All in One SEO Pro 4.9.0 - aioseo.com -->\n\t<meta name=\"description\" content=\"Painel b\u00e1sico de instala\u00e7\u00e3o mural com 7 auxiliares que ajudam a simular as actividades dom\u00e9sticas do dia a dia. Os auxiliares da vida di\u00e1ria podem ser usados como parte de um programa para melhorar a sa\u00fade e qualidade de vida das pessoas.\" \/>\n\t<meta name=\"robots\" content=\"max-image-preview:large\" \/>\n\t<link rel=\"canonical\" href=\"https:\/\/fisio-shop.pt\/?product=5871\" \/>\n\t<meta name=\"generator\" content=\"All in One SEO Pro (AIOSEO) 4.9.0\" \/>\n\t\t<meta property=\"og:locale\" content=\"pt_PT\" \/>\n\t\t<meta property=\"og:site_name\" content=\"Fisio-shop - Empresa especializada na distribui\u00e7\u00e3o de equipamentos profissionais para os mercados da Fisioterapia, Geriatria, Fitness e Medicina Desportiva.\" \/>\n\t\t<meta property=\"og:type\" content=\"article\" \/>\n\t\t<meta property=\"og:title\" content=\"PAINEL MURAL PARA TERAPIA OCUPACIONAL - Fisio-shop\" \/>\n\t\t<meta property=\"og:description\" content=\"Painel b\u00e1sico de instala\u00e7\u00e3o mural com 7 auxiliares que ajudam a simular as actividades dom\u00e9sticas do dia a dia. Os auxiliares da vida di\u00e1ria podem ser usados como parte de um programa para melhorar a sa\u00fade e qualidade de vida das pessoas.\" \/>\n\t\t<meta property=\"og:url\" content=\"https:\/\/fisio-shop.pt\/?product=5871\" \/>\n\t\t<meta property=\"og:image\" content=\"https:\/\/fisio-shop.pt\/wp-content\/uploads\/2026\/04\/android-chrome-192x192-1.png\" \/>\n\t\t<meta property=\"og:image:secure_url\" content=\"https:\/\/fisio-shop.pt\/wp-content\/uploads\/2026\/04\/android-chrome-192x192-1.png\" \/>\n\t\t<meta property=\"article:published_time\" content=\"2017-06-13T09:34:14+00:00\" \/>\n\t\t<meta property=\"article:modified_time\" content=\"2026-02-25T19:55:44+00:00\" \/>\n\t\t<meta property=\"article:publisher\" content=\"https:\/\/www.facebook.com\/p\/Fisioshop-Comrcio-de-Equipamentos-Lda-100036934916130\/\" \/>\n\t\t<meta name=\"twitter:card\" content=\"summary_large_image\" \/>\n\t\t<meta name=\"twitter:title\" content=\"PAINEL MURAL PARA TERAPIA OCUPACIONAL - Fisio-shop\" \/>\n\t\t<meta name=\"twitter:description\" content=\"Painel b\u00e1sico de instala\u00e7\u00e3o mural com 7 auxiliares que ajudam a simular as actividades dom\u00e9sticas do dia a dia. Os auxiliares da vida di\u00e1ria podem ser usados como parte de um programa para melhorar a sa\u00fade e qualidade de vida das pessoas.\" \/>\n\t\t<meta name=\"twitter:image\" content=\"https:\/\/fisio-shop.pt\/wp-content\/uploads\/2026\/04\/android-chrome-192x192-1.png\" \/>\n\t\t<script type=\"application\/ld+json\" class=\"aioseo-schema\">\n\t\t\t{\"@context\":\"https:\\\/\\\/schema.org\",\"@graph\":[{\"@type\":\"BreadcrumbList\",\"@id\":\"https:\\\/\\\/fisio-shop.pt\\\/?product=5871#breadcrumblist\",\"itemListElement\":[{\"@type\":\"ListItem\",\"@id\":\"https:\\\/\\\/fisio-shop.pt#listItem\",\"position\":1,\"name\":\"Home\",\"item\":\"https:\\\/\\\/fisio-shop.pt\",\"nextItem\":{\"@type\":\"ListItem\",\"@id\":\"https:\\\/\\\/fisio-shop.pt\\\/?page_id=5#listItem\",\"name\":\"Loja\"}},{\"@type\":\"ListItem\",\"@id\":\"https:\\\/\\\/fisio-shop.pt\\\/?page_id=5#listItem\",\"position\":2,\"name\":\"Loja\",\"item\":\"https:\\\/\\\/fisio-shop.pt\\\/?page_id=5\",\"nextItem\":{\"@type\":\"ListItem\",\"@id\":\"https:\\\/\\\/fisio-shop.pt\\\/?product_cat=saude#listItem\",\"name\":\"Sa\\u00fade\"},\"previousItem\":{\"@type\":\"ListItem\",\"@id\":\"https:\\\/\\\/fisio-shop.pt#listItem\",\"name\":\"Home\"}},{\"@type\":\"ListItem\",\"@id\":\"https:\\\/\\\/fisio-shop.pt\\\/?product_cat=saude#listItem\",\"position\":3,\"name\":\"Sa\\u00fade\",\"item\":\"https:\\\/\\\/fisio-shop.pt\\\/?product_cat=saude\",\"nextItem\":{\"@type\":\"ListItem\",\"@id\":\"https:\\\/\\\/fisio-shop.pt\\\/?product_cat=equipamentos-para-medicina-fisica-e-reabilitacao#listItem\",\"name\":\"Equipamentos para medicina f\\u00edsica e reabilita\\u00e7\\u00e3o\"},\"previousItem\":{\"@type\":\"ListItem\",\"@id\":\"https:\\\/\\\/fisio-shop.pt\\\/?page_id=5#listItem\",\"name\":\"Loja\"}},{\"@type\":\"ListItem\",\"@id\":\"https:\\\/\\\/fisio-shop.pt\\\/?product_cat=equipamentos-para-medicina-fisica-e-reabilitacao#listItem\",\"position\":4,\"name\":\"Equipamentos para medicina f\\u00edsica e reabilita\\u00e7\\u00e3o\",\"item\":\"https:\\\/\\\/fisio-shop.pt\\\/?product_cat=equipamentos-para-medicina-fisica-e-reabilitacao\",\"nextItem\":{\"@type\":\"ListItem\",\"@id\":\"https:\\\/\\\/fisio-shop.pt\\\/?product_cat=terapia-ocupacional#listItem\",\"name\":\"Terapia ocupacional\"},\"previousItem\":{\"@type\":\"ListItem\",\"@id\":\"https:\\\/\\\/fisio-shop.pt\\\/?product_cat=saude#listItem\",\"name\":\"Sa\\u00fade\"}},{\"@type\":\"ListItem\",\"@id\":\"https:\\\/\\\/fisio-shop.pt\\\/?product_cat=terapia-ocupacional#listItem\",\"position\":5,\"name\":\"Terapia ocupacional\",\"item\":\"https:\\\/\\\/fisio-shop.pt\\\/?product_cat=terapia-ocupacional\",\"nextItem\":{\"@type\":\"ListItem\",\"@id\":\"https:\\\/\\\/fisio-shop.pt\\\/?product_cat=reabilitacao-dos-dedos-e-mao#listItem\",\"name\":\"Reabilita\\u00e7\\u00e3o dos dedos e m\\u00e3o\"},\"previousItem\":{\"@type\":\"ListItem\",\"@id\":\"https:\\\/\\\/fisio-shop.pt\\\/?product_cat=equipamentos-para-medicina-fisica-e-reabilitacao#listItem\",\"name\":\"Equipamentos para medicina f\\u00edsica e reabilita\\u00e7\\u00e3o\"}},{\"@type\":\"ListItem\",\"@id\":\"https:\\\/\\\/fisio-shop.pt\\\/?product_cat=reabilitacao-dos-dedos-e-mao#listItem\",\"position\":6,\"name\":\"Reabilita\\u00e7\\u00e3o dos dedos e m\\u00e3o\",\"item\":\"https:\\\/\\\/fisio-shop.pt\\\/?product_cat=reabilitacao-dos-dedos-e-mao\",\"nextItem\":{\"@type\":\"ListItem\",\"@id\":\"https:\\\/\\\/fisio-shop.pt\\\/?product=5871#listItem\",\"name\":\"PAINEL MURAL PARA TERAPIA OCUPACIONAL\"},\"previousItem\":{\"@type\":\"ListItem\",\"@id\":\"https:\\\/\\\/fisio-shop.pt\\\/?product_cat=terapia-ocupacional#listItem\",\"name\":\"Terapia ocupacional\"}},{\"@type\":\"ListItem\",\"@id\":\"https:\\\/\\\/fisio-shop.pt\\\/?product=5871#listItem\",\"position\":7,\"name\":\"PAINEL MURAL PARA TERAPIA OCUPACIONAL\",\"previousItem\":{\"@type\":\"ListItem\",\"@id\":\"https:\\\/\\\/fisio-shop.pt\\\/?product_cat=reabilitacao-dos-dedos-e-mao#listItem\",\"name\":\"Reabilita\\u00e7\\u00e3o dos dedos e m\\u00e3o\"}}]},{\"@type\":\"Organization\",\"@id\":\"https:\\\/\\\/fisio-shop.pt\\\/#organization\",\"name\":\"Fisio-shop\",\"description\":\"Empresa especializada na distribui\\u00e7\\u00e3o de equipamentos profissionais para os mercados da Fisioterapia, Geriatria, Fitness e Medicina Desportiva. Empresa especializada na distribui\\u00e7\\u00e3o de equipamentos profissionais para os mercados da Fisioterapia, Geriatria, Fitness e Medicina Desportiva.\",\"url\":\"https:\\\/\\\/fisio-shop.pt\\\/\",\"logo\":{\"@type\":\"ImageObject\",\"url\":\"https:\\\/\\\/fisio-shop.pt\\\/wp-content\\\/uploads\\\/2026\\\/04\\\/android-chrome-192x192-1.png\",\"@id\":\"https:\\\/\\\/fisio-shop.pt\\\/?product=5871\\\/#organizationLogo\"},\"image\":{\"@id\":\"https:\\\/\\\/fisio-shop.pt\\\/?product=5871\\\/#organizationLogo\"},\"sameAs\":[\"https:\\\/\\\/www.facebook.com\\\/p\\\/Fisioshop-Comrcio-de-Equipamentos-Lda-100036934916130\\\/\"]},{\"@type\":\"Product\",\"@id\":\"https:\\\/\\\/fisio-shop.pt\\\/?product=5871#wooCommerceProduct\",\"name\":\"PAINEL MURAL PARA TERAPIA OCUPACIONAL\",\"description\":\"Painel b\\u00e1sico de instala\\u00e7\\u00e3o mural com 7 auxiliares que ajudam a simular as actividades dom\\u00e9sticas do dia a dia.\\n\\nOs auxiliares da vida di\\u00e1ria podem ser usados como parte de um programa para melhorar a sa\\u00fade e qualidade de vida das pessoas.\",\"url\":\"https:\\\/\\\/fisio-shop.pt\\\/?product=5871\",\"sku\":\"AR10002\",\"image\":{\"@type\":\"ImageObject\",\"url\":\"https:\\\/\\\/fisio-shop.pt\\\/wp-content\\\/uploads\\\/2026\\\/02\\\/ERGO20-1.jpg\",\"@id\":\"https:\\\/\\\/fisio-shop.pt\\\/?product=5871\\\/#productImage\",\"width\":319,\"height\":387},\"offers\":{\"@type\":\"Offer\",\"url\":\"https:\\\/\\\/fisio-shop.pt\\\/?product=5871#wooCommerceOffer\",\"price\":606.37,\"priceCurrency\":\"EUR\",\"category\":\"Sa\\u00fade\",\"availability\":\"https:\\\/\\\/schema.org\\\/InStock\",\"priceSpecification\":{\"@type\":\"PriceSpecification\",\"price\":606.37,\"priceCurrency\":\"EUR\",\"valueAddedTaxIncluded\":\"true\"},\"seller\":{\"@type\":\"Organization\",\"@id\":\"https:\\\/\\\/fisio-shop.pt\\\/#organization\"}}},{\"@type\":\"WebPage\",\"@id\":\"https:\\\/\\\/fisio-shop.pt\\\/?product=5871#webpage\",\"url\":\"https:\\\/\\\/fisio-shop.pt\\\/?product=5871\",\"name\":\"PAINEL MURAL PARA TERAPIA OCUPACIONAL - Fisio-shop\",\"description\":\"Painel b\\u00e1sico de instala\\u00e7\\u00e3o mural com 7 auxiliares que ajudam a simular as actividades dom\\u00e9sticas do dia a dia. Os auxiliares da vida di\\u00e1ria podem ser usados como parte de um programa para melhorar a sa\\u00fade e qualidade de vida das pessoas.\",\"inLanguage\":\"pt-PT\",\"isPartOf\":{\"@id\":\"https:\\\/\\\/fisio-shop.pt\\\/#website\"},\"breadcrumb\":{\"@id\":\"https:\\\/\\\/fisio-shop.pt\\\/?product=5871#breadcrumblist\"},\"image\":{\"@type\":\"ImageObject\",\"url\":\"https:\\\/\\\/fisio-shop.pt\\\/wp-content\\\/uploads\\\/2026\\\/02\\\/ERGO20-1.jpg\",\"@id\":\"https:\\\/\\\/fisio-shop.pt\\\/?product=5871\\\/#mainImage\",\"width\":319,\"height\":387},\"primaryImageOfPage\":{\"@id\":\"https:\\\/\\\/fisio-shop.pt\\\/?product=5871#mainImage\"},\"datePublished\":\"2017-06-13T09:34:14+00:00\",\"dateModified\":\"2026-02-25T19:55:44+00:00\"},{\"@type\":\"WebSite\",\"@id\":\"https:\\\/\\\/fisio-shop.pt\\\/#website\",\"url\":\"https:\\\/\\\/fisio-shop.pt\\\/\",\"name\":\"Fisio-shop\",\"description\":\"Empresa especializada na distribui\\u00e7\\u00e3o de equipamentos profissionais para os mercados da Fisioterapia, Geriatria, Fitness e Medicina Desportiva.\",\"inLanguage\":\"pt-PT\",\"publisher\":{\"@id\":\"https:\\\/\\\/fisio-shop.pt\\\/#organization\"}}]}\n\t\t<\/script>\n\t\t<!-- All in One SEO Pro -->\r\n\t\t<title>PAINEL MURAL PARA TERAPIA OCUPACIONAL - Fisio-shop<\/title>\n\n","aioseo_head_json":{"title":"PAINEL MURAL PARA TERAPIA OCUPACIONAL - Fisio-shop","description":"Painel b\u00e1sico de instala\u00e7\u00e3o mural com 7 auxiliares que ajudam a simular as actividades dom\u00e9sticas do dia a dia. Os auxiliares da vida di\u00e1ria podem ser usados como parte de um programa para melhorar a sa\u00fade e qualidade de vida das pessoas.","canonical_url":"https:\/\/fisio-shop.pt\/?product=5871","robots":"max-image-preview:large","keywords":"","webmasterTools":{"miscellaneous":""},"schema":{"@context":"https:\/\/schema.org","@graph":[{"@type":"BreadcrumbList","@id":"https:\/\/fisio-shop.pt\/?product=5871#breadcrumblist","itemListElement":[{"@type":"ListItem","@id":"https:\/\/fisio-shop.pt#listItem","position":1,"name":"Home","item":"https:\/\/fisio-shop.pt","nextItem":{"@type":"ListItem","@id":"https:\/\/fisio-shop.pt\/?page_id=5#listItem","name":"Loja"}},{"@type":"ListItem","@id":"https:\/\/fisio-shop.pt\/?page_id=5#listItem","position":2,"name":"Loja","item":"https:\/\/fisio-shop.pt\/?page_id=5","nextItem":{"@type":"ListItem","@id":"https:\/\/fisio-shop.pt\/?product_cat=saude#listItem","name":"Sa\u00fade"},"previousItem":{"@type":"ListItem","@id":"https:\/\/fisio-shop.pt#listItem","name":"Home"}},{"@type":"ListItem","@id":"https:\/\/fisio-shop.pt\/?product_cat=saude#listItem","position":3,"name":"Sa\u00fade","item":"https:\/\/fisio-shop.pt\/?product_cat=saude","nextItem":{"@type":"ListItem","@id":"https:\/\/fisio-shop.pt\/?product_cat=equipamentos-para-medicina-fisica-e-reabilitacao#listItem","name":"Equipamentos para medicina f\u00edsica e reabilita\u00e7\u00e3o"},"previousItem":{"@type":"ListItem","@id":"https:\/\/fisio-shop.pt\/?page_id=5#listItem","name":"Loja"}},{"@type":"ListItem","@id":"https:\/\/fisio-shop.pt\/?product_cat=equipamentos-para-medicina-fisica-e-reabilitacao#listItem","position":4,"name":"Equipamentos para medicina f\u00edsica e reabilita\u00e7\u00e3o","item":"https:\/\/fisio-shop.pt\/?product_cat=equipamentos-para-medicina-fisica-e-reabilitacao","nextItem":{"@type":"ListItem","@id":"https:\/\/fisio-shop.pt\/?product_cat=terapia-ocupacional#listItem","name":"Terapia ocupacional"},"previousItem":{"@type":"ListItem","@id":"https:\/\/fisio-shop.pt\/?product_cat=saude#listItem","name":"Sa\u00fade"}},{"@type":"ListItem","@id":"https:\/\/fisio-shop.pt\/?product_cat=terapia-ocupacional#listItem","position":5,"name":"Terapia ocupacional","item":"https:\/\/fisio-shop.pt\/?product_cat=terapia-ocupacional","nextItem":{"@type":"ListItem","@id":"https:\/\/fisio-shop.pt\/?product_cat=reabilitacao-dos-dedos-e-mao#listItem","name":"Reabilita\u00e7\u00e3o dos dedos e m\u00e3o"},"previousItem":{"@type":"ListItem","@id":"https:\/\/fisio-shop.pt\/?product_cat=equipamentos-para-medicina-fisica-e-reabilitacao#listItem","name":"Equipamentos para medicina f\u00edsica e reabilita\u00e7\u00e3o"}},{"@type":"ListItem","@id":"https:\/\/fisio-shop.pt\/?product_cat=reabilitacao-dos-dedos-e-mao#listItem","position":6,"name":"Reabilita\u00e7\u00e3o dos dedos e m\u00e3o","item":"https:\/\/fisio-shop.pt\/?product_cat=reabilitacao-dos-dedos-e-mao","nextItem":{"@type":"ListItem","@id":"https:\/\/fisio-shop.pt\/?product=5871#listItem","name":"PAINEL MURAL PARA TERAPIA OCUPACIONAL"},"previousItem":{"@type":"ListItem","@id":"https:\/\/fisio-shop.pt\/?product_cat=terapia-ocupacional#listItem","name":"Terapia ocupacional"}},{"@type":"ListItem","@id":"https:\/\/fisio-shop.pt\/?product=5871#listItem","position":7,"name":"PAINEL MURAL PARA TERAPIA OCUPACIONAL","previousItem":{"@type":"ListItem","@id":"https:\/\/fisio-shop.pt\/?product_cat=reabilitacao-dos-dedos-e-mao#listItem","name":"Reabilita\u00e7\u00e3o dos dedos e m\u00e3o"}}]},{"@type":"Organization","@id":"https:\/\/fisio-shop.pt\/#organization","name":"Fisio-shop","description":"Empresa especializada na distribui\u00e7\u00e3o de equipamentos profissionais para os mercados da Fisioterapia, Geriatria, Fitness e Medicina Desportiva. Empresa especializada na distribui\u00e7\u00e3o de equipamentos profissionais para os mercados da Fisioterapia, Geriatria, Fitness e Medicina Desportiva.","url":"https:\/\/fisio-shop.pt\/","logo":{"@type":"ImageObject","url":"https:\/\/fisio-shop.pt\/wp-content\/uploads\/2026\/04\/android-chrome-192x192-1.png","@id":"https:\/\/fisio-shop.pt\/?product=5871\/#organizationLogo"},"image":{"@id":"https:\/\/fisio-shop.pt\/?product=5871\/#organizationLogo"},"sameAs":["https:\/\/www.facebook.com\/p\/Fisioshop-Comrcio-de-Equipamentos-Lda-100036934916130\/"]},{"@type":"Product","@id":"https:\/\/fisio-shop.pt\/?product=5871#wooCommerceProduct","name":"PAINEL MURAL PARA TERAPIA OCUPACIONAL","description":"Painel b\u00e1sico de instala\u00e7\u00e3o mural com 7 auxiliares que ajudam a simular as actividades dom\u00e9sticas do dia a dia.\n\nOs auxiliares da vida di\u00e1ria podem ser usados como parte de um programa para melhorar a sa\u00fade e qualidade de vida das pessoas.","url":"https:\/\/fisio-shop.pt\/?product=5871","sku":"AR10002","image":{"@type":"ImageObject","url":"https:\/\/fisio-shop.pt\/wp-content\/uploads\/2026\/02\/ERGO20-1.jpg","@id":"https:\/\/fisio-shop.pt\/?product=5871\/#productImage","width":319,"height":387},"offers":{"@type":"Offer","url":"https:\/\/fisio-shop.pt\/?product=5871#wooCommerceOffer","price":606.37,"priceCurrency":"EUR","category":"Sa\u00fade","availability":"https:\/\/schema.org\/InStock","priceSpecification":{"@type":"PriceSpecification","price":606.37,"priceCurrency":"EUR","valueAddedTaxIncluded":"true"},"seller":{"@type":"Organization","@id":"https:\/\/fisio-shop.pt\/#organization"}}},{"@type":"WebPage","@id":"https:\/\/fisio-shop.pt\/?product=5871#webpage","url":"https:\/\/fisio-shop.pt\/?product=5871","name":"PAINEL MURAL PARA TERAPIA OCUPACIONAL - Fisio-shop","description":"Painel b\u00e1sico de instala\u00e7\u00e3o mural com 7 auxiliares que ajudam a simular as actividades dom\u00e9sticas do dia a dia. Os auxiliares da vida di\u00e1ria podem ser usados como parte de um programa para melhorar a sa\u00fade e qualidade de vida das pessoas.","inLanguage":"pt-PT","isPartOf":{"@id":"https:\/\/fisio-shop.pt\/#website"},"breadcrumb":{"@id":"https:\/\/fisio-shop.pt\/?product=5871#breadcrumblist"},"image":{"@type":"ImageObject","url":"https:\/\/fisio-shop.pt\/wp-content\/uploads\/2026\/02\/ERGO20-1.jpg","@id":"https:\/\/fisio-shop.pt\/?product=5871\/#mainImage","width":319,"height":387},"primaryImageOfPage":{"@id":"https:\/\/fisio-shop.pt\/?product=5871#mainImage"},"datePublished":"2017-06-13T09:34:14+00:00","dateModified":"2026-02-25T19:55:44+00:00"},{"@type":"WebSite","@id":"https:\/\/fisio-shop.pt\/#website","url":"https:\/\/fisio-shop.pt\/","name":"Fisio-shop","description":"Empresa especializada na distribui\u00e7\u00e3o de equipamentos profissionais para os mercados da Fisioterapia, Geriatria, Fitness e Medicina Desportiva.","inLanguage":"pt-PT","publisher":{"@id":"https:\/\/fisio-shop.pt\/#organization"}}]},"og:locale":"pt_PT","og:site_name":"Fisio-shop - Empresa especializada na distribui\u00e7\u00e3o de equipamentos profissionais para os mercados da Fisioterapia, Geriatria, Fitness e Medicina Desportiva.","og:type":"article","og:title":"PAINEL MURAL PARA TERAPIA OCUPACIONAL - Fisio-shop","og:description":"Painel b\u00e1sico de instala\u00e7\u00e3o mural com 7 auxiliares que ajudam a simular as actividades dom\u00e9sticas do dia a dia. Os auxiliares da vida di\u00e1ria podem ser usados como parte de um programa para melhorar a sa\u00fade e qualidade de vida das pessoas.","og:url":"https:\/\/fisio-shop.pt\/?product=5871","og:image":"https:\/\/fisio-shop.pt\/wp-content\/uploads\/2026\/04\/android-chrome-192x192-1.png","og:image:secure_url":"https:\/\/fisio-shop.pt\/wp-content\/uploads\/2026\/04\/android-chrome-192x192-1.png","article:published_time":"2017-06-13T09:34:14+00:00","article:modified_time":"2026-02-25T19:55:44+00:00","article:publisher":"https:\/\/www.facebook.com\/p\/Fisioshop-Comrcio-de-Equipamentos-Lda-100036934916130\/","twitter:card":"summary_large_image","twitter:title":"PAINEL MURAL PARA TERAPIA OCUPACIONAL - Fisio-shop","twitter:description":"Painel b\u00e1sico de instala\u00e7\u00e3o mural com 7 auxiliares que ajudam a simular as actividades dom\u00e9sticas do dia a dia. Os auxiliares da vida di\u00e1ria podem ser usados como parte de um programa para melhorar a sa\u00fade e qualidade de vida das pessoas.","twitter:image":"https:\/\/fisio-shop.pt\/wp-content\/uploads\/2026\/04\/android-chrome-192x192-1.png"},"aioseo_meta_data":{"post_id":"8799","title":null,"description":null,"keywords":null,"keyphrases":null,"primary_term":null,"canonical_url":null,"og_title":null,"og_description":null,"og_object_type":"default","og_image_type":"default","og_image_url":null,"og_image_width":null,"og_image_height":null,"og_image_custom_url":null,"og_image_custom_fields":null,"og_video":null,"og_custom_url":null,"og_article_section":null,"og_article_tags":null,"twitter_use_og":false,"twitter_card":"default","twitter_image_type":"default","twitter_image_url":null,"twitter_image_custom_url":null,"twitter_image_custom_fields":null,"twitter_title":null,"twitter_description":null,"schema":{"blockGraphs":[],"customGraphs":[],"default":{"data":{"Article":[],"Course":[],"Dataset":[],"FAQPage":[],"Movie":[],"Person":[],"Product":[],"ProductReview":[],"Car":[],"Recipe":[],"Service":[],"SoftwareApplication":[],"WebPage":[]},"graphName":"","isEnabled":true},"graphs":[]},"schema_type":"default","schema_type_options":null,"pillar_content":false,"robots_default":true,"robots_noindex":false,"robots_noarchive":false,"robots_nosnippet":false,"robots_nofollow":false,"robots_noimageindex":false,"robots_noodp":false,"robots_notranslate":false,"robots_max_snippet":null,"robots_max_videopreview":null,"robots_max_imagepreview":"large","priority":null,"frequency":null,"local_seo":null,"seo_analyzer_scan_date":"2026-04-18 09:12:18","breadcrumb_settings":null,"limit_modified_date":false,"open_ai":null,"ai":null,"created":"2026-04-18 07:02:19","updated":"2026-04-18 21:43:09"},"aioseo_breadcrumb":"<div class=\"aioseo-breadcrumbs\"><span class=\"aioseo-breadcrumb\">\n\t<a href=\"https:\/\/fisio-shop.pt\" title=\"Home\">Home<\/a>\n<\/span><span class=\"aioseo-breadcrumb-separator\">\u00bb<\/span><span class=\"aioseo-breadcrumb\">\n\t<a href=\"https:\/\/fisio-shop.pt\/?page_id=5\" title=\"Loja\">Loja<\/a>\n<\/span><span class=\"aioseo-breadcrumb-separator\">\u00bb<\/span><span class=\"aioseo-breadcrumb\">\n\t<a href=\"https:\/\/fisio-shop.pt\/?product_cat=saude\" title=\"Sa\u00fade\">Sa\u00fade<\/a>\n<\/span><span class=\"aioseo-breadcrumb-separator\">\u00bb<\/span><span class=\"aioseo-breadcrumb\">\n\t<a href=\"https:\/\/fisio-shop.pt\/?product_cat=equipamentos-para-medicina-fisica-e-reabilitacao\" title=\"Equipamentos para medicina f\u00edsica e reabilita\u00e7\u00e3o\">Equipamentos para medicina f\u00edsica e reabilita\u00e7\u00e3o<\/a>\n<\/span><span class=\"aioseo-breadcrumb-separator\">\u00bb<\/span><span class=\"aioseo-breadcrumb\">\n\t<a href=\"https:\/\/fisio-shop.pt\/?product_cat=terapia-ocupacional\" title=\"Terapia ocupacional\">Terapia ocupacional<\/a>\n<\/span><span class=\"aioseo-breadcrumb-separator\">\u00bb<\/span><span class=\"aioseo-breadcrumb\">\n\t<a href=\"https:\/\/fisio-shop.pt\/?product_cat=reabilitacao-dos-dedos-e-mao\" title=\"Reabilita\u00e7\u00e3o dos dedos e m\u00e3o\">Reabilita\u00e7\u00e3o dos dedos e m\u00e3o<\/a>\n<\/span><span class=\"aioseo-breadcrumb-separator\">\u00bb<\/span><span class=\"aioseo-breadcrumb\">\n\tPAINEL MURAL PARA TERAPIA OCUPACIONAL\n<\/span><\/div>","aioseo_breadcrumb_json":[{"label":"Home","link":"https:\/\/fisio-shop.pt"},{"label":"Loja","link":"https:\/\/fisio-shop.pt\/?page_id=5"},{"label":"Sa\u00fade","link":"https:\/\/fisio-shop.pt\/?product_cat=saude"},{"label":"Equipamentos para medicina f\u00edsica e reabilita\u00e7\u00e3o","link":"https:\/\/fisio-shop.pt\/?product_cat=equipamentos-para-medicina-fisica-e-reabilitacao"},{"label":"Terapia ocupacional","link":"https:\/\/fisio-shop.pt\/?product_cat=terapia-ocupacional"},{"label":"Reabilita\u00e7\u00e3o dos dedos e m\u00e3o","link":"https:\/\/fisio-shop.pt\/?product_cat=reabilitacao-dos-dedos-e-mao"},{"label":"PAINEL MURAL PARA TERAPIA OCUPACIONAL","link":"https:\/\/fisio-shop.pt\/?product=5871"}],"_links":{"self":[{"href":"https:\/\/fisio-shop.pt\/index.php?rest_route=\/wp\/v2\/product\/8799","targetHints":{"allow":["GET"]}}],"collection":[{"href":"https:\/\/fisio-shop.pt\/index.php?rest_route=\/wp\/v2\/product"}],"about":[{"href":"https:\/\/fisio-shop.pt\/index.php?rest_route=\/wp\/v2\/types\/product"}],"replies":[{"embeddable":true,"href":"https:\/\/fisio-shop.pt\/index.php?rest_route=%2Fwp%2Fv2%2Fcomments&post=8799"}],"version-history":[{"count":0,"href":"https:\/\/fisio-shop.pt\/index.php?rest_route=\/wp\/v2\/product\/8799\/revisions"}],"wp:featuredmedia":[{"embeddable":true,"href":"https:\/\/fisio-shop.pt\/index.php?rest_route=\/wp\/v2\/media\/11112"}],"wp:attachment":[{"href":"https:\/\/fisio-shop.pt\/index.php?rest_route=%2Fwp%2Fv2%2Fmedia&parent=8799"}],"wp:term":[{"taxonomy":"product_brand","embeddable":true,"href":"https:\/\/fisio-shop.pt\/index.php?rest_route=%2Fwp%2Fv2%2Fproduct_brand&post=8799"},{"taxonomy":"product_cat","embeddable":true,"href":"https:\/\/fisio-shop.pt\/index.php?rest_route=%2Fwp%2Fv2%2Fproduct_cat&post=8799"},{"taxonomy":"product_tag","embeddable":true,"href":"https:\/\/fisio-shop.pt\/index.php?rest_route=%2Fwp%2Fv2%2Fproduct_tag&post=8799"}],"curies":[{"name":"wp","href":"https:\/\/api.w.org\/{rel}","templated":true}]}}