{"id":8853,"date":"2017-06-15T12:24:33","date_gmt":"2017-06-15T12:24:33","guid":{"rendered":"https:\/\/fisio-shop.pt\/loja\/analisador-de-lactato-scout\/"},"modified":"2026-05-14T02:21:22","modified_gmt":"2026-05-14T02:21:22","slug":"analisador-de-lactato-scout","status":"publish","type":"product","link":"https:\/\/fisio-shop.pt\/?product=analisador-de-lactato-scout","title":{"rendered":"ANALISADOR DE LACTATO SCOUT SPORT"},"content":{"rendered":"<p>Dispositivo ergon\u00f3mico para medi\u00e7\u00e3o de lactato de uma forma r\u00e1pida, precisa e confi\u00e1vel;<\/p>\n<p>O Lactate Scout Sport \u00e9 a primeira escolha da medicina desportiva e dos profissionais de desporto em todo o mundo quando se trata de medir de forma f\u00e1cil e confi\u00e1vel, o n\u00edvel de lactato durante um treino;<\/p>\n<p>O Lactate Scout Sport foi projetado ergonomicamente para ser usado de maneira eficaz como um companheiro de treino para treinadores e atletas para determinar planos de treino ideais, definir zonas de treino e evitar exerc\u00edcios menos ineficientes.<\/p>\n<p><strong>F\u00e1cil de usar:<\/strong><\/p>\n<ul>\n<li>Insira\/remova a tira de teste para ligar\/desligar;<\/li>\n<li>Navega\u00e7\u00e3o simplificada para flexibilidade durante o treino;<\/li>\n<li>Requer apenas 0,2 \u03bcl de sangue capilar;<\/li>\n<li>Tiras de teste pr\u00e9-calibradas;<\/li>\n<li>Dispositivo calibrado por codifica\u00e7\u00e3o simples;<\/li>\n<li>Valor da medi\u00e7\u00e3o de lactato, data\/hora, modo de medi\u00e7\u00e3o, temperatura<\/li>\n<li>e ID de mem\u00f3ria em um \u00fanico visor;<\/li>\n<li>Autoteste autom\u00e1tico.<\/li>\n<\/ul>\n<p><strong>R\u00e1pido e preciso:<\/strong><\/p>\n<ul>\n<li>M\u00e9todo de dete\u00e7\u00e3o amperom\u00e9trica enzim\u00e1tica;<\/li>\n<li>Resultados em 10 segundos;<\/li>\n<li>Faixa de medi\u00e7\u00e3o: 0,5 a 25 mmol\/L;<\/li>\n<li>Na faixa normal de Hct (35-50%): 0,5 a 6,7 \u200b\u200bmmol\/L Lactato sangu\u00edneo \u2264 0,2 mmol\/L, 6,8 a 25,0 mmol\/L Lactato sangu\u00edneo \u2264 3%. Em valores de hemat\u00f3crito fora da faixa indicada, desvios maiores s\u00e3o poss\u00edveis;<\/li>\n<li>Compensa a influ\u00eancia de n\u00edveis de hemat\u00f3crito baixos e altos (20 a 70%).<\/li>\n<\/ul>\n<p><strong>Avalia\u00e7\u00e3o de desempenho:<\/strong><\/p>\n<ul>\n<li>Medi\u00e7\u00f5es de teste \u00fanico e em etapas (repouso\/exerc\u00edcio\/recrea\u00e7\u00e3o);<\/li>\n<li>Fun\u00e7\u00e3o cron\u00f3metro;<\/li>\n<li>Conex\u00e3o com monitores de frequ\u00eancia card\u00edaca compat\u00edveis com Bluetooth\u00ae Low Energy para vincula\u00e7\u00e3o ao valor de lactato;<\/li>\n<li>Software Lactate Scout Assistant dispon\u00edvel para gerenciamento de desempenho.<\/li>\n<\/ul>\n<p><strong>Pr\u00e1tico e fi\u00e1vel:<\/strong><\/p>\n<ul>\n<li>Armazena at\u00e9 500 resultados;<\/li>\n<li>testes usando apenas 2 pilhas CR2450;<\/li>\n<li>Tamanho de bolso: 91 mm (A) x 46 mm (L) x 21 mm (P);<\/li>\n<li>Leve: 60 g;<\/li>\n<li>Faixa de opera\u00e7\u00e3o: 10 a 45 \u00b0C e humidade m\u00e1xima de 85%;<\/li>\n<li>Conectividade Bluetooth\u00ae Low Energy integrada;<\/li>\n<li>Pais de origem: Alemanha.<\/li>\n<\/ul>\n<p>&nbsp;<\/p>\n<p>&nbsp;<\/p>\n<p>&nbsp;<\/p>\n<p>&nbsp;<\/p>\n<p>&nbsp;<\/p>\n<p>&nbsp;<\/p>\n","protected":false},"excerpt":{"rendered":"<p>Analisador de Lactato Scout Sport<\/p>\n<p>&nbsp;<\/p>\n","protected":false},"featured_media":11162,"comment_status":"open","ping_status":"closed","template":"","meta":{"rs_blank_template":"","rs_page_bg_color":"","slide_template_v7":""},"product_brand":[],"product_cat":[1400,1793,1812],"product_tag":[412,413,414,415],"class_list":{"0":"post-8853","1":"product","2":"type-product","3":"status-publish","4":"has-post-thumbnail","6":"product_cat-medicina-fisica-e-desportiva","7":"product_cat-leitores-de-lactato","8":"product_cat-fisiologia-do-exercicio","9":"product_tag-analisador-lactato","10":"product_tag-lactato","11":"product_tag-latato","12":"product_tag-prova-de-esforco","14":"first","15":"instock","16":"featured","17":"shipping-taxable","18":"product-type-simple"},"aioseo_notices":[],"etheme_brands":{"errors":{"invalid_taxonomy":["Taxonomia inv\u00e1lida."]},"error_data":[]},"aioseo_head":"\n\t\t<!-- All in One SEO Pro 4.9.0 - aioseo.com -->\n\t<meta name=\"description\" content=\"Analisador de Lactato Scout Sport\" \/>\n\t<meta name=\"robots\" content=\"max-image-preview:large\" \/>\n\t<link rel=\"canonical\" href=\"https:\/\/fisio-shop.pt\/?product=analisador-de-lactato-scout\" \/>\n\t<meta name=\"generator\" content=\"All in One SEO Pro (AIOSEO) 4.9.0\" \/>\n\t\t<meta property=\"og:locale\" content=\"pt_PT\" \/>\n\t\t<meta property=\"og:site_name\" content=\"Fisio-shop - Empresa especializada na distribui\u00e7\u00e3o de equipamentos profissionais para os mercados da Fisioterapia, Geriatria, Fitness e Medicina Desportiva.\" \/>\n\t\t<meta property=\"og:type\" content=\"article\" \/>\n\t\t<meta property=\"og:title\" content=\"ANALISADOR DE LACTATO SCOUT SPORT - Fisio-shop\" \/>\n\t\t<meta property=\"og:description\" content=\"Analisador de Lactato Scout Sport\" \/>\n\t\t<meta property=\"og:url\" content=\"https:\/\/fisio-shop.pt\/?product=analisador-de-lactato-scout\" \/>\n\t\t<meta property=\"og:image\" content=\"https:\/\/fisio-shop.pt\/wp-content\/uploads\/2026\/04\/android-chrome-192x192-1.png\" \/>\n\t\t<meta property=\"og:image:secure_url\" content=\"https:\/\/fisio-shop.pt\/wp-content\/uploads\/2026\/04\/android-chrome-192x192-1.png\" \/>\n\t\t<meta property=\"article:published_time\" content=\"2017-06-15T12:24:33+00:00\" \/>\n\t\t<meta property=\"article:modified_time\" content=\"2026-05-14T02:21:22+00:00\" \/>\n\t\t<meta property=\"article:publisher\" content=\"https:\/\/www.facebook.com\/p\/Fisioshop-Comrcio-de-Equipamentos-Lda-100036934916130\/\" \/>\n\t\t<meta name=\"twitter:card\" content=\"summary_large_image\" \/>\n\t\t<meta name=\"twitter:title\" content=\"ANALISADOR DE LACTATO SCOUT SPORT - Fisio-shop\" \/>\n\t\t<meta name=\"twitter:description\" content=\"Analisador de Lactato Scout Sport\" \/>\n\t\t<meta name=\"twitter:image\" content=\"https:\/\/fisio-shop.pt\/wp-content\/uploads\/2026\/04\/android-chrome-192x192-1.png\" \/>\n\t\t<script type=\"application\/ld+json\" class=\"aioseo-schema\">\n\t\t\t{\"@context\":\"https:\\\/\\\/schema.org\",\"@graph\":[{\"@type\":\"BreadcrumbList\",\"@id\":\"https:\\\/\\\/fisio-shop.pt\\\/?product=analisador-de-lactato-scout#breadcrumblist\",\"itemListElement\":[{\"@type\":\"ListItem\",\"@id\":\"https:\\\/\\\/fisio-shop.pt#listItem\",\"position\":1,\"name\":\"Home\",\"item\":\"https:\\\/\\\/fisio-shop.pt\",\"nextItem\":{\"@type\":\"ListItem\",\"@id\":\"https:\\\/\\\/fisio-shop.pt\\\/?page_id=5#listItem\",\"name\":\"Loja\"}},{\"@type\":\"ListItem\",\"@id\":\"https:\\\/\\\/fisio-shop.pt\\\/?page_id=5#listItem\",\"position\":2,\"name\":\"Loja\",\"item\":\"https:\\\/\\\/fisio-shop.pt\\\/?page_id=5\",\"nextItem\":{\"@type\":\"ListItem\",\"@id\":\"https:\\\/\\\/fisio-shop.pt\\\/?product_cat=medicina-fisica-e-desportiva#listItem\",\"name\":\"Medicina f\\u00edsica e desportiva\"},\"previousItem\":{\"@type\":\"ListItem\",\"@id\":\"https:\\\/\\\/fisio-shop.pt#listItem\",\"name\":\"Home\"}},{\"@type\":\"ListItem\",\"@id\":\"https:\\\/\\\/fisio-shop.pt\\\/?product_cat=medicina-fisica-e-desportiva#listItem\",\"position\":3,\"name\":\"Medicina f\\u00edsica e desportiva\",\"item\":\"https:\\\/\\\/fisio-shop.pt\\\/?product_cat=medicina-fisica-e-desportiva\",\"nextItem\":{\"@type\":\"ListItem\",\"@id\":\"https:\\\/\\\/fisio-shop.pt\\\/?product_cat=fisiologia-do-exercicio#listItem\",\"name\":\"Fisiologia do Exercicio\"},\"previousItem\":{\"@type\":\"ListItem\",\"@id\":\"https:\\\/\\\/fisio-shop.pt\\\/?page_id=5#listItem\",\"name\":\"Loja\"}},{\"@type\":\"ListItem\",\"@id\":\"https:\\\/\\\/fisio-shop.pt\\\/?product_cat=fisiologia-do-exercicio#listItem\",\"position\":4,\"name\":\"Fisiologia do Exercicio\",\"item\":\"https:\\\/\\\/fisio-shop.pt\\\/?product_cat=fisiologia-do-exercicio\",\"nextItem\":{\"@type\":\"ListItem\",\"@id\":\"https:\\\/\\\/fisio-shop.pt\\\/?product_cat=leitores-de-lactato#listItem\",\"name\":\"Leitores de lactato\"},\"previousItem\":{\"@type\":\"ListItem\",\"@id\":\"https:\\\/\\\/fisio-shop.pt\\\/?product_cat=medicina-fisica-e-desportiva#listItem\",\"name\":\"Medicina f\\u00edsica e desportiva\"}},{\"@type\":\"ListItem\",\"@id\":\"https:\\\/\\\/fisio-shop.pt\\\/?product_cat=leitores-de-lactato#listItem\",\"position\":5,\"name\":\"Leitores de lactato\",\"item\":\"https:\\\/\\\/fisio-shop.pt\\\/?product_cat=leitores-de-lactato\",\"nextItem\":{\"@type\":\"ListItem\",\"@id\":\"https:\\\/\\\/fisio-shop.pt\\\/?product=analisador-de-lactato-scout#listItem\",\"name\":\"ANALISADOR DE LACTATO SCOUT SPORT\"},\"previousItem\":{\"@type\":\"ListItem\",\"@id\":\"https:\\\/\\\/fisio-shop.pt\\\/?product_cat=fisiologia-do-exercicio#listItem\",\"name\":\"Fisiologia do Exercicio\"}},{\"@type\":\"ListItem\",\"@id\":\"https:\\\/\\\/fisio-shop.pt\\\/?product=analisador-de-lactato-scout#listItem\",\"position\":6,\"name\":\"ANALISADOR DE LACTATO SCOUT SPORT\",\"previousItem\":{\"@type\":\"ListItem\",\"@id\":\"https:\\\/\\\/fisio-shop.pt\\\/?product_cat=leitores-de-lactato#listItem\",\"name\":\"Leitores de lactato\"}}]},{\"@type\":\"Organization\",\"@id\":\"https:\\\/\\\/fisio-shop.pt\\\/#organization\",\"name\":\"Fisio-shop\",\"description\":\"Empresa especializada na distribui\\u00e7\\u00e3o de equipamentos profissionais para os mercados da Fisioterapia, Geriatria, Fitness e Medicina Desportiva. Empresa especializada na distribui\\u00e7\\u00e3o de equipamentos profissionais para os mercados da Fisioterapia, Geriatria, Fitness e Medicina Desportiva.\",\"url\":\"https:\\\/\\\/fisio-shop.pt\\\/\",\"logo\":{\"@type\":\"ImageObject\",\"url\":\"https:\\\/\\\/fisio-shop.pt\\\/wp-content\\\/uploads\\\/2026\\\/04\\\/android-chrome-192x192-1.png\",\"@id\":\"https:\\\/\\\/fisio-shop.pt\\\/?product=analisador-de-lactato-scout\\\/#organizationLogo\"},\"image\":{\"@id\":\"https:\\\/\\\/fisio-shop.pt\\\/?product=analisador-de-lactato-scout\\\/#organizationLogo\"},\"sameAs\":[\"https:\\\/\\\/www.facebook.com\\\/p\\\/Fisioshop-Comrcio-de-Equipamentos-Lda-100036934916130\\\/\"]},{\"@type\":\"Product\",\"@id\":\"https:\\\/\\\/fisio-shop.pt\\\/?product=analisador-de-lactato-scout#wooCommerceProduct\",\"name\":\"ANALISADOR DE LACTATO SCOUT SPORT\",\"description\":\"Analisador de Lactato Scout Sport\\r\\n\\r\\n&nbsp;\",\"url\":\"https:\\\/\\\/fisio-shop.pt\\\/?product=analisador-de-lactato-scout\",\"sku\":\"DIV0152\",\"image\":{\"@type\":\"ImageObject\",\"url\":\"https:\\\/\\\/fisio-shop.pt\\\/wp-content\\\/uploads\\\/2026\\\/02\\\/scout-sport-1.png\",\"@id\":\"https:\\\/\\\/fisio-shop.pt\\\/?product=analisador-de-lactato-scout\\\/#productImage\",\"width\":736,\"height\":1007},\"offers\":{\"@type\":\"Offer\",\"url\":\"https:\\\/\\\/fisio-shop.pt\\\/?product=analisador-de-lactato-scout#wooCommerceOffer\",\"price\":0,\"priceCurrency\":\"EUR\",\"category\":\"Medicina f\\u00edsica e desportiva\",\"availability\":\"https:\\\/\\\/schema.org\\\/InStock\",\"seller\":{\"@type\":\"Organization\",\"@id\":\"https:\\\/\\\/fisio-shop.pt\\\/#organization\"}}},{\"@type\":\"WebPage\",\"@id\":\"https:\\\/\\\/fisio-shop.pt\\\/?product=analisador-de-lactato-scout#webpage\",\"url\":\"https:\\\/\\\/fisio-shop.pt\\\/?product=analisador-de-lactato-scout\",\"name\":\"ANALISADOR DE LACTATO SCOUT SPORT - Fisio-shop\",\"description\":\"Analisador de Lactato Scout Sport\",\"inLanguage\":\"pt-PT\",\"isPartOf\":{\"@id\":\"https:\\\/\\\/fisio-shop.pt\\\/#website\"},\"breadcrumb\":{\"@id\":\"https:\\\/\\\/fisio-shop.pt\\\/?product=analisador-de-lactato-scout#breadcrumblist\"},\"image\":{\"@type\":\"ImageObject\",\"url\":\"https:\\\/\\\/fisio-shop.pt\\\/wp-content\\\/uploads\\\/2026\\\/02\\\/scout-sport-1.png\",\"@id\":\"https:\\\/\\\/fisio-shop.pt\\\/?product=analisador-de-lactato-scout\\\/#mainImage\",\"width\":736,\"height\":1007},\"primaryImageOfPage\":{\"@id\":\"https:\\\/\\\/fisio-shop.pt\\\/?product=analisador-de-lactato-scout#mainImage\"},\"datePublished\":\"2017-06-15T12:24:33+00:00\",\"dateModified\":\"2026-05-14T02:21:22+00:00\"},{\"@type\":\"WebSite\",\"@id\":\"https:\\\/\\\/fisio-shop.pt\\\/#website\",\"url\":\"https:\\\/\\\/fisio-shop.pt\\\/\",\"name\":\"Fisio-shop\",\"description\":\"Empresa especializada na distribui\\u00e7\\u00e3o de equipamentos profissionais para os mercados da Fisioterapia, Geriatria, Fitness e Medicina Desportiva.\",\"inLanguage\":\"pt-PT\",\"publisher\":{\"@id\":\"https:\\\/\\\/fisio-shop.pt\\\/#organization\"}}]}\n\t\t<\/script>\n\t\t<!-- All in One SEO Pro -->\r\n\t\t<title>ANALISADOR DE LACTATO SCOUT SPORT - Fisio-shop<\/title>\n\n","aioseo_head_json":{"title":"ANALISADOR DE LACTATO SCOUT SPORT - Fisio-shop","description":"Analisador de Lactato Scout Sport","canonical_url":"https:\/\/fisio-shop.pt\/?product=analisador-de-lactato-scout","robots":"max-image-preview:large","keywords":"","webmasterTools":{"miscellaneous":""},"schema":{"@context":"https:\/\/schema.org","@graph":[{"@type":"BreadcrumbList","@id":"https:\/\/fisio-shop.pt\/?product=analisador-de-lactato-scout#breadcrumblist","itemListElement":[{"@type":"ListItem","@id":"https:\/\/fisio-shop.pt#listItem","position":1,"name":"Home","item":"https:\/\/fisio-shop.pt","nextItem":{"@type":"ListItem","@id":"https:\/\/fisio-shop.pt\/?page_id=5#listItem","name":"Loja"}},{"@type":"ListItem","@id":"https:\/\/fisio-shop.pt\/?page_id=5#listItem","position":2,"name":"Loja","item":"https:\/\/fisio-shop.pt\/?page_id=5","nextItem":{"@type":"ListItem","@id":"https:\/\/fisio-shop.pt\/?product_cat=medicina-fisica-e-desportiva#listItem","name":"Medicina f\u00edsica e desportiva"},"previousItem":{"@type":"ListItem","@id":"https:\/\/fisio-shop.pt#listItem","name":"Home"}},{"@type":"ListItem","@id":"https:\/\/fisio-shop.pt\/?product_cat=medicina-fisica-e-desportiva#listItem","position":3,"name":"Medicina f\u00edsica e desportiva","item":"https:\/\/fisio-shop.pt\/?product_cat=medicina-fisica-e-desportiva","nextItem":{"@type":"ListItem","@id":"https:\/\/fisio-shop.pt\/?product_cat=fisiologia-do-exercicio#listItem","name":"Fisiologia do Exercicio"},"previousItem":{"@type":"ListItem","@id":"https:\/\/fisio-shop.pt\/?page_id=5#listItem","name":"Loja"}},{"@type":"ListItem","@id":"https:\/\/fisio-shop.pt\/?product_cat=fisiologia-do-exercicio#listItem","position":4,"name":"Fisiologia do Exercicio","item":"https:\/\/fisio-shop.pt\/?product_cat=fisiologia-do-exercicio","nextItem":{"@type":"ListItem","@id":"https:\/\/fisio-shop.pt\/?product_cat=leitores-de-lactato#listItem","name":"Leitores de lactato"},"previousItem":{"@type":"ListItem","@id":"https:\/\/fisio-shop.pt\/?product_cat=medicina-fisica-e-desportiva#listItem","name":"Medicina f\u00edsica e desportiva"}},{"@type":"ListItem","@id":"https:\/\/fisio-shop.pt\/?product_cat=leitores-de-lactato#listItem","position":5,"name":"Leitores de lactato","item":"https:\/\/fisio-shop.pt\/?product_cat=leitores-de-lactato","nextItem":{"@type":"ListItem","@id":"https:\/\/fisio-shop.pt\/?product=analisador-de-lactato-scout#listItem","name":"ANALISADOR DE LACTATO SCOUT SPORT"},"previousItem":{"@type":"ListItem","@id":"https:\/\/fisio-shop.pt\/?product_cat=fisiologia-do-exercicio#listItem","name":"Fisiologia do Exercicio"}},{"@type":"ListItem","@id":"https:\/\/fisio-shop.pt\/?product=analisador-de-lactato-scout#listItem","position":6,"name":"ANALISADOR DE LACTATO SCOUT SPORT","previousItem":{"@type":"ListItem","@id":"https:\/\/fisio-shop.pt\/?product_cat=leitores-de-lactato#listItem","name":"Leitores de lactato"}}]},{"@type":"Organization","@id":"https:\/\/fisio-shop.pt\/#organization","name":"Fisio-shop","description":"Empresa especializada na distribui\u00e7\u00e3o de equipamentos profissionais para os mercados da Fisioterapia, Geriatria, Fitness e Medicina Desportiva. Empresa especializada na distribui\u00e7\u00e3o de equipamentos profissionais para os mercados da Fisioterapia, Geriatria, Fitness e Medicina Desportiva.","url":"https:\/\/fisio-shop.pt\/","logo":{"@type":"ImageObject","url":"https:\/\/fisio-shop.pt\/wp-content\/uploads\/2026\/04\/android-chrome-192x192-1.png","@id":"https:\/\/fisio-shop.pt\/?product=analisador-de-lactato-scout\/#organizationLogo"},"image":{"@id":"https:\/\/fisio-shop.pt\/?product=analisador-de-lactato-scout\/#organizationLogo"},"sameAs":["https:\/\/www.facebook.com\/p\/Fisioshop-Comrcio-de-Equipamentos-Lda-100036934916130\/"]},{"@type":"Product","@id":"https:\/\/fisio-shop.pt\/?product=analisador-de-lactato-scout#wooCommerceProduct","name":"ANALISADOR DE LACTATO SCOUT SPORT","description":"Analisador de Lactato Scout Sport\r\n\r\n&nbsp;","url":"https:\/\/fisio-shop.pt\/?product=analisador-de-lactato-scout","sku":"DIV0152","image":{"@type":"ImageObject","url":"https:\/\/fisio-shop.pt\/wp-content\/uploads\/2026\/02\/scout-sport-1.png","@id":"https:\/\/fisio-shop.pt\/?product=analisador-de-lactato-scout\/#productImage","width":736,"height":1007},"offers":{"@type":"Offer","url":"https:\/\/fisio-shop.pt\/?product=analisador-de-lactato-scout#wooCommerceOffer","price":0,"priceCurrency":"EUR","category":"Medicina f\u00edsica e desportiva","availability":"https:\/\/schema.org\/InStock","seller":{"@type":"Organization","@id":"https:\/\/fisio-shop.pt\/#organization"}}},{"@type":"WebPage","@id":"https:\/\/fisio-shop.pt\/?product=analisador-de-lactato-scout#webpage","url":"https:\/\/fisio-shop.pt\/?product=analisador-de-lactato-scout","name":"ANALISADOR DE LACTATO SCOUT SPORT - Fisio-shop","description":"Analisador de Lactato Scout Sport","inLanguage":"pt-PT","isPartOf":{"@id":"https:\/\/fisio-shop.pt\/#website"},"breadcrumb":{"@id":"https:\/\/fisio-shop.pt\/?product=analisador-de-lactato-scout#breadcrumblist"},"image":{"@type":"ImageObject","url":"https:\/\/fisio-shop.pt\/wp-content\/uploads\/2026\/02\/scout-sport-1.png","@id":"https:\/\/fisio-shop.pt\/?product=analisador-de-lactato-scout\/#mainImage","width":736,"height":1007},"primaryImageOfPage":{"@id":"https:\/\/fisio-shop.pt\/?product=analisador-de-lactato-scout#mainImage"},"datePublished":"2017-06-15T12:24:33+00:00","dateModified":"2026-05-14T02:21:22+00:00"},{"@type":"WebSite","@id":"https:\/\/fisio-shop.pt\/#website","url":"https:\/\/fisio-shop.pt\/","name":"Fisio-shop","description":"Empresa especializada na distribui\u00e7\u00e3o de equipamentos profissionais para os mercados da Fisioterapia, Geriatria, Fitness e Medicina Desportiva.","inLanguage":"pt-PT","publisher":{"@id":"https:\/\/fisio-shop.pt\/#organization"}}]},"og:locale":"pt_PT","og:site_name":"Fisio-shop - Empresa especializada na distribui\u00e7\u00e3o de equipamentos profissionais para os mercados da Fisioterapia, Geriatria, Fitness e Medicina Desportiva.","og:type":"article","og:title":"ANALISADOR DE LACTATO SCOUT SPORT - Fisio-shop","og:description":"Analisador de Lactato Scout Sport","og:url":"https:\/\/fisio-shop.pt\/?product=analisador-de-lactato-scout","og:image":"https:\/\/fisio-shop.pt\/wp-content\/uploads\/2026\/04\/android-chrome-192x192-1.png","og:image:secure_url":"https:\/\/fisio-shop.pt\/wp-content\/uploads\/2026\/04\/android-chrome-192x192-1.png","article:published_time":"2017-06-15T12:24:33+00:00","article:modified_time":"2026-05-14T02:21:22+00:00","article:publisher":"https:\/\/www.facebook.com\/p\/Fisioshop-Comrcio-de-Equipamentos-Lda-100036934916130\/","twitter:card":"summary_large_image","twitter:title":"ANALISADOR DE LACTATO SCOUT SPORT - Fisio-shop","twitter:description":"Analisador de Lactato Scout Sport","twitter:image":"https:\/\/fisio-shop.pt\/wp-content\/uploads\/2026\/04\/android-chrome-192x192-1.png"},"aioseo_meta_data":{"post_id":"8853","title":null,"description":null,"keywords":null,"keyphrases":null,"primary_term":null,"canonical_url":null,"og_title":null,"og_description":null,"og_object_type":"default","og_image_type":"default","og_image_url":null,"og_image_width":null,"og_image_height":null,"og_image_custom_url":null,"og_image_custom_fields":null,"og_video":null,"og_custom_url":null,"og_article_section":null,"og_article_tags":null,"twitter_use_og":false,"twitter_card":"default","twitter_image_type":"default","twitter_image_url":null,"twitter_image_custom_url":null,"twitter_image_custom_fields":null,"twitter_title":null,"twitter_description":null,"schema":{"blockGraphs":[],"customGraphs":[],"default":{"data":{"Article":[],"Course":[],"Dataset":[],"FAQPage":[],"Movie":[],"Person":[],"Product":[],"ProductReview":[],"Car":[],"Recipe":[],"Service":[],"SoftwareApplication":[],"WebPage":[]},"graphName":"","isEnabled":true},"graphs":[]},"schema_type":"default","schema_type_options":null,"pillar_content":false,"robots_default":true,"robots_noindex":false,"robots_noarchive":false,"robots_nosnippet":false,"robots_nofollow":false,"robots_noimageindex":false,"robots_noodp":false,"robots_notranslate":false,"robots_max_snippet":null,"robots_max_videopreview":null,"robots_max_imagepreview":"large","priority":null,"frequency":null,"local_seo":null,"seo_analyzer_scan_date":"2026-04-18 10:37:18","breadcrumb_settings":null,"limit_modified_date":false,"open_ai":null,"ai":null,"created":"2026-04-18 07:02:19","updated":"2026-05-14 02:22:22"},"aioseo_breadcrumb":"<div class=\"aioseo-breadcrumbs\"><span class=\"aioseo-breadcrumb\">\n\t<a href=\"https:\/\/fisio-shop.pt\" title=\"Home\">Home<\/a>\n<\/span><span class=\"aioseo-breadcrumb-separator\">\u00bb<\/span><span class=\"aioseo-breadcrumb\">\n\t<a href=\"https:\/\/fisio-shop.pt\/?page_id=5\" title=\"Loja\">Loja<\/a>\n<\/span><span class=\"aioseo-breadcrumb-separator\">\u00bb<\/span><span class=\"aioseo-breadcrumb\">\n\t<a href=\"https:\/\/fisio-shop.pt\/?product_cat=medicina-fisica-e-desportiva\" title=\"Medicina f\u00edsica e desportiva\">Medicina f\u00edsica e desportiva<\/a>\n<\/span><span class=\"aioseo-breadcrumb-separator\">\u00bb<\/span><span class=\"aioseo-breadcrumb\">\n\t<a href=\"https:\/\/fisio-shop.pt\/?product_cat=fisiologia-do-exercicio\" title=\"Fisiologia do Exercicio\">Fisiologia do Exercicio<\/a>\n<\/span><span class=\"aioseo-breadcrumb-separator\">\u00bb<\/span><span class=\"aioseo-breadcrumb\">\n\t<a href=\"https:\/\/fisio-shop.pt\/?product_cat=leitores-de-lactato\" title=\"Leitores de lactato\">Leitores de lactato<\/a>\n<\/span><span class=\"aioseo-breadcrumb-separator\">\u00bb<\/span><span class=\"aioseo-breadcrumb\">\n\tANALISADOR DE LACTATO SCOUT SPORT\n<\/span><\/div>","aioseo_breadcrumb_json":[{"label":"Home","link":"https:\/\/fisio-shop.pt"},{"label":"Loja","link":"https:\/\/fisio-shop.pt\/?page_id=5"},{"label":"Medicina f\u00edsica e desportiva","link":"https:\/\/fisio-shop.pt\/?product_cat=medicina-fisica-e-desportiva"},{"label":"Fisiologia do Exercicio","link":"https:\/\/fisio-shop.pt\/?product_cat=fisiologia-do-exercicio"},{"label":"Leitores de lactato","link":"https:\/\/fisio-shop.pt\/?product_cat=leitores-de-lactato"},{"label":"ANALISADOR DE LACTATO SCOUT SPORT","link":"https:\/\/fisio-shop.pt\/?product=analisador-de-lactato-scout"}],"_links":{"self":[{"href":"https:\/\/fisio-shop.pt\/index.php?rest_route=\/wp\/v2\/product\/8853","targetHints":{"allow":["GET"]}}],"collection":[{"href":"https:\/\/fisio-shop.pt\/index.php?rest_route=\/wp\/v2\/product"}],"about":[{"href":"https:\/\/fisio-shop.pt\/index.php?rest_route=\/wp\/v2\/types\/product"}],"replies":[{"embeddable":true,"href":"https:\/\/fisio-shop.pt\/index.php?rest_route=%2Fwp%2Fv2%2Fcomments&post=8853"}],"version-history":[{"count":0,"href":"https:\/\/fisio-shop.pt\/index.php?rest_route=\/wp\/v2\/product\/8853\/revisions"}],"wp:featuredmedia":[{"embeddable":true,"href":"https:\/\/fisio-shop.pt\/index.php?rest_route=\/wp\/v2\/media\/11162"}],"wp:attachment":[{"href":"https:\/\/fisio-shop.pt\/index.php?rest_route=%2Fwp%2Fv2%2Fmedia&parent=8853"}],"wp:term":[{"taxonomy":"product_brand","embeddable":true,"href":"https:\/\/fisio-shop.pt\/index.php?rest_route=%2Fwp%2Fv2%2Fproduct_brand&post=8853"},{"taxonomy":"product_cat","embeddable":true,"href":"https:\/\/fisio-shop.pt\/index.php?rest_route=%2Fwp%2Fv2%2Fproduct_cat&post=8853"},{"taxonomy":"product_tag","embeddable":true,"href":"https:\/\/fisio-shop.pt\/index.php?rest_route=%2Fwp%2Fv2%2Fproduct_tag&post=8853"}],"curies":[{"name":"wp","href":"https:\/\/api.w.org\/{rel}","templated":true}]}}