{"id":8893,"date":"2017-06-20T16:26:11","date_gmt":"2017-06-20T16:26:11","guid":{"rendered":"https:\/\/fisio-shop.pt\/loja\/crosstrainer-kronos-generator\/"},"modified":"2026-02-25T19:56:35","modified_gmt":"2026-02-25T19:56:35","slug":"crosstrainer-kronos-generator","status":"publish","type":"product","link":"https:\/\/fisio-shop.pt\/?product=crosstrainer-kronos-generator","title":{"rendered":"BH CROSSTRAINER KRONOS GENERATOR"},"content":{"rendered":"<p><strong>Caracter\u00edsticas Especificas:<\/strong><strong>\u00a0<\/strong><\/p>\n<ul>\n<li>Sistema de trav\u00e3o electromagn\u00e9tico;<\/li>\n<li>Proporciona um leque vasto de tens\u00f5es;<\/li>\n<li>Sem ru\u00eddo e uma resist\u00eancia para a vida;<\/li>\n<li>Rolamentos extra-resistentes utilizados em todas as estruturas m\u00f3veis que permitem obter suavidade nos movimentos;<\/li>\n<li>Monitor LCD retro-iluminado com luz azul e amarelo;<\/li>\n<li>12 perfis predefinidos diferentes;<\/li>\n<li>32 n\u00edveis de intensidade;<\/li>\n<li>Programa de watts constantes (SWR: 10-350watts), especialmente desenhado para reabilita\u00e7\u00e3o;<\/li>\n<li>4 Programas de controlo do ritmo card\u00edaco (HRC), que permitem atingir n\u00edveis cardiovasculares durante o treino;<\/li>\n<li>Controla automaticamente a intensidade do treino para manter o esfor\u00e7o a limites de pulsa\u00e7\u00e3o diferentes;<\/li>\n<li>Permite atingir n\u00edveis cardiovasculares durante o treino;<\/li>\n<li>Controla a percentagem de gordura corporal;<\/li>\n<li>Teste de recupera\u00e7\u00e3o (RT);<\/li>\n<li>4 Perfis personaliz\u00e1veis (uPrg).<strong>\u00a0<\/strong><\/li>\n<\/ul>\n<p><strong>Utiliza\u00e7\u00e3o:<\/strong><strong>\u00a0<\/strong><\/p>\n<ul>\n<li>Frequ\u00eancia: Semi-Profissional;<\/li>\n<li>Peso m\u00e1ximo do utilizador: 130 Kg;<\/li>\n<li>Sistema de resist\u00eancia: Gerador;<\/li>\n<li>Erg\u00f3metro: Classe HA;<\/li>\n<li>Sistema Inercial: Sistema gerador equivalente a RM: 35 kg;<\/li>\n<li>Passada: 51 cm;<\/li>\n<li>Dist\u00e2ncia entre pedais: 11 cm.<\/li>\n<\/ul>\n<p><strong>Painel de Controlo:<\/strong><\/p>\n<ul>\n<li>Ecr\u00e3: Retro iluminado;<\/li>\n<li>Perfis pr\u00e9 definidos: 12;<\/li>\n<li>N\u00edveis de intensidade: 32;<\/li>\n<li>HRC: 4;<\/li>\n<li>Perfis de utilizador: 4;<\/li>\n<li>Programa de Watts constantes: 10-350 Watts;<\/li>\n<li>Teste de gordura corporal: Sim.<\/li>\n<\/ul>\n<p><strong>Dimens\u00f5es:<\/strong><\/p>\n<ul>\n<li>Comprimento: 210 cm;<\/li>\n<li>Largura: 64 cm;<\/li>\n<li>Altura: 170 cm;<\/li>\n<li>Peso: 74 Kg;<\/li>\n<li>Marca: BH Fitness;<\/li>\n<li>Modelo: Kronos Generator G260.<\/li>\n<\/ul>\n<p><strong>\u00a0<\/strong><\/p>\n","protected":false},"excerpt":{"rendered":"<p>Cross Trainer Semi-Profissional especialmente concebida para uma utiliza\u00e7\u00e3o superior 20 horas semanais.<\/p>\n<p>Equipada com um sistema de freio magn\u00e9tico auto-gerado que assegurar\u00e1 o m\u00e1ximo desempenho para uso intensivo e continuo.<\/p>\n<p>N\u00e3o precisa de conex\u00e3o a energia.<\/p>\n","protected":false},"featured_media":11217,"comment_status":"open","ping_status":"closed","template":"","meta":{"rs_blank_template":"","rs_page_bg_color":"","slide_template_v7":""},"product_brand":[],"product_cat":[1399,1867,1889],"product_tag":[404,405,418,424,434,435],"class_list":{"0":"post-8893","1":"product","2":"type-product","3":"status-publish","4":"has-post-thumbnail","6":"product_cat-fitness-e-desporto","7":"product_cat-equipamento-semi-profissional","8":"product_cat-cross-trainers","9":"product_tag-fisioterapia","10":"product_tag-ginasio-fisioterapia","11":"product_tag-cardiovascular","12":"product_tag-fitness","13":"product_tag-eliptica","14":"product_tag-kronos-generator","16":"first","17":"instock","18":"shipping-taxable","19":"product-type-simple"},"aioseo_notices":[],"etheme_brands":{"errors":{"invalid_taxonomy":["Taxonomia inv\u00e1lida."]},"error_data":[]},"aioseo_head":"\n\t\t<!-- All in One SEO Pro 4.9.0 - aioseo.com -->\n\t<meta name=\"description\" content=\"Cross Trainer Semi-Profissional especialmente concebida para uma utiliza\u00e7\u00e3o superior 20 horas semanais. Equipada com um sistema de freio magn\u00e9tico auto-gerado que assegurar\u00e1 o m\u00e1ximo desempenho para uso intensivo e continuo. N\u00e3o precisa de conex\u00e3o a energia.\" \/>\n\t<meta name=\"robots\" content=\"max-image-preview:large\" \/>\n\t<link rel=\"canonical\" href=\"https:\/\/fisio-shop.pt\/?product=crosstrainer-kronos-generator\" \/>\n\t<meta name=\"generator\" content=\"All in One SEO Pro (AIOSEO) 4.9.0\" \/>\n\t\t<meta property=\"og:locale\" content=\"pt_PT\" \/>\n\t\t<meta property=\"og:site_name\" content=\"Fisio-shop - Empresa especializada na distribui\u00e7\u00e3o de equipamentos profissionais para os mercados da Fisioterapia, Geriatria, Fitness e Medicina Desportiva.\" \/>\n\t\t<meta property=\"og:type\" content=\"article\" \/>\n\t\t<meta property=\"og:title\" content=\"BH CROSSTRAINER KRONOS GENERATOR - Fisio-shop\" \/>\n\t\t<meta property=\"og:description\" content=\"Cross Trainer Semi-Profissional especialmente concebida para uma utiliza\u00e7\u00e3o superior 20 horas semanais. Equipada com um sistema de freio magn\u00e9tico auto-gerado que assegurar\u00e1 o m\u00e1ximo desempenho para uso intensivo e continuo. N\u00e3o precisa de conex\u00e3o a energia.\" \/>\n\t\t<meta property=\"og:url\" content=\"https:\/\/fisio-shop.pt\/?product=crosstrainer-kronos-generator\" \/>\n\t\t<meta property=\"og:image\" content=\"https:\/\/fisio-shop.pt\/wp-content\/uploads\/2026\/04\/android-chrome-192x192-1.png\" \/>\n\t\t<meta property=\"og:image:secure_url\" content=\"https:\/\/fisio-shop.pt\/wp-content\/uploads\/2026\/04\/android-chrome-192x192-1.png\" \/>\n\t\t<meta property=\"article:published_time\" content=\"2017-06-20T16:26:11+00:00\" \/>\n\t\t<meta property=\"article:modified_time\" content=\"2026-02-25T19:56:35+00:00\" \/>\n\t\t<meta property=\"article:publisher\" content=\"https:\/\/www.facebook.com\/p\/Fisioshop-Comrcio-de-Equipamentos-Lda-100036934916130\/\" \/>\n\t\t<meta name=\"twitter:card\" content=\"summary_large_image\" \/>\n\t\t<meta name=\"twitter:title\" content=\"BH CROSSTRAINER KRONOS GENERATOR - Fisio-shop\" \/>\n\t\t<meta name=\"twitter:description\" content=\"Cross Trainer Semi-Profissional especialmente concebida para uma utiliza\u00e7\u00e3o superior 20 horas semanais. Equipada com um sistema de freio magn\u00e9tico auto-gerado que assegurar\u00e1 o m\u00e1ximo desempenho para uso intensivo e continuo. N\u00e3o precisa de conex\u00e3o a energia.\" \/>\n\t\t<meta name=\"twitter:image\" content=\"https:\/\/fisio-shop.pt\/wp-content\/uploads\/2026\/04\/android-chrome-192x192-1.png\" \/>\n\t\t<script type=\"application\/ld+json\" class=\"aioseo-schema\">\n\t\t\t{\"@context\":\"https:\\\/\\\/schema.org\",\"@graph\":[{\"@type\":\"BreadcrumbList\",\"@id\":\"https:\\\/\\\/fisio-shop.pt\\\/?product=crosstrainer-kronos-generator#breadcrumblist\",\"itemListElement\":[{\"@type\":\"ListItem\",\"@id\":\"https:\\\/\\\/fisio-shop.pt#listItem\",\"position\":1,\"name\":\"Home\",\"item\":\"https:\\\/\\\/fisio-shop.pt\",\"nextItem\":{\"@type\":\"ListItem\",\"@id\":\"https:\\\/\\\/fisio-shop.pt\\\/?page_id=5#listItem\",\"name\":\"Loja\"}},{\"@type\":\"ListItem\",\"@id\":\"https:\\\/\\\/fisio-shop.pt\\\/?page_id=5#listItem\",\"position\":2,\"name\":\"Loja\",\"item\":\"https:\\\/\\\/fisio-shop.pt\\\/?page_id=5\",\"nextItem\":{\"@type\":\"ListItem\",\"@id\":\"https:\\\/\\\/fisio-shop.pt\\\/?product_cat=fitness-e-desporto#listItem\",\"name\":\"Fitness e desporto\"},\"previousItem\":{\"@type\":\"ListItem\",\"@id\":\"https:\\\/\\\/fisio-shop.pt#listItem\",\"name\":\"Home\"}},{\"@type\":\"ListItem\",\"@id\":\"https:\\\/\\\/fisio-shop.pt\\\/?product_cat=fitness-e-desporto#listItem\",\"position\":3,\"name\":\"Fitness e desporto\",\"item\":\"https:\\\/\\\/fisio-shop.pt\\\/?product_cat=fitness-e-desporto\",\"nextItem\":{\"@type\":\"ListItem\",\"@id\":\"https:\\\/\\\/fisio-shop.pt\\\/?product_cat=equipamento-semi-profissional#listItem\",\"name\":\"Semi-profissional\"},\"previousItem\":{\"@type\":\"ListItem\",\"@id\":\"https:\\\/\\\/fisio-shop.pt\\\/?page_id=5#listItem\",\"name\":\"Loja\"}},{\"@type\":\"ListItem\",\"@id\":\"https:\\\/\\\/fisio-shop.pt\\\/?product_cat=equipamento-semi-profissional#listItem\",\"position\":4,\"name\":\"Semi-profissional\",\"item\":\"https:\\\/\\\/fisio-shop.pt\\\/?product_cat=equipamento-semi-profissional\",\"nextItem\":{\"@type\":\"ListItem\",\"@id\":\"https:\\\/\\\/fisio-shop.pt\\\/?product_cat=cross-trainers#listItem\",\"name\":\"Cross trainers\"},\"previousItem\":{\"@type\":\"ListItem\",\"@id\":\"https:\\\/\\\/fisio-shop.pt\\\/?product_cat=fitness-e-desporto#listItem\",\"name\":\"Fitness e desporto\"}},{\"@type\":\"ListItem\",\"@id\":\"https:\\\/\\\/fisio-shop.pt\\\/?product_cat=cross-trainers#listItem\",\"position\":5,\"name\":\"Cross trainers\",\"item\":\"https:\\\/\\\/fisio-shop.pt\\\/?product_cat=cross-trainers\",\"nextItem\":{\"@type\":\"ListItem\",\"@id\":\"https:\\\/\\\/fisio-shop.pt\\\/?product=crosstrainer-kronos-generator#listItem\",\"name\":\"BH CROSSTRAINER KRONOS GENERATOR\"},\"previousItem\":{\"@type\":\"ListItem\",\"@id\":\"https:\\\/\\\/fisio-shop.pt\\\/?product_cat=equipamento-semi-profissional#listItem\",\"name\":\"Semi-profissional\"}},{\"@type\":\"ListItem\",\"@id\":\"https:\\\/\\\/fisio-shop.pt\\\/?product=crosstrainer-kronos-generator#listItem\",\"position\":6,\"name\":\"BH CROSSTRAINER KRONOS GENERATOR\",\"previousItem\":{\"@type\":\"ListItem\",\"@id\":\"https:\\\/\\\/fisio-shop.pt\\\/?product_cat=cross-trainers#listItem\",\"name\":\"Cross trainers\"}}]},{\"@type\":\"Organization\",\"@id\":\"https:\\\/\\\/fisio-shop.pt\\\/#organization\",\"name\":\"Fisio-shop\",\"description\":\"Empresa especializada na distribui\\u00e7\\u00e3o de equipamentos profissionais para os mercados da Fisioterapia, Geriatria, Fitness e Medicina Desportiva. Empresa especializada na distribui\\u00e7\\u00e3o de equipamentos profissionais para os mercados da Fisioterapia, Geriatria, Fitness e Medicina Desportiva.\",\"url\":\"https:\\\/\\\/fisio-shop.pt\\\/\",\"logo\":{\"@type\":\"ImageObject\",\"url\":\"https:\\\/\\\/fisio-shop.pt\\\/wp-content\\\/uploads\\\/2026\\\/04\\\/android-chrome-192x192-1.png\",\"@id\":\"https:\\\/\\\/fisio-shop.pt\\\/?product=crosstrainer-kronos-generator\\\/#organizationLogo\"},\"image\":{\"@id\":\"https:\\\/\\\/fisio-shop.pt\\\/?product=crosstrainer-kronos-generator\\\/#organizationLogo\"},\"sameAs\":[\"https:\\\/\\\/www.facebook.com\\\/p\\\/Fisioshop-Comrcio-de-Equipamentos-Lda-100036934916130\\\/\"]},{\"@type\":\"Product\",\"@id\":\"https:\\\/\\\/fisio-shop.pt\\\/?product=crosstrainer-kronos-generator#wooCommerceProduct\",\"name\":\"BH CROSSTRAINER KRONOS GENERATOR\",\"description\":\"Cross Trainer Semi-Profissional especialmente concebida para uma utiliza\\u00e7\\u00e3o superior 20 horas semanais.\\n\\nEquipada com um sistema de freio magn\\u00e9tico auto-gerado que assegurar\\u00e1 o m\\u00e1ximo desempenho para uso intensivo e continuo.\\n\\nN\\u00e3o precisa de conex\\u00e3o a energia.\",\"url\":\"https:\\\/\\\/fisio-shop.pt\\\/?product=crosstrainer-kronos-generator\",\"sku\":\"G260\",\"image\":{\"@type\":\"ImageObject\",\"url\":\"https:\\\/\\\/fisio-shop.pt\\\/wp-content\\\/uploads\\\/2026\\\/02\\\/CROSS-TRAINER-SEMI-PROF.KRONOS-GENERATOR-1.jpg\",\"@id\":\"https:\\\/\\\/fisio-shop.pt\\\/?product=crosstrainer-kronos-generator\\\/#productImage\",\"width\":556,\"height\":600},\"offers\":{\"@type\":\"Offer\",\"url\":\"https:\\\/\\\/fisio-shop.pt\\\/?product=crosstrainer-kronos-generator#wooCommerceOffer\",\"price\":0,\"priceCurrency\":\"EUR\",\"category\":\"Fitness e desporto\",\"availability\":\"https:\\\/\\\/schema.org\\\/InStock\",\"seller\":{\"@type\":\"Organization\",\"@id\":\"https:\\\/\\\/fisio-shop.pt\\\/#organization\"}}},{\"@type\":\"WebPage\",\"@id\":\"https:\\\/\\\/fisio-shop.pt\\\/?product=crosstrainer-kronos-generator#webpage\",\"url\":\"https:\\\/\\\/fisio-shop.pt\\\/?product=crosstrainer-kronos-generator\",\"name\":\"BH CROSSTRAINER KRONOS GENERATOR - Fisio-shop\",\"description\":\"Cross Trainer Semi-Profissional especialmente concebida para uma utiliza\\u00e7\\u00e3o superior 20 horas semanais. Equipada com um sistema de freio magn\\u00e9tico auto-gerado que assegurar\\u00e1 o m\\u00e1ximo desempenho para uso intensivo e continuo. N\\u00e3o precisa de conex\\u00e3o a energia.\",\"inLanguage\":\"pt-PT\",\"isPartOf\":{\"@id\":\"https:\\\/\\\/fisio-shop.pt\\\/#website\"},\"breadcrumb\":{\"@id\":\"https:\\\/\\\/fisio-shop.pt\\\/?product=crosstrainer-kronos-generator#breadcrumblist\"},\"image\":{\"@type\":\"ImageObject\",\"url\":\"https:\\\/\\\/fisio-shop.pt\\\/wp-content\\\/uploads\\\/2026\\\/02\\\/CROSS-TRAINER-SEMI-PROF.KRONOS-GENERATOR-1.jpg\",\"@id\":\"https:\\\/\\\/fisio-shop.pt\\\/?product=crosstrainer-kronos-generator\\\/#mainImage\",\"width\":556,\"height\":600},\"primaryImageOfPage\":{\"@id\":\"https:\\\/\\\/fisio-shop.pt\\\/?product=crosstrainer-kronos-generator#mainImage\"},\"datePublished\":\"2017-06-20T16:26:11+00:00\",\"dateModified\":\"2026-02-25T19:56:35+00:00\"},{\"@type\":\"WebSite\",\"@id\":\"https:\\\/\\\/fisio-shop.pt\\\/#website\",\"url\":\"https:\\\/\\\/fisio-shop.pt\\\/\",\"name\":\"Fisio-shop\",\"description\":\"Empresa especializada na distribui\\u00e7\\u00e3o de equipamentos profissionais para os mercados da Fisioterapia, Geriatria, Fitness e Medicina Desportiva.\",\"inLanguage\":\"pt-PT\",\"publisher\":{\"@id\":\"https:\\\/\\\/fisio-shop.pt\\\/#organization\"}}]}\n\t\t<\/script>\n\t\t<!-- All in One SEO Pro -->\r\n\t\t<title>BH CROSSTRAINER KRONOS GENERATOR - Fisio-shop<\/title>\n\n","aioseo_head_json":{"title":"BH CROSSTRAINER KRONOS GENERATOR - Fisio-shop","description":"Cross Trainer Semi-Profissional especialmente concebida para uma utiliza\u00e7\u00e3o superior 20 horas semanais. Equipada com um sistema de freio magn\u00e9tico auto-gerado que assegurar\u00e1 o m\u00e1ximo desempenho para uso intensivo e continuo. N\u00e3o precisa de conex\u00e3o a energia.","canonical_url":"https:\/\/fisio-shop.pt\/?product=crosstrainer-kronos-generator","robots":"max-image-preview:large","keywords":"","webmasterTools":{"miscellaneous":""},"schema":{"@context":"https:\/\/schema.org","@graph":[{"@type":"BreadcrumbList","@id":"https:\/\/fisio-shop.pt\/?product=crosstrainer-kronos-generator#breadcrumblist","itemListElement":[{"@type":"ListItem","@id":"https:\/\/fisio-shop.pt#listItem","position":1,"name":"Home","item":"https:\/\/fisio-shop.pt","nextItem":{"@type":"ListItem","@id":"https:\/\/fisio-shop.pt\/?page_id=5#listItem","name":"Loja"}},{"@type":"ListItem","@id":"https:\/\/fisio-shop.pt\/?page_id=5#listItem","position":2,"name":"Loja","item":"https:\/\/fisio-shop.pt\/?page_id=5","nextItem":{"@type":"ListItem","@id":"https:\/\/fisio-shop.pt\/?product_cat=fitness-e-desporto#listItem","name":"Fitness e desporto"},"previousItem":{"@type":"ListItem","@id":"https:\/\/fisio-shop.pt#listItem","name":"Home"}},{"@type":"ListItem","@id":"https:\/\/fisio-shop.pt\/?product_cat=fitness-e-desporto#listItem","position":3,"name":"Fitness e desporto","item":"https:\/\/fisio-shop.pt\/?product_cat=fitness-e-desporto","nextItem":{"@type":"ListItem","@id":"https:\/\/fisio-shop.pt\/?product_cat=equipamento-semi-profissional#listItem","name":"Semi-profissional"},"previousItem":{"@type":"ListItem","@id":"https:\/\/fisio-shop.pt\/?page_id=5#listItem","name":"Loja"}},{"@type":"ListItem","@id":"https:\/\/fisio-shop.pt\/?product_cat=equipamento-semi-profissional#listItem","position":4,"name":"Semi-profissional","item":"https:\/\/fisio-shop.pt\/?product_cat=equipamento-semi-profissional","nextItem":{"@type":"ListItem","@id":"https:\/\/fisio-shop.pt\/?product_cat=cross-trainers#listItem","name":"Cross trainers"},"previousItem":{"@type":"ListItem","@id":"https:\/\/fisio-shop.pt\/?product_cat=fitness-e-desporto#listItem","name":"Fitness e desporto"}},{"@type":"ListItem","@id":"https:\/\/fisio-shop.pt\/?product_cat=cross-trainers#listItem","position":5,"name":"Cross trainers","item":"https:\/\/fisio-shop.pt\/?product_cat=cross-trainers","nextItem":{"@type":"ListItem","@id":"https:\/\/fisio-shop.pt\/?product=crosstrainer-kronos-generator#listItem","name":"BH CROSSTRAINER KRONOS GENERATOR"},"previousItem":{"@type":"ListItem","@id":"https:\/\/fisio-shop.pt\/?product_cat=equipamento-semi-profissional#listItem","name":"Semi-profissional"}},{"@type":"ListItem","@id":"https:\/\/fisio-shop.pt\/?product=crosstrainer-kronos-generator#listItem","position":6,"name":"BH CROSSTRAINER KRONOS GENERATOR","previousItem":{"@type":"ListItem","@id":"https:\/\/fisio-shop.pt\/?product_cat=cross-trainers#listItem","name":"Cross trainers"}}]},{"@type":"Organization","@id":"https:\/\/fisio-shop.pt\/#organization","name":"Fisio-shop","description":"Empresa especializada na distribui\u00e7\u00e3o de equipamentos profissionais para os mercados da Fisioterapia, Geriatria, Fitness e Medicina Desportiva. Empresa especializada na distribui\u00e7\u00e3o de equipamentos profissionais para os mercados da Fisioterapia, Geriatria, Fitness e Medicina Desportiva.","url":"https:\/\/fisio-shop.pt\/","logo":{"@type":"ImageObject","url":"https:\/\/fisio-shop.pt\/wp-content\/uploads\/2026\/04\/android-chrome-192x192-1.png","@id":"https:\/\/fisio-shop.pt\/?product=crosstrainer-kronos-generator\/#organizationLogo"},"image":{"@id":"https:\/\/fisio-shop.pt\/?product=crosstrainer-kronos-generator\/#organizationLogo"},"sameAs":["https:\/\/www.facebook.com\/p\/Fisioshop-Comrcio-de-Equipamentos-Lda-100036934916130\/"]},{"@type":"Product","@id":"https:\/\/fisio-shop.pt\/?product=crosstrainer-kronos-generator#wooCommerceProduct","name":"BH CROSSTRAINER KRONOS GENERATOR","description":"Cross Trainer Semi-Profissional especialmente concebida para uma utiliza\u00e7\u00e3o superior 20 horas semanais.\n\nEquipada com um sistema de freio magn\u00e9tico auto-gerado que assegurar\u00e1 o m\u00e1ximo desempenho para uso intensivo e continuo.\n\nN\u00e3o precisa de conex\u00e3o a energia.","url":"https:\/\/fisio-shop.pt\/?product=crosstrainer-kronos-generator","sku":"G260","image":{"@type":"ImageObject","url":"https:\/\/fisio-shop.pt\/wp-content\/uploads\/2026\/02\/CROSS-TRAINER-SEMI-PROF.KRONOS-GENERATOR-1.jpg","@id":"https:\/\/fisio-shop.pt\/?product=crosstrainer-kronos-generator\/#productImage","width":556,"height":600},"offers":{"@type":"Offer","url":"https:\/\/fisio-shop.pt\/?product=crosstrainer-kronos-generator#wooCommerceOffer","price":0,"priceCurrency":"EUR","category":"Fitness e desporto","availability":"https:\/\/schema.org\/InStock","seller":{"@type":"Organization","@id":"https:\/\/fisio-shop.pt\/#organization"}}},{"@type":"WebPage","@id":"https:\/\/fisio-shop.pt\/?product=crosstrainer-kronos-generator#webpage","url":"https:\/\/fisio-shop.pt\/?product=crosstrainer-kronos-generator","name":"BH CROSSTRAINER KRONOS GENERATOR - Fisio-shop","description":"Cross Trainer Semi-Profissional especialmente concebida para uma utiliza\u00e7\u00e3o superior 20 horas semanais. Equipada com um sistema de freio magn\u00e9tico auto-gerado que assegurar\u00e1 o m\u00e1ximo desempenho para uso intensivo e continuo. N\u00e3o precisa de conex\u00e3o a energia.","inLanguage":"pt-PT","isPartOf":{"@id":"https:\/\/fisio-shop.pt\/#website"},"breadcrumb":{"@id":"https:\/\/fisio-shop.pt\/?product=crosstrainer-kronos-generator#breadcrumblist"},"image":{"@type":"ImageObject","url":"https:\/\/fisio-shop.pt\/wp-content\/uploads\/2026\/02\/CROSS-TRAINER-SEMI-PROF.KRONOS-GENERATOR-1.jpg","@id":"https:\/\/fisio-shop.pt\/?product=crosstrainer-kronos-generator\/#mainImage","width":556,"height":600},"primaryImageOfPage":{"@id":"https:\/\/fisio-shop.pt\/?product=crosstrainer-kronos-generator#mainImage"},"datePublished":"2017-06-20T16:26:11+00:00","dateModified":"2026-02-25T19:56:35+00:00"},{"@type":"WebSite","@id":"https:\/\/fisio-shop.pt\/#website","url":"https:\/\/fisio-shop.pt\/","name":"Fisio-shop","description":"Empresa especializada na distribui\u00e7\u00e3o de equipamentos profissionais para os mercados da Fisioterapia, Geriatria, Fitness e Medicina Desportiva.","inLanguage":"pt-PT","publisher":{"@id":"https:\/\/fisio-shop.pt\/#organization"}}]},"og:locale":"pt_PT","og:site_name":"Fisio-shop - Empresa especializada na distribui\u00e7\u00e3o de equipamentos profissionais para os mercados da Fisioterapia, Geriatria, Fitness e Medicina Desportiva.","og:type":"article","og:title":"BH CROSSTRAINER KRONOS GENERATOR - Fisio-shop","og:description":"Cross Trainer Semi-Profissional especialmente concebida para uma utiliza\u00e7\u00e3o superior 20 horas semanais. Equipada com um sistema de freio magn\u00e9tico auto-gerado que assegurar\u00e1 o m\u00e1ximo desempenho para uso intensivo e continuo. N\u00e3o precisa de conex\u00e3o a energia.","og:url":"https:\/\/fisio-shop.pt\/?product=crosstrainer-kronos-generator","og:image":"https:\/\/fisio-shop.pt\/wp-content\/uploads\/2026\/04\/android-chrome-192x192-1.png","og:image:secure_url":"https:\/\/fisio-shop.pt\/wp-content\/uploads\/2026\/04\/android-chrome-192x192-1.png","article:published_time":"2017-06-20T16:26:11+00:00","article:modified_time":"2026-02-25T19:56:35+00:00","article:publisher":"https:\/\/www.facebook.com\/p\/Fisioshop-Comrcio-de-Equipamentos-Lda-100036934916130\/","twitter:card":"summary_large_image","twitter:title":"BH CROSSTRAINER KRONOS GENERATOR - Fisio-shop","twitter:description":"Cross Trainer Semi-Profissional especialmente concebida para uma utiliza\u00e7\u00e3o superior 20 horas semanais. Equipada com um sistema de freio magn\u00e9tico auto-gerado que assegurar\u00e1 o m\u00e1ximo desempenho para uso intensivo e continuo. N\u00e3o precisa de conex\u00e3o a energia.","twitter:image":"https:\/\/fisio-shop.pt\/wp-content\/uploads\/2026\/04\/android-chrome-192x192-1.png"},"aioseo_meta_data":{"post_id":"8893","title":null,"description":null,"keywords":null,"keyphrases":null,"primary_term":null,"canonical_url":null,"og_title":null,"og_description":null,"og_object_type":"default","og_image_type":"default","og_image_url":null,"og_image_width":null,"og_image_height":null,"og_image_custom_url":null,"og_image_custom_fields":null,"og_video":null,"og_custom_url":null,"og_article_section":null,"og_article_tags":null,"twitter_use_og":false,"twitter_card":"default","twitter_image_type":"default","twitter_image_url":null,"twitter_image_custom_url":null,"twitter_image_custom_fields":null,"twitter_title":null,"twitter_description":null,"schema":{"blockGraphs":[],"customGraphs":[],"default":{"data":{"Article":[],"Course":[],"Dataset":[],"FAQPage":[],"Movie":[],"Person":[],"Product":[],"ProductReview":[],"Car":[],"Recipe":[],"Service":[],"SoftwareApplication":[],"WebPage":[]},"graphName":"","isEnabled":true},"graphs":[]},"schema_type":"default","schema_type_options":null,"pillar_content":false,"robots_default":true,"robots_noindex":false,"robots_noarchive":false,"robots_nosnippet":false,"robots_nofollow":false,"robots_noimageindex":false,"robots_noodp":false,"robots_notranslate":false,"robots_max_snippet":null,"robots_max_videopreview":null,"robots_max_imagepreview":"large","priority":null,"frequency":null,"local_seo":null,"seo_analyzer_scan_date":"2026-04-18 10:43:53","breadcrumb_settings":null,"limit_modified_date":false,"open_ai":null,"ai":null,"created":"2026-04-18 07:02:19","updated":"2026-04-18 21:46:00"},"aioseo_breadcrumb":"<div class=\"aioseo-breadcrumbs\"><span class=\"aioseo-breadcrumb\">\n\t<a href=\"https:\/\/fisio-shop.pt\" title=\"Home\">Home<\/a>\n<\/span><span class=\"aioseo-breadcrumb-separator\">\u00bb<\/span><span class=\"aioseo-breadcrumb\">\n\t<a href=\"https:\/\/fisio-shop.pt\/?page_id=5\" title=\"Loja\">Loja<\/a>\n<\/span><span class=\"aioseo-breadcrumb-separator\">\u00bb<\/span><span class=\"aioseo-breadcrumb\">\n\t<a href=\"https:\/\/fisio-shop.pt\/?product_cat=fitness-e-desporto\" title=\"Fitness e desporto\">Fitness e desporto<\/a>\n<\/span><span class=\"aioseo-breadcrumb-separator\">\u00bb<\/span><span class=\"aioseo-breadcrumb\">\n\t<a href=\"https:\/\/fisio-shop.pt\/?product_cat=equipamento-semi-profissional\" title=\"Semi-profissional\">Semi-profissional<\/a>\n<\/span><span class=\"aioseo-breadcrumb-separator\">\u00bb<\/span><span class=\"aioseo-breadcrumb\">\n\t<a href=\"https:\/\/fisio-shop.pt\/?product_cat=cross-trainers\" title=\"Cross trainers\">Cross trainers<\/a>\n<\/span><span class=\"aioseo-breadcrumb-separator\">\u00bb<\/span><span class=\"aioseo-breadcrumb\">\n\tBH CROSSTRAINER KRONOS GENERATOR\n<\/span><\/div>","aioseo_breadcrumb_json":[{"label":"Home","link":"https:\/\/fisio-shop.pt"},{"label":"Loja","link":"https:\/\/fisio-shop.pt\/?page_id=5"},{"label":"Fitness e desporto","link":"https:\/\/fisio-shop.pt\/?product_cat=fitness-e-desporto"},{"label":"Semi-profissional","link":"https:\/\/fisio-shop.pt\/?product_cat=equipamento-semi-profissional"},{"label":"Cross trainers","link":"https:\/\/fisio-shop.pt\/?product_cat=cross-trainers"},{"label":"BH CROSSTRAINER KRONOS GENERATOR","link":"https:\/\/fisio-shop.pt\/?product=crosstrainer-kronos-generator"}],"_links":{"self":[{"href":"https:\/\/fisio-shop.pt\/index.php?rest_route=\/wp\/v2\/product\/8893","targetHints":{"allow":["GET"]}}],"collection":[{"href":"https:\/\/fisio-shop.pt\/index.php?rest_route=\/wp\/v2\/product"}],"about":[{"href":"https:\/\/fisio-shop.pt\/index.php?rest_route=\/wp\/v2\/types\/product"}],"replies":[{"embeddable":true,"href":"https:\/\/fisio-shop.pt\/index.php?rest_route=%2Fwp%2Fv2%2Fcomments&post=8893"}],"version-history":[{"count":0,"href":"https:\/\/fisio-shop.pt\/index.php?rest_route=\/wp\/v2\/product\/8893\/revisions"}],"wp:featuredmedia":[{"embeddable":true,"href":"https:\/\/fisio-shop.pt\/index.php?rest_route=\/wp\/v2\/media\/11217"}],"wp:attachment":[{"href":"https:\/\/fisio-shop.pt\/index.php?rest_route=%2Fwp%2Fv2%2Fmedia&parent=8893"}],"wp:term":[{"taxonomy":"product_brand","embeddable":true,"href":"https:\/\/fisio-shop.pt\/index.php?rest_route=%2Fwp%2Fv2%2Fproduct_brand&post=8893"},{"taxonomy":"product_cat","embeddable":true,"href":"https:\/\/fisio-shop.pt\/index.php?rest_route=%2Fwp%2Fv2%2Fproduct_cat&post=8893"},{"taxonomy":"product_tag","embeddable":true,"href":"https:\/\/fisio-shop.pt\/index.php?rest_route=%2Fwp%2Fv2%2Fproduct_tag&post=8893"}],"curies":[{"name":"wp","href":"https:\/\/api.w.org\/{rel}","templated":true}]}}