{"id":8898,"date":"2017-06-20T16:33:41","date_gmt":"2017-06-20T16:33:41","guid":{"rendered":"https:\/\/fisio-shop.pt\/loja\/tapete-de-corrida-magna-pro-2\/"},"modified":"2026-02-25T19:56:38","modified_gmt":"2026-02-25T19:56:38","slug":"tapete-de-corrida-magna-pro-2","status":"publish","type":"product","link":"https:\/\/fisio-shop.pt\/?product=tapete-de-corrida-magna-pro-2","title":{"rendered":"BH TAPETE DE CORRIDA SEMI-PROFISSIONAL"},"content":{"rendered":"<p><strong>Caracter\u00edsticas especificas:<\/strong><strong>\u00a0<\/strong><\/p>\n<ul>\n<li>Estrutura extra larga;<\/li>\n<li>Motor AC 3.5 HP de alta resist\u00eancia;<\/li>\n<li>Motor com tecnologia Green Power;<\/li>\n<li>Sistema de eleva\u00e7\u00e3o central at\u00e9 15%;<\/li>\n<li>Ecr\u00e3 DOT MATRIX com 1 janela LED com 7 perfis predefinidos e 4 n\u00edveis de intensidade;<\/li>\n<li>Programa de controlo do ritmo card\u00edaco (HRC);<\/li>\n<li>2 Testes de Fitness;<\/li>\n<li>Um perfil personaliz\u00e1vel (uPgr);<\/li>\n<li>Sistema de amortecimento com 8 elast\u00f3meros;<\/li>\n<li>Sistema de medi\u00e7\u00e3o da pulsa\u00e7\u00e3o por contacto na pega.<strong>\u00a0<\/strong><\/li>\n<\/ul>\n<p><strong>Utiliza\u00e7\u00e3o:<\/strong><strong>\u00a0<\/strong><\/p>\n<ul>\n<li>Frequ\u00eancia: Semi-Profissional;<\/li>\n<li>Peso m\u00e1ximo do utilizador: 150 Kg;<\/li>\n<li>Pot\u00eancia: 3.5 HP;<\/li>\n<li>Velocidade: 0.8 a 20 Km \/h;<\/li>\n<li>Inclina\u00e7\u00e3o m\u00e1xima: 15%;<\/li>\n<li>Superf\u00edcie de corrida: 155 x 55 cm;<\/li>\n<li>Sistema de amortecimento: 8 elast\u00f3meros.<\/li>\n<\/ul>\n<p><strong>Painel de Controlo:<\/strong><\/p>\n<ul>\n<li>Ecr\u00e3: DOT MATRIX + 1 janela LED;<\/li>\n<li>HRC: Sim;<\/li>\n<li>Perfis de utilizador: Sim;<\/li>\n<li>Teclas de velocidade instant\u00e2nea: Sim;<\/li>\n<li>Teclas de inclina\u00e7\u00e3o instant\u00e2nea: N\u00e3o;<\/li>\n<li>Teste de fitness: Sim;<\/li>\n<li>Teste de gordura corporal: N\u00e3o.<strong>\u00a0<\/strong><\/li>\n<\/ul>\n<p><strong>Dimens\u00f5es:<\/strong><\/p>\n<ul>\n<li>Comprimento: 210 cm;<\/li>\n<li>Largura: 93 cm;<\/li>\n<li>Altura: 147 cm;<\/li>\n<li>Peso: 148 kg;<\/li>\n<li>Marca: BH Fitness.<\/li>\n<\/ul>\n<p><strong>C\u00d3DIGO: FIT0006<\/strong><\/p>\n<p><strong>\u00a0<\/strong><\/p>\n","protected":false},"excerpt":{"rendered":"<p>Tapete de corrida Semi-Profissional especialmente concebido para uma utiliza\u00e7\u00e3o superior 20 horas semanais.<\/p>\n","protected":false},"featured_media":11223,"comment_status":"open","ping_status":"closed","template":"","meta":{"rs_blank_template":"","rs_page_bg_color":"","slide_template_v7":""},"product_brand":[],"product_cat":[1399,1867,1888],"product_tag":[418,424,426,427,437],"class_list":{"0":"post-8898","1":"product","2":"type-product","3":"status-publish","4":"has-post-thumbnail","6":"product_cat-fitness-e-desporto","7":"product_cat-equipamento-semi-profissional","8":"product_cat-tapetes-rolantes-equipamento-semi-profissional","9":"product_tag-cardiovascular","10":"product_tag-fitness","11":"product_tag-tapete-corrida","12":"product_tag-tapete-rolante","13":"product_tag-magna-pro","15":"first","16":"instock","17":"shipping-taxable","18":"product-type-simple"},"aioseo_notices":[],"etheme_brands":{"errors":{"invalid_taxonomy":["Taxonomia inv\u00e1lida."]},"error_data":[]},"aioseo_head":"\n\t\t<!-- All in One SEO Pro 4.9.0 - aioseo.com -->\n\t<meta name=\"description\" content=\"Tapete de corrida Semi-Profissional especialmente concebido para uma utiliza\u00e7\u00e3o superior 20 horas semanais.\" \/>\n\t<meta name=\"robots\" content=\"max-image-preview:large\" \/>\n\t<link rel=\"canonical\" href=\"https:\/\/fisio-shop.pt\/?product=tapete-de-corrida-magna-pro-2\" \/>\n\t<meta name=\"generator\" content=\"All in One SEO Pro (AIOSEO) 4.9.0\" \/>\n\t\t<meta property=\"og:locale\" content=\"pt_PT\" \/>\n\t\t<meta property=\"og:site_name\" content=\"Fisio-shop - Empresa especializada na distribui\u00e7\u00e3o de equipamentos profissionais para os mercados da Fisioterapia, Geriatria, Fitness e Medicina Desportiva.\" \/>\n\t\t<meta property=\"og:type\" content=\"article\" \/>\n\t\t<meta property=\"og:title\" content=\"BH TAPETE DE CORRIDA SEMI-PROFISSIONAL - Fisio-shop\" \/>\n\t\t<meta property=\"og:description\" content=\"Tapete de corrida Semi-Profissional especialmente concebido para uma utiliza\u00e7\u00e3o superior 20 horas semanais.\" \/>\n\t\t<meta property=\"og:url\" content=\"https:\/\/fisio-shop.pt\/?product=tapete-de-corrida-magna-pro-2\" \/>\n\t\t<meta property=\"og:image\" content=\"https:\/\/fisio-shop.pt\/wp-content\/uploads\/2026\/04\/android-chrome-192x192-1.png\" \/>\n\t\t<meta property=\"og:image:secure_url\" content=\"https:\/\/fisio-shop.pt\/wp-content\/uploads\/2026\/04\/android-chrome-192x192-1.png\" \/>\n\t\t<meta property=\"article:published_time\" content=\"2017-06-20T16:33:41+00:00\" \/>\n\t\t<meta property=\"article:modified_time\" content=\"2026-02-25T19:56:38+00:00\" \/>\n\t\t<meta property=\"article:publisher\" content=\"https:\/\/www.facebook.com\/p\/Fisioshop-Comrcio-de-Equipamentos-Lda-100036934916130\/\" \/>\n\t\t<meta name=\"twitter:card\" content=\"summary_large_image\" \/>\n\t\t<meta name=\"twitter:title\" content=\"BH TAPETE DE CORRIDA SEMI-PROFISSIONAL - Fisio-shop\" \/>\n\t\t<meta name=\"twitter:description\" content=\"Tapete de corrida Semi-Profissional especialmente concebido para uma utiliza\u00e7\u00e3o superior 20 horas semanais.\" \/>\n\t\t<meta name=\"twitter:image\" content=\"https:\/\/fisio-shop.pt\/wp-content\/uploads\/2026\/04\/android-chrome-192x192-1.png\" \/>\n\t\t<script type=\"application\/ld+json\" class=\"aioseo-schema\">\n\t\t\t{\"@context\":\"https:\\\/\\\/schema.org\",\"@graph\":[{\"@type\":\"BreadcrumbList\",\"@id\":\"https:\\\/\\\/fisio-shop.pt\\\/?product=tapete-de-corrida-magna-pro-2#breadcrumblist\",\"itemListElement\":[{\"@type\":\"ListItem\",\"@id\":\"https:\\\/\\\/fisio-shop.pt#listItem\",\"position\":1,\"name\":\"Home\",\"item\":\"https:\\\/\\\/fisio-shop.pt\",\"nextItem\":{\"@type\":\"ListItem\",\"@id\":\"https:\\\/\\\/fisio-shop.pt\\\/?page_id=5#listItem\",\"name\":\"Loja\"}},{\"@type\":\"ListItem\",\"@id\":\"https:\\\/\\\/fisio-shop.pt\\\/?page_id=5#listItem\",\"position\":2,\"name\":\"Loja\",\"item\":\"https:\\\/\\\/fisio-shop.pt\\\/?page_id=5\",\"nextItem\":{\"@type\":\"ListItem\",\"@id\":\"https:\\\/\\\/fisio-shop.pt\\\/?product_cat=fitness-e-desporto#listItem\",\"name\":\"Fitness e desporto\"},\"previousItem\":{\"@type\":\"ListItem\",\"@id\":\"https:\\\/\\\/fisio-shop.pt#listItem\",\"name\":\"Home\"}},{\"@type\":\"ListItem\",\"@id\":\"https:\\\/\\\/fisio-shop.pt\\\/?product_cat=fitness-e-desporto#listItem\",\"position\":3,\"name\":\"Fitness e desporto\",\"item\":\"https:\\\/\\\/fisio-shop.pt\\\/?product_cat=fitness-e-desporto\",\"nextItem\":{\"@type\":\"ListItem\",\"@id\":\"https:\\\/\\\/fisio-shop.pt\\\/?product_cat=equipamento-semi-profissional#listItem\",\"name\":\"Semi-profissional\"},\"previousItem\":{\"@type\":\"ListItem\",\"@id\":\"https:\\\/\\\/fisio-shop.pt\\\/?page_id=5#listItem\",\"name\":\"Loja\"}},{\"@type\":\"ListItem\",\"@id\":\"https:\\\/\\\/fisio-shop.pt\\\/?product_cat=equipamento-semi-profissional#listItem\",\"position\":4,\"name\":\"Semi-profissional\",\"item\":\"https:\\\/\\\/fisio-shop.pt\\\/?product_cat=equipamento-semi-profissional\",\"nextItem\":{\"@type\":\"ListItem\",\"@id\":\"https:\\\/\\\/fisio-shop.pt\\\/?product_cat=tapetes-rolantes-equipamento-semi-profissional#listItem\",\"name\":\"Tapetes rolantes\"},\"previousItem\":{\"@type\":\"ListItem\",\"@id\":\"https:\\\/\\\/fisio-shop.pt\\\/?product_cat=fitness-e-desporto#listItem\",\"name\":\"Fitness e desporto\"}},{\"@type\":\"ListItem\",\"@id\":\"https:\\\/\\\/fisio-shop.pt\\\/?product_cat=tapetes-rolantes-equipamento-semi-profissional#listItem\",\"position\":5,\"name\":\"Tapetes rolantes\",\"item\":\"https:\\\/\\\/fisio-shop.pt\\\/?product_cat=tapetes-rolantes-equipamento-semi-profissional\",\"nextItem\":{\"@type\":\"ListItem\",\"@id\":\"https:\\\/\\\/fisio-shop.pt\\\/?product=tapete-de-corrida-magna-pro-2#listItem\",\"name\":\"BH TAPETE DE CORRIDA SEMI-PROFISSIONAL\"},\"previousItem\":{\"@type\":\"ListItem\",\"@id\":\"https:\\\/\\\/fisio-shop.pt\\\/?product_cat=equipamento-semi-profissional#listItem\",\"name\":\"Semi-profissional\"}},{\"@type\":\"ListItem\",\"@id\":\"https:\\\/\\\/fisio-shop.pt\\\/?product=tapete-de-corrida-magna-pro-2#listItem\",\"position\":6,\"name\":\"BH TAPETE DE CORRIDA SEMI-PROFISSIONAL\",\"previousItem\":{\"@type\":\"ListItem\",\"@id\":\"https:\\\/\\\/fisio-shop.pt\\\/?product_cat=tapetes-rolantes-equipamento-semi-profissional#listItem\",\"name\":\"Tapetes rolantes\"}}]},{\"@type\":\"Organization\",\"@id\":\"https:\\\/\\\/fisio-shop.pt\\\/#organization\",\"name\":\"Fisio-shop\",\"description\":\"Empresa especializada na distribui\\u00e7\\u00e3o de equipamentos profissionais para os mercados da Fisioterapia, Geriatria, Fitness e Medicina Desportiva. Empresa especializada na distribui\\u00e7\\u00e3o de equipamentos profissionais para os mercados da Fisioterapia, Geriatria, Fitness e Medicina Desportiva.\",\"url\":\"https:\\\/\\\/fisio-shop.pt\\\/\",\"logo\":{\"@type\":\"ImageObject\",\"url\":\"https:\\\/\\\/fisio-shop.pt\\\/wp-content\\\/uploads\\\/2026\\\/04\\\/android-chrome-192x192-1.png\",\"@id\":\"https:\\\/\\\/fisio-shop.pt\\\/?product=tapete-de-corrida-magna-pro-2\\\/#organizationLogo\"},\"image\":{\"@id\":\"https:\\\/\\\/fisio-shop.pt\\\/?product=tapete-de-corrida-magna-pro-2\\\/#organizationLogo\"},\"sameAs\":[\"https:\\\/\\\/www.facebook.com\\\/p\\\/Fisioshop-Comrcio-de-Equipamentos-Lda-100036934916130\\\/\"]},{\"@type\":\"Product\",\"@id\":\"https:\\\/\\\/fisio-shop.pt\\\/?product=tapete-de-corrida-magna-pro-2#wooCommerceProduct\",\"name\":\"BH TAPETE DE CORRIDA SEMI-PROFISSIONAL\",\"description\":\"Tapete de corrida Semi-Profissional especialmente concebido para uma utiliza\\u00e7\\u00e3o superior 20 horas semanais.\",\"url\":\"https:\\\/\\\/fisio-shop.pt\\\/?product=tapete-de-corrida-magna-pro-2\",\"sku\":\"FIT0006\",\"image\":{\"@type\":\"ImageObject\",\"url\":\"https:\\\/\\\/fisio-shop.pt\\\/wp-content\\\/uploads\\\/2026\\\/02\\\/TAPETE-PROF.MAGNA-PRO-1.jpg\",\"@id\":\"https:\\\/\\\/fisio-shop.pt\\\/?product=tapete-de-corrida-magna-pro-2\\\/#productImage\",\"width\":619,\"height\":600},\"offers\":{\"@type\":\"Offer\",\"url\":\"https:\\\/\\\/fisio-shop.pt\\\/?product=tapete-de-corrida-magna-pro-2#wooCommerceOffer\",\"price\":0,\"priceCurrency\":\"EUR\",\"category\":\"Fitness e desporto\",\"availability\":\"https:\\\/\\\/schema.org\\\/InStock\",\"seller\":{\"@type\":\"Organization\",\"@id\":\"https:\\\/\\\/fisio-shop.pt\\\/#organization\"}}},{\"@type\":\"WebPage\",\"@id\":\"https:\\\/\\\/fisio-shop.pt\\\/?product=tapete-de-corrida-magna-pro-2#webpage\",\"url\":\"https:\\\/\\\/fisio-shop.pt\\\/?product=tapete-de-corrida-magna-pro-2\",\"name\":\"BH TAPETE DE CORRIDA SEMI-PROFISSIONAL - Fisio-shop\",\"description\":\"Tapete de corrida Semi-Profissional especialmente concebido para uma utiliza\\u00e7\\u00e3o superior 20 horas semanais.\",\"inLanguage\":\"pt-PT\",\"isPartOf\":{\"@id\":\"https:\\\/\\\/fisio-shop.pt\\\/#website\"},\"breadcrumb\":{\"@id\":\"https:\\\/\\\/fisio-shop.pt\\\/?product=tapete-de-corrida-magna-pro-2#breadcrumblist\"},\"image\":{\"@type\":\"ImageObject\",\"url\":\"https:\\\/\\\/fisio-shop.pt\\\/wp-content\\\/uploads\\\/2026\\\/02\\\/TAPETE-PROF.MAGNA-PRO-1.jpg\",\"@id\":\"https:\\\/\\\/fisio-shop.pt\\\/?product=tapete-de-corrida-magna-pro-2\\\/#mainImage\",\"width\":619,\"height\":600},\"primaryImageOfPage\":{\"@id\":\"https:\\\/\\\/fisio-shop.pt\\\/?product=tapete-de-corrida-magna-pro-2#mainImage\"},\"datePublished\":\"2017-06-20T16:33:41+00:00\",\"dateModified\":\"2026-02-25T19:56:38+00:00\"},{\"@type\":\"WebSite\",\"@id\":\"https:\\\/\\\/fisio-shop.pt\\\/#website\",\"url\":\"https:\\\/\\\/fisio-shop.pt\\\/\",\"name\":\"Fisio-shop\",\"description\":\"Empresa especializada na distribui\\u00e7\\u00e3o de equipamentos profissionais para os mercados da Fisioterapia, Geriatria, Fitness e Medicina Desportiva.\",\"inLanguage\":\"pt-PT\",\"publisher\":{\"@id\":\"https:\\\/\\\/fisio-shop.pt\\\/#organization\"}}]}\n\t\t<\/script>\n\t\t<!-- All in One SEO Pro -->\r\n\t\t<title>BH TAPETE DE CORRIDA SEMI-PROFISSIONAL - Fisio-shop<\/title>\n\n","aioseo_head_json":{"title":"BH TAPETE DE CORRIDA SEMI-PROFISSIONAL - Fisio-shop","description":"Tapete de corrida Semi-Profissional especialmente concebido para uma utiliza\u00e7\u00e3o superior 20 horas semanais.","canonical_url":"https:\/\/fisio-shop.pt\/?product=tapete-de-corrida-magna-pro-2","robots":"max-image-preview:large","keywords":"","webmasterTools":{"miscellaneous":""},"schema":{"@context":"https:\/\/schema.org","@graph":[{"@type":"BreadcrumbList","@id":"https:\/\/fisio-shop.pt\/?product=tapete-de-corrida-magna-pro-2#breadcrumblist","itemListElement":[{"@type":"ListItem","@id":"https:\/\/fisio-shop.pt#listItem","position":1,"name":"Home","item":"https:\/\/fisio-shop.pt","nextItem":{"@type":"ListItem","@id":"https:\/\/fisio-shop.pt\/?page_id=5#listItem","name":"Loja"}},{"@type":"ListItem","@id":"https:\/\/fisio-shop.pt\/?page_id=5#listItem","position":2,"name":"Loja","item":"https:\/\/fisio-shop.pt\/?page_id=5","nextItem":{"@type":"ListItem","@id":"https:\/\/fisio-shop.pt\/?product_cat=fitness-e-desporto#listItem","name":"Fitness e desporto"},"previousItem":{"@type":"ListItem","@id":"https:\/\/fisio-shop.pt#listItem","name":"Home"}},{"@type":"ListItem","@id":"https:\/\/fisio-shop.pt\/?product_cat=fitness-e-desporto#listItem","position":3,"name":"Fitness e desporto","item":"https:\/\/fisio-shop.pt\/?product_cat=fitness-e-desporto","nextItem":{"@type":"ListItem","@id":"https:\/\/fisio-shop.pt\/?product_cat=equipamento-semi-profissional#listItem","name":"Semi-profissional"},"previousItem":{"@type":"ListItem","@id":"https:\/\/fisio-shop.pt\/?page_id=5#listItem","name":"Loja"}},{"@type":"ListItem","@id":"https:\/\/fisio-shop.pt\/?product_cat=equipamento-semi-profissional#listItem","position":4,"name":"Semi-profissional","item":"https:\/\/fisio-shop.pt\/?product_cat=equipamento-semi-profissional","nextItem":{"@type":"ListItem","@id":"https:\/\/fisio-shop.pt\/?product_cat=tapetes-rolantes-equipamento-semi-profissional#listItem","name":"Tapetes rolantes"},"previousItem":{"@type":"ListItem","@id":"https:\/\/fisio-shop.pt\/?product_cat=fitness-e-desporto#listItem","name":"Fitness e desporto"}},{"@type":"ListItem","@id":"https:\/\/fisio-shop.pt\/?product_cat=tapetes-rolantes-equipamento-semi-profissional#listItem","position":5,"name":"Tapetes rolantes","item":"https:\/\/fisio-shop.pt\/?product_cat=tapetes-rolantes-equipamento-semi-profissional","nextItem":{"@type":"ListItem","@id":"https:\/\/fisio-shop.pt\/?product=tapete-de-corrida-magna-pro-2#listItem","name":"BH TAPETE DE CORRIDA SEMI-PROFISSIONAL"},"previousItem":{"@type":"ListItem","@id":"https:\/\/fisio-shop.pt\/?product_cat=equipamento-semi-profissional#listItem","name":"Semi-profissional"}},{"@type":"ListItem","@id":"https:\/\/fisio-shop.pt\/?product=tapete-de-corrida-magna-pro-2#listItem","position":6,"name":"BH TAPETE DE CORRIDA SEMI-PROFISSIONAL","previousItem":{"@type":"ListItem","@id":"https:\/\/fisio-shop.pt\/?product_cat=tapetes-rolantes-equipamento-semi-profissional#listItem","name":"Tapetes rolantes"}}]},{"@type":"Organization","@id":"https:\/\/fisio-shop.pt\/#organization","name":"Fisio-shop","description":"Empresa especializada na distribui\u00e7\u00e3o de equipamentos profissionais para os mercados da Fisioterapia, Geriatria, Fitness e Medicina Desportiva. Empresa especializada na distribui\u00e7\u00e3o de equipamentos profissionais para os mercados da Fisioterapia, Geriatria, Fitness e Medicina Desportiva.","url":"https:\/\/fisio-shop.pt\/","logo":{"@type":"ImageObject","url":"https:\/\/fisio-shop.pt\/wp-content\/uploads\/2026\/04\/android-chrome-192x192-1.png","@id":"https:\/\/fisio-shop.pt\/?product=tapete-de-corrida-magna-pro-2\/#organizationLogo"},"image":{"@id":"https:\/\/fisio-shop.pt\/?product=tapete-de-corrida-magna-pro-2\/#organizationLogo"},"sameAs":["https:\/\/www.facebook.com\/p\/Fisioshop-Comrcio-de-Equipamentos-Lda-100036934916130\/"]},{"@type":"Product","@id":"https:\/\/fisio-shop.pt\/?product=tapete-de-corrida-magna-pro-2#wooCommerceProduct","name":"BH TAPETE DE CORRIDA SEMI-PROFISSIONAL","description":"Tapete de corrida Semi-Profissional especialmente concebido para uma utiliza\u00e7\u00e3o superior 20 horas semanais.","url":"https:\/\/fisio-shop.pt\/?product=tapete-de-corrida-magna-pro-2","sku":"FIT0006","image":{"@type":"ImageObject","url":"https:\/\/fisio-shop.pt\/wp-content\/uploads\/2026\/02\/TAPETE-PROF.MAGNA-PRO-1.jpg","@id":"https:\/\/fisio-shop.pt\/?product=tapete-de-corrida-magna-pro-2\/#productImage","width":619,"height":600},"offers":{"@type":"Offer","url":"https:\/\/fisio-shop.pt\/?product=tapete-de-corrida-magna-pro-2#wooCommerceOffer","price":0,"priceCurrency":"EUR","category":"Fitness e desporto","availability":"https:\/\/schema.org\/InStock","seller":{"@type":"Organization","@id":"https:\/\/fisio-shop.pt\/#organization"}}},{"@type":"WebPage","@id":"https:\/\/fisio-shop.pt\/?product=tapete-de-corrida-magna-pro-2#webpage","url":"https:\/\/fisio-shop.pt\/?product=tapete-de-corrida-magna-pro-2","name":"BH TAPETE DE CORRIDA SEMI-PROFISSIONAL - Fisio-shop","description":"Tapete de corrida Semi-Profissional especialmente concebido para uma utiliza\u00e7\u00e3o superior 20 horas semanais.","inLanguage":"pt-PT","isPartOf":{"@id":"https:\/\/fisio-shop.pt\/#website"},"breadcrumb":{"@id":"https:\/\/fisio-shop.pt\/?product=tapete-de-corrida-magna-pro-2#breadcrumblist"},"image":{"@type":"ImageObject","url":"https:\/\/fisio-shop.pt\/wp-content\/uploads\/2026\/02\/TAPETE-PROF.MAGNA-PRO-1.jpg","@id":"https:\/\/fisio-shop.pt\/?product=tapete-de-corrida-magna-pro-2\/#mainImage","width":619,"height":600},"primaryImageOfPage":{"@id":"https:\/\/fisio-shop.pt\/?product=tapete-de-corrida-magna-pro-2#mainImage"},"datePublished":"2017-06-20T16:33:41+00:00","dateModified":"2026-02-25T19:56:38+00:00"},{"@type":"WebSite","@id":"https:\/\/fisio-shop.pt\/#website","url":"https:\/\/fisio-shop.pt\/","name":"Fisio-shop","description":"Empresa especializada na distribui\u00e7\u00e3o de equipamentos profissionais para os mercados da Fisioterapia, Geriatria, Fitness e Medicina Desportiva.","inLanguage":"pt-PT","publisher":{"@id":"https:\/\/fisio-shop.pt\/#organization"}}]},"og:locale":"pt_PT","og:site_name":"Fisio-shop - Empresa especializada na distribui\u00e7\u00e3o de equipamentos profissionais para os mercados da Fisioterapia, Geriatria, Fitness e Medicina Desportiva.","og:type":"article","og:title":"BH TAPETE DE CORRIDA SEMI-PROFISSIONAL - Fisio-shop","og:description":"Tapete de corrida Semi-Profissional especialmente concebido para uma utiliza\u00e7\u00e3o superior 20 horas semanais.","og:url":"https:\/\/fisio-shop.pt\/?product=tapete-de-corrida-magna-pro-2","og:image":"https:\/\/fisio-shop.pt\/wp-content\/uploads\/2026\/04\/android-chrome-192x192-1.png","og:image:secure_url":"https:\/\/fisio-shop.pt\/wp-content\/uploads\/2026\/04\/android-chrome-192x192-1.png","article:published_time":"2017-06-20T16:33:41+00:00","article:modified_time":"2026-02-25T19:56:38+00:00","article:publisher":"https:\/\/www.facebook.com\/p\/Fisioshop-Comrcio-de-Equipamentos-Lda-100036934916130\/","twitter:card":"summary_large_image","twitter:title":"BH TAPETE DE CORRIDA SEMI-PROFISSIONAL - Fisio-shop","twitter:description":"Tapete de corrida Semi-Profissional especialmente concebido para uma utiliza\u00e7\u00e3o superior 20 horas semanais.","twitter:image":"https:\/\/fisio-shop.pt\/wp-content\/uploads\/2026\/04\/android-chrome-192x192-1.png"},"aioseo_meta_data":{"post_id":"8898","title":null,"description":null,"keywords":null,"keyphrases":null,"primary_term":null,"canonical_url":null,"og_title":null,"og_description":null,"og_object_type":"default","og_image_type":"default","og_image_url":null,"og_image_width":null,"og_image_height":null,"og_image_custom_url":null,"og_image_custom_fields":null,"og_video":null,"og_custom_url":null,"og_article_section":null,"og_article_tags":null,"twitter_use_og":false,"twitter_card":"default","twitter_image_type":"default","twitter_image_url":null,"twitter_image_custom_url":null,"twitter_image_custom_fields":null,"twitter_title":null,"twitter_description":null,"schema":{"blockGraphs":[],"customGraphs":[],"default":{"data":{"Article":[],"Course":[],"Dataset":[],"FAQPage":[],"Movie":[],"Person":[],"Product":[],"ProductReview":[],"Car":[],"Recipe":[],"Service":[],"SoftwareApplication":[],"WebPage":[]},"graphName":"","isEnabled":true},"graphs":[]},"schema_type":"default","schema_type_options":null,"pillar_content":false,"robots_default":true,"robots_noindex":false,"robots_noarchive":false,"robots_nosnippet":false,"robots_nofollow":false,"robots_noimageindex":false,"robots_noodp":false,"robots_notranslate":false,"robots_max_snippet":null,"robots_max_videopreview":null,"robots_max_imagepreview":"large","priority":null,"frequency":null,"local_seo":null,"seo_analyzer_scan_date":"2026-04-18 10:35:36","breadcrumb_settings":null,"limit_modified_date":false,"open_ai":null,"ai":null,"created":"2026-04-18 07:02:19","updated":"2026-04-18 21:46:00"},"aioseo_breadcrumb":"<div class=\"aioseo-breadcrumbs\"><span class=\"aioseo-breadcrumb\">\n\t<a href=\"https:\/\/fisio-shop.pt\" title=\"Home\">Home<\/a>\n<\/span><span class=\"aioseo-breadcrumb-separator\">\u00bb<\/span><span class=\"aioseo-breadcrumb\">\n\t<a href=\"https:\/\/fisio-shop.pt\/?page_id=5\" title=\"Loja\">Loja<\/a>\n<\/span><span class=\"aioseo-breadcrumb-separator\">\u00bb<\/span><span class=\"aioseo-breadcrumb\">\n\t<a href=\"https:\/\/fisio-shop.pt\/?product_cat=fitness-e-desporto\" title=\"Fitness e desporto\">Fitness e desporto<\/a>\n<\/span><span class=\"aioseo-breadcrumb-separator\">\u00bb<\/span><span class=\"aioseo-breadcrumb\">\n\t<a href=\"https:\/\/fisio-shop.pt\/?product_cat=equipamento-semi-profissional\" title=\"Semi-profissional\">Semi-profissional<\/a>\n<\/span><span class=\"aioseo-breadcrumb-separator\">\u00bb<\/span><span class=\"aioseo-breadcrumb\">\n\t<a href=\"https:\/\/fisio-shop.pt\/?product_cat=tapetes-rolantes-equipamento-semi-profissional\" title=\"Tapetes rolantes\">Tapetes rolantes<\/a>\n<\/span><span class=\"aioseo-breadcrumb-separator\">\u00bb<\/span><span class=\"aioseo-breadcrumb\">\n\tBH TAPETE DE CORRIDA SEMI-PROFISSIONAL\n<\/span><\/div>","aioseo_breadcrumb_json":[{"label":"Home","link":"https:\/\/fisio-shop.pt"},{"label":"Loja","link":"https:\/\/fisio-shop.pt\/?page_id=5"},{"label":"Fitness e desporto","link":"https:\/\/fisio-shop.pt\/?product_cat=fitness-e-desporto"},{"label":"Semi-profissional","link":"https:\/\/fisio-shop.pt\/?product_cat=equipamento-semi-profissional"},{"label":"Tapetes rolantes","link":"https:\/\/fisio-shop.pt\/?product_cat=tapetes-rolantes-equipamento-semi-profissional"},{"label":"BH TAPETE DE CORRIDA SEMI-PROFISSIONAL","link":"https:\/\/fisio-shop.pt\/?product=tapete-de-corrida-magna-pro-2"}],"_links":{"self":[{"href":"https:\/\/fisio-shop.pt\/index.php?rest_route=\/wp\/v2\/product\/8898","targetHints":{"allow":["GET"]}}],"collection":[{"href":"https:\/\/fisio-shop.pt\/index.php?rest_route=\/wp\/v2\/product"}],"about":[{"href":"https:\/\/fisio-shop.pt\/index.php?rest_route=\/wp\/v2\/types\/product"}],"replies":[{"embeddable":true,"href":"https:\/\/fisio-shop.pt\/index.php?rest_route=%2Fwp%2Fv2%2Fcomments&post=8898"}],"version-history":[{"count":0,"href":"https:\/\/fisio-shop.pt\/index.php?rest_route=\/wp\/v2\/product\/8898\/revisions"}],"wp:featuredmedia":[{"embeddable":true,"href":"https:\/\/fisio-shop.pt\/index.php?rest_route=\/wp\/v2\/media\/11223"}],"wp:attachment":[{"href":"https:\/\/fisio-shop.pt\/index.php?rest_route=%2Fwp%2Fv2%2Fmedia&parent=8898"}],"wp:term":[{"taxonomy":"product_brand","embeddable":true,"href":"https:\/\/fisio-shop.pt\/index.php?rest_route=%2Fwp%2Fv2%2Fproduct_brand&post=8898"},{"taxonomy":"product_cat","embeddable":true,"href":"https:\/\/fisio-shop.pt\/index.php?rest_route=%2Fwp%2Fv2%2Fproduct_cat&post=8898"},{"taxonomy":"product_tag","embeddable":true,"href":"https:\/\/fisio-shop.pt\/index.php?rest_route=%2Fwp%2Fv2%2Fproduct_tag&post=8898"}],"curies":[{"name":"wp","href":"https:\/\/api.w.org\/{rel}","templated":true}]}}