{"id":8902,"date":"2017-06-20T16:44:34","date_gmt":"2017-06-20T16:44:34","guid":{"rendered":"https:\/\/fisio-shop.pt\/loja\/remo-lk5000\/"},"modified":"2026-02-25T19:56:39","modified_gmt":"2026-02-25T19:56:39","slug":"remo-lk5000","status":"publish","type":"product","link":"https:\/\/fisio-shop.pt\/?product=remo-lk5000","title":{"rendered":"BH REMO PROFISSIONAL RW1000"},"content":{"rendered":"<ul>\n<li>Monitor LCD de 5,5 polegadas com gr\u00e1fica colorida;<\/li>\n<li>\u00danico remo no mercado com controlo no puxador, para mudar a resist\u00eancia sem ter de ir at\u00e9 o monitor;<\/li>\n<li>Sistema de transmiss\u00e3o por correia Poli-V, que garante um exerc\u00edcio suave e silencioso, livre de manuten\u00e7\u00e3o;<\/li>\n<li>20 n\u00edveis de resist\u00eancia;<\/li>\n<li>Remo auto gerado (n\u00e3o precisa ter eletricidade);<\/li>\n<li>Possibilidade de posicionar o monitor em diferentes \u00e2ngulos, para que qualquer utilizador possa ver corretamente o monitor independentemente da altura;<\/li>\n<li>Pedais ajust\u00e1veis: O sistema de pedais oscilante permite uma simula\u00e7\u00e3o perfeita do remo real;<\/li>\n<li>Programas: Manual (tempo, dist\u00e2ncia, calorias, pulso e remadas);<\/li>\n<li>12 perfis pr\u00e9-definidos;<\/li>\n<li>4 programas de HRC;<\/li>\n<li>Programa de corrida e teste de recupera\u00e7\u00e3o;<\/li>\n<li>Informa\u00e7\u00f5es no visor: Watts, calorias, dist\u00e2ncia, pulso, remadas por minuto, n\u00edvel, remadas totais, programa para medir tempo em percurso 500 metros;<\/li>\n<li>Monitoriza\u00e7\u00e3o constante da frequ\u00eancia card\u00edaca, gra\u00e7as ao chip de pulso telem\u00e9trico.<\/li>\n<\/ul>\n<p><strong>Caracter\u00edsticas gerais:<\/strong><\/p>\n<ul>\n<li>Altura (cm): 116<\/li>\n<li>Largura(cm): 54<\/li>\n<li>Comprimento (cm): 272<\/li>\n<li>Peso (Kg): 60,1<\/li>\n<li>Transmiss\u00e3o: Poly-V<\/li>\n<li>Sistema de Resist\u00eancia: Eletromagn\u00e9tico + Ar autogerado<\/li>\n<li>Estrutura refor\u00e7ada: SIM<\/li>\n<li>Peso m\u00e1x. utilizador (kg): 180<\/li>\n<li>Teclas r\u00e1pidas: SIM<\/li>\n<li>Pedais oscilantes: SIM<\/li>\n<li>Consola rotativa: SIM<\/li>\n<li>Programas HIIT: SIM<\/li>\n<li>Sensores de frequ\u00eancia card\u00edaca barra de comando: SIM<\/li>\n<li>Medi\u00e7\u00e3o de frequ\u00eancia card\u00edaca sem fios: SIM<\/li>\n<li>N\u00edveis de resist\u00eancia: 20<\/li>\n<li>Rodas de transporte: SIM<\/li>\n<li>Suportes ajust\u00e1veis: SIM<\/li>\n<\/ul>\n","protected":false},"excerpt":{"rendered":"<p>Remo Profissional RW1000<\/p>\n","protected":false},"featured_media":11227,"comment_status":"open","ping_status":"closed","template":"","meta":{"rs_blank_template":"","rs_page_bg_color":"","slide_template_v7":""},"product_brand":[],"product_cat":[1399,1733,1734,1740],"product_tag":[439,440],"class_list":{"0":"post-8902","1":"product","2":"type-product","3":"status-publish","4":"has-post-thumbnail","6":"product_cat-fitness-e-desporto","7":"product_cat-equipamento-profissional","8":"product_cat-equipamento-cardiovascular-equipamento-profissional","9":"product_cat-remos","10":"product_tag-remo","11":"product_tag-remo-profissional","13":"first","14":"instock","15":"shipping-taxable","16":"product-type-simple"},"aioseo_notices":[],"etheme_brands":{"errors":{"invalid_taxonomy":["Taxonomia inv\u00e1lida."]},"error_data":[]},"aioseo_head":"\n\t\t<!-- All in One SEO Pro 4.9.0 - aioseo.com -->\n\t<meta name=\"description\" content=\"Remo Profissional RW1000\" \/>\n\t<meta name=\"robots\" content=\"max-image-preview:large\" \/>\n\t<link rel=\"canonical\" href=\"https:\/\/fisio-shop.pt\/?product=remo-lk5000\" \/>\n\t<meta name=\"generator\" content=\"All in One SEO Pro (AIOSEO) 4.9.0\" \/>\n\t\t<meta property=\"og:locale\" content=\"pt_PT\" \/>\n\t\t<meta property=\"og:site_name\" content=\"Fisio-shop - Empresa especializada na distribui\u00e7\u00e3o de equipamentos profissionais para os mercados da Fisioterapia, Geriatria, Fitness e Medicina Desportiva.\" \/>\n\t\t<meta property=\"og:type\" content=\"article\" \/>\n\t\t<meta property=\"og:title\" content=\"BH REMO PROFISSIONAL RW1000 - Fisio-shop\" \/>\n\t\t<meta property=\"og:description\" content=\"Remo Profissional RW1000\" \/>\n\t\t<meta property=\"og:url\" content=\"https:\/\/fisio-shop.pt\/?product=remo-lk5000\" \/>\n\t\t<meta property=\"og:image\" content=\"https:\/\/fisio-shop.pt\/wp-content\/uploads\/2026\/04\/android-chrome-192x192-1.png\" \/>\n\t\t<meta property=\"og:image:secure_url\" content=\"https:\/\/fisio-shop.pt\/wp-content\/uploads\/2026\/04\/android-chrome-192x192-1.png\" \/>\n\t\t<meta property=\"article:published_time\" content=\"2017-06-20T16:44:34+00:00\" \/>\n\t\t<meta property=\"article:modified_time\" content=\"2026-02-25T19:56:39+00:00\" \/>\n\t\t<meta property=\"article:publisher\" content=\"https:\/\/www.facebook.com\/p\/Fisioshop-Comrcio-de-Equipamentos-Lda-100036934916130\/\" \/>\n\t\t<meta name=\"twitter:card\" content=\"summary_large_image\" \/>\n\t\t<meta name=\"twitter:title\" content=\"BH REMO PROFISSIONAL RW1000 - Fisio-shop\" \/>\n\t\t<meta name=\"twitter:description\" content=\"Remo Profissional RW1000\" \/>\n\t\t<meta name=\"twitter:image\" content=\"https:\/\/fisio-shop.pt\/wp-content\/uploads\/2026\/04\/android-chrome-192x192-1.png\" \/>\n\t\t<script type=\"application\/ld+json\" class=\"aioseo-schema\">\n\t\t\t{\"@context\":\"https:\\\/\\\/schema.org\",\"@graph\":[{\"@type\":\"BreadcrumbList\",\"@id\":\"https:\\\/\\\/fisio-shop.pt\\\/?product=remo-lk5000#breadcrumblist\",\"itemListElement\":[{\"@type\":\"ListItem\",\"@id\":\"https:\\\/\\\/fisio-shop.pt#listItem\",\"position\":1,\"name\":\"Home\",\"item\":\"https:\\\/\\\/fisio-shop.pt\",\"nextItem\":{\"@type\":\"ListItem\",\"@id\":\"https:\\\/\\\/fisio-shop.pt\\\/?page_id=5#listItem\",\"name\":\"Loja\"}},{\"@type\":\"ListItem\",\"@id\":\"https:\\\/\\\/fisio-shop.pt\\\/?page_id=5#listItem\",\"position\":2,\"name\":\"Loja\",\"item\":\"https:\\\/\\\/fisio-shop.pt\\\/?page_id=5\",\"nextItem\":{\"@type\":\"ListItem\",\"@id\":\"https:\\\/\\\/fisio-shop.pt\\\/?product_cat=fitness-e-desporto#listItem\",\"name\":\"Fitness e desporto\"},\"previousItem\":{\"@type\":\"ListItem\",\"@id\":\"https:\\\/\\\/fisio-shop.pt#listItem\",\"name\":\"Home\"}},{\"@type\":\"ListItem\",\"@id\":\"https:\\\/\\\/fisio-shop.pt\\\/?product_cat=fitness-e-desporto#listItem\",\"position\":3,\"name\":\"Fitness e desporto\",\"item\":\"https:\\\/\\\/fisio-shop.pt\\\/?product_cat=fitness-e-desporto\",\"nextItem\":{\"@type\":\"ListItem\",\"@id\":\"https:\\\/\\\/fisio-shop.pt\\\/?product_cat=equipamento-profissional#listItem\",\"name\":\"Equipamento Profissional\"},\"previousItem\":{\"@type\":\"ListItem\",\"@id\":\"https:\\\/\\\/fisio-shop.pt\\\/?page_id=5#listItem\",\"name\":\"Loja\"}},{\"@type\":\"ListItem\",\"@id\":\"https:\\\/\\\/fisio-shop.pt\\\/?product_cat=equipamento-profissional#listItem\",\"position\":4,\"name\":\"Equipamento Profissional\",\"item\":\"https:\\\/\\\/fisio-shop.pt\\\/?product_cat=equipamento-profissional\",\"nextItem\":{\"@type\":\"ListItem\",\"@id\":\"https:\\\/\\\/fisio-shop.pt\\\/?product_cat=equipamento-cardiovascular-equipamento-profissional#listItem\",\"name\":\"Equipamento cardiovascular\"},\"previousItem\":{\"@type\":\"ListItem\",\"@id\":\"https:\\\/\\\/fisio-shop.pt\\\/?product_cat=fitness-e-desporto#listItem\",\"name\":\"Fitness e desporto\"}},{\"@type\":\"ListItem\",\"@id\":\"https:\\\/\\\/fisio-shop.pt\\\/?product_cat=equipamento-cardiovascular-equipamento-profissional#listItem\",\"position\":5,\"name\":\"Equipamento cardiovascular\",\"item\":\"https:\\\/\\\/fisio-shop.pt\\\/?product_cat=equipamento-cardiovascular-equipamento-profissional\",\"nextItem\":{\"@type\":\"ListItem\",\"@id\":\"https:\\\/\\\/fisio-shop.pt\\\/?product_cat=remos#listItem\",\"name\":\"Remos\"},\"previousItem\":{\"@type\":\"ListItem\",\"@id\":\"https:\\\/\\\/fisio-shop.pt\\\/?product_cat=equipamento-profissional#listItem\",\"name\":\"Equipamento Profissional\"}},{\"@type\":\"ListItem\",\"@id\":\"https:\\\/\\\/fisio-shop.pt\\\/?product_cat=remos#listItem\",\"position\":6,\"name\":\"Remos\",\"item\":\"https:\\\/\\\/fisio-shop.pt\\\/?product_cat=remos\",\"nextItem\":{\"@type\":\"ListItem\",\"@id\":\"https:\\\/\\\/fisio-shop.pt\\\/?product=remo-lk5000#listItem\",\"name\":\"BH REMO PROFISSIONAL RW1000\"},\"previousItem\":{\"@type\":\"ListItem\",\"@id\":\"https:\\\/\\\/fisio-shop.pt\\\/?product_cat=equipamento-cardiovascular-equipamento-profissional#listItem\",\"name\":\"Equipamento cardiovascular\"}},{\"@type\":\"ListItem\",\"@id\":\"https:\\\/\\\/fisio-shop.pt\\\/?product=remo-lk5000#listItem\",\"position\":7,\"name\":\"BH REMO PROFISSIONAL RW1000\",\"previousItem\":{\"@type\":\"ListItem\",\"@id\":\"https:\\\/\\\/fisio-shop.pt\\\/?product_cat=remos#listItem\",\"name\":\"Remos\"}}]},{\"@type\":\"Organization\",\"@id\":\"https:\\\/\\\/fisio-shop.pt\\\/#organization\",\"name\":\"Fisio-shop\",\"description\":\"Empresa especializada na distribui\\u00e7\\u00e3o de equipamentos profissionais para os mercados da Fisioterapia, Geriatria, Fitness e Medicina Desportiva. Empresa especializada na distribui\\u00e7\\u00e3o de equipamentos profissionais para os mercados da Fisioterapia, Geriatria, Fitness e Medicina Desportiva.\",\"url\":\"https:\\\/\\\/fisio-shop.pt\\\/\",\"logo\":{\"@type\":\"ImageObject\",\"url\":\"https:\\\/\\\/fisio-shop.pt\\\/wp-content\\\/uploads\\\/2026\\\/04\\\/android-chrome-192x192-1.png\",\"@id\":\"https:\\\/\\\/fisio-shop.pt\\\/?product=remo-lk5000\\\/#organizationLogo\"},\"image\":{\"@id\":\"https:\\\/\\\/fisio-shop.pt\\\/?product=remo-lk5000\\\/#organizationLogo\"},\"sameAs\":[\"https:\\\/\\\/www.facebook.com\\\/p\\\/Fisioshop-Comrcio-de-Equipamentos-Lda-100036934916130\\\/\"]},{\"@type\":\"Product\",\"@id\":\"https:\\\/\\\/fisio-shop.pt\\\/?product=remo-lk5000#wooCommerceProduct\",\"name\":\"BH REMO PROFISSIONAL RW1000\",\"description\":\"Remo Profissional RW1000\",\"url\":\"https:\\\/\\\/fisio-shop.pt\\\/?product=remo-lk5000\",\"sku\":\"LK5000\",\"image\":{\"@type\":\"ImageObject\",\"url\":\"https:\\\/\\\/fisio-shop.pt\\\/wp-content\\\/uploads\\\/2026\\\/02\\\/REMO-PROFISSIONAL-1.png\",\"@id\":\"https:\\\/\\\/fisio-shop.pt\\\/?product=remo-lk5000\\\/#productImage\",\"width\":1920,\"height\":1080},\"offers\":{\"@type\":\"Offer\",\"url\":\"https:\\\/\\\/fisio-shop.pt\\\/?product=remo-lk5000#wooCommerceOffer\",\"price\":0,\"priceCurrency\":\"EUR\",\"category\":\"Fitness e desporto\",\"availability\":\"https:\\\/\\\/schema.org\\\/InStock\",\"seller\":{\"@type\":\"Organization\",\"@id\":\"https:\\\/\\\/fisio-shop.pt\\\/#organization\"}}},{\"@type\":\"WebPage\",\"@id\":\"https:\\\/\\\/fisio-shop.pt\\\/?product=remo-lk5000#webpage\",\"url\":\"https:\\\/\\\/fisio-shop.pt\\\/?product=remo-lk5000\",\"name\":\"BH REMO PROFISSIONAL RW1000 - Fisio-shop\",\"description\":\"Remo Profissional RW1000\",\"inLanguage\":\"pt-PT\",\"isPartOf\":{\"@id\":\"https:\\\/\\\/fisio-shop.pt\\\/#website\"},\"breadcrumb\":{\"@id\":\"https:\\\/\\\/fisio-shop.pt\\\/?product=remo-lk5000#breadcrumblist\"},\"image\":{\"@type\":\"ImageObject\",\"url\":\"https:\\\/\\\/fisio-shop.pt\\\/wp-content\\\/uploads\\\/2026\\\/02\\\/REMO-PROFISSIONAL-1.png\",\"@id\":\"https:\\\/\\\/fisio-shop.pt\\\/?product=remo-lk5000\\\/#mainImage\",\"width\":1920,\"height\":1080},\"primaryImageOfPage\":{\"@id\":\"https:\\\/\\\/fisio-shop.pt\\\/?product=remo-lk5000#mainImage\"},\"datePublished\":\"2017-06-20T16:44:34+00:00\",\"dateModified\":\"2026-02-25T19:56:39+00:00\"},{\"@type\":\"WebSite\",\"@id\":\"https:\\\/\\\/fisio-shop.pt\\\/#website\",\"url\":\"https:\\\/\\\/fisio-shop.pt\\\/\",\"name\":\"Fisio-shop\",\"description\":\"Empresa especializada na distribui\\u00e7\\u00e3o de equipamentos profissionais para os mercados da Fisioterapia, Geriatria, Fitness e Medicina Desportiva.\",\"inLanguage\":\"pt-PT\",\"publisher\":{\"@id\":\"https:\\\/\\\/fisio-shop.pt\\\/#organization\"}}]}\n\t\t<\/script>\n\t\t<!-- All in One SEO Pro -->\r\n\t\t<title>BH REMO PROFISSIONAL RW1000 - Fisio-shop<\/title>\n\n","aioseo_head_json":{"title":"BH REMO PROFISSIONAL RW1000 - Fisio-shop","description":"Remo Profissional RW1000","canonical_url":"https:\/\/fisio-shop.pt\/?product=remo-lk5000","robots":"max-image-preview:large","keywords":"","webmasterTools":{"miscellaneous":""},"schema":{"@context":"https:\/\/schema.org","@graph":[{"@type":"BreadcrumbList","@id":"https:\/\/fisio-shop.pt\/?product=remo-lk5000#breadcrumblist","itemListElement":[{"@type":"ListItem","@id":"https:\/\/fisio-shop.pt#listItem","position":1,"name":"Home","item":"https:\/\/fisio-shop.pt","nextItem":{"@type":"ListItem","@id":"https:\/\/fisio-shop.pt\/?page_id=5#listItem","name":"Loja"}},{"@type":"ListItem","@id":"https:\/\/fisio-shop.pt\/?page_id=5#listItem","position":2,"name":"Loja","item":"https:\/\/fisio-shop.pt\/?page_id=5","nextItem":{"@type":"ListItem","@id":"https:\/\/fisio-shop.pt\/?product_cat=fitness-e-desporto#listItem","name":"Fitness e desporto"},"previousItem":{"@type":"ListItem","@id":"https:\/\/fisio-shop.pt#listItem","name":"Home"}},{"@type":"ListItem","@id":"https:\/\/fisio-shop.pt\/?product_cat=fitness-e-desporto#listItem","position":3,"name":"Fitness e desporto","item":"https:\/\/fisio-shop.pt\/?product_cat=fitness-e-desporto","nextItem":{"@type":"ListItem","@id":"https:\/\/fisio-shop.pt\/?product_cat=equipamento-profissional#listItem","name":"Equipamento Profissional"},"previousItem":{"@type":"ListItem","@id":"https:\/\/fisio-shop.pt\/?page_id=5#listItem","name":"Loja"}},{"@type":"ListItem","@id":"https:\/\/fisio-shop.pt\/?product_cat=equipamento-profissional#listItem","position":4,"name":"Equipamento Profissional","item":"https:\/\/fisio-shop.pt\/?product_cat=equipamento-profissional","nextItem":{"@type":"ListItem","@id":"https:\/\/fisio-shop.pt\/?product_cat=equipamento-cardiovascular-equipamento-profissional#listItem","name":"Equipamento cardiovascular"},"previousItem":{"@type":"ListItem","@id":"https:\/\/fisio-shop.pt\/?product_cat=fitness-e-desporto#listItem","name":"Fitness e desporto"}},{"@type":"ListItem","@id":"https:\/\/fisio-shop.pt\/?product_cat=equipamento-cardiovascular-equipamento-profissional#listItem","position":5,"name":"Equipamento cardiovascular","item":"https:\/\/fisio-shop.pt\/?product_cat=equipamento-cardiovascular-equipamento-profissional","nextItem":{"@type":"ListItem","@id":"https:\/\/fisio-shop.pt\/?product_cat=remos#listItem","name":"Remos"},"previousItem":{"@type":"ListItem","@id":"https:\/\/fisio-shop.pt\/?product_cat=equipamento-profissional#listItem","name":"Equipamento Profissional"}},{"@type":"ListItem","@id":"https:\/\/fisio-shop.pt\/?product_cat=remos#listItem","position":6,"name":"Remos","item":"https:\/\/fisio-shop.pt\/?product_cat=remos","nextItem":{"@type":"ListItem","@id":"https:\/\/fisio-shop.pt\/?product=remo-lk5000#listItem","name":"BH REMO PROFISSIONAL RW1000"},"previousItem":{"@type":"ListItem","@id":"https:\/\/fisio-shop.pt\/?product_cat=equipamento-cardiovascular-equipamento-profissional#listItem","name":"Equipamento cardiovascular"}},{"@type":"ListItem","@id":"https:\/\/fisio-shop.pt\/?product=remo-lk5000#listItem","position":7,"name":"BH REMO PROFISSIONAL RW1000","previousItem":{"@type":"ListItem","@id":"https:\/\/fisio-shop.pt\/?product_cat=remos#listItem","name":"Remos"}}]},{"@type":"Organization","@id":"https:\/\/fisio-shop.pt\/#organization","name":"Fisio-shop","description":"Empresa especializada na distribui\u00e7\u00e3o de equipamentos profissionais para os mercados da Fisioterapia, Geriatria, Fitness e Medicina Desportiva. Empresa especializada na distribui\u00e7\u00e3o de equipamentos profissionais para os mercados da Fisioterapia, Geriatria, Fitness e Medicina Desportiva.","url":"https:\/\/fisio-shop.pt\/","logo":{"@type":"ImageObject","url":"https:\/\/fisio-shop.pt\/wp-content\/uploads\/2026\/04\/android-chrome-192x192-1.png","@id":"https:\/\/fisio-shop.pt\/?product=remo-lk5000\/#organizationLogo"},"image":{"@id":"https:\/\/fisio-shop.pt\/?product=remo-lk5000\/#organizationLogo"},"sameAs":["https:\/\/www.facebook.com\/p\/Fisioshop-Comrcio-de-Equipamentos-Lda-100036934916130\/"]},{"@type":"Product","@id":"https:\/\/fisio-shop.pt\/?product=remo-lk5000#wooCommerceProduct","name":"BH REMO PROFISSIONAL RW1000","description":"Remo Profissional RW1000","url":"https:\/\/fisio-shop.pt\/?product=remo-lk5000","sku":"LK5000","image":{"@type":"ImageObject","url":"https:\/\/fisio-shop.pt\/wp-content\/uploads\/2026\/02\/REMO-PROFISSIONAL-1.png","@id":"https:\/\/fisio-shop.pt\/?product=remo-lk5000\/#productImage","width":1920,"height":1080},"offers":{"@type":"Offer","url":"https:\/\/fisio-shop.pt\/?product=remo-lk5000#wooCommerceOffer","price":0,"priceCurrency":"EUR","category":"Fitness e desporto","availability":"https:\/\/schema.org\/InStock","seller":{"@type":"Organization","@id":"https:\/\/fisio-shop.pt\/#organization"}}},{"@type":"WebPage","@id":"https:\/\/fisio-shop.pt\/?product=remo-lk5000#webpage","url":"https:\/\/fisio-shop.pt\/?product=remo-lk5000","name":"BH REMO PROFISSIONAL RW1000 - Fisio-shop","description":"Remo Profissional RW1000","inLanguage":"pt-PT","isPartOf":{"@id":"https:\/\/fisio-shop.pt\/#website"},"breadcrumb":{"@id":"https:\/\/fisio-shop.pt\/?product=remo-lk5000#breadcrumblist"},"image":{"@type":"ImageObject","url":"https:\/\/fisio-shop.pt\/wp-content\/uploads\/2026\/02\/REMO-PROFISSIONAL-1.png","@id":"https:\/\/fisio-shop.pt\/?product=remo-lk5000\/#mainImage","width":1920,"height":1080},"primaryImageOfPage":{"@id":"https:\/\/fisio-shop.pt\/?product=remo-lk5000#mainImage"},"datePublished":"2017-06-20T16:44:34+00:00","dateModified":"2026-02-25T19:56:39+00:00"},{"@type":"WebSite","@id":"https:\/\/fisio-shop.pt\/#website","url":"https:\/\/fisio-shop.pt\/","name":"Fisio-shop","description":"Empresa especializada na distribui\u00e7\u00e3o de equipamentos profissionais para os mercados da Fisioterapia, Geriatria, Fitness e Medicina Desportiva.","inLanguage":"pt-PT","publisher":{"@id":"https:\/\/fisio-shop.pt\/#organization"}}]},"og:locale":"pt_PT","og:site_name":"Fisio-shop - Empresa especializada na distribui\u00e7\u00e3o de equipamentos profissionais para os mercados da Fisioterapia, Geriatria, Fitness e Medicina Desportiva.","og:type":"article","og:title":"BH REMO PROFISSIONAL RW1000 - Fisio-shop","og:description":"Remo Profissional RW1000","og:url":"https:\/\/fisio-shop.pt\/?product=remo-lk5000","og:image":"https:\/\/fisio-shop.pt\/wp-content\/uploads\/2026\/04\/android-chrome-192x192-1.png","og:image:secure_url":"https:\/\/fisio-shop.pt\/wp-content\/uploads\/2026\/04\/android-chrome-192x192-1.png","article:published_time":"2017-06-20T16:44:34+00:00","article:modified_time":"2026-02-25T19:56:39+00:00","article:publisher":"https:\/\/www.facebook.com\/p\/Fisioshop-Comrcio-de-Equipamentos-Lda-100036934916130\/","twitter:card":"summary_large_image","twitter:title":"BH REMO PROFISSIONAL RW1000 - Fisio-shop","twitter:description":"Remo Profissional RW1000","twitter:image":"https:\/\/fisio-shop.pt\/wp-content\/uploads\/2026\/04\/android-chrome-192x192-1.png"},"aioseo_meta_data":{"post_id":"8902","title":null,"description":null,"keywords":null,"keyphrases":null,"primary_term":null,"canonical_url":null,"og_title":null,"og_description":null,"og_object_type":"default","og_image_type":"default","og_image_url":null,"og_image_width":null,"og_image_height":null,"og_image_custom_url":null,"og_image_custom_fields":null,"og_video":null,"og_custom_url":null,"og_article_section":null,"og_article_tags":null,"twitter_use_og":false,"twitter_card":"default","twitter_image_type":"default","twitter_image_url":null,"twitter_image_custom_url":null,"twitter_image_custom_fields":null,"twitter_title":null,"twitter_description":null,"schema":{"blockGraphs":[],"customGraphs":[],"default":{"data":{"Article":[],"Course":[],"Dataset":[],"FAQPage":[],"Movie":[],"Person":[],"Product":[],"ProductReview":[],"Car":[],"Recipe":[],"Service":[],"SoftwareApplication":[],"WebPage":[]},"graphName":"","isEnabled":true},"graphs":[]},"schema_type":"default","schema_type_options":null,"pillar_content":false,"robots_default":true,"robots_noindex":false,"robots_noarchive":false,"robots_nosnippet":false,"robots_nofollow":false,"robots_noimageindex":false,"robots_noodp":false,"robots_notranslate":false,"robots_max_snippet":null,"robots_max_videopreview":null,"robots_max_imagepreview":"large","priority":null,"frequency":null,"local_seo":null,"seo_analyzer_scan_date":"2026-04-18 10:33:59","breadcrumb_settings":null,"limit_modified_date":false,"open_ai":null,"ai":null,"created":"2026-04-18 07:02:19","updated":"2026-04-18 21:46:00"},"aioseo_breadcrumb":"<div class=\"aioseo-breadcrumbs\"><span class=\"aioseo-breadcrumb\">\n\t<a href=\"https:\/\/fisio-shop.pt\" title=\"Home\">Home<\/a>\n<\/span><span class=\"aioseo-breadcrumb-separator\">\u00bb<\/span><span class=\"aioseo-breadcrumb\">\n\t<a href=\"https:\/\/fisio-shop.pt\/?page_id=5\" title=\"Loja\">Loja<\/a>\n<\/span><span class=\"aioseo-breadcrumb-separator\">\u00bb<\/span><span class=\"aioseo-breadcrumb\">\n\t<a href=\"https:\/\/fisio-shop.pt\/?product_cat=fitness-e-desporto\" title=\"Fitness e desporto\">Fitness e desporto<\/a>\n<\/span><span class=\"aioseo-breadcrumb-separator\">\u00bb<\/span><span class=\"aioseo-breadcrumb\">\n\t<a href=\"https:\/\/fisio-shop.pt\/?product_cat=equipamento-profissional\" title=\"Equipamento Profissional\">Equipamento Profissional<\/a>\n<\/span><span class=\"aioseo-breadcrumb-separator\">\u00bb<\/span><span class=\"aioseo-breadcrumb\">\n\t<a href=\"https:\/\/fisio-shop.pt\/?product_cat=equipamento-cardiovascular-equipamento-profissional\" title=\"Equipamento cardiovascular\">Equipamento cardiovascular<\/a>\n<\/span><span class=\"aioseo-breadcrumb-separator\">\u00bb<\/span><span class=\"aioseo-breadcrumb\">\n\t<a href=\"https:\/\/fisio-shop.pt\/?product_cat=remos\" title=\"Remos\">Remos<\/a>\n<\/span><span class=\"aioseo-breadcrumb-separator\">\u00bb<\/span><span class=\"aioseo-breadcrumb\">\n\tBH REMO PROFISSIONAL RW1000\n<\/span><\/div>","aioseo_breadcrumb_json":[{"label":"Home","link":"https:\/\/fisio-shop.pt"},{"label":"Loja","link":"https:\/\/fisio-shop.pt\/?page_id=5"},{"label":"Fitness e desporto","link":"https:\/\/fisio-shop.pt\/?product_cat=fitness-e-desporto"},{"label":"Equipamento Profissional","link":"https:\/\/fisio-shop.pt\/?product_cat=equipamento-profissional"},{"label":"Equipamento cardiovascular","link":"https:\/\/fisio-shop.pt\/?product_cat=equipamento-cardiovascular-equipamento-profissional"},{"label":"Remos","link":"https:\/\/fisio-shop.pt\/?product_cat=remos"},{"label":"BH REMO PROFISSIONAL RW1000","link":"https:\/\/fisio-shop.pt\/?product=remo-lk5000"}],"_links":{"self":[{"href":"https:\/\/fisio-shop.pt\/index.php?rest_route=\/wp\/v2\/product\/8902","targetHints":{"allow":["GET"]}}],"collection":[{"href":"https:\/\/fisio-shop.pt\/index.php?rest_route=\/wp\/v2\/product"}],"about":[{"href":"https:\/\/fisio-shop.pt\/index.php?rest_route=\/wp\/v2\/types\/product"}],"replies":[{"embeddable":true,"href":"https:\/\/fisio-shop.pt\/index.php?rest_route=%2Fwp%2Fv2%2Fcomments&post=8902"}],"version-history":[{"count":0,"href":"https:\/\/fisio-shop.pt\/index.php?rest_route=\/wp\/v2\/product\/8902\/revisions"}],"wp:featuredmedia":[{"embeddable":true,"href":"https:\/\/fisio-shop.pt\/index.php?rest_route=\/wp\/v2\/media\/11227"}],"wp:attachment":[{"href":"https:\/\/fisio-shop.pt\/index.php?rest_route=%2Fwp%2Fv2%2Fmedia&parent=8902"}],"wp:term":[{"taxonomy":"product_brand","embeddable":true,"href":"https:\/\/fisio-shop.pt\/index.php?rest_route=%2Fwp%2Fv2%2Fproduct_brand&post=8902"},{"taxonomy":"product_cat","embeddable":true,"href":"https:\/\/fisio-shop.pt\/index.php?rest_route=%2Fwp%2Fv2%2Fproduct_cat&post=8902"},{"taxonomy":"product_tag","embeddable":true,"href":"https:\/\/fisio-shop.pt\/index.php?rest_route=%2Fwp%2Fv2%2Fproduct_tag&post=8902"}],"curies":[{"name":"wp","href":"https:\/\/api.w.org\/{rel}","templated":true}]}}