{"id":8935,"date":"2017-06-20T17:30:38","date_gmt":"2017-06-20T17:30:38","guid":{"rendered":"https:\/\/fisio-shop.pt\/loja\/bh-press-vertical-e-remo-2\/"},"modified":"2026-02-25T19:56:57","modified_gmt":"2026-02-25T19:56:57","slug":"bh-press-vertical-e-remo-2","status":"publish","type":"product","link":"https:\/\/fisio-shop.pt\/?product=bh-press-vertical-e-remo-2","title":{"rendered":"BH PRESS VERTICAL E REMO"},"content":{"rendered":"<p>M\u00e1quina de muscula\u00e7\u00e3o de fun\u00e7\u00e3o \u00fanica e dupla de resist\u00eancia hidr\u00e1ulica regul\u00e1vel especialmente concebida para classes colectivas em circuito.<\/p>\n<ul>\n<li>Marca: BH-Fitness;<\/li>\n<li>Modelo: XT 1070.<\/li>\n<\/ul>\n","protected":false},"excerpt":{"rendered":"<p>M\u00e1quina de muscula\u00e7\u00e3o de fun\u00e7\u00e3o \u00fanica e dupla de resist\u00eancia hidr\u00e1ulica regul\u00e1vel especialmente concebida para classes colectivas em circuito.<\/p>\n","protected":false},"featured_media":11265,"comment_status":"open","ping_status":"closed","template":"","meta":{"rs_blank_template":"","rs_page_bg_color":"","slide_template_v7":""},"product_brand":[],"product_cat":[1399,1733,1751,1752],"product_tag":[],"class_list":{"0":"post-8935","1":"product","2":"type-product","3":"status-publish","4":"has-post-thumbnail","6":"product_cat-fitness-e-desporto","7":"product_cat-equipamento-profissional","8":"product_cat-equipamento-treino-em-circuito","9":"product_cat-membros-superiores-equipamento-profissional","11":"first","12":"instock","13":"shipping-taxable","14":"product-type-simple"},"aioseo_notices":[],"etheme_brands":{"errors":{"invalid_taxonomy":["Taxonomia inv\u00e1lida."]},"error_data":[]},"aioseo_head":"\n\t\t<!-- All in One SEO Pro 4.9.0 - aioseo.com -->\n\t<meta name=\"description\" content=\"M\u00e1quina de muscula\u00e7\u00e3o de fun\u00e7\u00e3o \u00fanica e dupla de resist\u00eancia hidr\u00e1ulica regul\u00e1vel especialmente concebida para classes colectivas em circuito.\" \/>\n\t<meta name=\"robots\" content=\"max-image-preview:large\" \/>\n\t<link rel=\"canonical\" href=\"https:\/\/fisio-shop.pt\/?product=bh-press-vertical-e-remo-2\" \/>\n\t<meta name=\"generator\" content=\"All in One SEO Pro (AIOSEO) 4.9.0\" \/>\n\t\t<meta property=\"og:locale\" content=\"pt_PT\" \/>\n\t\t<meta property=\"og:site_name\" content=\"Fisio-shop - Empresa especializada na distribui\u00e7\u00e3o de equipamentos profissionais para os mercados da Fisioterapia, Geriatria, Fitness e Medicina Desportiva.\" \/>\n\t\t<meta property=\"og:type\" content=\"article\" \/>\n\t\t<meta property=\"og:title\" content=\"BH PRESS VERTICAL E REMO - Fisio-shop\" \/>\n\t\t<meta property=\"og:description\" content=\"M\u00e1quina de muscula\u00e7\u00e3o de fun\u00e7\u00e3o \u00fanica e dupla de resist\u00eancia hidr\u00e1ulica regul\u00e1vel especialmente concebida para classes colectivas em circuito.\" \/>\n\t\t<meta property=\"og:url\" content=\"https:\/\/fisio-shop.pt\/?product=bh-press-vertical-e-remo-2\" \/>\n\t\t<meta property=\"og:image\" content=\"https:\/\/fisio-shop.pt\/wp-content\/uploads\/2026\/04\/android-chrome-192x192-1.png\" \/>\n\t\t<meta property=\"og:image:secure_url\" content=\"https:\/\/fisio-shop.pt\/wp-content\/uploads\/2026\/04\/android-chrome-192x192-1.png\" \/>\n\t\t<meta property=\"article:published_time\" content=\"2017-06-20T17:30:38+00:00\" \/>\n\t\t<meta property=\"article:modified_time\" content=\"2026-02-25T19:56:57+00:00\" \/>\n\t\t<meta property=\"article:publisher\" content=\"https:\/\/www.facebook.com\/p\/Fisioshop-Comrcio-de-Equipamentos-Lda-100036934916130\/\" \/>\n\t\t<meta name=\"twitter:card\" content=\"summary_large_image\" \/>\n\t\t<meta name=\"twitter:title\" content=\"BH PRESS VERTICAL E REMO - Fisio-shop\" \/>\n\t\t<meta name=\"twitter:description\" content=\"M\u00e1quina de muscula\u00e7\u00e3o de fun\u00e7\u00e3o \u00fanica e dupla de resist\u00eancia hidr\u00e1ulica regul\u00e1vel especialmente concebida para classes colectivas em circuito.\" \/>\n\t\t<meta name=\"twitter:image\" content=\"https:\/\/fisio-shop.pt\/wp-content\/uploads\/2026\/04\/android-chrome-192x192-1.png\" \/>\n\t\t<script type=\"application\/ld+json\" class=\"aioseo-schema\">\n\t\t\t{\"@context\":\"https:\\\/\\\/schema.org\",\"@graph\":[{\"@type\":\"BreadcrumbList\",\"@id\":\"https:\\\/\\\/fisio-shop.pt\\\/?product=bh-press-vertical-e-remo-2#breadcrumblist\",\"itemListElement\":[{\"@type\":\"ListItem\",\"@id\":\"https:\\\/\\\/fisio-shop.pt#listItem\",\"position\":1,\"name\":\"Home\",\"item\":\"https:\\\/\\\/fisio-shop.pt\",\"nextItem\":{\"@type\":\"ListItem\",\"@id\":\"https:\\\/\\\/fisio-shop.pt\\\/?page_id=5#listItem\",\"name\":\"Loja\"}},{\"@type\":\"ListItem\",\"@id\":\"https:\\\/\\\/fisio-shop.pt\\\/?page_id=5#listItem\",\"position\":2,\"name\":\"Loja\",\"item\":\"https:\\\/\\\/fisio-shop.pt\\\/?page_id=5\",\"nextItem\":{\"@type\":\"ListItem\",\"@id\":\"https:\\\/\\\/fisio-shop.pt\\\/?product_cat=fitness-e-desporto#listItem\",\"name\":\"Fitness e desporto\"},\"previousItem\":{\"@type\":\"ListItem\",\"@id\":\"https:\\\/\\\/fisio-shop.pt#listItem\",\"name\":\"Home\"}},{\"@type\":\"ListItem\",\"@id\":\"https:\\\/\\\/fisio-shop.pt\\\/?product_cat=fitness-e-desporto#listItem\",\"position\":3,\"name\":\"Fitness e desporto\",\"item\":\"https:\\\/\\\/fisio-shop.pt\\\/?product_cat=fitness-e-desporto\",\"nextItem\":{\"@type\":\"ListItem\",\"@id\":\"https:\\\/\\\/fisio-shop.pt\\\/?product_cat=equipamento-profissional#listItem\",\"name\":\"Equipamento Profissional\"},\"previousItem\":{\"@type\":\"ListItem\",\"@id\":\"https:\\\/\\\/fisio-shop.pt\\\/?page_id=5#listItem\",\"name\":\"Loja\"}},{\"@type\":\"ListItem\",\"@id\":\"https:\\\/\\\/fisio-shop.pt\\\/?product_cat=equipamento-profissional#listItem\",\"position\":4,\"name\":\"Equipamento Profissional\",\"item\":\"https:\\\/\\\/fisio-shop.pt\\\/?product_cat=equipamento-profissional\",\"nextItem\":{\"@type\":\"ListItem\",\"@id\":\"https:\\\/\\\/fisio-shop.pt\\\/?product_cat=equipamento-treino-em-circuito#listItem\",\"name\":\"Equipamento treino em circuito\"},\"previousItem\":{\"@type\":\"ListItem\",\"@id\":\"https:\\\/\\\/fisio-shop.pt\\\/?product_cat=fitness-e-desporto#listItem\",\"name\":\"Fitness e desporto\"}},{\"@type\":\"ListItem\",\"@id\":\"https:\\\/\\\/fisio-shop.pt\\\/?product_cat=equipamento-treino-em-circuito#listItem\",\"position\":5,\"name\":\"Equipamento treino em circuito\",\"item\":\"https:\\\/\\\/fisio-shop.pt\\\/?product_cat=equipamento-treino-em-circuito\",\"nextItem\":{\"@type\":\"ListItem\",\"@id\":\"https:\\\/\\\/fisio-shop.pt\\\/?product_cat=membros-superiores-equipamento-profissional#listItem\",\"name\":\"Membros superiores\"},\"previousItem\":{\"@type\":\"ListItem\",\"@id\":\"https:\\\/\\\/fisio-shop.pt\\\/?product_cat=equipamento-profissional#listItem\",\"name\":\"Equipamento Profissional\"}},{\"@type\":\"ListItem\",\"@id\":\"https:\\\/\\\/fisio-shop.pt\\\/?product_cat=membros-superiores-equipamento-profissional#listItem\",\"position\":6,\"name\":\"Membros superiores\",\"item\":\"https:\\\/\\\/fisio-shop.pt\\\/?product_cat=membros-superiores-equipamento-profissional\",\"nextItem\":{\"@type\":\"ListItem\",\"@id\":\"https:\\\/\\\/fisio-shop.pt\\\/?product=bh-press-vertical-e-remo-2#listItem\",\"name\":\"BH PRESS VERTICAL E REMO\"},\"previousItem\":{\"@type\":\"ListItem\",\"@id\":\"https:\\\/\\\/fisio-shop.pt\\\/?product_cat=equipamento-treino-em-circuito#listItem\",\"name\":\"Equipamento treino em circuito\"}},{\"@type\":\"ListItem\",\"@id\":\"https:\\\/\\\/fisio-shop.pt\\\/?product=bh-press-vertical-e-remo-2#listItem\",\"position\":7,\"name\":\"BH PRESS VERTICAL E REMO\",\"previousItem\":{\"@type\":\"ListItem\",\"@id\":\"https:\\\/\\\/fisio-shop.pt\\\/?product_cat=membros-superiores-equipamento-profissional#listItem\",\"name\":\"Membros superiores\"}}]},{\"@type\":\"Organization\",\"@id\":\"https:\\\/\\\/fisio-shop.pt\\\/#organization\",\"name\":\"Fisio-shop\",\"description\":\"Empresa especializada na distribui\\u00e7\\u00e3o de equipamentos profissionais para os mercados da Fisioterapia, Geriatria, Fitness e Medicina Desportiva. Empresa especializada na distribui\\u00e7\\u00e3o de equipamentos profissionais para os mercados da Fisioterapia, Geriatria, Fitness e Medicina Desportiva.\",\"url\":\"https:\\\/\\\/fisio-shop.pt\\\/\",\"logo\":{\"@type\":\"ImageObject\",\"url\":\"https:\\\/\\\/fisio-shop.pt\\\/wp-content\\\/uploads\\\/2026\\\/04\\\/android-chrome-192x192-1.png\",\"@id\":\"https:\\\/\\\/fisio-shop.pt\\\/?product=bh-press-vertical-e-remo-2\\\/#organizationLogo\"},\"image\":{\"@id\":\"https:\\\/\\\/fisio-shop.pt\\\/?product=bh-press-vertical-e-remo-2\\\/#organizationLogo\"},\"sameAs\":[\"https:\\\/\\\/www.facebook.com\\\/p\\\/Fisioshop-Comrcio-de-Equipamentos-Lda-100036934916130\\\/\"]},{\"@type\":\"Product\",\"@id\":\"https:\\\/\\\/fisio-shop.pt\\\/?product=bh-press-vertical-e-remo-2#wooCommerceProduct\",\"name\":\"BH PRESS VERTICAL E REMO\",\"description\":\"M\\u00e1quina de muscula\\u00e7\\u00e3o de fun\\u00e7\\u00e3o \\u00fanica e dupla de resist\\u00eancia hidr\\u00e1ulica regul\\u00e1vel especialmente concebida para classes colectivas em circuito.\",\"url\":\"https:\\\/\\\/fisio-shop.pt\\\/?product=bh-press-vertical-e-remo-2\",\"sku\":\"XT1070\",\"image\":{\"@type\":\"ImageObject\",\"url\":\"https:\\\/\\\/fisio-shop.pt\\\/wp-content\\\/uploads\\\/2026\\\/02\\\/MUSCULACAO-HIDRAULICA-XT-1070-1.jpg\",\"@id\":\"https:\\\/\\\/fisio-shop.pt\\\/?product=bh-press-vertical-e-remo-2\\\/#productImage\",\"width\":750,\"height\":750},\"offers\":{\"@type\":\"Offer\",\"url\":\"https:\\\/\\\/fisio-shop.pt\\\/?product=bh-press-vertical-e-remo-2#wooCommerceOffer\",\"price\":0,\"priceCurrency\":\"EUR\",\"category\":\"Fitness e desporto\",\"availability\":\"https:\\\/\\\/schema.org\\\/InStock\",\"seller\":{\"@type\":\"Organization\",\"@id\":\"https:\\\/\\\/fisio-shop.pt\\\/#organization\"}}},{\"@type\":\"WebPage\",\"@id\":\"https:\\\/\\\/fisio-shop.pt\\\/?product=bh-press-vertical-e-remo-2#webpage\",\"url\":\"https:\\\/\\\/fisio-shop.pt\\\/?product=bh-press-vertical-e-remo-2\",\"name\":\"BH PRESS VERTICAL E REMO - Fisio-shop\",\"description\":\"M\\u00e1quina de muscula\\u00e7\\u00e3o de fun\\u00e7\\u00e3o \\u00fanica e dupla de resist\\u00eancia hidr\\u00e1ulica regul\\u00e1vel especialmente concebida para classes colectivas em circuito.\",\"inLanguage\":\"pt-PT\",\"isPartOf\":{\"@id\":\"https:\\\/\\\/fisio-shop.pt\\\/#website\"},\"breadcrumb\":{\"@id\":\"https:\\\/\\\/fisio-shop.pt\\\/?product=bh-press-vertical-e-remo-2#breadcrumblist\"},\"image\":{\"@type\":\"ImageObject\",\"url\":\"https:\\\/\\\/fisio-shop.pt\\\/wp-content\\\/uploads\\\/2026\\\/02\\\/MUSCULACAO-HIDRAULICA-XT-1070-1.jpg\",\"@id\":\"https:\\\/\\\/fisio-shop.pt\\\/?product=bh-press-vertical-e-remo-2\\\/#mainImage\",\"width\":750,\"height\":750},\"primaryImageOfPage\":{\"@id\":\"https:\\\/\\\/fisio-shop.pt\\\/?product=bh-press-vertical-e-remo-2#mainImage\"},\"datePublished\":\"2017-06-20T17:30:38+00:00\",\"dateModified\":\"2026-02-25T19:56:57+00:00\"},{\"@type\":\"WebSite\",\"@id\":\"https:\\\/\\\/fisio-shop.pt\\\/#website\",\"url\":\"https:\\\/\\\/fisio-shop.pt\\\/\",\"name\":\"Fisio-shop\",\"description\":\"Empresa especializada na distribui\\u00e7\\u00e3o de equipamentos profissionais para os mercados da Fisioterapia, Geriatria, Fitness e Medicina Desportiva.\",\"inLanguage\":\"pt-PT\",\"publisher\":{\"@id\":\"https:\\\/\\\/fisio-shop.pt\\\/#organization\"}}]}\n\t\t<\/script>\n\t\t<!-- All in One SEO Pro -->\r\n\t\t<title>BH PRESS VERTICAL E REMO - Fisio-shop<\/title>\n\n","aioseo_head_json":{"title":"BH PRESS VERTICAL E REMO - Fisio-shop","description":"M\u00e1quina de muscula\u00e7\u00e3o de fun\u00e7\u00e3o \u00fanica e dupla de resist\u00eancia hidr\u00e1ulica regul\u00e1vel especialmente concebida para classes colectivas em circuito.","canonical_url":"https:\/\/fisio-shop.pt\/?product=bh-press-vertical-e-remo-2","robots":"max-image-preview:large","keywords":"","webmasterTools":{"miscellaneous":""},"schema":{"@context":"https:\/\/schema.org","@graph":[{"@type":"BreadcrumbList","@id":"https:\/\/fisio-shop.pt\/?product=bh-press-vertical-e-remo-2#breadcrumblist","itemListElement":[{"@type":"ListItem","@id":"https:\/\/fisio-shop.pt#listItem","position":1,"name":"Home","item":"https:\/\/fisio-shop.pt","nextItem":{"@type":"ListItem","@id":"https:\/\/fisio-shop.pt\/?page_id=5#listItem","name":"Loja"}},{"@type":"ListItem","@id":"https:\/\/fisio-shop.pt\/?page_id=5#listItem","position":2,"name":"Loja","item":"https:\/\/fisio-shop.pt\/?page_id=5","nextItem":{"@type":"ListItem","@id":"https:\/\/fisio-shop.pt\/?product_cat=fitness-e-desporto#listItem","name":"Fitness e desporto"},"previousItem":{"@type":"ListItem","@id":"https:\/\/fisio-shop.pt#listItem","name":"Home"}},{"@type":"ListItem","@id":"https:\/\/fisio-shop.pt\/?product_cat=fitness-e-desporto#listItem","position":3,"name":"Fitness e desporto","item":"https:\/\/fisio-shop.pt\/?product_cat=fitness-e-desporto","nextItem":{"@type":"ListItem","@id":"https:\/\/fisio-shop.pt\/?product_cat=equipamento-profissional#listItem","name":"Equipamento Profissional"},"previousItem":{"@type":"ListItem","@id":"https:\/\/fisio-shop.pt\/?page_id=5#listItem","name":"Loja"}},{"@type":"ListItem","@id":"https:\/\/fisio-shop.pt\/?product_cat=equipamento-profissional#listItem","position":4,"name":"Equipamento Profissional","item":"https:\/\/fisio-shop.pt\/?product_cat=equipamento-profissional","nextItem":{"@type":"ListItem","@id":"https:\/\/fisio-shop.pt\/?product_cat=equipamento-treino-em-circuito#listItem","name":"Equipamento treino em circuito"},"previousItem":{"@type":"ListItem","@id":"https:\/\/fisio-shop.pt\/?product_cat=fitness-e-desporto#listItem","name":"Fitness e desporto"}},{"@type":"ListItem","@id":"https:\/\/fisio-shop.pt\/?product_cat=equipamento-treino-em-circuito#listItem","position":5,"name":"Equipamento treino em circuito","item":"https:\/\/fisio-shop.pt\/?product_cat=equipamento-treino-em-circuito","nextItem":{"@type":"ListItem","@id":"https:\/\/fisio-shop.pt\/?product_cat=membros-superiores-equipamento-profissional#listItem","name":"Membros superiores"},"previousItem":{"@type":"ListItem","@id":"https:\/\/fisio-shop.pt\/?product_cat=equipamento-profissional#listItem","name":"Equipamento Profissional"}},{"@type":"ListItem","@id":"https:\/\/fisio-shop.pt\/?product_cat=membros-superiores-equipamento-profissional#listItem","position":6,"name":"Membros superiores","item":"https:\/\/fisio-shop.pt\/?product_cat=membros-superiores-equipamento-profissional","nextItem":{"@type":"ListItem","@id":"https:\/\/fisio-shop.pt\/?product=bh-press-vertical-e-remo-2#listItem","name":"BH PRESS VERTICAL E REMO"},"previousItem":{"@type":"ListItem","@id":"https:\/\/fisio-shop.pt\/?product_cat=equipamento-treino-em-circuito#listItem","name":"Equipamento treino em circuito"}},{"@type":"ListItem","@id":"https:\/\/fisio-shop.pt\/?product=bh-press-vertical-e-remo-2#listItem","position":7,"name":"BH PRESS VERTICAL E REMO","previousItem":{"@type":"ListItem","@id":"https:\/\/fisio-shop.pt\/?product_cat=membros-superiores-equipamento-profissional#listItem","name":"Membros superiores"}}]},{"@type":"Organization","@id":"https:\/\/fisio-shop.pt\/#organization","name":"Fisio-shop","description":"Empresa especializada na distribui\u00e7\u00e3o de equipamentos profissionais para os mercados da Fisioterapia, Geriatria, Fitness e Medicina Desportiva. Empresa especializada na distribui\u00e7\u00e3o de equipamentos profissionais para os mercados da Fisioterapia, Geriatria, Fitness e Medicina Desportiva.","url":"https:\/\/fisio-shop.pt\/","logo":{"@type":"ImageObject","url":"https:\/\/fisio-shop.pt\/wp-content\/uploads\/2026\/04\/android-chrome-192x192-1.png","@id":"https:\/\/fisio-shop.pt\/?product=bh-press-vertical-e-remo-2\/#organizationLogo"},"image":{"@id":"https:\/\/fisio-shop.pt\/?product=bh-press-vertical-e-remo-2\/#organizationLogo"},"sameAs":["https:\/\/www.facebook.com\/p\/Fisioshop-Comrcio-de-Equipamentos-Lda-100036934916130\/"]},{"@type":"Product","@id":"https:\/\/fisio-shop.pt\/?product=bh-press-vertical-e-remo-2#wooCommerceProduct","name":"BH PRESS VERTICAL E REMO","description":"M\u00e1quina de muscula\u00e7\u00e3o de fun\u00e7\u00e3o \u00fanica e dupla de resist\u00eancia hidr\u00e1ulica regul\u00e1vel especialmente concebida para classes colectivas em circuito.","url":"https:\/\/fisio-shop.pt\/?product=bh-press-vertical-e-remo-2","sku":"XT1070","image":{"@type":"ImageObject","url":"https:\/\/fisio-shop.pt\/wp-content\/uploads\/2026\/02\/MUSCULACAO-HIDRAULICA-XT-1070-1.jpg","@id":"https:\/\/fisio-shop.pt\/?product=bh-press-vertical-e-remo-2\/#productImage","width":750,"height":750},"offers":{"@type":"Offer","url":"https:\/\/fisio-shop.pt\/?product=bh-press-vertical-e-remo-2#wooCommerceOffer","price":0,"priceCurrency":"EUR","category":"Fitness e desporto","availability":"https:\/\/schema.org\/InStock","seller":{"@type":"Organization","@id":"https:\/\/fisio-shop.pt\/#organization"}}},{"@type":"WebPage","@id":"https:\/\/fisio-shop.pt\/?product=bh-press-vertical-e-remo-2#webpage","url":"https:\/\/fisio-shop.pt\/?product=bh-press-vertical-e-remo-2","name":"BH PRESS VERTICAL E REMO - Fisio-shop","description":"M\u00e1quina de muscula\u00e7\u00e3o de fun\u00e7\u00e3o \u00fanica e dupla de resist\u00eancia hidr\u00e1ulica regul\u00e1vel especialmente concebida para classes colectivas em circuito.","inLanguage":"pt-PT","isPartOf":{"@id":"https:\/\/fisio-shop.pt\/#website"},"breadcrumb":{"@id":"https:\/\/fisio-shop.pt\/?product=bh-press-vertical-e-remo-2#breadcrumblist"},"image":{"@type":"ImageObject","url":"https:\/\/fisio-shop.pt\/wp-content\/uploads\/2026\/02\/MUSCULACAO-HIDRAULICA-XT-1070-1.jpg","@id":"https:\/\/fisio-shop.pt\/?product=bh-press-vertical-e-remo-2\/#mainImage","width":750,"height":750},"primaryImageOfPage":{"@id":"https:\/\/fisio-shop.pt\/?product=bh-press-vertical-e-remo-2#mainImage"},"datePublished":"2017-06-20T17:30:38+00:00","dateModified":"2026-02-25T19:56:57+00:00"},{"@type":"WebSite","@id":"https:\/\/fisio-shop.pt\/#website","url":"https:\/\/fisio-shop.pt\/","name":"Fisio-shop","description":"Empresa especializada na distribui\u00e7\u00e3o de equipamentos profissionais para os mercados da Fisioterapia, Geriatria, Fitness e Medicina Desportiva.","inLanguage":"pt-PT","publisher":{"@id":"https:\/\/fisio-shop.pt\/#organization"}}]},"og:locale":"pt_PT","og:site_name":"Fisio-shop - Empresa especializada na distribui\u00e7\u00e3o de equipamentos profissionais para os mercados da Fisioterapia, Geriatria, Fitness e Medicina Desportiva.","og:type":"article","og:title":"BH PRESS VERTICAL E REMO - Fisio-shop","og:description":"M\u00e1quina de muscula\u00e7\u00e3o de fun\u00e7\u00e3o \u00fanica e dupla de resist\u00eancia hidr\u00e1ulica regul\u00e1vel especialmente concebida para classes colectivas em circuito.","og:url":"https:\/\/fisio-shop.pt\/?product=bh-press-vertical-e-remo-2","og:image":"https:\/\/fisio-shop.pt\/wp-content\/uploads\/2026\/04\/android-chrome-192x192-1.png","og:image:secure_url":"https:\/\/fisio-shop.pt\/wp-content\/uploads\/2026\/04\/android-chrome-192x192-1.png","article:published_time":"2017-06-20T17:30:38+00:00","article:modified_time":"2026-02-25T19:56:57+00:00","article:publisher":"https:\/\/www.facebook.com\/p\/Fisioshop-Comrcio-de-Equipamentos-Lda-100036934916130\/","twitter:card":"summary_large_image","twitter:title":"BH PRESS VERTICAL E REMO - Fisio-shop","twitter:description":"M\u00e1quina de muscula\u00e7\u00e3o de fun\u00e7\u00e3o \u00fanica e dupla de resist\u00eancia hidr\u00e1ulica regul\u00e1vel especialmente concebida para classes colectivas em circuito.","twitter:image":"https:\/\/fisio-shop.pt\/wp-content\/uploads\/2026\/04\/android-chrome-192x192-1.png"},"aioseo_meta_data":{"post_id":"8935","title":null,"description":null,"keywords":null,"keyphrases":null,"primary_term":null,"canonical_url":null,"og_title":null,"og_description":null,"og_object_type":"default","og_image_type":"default","og_image_url":null,"og_image_width":null,"og_image_height":null,"og_image_custom_url":null,"og_image_custom_fields":null,"og_video":null,"og_custom_url":null,"og_article_section":null,"og_article_tags":null,"twitter_use_og":false,"twitter_card":"default","twitter_image_type":"default","twitter_image_url":null,"twitter_image_custom_url":null,"twitter_image_custom_fields":null,"twitter_title":null,"twitter_description":null,"schema":{"blockGraphs":[],"customGraphs":[],"default":{"data":{"Article":[],"Course":[],"Dataset":[],"FAQPage":[],"Movie":[],"Person":[],"Product":[],"ProductReview":[],"Car":[],"Recipe":[],"Service":[],"SoftwareApplication":[],"WebPage":[]},"graphName":"","isEnabled":true},"graphs":[]},"schema_type":"default","schema_type_options":null,"pillar_content":false,"robots_default":true,"robots_noindex":false,"robots_noarchive":false,"robots_nosnippet":false,"robots_nofollow":false,"robots_noimageindex":false,"robots_noodp":false,"robots_notranslate":false,"robots_max_snippet":null,"robots_max_videopreview":null,"robots_max_imagepreview":"large","priority":null,"frequency":null,"local_seo":null,"seo_analyzer_scan_date":"2026-04-18 10:30:08","breadcrumb_settings":null,"limit_modified_date":false,"open_ai":null,"ai":null,"created":"2026-04-18 07:02:19","updated":"2026-04-18 21:47:05"},"aioseo_breadcrumb":"<div class=\"aioseo-breadcrumbs\"><span class=\"aioseo-breadcrumb\">\n\t<a href=\"https:\/\/fisio-shop.pt\" title=\"Home\">Home<\/a>\n<\/span><span class=\"aioseo-breadcrumb-separator\">\u00bb<\/span><span class=\"aioseo-breadcrumb\">\n\t<a href=\"https:\/\/fisio-shop.pt\/?page_id=5\" title=\"Loja\">Loja<\/a>\n<\/span><span class=\"aioseo-breadcrumb-separator\">\u00bb<\/span><span class=\"aioseo-breadcrumb\">\n\t<a href=\"https:\/\/fisio-shop.pt\/?product_cat=fitness-e-desporto\" title=\"Fitness e desporto\">Fitness e desporto<\/a>\n<\/span><span class=\"aioseo-breadcrumb-separator\">\u00bb<\/span><span class=\"aioseo-breadcrumb\">\n\t<a href=\"https:\/\/fisio-shop.pt\/?product_cat=equipamento-profissional\" title=\"Equipamento Profissional\">Equipamento Profissional<\/a>\n<\/span><span class=\"aioseo-breadcrumb-separator\">\u00bb<\/span><span class=\"aioseo-breadcrumb\">\n\t<a href=\"https:\/\/fisio-shop.pt\/?product_cat=equipamento-treino-em-circuito\" title=\"Equipamento treino em circuito\">Equipamento treino em circuito<\/a>\n<\/span><span class=\"aioseo-breadcrumb-separator\">\u00bb<\/span><span class=\"aioseo-breadcrumb\">\n\t<a href=\"https:\/\/fisio-shop.pt\/?product_cat=membros-superiores-equipamento-profissional\" title=\"Membros superiores\">Membros superiores<\/a>\n<\/span><span class=\"aioseo-breadcrumb-separator\">\u00bb<\/span><span class=\"aioseo-breadcrumb\">\n\tBH PRESS VERTICAL E REMO\n<\/span><\/div>","aioseo_breadcrumb_json":[{"label":"Home","link":"https:\/\/fisio-shop.pt"},{"label":"Loja","link":"https:\/\/fisio-shop.pt\/?page_id=5"},{"label":"Fitness e desporto","link":"https:\/\/fisio-shop.pt\/?product_cat=fitness-e-desporto"},{"label":"Equipamento Profissional","link":"https:\/\/fisio-shop.pt\/?product_cat=equipamento-profissional"},{"label":"Equipamento treino em circuito","link":"https:\/\/fisio-shop.pt\/?product_cat=equipamento-treino-em-circuito"},{"label":"Membros superiores","link":"https:\/\/fisio-shop.pt\/?product_cat=membros-superiores-equipamento-profissional"},{"label":"BH PRESS VERTICAL E REMO","link":"https:\/\/fisio-shop.pt\/?product=bh-press-vertical-e-remo-2"}],"_links":{"self":[{"href":"https:\/\/fisio-shop.pt\/index.php?rest_route=\/wp\/v2\/product\/8935","targetHints":{"allow":["GET"]}}],"collection":[{"href":"https:\/\/fisio-shop.pt\/index.php?rest_route=\/wp\/v2\/product"}],"about":[{"href":"https:\/\/fisio-shop.pt\/index.php?rest_route=\/wp\/v2\/types\/product"}],"replies":[{"embeddable":true,"href":"https:\/\/fisio-shop.pt\/index.php?rest_route=%2Fwp%2Fv2%2Fcomments&post=8935"}],"version-history":[{"count":0,"href":"https:\/\/fisio-shop.pt\/index.php?rest_route=\/wp\/v2\/product\/8935\/revisions"}],"wp:featuredmedia":[{"embeddable":true,"href":"https:\/\/fisio-shop.pt\/index.php?rest_route=\/wp\/v2\/media\/11265"}],"wp:attachment":[{"href":"https:\/\/fisio-shop.pt\/index.php?rest_route=%2Fwp%2Fv2%2Fmedia&parent=8935"}],"wp:term":[{"taxonomy":"product_brand","embeddable":true,"href":"https:\/\/fisio-shop.pt\/index.php?rest_route=%2Fwp%2Fv2%2Fproduct_brand&post=8935"},{"taxonomy":"product_cat","embeddable":true,"href":"https:\/\/fisio-shop.pt\/index.php?rest_route=%2Fwp%2Fv2%2Fproduct_cat&post=8935"},{"taxonomy":"product_tag","embeddable":true,"href":"https:\/\/fisio-shop.pt\/index.php?rest_route=%2Fwp%2Fv2%2Fproduct_tag&post=8935"}],"curies":[{"name":"wp","href":"https:\/\/api.w.org\/{rel}","templated":true}]}}