{"id":9067,"date":"2017-06-26T17:22:47","date_gmt":"2017-06-26T17:22:47","guid":{"rendered":"https:\/\/fisio-shop.pt\/loja\/oftalmoscopio-f-o-sigma\/"},"modified":"2026-02-25T19:57:46","modified_gmt":"2026-02-25T19:57:46","slug":"oftalmoscopio-f-o-sigma","status":"publish","type":"product","link":"https:\/\/fisio-shop.pt\/?product=oftalmoscopio-f-o-sigma","title":{"rendered":"OFTALMOSC\u00d3PIO DE BOLSO"},"content":{"rendered":"<ul>\n<li>Oftalmosc\u00f3pio de alta qualidade;<\/li>\n<li>5 aberturas diferentes para quase todos os exames oftalmol\u00f3gicos;<\/li>\n<li>Instrumento de diagn\u00f3stico de bolso de alta qualidade, concebido para uso profissional;<\/li>\n<li>Leve e resistente;<\/li>\n<li>Fornecido em caixa de pl\u00e1stico r\u00edgido;<\/li>\n<li>Luz hal\u00f3gena super brilhante.<\/li>\n<\/ul>\n<p><strong>5 aberturas diferentes:<\/strong><\/p>\n<ul>\n<li>Ponto grande para fundoscopia normal;<\/li>\n<li>Ponto pequeno: para reflex\u00e3o reduzida com pupilas pequenas;<\/li>\n<li>Semic\u00edrculo: para reflex\u00e3o reduzida com pupilas pequenas;<\/li>\n<li>Estrela de fixa\u00e7\u00e3o: para a determina\u00e7\u00e3o de fixa\u00e7\u00e3o central ou exc\u00eantrico;<\/li>\n<li>Adequado para examinar crian\u00e7as;<\/li>\n<li>Filtro livre vermelho, para realce ao avaliar dist\u00farbios vasculares;<\/li>\n<li>Gama de lentes de -20D a +20D;<\/li>\n<li>Ref: 31527.<\/li>\n<\/ul>\n<p>&nbsp;<\/p>\n","protected":false},"excerpt":{"rendered":"<p>Oftalmosc\u00f3pio, de bolso leve, resistente, de alta qualidade, concebido para uso profissional.<\/p>\n","protected":false},"featured_media":11388,"comment_status":"open","ping_status":"closed","template":"","meta":{"rs_blank_template":"","rs_page_bg_color":"","slide_template_v7":""},"product_brand":[],"product_cat":[1465,1468,1556,1557,1560,1795,1397,1812,1398,1400,1460,1461],"product_tag":[513,514,515,516],"class_list":{"0":"post-9067","1":"product","2":"type-product","3":"status-publish","4":"has-post-thumbnail","6":"product_cat-instrumentos-de-diganostico","7":"product_cat-avaliacao","8":"product_cat-gabinete-medico-e-de-enfermagem","9":"product_cat-analise-avaliacao-e-diagnostico-gabinete-medico-e-de-enfermagem","10":"product_cat-instrumentos-de-diagnostico","11":"product_cat-aparatologia-de-avaliacao-e-monotorizacao","12":"product_cat-saude","13":"product_cat-fisiologia-do-exercicio","14":"product_cat-geriatria","15":"product_cat-medicina-fisica-e-desportiva","16":"product_cat-equipamento-clinico-hospitalar-e-de-enfermagem","17":"product_cat-analise-avaliacao-e-diagnostico","18":"product_tag-diagnostico","19":"product_tag-exame-oftalmologico","20":"product_tag-oftalmoscopio","21":"product_tag-oftalmoscopio-de-bolso","23":"first","24":"instock","25":"shipping-taxable","26":"purchasable","27":"product-type-simple"},"aioseo_notices":[],"etheme_brands":{"errors":{"invalid_taxonomy":["Taxonomia inv\u00e1lida."]},"error_data":[]},"aioseo_head":"\n\t\t<!-- All in One SEO Pro 4.9.0 - aioseo.com -->\n\t<meta name=\"description\" content=\"Oftalmosc\u00f3pio, de bolso leve, resistente, de alta qualidade, concebido para uso profissional.\" \/>\n\t<meta name=\"robots\" content=\"max-image-preview:large\" \/>\n\t<link rel=\"canonical\" href=\"https:\/\/fisio-shop.pt\/?product=oftalmoscopio-f-o-sigma\" \/>\n\t<meta name=\"generator\" content=\"All in One SEO Pro (AIOSEO) 4.9.0\" \/>\n\t\t<meta property=\"og:locale\" content=\"pt_PT\" \/>\n\t\t<meta property=\"og:site_name\" content=\"Fisio-shop - Empresa especializada na distribui\u00e7\u00e3o de equipamentos profissionais para os mercados da Fisioterapia, Geriatria, Fitness e Medicina Desportiva.\" \/>\n\t\t<meta property=\"og:type\" content=\"article\" \/>\n\t\t<meta property=\"og:title\" content=\"OFTALMOSC\u00d3PIO DE BOLSO - Fisio-shop\" \/>\n\t\t<meta property=\"og:description\" content=\"Oftalmosc\u00f3pio, de bolso leve, resistente, de alta qualidade, concebido para uso profissional.\" \/>\n\t\t<meta property=\"og:url\" content=\"https:\/\/fisio-shop.pt\/?product=oftalmoscopio-f-o-sigma\" \/>\n\t\t<meta property=\"og:image\" content=\"https:\/\/fisio-shop.pt\/wp-content\/uploads\/2026\/04\/android-chrome-192x192-1.png\" \/>\n\t\t<meta property=\"og:image:secure_url\" content=\"https:\/\/fisio-shop.pt\/wp-content\/uploads\/2026\/04\/android-chrome-192x192-1.png\" \/>\n\t\t<meta property=\"article:published_time\" content=\"2017-06-26T17:22:47+00:00\" \/>\n\t\t<meta property=\"article:modified_time\" content=\"2026-02-25T19:57:46+00:00\" \/>\n\t\t<meta property=\"article:publisher\" content=\"https:\/\/www.facebook.com\/p\/Fisioshop-Comrcio-de-Equipamentos-Lda-100036934916130\/\" \/>\n\t\t<meta name=\"twitter:card\" content=\"summary_large_image\" \/>\n\t\t<meta name=\"twitter:title\" content=\"OFTALMOSC\u00d3PIO DE BOLSO - Fisio-shop\" \/>\n\t\t<meta name=\"twitter:description\" content=\"Oftalmosc\u00f3pio, de bolso leve, resistente, de alta qualidade, concebido para uso profissional.\" \/>\n\t\t<meta name=\"twitter:image\" content=\"https:\/\/fisio-shop.pt\/wp-content\/uploads\/2026\/04\/android-chrome-192x192-1.png\" \/>\n\t\t<script type=\"application\/ld+json\" class=\"aioseo-schema\">\n\t\t\t{\"@context\":\"https:\\\/\\\/schema.org\",\"@graph\":[{\"@type\":\"BreadcrumbList\",\"@id\":\"https:\\\/\\\/fisio-shop.pt\\\/?product=oftalmoscopio-f-o-sigma#breadcrumblist\",\"itemListElement\":[{\"@type\":\"ListItem\",\"@id\":\"https:\\\/\\\/fisio-shop.pt#listItem\",\"position\":1,\"name\":\"Home\",\"item\":\"https:\\\/\\\/fisio-shop.pt\",\"nextItem\":{\"@type\":\"ListItem\",\"@id\":\"https:\\\/\\\/fisio-shop.pt\\\/?page_id=5#listItem\",\"name\":\"Loja\"}},{\"@type\":\"ListItem\",\"@id\":\"https:\\\/\\\/fisio-shop.pt\\\/?page_id=5#listItem\",\"position\":2,\"name\":\"Loja\",\"item\":\"https:\\\/\\\/fisio-shop.pt\\\/?page_id=5\",\"nextItem\":{\"@type\":\"ListItem\",\"@id\":\"https:\\\/\\\/fisio-shop.pt\\\/?product_cat=saude#listItem\",\"name\":\"Sa\\u00fade\"},\"previousItem\":{\"@type\":\"ListItem\",\"@id\":\"https:\\\/\\\/fisio-shop.pt#listItem\",\"name\":\"Home\"}},{\"@type\":\"ListItem\",\"@id\":\"https:\\\/\\\/fisio-shop.pt\\\/?product_cat=saude#listItem\",\"position\":3,\"name\":\"Sa\\u00fade\",\"item\":\"https:\\\/\\\/fisio-shop.pt\\\/?product_cat=saude\",\"nextItem\":{\"@type\":\"ListItem\",\"@id\":\"https:\\\/\\\/fisio-shop.pt\\\/?product_cat=equipamento-clinico-hospitalar-e-de-enfermagem#listItem\",\"name\":\"Equipamento cl\\u00ednico, hospitalar e de enfermagem\"},\"previousItem\":{\"@type\":\"ListItem\",\"@id\":\"https:\\\/\\\/fisio-shop.pt\\\/?page_id=5#listItem\",\"name\":\"Loja\"}},{\"@type\":\"ListItem\",\"@id\":\"https:\\\/\\\/fisio-shop.pt\\\/?product_cat=equipamento-clinico-hospitalar-e-de-enfermagem#listItem\",\"position\":4,\"name\":\"Equipamento cl\\u00ednico, hospitalar e de enfermagem\",\"item\":\"https:\\\/\\\/fisio-shop.pt\\\/?product_cat=equipamento-clinico-hospitalar-e-de-enfermagem\",\"nextItem\":{\"@type\":\"ListItem\",\"@id\":\"https:\\\/\\\/fisio-shop.pt\\\/?product_cat=analise-avaliacao-e-diagnostico#listItem\",\"name\":\"An\\u00e1lise, avalia\\u00e7\\u00e3o e diagn\\u00f3stico\"},\"previousItem\":{\"@type\":\"ListItem\",\"@id\":\"https:\\\/\\\/fisio-shop.pt\\\/?product_cat=saude#listItem\",\"name\":\"Sa\\u00fade\"}},{\"@type\":\"ListItem\",\"@id\":\"https:\\\/\\\/fisio-shop.pt\\\/?product_cat=analise-avaliacao-e-diagnostico#listItem\",\"position\":5,\"name\":\"An\\u00e1lise, avalia\\u00e7\\u00e3o e diagn\\u00f3stico\",\"item\":\"https:\\\/\\\/fisio-shop.pt\\\/?product_cat=analise-avaliacao-e-diagnostico\",\"nextItem\":{\"@type\":\"ListItem\",\"@id\":\"https:\\\/\\\/fisio-shop.pt\\\/?product_cat=instrumentos-de-diganostico#listItem\",\"name\":\"Instrumentos de diagn\\u00f3stico\"},\"previousItem\":{\"@type\":\"ListItem\",\"@id\":\"https:\\\/\\\/fisio-shop.pt\\\/?product_cat=equipamento-clinico-hospitalar-e-de-enfermagem#listItem\",\"name\":\"Equipamento cl\\u00ednico, hospitalar e de enfermagem\"}},{\"@type\":\"ListItem\",\"@id\":\"https:\\\/\\\/fisio-shop.pt\\\/?product_cat=instrumentos-de-diganostico#listItem\",\"position\":6,\"name\":\"Instrumentos de diagn\\u00f3stico\",\"item\":\"https:\\\/\\\/fisio-shop.pt\\\/?product_cat=instrumentos-de-diganostico\",\"nextItem\":{\"@type\":\"ListItem\",\"@id\":\"https:\\\/\\\/fisio-shop.pt\\\/?product=oftalmoscopio-f-o-sigma#listItem\",\"name\":\"OFTALMOSC\\u00d3PIO DE BOLSO\"},\"previousItem\":{\"@type\":\"ListItem\",\"@id\":\"https:\\\/\\\/fisio-shop.pt\\\/?product_cat=analise-avaliacao-e-diagnostico#listItem\",\"name\":\"An\\u00e1lise, avalia\\u00e7\\u00e3o e diagn\\u00f3stico\"}},{\"@type\":\"ListItem\",\"@id\":\"https:\\\/\\\/fisio-shop.pt\\\/?product=oftalmoscopio-f-o-sigma#listItem\",\"position\":7,\"name\":\"OFTALMOSC\\u00d3PIO DE BOLSO\",\"previousItem\":{\"@type\":\"ListItem\",\"@id\":\"https:\\\/\\\/fisio-shop.pt\\\/?product_cat=instrumentos-de-diganostico#listItem\",\"name\":\"Instrumentos de diagn\\u00f3stico\"}}]},{\"@type\":\"Organization\",\"@id\":\"https:\\\/\\\/fisio-shop.pt\\\/#organization\",\"name\":\"Fisio-shop\",\"description\":\"Empresa especializada na distribui\\u00e7\\u00e3o de equipamentos profissionais para os mercados da Fisioterapia, Geriatria, Fitness e Medicina Desportiva. Empresa especializada na distribui\\u00e7\\u00e3o de equipamentos profissionais para os mercados da Fisioterapia, Geriatria, Fitness e Medicina Desportiva.\",\"url\":\"https:\\\/\\\/fisio-shop.pt\\\/\",\"logo\":{\"@type\":\"ImageObject\",\"url\":\"https:\\\/\\\/fisio-shop.pt\\\/wp-content\\\/uploads\\\/2026\\\/04\\\/android-chrome-192x192-1.png\",\"@id\":\"https:\\\/\\\/fisio-shop.pt\\\/?product=oftalmoscopio-f-o-sigma\\\/#organizationLogo\"},\"image\":{\"@id\":\"https:\\\/\\\/fisio-shop.pt\\\/?product=oftalmoscopio-f-o-sigma\\\/#organizationLogo\"},\"sameAs\":[\"https:\\\/\\\/www.facebook.com\\\/p\\\/Fisioshop-Comrcio-de-Equipamentos-Lda-100036934916130\\\/\"]},{\"@type\":\"Product\",\"@id\":\"https:\\\/\\\/fisio-shop.pt\\\/?product=oftalmoscopio-f-o-sigma#wooCommerceProduct\",\"name\":\"OFTALMOSC\\u00d3PIO DE BOLSO\",\"description\":\"Oftalmosc\\u00f3pio, de bolso leve, resistente, de alta qualidade, concebido para uso profissional.\",\"url\":\"https:\\\/\\\/fisio-shop.pt\\\/?product=oftalmoscopio-f-o-sigma\",\"sku\":\"31527\",\"image\":{\"@type\":\"ImageObject\",\"url\":\"https:\\\/\\\/fisio-shop.pt\\\/wp-content\\\/uploads\\\/2026\\\/02\\\/OFTALMOSCOPIO-F.O.-SIGMA-1.jpg\",\"@id\":\"https:\\\/\\\/fisio-shop.pt\\\/?product=oftalmoscopio-f-o-sigma\\\/#productImage\",\"width\":473,\"height\":1948},\"offers\":{\"@type\":\"Offer\",\"url\":\"https:\\\/\\\/fisio-shop.pt\\\/?product=oftalmoscopio-f-o-sigma#wooCommerceOffer\",\"price\":142.35,\"priceCurrency\":\"EUR\",\"category\":\"Sa\\u00fade\",\"availability\":\"https:\\\/\\\/schema.org\\\/InStock\",\"priceSpecification\":{\"@type\":\"PriceSpecification\",\"price\":142.35,\"priceCurrency\":\"EUR\",\"valueAddedTaxIncluded\":\"true\"},\"seller\":{\"@type\":\"Organization\",\"@id\":\"https:\\\/\\\/fisio-shop.pt\\\/#organization\"}}},{\"@type\":\"WebPage\",\"@id\":\"https:\\\/\\\/fisio-shop.pt\\\/?product=oftalmoscopio-f-o-sigma#webpage\",\"url\":\"https:\\\/\\\/fisio-shop.pt\\\/?product=oftalmoscopio-f-o-sigma\",\"name\":\"OFTALMOSC\\u00d3PIO DE BOLSO - Fisio-shop\",\"description\":\"Oftalmosc\\u00f3pio, de bolso leve, resistente, de alta qualidade, concebido para uso profissional.\",\"inLanguage\":\"pt-PT\",\"isPartOf\":{\"@id\":\"https:\\\/\\\/fisio-shop.pt\\\/#website\"},\"breadcrumb\":{\"@id\":\"https:\\\/\\\/fisio-shop.pt\\\/?product=oftalmoscopio-f-o-sigma#breadcrumblist\"},\"image\":{\"@type\":\"ImageObject\",\"url\":\"https:\\\/\\\/fisio-shop.pt\\\/wp-content\\\/uploads\\\/2026\\\/02\\\/OFTALMOSCOPIO-F.O.-SIGMA-1.jpg\",\"@id\":\"https:\\\/\\\/fisio-shop.pt\\\/?product=oftalmoscopio-f-o-sigma\\\/#mainImage\",\"width\":473,\"height\":1948},\"primaryImageOfPage\":{\"@id\":\"https:\\\/\\\/fisio-shop.pt\\\/?product=oftalmoscopio-f-o-sigma#mainImage\"},\"datePublished\":\"2017-06-26T17:22:47+00:00\",\"dateModified\":\"2026-02-25T19:57:46+00:00\"},{\"@type\":\"WebSite\",\"@id\":\"https:\\\/\\\/fisio-shop.pt\\\/#website\",\"url\":\"https:\\\/\\\/fisio-shop.pt\\\/\",\"name\":\"Fisio-shop\",\"description\":\"Empresa especializada na distribui\\u00e7\\u00e3o de equipamentos profissionais para os mercados da Fisioterapia, Geriatria, Fitness e Medicina Desportiva.\",\"inLanguage\":\"pt-PT\",\"publisher\":{\"@id\":\"https:\\\/\\\/fisio-shop.pt\\\/#organization\"}}]}\n\t\t<\/script>\n\t\t<!-- All in One SEO Pro -->\r\n\t\t<title>OFTALMOSC\u00d3PIO DE BOLSO - Fisio-shop<\/title>\n\n","aioseo_head_json":{"title":"OFTALMOSC\u00d3PIO DE BOLSO - Fisio-shop","description":"Oftalmosc\u00f3pio, de bolso leve, resistente, de alta qualidade, concebido para uso profissional.","canonical_url":"https:\/\/fisio-shop.pt\/?product=oftalmoscopio-f-o-sigma","robots":"max-image-preview:large","keywords":"","webmasterTools":{"miscellaneous":""},"schema":{"@context":"https:\/\/schema.org","@graph":[{"@type":"BreadcrumbList","@id":"https:\/\/fisio-shop.pt\/?product=oftalmoscopio-f-o-sigma#breadcrumblist","itemListElement":[{"@type":"ListItem","@id":"https:\/\/fisio-shop.pt#listItem","position":1,"name":"Home","item":"https:\/\/fisio-shop.pt","nextItem":{"@type":"ListItem","@id":"https:\/\/fisio-shop.pt\/?page_id=5#listItem","name":"Loja"}},{"@type":"ListItem","@id":"https:\/\/fisio-shop.pt\/?page_id=5#listItem","position":2,"name":"Loja","item":"https:\/\/fisio-shop.pt\/?page_id=5","nextItem":{"@type":"ListItem","@id":"https:\/\/fisio-shop.pt\/?product_cat=saude#listItem","name":"Sa\u00fade"},"previousItem":{"@type":"ListItem","@id":"https:\/\/fisio-shop.pt#listItem","name":"Home"}},{"@type":"ListItem","@id":"https:\/\/fisio-shop.pt\/?product_cat=saude#listItem","position":3,"name":"Sa\u00fade","item":"https:\/\/fisio-shop.pt\/?product_cat=saude","nextItem":{"@type":"ListItem","@id":"https:\/\/fisio-shop.pt\/?product_cat=equipamento-clinico-hospitalar-e-de-enfermagem#listItem","name":"Equipamento cl\u00ednico, hospitalar e de enfermagem"},"previousItem":{"@type":"ListItem","@id":"https:\/\/fisio-shop.pt\/?page_id=5#listItem","name":"Loja"}},{"@type":"ListItem","@id":"https:\/\/fisio-shop.pt\/?product_cat=equipamento-clinico-hospitalar-e-de-enfermagem#listItem","position":4,"name":"Equipamento cl\u00ednico, hospitalar e de enfermagem","item":"https:\/\/fisio-shop.pt\/?product_cat=equipamento-clinico-hospitalar-e-de-enfermagem","nextItem":{"@type":"ListItem","@id":"https:\/\/fisio-shop.pt\/?product_cat=analise-avaliacao-e-diagnostico#listItem","name":"An\u00e1lise, avalia\u00e7\u00e3o e diagn\u00f3stico"},"previousItem":{"@type":"ListItem","@id":"https:\/\/fisio-shop.pt\/?product_cat=saude#listItem","name":"Sa\u00fade"}},{"@type":"ListItem","@id":"https:\/\/fisio-shop.pt\/?product_cat=analise-avaliacao-e-diagnostico#listItem","position":5,"name":"An\u00e1lise, avalia\u00e7\u00e3o e diagn\u00f3stico","item":"https:\/\/fisio-shop.pt\/?product_cat=analise-avaliacao-e-diagnostico","nextItem":{"@type":"ListItem","@id":"https:\/\/fisio-shop.pt\/?product_cat=instrumentos-de-diganostico#listItem","name":"Instrumentos de diagn\u00f3stico"},"previousItem":{"@type":"ListItem","@id":"https:\/\/fisio-shop.pt\/?product_cat=equipamento-clinico-hospitalar-e-de-enfermagem#listItem","name":"Equipamento cl\u00ednico, hospitalar e de enfermagem"}},{"@type":"ListItem","@id":"https:\/\/fisio-shop.pt\/?product_cat=instrumentos-de-diganostico#listItem","position":6,"name":"Instrumentos de diagn\u00f3stico","item":"https:\/\/fisio-shop.pt\/?product_cat=instrumentos-de-diganostico","nextItem":{"@type":"ListItem","@id":"https:\/\/fisio-shop.pt\/?product=oftalmoscopio-f-o-sigma#listItem","name":"OFTALMOSC\u00d3PIO DE BOLSO"},"previousItem":{"@type":"ListItem","@id":"https:\/\/fisio-shop.pt\/?product_cat=analise-avaliacao-e-diagnostico#listItem","name":"An\u00e1lise, avalia\u00e7\u00e3o e diagn\u00f3stico"}},{"@type":"ListItem","@id":"https:\/\/fisio-shop.pt\/?product=oftalmoscopio-f-o-sigma#listItem","position":7,"name":"OFTALMOSC\u00d3PIO DE BOLSO","previousItem":{"@type":"ListItem","@id":"https:\/\/fisio-shop.pt\/?product_cat=instrumentos-de-diganostico#listItem","name":"Instrumentos de diagn\u00f3stico"}}]},{"@type":"Organization","@id":"https:\/\/fisio-shop.pt\/#organization","name":"Fisio-shop","description":"Empresa especializada na distribui\u00e7\u00e3o de equipamentos profissionais para os mercados da Fisioterapia, Geriatria, Fitness e Medicina Desportiva. Empresa especializada na distribui\u00e7\u00e3o de equipamentos profissionais para os mercados da Fisioterapia, Geriatria, Fitness e Medicina Desportiva.","url":"https:\/\/fisio-shop.pt\/","logo":{"@type":"ImageObject","url":"https:\/\/fisio-shop.pt\/wp-content\/uploads\/2026\/04\/android-chrome-192x192-1.png","@id":"https:\/\/fisio-shop.pt\/?product=oftalmoscopio-f-o-sigma\/#organizationLogo"},"image":{"@id":"https:\/\/fisio-shop.pt\/?product=oftalmoscopio-f-o-sigma\/#organizationLogo"},"sameAs":["https:\/\/www.facebook.com\/p\/Fisioshop-Comrcio-de-Equipamentos-Lda-100036934916130\/"]},{"@type":"Product","@id":"https:\/\/fisio-shop.pt\/?product=oftalmoscopio-f-o-sigma#wooCommerceProduct","name":"OFTALMOSC\u00d3PIO DE BOLSO","description":"Oftalmosc\u00f3pio, de bolso leve, resistente, de alta qualidade, concebido para uso profissional.","url":"https:\/\/fisio-shop.pt\/?product=oftalmoscopio-f-o-sigma","sku":"31527","image":{"@type":"ImageObject","url":"https:\/\/fisio-shop.pt\/wp-content\/uploads\/2026\/02\/OFTALMOSCOPIO-F.O.-SIGMA-1.jpg","@id":"https:\/\/fisio-shop.pt\/?product=oftalmoscopio-f-o-sigma\/#productImage","width":473,"height":1948},"offers":{"@type":"Offer","url":"https:\/\/fisio-shop.pt\/?product=oftalmoscopio-f-o-sigma#wooCommerceOffer","price":142.35,"priceCurrency":"EUR","category":"Sa\u00fade","availability":"https:\/\/schema.org\/InStock","priceSpecification":{"@type":"PriceSpecification","price":142.35,"priceCurrency":"EUR","valueAddedTaxIncluded":"true"},"seller":{"@type":"Organization","@id":"https:\/\/fisio-shop.pt\/#organization"}}},{"@type":"WebPage","@id":"https:\/\/fisio-shop.pt\/?product=oftalmoscopio-f-o-sigma#webpage","url":"https:\/\/fisio-shop.pt\/?product=oftalmoscopio-f-o-sigma","name":"OFTALMOSC\u00d3PIO DE BOLSO - Fisio-shop","description":"Oftalmosc\u00f3pio, de bolso leve, resistente, de alta qualidade, concebido para uso profissional.","inLanguage":"pt-PT","isPartOf":{"@id":"https:\/\/fisio-shop.pt\/#website"},"breadcrumb":{"@id":"https:\/\/fisio-shop.pt\/?product=oftalmoscopio-f-o-sigma#breadcrumblist"},"image":{"@type":"ImageObject","url":"https:\/\/fisio-shop.pt\/wp-content\/uploads\/2026\/02\/OFTALMOSCOPIO-F.O.-SIGMA-1.jpg","@id":"https:\/\/fisio-shop.pt\/?product=oftalmoscopio-f-o-sigma\/#mainImage","width":473,"height":1948},"primaryImageOfPage":{"@id":"https:\/\/fisio-shop.pt\/?product=oftalmoscopio-f-o-sigma#mainImage"},"datePublished":"2017-06-26T17:22:47+00:00","dateModified":"2026-02-25T19:57:46+00:00"},{"@type":"WebSite","@id":"https:\/\/fisio-shop.pt\/#website","url":"https:\/\/fisio-shop.pt\/","name":"Fisio-shop","description":"Empresa especializada na distribui\u00e7\u00e3o de equipamentos profissionais para os mercados da Fisioterapia, Geriatria, Fitness e Medicina Desportiva.","inLanguage":"pt-PT","publisher":{"@id":"https:\/\/fisio-shop.pt\/#organization"}}]},"og:locale":"pt_PT","og:site_name":"Fisio-shop - Empresa especializada na distribui\u00e7\u00e3o de equipamentos profissionais para os mercados da Fisioterapia, Geriatria, Fitness e Medicina Desportiva.","og:type":"article","og:title":"OFTALMOSC\u00d3PIO DE BOLSO - Fisio-shop","og:description":"Oftalmosc\u00f3pio, de bolso leve, resistente, de alta qualidade, concebido para uso profissional.","og:url":"https:\/\/fisio-shop.pt\/?product=oftalmoscopio-f-o-sigma","og:image":"https:\/\/fisio-shop.pt\/wp-content\/uploads\/2026\/04\/android-chrome-192x192-1.png","og:image:secure_url":"https:\/\/fisio-shop.pt\/wp-content\/uploads\/2026\/04\/android-chrome-192x192-1.png","article:published_time":"2017-06-26T17:22:47+00:00","article:modified_time":"2026-02-25T19:57:46+00:00","article:publisher":"https:\/\/www.facebook.com\/p\/Fisioshop-Comrcio-de-Equipamentos-Lda-100036934916130\/","twitter:card":"summary_large_image","twitter:title":"OFTALMOSC\u00d3PIO DE BOLSO - Fisio-shop","twitter:description":"Oftalmosc\u00f3pio, de bolso leve, resistente, de alta qualidade, concebido para uso profissional.","twitter:image":"https:\/\/fisio-shop.pt\/wp-content\/uploads\/2026\/04\/android-chrome-192x192-1.png"},"aioseo_meta_data":{"post_id":"9067","title":null,"description":null,"keywords":null,"keyphrases":null,"primary_term":null,"canonical_url":null,"og_title":null,"og_description":null,"og_object_type":"default","og_image_type":"default","og_image_url":null,"og_image_width":null,"og_image_height":null,"og_image_custom_url":null,"og_image_custom_fields":null,"og_video":null,"og_custom_url":null,"og_article_section":null,"og_article_tags":null,"twitter_use_og":false,"twitter_card":"default","twitter_image_type":"default","twitter_image_url":null,"twitter_image_custom_url":null,"twitter_image_custom_fields":null,"twitter_title":null,"twitter_description":null,"schema":{"blockGraphs":[],"customGraphs":[],"default":{"data":{"Article":[],"Course":[],"Dataset":[],"FAQPage":[],"Movie":[],"Person":[],"Product":[],"ProductReview":[],"Car":[],"Recipe":[],"Service":[],"SoftwareApplication":[],"WebPage":[]},"graphName":"","isEnabled":true},"graphs":[]},"schema_type":"default","schema_type_options":null,"pillar_content":false,"robots_default":true,"robots_noindex":false,"robots_noarchive":false,"robots_nosnippet":false,"robots_nofollow":false,"robots_noimageindex":false,"robots_noodp":false,"robots_notranslate":false,"robots_max_snippet":null,"robots_max_videopreview":null,"robots_max_imagepreview":"large","priority":null,"frequency":null,"local_seo":null,"seo_analyzer_scan_date":"2026-04-18 10:45:15","breadcrumb_settings":null,"limit_modified_date":false,"open_ai":null,"ai":null,"created":"2026-04-18 07:02:19","updated":"2026-04-18 21:52:27"},"aioseo_breadcrumb":"<div class=\"aioseo-breadcrumbs\"><span class=\"aioseo-breadcrumb\">\n\t<a href=\"https:\/\/fisio-shop.pt\" title=\"Home\">Home<\/a>\n<\/span><span class=\"aioseo-breadcrumb-separator\">\u00bb<\/span><span class=\"aioseo-breadcrumb\">\n\t<a href=\"https:\/\/fisio-shop.pt\/?page_id=5\" title=\"Loja\">Loja<\/a>\n<\/span><span class=\"aioseo-breadcrumb-separator\">\u00bb<\/span><span class=\"aioseo-breadcrumb\">\n\t<a href=\"https:\/\/fisio-shop.pt\/?product_cat=saude\" title=\"Sa\u00fade\">Sa\u00fade<\/a>\n<\/span><span class=\"aioseo-breadcrumb-separator\">\u00bb<\/span><span class=\"aioseo-breadcrumb\">\n\t<a href=\"https:\/\/fisio-shop.pt\/?product_cat=equipamento-clinico-hospitalar-e-de-enfermagem\" title=\"Equipamento cl\u00ednico, hospitalar e de enfermagem\">Equipamento cl\u00ednico, hospitalar e de enfermagem<\/a>\n<\/span><span class=\"aioseo-breadcrumb-separator\">\u00bb<\/span><span class=\"aioseo-breadcrumb\">\n\t<a href=\"https:\/\/fisio-shop.pt\/?product_cat=analise-avaliacao-e-diagnostico\" title=\"An\u00e1lise, avalia\u00e7\u00e3o e diagn\u00f3stico\">An\u00e1lise, avalia\u00e7\u00e3o e diagn\u00f3stico<\/a>\n<\/span><span class=\"aioseo-breadcrumb-separator\">\u00bb<\/span><span class=\"aioseo-breadcrumb\">\n\t<a href=\"https:\/\/fisio-shop.pt\/?product_cat=instrumentos-de-diganostico\" title=\"Instrumentos de diagn\u00f3stico\">Instrumentos de diagn\u00f3stico<\/a>\n<\/span><span class=\"aioseo-breadcrumb-separator\">\u00bb<\/span><span class=\"aioseo-breadcrumb\">\n\tOFTALMOSC\u00d3PIO DE BOLSO\n<\/span><\/div>","aioseo_breadcrumb_json":[{"label":"Home","link":"https:\/\/fisio-shop.pt"},{"label":"Loja","link":"https:\/\/fisio-shop.pt\/?page_id=5"},{"label":"Sa\u00fade","link":"https:\/\/fisio-shop.pt\/?product_cat=saude"},{"label":"Equipamento cl\u00ednico, hospitalar e de enfermagem","link":"https:\/\/fisio-shop.pt\/?product_cat=equipamento-clinico-hospitalar-e-de-enfermagem"},{"label":"An\u00e1lise, avalia\u00e7\u00e3o e diagn\u00f3stico","link":"https:\/\/fisio-shop.pt\/?product_cat=analise-avaliacao-e-diagnostico"},{"label":"Instrumentos de diagn\u00f3stico","link":"https:\/\/fisio-shop.pt\/?product_cat=instrumentos-de-diganostico"},{"label":"OFTALMOSC\u00d3PIO DE BOLSO","link":"https:\/\/fisio-shop.pt\/?product=oftalmoscopio-f-o-sigma"}],"_links":{"self":[{"href":"https:\/\/fisio-shop.pt\/index.php?rest_route=\/wp\/v2\/product\/9067","targetHints":{"allow":["GET"]}}],"collection":[{"href":"https:\/\/fisio-shop.pt\/index.php?rest_route=\/wp\/v2\/product"}],"about":[{"href":"https:\/\/fisio-shop.pt\/index.php?rest_route=\/wp\/v2\/types\/product"}],"replies":[{"embeddable":true,"href":"https:\/\/fisio-shop.pt\/index.php?rest_route=%2Fwp%2Fv2%2Fcomments&post=9067"}],"version-history":[{"count":0,"href":"https:\/\/fisio-shop.pt\/index.php?rest_route=\/wp\/v2\/product\/9067\/revisions"}],"wp:featuredmedia":[{"embeddable":true,"href":"https:\/\/fisio-shop.pt\/index.php?rest_route=\/wp\/v2\/media\/11388"}],"wp:attachment":[{"href":"https:\/\/fisio-shop.pt\/index.php?rest_route=%2Fwp%2Fv2%2Fmedia&parent=9067"}],"wp:term":[{"taxonomy":"product_brand","embeddable":true,"href":"https:\/\/fisio-shop.pt\/index.php?rest_route=%2Fwp%2Fv2%2Fproduct_brand&post=9067"},{"taxonomy":"product_cat","embeddable":true,"href":"https:\/\/fisio-shop.pt\/index.php?rest_route=%2Fwp%2Fv2%2Fproduct_cat&post=9067"},{"taxonomy":"product_tag","embeddable":true,"href":"https:\/\/fisio-shop.pt\/index.php?rest_route=%2Fwp%2Fv2%2Fproduct_tag&post=9067"}],"curies":[{"name":"wp","href":"https:\/\/api.w.org\/{rel}","templated":true}]}}