{"id":9077,"date":"2017-06-27T08:41:09","date_gmt":"2017-06-27T08:41:09","guid":{"rendered":"https:\/\/fisio-shop.pt\/loja\/negatoscopio-horizontal-de-3-corpos\/"},"modified":"2026-02-25T19:57:48","modified_gmt":"2026-02-25T19:57:48","slug":"negatoscopio-horizontal-de-3-corpos","status":"publish","type":"product","link":"https:\/\/fisio-shop.pt\/?product=negatoscopio-horizontal-de-3-corpos","title":{"rendered":"NEGATOSC\u00d3PIO HORIZONTAL TRIPLO"},"content":{"rendered":"<ul>\n<li>Negatosc\u00f3pio horizontal triplo com estrutura em chapa de a\u00e7o;<\/li>\n<li>Acabamento em pintura epoxy;<\/li>\n<li>Ecr\u00e3 em vidro acr\u00edlico opalino com retroilumina\u00e7\u00e3o;<\/li>\n<li>Ilumina\u00e7\u00e3o florescente com 1 l\u00e2mpada circular;<\/li>\n<li>Dimens\u00f5es: 100 x 1110 x 450 mm.<\/li>\n<\/ul>\n","protected":false},"excerpt":{"rendered":"<p>Negatosc\u00f3pio horizontal triplo.<\/p>\n","protected":false},"featured_media":11396,"comment_status":"open","ping_status":"closed","template":"","meta":{"rs_blank_template":"","rs_page_bg_color":"","slide_template_v7":""},"product_brand":[],"product_cat":[1557,1561,1397,1398,1460,1461,1468,1556],"product_tag":[523,524,525],"class_list":{"0":"post-9077","1":"product","2":"type-product","3":"status-publish","4":"has-post-thumbnail","6":"product_cat-analise-avaliacao-e-diagnostico-gabinete-medico-e-de-enfermagem","7":"product_cat-negatoscopios","8":"product_cat-saude","9":"product_cat-geriatria","10":"product_cat-equipamento-clinico-hospitalar-e-de-enfermagem","11":"product_cat-analise-avaliacao-e-diagnostico","12":"product_cat-avaliacao","13":"product_cat-gabinete-medico-e-de-enfermagem","14":"product_tag-negatoscopio-horizontal","15":"product_tag-negatoscopoio","16":"product_tag-negatoscopio-tres-corpos","18":"first","19":"instock","20":"shipping-taxable","21":"product-type-simple"},"aioseo_notices":[],"etheme_brands":{"errors":{"invalid_taxonomy":["Taxonomia inv\u00e1lida."]},"error_data":[]},"aioseo_head":"\n\t\t<!-- All in One SEO Pro 4.9.0 - aioseo.com -->\n\t<meta name=\"description\" content=\"Negatosc\u00f3pio horizontal triplo.\" \/>\n\t<meta name=\"robots\" content=\"max-image-preview:large\" \/>\n\t<link rel=\"canonical\" href=\"https:\/\/fisio-shop.pt\/?product=negatoscopio-horizontal-de-3-corpos\" \/>\n\t<meta name=\"generator\" content=\"All in One SEO Pro (AIOSEO) 4.9.0\" \/>\n\t\t<meta property=\"og:locale\" content=\"pt_PT\" \/>\n\t\t<meta property=\"og:site_name\" content=\"Fisio-shop - Empresa especializada na distribui\u00e7\u00e3o de equipamentos profissionais para os mercados da Fisioterapia, Geriatria, Fitness e Medicina Desportiva.\" \/>\n\t\t<meta property=\"og:type\" content=\"article\" \/>\n\t\t<meta property=\"og:title\" content=\"NEGATOSC\u00d3PIO HORIZONTAL TRIPLO - Fisio-shop\" \/>\n\t\t<meta property=\"og:description\" content=\"Negatosc\u00f3pio horizontal triplo.\" \/>\n\t\t<meta property=\"og:url\" content=\"https:\/\/fisio-shop.pt\/?product=negatoscopio-horizontal-de-3-corpos\" \/>\n\t\t<meta property=\"og:image\" content=\"https:\/\/fisio-shop.pt\/wp-content\/uploads\/2026\/04\/android-chrome-192x192-1.png\" \/>\n\t\t<meta property=\"og:image:secure_url\" content=\"https:\/\/fisio-shop.pt\/wp-content\/uploads\/2026\/04\/android-chrome-192x192-1.png\" \/>\n\t\t<meta property=\"article:published_time\" content=\"2017-06-27T08:41:09+00:00\" \/>\n\t\t<meta property=\"article:modified_time\" content=\"2026-02-25T19:57:48+00:00\" \/>\n\t\t<meta property=\"article:publisher\" content=\"https:\/\/www.facebook.com\/p\/Fisioshop-Comrcio-de-Equipamentos-Lda-100036934916130\/\" \/>\n\t\t<meta name=\"twitter:card\" content=\"summary_large_image\" \/>\n\t\t<meta name=\"twitter:title\" content=\"NEGATOSC\u00d3PIO HORIZONTAL TRIPLO - Fisio-shop\" \/>\n\t\t<meta name=\"twitter:description\" content=\"Negatosc\u00f3pio horizontal triplo.\" \/>\n\t\t<meta name=\"twitter:image\" content=\"https:\/\/fisio-shop.pt\/wp-content\/uploads\/2026\/04\/android-chrome-192x192-1.png\" \/>\n\t\t<script type=\"application\/ld+json\" class=\"aioseo-schema\">\n\t\t\t{\"@context\":\"https:\\\/\\\/schema.org\",\"@graph\":[{\"@type\":\"BreadcrumbList\",\"@id\":\"https:\\\/\\\/fisio-shop.pt\\\/?product=negatoscopio-horizontal-de-3-corpos#breadcrumblist\",\"itemListElement\":[{\"@type\":\"ListItem\",\"@id\":\"https:\\\/\\\/fisio-shop.pt#listItem\",\"position\":1,\"name\":\"Home\",\"item\":\"https:\\\/\\\/fisio-shop.pt\",\"nextItem\":{\"@type\":\"ListItem\",\"@id\":\"https:\\\/\\\/fisio-shop.pt\\\/?page_id=5#listItem\",\"name\":\"Loja\"}},{\"@type\":\"ListItem\",\"@id\":\"https:\\\/\\\/fisio-shop.pt\\\/?page_id=5#listItem\",\"position\":2,\"name\":\"Loja\",\"item\":\"https:\\\/\\\/fisio-shop.pt\\\/?page_id=5\",\"nextItem\":{\"@type\":\"ListItem\",\"@id\":\"https:\\\/\\\/fisio-shop.pt\\\/?product_cat=saude#listItem\",\"name\":\"Sa\\u00fade\"},\"previousItem\":{\"@type\":\"ListItem\",\"@id\":\"https:\\\/\\\/fisio-shop.pt#listItem\",\"name\":\"Home\"}},{\"@type\":\"ListItem\",\"@id\":\"https:\\\/\\\/fisio-shop.pt\\\/?product_cat=saude#listItem\",\"position\":3,\"name\":\"Sa\\u00fade\",\"item\":\"https:\\\/\\\/fisio-shop.pt\\\/?product_cat=saude\",\"nextItem\":{\"@type\":\"ListItem\",\"@id\":\"https:\\\/\\\/fisio-shop.pt\\\/?product_cat=equipamento-clinico-hospitalar-e-de-enfermagem#listItem\",\"name\":\"Equipamento cl\\u00ednico, hospitalar e de enfermagem\"},\"previousItem\":{\"@type\":\"ListItem\",\"@id\":\"https:\\\/\\\/fisio-shop.pt\\\/?page_id=5#listItem\",\"name\":\"Loja\"}},{\"@type\":\"ListItem\",\"@id\":\"https:\\\/\\\/fisio-shop.pt\\\/?product_cat=equipamento-clinico-hospitalar-e-de-enfermagem#listItem\",\"position\":4,\"name\":\"Equipamento cl\\u00ednico, hospitalar e de enfermagem\",\"item\":\"https:\\\/\\\/fisio-shop.pt\\\/?product_cat=equipamento-clinico-hospitalar-e-de-enfermagem\",\"nextItem\":{\"@type\":\"ListItem\",\"@id\":\"https:\\\/\\\/fisio-shop.pt\\\/?product_cat=analise-avaliacao-e-diagnostico#listItem\",\"name\":\"An\\u00e1lise, avalia\\u00e7\\u00e3o e diagn\\u00f3stico\"},\"previousItem\":{\"@type\":\"ListItem\",\"@id\":\"https:\\\/\\\/fisio-shop.pt\\\/?product_cat=saude#listItem\",\"name\":\"Sa\\u00fade\"}},{\"@type\":\"ListItem\",\"@id\":\"https:\\\/\\\/fisio-shop.pt\\\/?product_cat=analise-avaliacao-e-diagnostico#listItem\",\"position\":5,\"name\":\"An\\u00e1lise, avalia\\u00e7\\u00e3o e diagn\\u00f3stico\",\"item\":\"https:\\\/\\\/fisio-shop.pt\\\/?product_cat=analise-avaliacao-e-diagnostico\",\"nextItem\":{\"@type\":\"ListItem\",\"@id\":\"https:\\\/\\\/fisio-shop.pt\\\/?product_cat=avaliacao#listItem\",\"name\":\"Avalia\\u00e7\\u00e3o\"},\"previousItem\":{\"@type\":\"ListItem\",\"@id\":\"https:\\\/\\\/fisio-shop.pt\\\/?product_cat=equipamento-clinico-hospitalar-e-de-enfermagem#listItem\",\"name\":\"Equipamento cl\\u00ednico, hospitalar e de enfermagem\"}},{\"@type\":\"ListItem\",\"@id\":\"https:\\\/\\\/fisio-shop.pt\\\/?product_cat=avaliacao#listItem\",\"position\":6,\"name\":\"Avalia\\u00e7\\u00e3o\",\"item\":\"https:\\\/\\\/fisio-shop.pt\\\/?product_cat=avaliacao\",\"nextItem\":{\"@type\":\"ListItem\",\"@id\":\"https:\\\/\\\/fisio-shop.pt\\\/?product=negatoscopio-horizontal-de-3-corpos#listItem\",\"name\":\"NEGATOSC\\u00d3PIO HORIZONTAL TRIPLO\"},\"previousItem\":{\"@type\":\"ListItem\",\"@id\":\"https:\\\/\\\/fisio-shop.pt\\\/?product_cat=analise-avaliacao-e-diagnostico#listItem\",\"name\":\"An\\u00e1lise, avalia\\u00e7\\u00e3o e diagn\\u00f3stico\"}},{\"@type\":\"ListItem\",\"@id\":\"https:\\\/\\\/fisio-shop.pt\\\/?product=negatoscopio-horizontal-de-3-corpos#listItem\",\"position\":7,\"name\":\"NEGATOSC\\u00d3PIO HORIZONTAL TRIPLO\",\"previousItem\":{\"@type\":\"ListItem\",\"@id\":\"https:\\\/\\\/fisio-shop.pt\\\/?product_cat=avaliacao#listItem\",\"name\":\"Avalia\\u00e7\\u00e3o\"}}]},{\"@type\":\"Organization\",\"@id\":\"https:\\\/\\\/fisio-shop.pt\\\/#organization\",\"name\":\"Fisio-shop\",\"description\":\"Empresa especializada na distribui\\u00e7\\u00e3o de equipamentos profissionais para os mercados da Fisioterapia, Geriatria, Fitness e Medicina Desportiva. Empresa especializada na distribui\\u00e7\\u00e3o de equipamentos profissionais para os mercados da Fisioterapia, Geriatria, Fitness e Medicina Desportiva.\",\"url\":\"https:\\\/\\\/fisio-shop.pt\\\/\",\"logo\":{\"@type\":\"ImageObject\",\"url\":\"https:\\\/\\\/fisio-shop.pt\\\/wp-content\\\/uploads\\\/2026\\\/04\\\/android-chrome-192x192-1.png\",\"@id\":\"https:\\\/\\\/fisio-shop.pt\\\/?product=negatoscopio-horizontal-de-3-corpos\\\/#organizationLogo\"},\"image\":{\"@id\":\"https:\\\/\\\/fisio-shop.pt\\\/?product=negatoscopio-horizontal-de-3-corpos\\\/#organizationLogo\"},\"sameAs\":[\"https:\\\/\\\/www.facebook.com\\\/p\\\/Fisioshop-Comrcio-de-Equipamentos-Lda-100036934916130\\\/\"]},{\"@type\":\"Product\",\"@id\":\"https:\\\/\\\/fisio-shop.pt\\\/?product=negatoscopio-horizontal-de-3-corpos#wooCommerceProduct\",\"name\":\"NEGATOSC\\u00d3PIO HORIZONTAL TRIPLO\",\"description\":\"Negatosc\\u00f3pio horizontal triplo.\",\"url\":\"https:\\\/\\\/fisio-shop.pt\\\/?product=negatoscopio-horizontal-de-3-corpos\",\"sku\":\"HCS-NETR.001\",\"image\":{\"@type\":\"ImageObject\",\"url\":\"https:\\\/\\\/fisio-shop.pt\\\/wp-content\\\/uploads\\\/2026\\\/02\\\/NEGATOSCOPIO-3-CORPOS-1.jpg\",\"@id\":\"https:\\\/\\\/fisio-shop.pt\\\/?product=negatoscopio-horizontal-de-3-corpos\\\/#productImage\",\"width\":513,\"height\":261},\"offers\":{\"@type\":\"Offer\",\"url\":\"https:\\\/\\\/fisio-shop.pt\\\/?product=negatoscopio-horizontal-de-3-corpos#wooCommerceOffer\",\"price\":0,\"priceCurrency\":\"EUR\",\"category\":\"Sa\\u00fade\",\"availability\":\"https:\\\/\\\/schema.org\\\/InStock\",\"seller\":{\"@type\":\"Organization\",\"@id\":\"https:\\\/\\\/fisio-shop.pt\\\/#organization\"}}},{\"@type\":\"WebPage\",\"@id\":\"https:\\\/\\\/fisio-shop.pt\\\/?product=negatoscopio-horizontal-de-3-corpos#webpage\",\"url\":\"https:\\\/\\\/fisio-shop.pt\\\/?product=negatoscopio-horizontal-de-3-corpos\",\"name\":\"NEGATOSC\\u00d3PIO HORIZONTAL TRIPLO - Fisio-shop\",\"description\":\"Negatosc\\u00f3pio horizontal triplo.\",\"inLanguage\":\"pt-PT\",\"isPartOf\":{\"@id\":\"https:\\\/\\\/fisio-shop.pt\\\/#website\"},\"breadcrumb\":{\"@id\":\"https:\\\/\\\/fisio-shop.pt\\\/?product=negatoscopio-horizontal-de-3-corpos#breadcrumblist\"},\"image\":{\"@type\":\"ImageObject\",\"url\":\"https:\\\/\\\/fisio-shop.pt\\\/wp-content\\\/uploads\\\/2026\\\/02\\\/NEGATOSCOPIO-3-CORPOS-1.jpg\",\"@id\":\"https:\\\/\\\/fisio-shop.pt\\\/?product=negatoscopio-horizontal-de-3-corpos\\\/#mainImage\",\"width\":513,\"height\":261},\"primaryImageOfPage\":{\"@id\":\"https:\\\/\\\/fisio-shop.pt\\\/?product=negatoscopio-horizontal-de-3-corpos#mainImage\"},\"datePublished\":\"2017-06-27T08:41:09+00:00\",\"dateModified\":\"2026-02-25T19:57:48+00:00\"},{\"@type\":\"WebSite\",\"@id\":\"https:\\\/\\\/fisio-shop.pt\\\/#website\",\"url\":\"https:\\\/\\\/fisio-shop.pt\\\/\",\"name\":\"Fisio-shop\",\"description\":\"Empresa especializada na distribui\\u00e7\\u00e3o de equipamentos profissionais para os mercados da Fisioterapia, Geriatria, Fitness e Medicina Desportiva.\",\"inLanguage\":\"pt-PT\",\"publisher\":{\"@id\":\"https:\\\/\\\/fisio-shop.pt\\\/#organization\"}}]}\n\t\t<\/script>\n\t\t<!-- All in One SEO Pro -->\r\n\t\t<title>NEGATOSC\u00d3PIO HORIZONTAL TRIPLO - Fisio-shop<\/title>\n\n","aioseo_head_json":{"title":"NEGATOSC\u00d3PIO HORIZONTAL TRIPLO - Fisio-shop","description":"Negatosc\u00f3pio horizontal triplo.","canonical_url":"https:\/\/fisio-shop.pt\/?product=negatoscopio-horizontal-de-3-corpos","robots":"max-image-preview:large","keywords":"","webmasterTools":{"miscellaneous":""},"schema":{"@context":"https:\/\/schema.org","@graph":[{"@type":"BreadcrumbList","@id":"https:\/\/fisio-shop.pt\/?product=negatoscopio-horizontal-de-3-corpos#breadcrumblist","itemListElement":[{"@type":"ListItem","@id":"https:\/\/fisio-shop.pt#listItem","position":1,"name":"Home","item":"https:\/\/fisio-shop.pt","nextItem":{"@type":"ListItem","@id":"https:\/\/fisio-shop.pt\/?page_id=5#listItem","name":"Loja"}},{"@type":"ListItem","@id":"https:\/\/fisio-shop.pt\/?page_id=5#listItem","position":2,"name":"Loja","item":"https:\/\/fisio-shop.pt\/?page_id=5","nextItem":{"@type":"ListItem","@id":"https:\/\/fisio-shop.pt\/?product_cat=saude#listItem","name":"Sa\u00fade"},"previousItem":{"@type":"ListItem","@id":"https:\/\/fisio-shop.pt#listItem","name":"Home"}},{"@type":"ListItem","@id":"https:\/\/fisio-shop.pt\/?product_cat=saude#listItem","position":3,"name":"Sa\u00fade","item":"https:\/\/fisio-shop.pt\/?product_cat=saude","nextItem":{"@type":"ListItem","@id":"https:\/\/fisio-shop.pt\/?product_cat=equipamento-clinico-hospitalar-e-de-enfermagem#listItem","name":"Equipamento cl\u00ednico, hospitalar e de enfermagem"},"previousItem":{"@type":"ListItem","@id":"https:\/\/fisio-shop.pt\/?page_id=5#listItem","name":"Loja"}},{"@type":"ListItem","@id":"https:\/\/fisio-shop.pt\/?product_cat=equipamento-clinico-hospitalar-e-de-enfermagem#listItem","position":4,"name":"Equipamento cl\u00ednico, hospitalar e de enfermagem","item":"https:\/\/fisio-shop.pt\/?product_cat=equipamento-clinico-hospitalar-e-de-enfermagem","nextItem":{"@type":"ListItem","@id":"https:\/\/fisio-shop.pt\/?product_cat=analise-avaliacao-e-diagnostico#listItem","name":"An\u00e1lise, avalia\u00e7\u00e3o e diagn\u00f3stico"},"previousItem":{"@type":"ListItem","@id":"https:\/\/fisio-shop.pt\/?product_cat=saude#listItem","name":"Sa\u00fade"}},{"@type":"ListItem","@id":"https:\/\/fisio-shop.pt\/?product_cat=analise-avaliacao-e-diagnostico#listItem","position":5,"name":"An\u00e1lise, avalia\u00e7\u00e3o e diagn\u00f3stico","item":"https:\/\/fisio-shop.pt\/?product_cat=analise-avaliacao-e-diagnostico","nextItem":{"@type":"ListItem","@id":"https:\/\/fisio-shop.pt\/?product_cat=avaliacao#listItem","name":"Avalia\u00e7\u00e3o"},"previousItem":{"@type":"ListItem","@id":"https:\/\/fisio-shop.pt\/?product_cat=equipamento-clinico-hospitalar-e-de-enfermagem#listItem","name":"Equipamento cl\u00ednico, hospitalar e de enfermagem"}},{"@type":"ListItem","@id":"https:\/\/fisio-shop.pt\/?product_cat=avaliacao#listItem","position":6,"name":"Avalia\u00e7\u00e3o","item":"https:\/\/fisio-shop.pt\/?product_cat=avaliacao","nextItem":{"@type":"ListItem","@id":"https:\/\/fisio-shop.pt\/?product=negatoscopio-horizontal-de-3-corpos#listItem","name":"NEGATOSC\u00d3PIO HORIZONTAL TRIPLO"},"previousItem":{"@type":"ListItem","@id":"https:\/\/fisio-shop.pt\/?product_cat=analise-avaliacao-e-diagnostico#listItem","name":"An\u00e1lise, avalia\u00e7\u00e3o e diagn\u00f3stico"}},{"@type":"ListItem","@id":"https:\/\/fisio-shop.pt\/?product=negatoscopio-horizontal-de-3-corpos#listItem","position":7,"name":"NEGATOSC\u00d3PIO HORIZONTAL TRIPLO","previousItem":{"@type":"ListItem","@id":"https:\/\/fisio-shop.pt\/?product_cat=avaliacao#listItem","name":"Avalia\u00e7\u00e3o"}}]},{"@type":"Organization","@id":"https:\/\/fisio-shop.pt\/#organization","name":"Fisio-shop","description":"Empresa especializada na distribui\u00e7\u00e3o de equipamentos profissionais para os mercados da Fisioterapia, Geriatria, Fitness e Medicina Desportiva. Empresa especializada na distribui\u00e7\u00e3o de equipamentos profissionais para os mercados da Fisioterapia, Geriatria, Fitness e Medicina Desportiva.","url":"https:\/\/fisio-shop.pt\/","logo":{"@type":"ImageObject","url":"https:\/\/fisio-shop.pt\/wp-content\/uploads\/2026\/04\/android-chrome-192x192-1.png","@id":"https:\/\/fisio-shop.pt\/?product=negatoscopio-horizontal-de-3-corpos\/#organizationLogo"},"image":{"@id":"https:\/\/fisio-shop.pt\/?product=negatoscopio-horizontal-de-3-corpos\/#organizationLogo"},"sameAs":["https:\/\/www.facebook.com\/p\/Fisioshop-Comrcio-de-Equipamentos-Lda-100036934916130\/"]},{"@type":"Product","@id":"https:\/\/fisio-shop.pt\/?product=negatoscopio-horizontal-de-3-corpos#wooCommerceProduct","name":"NEGATOSC\u00d3PIO HORIZONTAL TRIPLO","description":"Negatosc\u00f3pio horizontal triplo.","url":"https:\/\/fisio-shop.pt\/?product=negatoscopio-horizontal-de-3-corpos","sku":"HCS-NETR.001","image":{"@type":"ImageObject","url":"https:\/\/fisio-shop.pt\/wp-content\/uploads\/2026\/02\/NEGATOSCOPIO-3-CORPOS-1.jpg","@id":"https:\/\/fisio-shop.pt\/?product=negatoscopio-horizontal-de-3-corpos\/#productImage","width":513,"height":261},"offers":{"@type":"Offer","url":"https:\/\/fisio-shop.pt\/?product=negatoscopio-horizontal-de-3-corpos#wooCommerceOffer","price":0,"priceCurrency":"EUR","category":"Sa\u00fade","availability":"https:\/\/schema.org\/InStock","seller":{"@type":"Organization","@id":"https:\/\/fisio-shop.pt\/#organization"}}},{"@type":"WebPage","@id":"https:\/\/fisio-shop.pt\/?product=negatoscopio-horizontal-de-3-corpos#webpage","url":"https:\/\/fisio-shop.pt\/?product=negatoscopio-horizontal-de-3-corpos","name":"NEGATOSC\u00d3PIO HORIZONTAL TRIPLO - Fisio-shop","description":"Negatosc\u00f3pio horizontal triplo.","inLanguage":"pt-PT","isPartOf":{"@id":"https:\/\/fisio-shop.pt\/#website"},"breadcrumb":{"@id":"https:\/\/fisio-shop.pt\/?product=negatoscopio-horizontal-de-3-corpos#breadcrumblist"},"image":{"@type":"ImageObject","url":"https:\/\/fisio-shop.pt\/wp-content\/uploads\/2026\/02\/NEGATOSCOPIO-3-CORPOS-1.jpg","@id":"https:\/\/fisio-shop.pt\/?product=negatoscopio-horizontal-de-3-corpos\/#mainImage","width":513,"height":261},"primaryImageOfPage":{"@id":"https:\/\/fisio-shop.pt\/?product=negatoscopio-horizontal-de-3-corpos#mainImage"},"datePublished":"2017-06-27T08:41:09+00:00","dateModified":"2026-02-25T19:57:48+00:00"},{"@type":"WebSite","@id":"https:\/\/fisio-shop.pt\/#website","url":"https:\/\/fisio-shop.pt\/","name":"Fisio-shop","description":"Empresa especializada na distribui\u00e7\u00e3o de equipamentos profissionais para os mercados da Fisioterapia, Geriatria, Fitness e Medicina Desportiva.","inLanguage":"pt-PT","publisher":{"@id":"https:\/\/fisio-shop.pt\/#organization"}}]},"og:locale":"pt_PT","og:site_name":"Fisio-shop - Empresa especializada na distribui\u00e7\u00e3o de equipamentos profissionais para os mercados da Fisioterapia, Geriatria, Fitness e Medicina Desportiva.","og:type":"article","og:title":"NEGATOSC\u00d3PIO HORIZONTAL TRIPLO - Fisio-shop","og:description":"Negatosc\u00f3pio horizontal triplo.","og:url":"https:\/\/fisio-shop.pt\/?product=negatoscopio-horizontal-de-3-corpos","og:image":"https:\/\/fisio-shop.pt\/wp-content\/uploads\/2026\/04\/android-chrome-192x192-1.png","og:image:secure_url":"https:\/\/fisio-shop.pt\/wp-content\/uploads\/2026\/04\/android-chrome-192x192-1.png","article:published_time":"2017-06-27T08:41:09+00:00","article:modified_time":"2026-02-25T19:57:48+00:00","article:publisher":"https:\/\/www.facebook.com\/p\/Fisioshop-Comrcio-de-Equipamentos-Lda-100036934916130\/","twitter:card":"summary_large_image","twitter:title":"NEGATOSC\u00d3PIO HORIZONTAL TRIPLO - Fisio-shop","twitter:description":"Negatosc\u00f3pio horizontal triplo.","twitter:image":"https:\/\/fisio-shop.pt\/wp-content\/uploads\/2026\/04\/android-chrome-192x192-1.png"},"aioseo_meta_data":{"post_id":"9077","title":null,"description":null,"keywords":null,"keyphrases":null,"primary_term":null,"canonical_url":null,"og_title":null,"og_description":null,"og_object_type":"default","og_image_type":"default","og_image_url":null,"og_image_width":null,"og_image_height":null,"og_image_custom_url":null,"og_image_custom_fields":null,"og_video":null,"og_custom_url":null,"og_article_section":null,"og_article_tags":null,"twitter_use_og":false,"twitter_card":"default","twitter_image_type":"default","twitter_image_url":null,"twitter_image_custom_url":null,"twitter_image_custom_fields":null,"twitter_title":null,"twitter_description":null,"schema":{"blockGraphs":[],"customGraphs":[],"default":{"data":{"Article":[],"Course":[],"Dataset":[],"FAQPage":[],"Movie":[],"Person":[],"Product":[],"ProductReview":[],"Car":[],"Recipe":[],"Service":[],"SoftwareApplication":[],"WebPage":[]},"graphName":"","isEnabled":true},"graphs":[]},"schema_type":"default","schema_type_options":null,"pillar_content":false,"robots_default":true,"robots_noindex":false,"robots_noarchive":false,"robots_nosnippet":false,"robots_nofollow":false,"robots_noimageindex":false,"robots_noodp":false,"robots_notranslate":false,"robots_max_snippet":null,"robots_max_videopreview":null,"robots_max_imagepreview":"large","priority":null,"frequency":null,"local_seo":null,"seo_analyzer_scan_date":"2026-04-18 10:45:23","breadcrumb_settings":null,"limit_modified_date":false,"open_ai":null,"ai":null,"created":"2026-04-18 07:02:19","updated":"2026-04-18 21:52:27"},"aioseo_breadcrumb":"<div class=\"aioseo-breadcrumbs\"><span class=\"aioseo-breadcrumb\">\n\t<a href=\"https:\/\/fisio-shop.pt\" title=\"Home\">Home<\/a>\n<\/span><span class=\"aioseo-breadcrumb-separator\">\u00bb<\/span><span class=\"aioseo-breadcrumb\">\n\t<a href=\"https:\/\/fisio-shop.pt\/?page_id=5\" title=\"Loja\">Loja<\/a>\n<\/span><span class=\"aioseo-breadcrumb-separator\">\u00bb<\/span><span class=\"aioseo-breadcrumb\">\n\t<a href=\"https:\/\/fisio-shop.pt\/?product_cat=saude\" title=\"Sa\u00fade\">Sa\u00fade<\/a>\n<\/span><span class=\"aioseo-breadcrumb-separator\">\u00bb<\/span><span class=\"aioseo-breadcrumb\">\n\t<a href=\"https:\/\/fisio-shop.pt\/?product_cat=equipamento-clinico-hospitalar-e-de-enfermagem\" title=\"Equipamento cl\u00ednico, hospitalar e de enfermagem\">Equipamento cl\u00ednico, hospitalar e de enfermagem<\/a>\n<\/span><span class=\"aioseo-breadcrumb-separator\">\u00bb<\/span><span class=\"aioseo-breadcrumb\">\n\t<a href=\"https:\/\/fisio-shop.pt\/?product_cat=analise-avaliacao-e-diagnostico\" title=\"An\u00e1lise, avalia\u00e7\u00e3o e diagn\u00f3stico\">An\u00e1lise, avalia\u00e7\u00e3o e diagn\u00f3stico<\/a>\n<\/span><span class=\"aioseo-breadcrumb-separator\">\u00bb<\/span><span class=\"aioseo-breadcrumb\">\n\t<a href=\"https:\/\/fisio-shop.pt\/?product_cat=avaliacao\" title=\"Avalia\u00e7\u00e3o\">Avalia\u00e7\u00e3o<\/a>\n<\/span><span class=\"aioseo-breadcrumb-separator\">\u00bb<\/span><span class=\"aioseo-breadcrumb\">\n\tNEGATOSC\u00d3PIO HORIZONTAL TRIPLO\n<\/span><\/div>","aioseo_breadcrumb_json":[{"label":"Home","link":"https:\/\/fisio-shop.pt"},{"label":"Loja","link":"https:\/\/fisio-shop.pt\/?page_id=5"},{"label":"Sa\u00fade","link":"https:\/\/fisio-shop.pt\/?product_cat=saude"},{"label":"Equipamento cl\u00ednico, hospitalar e de enfermagem","link":"https:\/\/fisio-shop.pt\/?product_cat=equipamento-clinico-hospitalar-e-de-enfermagem"},{"label":"An\u00e1lise, avalia\u00e7\u00e3o e diagn\u00f3stico","link":"https:\/\/fisio-shop.pt\/?product_cat=analise-avaliacao-e-diagnostico"},{"label":"Avalia\u00e7\u00e3o","link":"https:\/\/fisio-shop.pt\/?product_cat=avaliacao"},{"label":"NEGATOSC\u00d3PIO HORIZONTAL TRIPLO","link":"https:\/\/fisio-shop.pt\/?product=negatoscopio-horizontal-de-3-corpos"}],"_links":{"self":[{"href":"https:\/\/fisio-shop.pt\/index.php?rest_route=\/wp\/v2\/product\/9077","targetHints":{"allow":["GET"]}}],"collection":[{"href":"https:\/\/fisio-shop.pt\/index.php?rest_route=\/wp\/v2\/product"}],"about":[{"href":"https:\/\/fisio-shop.pt\/index.php?rest_route=\/wp\/v2\/types\/product"}],"replies":[{"embeddable":true,"href":"https:\/\/fisio-shop.pt\/index.php?rest_route=%2Fwp%2Fv2%2Fcomments&post=9077"}],"version-history":[{"count":0,"href":"https:\/\/fisio-shop.pt\/index.php?rest_route=\/wp\/v2\/product\/9077\/revisions"}],"wp:featuredmedia":[{"embeddable":true,"href":"https:\/\/fisio-shop.pt\/index.php?rest_route=\/wp\/v2\/media\/11396"}],"wp:attachment":[{"href":"https:\/\/fisio-shop.pt\/index.php?rest_route=%2Fwp%2Fv2%2Fmedia&parent=9077"}],"wp:term":[{"taxonomy":"product_brand","embeddable":true,"href":"https:\/\/fisio-shop.pt\/index.php?rest_route=%2Fwp%2Fv2%2Fproduct_brand&post=9077"},{"taxonomy":"product_cat","embeddable":true,"href":"https:\/\/fisio-shop.pt\/index.php?rest_route=%2Fwp%2Fv2%2Fproduct_cat&post=9077"},{"taxonomy":"product_tag","embeddable":true,"href":"https:\/\/fisio-shop.pt\/index.php?rest_route=%2Fwp%2Fv2%2Fproduct_tag&post=9077"}],"curies":[{"name":"wp","href":"https:\/\/api.w.org\/{rel}","templated":true}]}}