{"id":9089,"date":"2017-06-27T10:36:20","date_gmt":"2017-06-27T10:36:20","guid":{"rendered":"https:\/\/fisio-shop.pt\/loja\/podoscopio-com-luz-polarizada\/"},"modified":"2026-02-25T19:57:51","modified_gmt":"2026-02-25T19:57:51","slug":"podoscopio-com-luz-polarizada","status":"publish","type":"product","link":"https:\/\/fisio-shop.pt\/?product=podoscopio-com-luz-polarizada","title":{"rendered":"PODOSC\u00d3PIO COM LUZ POLARIZADA"},"content":{"rendered":"<p>Podosc\u00f3pio com luz polarizada o qual permite aos t\u00e9cnicos observar a planta dos p\u00e9s com realce dos pontos com maior press\u00e3o.<\/p>\n<p>O paciente sobe para a plataforma de metacrilato, um excelente condutor de luz, fornecida com uma fonte de luz interna para detectar as varia\u00e7\u00f5es de intensidade de cor na planta dos p\u00e9s, correspondendo a uma carga superior ou inferior na planta.<\/p>\n<p><strong>Altamente resistente, f\u00e1cil manuten\u00e7\u00e3o:<\/strong><\/p>\n<ul>\n<li>Podosc\u00f3pio com luz polarizada desenvolvido para uma dura\u00e7\u00e3o prolongada;<\/li>\n<li>Material e componentes de elevada qualidade;<\/li>\n<li>Estrutura robusta, suportando \u00a0cargas at\u00e9 135 kg;<\/li>\n<li>A l\u00e2mpada da luz verde tem uma vida \u00fatil de 10,000 horas (dura\u00e7\u00e3o indicada pelo fabricante);<\/li>\n<li>L\u00e2mpadas sobressalentes f\u00e1ceis de substituir.<\/li>\n<\/ul>\n<p><strong>F\u00e1cil de usar, leve e pr\u00e1tico:<\/strong><\/p>\n<ul>\n<li>O podosc\u00f3pio fica operacional logo depois de o ligar;<\/li>\n<li>Assim que o doente sobe para o podosc\u00f3pio pode proceder ao estudo em tempo real;<\/li>\n<li>Desenvolvido para ser pr\u00e1tico e f\u00e1cil de porque o metacrilato \u00e9 simultaneamente leve e resistente<\/li>\n<li>Pode ser deslocado confortavelmente de um local para o outro, tamb\u00e9m gra\u00e7as \u00e0s suas dimens\u00f5es limitadas;<\/li>\n<li>O degrau \u00e9 baixo, a 22 cm do n\u00edvel do ch\u00e3o, para que os doentes idosos possam facilmente subir.<\/li>\n<\/ul>\n<p><strong>Especifica\u00e7\u00f5es t\u00e9cnicas:<\/strong><\/p>\n<ul>\n<li>Capacidade: 135 kg;<\/li>\n<li>Dimens\u00f5es: 43.5 x 42.5 x 22 cm;<\/li>\n<li>Peso: 8 kg;<\/li>\n<li>Voltagem de funcionamento: 220V-50\/60Hz;<\/li>\n<li>L\u00e2mpada fluorescente com vida \u00fatil de 10,000 horas;<\/li>\n<li>Ref: 27363;<\/li>\n<li>Pais de origem: It\u00e1lia.<\/li>\n<\/ul>\n","protected":false},"excerpt":{"rendered":"<p>Podosc\u00f3pio com luz polarizada o qual permite aos t\u00e9cnicos observar a planta dos p\u00e9s com realce dos pontos com maior press\u00e3o.<\/p>\n","protected":false},"featured_media":11404,"comment_status":"open","ping_status":"closed","template":"","meta":{"rs_blank_template":"","rs_page_bg_color":"","slide_template_v7":""},"product_brand":[],"product_cat":[1398,1556,1557,1560],"product_tag":[535,536],"class_list":{"0":"post-9089","1":"product","2":"type-product","3":"status-publish","4":"has-post-thumbnail","6":"product_cat-geriatria","7":"product_cat-gabinete-medico-e-de-enfermagem","8":"product_cat-analise-avaliacao-e-diagnostico-gabinete-medico-e-de-enfermagem","9":"product_cat-instrumentos-de-diagnostico","10":"product_tag-luz-polarizada","11":"product_tag-podoscopio","13":"first","14":"instock","15":"shipping-taxable","16":"purchasable","17":"product-type-simple"},"aioseo_notices":[],"etheme_brands":{"errors":{"invalid_taxonomy":["Taxonomia inv\u00e1lida."]},"error_data":[]},"aioseo_head":"\n\t\t<!-- All in One SEO Pro 4.9.0 - aioseo.com -->\n\t<meta name=\"description\" content=\"Podosc\u00f3pio com luz polarizada o qual permite aos t\u00e9cnicos observar a planta dos p\u00e9s com realce dos pontos com maior press\u00e3o.\" \/>\n\t<meta name=\"robots\" content=\"max-image-preview:large\" \/>\n\t<link rel=\"canonical\" href=\"https:\/\/fisio-shop.pt\/?product=podoscopio-com-luz-polarizada\" \/>\n\t<meta name=\"generator\" content=\"All in One SEO Pro (AIOSEO) 4.9.0\" \/>\n\t\t<meta property=\"og:locale\" content=\"pt_PT\" \/>\n\t\t<meta property=\"og:site_name\" content=\"Fisio-shop - Empresa especializada na distribui\u00e7\u00e3o de equipamentos profissionais para os mercados da Fisioterapia, Geriatria, Fitness e Medicina Desportiva.\" \/>\n\t\t<meta property=\"og:type\" content=\"article\" \/>\n\t\t<meta property=\"og:title\" content=\"PODOSC\u00d3PIO COM LUZ POLARIZADA - Fisio-shop\" \/>\n\t\t<meta property=\"og:description\" content=\"Podosc\u00f3pio com luz polarizada o qual permite aos t\u00e9cnicos observar a planta dos p\u00e9s com realce dos pontos com maior press\u00e3o.\" \/>\n\t\t<meta property=\"og:url\" content=\"https:\/\/fisio-shop.pt\/?product=podoscopio-com-luz-polarizada\" \/>\n\t\t<meta property=\"og:image\" content=\"https:\/\/fisio-shop.pt\/wp-content\/uploads\/2026\/04\/android-chrome-192x192-1.png\" \/>\n\t\t<meta property=\"og:image:secure_url\" content=\"https:\/\/fisio-shop.pt\/wp-content\/uploads\/2026\/04\/android-chrome-192x192-1.png\" \/>\n\t\t<meta property=\"article:published_time\" content=\"2017-06-27T10:36:20+00:00\" \/>\n\t\t<meta property=\"article:modified_time\" content=\"2026-02-25T19:57:51+00:00\" \/>\n\t\t<meta property=\"article:publisher\" content=\"https:\/\/www.facebook.com\/p\/Fisioshop-Comrcio-de-Equipamentos-Lda-100036934916130\/\" \/>\n\t\t<meta name=\"twitter:card\" content=\"summary_large_image\" \/>\n\t\t<meta name=\"twitter:title\" content=\"PODOSC\u00d3PIO COM LUZ POLARIZADA - Fisio-shop\" \/>\n\t\t<meta name=\"twitter:description\" content=\"Podosc\u00f3pio com luz polarizada o qual permite aos t\u00e9cnicos observar a planta dos p\u00e9s com realce dos pontos com maior press\u00e3o.\" \/>\n\t\t<meta name=\"twitter:image\" content=\"https:\/\/fisio-shop.pt\/wp-content\/uploads\/2026\/04\/android-chrome-192x192-1.png\" \/>\n\t\t<script type=\"application\/ld+json\" class=\"aioseo-schema\">\n\t\t\t{\"@context\":\"https:\\\/\\\/schema.org\",\"@graph\":[{\"@type\":\"BreadcrumbList\",\"@id\":\"https:\\\/\\\/fisio-shop.pt\\\/?product=podoscopio-com-luz-polarizada#breadcrumblist\",\"itemListElement\":[{\"@type\":\"ListItem\",\"@id\":\"https:\\\/\\\/fisio-shop.pt#listItem\",\"position\":1,\"name\":\"Home\",\"item\":\"https:\\\/\\\/fisio-shop.pt\",\"nextItem\":{\"@type\":\"ListItem\",\"@id\":\"https:\\\/\\\/fisio-shop.pt\\\/?page_id=5#listItem\",\"name\":\"Loja\"}},{\"@type\":\"ListItem\",\"@id\":\"https:\\\/\\\/fisio-shop.pt\\\/?page_id=5#listItem\",\"position\":2,\"name\":\"Loja\",\"item\":\"https:\\\/\\\/fisio-shop.pt\\\/?page_id=5\",\"nextItem\":{\"@type\":\"ListItem\",\"@id\":\"https:\\\/\\\/fisio-shop.pt\\\/?product_cat=geriatria#listItem\",\"name\":\"Geriatria\"},\"previousItem\":{\"@type\":\"ListItem\",\"@id\":\"https:\\\/\\\/fisio-shop.pt#listItem\",\"name\":\"Home\"}},{\"@type\":\"ListItem\",\"@id\":\"https:\\\/\\\/fisio-shop.pt\\\/?product_cat=geriatria#listItem\",\"position\":3,\"name\":\"Geriatria\",\"item\":\"https:\\\/\\\/fisio-shop.pt\\\/?product_cat=geriatria\",\"nextItem\":{\"@type\":\"ListItem\",\"@id\":\"https:\\\/\\\/fisio-shop.pt\\\/?product_cat=gabinete-medico-e-de-enfermagem#listItem\",\"name\":\"Gabinete m\\u00e9dico e de Enfermagem\"},\"previousItem\":{\"@type\":\"ListItem\",\"@id\":\"https:\\\/\\\/fisio-shop.pt\\\/?page_id=5#listItem\",\"name\":\"Loja\"}},{\"@type\":\"ListItem\",\"@id\":\"https:\\\/\\\/fisio-shop.pt\\\/?product_cat=gabinete-medico-e-de-enfermagem#listItem\",\"position\":4,\"name\":\"Gabinete m\\u00e9dico e de Enfermagem\",\"item\":\"https:\\\/\\\/fisio-shop.pt\\\/?product_cat=gabinete-medico-e-de-enfermagem\",\"nextItem\":{\"@type\":\"ListItem\",\"@id\":\"https:\\\/\\\/fisio-shop.pt\\\/?product_cat=analise-avaliacao-e-diagnostico-gabinete-medico-e-de-enfermagem#listItem\",\"name\":\"An\\u00e1lise, avalia\\u00e7\\u00e3o e diagn\\u00f3stico\"},\"previousItem\":{\"@type\":\"ListItem\",\"@id\":\"https:\\\/\\\/fisio-shop.pt\\\/?product_cat=geriatria#listItem\",\"name\":\"Geriatria\"}},{\"@type\":\"ListItem\",\"@id\":\"https:\\\/\\\/fisio-shop.pt\\\/?product_cat=analise-avaliacao-e-diagnostico-gabinete-medico-e-de-enfermagem#listItem\",\"position\":5,\"name\":\"An\\u00e1lise, avalia\\u00e7\\u00e3o e diagn\\u00f3stico\",\"item\":\"https:\\\/\\\/fisio-shop.pt\\\/?product_cat=analise-avaliacao-e-diagnostico-gabinete-medico-e-de-enfermagem\",\"nextItem\":{\"@type\":\"ListItem\",\"@id\":\"https:\\\/\\\/fisio-shop.pt\\\/?product_cat=instrumentos-de-diagnostico#listItem\",\"name\":\"Instrumentos de diagn\\u00f3stico\"},\"previousItem\":{\"@type\":\"ListItem\",\"@id\":\"https:\\\/\\\/fisio-shop.pt\\\/?product_cat=gabinete-medico-e-de-enfermagem#listItem\",\"name\":\"Gabinete m\\u00e9dico e de Enfermagem\"}},{\"@type\":\"ListItem\",\"@id\":\"https:\\\/\\\/fisio-shop.pt\\\/?product_cat=instrumentos-de-diagnostico#listItem\",\"position\":6,\"name\":\"Instrumentos de diagn\\u00f3stico\",\"item\":\"https:\\\/\\\/fisio-shop.pt\\\/?product_cat=instrumentos-de-diagnostico\",\"nextItem\":{\"@type\":\"ListItem\",\"@id\":\"https:\\\/\\\/fisio-shop.pt\\\/?product=podoscopio-com-luz-polarizada#listItem\",\"name\":\"PODOSC\\u00d3PIO COM LUZ POLARIZADA\"},\"previousItem\":{\"@type\":\"ListItem\",\"@id\":\"https:\\\/\\\/fisio-shop.pt\\\/?product_cat=analise-avaliacao-e-diagnostico-gabinete-medico-e-de-enfermagem#listItem\",\"name\":\"An\\u00e1lise, avalia\\u00e7\\u00e3o e diagn\\u00f3stico\"}},{\"@type\":\"ListItem\",\"@id\":\"https:\\\/\\\/fisio-shop.pt\\\/?product=podoscopio-com-luz-polarizada#listItem\",\"position\":7,\"name\":\"PODOSC\\u00d3PIO COM LUZ POLARIZADA\",\"previousItem\":{\"@type\":\"ListItem\",\"@id\":\"https:\\\/\\\/fisio-shop.pt\\\/?product_cat=instrumentos-de-diagnostico#listItem\",\"name\":\"Instrumentos de diagn\\u00f3stico\"}}]},{\"@type\":\"Organization\",\"@id\":\"https:\\\/\\\/fisio-shop.pt\\\/#organization\",\"name\":\"Fisio-shop\",\"description\":\"Empresa especializada na distribui\\u00e7\\u00e3o de equipamentos profissionais para os mercados da Fisioterapia, Geriatria, Fitness e Medicina Desportiva. Empresa especializada na distribui\\u00e7\\u00e3o de equipamentos profissionais para os mercados da Fisioterapia, Geriatria, Fitness e Medicina Desportiva.\",\"url\":\"https:\\\/\\\/fisio-shop.pt\\\/\",\"logo\":{\"@type\":\"ImageObject\",\"url\":\"https:\\\/\\\/fisio-shop.pt\\\/wp-content\\\/uploads\\\/2026\\\/04\\\/android-chrome-192x192-1.png\",\"@id\":\"https:\\\/\\\/fisio-shop.pt\\\/?product=podoscopio-com-luz-polarizada\\\/#organizationLogo\"},\"image\":{\"@id\":\"https:\\\/\\\/fisio-shop.pt\\\/?product=podoscopio-com-luz-polarizada\\\/#organizationLogo\"},\"sameAs\":[\"https:\\\/\\\/www.facebook.com\\\/p\\\/Fisioshop-Comrcio-de-Equipamentos-Lda-100036934916130\\\/\"]},{\"@type\":\"Product\",\"@id\":\"https:\\\/\\\/fisio-shop.pt\\\/?product=podoscopio-com-luz-polarizada#wooCommerceProduct\",\"name\":\"PODOSC\\u00d3PIO COM LUZ POLARIZADA\",\"description\":\"Podosc\\u00f3pio com luz polarizada o qual permite aos t\\u00e9cnicos observar a planta dos p\\u00e9s com realce dos pontos com maior press\\u00e3o.\",\"url\":\"https:\\\/\\\/fisio-shop.pt\\\/?product=podoscopio-com-luz-polarizada\",\"sku\":\"27363\",\"image\":{\"@type\":\"ImageObject\",\"url\":\"https:\\\/\\\/fisio-shop.pt\\\/wp-content\\\/uploads\\\/2026\\\/02\\\/PODOSCOPIO-1.jpg\",\"@id\":\"https:\\\/\\\/fisio-shop.pt\\\/?product=podoscopio-com-luz-polarizada\\\/#productImage\",\"width\":853,\"height\":640},\"offers\":{\"@type\":\"Offer\",\"url\":\"https:\\\/\\\/fisio-shop.pt\\\/?product=podoscopio-com-luz-polarizada#wooCommerceOffer\",\"price\":722.83,\"priceCurrency\":\"EUR\",\"category\":\"Geriatria\",\"availability\":\"https:\\\/\\\/schema.org\\\/InStock\",\"priceSpecification\":{\"@type\":\"PriceSpecification\",\"price\":722.83,\"priceCurrency\":\"EUR\",\"valueAddedTaxIncluded\":\"true\"},\"seller\":{\"@type\":\"Organization\",\"@id\":\"https:\\\/\\\/fisio-shop.pt\\\/#organization\"}}},{\"@type\":\"WebPage\",\"@id\":\"https:\\\/\\\/fisio-shop.pt\\\/?product=podoscopio-com-luz-polarizada#webpage\",\"url\":\"https:\\\/\\\/fisio-shop.pt\\\/?product=podoscopio-com-luz-polarizada\",\"name\":\"PODOSC\\u00d3PIO COM LUZ POLARIZADA - Fisio-shop\",\"description\":\"Podosc\\u00f3pio com luz polarizada o qual permite aos t\\u00e9cnicos observar a planta dos p\\u00e9s com realce dos pontos com maior press\\u00e3o.\",\"inLanguage\":\"pt-PT\",\"isPartOf\":{\"@id\":\"https:\\\/\\\/fisio-shop.pt\\\/#website\"},\"breadcrumb\":{\"@id\":\"https:\\\/\\\/fisio-shop.pt\\\/?product=podoscopio-com-luz-polarizada#breadcrumblist\"},\"image\":{\"@type\":\"ImageObject\",\"url\":\"https:\\\/\\\/fisio-shop.pt\\\/wp-content\\\/uploads\\\/2026\\\/02\\\/PODOSCOPIO-1.jpg\",\"@id\":\"https:\\\/\\\/fisio-shop.pt\\\/?product=podoscopio-com-luz-polarizada\\\/#mainImage\",\"width\":853,\"height\":640},\"primaryImageOfPage\":{\"@id\":\"https:\\\/\\\/fisio-shop.pt\\\/?product=podoscopio-com-luz-polarizada#mainImage\"},\"datePublished\":\"2017-06-27T10:36:20+00:00\",\"dateModified\":\"2026-02-25T19:57:51+00:00\"},{\"@type\":\"WebSite\",\"@id\":\"https:\\\/\\\/fisio-shop.pt\\\/#website\",\"url\":\"https:\\\/\\\/fisio-shop.pt\\\/\",\"name\":\"Fisio-shop\",\"description\":\"Empresa especializada na distribui\\u00e7\\u00e3o de equipamentos profissionais para os mercados da Fisioterapia, Geriatria, Fitness e Medicina Desportiva.\",\"inLanguage\":\"pt-PT\",\"publisher\":{\"@id\":\"https:\\\/\\\/fisio-shop.pt\\\/#organization\"}}]}\n\t\t<\/script>\n\t\t<!-- All in One SEO Pro -->\r\n\t\t<title>PODOSC\u00d3PIO COM LUZ POLARIZADA - Fisio-shop<\/title>\n\n","aioseo_head_json":{"title":"PODOSC\u00d3PIO COM LUZ POLARIZADA - Fisio-shop","description":"Podosc\u00f3pio com luz polarizada o qual permite aos t\u00e9cnicos observar a planta dos p\u00e9s com realce dos pontos com maior press\u00e3o.","canonical_url":"https:\/\/fisio-shop.pt\/?product=podoscopio-com-luz-polarizada","robots":"max-image-preview:large","keywords":"","webmasterTools":{"miscellaneous":""},"schema":{"@context":"https:\/\/schema.org","@graph":[{"@type":"BreadcrumbList","@id":"https:\/\/fisio-shop.pt\/?product=podoscopio-com-luz-polarizada#breadcrumblist","itemListElement":[{"@type":"ListItem","@id":"https:\/\/fisio-shop.pt#listItem","position":1,"name":"Home","item":"https:\/\/fisio-shop.pt","nextItem":{"@type":"ListItem","@id":"https:\/\/fisio-shop.pt\/?page_id=5#listItem","name":"Loja"}},{"@type":"ListItem","@id":"https:\/\/fisio-shop.pt\/?page_id=5#listItem","position":2,"name":"Loja","item":"https:\/\/fisio-shop.pt\/?page_id=5","nextItem":{"@type":"ListItem","@id":"https:\/\/fisio-shop.pt\/?product_cat=geriatria#listItem","name":"Geriatria"},"previousItem":{"@type":"ListItem","@id":"https:\/\/fisio-shop.pt#listItem","name":"Home"}},{"@type":"ListItem","@id":"https:\/\/fisio-shop.pt\/?product_cat=geriatria#listItem","position":3,"name":"Geriatria","item":"https:\/\/fisio-shop.pt\/?product_cat=geriatria","nextItem":{"@type":"ListItem","@id":"https:\/\/fisio-shop.pt\/?product_cat=gabinete-medico-e-de-enfermagem#listItem","name":"Gabinete m\u00e9dico e de Enfermagem"},"previousItem":{"@type":"ListItem","@id":"https:\/\/fisio-shop.pt\/?page_id=5#listItem","name":"Loja"}},{"@type":"ListItem","@id":"https:\/\/fisio-shop.pt\/?product_cat=gabinete-medico-e-de-enfermagem#listItem","position":4,"name":"Gabinete m\u00e9dico e de Enfermagem","item":"https:\/\/fisio-shop.pt\/?product_cat=gabinete-medico-e-de-enfermagem","nextItem":{"@type":"ListItem","@id":"https:\/\/fisio-shop.pt\/?product_cat=analise-avaliacao-e-diagnostico-gabinete-medico-e-de-enfermagem#listItem","name":"An\u00e1lise, avalia\u00e7\u00e3o e diagn\u00f3stico"},"previousItem":{"@type":"ListItem","@id":"https:\/\/fisio-shop.pt\/?product_cat=geriatria#listItem","name":"Geriatria"}},{"@type":"ListItem","@id":"https:\/\/fisio-shop.pt\/?product_cat=analise-avaliacao-e-diagnostico-gabinete-medico-e-de-enfermagem#listItem","position":5,"name":"An\u00e1lise, avalia\u00e7\u00e3o e diagn\u00f3stico","item":"https:\/\/fisio-shop.pt\/?product_cat=analise-avaliacao-e-diagnostico-gabinete-medico-e-de-enfermagem","nextItem":{"@type":"ListItem","@id":"https:\/\/fisio-shop.pt\/?product_cat=instrumentos-de-diagnostico#listItem","name":"Instrumentos de diagn\u00f3stico"},"previousItem":{"@type":"ListItem","@id":"https:\/\/fisio-shop.pt\/?product_cat=gabinete-medico-e-de-enfermagem#listItem","name":"Gabinete m\u00e9dico e de Enfermagem"}},{"@type":"ListItem","@id":"https:\/\/fisio-shop.pt\/?product_cat=instrumentos-de-diagnostico#listItem","position":6,"name":"Instrumentos de diagn\u00f3stico","item":"https:\/\/fisio-shop.pt\/?product_cat=instrumentos-de-diagnostico","nextItem":{"@type":"ListItem","@id":"https:\/\/fisio-shop.pt\/?product=podoscopio-com-luz-polarizada#listItem","name":"PODOSC\u00d3PIO COM LUZ POLARIZADA"},"previousItem":{"@type":"ListItem","@id":"https:\/\/fisio-shop.pt\/?product_cat=analise-avaliacao-e-diagnostico-gabinete-medico-e-de-enfermagem#listItem","name":"An\u00e1lise, avalia\u00e7\u00e3o e diagn\u00f3stico"}},{"@type":"ListItem","@id":"https:\/\/fisio-shop.pt\/?product=podoscopio-com-luz-polarizada#listItem","position":7,"name":"PODOSC\u00d3PIO COM LUZ POLARIZADA","previousItem":{"@type":"ListItem","@id":"https:\/\/fisio-shop.pt\/?product_cat=instrumentos-de-diagnostico#listItem","name":"Instrumentos de diagn\u00f3stico"}}]},{"@type":"Organization","@id":"https:\/\/fisio-shop.pt\/#organization","name":"Fisio-shop","description":"Empresa especializada na distribui\u00e7\u00e3o de equipamentos profissionais para os mercados da Fisioterapia, Geriatria, Fitness e Medicina Desportiva. Empresa especializada na distribui\u00e7\u00e3o de equipamentos profissionais para os mercados da Fisioterapia, Geriatria, Fitness e Medicina Desportiva.","url":"https:\/\/fisio-shop.pt\/","logo":{"@type":"ImageObject","url":"https:\/\/fisio-shop.pt\/wp-content\/uploads\/2026\/04\/android-chrome-192x192-1.png","@id":"https:\/\/fisio-shop.pt\/?product=podoscopio-com-luz-polarizada\/#organizationLogo"},"image":{"@id":"https:\/\/fisio-shop.pt\/?product=podoscopio-com-luz-polarizada\/#organizationLogo"},"sameAs":["https:\/\/www.facebook.com\/p\/Fisioshop-Comrcio-de-Equipamentos-Lda-100036934916130\/"]},{"@type":"Product","@id":"https:\/\/fisio-shop.pt\/?product=podoscopio-com-luz-polarizada#wooCommerceProduct","name":"PODOSC\u00d3PIO COM LUZ POLARIZADA","description":"Podosc\u00f3pio com luz polarizada o qual permite aos t\u00e9cnicos observar a planta dos p\u00e9s com realce dos pontos com maior press\u00e3o.","url":"https:\/\/fisio-shop.pt\/?product=podoscopio-com-luz-polarizada","sku":"27363","image":{"@type":"ImageObject","url":"https:\/\/fisio-shop.pt\/wp-content\/uploads\/2026\/02\/PODOSCOPIO-1.jpg","@id":"https:\/\/fisio-shop.pt\/?product=podoscopio-com-luz-polarizada\/#productImage","width":853,"height":640},"offers":{"@type":"Offer","url":"https:\/\/fisio-shop.pt\/?product=podoscopio-com-luz-polarizada#wooCommerceOffer","price":722.83,"priceCurrency":"EUR","category":"Geriatria","availability":"https:\/\/schema.org\/InStock","priceSpecification":{"@type":"PriceSpecification","price":722.83,"priceCurrency":"EUR","valueAddedTaxIncluded":"true"},"seller":{"@type":"Organization","@id":"https:\/\/fisio-shop.pt\/#organization"}}},{"@type":"WebPage","@id":"https:\/\/fisio-shop.pt\/?product=podoscopio-com-luz-polarizada#webpage","url":"https:\/\/fisio-shop.pt\/?product=podoscopio-com-luz-polarizada","name":"PODOSC\u00d3PIO COM LUZ POLARIZADA - Fisio-shop","description":"Podosc\u00f3pio com luz polarizada o qual permite aos t\u00e9cnicos observar a planta dos p\u00e9s com realce dos pontos com maior press\u00e3o.","inLanguage":"pt-PT","isPartOf":{"@id":"https:\/\/fisio-shop.pt\/#website"},"breadcrumb":{"@id":"https:\/\/fisio-shop.pt\/?product=podoscopio-com-luz-polarizada#breadcrumblist"},"image":{"@type":"ImageObject","url":"https:\/\/fisio-shop.pt\/wp-content\/uploads\/2026\/02\/PODOSCOPIO-1.jpg","@id":"https:\/\/fisio-shop.pt\/?product=podoscopio-com-luz-polarizada\/#mainImage","width":853,"height":640},"primaryImageOfPage":{"@id":"https:\/\/fisio-shop.pt\/?product=podoscopio-com-luz-polarizada#mainImage"},"datePublished":"2017-06-27T10:36:20+00:00","dateModified":"2026-02-25T19:57:51+00:00"},{"@type":"WebSite","@id":"https:\/\/fisio-shop.pt\/#website","url":"https:\/\/fisio-shop.pt\/","name":"Fisio-shop","description":"Empresa especializada na distribui\u00e7\u00e3o de equipamentos profissionais para os mercados da Fisioterapia, Geriatria, Fitness e Medicina Desportiva.","inLanguage":"pt-PT","publisher":{"@id":"https:\/\/fisio-shop.pt\/#organization"}}]},"og:locale":"pt_PT","og:site_name":"Fisio-shop - Empresa especializada na distribui\u00e7\u00e3o de equipamentos profissionais para os mercados da Fisioterapia, Geriatria, Fitness e Medicina Desportiva.","og:type":"article","og:title":"PODOSC\u00d3PIO COM LUZ POLARIZADA - Fisio-shop","og:description":"Podosc\u00f3pio com luz polarizada o qual permite aos t\u00e9cnicos observar a planta dos p\u00e9s com realce dos pontos com maior press\u00e3o.","og:url":"https:\/\/fisio-shop.pt\/?product=podoscopio-com-luz-polarizada","og:image":"https:\/\/fisio-shop.pt\/wp-content\/uploads\/2026\/04\/android-chrome-192x192-1.png","og:image:secure_url":"https:\/\/fisio-shop.pt\/wp-content\/uploads\/2026\/04\/android-chrome-192x192-1.png","article:published_time":"2017-06-27T10:36:20+00:00","article:modified_time":"2026-02-25T19:57:51+00:00","article:publisher":"https:\/\/www.facebook.com\/p\/Fisioshop-Comrcio-de-Equipamentos-Lda-100036934916130\/","twitter:card":"summary_large_image","twitter:title":"PODOSC\u00d3PIO COM LUZ POLARIZADA - Fisio-shop","twitter:description":"Podosc\u00f3pio com luz polarizada o qual permite aos t\u00e9cnicos observar a planta dos p\u00e9s com realce dos pontos com maior press\u00e3o.","twitter:image":"https:\/\/fisio-shop.pt\/wp-content\/uploads\/2026\/04\/android-chrome-192x192-1.png"},"aioseo_meta_data":{"post_id":"9089","title":null,"description":null,"keywords":null,"keyphrases":null,"primary_term":null,"canonical_url":null,"og_title":null,"og_description":null,"og_object_type":"default","og_image_type":"default","og_image_url":null,"og_image_width":null,"og_image_height":null,"og_image_custom_url":null,"og_image_custom_fields":null,"og_video":null,"og_custom_url":null,"og_article_section":null,"og_article_tags":null,"twitter_use_og":false,"twitter_card":"default","twitter_image_type":"default","twitter_image_url":null,"twitter_image_custom_url":null,"twitter_image_custom_fields":null,"twitter_title":null,"twitter_description":null,"schema":{"blockGraphs":[],"customGraphs":[],"default":{"data":{"Article":[],"Course":[],"Dataset":[],"FAQPage":[],"Movie":[],"Person":[],"Product":[],"ProductReview":[],"Car":[],"Recipe":[],"Service":[],"SoftwareApplication":[],"WebPage":[]},"graphName":"","isEnabled":true},"graphs":[]},"schema_type":"default","schema_type_options":null,"pillar_content":false,"robots_default":true,"robots_noindex":false,"robots_noarchive":false,"robots_nosnippet":false,"robots_nofollow":false,"robots_noimageindex":false,"robots_noodp":false,"robots_notranslate":false,"robots_max_snippet":null,"robots_max_videopreview":null,"robots_max_imagepreview":"large","priority":null,"frequency":null,"local_seo":null,"seo_analyzer_scan_date":"2026-04-18 10:47:09","breadcrumb_settings":null,"limit_modified_date":false,"open_ai":null,"ai":null,"created":"2026-04-18 07:02:19","updated":"2026-04-18 21:53:01"},"aioseo_breadcrumb":"<div class=\"aioseo-breadcrumbs\"><span class=\"aioseo-breadcrumb\">\n\t<a href=\"https:\/\/fisio-shop.pt\" title=\"Home\">Home<\/a>\n<\/span><span class=\"aioseo-breadcrumb-separator\">\u00bb<\/span><span class=\"aioseo-breadcrumb\">\n\t<a href=\"https:\/\/fisio-shop.pt\/?page_id=5\" title=\"Loja\">Loja<\/a>\n<\/span><span class=\"aioseo-breadcrumb-separator\">\u00bb<\/span><span class=\"aioseo-breadcrumb\">\n\t<a href=\"https:\/\/fisio-shop.pt\/?product_cat=geriatria\" title=\"Geriatria\">Geriatria<\/a>\n<\/span><span class=\"aioseo-breadcrumb-separator\">\u00bb<\/span><span class=\"aioseo-breadcrumb\">\n\t<a href=\"https:\/\/fisio-shop.pt\/?product_cat=gabinete-medico-e-de-enfermagem\" title=\"Gabinete m\u00e9dico e de Enfermagem\">Gabinete m\u00e9dico e de Enfermagem<\/a>\n<\/span><span class=\"aioseo-breadcrumb-separator\">\u00bb<\/span><span class=\"aioseo-breadcrumb\">\n\t<a href=\"https:\/\/fisio-shop.pt\/?product_cat=analise-avaliacao-e-diagnostico-gabinete-medico-e-de-enfermagem\" title=\"An\u00e1lise, avalia\u00e7\u00e3o e diagn\u00f3stico\">An\u00e1lise, avalia\u00e7\u00e3o e diagn\u00f3stico<\/a>\n<\/span><span class=\"aioseo-breadcrumb-separator\">\u00bb<\/span><span class=\"aioseo-breadcrumb\">\n\t<a href=\"https:\/\/fisio-shop.pt\/?product_cat=instrumentos-de-diagnostico\" title=\"Instrumentos de diagn\u00f3stico\">Instrumentos de diagn\u00f3stico<\/a>\n<\/span><span class=\"aioseo-breadcrumb-separator\">\u00bb<\/span><span class=\"aioseo-breadcrumb\">\n\tPODOSC\u00d3PIO COM LUZ POLARIZADA\n<\/span><\/div>","aioseo_breadcrumb_json":[{"label":"Home","link":"https:\/\/fisio-shop.pt"},{"label":"Loja","link":"https:\/\/fisio-shop.pt\/?page_id=5"},{"label":"Geriatria","link":"https:\/\/fisio-shop.pt\/?product_cat=geriatria"},{"label":"Gabinete m\u00e9dico e de Enfermagem","link":"https:\/\/fisio-shop.pt\/?product_cat=gabinete-medico-e-de-enfermagem"},{"label":"An\u00e1lise, avalia\u00e7\u00e3o e diagn\u00f3stico","link":"https:\/\/fisio-shop.pt\/?product_cat=analise-avaliacao-e-diagnostico-gabinete-medico-e-de-enfermagem"},{"label":"Instrumentos de diagn\u00f3stico","link":"https:\/\/fisio-shop.pt\/?product_cat=instrumentos-de-diagnostico"},{"label":"PODOSC\u00d3PIO COM LUZ POLARIZADA","link":"https:\/\/fisio-shop.pt\/?product=podoscopio-com-luz-polarizada"}],"_links":{"self":[{"href":"https:\/\/fisio-shop.pt\/index.php?rest_route=\/wp\/v2\/product\/9089","targetHints":{"allow":["GET"]}}],"collection":[{"href":"https:\/\/fisio-shop.pt\/index.php?rest_route=\/wp\/v2\/product"}],"about":[{"href":"https:\/\/fisio-shop.pt\/index.php?rest_route=\/wp\/v2\/types\/product"}],"replies":[{"embeddable":true,"href":"https:\/\/fisio-shop.pt\/index.php?rest_route=%2Fwp%2Fv2%2Fcomments&post=9089"}],"version-history":[{"count":0,"href":"https:\/\/fisio-shop.pt\/index.php?rest_route=\/wp\/v2\/product\/9089\/revisions"}],"wp:featuredmedia":[{"embeddable":true,"href":"https:\/\/fisio-shop.pt\/index.php?rest_route=\/wp\/v2\/media\/11404"}],"wp:attachment":[{"href":"https:\/\/fisio-shop.pt\/index.php?rest_route=%2Fwp%2Fv2%2Fmedia&parent=9089"}],"wp:term":[{"taxonomy":"product_brand","embeddable":true,"href":"https:\/\/fisio-shop.pt\/index.php?rest_route=%2Fwp%2Fv2%2Fproduct_brand&post=9089"},{"taxonomy":"product_cat","embeddable":true,"href":"https:\/\/fisio-shop.pt\/index.php?rest_route=%2Fwp%2Fv2%2Fproduct_cat&post=9089"},{"taxonomy":"product_tag","embeddable":true,"href":"https:\/\/fisio-shop.pt\/index.php?rest_route=%2Fwp%2Fv2%2Fproduct_tag&post=9089"}],"curies":[{"name":"wp","href":"https:\/\/api.w.org\/{rel}","templated":true}]}}