{"id":9095,"date":"2017-06-27T12:13:56","date_gmt":"2017-06-27T12:13:56","guid":{"rendered":"https:\/\/fisio-shop.pt\/loja\/candeeiro-de-halogeneo-para-exames\/"},"modified":"2026-02-25T19:57:53","modified_gmt":"2026-02-25T19:57:53","slug":"candeeiro-de-halogeneo-para-exames","status":"publish","type":"product","link":"https:\/\/fisio-shop.pt\/?product=candeeiro-de-halogeneo-para-exames","title":{"rendered":"CANDEEIRO DE HALOG\u00c9NEO C\/SUPORTE RODADO"},"content":{"rendered":"<ul>\n<li>Candeeiro de halog\u00e9neo para exames com bra\u00e7o flex\u00edvel;<\/li>\n<li>Equipado com uma l\u00e2mpada de halog\u00e9neo dicr\u00f3ica de 35W 12V;<\/li>\n<li>Bra\u00e7o flex\u00edvel o qual permite que se dobre para onde \u00e9 necess\u00e1rio;<\/li>\n<li>Fornecido num suporte com 5 rod\u00edzios para uma mobilidade mais f\u00e1cil;<\/li>\n<li>Gera uma intensidade luz de 20.000 lux a 50 cm.<\/li>\n<\/ul>\n<p><strong>Especifica\u00e7\u00f5es t\u00e9cnicas:<\/strong><\/p>\n<ul>\n<li>Tipo de luz: Halog\u00e9neo;<\/li>\n<li>Consumo: 35 W;<\/li>\n<li>Dura\u00e7\u00e3o das l\u00e2mpadas (horas): 1,500;<\/li>\n<li>Intensidade da luz a 50 cm (lux): 20,000;<\/li>\n<li>Intensidade da luz a 1 m (lux): 5,000;<\/li>\n<li>Temperatura da cor +\/- 5% a 1 m(k): 3,000;<\/li>\n<li>N\u00e3o possui interruptor que permite regular a intensidade da luz<\/li>\n<li>Di\u00e2metro exterior do reflector (\u00c6 mm): 100;<\/li>\n<li>Aumento de Temperatura a 1 m. (\u00baC): 1;<\/li>\n<li>Cor: branca;<\/li>\n<li>Normas: IEC 598-1;<\/li>\n<li>Classifica\u00e7\u00e3o: CE 73\/23\/EEC;<\/li>\n<li>Peso: 5 kg;<\/li>\n<li>Voltagem de funcionamento V-Hz: 230-50\/60.<\/li>\n<li>Altura ajust\u00e1vel com base rodada de apr\u00f3x. 60 a 180 cm;<\/li>\n<li>Ref: 30760<\/li>\n<li>Pais de origem: It\u00e1lia.<\/li>\n<\/ul>\n<h1><\/h1>\n","protected":false},"excerpt":{"rendered":"<p>Candeeiro de halog\u00e9neo para exames com bra\u00e7o flex\u00edvel.<\/p>\n","protected":false},"featured_media":11408,"comment_status":"open","ping_status":"closed","template":"","meta":{"rs_blank_template":"","rs_page_bg_color":"","slide_template_v7":""},"product_brand":[],"product_cat":[1582,1584,1397,1398,1460,1477,1480,1556],"product_tag":[546,547,548],"class_list":{"0":"post-9095","1":"product","2":"type-product","3":"status-publish","4":"has-post-thumbnail","6":"product_cat-candeeiros-e-lupas","7":"product_cat-candeeiros-articulados","8":"product_cat-saude","9":"product_cat-geriatria","10":"product_cat-equipamento-clinico-hospitalar-e-de-enfermagem","11":"product_cat-equipamento-e-mobiliario-clinico","12":"product_cat-candeeiros","13":"product_cat-gabinete-medico-e-de-enfermagem","14":"product_tag-braco-flexivel","15":"product_tag-candeeiro-de-halogeneo","16":"product_tag-candeeiro-para-exames","18":"first","19":"instock","20":"shipping-taxable","21":"purchasable","22":"product-type-simple"},"aioseo_notices":[],"etheme_brands":{"errors":{"invalid_taxonomy":["Taxonomia inv\u00e1lida."]},"error_data":[]},"aioseo_head":"\n\t\t<!-- All in One SEO Pro 4.9.0 - aioseo.com -->\n\t<meta name=\"description\" content=\"Candeeiro de halog\u00e9neo para exames com bra\u00e7o flex\u00edvel.\" \/>\n\t<meta name=\"robots\" content=\"max-image-preview:large\" \/>\n\t<link rel=\"canonical\" href=\"https:\/\/fisio-shop.pt\/?product=candeeiro-de-halogeneo-para-exames\" \/>\n\t<meta name=\"generator\" content=\"All in One SEO Pro (AIOSEO) 4.9.0\" \/>\n\t\t<meta property=\"og:locale\" content=\"pt_PT\" \/>\n\t\t<meta property=\"og:site_name\" content=\"Fisio-shop - Empresa especializada na distribui\u00e7\u00e3o de equipamentos profissionais para os mercados da Fisioterapia, Geriatria, Fitness e Medicina Desportiva.\" \/>\n\t\t<meta property=\"og:type\" content=\"article\" \/>\n\t\t<meta property=\"og:title\" content=\"CANDEEIRO DE HALOG\u00c9NEO C\/SUPORTE RODADO - Fisio-shop\" \/>\n\t\t<meta property=\"og:description\" content=\"Candeeiro de halog\u00e9neo para exames com bra\u00e7o flex\u00edvel.\" \/>\n\t\t<meta property=\"og:url\" content=\"https:\/\/fisio-shop.pt\/?product=candeeiro-de-halogeneo-para-exames\" \/>\n\t\t<meta property=\"og:image\" content=\"https:\/\/fisio-shop.pt\/wp-content\/uploads\/2026\/04\/android-chrome-192x192-1.png\" \/>\n\t\t<meta property=\"og:image:secure_url\" content=\"https:\/\/fisio-shop.pt\/wp-content\/uploads\/2026\/04\/android-chrome-192x192-1.png\" \/>\n\t\t<meta property=\"article:published_time\" content=\"2017-06-27T12:13:56+00:00\" \/>\n\t\t<meta property=\"article:modified_time\" content=\"2026-02-25T19:57:53+00:00\" \/>\n\t\t<meta property=\"article:publisher\" content=\"https:\/\/www.facebook.com\/p\/Fisioshop-Comrcio-de-Equipamentos-Lda-100036934916130\/\" \/>\n\t\t<meta name=\"twitter:card\" content=\"summary_large_image\" \/>\n\t\t<meta name=\"twitter:title\" content=\"CANDEEIRO DE HALOG\u00c9NEO C\/SUPORTE RODADO - Fisio-shop\" \/>\n\t\t<meta name=\"twitter:description\" content=\"Candeeiro de halog\u00e9neo para exames com bra\u00e7o flex\u00edvel.\" \/>\n\t\t<meta name=\"twitter:image\" content=\"https:\/\/fisio-shop.pt\/wp-content\/uploads\/2026\/04\/android-chrome-192x192-1.png\" \/>\n\t\t<script type=\"application\/ld+json\" class=\"aioseo-schema\">\n\t\t\t{\"@context\":\"https:\\\/\\\/schema.org\",\"@graph\":[{\"@type\":\"BreadcrumbList\",\"@id\":\"https:\\\/\\\/fisio-shop.pt\\\/?product=candeeiro-de-halogeneo-para-exames#breadcrumblist\",\"itemListElement\":[{\"@type\":\"ListItem\",\"@id\":\"https:\\\/\\\/fisio-shop.pt#listItem\",\"position\":1,\"name\":\"Home\",\"item\":\"https:\\\/\\\/fisio-shop.pt\",\"nextItem\":{\"@type\":\"ListItem\",\"@id\":\"https:\\\/\\\/fisio-shop.pt\\\/?page_id=5#listItem\",\"name\":\"Loja\"}},{\"@type\":\"ListItem\",\"@id\":\"https:\\\/\\\/fisio-shop.pt\\\/?page_id=5#listItem\",\"position\":2,\"name\":\"Loja\",\"item\":\"https:\\\/\\\/fisio-shop.pt\\\/?page_id=5\",\"nextItem\":{\"@type\":\"ListItem\",\"@id\":\"https:\\\/\\\/fisio-shop.pt\\\/?product_cat=saude#listItem\",\"name\":\"Sa\\u00fade\"},\"previousItem\":{\"@type\":\"ListItem\",\"@id\":\"https:\\\/\\\/fisio-shop.pt#listItem\",\"name\":\"Home\"}},{\"@type\":\"ListItem\",\"@id\":\"https:\\\/\\\/fisio-shop.pt\\\/?product_cat=saude#listItem\",\"position\":3,\"name\":\"Sa\\u00fade\",\"item\":\"https:\\\/\\\/fisio-shop.pt\\\/?product_cat=saude\",\"nextItem\":{\"@type\":\"ListItem\",\"@id\":\"https:\\\/\\\/fisio-shop.pt\\\/?product_cat=equipamento-clinico-hospitalar-e-de-enfermagem#listItem\",\"name\":\"Equipamento cl\\u00ednico, hospitalar e de enfermagem\"},\"previousItem\":{\"@type\":\"ListItem\",\"@id\":\"https:\\\/\\\/fisio-shop.pt\\\/?page_id=5#listItem\",\"name\":\"Loja\"}},{\"@type\":\"ListItem\",\"@id\":\"https:\\\/\\\/fisio-shop.pt\\\/?product_cat=equipamento-clinico-hospitalar-e-de-enfermagem#listItem\",\"position\":4,\"name\":\"Equipamento cl\\u00ednico, hospitalar e de enfermagem\",\"item\":\"https:\\\/\\\/fisio-shop.pt\\\/?product_cat=equipamento-clinico-hospitalar-e-de-enfermagem\",\"nextItem\":{\"@type\":\"ListItem\",\"@id\":\"https:\\\/\\\/fisio-shop.pt\\\/?product_cat=equipamento-e-mobiliario-clinico#listItem\",\"name\":\"Equipamento e mobili\\u00e1rio cl\\u00ednico\"},\"previousItem\":{\"@type\":\"ListItem\",\"@id\":\"https:\\\/\\\/fisio-shop.pt\\\/?product_cat=saude#listItem\",\"name\":\"Sa\\u00fade\"}},{\"@type\":\"ListItem\",\"@id\":\"https:\\\/\\\/fisio-shop.pt\\\/?product_cat=equipamento-e-mobiliario-clinico#listItem\",\"position\":5,\"name\":\"Equipamento e mobili\\u00e1rio cl\\u00ednico\",\"item\":\"https:\\\/\\\/fisio-shop.pt\\\/?product_cat=equipamento-e-mobiliario-clinico\",\"nextItem\":{\"@type\":\"ListItem\",\"@id\":\"https:\\\/\\\/fisio-shop.pt\\\/?product_cat=candeeiros#listItem\",\"name\":\"Candeeiros\"},\"previousItem\":{\"@type\":\"ListItem\",\"@id\":\"https:\\\/\\\/fisio-shop.pt\\\/?product_cat=equipamento-clinico-hospitalar-e-de-enfermagem#listItem\",\"name\":\"Equipamento cl\\u00ednico, hospitalar e de enfermagem\"}},{\"@type\":\"ListItem\",\"@id\":\"https:\\\/\\\/fisio-shop.pt\\\/?product_cat=candeeiros#listItem\",\"position\":6,\"name\":\"Candeeiros\",\"item\":\"https:\\\/\\\/fisio-shop.pt\\\/?product_cat=candeeiros\",\"nextItem\":{\"@type\":\"ListItem\",\"@id\":\"https:\\\/\\\/fisio-shop.pt\\\/?product=candeeiro-de-halogeneo-para-exames#listItem\",\"name\":\"CANDEEIRO DE HALOG\\u00c9NEO C\\\/SUPORTE RODADO\"},\"previousItem\":{\"@type\":\"ListItem\",\"@id\":\"https:\\\/\\\/fisio-shop.pt\\\/?product_cat=equipamento-e-mobiliario-clinico#listItem\",\"name\":\"Equipamento e mobili\\u00e1rio cl\\u00ednico\"}},{\"@type\":\"ListItem\",\"@id\":\"https:\\\/\\\/fisio-shop.pt\\\/?product=candeeiro-de-halogeneo-para-exames#listItem\",\"position\":7,\"name\":\"CANDEEIRO DE HALOG\\u00c9NEO C\\\/SUPORTE RODADO\",\"previousItem\":{\"@type\":\"ListItem\",\"@id\":\"https:\\\/\\\/fisio-shop.pt\\\/?product_cat=candeeiros#listItem\",\"name\":\"Candeeiros\"}}]},{\"@type\":\"Organization\",\"@id\":\"https:\\\/\\\/fisio-shop.pt\\\/#organization\",\"name\":\"Fisio-shop\",\"description\":\"Empresa especializada na distribui\\u00e7\\u00e3o de equipamentos profissionais para os mercados da Fisioterapia, Geriatria, Fitness e Medicina Desportiva. Empresa especializada na distribui\\u00e7\\u00e3o de equipamentos profissionais para os mercados da Fisioterapia, Geriatria, Fitness e Medicina Desportiva.\",\"url\":\"https:\\\/\\\/fisio-shop.pt\\\/\",\"logo\":{\"@type\":\"ImageObject\",\"url\":\"https:\\\/\\\/fisio-shop.pt\\\/wp-content\\\/uploads\\\/2026\\\/04\\\/android-chrome-192x192-1.png\",\"@id\":\"https:\\\/\\\/fisio-shop.pt\\\/?product=candeeiro-de-halogeneo-para-exames\\\/#organizationLogo\"},\"image\":{\"@id\":\"https:\\\/\\\/fisio-shop.pt\\\/?product=candeeiro-de-halogeneo-para-exames\\\/#organizationLogo\"},\"sameAs\":[\"https:\\\/\\\/www.facebook.com\\\/p\\\/Fisioshop-Comrcio-de-Equipamentos-Lda-100036934916130\\\/\"]},{\"@type\":\"Product\",\"@id\":\"https:\\\/\\\/fisio-shop.pt\\\/?product=candeeiro-de-halogeneo-para-exames#wooCommerceProduct\",\"name\":\"CANDEEIRO DE HALOG\\u00c9NEO C\\\/SUPORTE RODADO\",\"description\":\"Candeeiro de halog\\u00e9neo para exames com bra\\u00e7o flex\\u00edvel.\",\"url\":\"https:\\\/\\\/fisio-shop.pt\\\/?product=candeeiro-de-halogeneo-para-exames\",\"sku\":\"30760\",\"image\":{\"@type\":\"ImageObject\",\"url\":\"https:\\\/\\\/fisio-shop.pt\\\/wp-content\\\/uploads\\\/2026\\\/02\\\/CANDEEIRO-DE-HALOGENEO-PARA-EXAMES-SIMPLES-1.jpg\",\"@id\":\"https:\\\/\\\/fisio-shop.pt\\\/?product=candeeiro-de-halogeneo-para-exames\\\/#productImage\",\"width\":350,\"height\":263},\"offers\":{\"@type\":\"Offer\",\"url\":\"https:\\\/\\\/fisio-shop.pt\\\/?product=candeeiro-de-halogeneo-para-exames#wooCommerceOffer\",\"price\":698.25,\"priceCurrency\":\"EUR\",\"category\":\"Sa\\u00fade\",\"availability\":\"https:\\\/\\\/schema.org\\\/InStock\",\"priceSpecification\":{\"@type\":\"PriceSpecification\",\"price\":698.25,\"priceCurrency\":\"EUR\",\"valueAddedTaxIncluded\":\"true\"},\"seller\":{\"@type\":\"Organization\",\"@id\":\"https:\\\/\\\/fisio-shop.pt\\\/#organization\"}}},{\"@type\":\"WebPage\",\"@id\":\"https:\\\/\\\/fisio-shop.pt\\\/?product=candeeiro-de-halogeneo-para-exames#webpage\",\"url\":\"https:\\\/\\\/fisio-shop.pt\\\/?product=candeeiro-de-halogeneo-para-exames\",\"name\":\"CANDEEIRO DE HALOG\\u00c9NEO C\\\/SUPORTE RODADO - Fisio-shop\",\"description\":\"Candeeiro de halog\\u00e9neo para exames com bra\\u00e7o flex\\u00edvel.\",\"inLanguage\":\"pt-PT\",\"isPartOf\":{\"@id\":\"https:\\\/\\\/fisio-shop.pt\\\/#website\"},\"breadcrumb\":{\"@id\":\"https:\\\/\\\/fisio-shop.pt\\\/?product=candeeiro-de-halogeneo-para-exames#breadcrumblist\"},\"image\":{\"@type\":\"ImageObject\",\"url\":\"https:\\\/\\\/fisio-shop.pt\\\/wp-content\\\/uploads\\\/2026\\\/02\\\/CANDEEIRO-DE-HALOGENEO-PARA-EXAMES-SIMPLES-1.jpg\",\"@id\":\"https:\\\/\\\/fisio-shop.pt\\\/?product=candeeiro-de-halogeneo-para-exames\\\/#mainImage\",\"width\":350,\"height\":263},\"primaryImageOfPage\":{\"@id\":\"https:\\\/\\\/fisio-shop.pt\\\/?product=candeeiro-de-halogeneo-para-exames#mainImage\"},\"datePublished\":\"2017-06-27T12:13:56+00:00\",\"dateModified\":\"2026-02-25T19:57:53+00:00\"},{\"@type\":\"WebSite\",\"@id\":\"https:\\\/\\\/fisio-shop.pt\\\/#website\",\"url\":\"https:\\\/\\\/fisio-shop.pt\\\/\",\"name\":\"Fisio-shop\",\"description\":\"Empresa especializada na distribui\\u00e7\\u00e3o de equipamentos profissionais para os mercados da Fisioterapia, Geriatria, Fitness e Medicina Desportiva.\",\"inLanguage\":\"pt-PT\",\"publisher\":{\"@id\":\"https:\\\/\\\/fisio-shop.pt\\\/#organization\"}}]}\n\t\t<\/script>\n\t\t<!-- All in One SEO Pro -->\r\n\t\t<title>CANDEEIRO DE HALOG\u00c9NEO C\/SUPORTE RODADO - Fisio-shop<\/title>\n\n","aioseo_head_json":{"title":"CANDEEIRO DE HALOG\u00c9NEO C\/SUPORTE RODADO - Fisio-shop","description":"Candeeiro de halog\u00e9neo para exames com bra\u00e7o flex\u00edvel.","canonical_url":"https:\/\/fisio-shop.pt\/?product=candeeiro-de-halogeneo-para-exames","robots":"max-image-preview:large","keywords":"","webmasterTools":{"miscellaneous":""},"schema":{"@context":"https:\/\/schema.org","@graph":[{"@type":"BreadcrumbList","@id":"https:\/\/fisio-shop.pt\/?product=candeeiro-de-halogeneo-para-exames#breadcrumblist","itemListElement":[{"@type":"ListItem","@id":"https:\/\/fisio-shop.pt#listItem","position":1,"name":"Home","item":"https:\/\/fisio-shop.pt","nextItem":{"@type":"ListItem","@id":"https:\/\/fisio-shop.pt\/?page_id=5#listItem","name":"Loja"}},{"@type":"ListItem","@id":"https:\/\/fisio-shop.pt\/?page_id=5#listItem","position":2,"name":"Loja","item":"https:\/\/fisio-shop.pt\/?page_id=5","nextItem":{"@type":"ListItem","@id":"https:\/\/fisio-shop.pt\/?product_cat=saude#listItem","name":"Sa\u00fade"},"previousItem":{"@type":"ListItem","@id":"https:\/\/fisio-shop.pt#listItem","name":"Home"}},{"@type":"ListItem","@id":"https:\/\/fisio-shop.pt\/?product_cat=saude#listItem","position":3,"name":"Sa\u00fade","item":"https:\/\/fisio-shop.pt\/?product_cat=saude","nextItem":{"@type":"ListItem","@id":"https:\/\/fisio-shop.pt\/?product_cat=equipamento-clinico-hospitalar-e-de-enfermagem#listItem","name":"Equipamento cl\u00ednico, hospitalar e de enfermagem"},"previousItem":{"@type":"ListItem","@id":"https:\/\/fisio-shop.pt\/?page_id=5#listItem","name":"Loja"}},{"@type":"ListItem","@id":"https:\/\/fisio-shop.pt\/?product_cat=equipamento-clinico-hospitalar-e-de-enfermagem#listItem","position":4,"name":"Equipamento cl\u00ednico, hospitalar e de enfermagem","item":"https:\/\/fisio-shop.pt\/?product_cat=equipamento-clinico-hospitalar-e-de-enfermagem","nextItem":{"@type":"ListItem","@id":"https:\/\/fisio-shop.pt\/?product_cat=equipamento-e-mobiliario-clinico#listItem","name":"Equipamento e mobili\u00e1rio cl\u00ednico"},"previousItem":{"@type":"ListItem","@id":"https:\/\/fisio-shop.pt\/?product_cat=saude#listItem","name":"Sa\u00fade"}},{"@type":"ListItem","@id":"https:\/\/fisio-shop.pt\/?product_cat=equipamento-e-mobiliario-clinico#listItem","position":5,"name":"Equipamento e mobili\u00e1rio cl\u00ednico","item":"https:\/\/fisio-shop.pt\/?product_cat=equipamento-e-mobiliario-clinico","nextItem":{"@type":"ListItem","@id":"https:\/\/fisio-shop.pt\/?product_cat=candeeiros#listItem","name":"Candeeiros"},"previousItem":{"@type":"ListItem","@id":"https:\/\/fisio-shop.pt\/?product_cat=equipamento-clinico-hospitalar-e-de-enfermagem#listItem","name":"Equipamento cl\u00ednico, hospitalar e de enfermagem"}},{"@type":"ListItem","@id":"https:\/\/fisio-shop.pt\/?product_cat=candeeiros#listItem","position":6,"name":"Candeeiros","item":"https:\/\/fisio-shop.pt\/?product_cat=candeeiros","nextItem":{"@type":"ListItem","@id":"https:\/\/fisio-shop.pt\/?product=candeeiro-de-halogeneo-para-exames#listItem","name":"CANDEEIRO DE HALOG\u00c9NEO C\/SUPORTE RODADO"},"previousItem":{"@type":"ListItem","@id":"https:\/\/fisio-shop.pt\/?product_cat=equipamento-e-mobiliario-clinico#listItem","name":"Equipamento e mobili\u00e1rio cl\u00ednico"}},{"@type":"ListItem","@id":"https:\/\/fisio-shop.pt\/?product=candeeiro-de-halogeneo-para-exames#listItem","position":7,"name":"CANDEEIRO DE HALOG\u00c9NEO C\/SUPORTE RODADO","previousItem":{"@type":"ListItem","@id":"https:\/\/fisio-shop.pt\/?product_cat=candeeiros#listItem","name":"Candeeiros"}}]},{"@type":"Organization","@id":"https:\/\/fisio-shop.pt\/#organization","name":"Fisio-shop","description":"Empresa especializada na distribui\u00e7\u00e3o de equipamentos profissionais para os mercados da Fisioterapia, Geriatria, Fitness e Medicina Desportiva. Empresa especializada na distribui\u00e7\u00e3o de equipamentos profissionais para os mercados da Fisioterapia, Geriatria, Fitness e Medicina Desportiva.","url":"https:\/\/fisio-shop.pt\/","logo":{"@type":"ImageObject","url":"https:\/\/fisio-shop.pt\/wp-content\/uploads\/2026\/04\/android-chrome-192x192-1.png","@id":"https:\/\/fisio-shop.pt\/?product=candeeiro-de-halogeneo-para-exames\/#organizationLogo"},"image":{"@id":"https:\/\/fisio-shop.pt\/?product=candeeiro-de-halogeneo-para-exames\/#organizationLogo"},"sameAs":["https:\/\/www.facebook.com\/p\/Fisioshop-Comrcio-de-Equipamentos-Lda-100036934916130\/"]},{"@type":"Product","@id":"https:\/\/fisio-shop.pt\/?product=candeeiro-de-halogeneo-para-exames#wooCommerceProduct","name":"CANDEEIRO DE HALOG\u00c9NEO C\/SUPORTE RODADO","description":"Candeeiro de halog\u00e9neo para exames com bra\u00e7o flex\u00edvel.","url":"https:\/\/fisio-shop.pt\/?product=candeeiro-de-halogeneo-para-exames","sku":"30760","image":{"@type":"ImageObject","url":"https:\/\/fisio-shop.pt\/wp-content\/uploads\/2026\/02\/CANDEEIRO-DE-HALOGENEO-PARA-EXAMES-SIMPLES-1.jpg","@id":"https:\/\/fisio-shop.pt\/?product=candeeiro-de-halogeneo-para-exames\/#productImage","width":350,"height":263},"offers":{"@type":"Offer","url":"https:\/\/fisio-shop.pt\/?product=candeeiro-de-halogeneo-para-exames#wooCommerceOffer","price":698.25,"priceCurrency":"EUR","category":"Sa\u00fade","availability":"https:\/\/schema.org\/InStock","priceSpecification":{"@type":"PriceSpecification","price":698.25,"priceCurrency":"EUR","valueAddedTaxIncluded":"true"},"seller":{"@type":"Organization","@id":"https:\/\/fisio-shop.pt\/#organization"}}},{"@type":"WebPage","@id":"https:\/\/fisio-shop.pt\/?product=candeeiro-de-halogeneo-para-exames#webpage","url":"https:\/\/fisio-shop.pt\/?product=candeeiro-de-halogeneo-para-exames","name":"CANDEEIRO DE HALOG\u00c9NEO C\/SUPORTE RODADO - Fisio-shop","description":"Candeeiro de halog\u00e9neo para exames com bra\u00e7o flex\u00edvel.","inLanguage":"pt-PT","isPartOf":{"@id":"https:\/\/fisio-shop.pt\/#website"},"breadcrumb":{"@id":"https:\/\/fisio-shop.pt\/?product=candeeiro-de-halogeneo-para-exames#breadcrumblist"},"image":{"@type":"ImageObject","url":"https:\/\/fisio-shop.pt\/wp-content\/uploads\/2026\/02\/CANDEEIRO-DE-HALOGENEO-PARA-EXAMES-SIMPLES-1.jpg","@id":"https:\/\/fisio-shop.pt\/?product=candeeiro-de-halogeneo-para-exames\/#mainImage","width":350,"height":263},"primaryImageOfPage":{"@id":"https:\/\/fisio-shop.pt\/?product=candeeiro-de-halogeneo-para-exames#mainImage"},"datePublished":"2017-06-27T12:13:56+00:00","dateModified":"2026-02-25T19:57:53+00:00"},{"@type":"WebSite","@id":"https:\/\/fisio-shop.pt\/#website","url":"https:\/\/fisio-shop.pt\/","name":"Fisio-shop","description":"Empresa especializada na distribui\u00e7\u00e3o de equipamentos profissionais para os mercados da Fisioterapia, Geriatria, Fitness e Medicina Desportiva.","inLanguage":"pt-PT","publisher":{"@id":"https:\/\/fisio-shop.pt\/#organization"}}]},"og:locale":"pt_PT","og:site_name":"Fisio-shop - Empresa especializada na distribui\u00e7\u00e3o de equipamentos profissionais para os mercados da Fisioterapia, Geriatria, Fitness e Medicina Desportiva.","og:type":"article","og:title":"CANDEEIRO DE HALOG\u00c9NEO C\/SUPORTE RODADO - Fisio-shop","og:description":"Candeeiro de halog\u00e9neo para exames com bra\u00e7o flex\u00edvel.","og:url":"https:\/\/fisio-shop.pt\/?product=candeeiro-de-halogeneo-para-exames","og:image":"https:\/\/fisio-shop.pt\/wp-content\/uploads\/2026\/04\/android-chrome-192x192-1.png","og:image:secure_url":"https:\/\/fisio-shop.pt\/wp-content\/uploads\/2026\/04\/android-chrome-192x192-1.png","article:published_time":"2017-06-27T12:13:56+00:00","article:modified_time":"2026-02-25T19:57:53+00:00","article:publisher":"https:\/\/www.facebook.com\/p\/Fisioshop-Comrcio-de-Equipamentos-Lda-100036934916130\/","twitter:card":"summary_large_image","twitter:title":"CANDEEIRO DE HALOG\u00c9NEO C\/SUPORTE RODADO - Fisio-shop","twitter:description":"Candeeiro de halog\u00e9neo para exames com bra\u00e7o flex\u00edvel.","twitter:image":"https:\/\/fisio-shop.pt\/wp-content\/uploads\/2026\/04\/android-chrome-192x192-1.png"},"aioseo_meta_data":{"post_id":"9095","title":null,"description":null,"keywords":null,"keyphrases":null,"primary_term":null,"canonical_url":null,"og_title":null,"og_description":null,"og_object_type":"default","og_image_type":"default","og_image_url":null,"og_image_width":null,"og_image_height":null,"og_image_custom_url":null,"og_image_custom_fields":null,"og_video":null,"og_custom_url":null,"og_article_section":null,"og_article_tags":null,"twitter_use_og":false,"twitter_card":"default","twitter_image_type":"default","twitter_image_url":null,"twitter_image_custom_url":null,"twitter_image_custom_fields":null,"twitter_title":null,"twitter_description":null,"schema":{"blockGraphs":[],"customGraphs":[],"default":{"data":{"Article":[],"Course":[],"Dataset":[],"FAQPage":[],"Movie":[],"Person":[],"Product":[],"ProductReview":[],"Car":[],"Recipe":[],"Service":[],"SoftwareApplication":[],"WebPage":[]},"graphName":"","isEnabled":true},"graphs":[]},"schema_type":"default","schema_type_options":null,"pillar_content":false,"robots_default":true,"robots_noindex":false,"robots_noarchive":false,"robots_nosnippet":false,"robots_nofollow":false,"robots_noimageindex":false,"robots_noodp":false,"robots_notranslate":false,"robots_max_snippet":null,"robots_max_videopreview":null,"robots_max_imagepreview":"large","priority":null,"frequency":null,"local_seo":null,"seo_analyzer_scan_date":"2026-04-18 10:47:14","breadcrumb_settings":null,"limit_modified_date":false,"open_ai":null,"ai":null,"created":"2026-04-18 07:02:19","updated":"2026-04-18 21:53:01"},"aioseo_breadcrumb":"<div class=\"aioseo-breadcrumbs\"><span class=\"aioseo-breadcrumb\">\n\t<a href=\"https:\/\/fisio-shop.pt\" title=\"Home\">Home<\/a>\n<\/span><span class=\"aioseo-breadcrumb-separator\">\u00bb<\/span><span class=\"aioseo-breadcrumb\">\n\t<a href=\"https:\/\/fisio-shop.pt\/?page_id=5\" title=\"Loja\">Loja<\/a>\n<\/span><span class=\"aioseo-breadcrumb-separator\">\u00bb<\/span><span class=\"aioseo-breadcrumb\">\n\t<a href=\"https:\/\/fisio-shop.pt\/?product_cat=saude\" title=\"Sa\u00fade\">Sa\u00fade<\/a>\n<\/span><span class=\"aioseo-breadcrumb-separator\">\u00bb<\/span><span class=\"aioseo-breadcrumb\">\n\t<a href=\"https:\/\/fisio-shop.pt\/?product_cat=equipamento-clinico-hospitalar-e-de-enfermagem\" title=\"Equipamento cl\u00ednico, hospitalar e de enfermagem\">Equipamento cl\u00ednico, hospitalar e de enfermagem<\/a>\n<\/span><span class=\"aioseo-breadcrumb-separator\">\u00bb<\/span><span class=\"aioseo-breadcrumb\">\n\t<a href=\"https:\/\/fisio-shop.pt\/?product_cat=equipamento-e-mobiliario-clinico\" title=\"Equipamento e mobili\u00e1rio cl\u00ednico\">Equipamento e mobili\u00e1rio cl\u00ednico<\/a>\n<\/span><span class=\"aioseo-breadcrumb-separator\">\u00bb<\/span><span class=\"aioseo-breadcrumb\">\n\t<a href=\"https:\/\/fisio-shop.pt\/?product_cat=candeeiros\" title=\"Candeeiros\">Candeeiros<\/a>\n<\/span><span class=\"aioseo-breadcrumb-separator\">\u00bb<\/span><span class=\"aioseo-breadcrumb\">\n\tCANDEEIRO DE HALOG\u00c9NEO C\/SUPORTE RODADO\n<\/span><\/div>","aioseo_breadcrumb_json":[{"label":"Home","link":"https:\/\/fisio-shop.pt"},{"label":"Loja","link":"https:\/\/fisio-shop.pt\/?page_id=5"},{"label":"Sa\u00fade","link":"https:\/\/fisio-shop.pt\/?product_cat=saude"},{"label":"Equipamento cl\u00ednico, hospitalar e de enfermagem","link":"https:\/\/fisio-shop.pt\/?product_cat=equipamento-clinico-hospitalar-e-de-enfermagem"},{"label":"Equipamento e mobili\u00e1rio cl\u00ednico","link":"https:\/\/fisio-shop.pt\/?product_cat=equipamento-e-mobiliario-clinico"},{"label":"Candeeiros","link":"https:\/\/fisio-shop.pt\/?product_cat=candeeiros"},{"label":"CANDEEIRO DE HALOG\u00c9NEO C\/SUPORTE RODADO","link":"https:\/\/fisio-shop.pt\/?product=candeeiro-de-halogeneo-para-exames"}],"_links":{"self":[{"href":"https:\/\/fisio-shop.pt\/index.php?rest_route=\/wp\/v2\/product\/9095","targetHints":{"allow":["GET"]}}],"collection":[{"href":"https:\/\/fisio-shop.pt\/index.php?rest_route=\/wp\/v2\/product"}],"about":[{"href":"https:\/\/fisio-shop.pt\/index.php?rest_route=\/wp\/v2\/types\/product"}],"replies":[{"embeddable":true,"href":"https:\/\/fisio-shop.pt\/index.php?rest_route=%2Fwp%2Fv2%2Fcomments&post=9095"}],"version-history":[{"count":0,"href":"https:\/\/fisio-shop.pt\/index.php?rest_route=\/wp\/v2\/product\/9095\/revisions"}],"wp:featuredmedia":[{"embeddable":true,"href":"https:\/\/fisio-shop.pt\/index.php?rest_route=\/wp\/v2\/media\/11408"}],"wp:attachment":[{"href":"https:\/\/fisio-shop.pt\/index.php?rest_route=%2Fwp%2Fv2%2Fmedia&parent=9095"}],"wp:term":[{"taxonomy":"product_brand","embeddable":true,"href":"https:\/\/fisio-shop.pt\/index.php?rest_route=%2Fwp%2Fv2%2Fproduct_brand&post=9095"},{"taxonomy":"product_cat","embeddable":true,"href":"https:\/\/fisio-shop.pt\/index.php?rest_route=%2Fwp%2Fv2%2Fproduct_cat&post=9095"},{"taxonomy":"product_tag","embeddable":true,"href":"https:\/\/fisio-shop.pt\/index.php?rest_route=%2Fwp%2Fv2%2Fproduct_tag&post=9095"}],"curies":[{"name":"wp","href":"https:\/\/api.w.org\/{rel}","templated":true}]}}