{"id":9114,"date":"2017-06-27T12:31:00","date_gmt":"2017-06-27T12:31:00","guid":{"rendered":"https:\/\/fisio-shop.pt\/loja\/saco-ressuscitacao-padulto-ambu\/"},"modified":"2026-02-25T19:57:56","modified_gmt":"2026-02-25T19:57:56","slug":"saco-ressuscitacao-padulto-ambu","status":"publish","type":"product","link":"https:\/\/fisio-shop.pt\/?product=saco-ressuscitacao-padulto-ambu","title":{"rendered":"SACO RESSUSCITA\u00c7\u00c3O P\/ADULTO AMBU\u00ae"},"content":{"rendered":"<ul>\n<li>Concebido de acordo com o princ\u00edpio original de parede dupla;<\/li>\n<li>Saco robusto sem l\u00e1tex;<\/li>\n<li>Proporciona com um excelente feedback visual e t\u00e1ctil durante a ressuscita\u00e7\u00e3o manual;<\/li>\n<li>A limita\u00e7\u00e3o da press\u00e3o integrada previne a compress\u00e3o se houver resist\u00eancia por parte das vias respirat\u00f3rias do doente;<\/li>\n<li>Adequado para adultos e crian\u00e7as com mais de 15 kg (3 anos);<\/li>\n<li>Pode ir a autoclave a 134\u00baC;<\/li>\n<li>Volume m\u00e1ximo: 1300ml.<strong>\u00a0<\/strong><\/li>\n<\/ul>\n<p><strong>Acess\u00f3rios standard inclu\u00eddos:<\/strong><\/p>\n<ul>\n<li>M\u00e1scara facial n.\u00ba 5;<\/li>\n<li>V\u00e1lvula de fecho individual;<\/li>\n<li>Ref: 34200;<\/li>\n<li>Pais de origem: It\u00e1lia.<\/li>\n<\/ul>\n<p>&nbsp;<\/p>\n","protected":false},"excerpt":{"rendered":"<p>Saco para ressuscita\u00e7\u00e3o para adulto\u00a0AMBU\u00ae MARK IV, concebido de acordo com o princ\u00edpio original de parede dupla.<\/p>\n<p>&nbsp;<\/p>\n","protected":false},"featured_media":11434,"comment_status":"open","ping_status":"closed","template":"","meta":{"rs_blank_template":"","rs_page_bg_color":"","slide_template_v7":""},"product_brand":[],"product_cat":[1812,1398,1400,1556,1566,1568,1795],"product_tag":[563,564,565],"class_list":{"0":"post-9114","1":"product","2":"type-product","3":"status-publish","4":"has-post-thumbnail","6":"product_cat-fisiologia-do-exercicio","7":"product_cat-geriatria","8":"product_cat-medicina-fisica-e-desportiva","9":"product_cat-gabinete-medico-e-de-enfermagem","10":"product_cat-reanimacao-gabinete-medico-e-de-enfermagem","11":"product_cat-acessorios-e-consumiveis-reanimacao-gabinete-medico-e-de-enfermagem","12":"product_cat-aparatologia-de-avaliacao-e-monotorizacao","13":"product_tag-ambu","14":"product_tag-reanimacao","15":"product_tag-saco-de-ressuscitacao-para-adulto","17":"first","18":"instock","19":"shipping-taxable","20":"purchasable","21":"product-type-simple"},"aioseo_notices":[],"etheme_brands":{"errors":{"invalid_taxonomy":["Taxonomia inv\u00e1lida."]},"error_data":[]},"aioseo_head":"\n\t\t<!-- All in One SEO Pro 4.9.0 - aioseo.com -->\n\t<meta name=\"description\" content=\"Saco para ressuscita\u00e7\u00e3o para adulto AMBU\u00ae MARK IV, concebido de acordo com o princ\u00edpio original de parede dupla.\" \/>\n\t<meta name=\"robots\" content=\"max-image-preview:large\" \/>\n\t<link rel=\"canonical\" href=\"https:\/\/fisio-shop.pt\/?product=saco-ressuscitacao-padulto-ambu\" \/>\n\t<meta name=\"generator\" content=\"All in One SEO Pro (AIOSEO) 4.9.0\" \/>\n\t\t<meta property=\"og:locale\" content=\"pt_PT\" \/>\n\t\t<meta property=\"og:site_name\" content=\"Fisio-shop - Empresa especializada na distribui\u00e7\u00e3o de equipamentos profissionais para os mercados da Fisioterapia, Geriatria, Fitness e Medicina Desportiva.\" \/>\n\t\t<meta property=\"og:type\" content=\"article\" \/>\n\t\t<meta property=\"og:title\" content=\"SACO RESSUSCITA\u00c7\u00c3O P\/ADULTO AMBU\u00ae - Fisio-shop\" \/>\n\t\t<meta property=\"og:description\" content=\"Saco para ressuscita\u00e7\u00e3o para adulto AMBU\u00ae MARK IV, concebido de acordo com o princ\u00edpio original de parede dupla.\" \/>\n\t\t<meta property=\"og:url\" content=\"https:\/\/fisio-shop.pt\/?product=saco-ressuscitacao-padulto-ambu\" \/>\n\t\t<meta property=\"og:image\" content=\"https:\/\/fisio-shop.pt\/wp-content\/uploads\/2026\/04\/android-chrome-192x192-1.png\" \/>\n\t\t<meta property=\"og:image:secure_url\" content=\"https:\/\/fisio-shop.pt\/wp-content\/uploads\/2026\/04\/android-chrome-192x192-1.png\" \/>\n\t\t<meta property=\"article:published_time\" content=\"2017-06-27T12:31:00+00:00\" \/>\n\t\t<meta property=\"article:modified_time\" content=\"2026-02-25T19:57:56+00:00\" \/>\n\t\t<meta property=\"article:publisher\" content=\"https:\/\/www.facebook.com\/p\/Fisioshop-Comrcio-de-Equipamentos-Lda-100036934916130\/\" \/>\n\t\t<meta name=\"twitter:card\" content=\"summary_large_image\" \/>\n\t\t<meta name=\"twitter:title\" content=\"SACO RESSUSCITA\u00c7\u00c3O P\/ADULTO AMBU\u00ae - Fisio-shop\" \/>\n\t\t<meta name=\"twitter:description\" content=\"Saco para ressuscita\u00e7\u00e3o para adulto AMBU\u00ae MARK IV, concebido de acordo com o princ\u00edpio original de parede dupla.\" \/>\n\t\t<meta name=\"twitter:image\" content=\"https:\/\/fisio-shop.pt\/wp-content\/uploads\/2026\/04\/android-chrome-192x192-1.png\" \/>\n\t\t<script type=\"application\/ld+json\" class=\"aioseo-schema\">\n\t\t\t{\"@context\":\"https:\\\/\\\/schema.org\",\"@graph\":[{\"@type\":\"BreadcrumbList\",\"@id\":\"https:\\\/\\\/fisio-shop.pt\\\/?product=saco-ressuscitacao-padulto-ambu#breadcrumblist\",\"itemListElement\":[{\"@type\":\"ListItem\",\"@id\":\"https:\\\/\\\/fisio-shop.pt#listItem\",\"position\":1,\"name\":\"Home\",\"item\":\"https:\\\/\\\/fisio-shop.pt\",\"nextItem\":{\"@type\":\"ListItem\",\"@id\":\"https:\\\/\\\/fisio-shop.pt\\\/?page_id=5#listItem\",\"name\":\"Loja\"}},{\"@type\":\"ListItem\",\"@id\":\"https:\\\/\\\/fisio-shop.pt\\\/?page_id=5#listItem\",\"position\":2,\"name\":\"Loja\",\"item\":\"https:\\\/\\\/fisio-shop.pt\\\/?page_id=5\",\"nextItem\":{\"@type\":\"ListItem\",\"@id\":\"https:\\\/\\\/fisio-shop.pt\\\/?product_cat=geriatria#listItem\",\"name\":\"Geriatria\"},\"previousItem\":{\"@type\":\"ListItem\",\"@id\":\"https:\\\/\\\/fisio-shop.pt#listItem\",\"name\":\"Home\"}},{\"@type\":\"ListItem\",\"@id\":\"https:\\\/\\\/fisio-shop.pt\\\/?product_cat=geriatria#listItem\",\"position\":3,\"name\":\"Geriatria\",\"item\":\"https:\\\/\\\/fisio-shop.pt\\\/?product_cat=geriatria\",\"nextItem\":{\"@type\":\"ListItem\",\"@id\":\"https:\\\/\\\/fisio-shop.pt\\\/?product_cat=gabinete-medico-e-de-enfermagem#listItem\",\"name\":\"Gabinete m\\u00e9dico e de Enfermagem\"},\"previousItem\":{\"@type\":\"ListItem\",\"@id\":\"https:\\\/\\\/fisio-shop.pt\\\/?page_id=5#listItem\",\"name\":\"Loja\"}},{\"@type\":\"ListItem\",\"@id\":\"https:\\\/\\\/fisio-shop.pt\\\/?product_cat=gabinete-medico-e-de-enfermagem#listItem\",\"position\":4,\"name\":\"Gabinete m\\u00e9dico e de Enfermagem\",\"item\":\"https:\\\/\\\/fisio-shop.pt\\\/?product_cat=gabinete-medico-e-de-enfermagem\",\"nextItem\":{\"@type\":\"ListItem\",\"@id\":\"https:\\\/\\\/fisio-shop.pt\\\/?product_cat=reanimacao-gabinete-medico-e-de-enfermagem#listItem\",\"name\":\"Reanima\\u00e7\\u00e3o\"},\"previousItem\":{\"@type\":\"ListItem\",\"@id\":\"https:\\\/\\\/fisio-shop.pt\\\/?product_cat=geriatria#listItem\",\"name\":\"Geriatria\"}},{\"@type\":\"ListItem\",\"@id\":\"https:\\\/\\\/fisio-shop.pt\\\/?product_cat=reanimacao-gabinete-medico-e-de-enfermagem#listItem\",\"position\":5,\"name\":\"Reanima\\u00e7\\u00e3o\",\"item\":\"https:\\\/\\\/fisio-shop.pt\\\/?product_cat=reanimacao-gabinete-medico-e-de-enfermagem\",\"nextItem\":{\"@type\":\"ListItem\",\"@id\":\"https:\\\/\\\/fisio-shop.pt\\\/?product_cat=acessorios-e-consumiveis-reanimacao-gabinete-medico-e-de-enfermagem#listItem\",\"name\":\"Acess\\u00f3rios e consum\\u00edveis\"},\"previousItem\":{\"@type\":\"ListItem\",\"@id\":\"https:\\\/\\\/fisio-shop.pt\\\/?product_cat=gabinete-medico-e-de-enfermagem#listItem\",\"name\":\"Gabinete m\\u00e9dico e de Enfermagem\"}},{\"@type\":\"ListItem\",\"@id\":\"https:\\\/\\\/fisio-shop.pt\\\/?product_cat=acessorios-e-consumiveis-reanimacao-gabinete-medico-e-de-enfermagem#listItem\",\"position\":6,\"name\":\"Acess\\u00f3rios e consum\\u00edveis\",\"item\":\"https:\\\/\\\/fisio-shop.pt\\\/?product_cat=acessorios-e-consumiveis-reanimacao-gabinete-medico-e-de-enfermagem\",\"nextItem\":{\"@type\":\"ListItem\",\"@id\":\"https:\\\/\\\/fisio-shop.pt\\\/?product=saco-ressuscitacao-padulto-ambu#listItem\",\"name\":\"SACO RESSUSCITA\\u00c7\\u00c3O P\\\/ADULTO AMBU\\u00ae\"},\"previousItem\":{\"@type\":\"ListItem\",\"@id\":\"https:\\\/\\\/fisio-shop.pt\\\/?product_cat=reanimacao-gabinete-medico-e-de-enfermagem#listItem\",\"name\":\"Reanima\\u00e7\\u00e3o\"}},{\"@type\":\"ListItem\",\"@id\":\"https:\\\/\\\/fisio-shop.pt\\\/?product=saco-ressuscitacao-padulto-ambu#listItem\",\"position\":7,\"name\":\"SACO RESSUSCITA\\u00c7\\u00c3O P\\\/ADULTO AMBU\\u00ae\",\"previousItem\":{\"@type\":\"ListItem\",\"@id\":\"https:\\\/\\\/fisio-shop.pt\\\/?product_cat=acessorios-e-consumiveis-reanimacao-gabinete-medico-e-de-enfermagem#listItem\",\"name\":\"Acess\\u00f3rios e consum\\u00edveis\"}}]},{\"@type\":\"Organization\",\"@id\":\"https:\\\/\\\/fisio-shop.pt\\\/#organization\",\"name\":\"Fisio-shop\",\"description\":\"Empresa especializada na distribui\\u00e7\\u00e3o de equipamentos profissionais para os mercados da Fisioterapia, Geriatria, Fitness e Medicina Desportiva. Empresa especializada na distribui\\u00e7\\u00e3o de equipamentos profissionais para os mercados da Fisioterapia, Geriatria, Fitness e Medicina Desportiva.\",\"url\":\"https:\\\/\\\/fisio-shop.pt\\\/\",\"logo\":{\"@type\":\"ImageObject\",\"url\":\"https:\\\/\\\/fisio-shop.pt\\\/wp-content\\\/uploads\\\/2026\\\/04\\\/android-chrome-192x192-1.png\",\"@id\":\"https:\\\/\\\/fisio-shop.pt\\\/?product=saco-ressuscitacao-padulto-ambu\\\/#organizationLogo\"},\"image\":{\"@id\":\"https:\\\/\\\/fisio-shop.pt\\\/?product=saco-ressuscitacao-padulto-ambu\\\/#organizationLogo\"},\"sameAs\":[\"https:\\\/\\\/www.facebook.com\\\/p\\\/Fisioshop-Comrcio-de-Equipamentos-Lda-100036934916130\\\/\"]},{\"@type\":\"Product\",\"@id\":\"https:\\\/\\\/fisio-shop.pt\\\/?product=saco-ressuscitacao-padulto-ambu#wooCommerceProduct\",\"name\":\"SACO RESSUSCITA\\u00c7\\u00c3O P\\\/ADULTO AMBU\\u00ae\",\"description\":\"Saco para ressuscita\\u00e7\\u00e3o para adulto\\u00a0AMBU\\u00ae MARK IV, concebido de acordo com o princ\\u00edpio original de parede dupla.\\n\\n&nbsp;\",\"url\":\"https:\\\/\\\/fisio-shop.pt\\\/?product=saco-ressuscitacao-padulto-ambu\",\"sku\":\"34200\",\"image\":{\"@type\":\"ImageObject\",\"url\":\"https:\\\/\\\/fisio-shop.pt\\\/wp-content\\\/uploads\\\/2026\\\/02\\\/SACO-PARA-RESSUSCITACAO-PARA-ADULTO-AMBU\\u00ae-MARK-IV-1.jpg\",\"@id\":\"https:\\\/\\\/fisio-shop.pt\\\/?product=saco-ressuscitacao-padulto-ambu\\\/#productImage\",\"width\":531,\"height\":337},\"offers\":{\"@type\":\"Offer\",\"url\":\"https:\\\/\\\/fisio-shop.pt\\\/?product=saco-ressuscitacao-padulto-ambu#wooCommerceOffer\",\"price\":300.48,\"priceCurrency\":\"EUR\",\"category\":\"Geriatria\",\"availability\":\"https:\\\/\\\/schema.org\\\/InStock\",\"priceSpecification\":{\"@type\":\"PriceSpecification\",\"price\":300.48,\"priceCurrency\":\"EUR\",\"valueAddedTaxIncluded\":\"true\"},\"seller\":{\"@type\":\"Organization\",\"@id\":\"https:\\\/\\\/fisio-shop.pt\\\/#organization\"}}},{\"@type\":\"WebPage\",\"@id\":\"https:\\\/\\\/fisio-shop.pt\\\/?product=saco-ressuscitacao-padulto-ambu#webpage\",\"url\":\"https:\\\/\\\/fisio-shop.pt\\\/?product=saco-ressuscitacao-padulto-ambu\",\"name\":\"SACO RESSUSCITA\\u00c7\\u00c3O P\\\/ADULTO AMBU\\u00ae - Fisio-shop\",\"description\":\"Saco para ressuscita\\u00e7\\u00e3o para adulto AMBU\\u00ae MARK IV, concebido de acordo com o princ\\u00edpio original de parede dupla.\",\"inLanguage\":\"pt-PT\",\"isPartOf\":{\"@id\":\"https:\\\/\\\/fisio-shop.pt\\\/#website\"},\"breadcrumb\":{\"@id\":\"https:\\\/\\\/fisio-shop.pt\\\/?product=saco-ressuscitacao-padulto-ambu#breadcrumblist\"},\"image\":{\"@type\":\"ImageObject\",\"url\":\"https:\\\/\\\/fisio-shop.pt\\\/wp-content\\\/uploads\\\/2026\\\/02\\\/SACO-PARA-RESSUSCITACAO-PARA-ADULTO-AMBU\\u00ae-MARK-IV-1.jpg\",\"@id\":\"https:\\\/\\\/fisio-shop.pt\\\/?product=saco-ressuscitacao-padulto-ambu\\\/#mainImage\",\"width\":531,\"height\":337},\"primaryImageOfPage\":{\"@id\":\"https:\\\/\\\/fisio-shop.pt\\\/?product=saco-ressuscitacao-padulto-ambu#mainImage\"},\"datePublished\":\"2017-06-27T12:31:00+00:00\",\"dateModified\":\"2026-02-25T19:57:56+00:00\"},{\"@type\":\"WebSite\",\"@id\":\"https:\\\/\\\/fisio-shop.pt\\\/#website\",\"url\":\"https:\\\/\\\/fisio-shop.pt\\\/\",\"name\":\"Fisio-shop\",\"description\":\"Empresa especializada na distribui\\u00e7\\u00e3o de equipamentos profissionais para os mercados da Fisioterapia, Geriatria, Fitness e Medicina Desportiva.\",\"inLanguage\":\"pt-PT\",\"publisher\":{\"@id\":\"https:\\\/\\\/fisio-shop.pt\\\/#organization\"}}]}\n\t\t<\/script>\n\t\t<!-- All in One SEO Pro -->\r\n\t\t<title>SACO RESSUSCITA\u00c7\u00c3O P\/ADULTO AMBU\u00ae - Fisio-shop<\/title>\n\n","aioseo_head_json":{"title":"SACO RESSUSCITA\u00c7\u00c3O P\/ADULTO AMBU\u00ae - Fisio-shop","description":"Saco para ressuscita\u00e7\u00e3o para adulto AMBU\u00ae MARK IV, concebido de acordo com o princ\u00edpio original de parede dupla.","canonical_url":"https:\/\/fisio-shop.pt\/?product=saco-ressuscitacao-padulto-ambu","robots":"max-image-preview:large","keywords":"","webmasterTools":{"miscellaneous":""},"schema":{"@context":"https:\/\/schema.org","@graph":[{"@type":"BreadcrumbList","@id":"https:\/\/fisio-shop.pt\/?product=saco-ressuscitacao-padulto-ambu#breadcrumblist","itemListElement":[{"@type":"ListItem","@id":"https:\/\/fisio-shop.pt#listItem","position":1,"name":"Home","item":"https:\/\/fisio-shop.pt","nextItem":{"@type":"ListItem","@id":"https:\/\/fisio-shop.pt\/?page_id=5#listItem","name":"Loja"}},{"@type":"ListItem","@id":"https:\/\/fisio-shop.pt\/?page_id=5#listItem","position":2,"name":"Loja","item":"https:\/\/fisio-shop.pt\/?page_id=5","nextItem":{"@type":"ListItem","@id":"https:\/\/fisio-shop.pt\/?product_cat=geriatria#listItem","name":"Geriatria"},"previousItem":{"@type":"ListItem","@id":"https:\/\/fisio-shop.pt#listItem","name":"Home"}},{"@type":"ListItem","@id":"https:\/\/fisio-shop.pt\/?product_cat=geriatria#listItem","position":3,"name":"Geriatria","item":"https:\/\/fisio-shop.pt\/?product_cat=geriatria","nextItem":{"@type":"ListItem","@id":"https:\/\/fisio-shop.pt\/?product_cat=gabinete-medico-e-de-enfermagem#listItem","name":"Gabinete m\u00e9dico e de Enfermagem"},"previousItem":{"@type":"ListItem","@id":"https:\/\/fisio-shop.pt\/?page_id=5#listItem","name":"Loja"}},{"@type":"ListItem","@id":"https:\/\/fisio-shop.pt\/?product_cat=gabinete-medico-e-de-enfermagem#listItem","position":4,"name":"Gabinete m\u00e9dico e de Enfermagem","item":"https:\/\/fisio-shop.pt\/?product_cat=gabinete-medico-e-de-enfermagem","nextItem":{"@type":"ListItem","@id":"https:\/\/fisio-shop.pt\/?product_cat=reanimacao-gabinete-medico-e-de-enfermagem#listItem","name":"Reanima\u00e7\u00e3o"},"previousItem":{"@type":"ListItem","@id":"https:\/\/fisio-shop.pt\/?product_cat=geriatria#listItem","name":"Geriatria"}},{"@type":"ListItem","@id":"https:\/\/fisio-shop.pt\/?product_cat=reanimacao-gabinete-medico-e-de-enfermagem#listItem","position":5,"name":"Reanima\u00e7\u00e3o","item":"https:\/\/fisio-shop.pt\/?product_cat=reanimacao-gabinete-medico-e-de-enfermagem","nextItem":{"@type":"ListItem","@id":"https:\/\/fisio-shop.pt\/?product_cat=acessorios-e-consumiveis-reanimacao-gabinete-medico-e-de-enfermagem#listItem","name":"Acess\u00f3rios e consum\u00edveis"},"previousItem":{"@type":"ListItem","@id":"https:\/\/fisio-shop.pt\/?product_cat=gabinete-medico-e-de-enfermagem#listItem","name":"Gabinete m\u00e9dico e de Enfermagem"}},{"@type":"ListItem","@id":"https:\/\/fisio-shop.pt\/?product_cat=acessorios-e-consumiveis-reanimacao-gabinete-medico-e-de-enfermagem#listItem","position":6,"name":"Acess\u00f3rios e consum\u00edveis","item":"https:\/\/fisio-shop.pt\/?product_cat=acessorios-e-consumiveis-reanimacao-gabinete-medico-e-de-enfermagem","nextItem":{"@type":"ListItem","@id":"https:\/\/fisio-shop.pt\/?product=saco-ressuscitacao-padulto-ambu#listItem","name":"SACO RESSUSCITA\u00c7\u00c3O P\/ADULTO AMBU\u00ae"},"previousItem":{"@type":"ListItem","@id":"https:\/\/fisio-shop.pt\/?product_cat=reanimacao-gabinete-medico-e-de-enfermagem#listItem","name":"Reanima\u00e7\u00e3o"}},{"@type":"ListItem","@id":"https:\/\/fisio-shop.pt\/?product=saco-ressuscitacao-padulto-ambu#listItem","position":7,"name":"SACO RESSUSCITA\u00c7\u00c3O P\/ADULTO AMBU\u00ae","previousItem":{"@type":"ListItem","@id":"https:\/\/fisio-shop.pt\/?product_cat=acessorios-e-consumiveis-reanimacao-gabinete-medico-e-de-enfermagem#listItem","name":"Acess\u00f3rios e consum\u00edveis"}}]},{"@type":"Organization","@id":"https:\/\/fisio-shop.pt\/#organization","name":"Fisio-shop","description":"Empresa especializada na distribui\u00e7\u00e3o de equipamentos profissionais para os mercados da Fisioterapia, Geriatria, Fitness e Medicina Desportiva. Empresa especializada na distribui\u00e7\u00e3o de equipamentos profissionais para os mercados da Fisioterapia, Geriatria, Fitness e Medicina Desportiva.","url":"https:\/\/fisio-shop.pt\/","logo":{"@type":"ImageObject","url":"https:\/\/fisio-shop.pt\/wp-content\/uploads\/2026\/04\/android-chrome-192x192-1.png","@id":"https:\/\/fisio-shop.pt\/?product=saco-ressuscitacao-padulto-ambu\/#organizationLogo"},"image":{"@id":"https:\/\/fisio-shop.pt\/?product=saco-ressuscitacao-padulto-ambu\/#organizationLogo"},"sameAs":["https:\/\/www.facebook.com\/p\/Fisioshop-Comrcio-de-Equipamentos-Lda-100036934916130\/"]},{"@type":"Product","@id":"https:\/\/fisio-shop.pt\/?product=saco-ressuscitacao-padulto-ambu#wooCommerceProduct","name":"SACO RESSUSCITA\u00c7\u00c3O P\/ADULTO AMBU\u00ae","description":"Saco para ressuscita\u00e7\u00e3o para adulto\u00a0AMBU\u00ae MARK IV, concebido de acordo com o princ\u00edpio original de parede dupla.\n\n&nbsp;","url":"https:\/\/fisio-shop.pt\/?product=saco-ressuscitacao-padulto-ambu","sku":"34200","image":{"@type":"ImageObject","url":"https:\/\/fisio-shop.pt\/wp-content\/uploads\/2026\/02\/SACO-PARA-RESSUSCITACAO-PARA-ADULTO-AMBU\u00ae-MARK-IV-1.jpg","@id":"https:\/\/fisio-shop.pt\/?product=saco-ressuscitacao-padulto-ambu\/#productImage","width":531,"height":337},"offers":{"@type":"Offer","url":"https:\/\/fisio-shop.pt\/?product=saco-ressuscitacao-padulto-ambu#wooCommerceOffer","price":300.48,"priceCurrency":"EUR","category":"Geriatria","availability":"https:\/\/schema.org\/InStock","priceSpecification":{"@type":"PriceSpecification","price":300.48,"priceCurrency":"EUR","valueAddedTaxIncluded":"true"},"seller":{"@type":"Organization","@id":"https:\/\/fisio-shop.pt\/#organization"}}},{"@type":"WebPage","@id":"https:\/\/fisio-shop.pt\/?product=saco-ressuscitacao-padulto-ambu#webpage","url":"https:\/\/fisio-shop.pt\/?product=saco-ressuscitacao-padulto-ambu","name":"SACO RESSUSCITA\u00c7\u00c3O P\/ADULTO AMBU\u00ae - Fisio-shop","description":"Saco para ressuscita\u00e7\u00e3o para adulto AMBU\u00ae MARK IV, concebido de acordo com o princ\u00edpio original de parede dupla.","inLanguage":"pt-PT","isPartOf":{"@id":"https:\/\/fisio-shop.pt\/#website"},"breadcrumb":{"@id":"https:\/\/fisio-shop.pt\/?product=saco-ressuscitacao-padulto-ambu#breadcrumblist"},"image":{"@type":"ImageObject","url":"https:\/\/fisio-shop.pt\/wp-content\/uploads\/2026\/02\/SACO-PARA-RESSUSCITACAO-PARA-ADULTO-AMBU\u00ae-MARK-IV-1.jpg","@id":"https:\/\/fisio-shop.pt\/?product=saco-ressuscitacao-padulto-ambu\/#mainImage","width":531,"height":337},"primaryImageOfPage":{"@id":"https:\/\/fisio-shop.pt\/?product=saco-ressuscitacao-padulto-ambu#mainImage"},"datePublished":"2017-06-27T12:31:00+00:00","dateModified":"2026-02-25T19:57:56+00:00"},{"@type":"WebSite","@id":"https:\/\/fisio-shop.pt\/#website","url":"https:\/\/fisio-shop.pt\/","name":"Fisio-shop","description":"Empresa especializada na distribui\u00e7\u00e3o de equipamentos profissionais para os mercados da Fisioterapia, Geriatria, Fitness e Medicina Desportiva.","inLanguage":"pt-PT","publisher":{"@id":"https:\/\/fisio-shop.pt\/#organization"}}]},"og:locale":"pt_PT","og:site_name":"Fisio-shop - Empresa especializada na distribui\u00e7\u00e3o de equipamentos profissionais para os mercados da Fisioterapia, Geriatria, Fitness e Medicina Desportiva.","og:type":"article","og:title":"SACO RESSUSCITA\u00c7\u00c3O P\/ADULTO AMBU\u00ae - Fisio-shop","og:description":"Saco para ressuscita\u00e7\u00e3o para adulto AMBU\u00ae MARK IV, concebido de acordo com o princ\u00edpio original de parede dupla.","og:url":"https:\/\/fisio-shop.pt\/?product=saco-ressuscitacao-padulto-ambu","og:image":"https:\/\/fisio-shop.pt\/wp-content\/uploads\/2026\/04\/android-chrome-192x192-1.png","og:image:secure_url":"https:\/\/fisio-shop.pt\/wp-content\/uploads\/2026\/04\/android-chrome-192x192-1.png","article:published_time":"2017-06-27T12:31:00+00:00","article:modified_time":"2026-02-25T19:57:56+00:00","article:publisher":"https:\/\/www.facebook.com\/p\/Fisioshop-Comrcio-de-Equipamentos-Lda-100036934916130\/","twitter:card":"summary_large_image","twitter:title":"SACO RESSUSCITA\u00c7\u00c3O P\/ADULTO AMBU\u00ae - Fisio-shop","twitter:description":"Saco para ressuscita\u00e7\u00e3o para adulto AMBU\u00ae MARK IV, concebido de acordo com o princ\u00edpio original de parede dupla.","twitter:image":"https:\/\/fisio-shop.pt\/wp-content\/uploads\/2026\/04\/android-chrome-192x192-1.png"},"aioseo_meta_data":{"post_id":"9114","title":null,"description":null,"keywords":null,"keyphrases":null,"primary_term":null,"canonical_url":null,"og_title":null,"og_description":null,"og_object_type":"default","og_image_type":"default","og_image_url":null,"og_image_width":null,"og_image_height":null,"og_image_custom_url":null,"og_image_custom_fields":null,"og_video":null,"og_custom_url":null,"og_article_section":null,"og_article_tags":null,"twitter_use_og":false,"twitter_card":"default","twitter_image_type":"default","twitter_image_url":null,"twitter_image_custom_url":null,"twitter_image_custom_fields":null,"twitter_title":null,"twitter_description":null,"schema":{"blockGraphs":[],"customGraphs":[],"default":{"data":{"Article":[],"Course":[],"Dataset":[],"FAQPage":[],"Movie":[],"Person":[],"Product":[],"ProductReview":[],"Car":[],"Recipe":[],"Service":[],"SoftwareApplication":[],"WebPage":[]},"graphName":"","isEnabled":true},"graphs":[]},"schema_type":"default","schema_type_options":null,"pillar_content":false,"robots_default":true,"robots_noindex":false,"robots_noarchive":false,"robots_nosnippet":false,"robots_nofollow":false,"robots_noimageindex":false,"robots_noodp":false,"robots_notranslate":false,"robots_max_snippet":null,"robots_max_videopreview":null,"robots_max_imagepreview":"large","priority":null,"frequency":null,"local_seo":null,"seo_analyzer_scan_date":"2026-04-18 10:49:08","breadcrumb_settings":null,"limit_modified_date":false,"open_ai":null,"ai":null,"created":"2026-04-18 07:02:19","updated":"2026-04-18 21:53:01"},"aioseo_breadcrumb":"<div class=\"aioseo-breadcrumbs\"><span class=\"aioseo-breadcrumb\">\n\t<a href=\"https:\/\/fisio-shop.pt\" title=\"Home\">Home<\/a>\n<\/span><span class=\"aioseo-breadcrumb-separator\">\u00bb<\/span><span class=\"aioseo-breadcrumb\">\n\t<a href=\"https:\/\/fisio-shop.pt\/?page_id=5\" title=\"Loja\">Loja<\/a>\n<\/span><span class=\"aioseo-breadcrumb-separator\">\u00bb<\/span><span class=\"aioseo-breadcrumb\">\n\t<a href=\"https:\/\/fisio-shop.pt\/?product_cat=geriatria\" title=\"Geriatria\">Geriatria<\/a>\n<\/span><span class=\"aioseo-breadcrumb-separator\">\u00bb<\/span><span class=\"aioseo-breadcrumb\">\n\t<a href=\"https:\/\/fisio-shop.pt\/?product_cat=gabinete-medico-e-de-enfermagem\" title=\"Gabinete m\u00e9dico e de Enfermagem\">Gabinete m\u00e9dico e de Enfermagem<\/a>\n<\/span><span class=\"aioseo-breadcrumb-separator\">\u00bb<\/span><span class=\"aioseo-breadcrumb\">\n\t<a href=\"https:\/\/fisio-shop.pt\/?product_cat=reanimacao-gabinete-medico-e-de-enfermagem\" title=\"Reanima\u00e7\u00e3o\">Reanima\u00e7\u00e3o<\/a>\n<\/span><span class=\"aioseo-breadcrumb-separator\">\u00bb<\/span><span class=\"aioseo-breadcrumb\">\n\t<a href=\"https:\/\/fisio-shop.pt\/?product_cat=acessorios-e-consumiveis-reanimacao-gabinete-medico-e-de-enfermagem\" title=\"Acess\u00f3rios e consum\u00edveis\">Acess\u00f3rios e consum\u00edveis<\/a>\n<\/span><span class=\"aioseo-breadcrumb-separator\">\u00bb<\/span><span class=\"aioseo-breadcrumb\">\n\tSACO RESSUSCITA\u00c7\u00c3O P\/ADULTO AMBU\u00ae\n<\/span><\/div>","aioseo_breadcrumb_json":[{"label":"Home","link":"https:\/\/fisio-shop.pt"},{"label":"Loja","link":"https:\/\/fisio-shop.pt\/?page_id=5"},{"label":"Geriatria","link":"https:\/\/fisio-shop.pt\/?product_cat=geriatria"},{"label":"Gabinete m\u00e9dico e de Enfermagem","link":"https:\/\/fisio-shop.pt\/?product_cat=gabinete-medico-e-de-enfermagem"},{"label":"Reanima\u00e7\u00e3o","link":"https:\/\/fisio-shop.pt\/?product_cat=reanimacao-gabinete-medico-e-de-enfermagem"},{"label":"Acess\u00f3rios e consum\u00edveis","link":"https:\/\/fisio-shop.pt\/?product_cat=acessorios-e-consumiveis-reanimacao-gabinete-medico-e-de-enfermagem"},{"label":"SACO RESSUSCITA\u00c7\u00c3O P\/ADULTO AMBU\u00ae","link":"https:\/\/fisio-shop.pt\/?product=saco-ressuscitacao-padulto-ambu"}],"_links":{"self":[{"href":"https:\/\/fisio-shop.pt\/index.php?rest_route=\/wp\/v2\/product\/9114","targetHints":{"allow":["GET"]}}],"collection":[{"href":"https:\/\/fisio-shop.pt\/index.php?rest_route=\/wp\/v2\/product"}],"about":[{"href":"https:\/\/fisio-shop.pt\/index.php?rest_route=\/wp\/v2\/types\/product"}],"replies":[{"embeddable":true,"href":"https:\/\/fisio-shop.pt\/index.php?rest_route=%2Fwp%2Fv2%2Fcomments&post=9114"}],"version-history":[{"count":0,"href":"https:\/\/fisio-shop.pt\/index.php?rest_route=\/wp\/v2\/product\/9114\/revisions"}],"wp:featuredmedia":[{"embeddable":true,"href":"https:\/\/fisio-shop.pt\/index.php?rest_route=\/wp\/v2\/media\/11434"}],"wp:attachment":[{"href":"https:\/\/fisio-shop.pt\/index.php?rest_route=%2Fwp%2Fv2%2Fmedia&parent=9114"}],"wp:term":[{"taxonomy":"product_brand","embeddable":true,"href":"https:\/\/fisio-shop.pt\/index.php?rest_route=%2Fwp%2Fv2%2Fproduct_brand&post=9114"},{"taxonomy":"product_cat","embeddable":true,"href":"https:\/\/fisio-shop.pt\/index.php?rest_route=%2Fwp%2Fv2%2Fproduct_cat&post=9114"},{"taxonomy":"product_tag","embeddable":true,"href":"https:\/\/fisio-shop.pt\/index.php?rest_route=%2Fwp%2Fv2%2Fproduct_tag&post=9114"}],"curies":[{"name":"wp","href":"https:\/\/api.w.org\/{rel}","templated":true}]}}