{"id":9286,"date":"2017-06-28T09:32:44","date_gmt":"2017-06-28T09:32:44","guid":{"rendered":"https:\/\/fisio-shop.pt\/loja\/cadeirao-individual-encosto-medio-com-bracos-rectos\/"},"modified":"2026-02-25T19:58:37","modified_gmt":"2026-02-25T19:58:37","slug":"cadeirao-individual-encosto-medio-com-bracos-rectos","status":"publish","type":"product","link":"https:\/\/fisio-shop.pt\/?product=cadeirao-individual-encosto-medio-com-bracos-rectos","title":{"rendered":"CADEIR\u00c3O INDIVIDUAL ENCOSTO M\u00c9DIO COM BRA\u00c7OS RECTOS"},"content":{"rendered":"<ul>\n<li>Madeira de faia maci\u00e7a;<\/li>\n<li>Estofado a Tela C (Pantanal):<\/li>\n<li>Protec\u00e7\u00e3o antimicrobinana, antibacteriana;<\/li>\n<li>Resistente ao calor;<\/li>\n<li>transpira\u00e7\u00e3o e saliva, urina, sangue, \u00f3leos de girassol e manchas;<\/li>\n<li>F\u00e1cil limpeza com agua e sab\u00e3o;<\/li>\n<li>Dimens\u00f5es: AL1020 x L660 x P790 mm;<\/li>\n<li>Ref: CHCD15-C;<\/li>\n<li>Pais de origem: Portugal.<\/li>\n<\/ul>\n","protected":false},"excerpt":{"rendered":"<p>Cadeir\u00e3o individual com encosto m\u00e9dio e bra\u00e7os rectos.<\/p>\n","protected":false},"featured_media":11581,"comment_status":"open","ping_status":"closed","template":"","meta":{"rs_blank_template":"","rs_page_bg_color":"","slide_template_v7":""},"product_brand":[],"product_cat":[1398,1541,1542],"product_tag":[454,455,662,663,691,692],"class_list":{"0":"post-9286","1":"product","2":"type-product","3":"status-publish","4":"has-post-thumbnail","6":"product_cat-geriatria","7":"product_cat-mobiliario-para-zonas-coletivas","8":"product_cat-cadeiras","9":"product_tag-cuidados-continuados","10":"product_tag-geriatria","11":"product_tag-sala-de-convivio","12":"product_tag-sala-de-estar","13":"product_tag-bracos-retos","14":"product_tag-cadeirao-individual","16":"first","17":"instock","18":"shipping-taxable","19":"purchasable","20":"product-type-simple"},"aioseo_notices":[],"etheme_brands":{"errors":{"invalid_taxonomy":["Taxonomia inv\u00e1lida."]},"error_data":[]},"aioseo_head":"\n\t\t<!-- All in One SEO Pro 4.9.0 - aioseo.com -->\n\t<meta name=\"description\" content=\"Cadeir\u00e3o individual com encosto m\u00e9dio e bra\u00e7os rectos.\" \/>\n\t<meta name=\"robots\" content=\"max-image-preview:large\" \/>\n\t<link rel=\"canonical\" href=\"https:\/\/fisio-shop.pt\/?product=cadeirao-individual-encosto-medio-com-bracos-rectos\" \/>\n\t<meta name=\"generator\" content=\"All in One SEO Pro (AIOSEO) 4.9.0\" \/>\n\t\t<meta property=\"og:locale\" content=\"pt_PT\" \/>\n\t\t<meta property=\"og:site_name\" content=\"Fisio-shop - Empresa especializada na distribui\u00e7\u00e3o de equipamentos profissionais para os mercados da Fisioterapia, Geriatria, Fitness e Medicina Desportiva.\" \/>\n\t\t<meta property=\"og:type\" content=\"article\" \/>\n\t\t<meta property=\"og:title\" content=\"CADEIR\u00c3O INDIVIDUAL ENCOSTO M\u00c9DIO COM BRA\u00c7OS RECTOS - Fisio-shop\" \/>\n\t\t<meta property=\"og:description\" content=\"Cadeir\u00e3o individual com encosto m\u00e9dio e bra\u00e7os rectos.\" \/>\n\t\t<meta property=\"og:url\" content=\"https:\/\/fisio-shop.pt\/?product=cadeirao-individual-encosto-medio-com-bracos-rectos\" \/>\n\t\t<meta property=\"og:image\" content=\"https:\/\/fisio-shop.pt\/wp-content\/uploads\/2026\/04\/android-chrome-192x192-1.png\" \/>\n\t\t<meta property=\"og:image:secure_url\" content=\"https:\/\/fisio-shop.pt\/wp-content\/uploads\/2026\/04\/android-chrome-192x192-1.png\" \/>\n\t\t<meta property=\"article:published_time\" content=\"2017-06-28T09:32:44+00:00\" \/>\n\t\t<meta property=\"article:modified_time\" content=\"2026-02-25T19:58:37+00:00\" \/>\n\t\t<meta property=\"article:publisher\" content=\"https:\/\/www.facebook.com\/p\/Fisioshop-Comrcio-de-Equipamentos-Lda-100036934916130\/\" \/>\n\t\t<meta name=\"twitter:card\" content=\"summary_large_image\" \/>\n\t\t<meta name=\"twitter:title\" content=\"CADEIR\u00c3O INDIVIDUAL ENCOSTO M\u00c9DIO COM BRA\u00c7OS RECTOS - Fisio-shop\" \/>\n\t\t<meta name=\"twitter:description\" content=\"Cadeir\u00e3o individual com encosto m\u00e9dio e bra\u00e7os rectos.\" \/>\n\t\t<meta name=\"twitter:image\" content=\"https:\/\/fisio-shop.pt\/wp-content\/uploads\/2026\/04\/android-chrome-192x192-1.png\" \/>\n\t\t<script type=\"application\/ld+json\" class=\"aioseo-schema\">\n\t\t\t{\"@context\":\"https:\\\/\\\/schema.org\",\"@graph\":[{\"@type\":\"BreadcrumbList\",\"@id\":\"https:\\\/\\\/fisio-shop.pt\\\/?product=cadeirao-individual-encosto-medio-com-bracos-rectos#breadcrumblist\",\"itemListElement\":[{\"@type\":\"ListItem\",\"@id\":\"https:\\\/\\\/fisio-shop.pt#listItem\",\"position\":1,\"name\":\"Home\",\"item\":\"https:\\\/\\\/fisio-shop.pt\",\"nextItem\":{\"@type\":\"ListItem\",\"@id\":\"https:\\\/\\\/fisio-shop.pt\\\/?page_id=5#listItem\",\"name\":\"Loja\"}},{\"@type\":\"ListItem\",\"@id\":\"https:\\\/\\\/fisio-shop.pt\\\/?page_id=5#listItem\",\"position\":2,\"name\":\"Loja\",\"item\":\"https:\\\/\\\/fisio-shop.pt\\\/?page_id=5\",\"nextItem\":{\"@type\":\"ListItem\",\"@id\":\"https:\\\/\\\/fisio-shop.pt\\\/?product_cat=geriatria#listItem\",\"name\":\"Geriatria\"},\"previousItem\":{\"@type\":\"ListItem\",\"@id\":\"https:\\\/\\\/fisio-shop.pt#listItem\",\"name\":\"Home\"}},{\"@type\":\"ListItem\",\"@id\":\"https:\\\/\\\/fisio-shop.pt\\\/?product_cat=geriatria#listItem\",\"position\":3,\"name\":\"Geriatria\",\"item\":\"https:\\\/\\\/fisio-shop.pt\\\/?product_cat=geriatria\",\"nextItem\":{\"@type\":\"ListItem\",\"@id\":\"https:\\\/\\\/fisio-shop.pt\\\/?product_cat=mobiliario-para-zonas-coletivas#listItem\",\"name\":\"Mobili\\u00e1rio para zonas coletivas\"},\"previousItem\":{\"@type\":\"ListItem\",\"@id\":\"https:\\\/\\\/fisio-shop.pt\\\/?page_id=5#listItem\",\"name\":\"Loja\"}},{\"@type\":\"ListItem\",\"@id\":\"https:\\\/\\\/fisio-shop.pt\\\/?product_cat=mobiliario-para-zonas-coletivas#listItem\",\"position\":4,\"name\":\"Mobili\\u00e1rio para zonas coletivas\",\"item\":\"https:\\\/\\\/fisio-shop.pt\\\/?product_cat=mobiliario-para-zonas-coletivas\",\"nextItem\":{\"@type\":\"ListItem\",\"@id\":\"https:\\\/\\\/fisio-shop.pt\\\/?product_cat=cadeiras#listItem\",\"name\":\"Cadeiras e cadeir\\u00f5es\"},\"previousItem\":{\"@type\":\"ListItem\",\"@id\":\"https:\\\/\\\/fisio-shop.pt\\\/?product_cat=geriatria#listItem\",\"name\":\"Geriatria\"}},{\"@type\":\"ListItem\",\"@id\":\"https:\\\/\\\/fisio-shop.pt\\\/?product_cat=cadeiras#listItem\",\"position\":5,\"name\":\"Cadeiras e cadeir\\u00f5es\",\"item\":\"https:\\\/\\\/fisio-shop.pt\\\/?product_cat=cadeiras\",\"nextItem\":{\"@type\":\"ListItem\",\"@id\":\"https:\\\/\\\/fisio-shop.pt\\\/?product=cadeirao-individual-encosto-medio-com-bracos-rectos#listItem\",\"name\":\"CADEIR\\u00c3O INDIVIDUAL ENCOSTO M\\u00c9DIO COM BRA\\u00c7OS RECTOS\"},\"previousItem\":{\"@type\":\"ListItem\",\"@id\":\"https:\\\/\\\/fisio-shop.pt\\\/?product_cat=mobiliario-para-zonas-coletivas#listItem\",\"name\":\"Mobili\\u00e1rio para zonas coletivas\"}},{\"@type\":\"ListItem\",\"@id\":\"https:\\\/\\\/fisio-shop.pt\\\/?product=cadeirao-individual-encosto-medio-com-bracos-rectos#listItem\",\"position\":6,\"name\":\"CADEIR\\u00c3O INDIVIDUAL ENCOSTO M\\u00c9DIO COM BRA\\u00c7OS RECTOS\",\"previousItem\":{\"@type\":\"ListItem\",\"@id\":\"https:\\\/\\\/fisio-shop.pt\\\/?product_cat=cadeiras#listItem\",\"name\":\"Cadeiras e cadeir\\u00f5es\"}}]},{\"@type\":\"Organization\",\"@id\":\"https:\\\/\\\/fisio-shop.pt\\\/#organization\",\"name\":\"Fisio-shop\",\"description\":\"Empresa especializada na distribui\\u00e7\\u00e3o de equipamentos profissionais para os mercados da Fisioterapia, Geriatria, Fitness e Medicina Desportiva. Empresa especializada na distribui\\u00e7\\u00e3o de equipamentos profissionais para os mercados da Fisioterapia, Geriatria, Fitness e Medicina Desportiva.\",\"url\":\"https:\\\/\\\/fisio-shop.pt\\\/\",\"logo\":{\"@type\":\"ImageObject\",\"url\":\"https:\\\/\\\/fisio-shop.pt\\\/wp-content\\\/uploads\\\/2026\\\/04\\\/android-chrome-192x192-1.png\",\"@id\":\"https:\\\/\\\/fisio-shop.pt\\\/?product=cadeirao-individual-encosto-medio-com-bracos-rectos\\\/#organizationLogo\"},\"image\":{\"@id\":\"https:\\\/\\\/fisio-shop.pt\\\/?product=cadeirao-individual-encosto-medio-com-bracos-rectos\\\/#organizationLogo\"},\"sameAs\":[\"https:\\\/\\\/www.facebook.com\\\/p\\\/Fisioshop-Comrcio-de-Equipamentos-Lda-100036934916130\\\/\"]},{\"@type\":\"Product\",\"@id\":\"https:\\\/\\\/fisio-shop.pt\\\/?product=cadeirao-individual-encosto-medio-com-bracos-rectos#wooCommerceProduct\",\"name\":\"CADEIR\\u00c3O INDIVIDUAL ENCOSTO M\\u00c9DIO COM BRA\\u00c7OS RECTOS\",\"description\":\"Cadeir\\u00e3o individual com encosto m\\u00e9dio e bra\\u00e7os rectos.\",\"url\":\"https:\\\/\\\/fisio-shop.pt\\\/?product=cadeirao-individual-encosto-medio-com-bracos-rectos\",\"sku\":\"CHCD15-C\",\"image\":{\"@type\":\"ImageObject\",\"url\":\"https:\\\/\\\/fisio-shop.pt\\\/wp-content\\\/uploads\\\/2026\\\/02\\\/CADEIRAO-INDIVIDUAL-ENCOSTO-MEDIO-COM-BRACOS-RECTOS-1.jpg\",\"@id\":\"https:\\\/\\\/fisio-shop.pt\\\/?product=cadeirao-individual-encosto-medio-com-bracos-rectos\\\/#productImage\",\"width\":219,\"height\":280},\"offers\":{\"@type\":\"Offer\",\"url\":\"https:\\\/\\\/fisio-shop.pt\\\/?product=cadeirao-individual-encosto-medio-com-bracos-rectos#wooCommerceOffer\",\"price\":298.25,\"priceCurrency\":\"EUR\",\"category\":\"Geriatria\",\"availability\":\"https:\\\/\\\/schema.org\\\/InStock\",\"priceSpecification\":{\"@type\":\"PriceSpecification\",\"price\":298.25,\"priceCurrency\":\"EUR\",\"valueAddedTaxIncluded\":\"true\"},\"seller\":{\"@type\":\"Organization\",\"@id\":\"https:\\\/\\\/fisio-shop.pt\\\/#organization\"}}},{\"@type\":\"WebPage\",\"@id\":\"https:\\\/\\\/fisio-shop.pt\\\/?product=cadeirao-individual-encosto-medio-com-bracos-rectos#webpage\",\"url\":\"https:\\\/\\\/fisio-shop.pt\\\/?product=cadeirao-individual-encosto-medio-com-bracos-rectos\",\"name\":\"CADEIR\\u00c3O INDIVIDUAL ENCOSTO M\\u00c9DIO COM BRA\\u00c7OS RECTOS - Fisio-shop\",\"description\":\"Cadeir\\u00e3o individual com encosto m\\u00e9dio e bra\\u00e7os rectos.\",\"inLanguage\":\"pt-PT\",\"isPartOf\":{\"@id\":\"https:\\\/\\\/fisio-shop.pt\\\/#website\"},\"breadcrumb\":{\"@id\":\"https:\\\/\\\/fisio-shop.pt\\\/?product=cadeirao-individual-encosto-medio-com-bracos-rectos#breadcrumblist\"},\"image\":{\"@type\":\"ImageObject\",\"url\":\"https:\\\/\\\/fisio-shop.pt\\\/wp-content\\\/uploads\\\/2026\\\/02\\\/CADEIRAO-INDIVIDUAL-ENCOSTO-MEDIO-COM-BRACOS-RECTOS-1.jpg\",\"@id\":\"https:\\\/\\\/fisio-shop.pt\\\/?product=cadeirao-individual-encosto-medio-com-bracos-rectos\\\/#mainImage\",\"width\":219,\"height\":280},\"primaryImageOfPage\":{\"@id\":\"https:\\\/\\\/fisio-shop.pt\\\/?product=cadeirao-individual-encosto-medio-com-bracos-rectos#mainImage\"},\"datePublished\":\"2017-06-28T09:32:44+00:00\",\"dateModified\":\"2026-02-25T19:58:37+00:00\"},{\"@type\":\"WebSite\",\"@id\":\"https:\\\/\\\/fisio-shop.pt\\\/#website\",\"url\":\"https:\\\/\\\/fisio-shop.pt\\\/\",\"name\":\"Fisio-shop\",\"description\":\"Empresa especializada na distribui\\u00e7\\u00e3o de equipamentos profissionais para os mercados da Fisioterapia, Geriatria, Fitness e Medicina Desportiva.\",\"inLanguage\":\"pt-PT\",\"publisher\":{\"@id\":\"https:\\\/\\\/fisio-shop.pt\\\/#organization\"}}]}\n\t\t<\/script>\n\t\t<!-- All in One SEO Pro -->\r\n\t\t<title>CADEIR\u00c3O INDIVIDUAL ENCOSTO M\u00c9DIO COM BRA\u00c7OS RECTOS - Fisio-shop<\/title>\n\n","aioseo_head_json":{"title":"CADEIR\u00c3O INDIVIDUAL ENCOSTO M\u00c9DIO COM BRA\u00c7OS RECTOS - Fisio-shop","description":"Cadeir\u00e3o individual com encosto m\u00e9dio e bra\u00e7os rectos.","canonical_url":"https:\/\/fisio-shop.pt\/?product=cadeirao-individual-encosto-medio-com-bracos-rectos","robots":"max-image-preview:large","keywords":"","webmasterTools":{"miscellaneous":""},"schema":{"@context":"https:\/\/schema.org","@graph":[{"@type":"BreadcrumbList","@id":"https:\/\/fisio-shop.pt\/?product=cadeirao-individual-encosto-medio-com-bracos-rectos#breadcrumblist","itemListElement":[{"@type":"ListItem","@id":"https:\/\/fisio-shop.pt#listItem","position":1,"name":"Home","item":"https:\/\/fisio-shop.pt","nextItem":{"@type":"ListItem","@id":"https:\/\/fisio-shop.pt\/?page_id=5#listItem","name":"Loja"}},{"@type":"ListItem","@id":"https:\/\/fisio-shop.pt\/?page_id=5#listItem","position":2,"name":"Loja","item":"https:\/\/fisio-shop.pt\/?page_id=5","nextItem":{"@type":"ListItem","@id":"https:\/\/fisio-shop.pt\/?product_cat=geriatria#listItem","name":"Geriatria"},"previousItem":{"@type":"ListItem","@id":"https:\/\/fisio-shop.pt#listItem","name":"Home"}},{"@type":"ListItem","@id":"https:\/\/fisio-shop.pt\/?product_cat=geriatria#listItem","position":3,"name":"Geriatria","item":"https:\/\/fisio-shop.pt\/?product_cat=geriatria","nextItem":{"@type":"ListItem","@id":"https:\/\/fisio-shop.pt\/?product_cat=mobiliario-para-zonas-coletivas#listItem","name":"Mobili\u00e1rio para zonas coletivas"},"previousItem":{"@type":"ListItem","@id":"https:\/\/fisio-shop.pt\/?page_id=5#listItem","name":"Loja"}},{"@type":"ListItem","@id":"https:\/\/fisio-shop.pt\/?product_cat=mobiliario-para-zonas-coletivas#listItem","position":4,"name":"Mobili\u00e1rio para zonas coletivas","item":"https:\/\/fisio-shop.pt\/?product_cat=mobiliario-para-zonas-coletivas","nextItem":{"@type":"ListItem","@id":"https:\/\/fisio-shop.pt\/?product_cat=cadeiras#listItem","name":"Cadeiras e cadeir\u00f5es"},"previousItem":{"@type":"ListItem","@id":"https:\/\/fisio-shop.pt\/?product_cat=geriatria#listItem","name":"Geriatria"}},{"@type":"ListItem","@id":"https:\/\/fisio-shop.pt\/?product_cat=cadeiras#listItem","position":5,"name":"Cadeiras e cadeir\u00f5es","item":"https:\/\/fisio-shop.pt\/?product_cat=cadeiras","nextItem":{"@type":"ListItem","@id":"https:\/\/fisio-shop.pt\/?product=cadeirao-individual-encosto-medio-com-bracos-rectos#listItem","name":"CADEIR\u00c3O INDIVIDUAL ENCOSTO M\u00c9DIO COM BRA\u00c7OS RECTOS"},"previousItem":{"@type":"ListItem","@id":"https:\/\/fisio-shop.pt\/?product_cat=mobiliario-para-zonas-coletivas#listItem","name":"Mobili\u00e1rio para zonas coletivas"}},{"@type":"ListItem","@id":"https:\/\/fisio-shop.pt\/?product=cadeirao-individual-encosto-medio-com-bracos-rectos#listItem","position":6,"name":"CADEIR\u00c3O INDIVIDUAL ENCOSTO M\u00c9DIO COM BRA\u00c7OS RECTOS","previousItem":{"@type":"ListItem","@id":"https:\/\/fisio-shop.pt\/?product_cat=cadeiras#listItem","name":"Cadeiras e cadeir\u00f5es"}}]},{"@type":"Organization","@id":"https:\/\/fisio-shop.pt\/#organization","name":"Fisio-shop","description":"Empresa especializada na distribui\u00e7\u00e3o de equipamentos profissionais para os mercados da Fisioterapia, Geriatria, Fitness e Medicina Desportiva. Empresa especializada na distribui\u00e7\u00e3o de equipamentos profissionais para os mercados da Fisioterapia, Geriatria, Fitness e Medicina Desportiva.","url":"https:\/\/fisio-shop.pt\/","logo":{"@type":"ImageObject","url":"https:\/\/fisio-shop.pt\/wp-content\/uploads\/2026\/04\/android-chrome-192x192-1.png","@id":"https:\/\/fisio-shop.pt\/?product=cadeirao-individual-encosto-medio-com-bracos-rectos\/#organizationLogo"},"image":{"@id":"https:\/\/fisio-shop.pt\/?product=cadeirao-individual-encosto-medio-com-bracos-rectos\/#organizationLogo"},"sameAs":["https:\/\/www.facebook.com\/p\/Fisioshop-Comrcio-de-Equipamentos-Lda-100036934916130\/"]},{"@type":"Product","@id":"https:\/\/fisio-shop.pt\/?product=cadeirao-individual-encosto-medio-com-bracos-rectos#wooCommerceProduct","name":"CADEIR\u00c3O INDIVIDUAL ENCOSTO M\u00c9DIO COM BRA\u00c7OS RECTOS","description":"Cadeir\u00e3o individual com encosto m\u00e9dio e bra\u00e7os rectos.","url":"https:\/\/fisio-shop.pt\/?product=cadeirao-individual-encosto-medio-com-bracos-rectos","sku":"CHCD15-C","image":{"@type":"ImageObject","url":"https:\/\/fisio-shop.pt\/wp-content\/uploads\/2026\/02\/CADEIRAO-INDIVIDUAL-ENCOSTO-MEDIO-COM-BRACOS-RECTOS-1.jpg","@id":"https:\/\/fisio-shop.pt\/?product=cadeirao-individual-encosto-medio-com-bracos-rectos\/#productImage","width":219,"height":280},"offers":{"@type":"Offer","url":"https:\/\/fisio-shop.pt\/?product=cadeirao-individual-encosto-medio-com-bracos-rectos#wooCommerceOffer","price":298.25,"priceCurrency":"EUR","category":"Geriatria","availability":"https:\/\/schema.org\/InStock","priceSpecification":{"@type":"PriceSpecification","price":298.25,"priceCurrency":"EUR","valueAddedTaxIncluded":"true"},"seller":{"@type":"Organization","@id":"https:\/\/fisio-shop.pt\/#organization"}}},{"@type":"WebPage","@id":"https:\/\/fisio-shop.pt\/?product=cadeirao-individual-encosto-medio-com-bracos-rectos#webpage","url":"https:\/\/fisio-shop.pt\/?product=cadeirao-individual-encosto-medio-com-bracos-rectos","name":"CADEIR\u00c3O INDIVIDUAL ENCOSTO M\u00c9DIO COM BRA\u00c7OS RECTOS - Fisio-shop","description":"Cadeir\u00e3o individual com encosto m\u00e9dio e bra\u00e7os rectos.","inLanguage":"pt-PT","isPartOf":{"@id":"https:\/\/fisio-shop.pt\/#website"},"breadcrumb":{"@id":"https:\/\/fisio-shop.pt\/?product=cadeirao-individual-encosto-medio-com-bracos-rectos#breadcrumblist"},"image":{"@type":"ImageObject","url":"https:\/\/fisio-shop.pt\/wp-content\/uploads\/2026\/02\/CADEIRAO-INDIVIDUAL-ENCOSTO-MEDIO-COM-BRACOS-RECTOS-1.jpg","@id":"https:\/\/fisio-shop.pt\/?product=cadeirao-individual-encosto-medio-com-bracos-rectos\/#mainImage","width":219,"height":280},"primaryImageOfPage":{"@id":"https:\/\/fisio-shop.pt\/?product=cadeirao-individual-encosto-medio-com-bracos-rectos#mainImage"},"datePublished":"2017-06-28T09:32:44+00:00","dateModified":"2026-02-25T19:58:37+00:00"},{"@type":"WebSite","@id":"https:\/\/fisio-shop.pt\/#website","url":"https:\/\/fisio-shop.pt\/","name":"Fisio-shop","description":"Empresa especializada na distribui\u00e7\u00e3o de equipamentos profissionais para os mercados da Fisioterapia, Geriatria, Fitness e Medicina Desportiva.","inLanguage":"pt-PT","publisher":{"@id":"https:\/\/fisio-shop.pt\/#organization"}}]},"og:locale":"pt_PT","og:site_name":"Fisio-shop - Empresa especializada na distribui\u00e7\u00e3o de equipamentos profissionais para os mercados da Fisioterapia, Geriatria, Fitness e Medicina Desportiva.","og:type":"article","og:title":"CADEIR\u00c3O INDIVIDUAL ENCOSTO M\u00c9DIO COM BRA\u00c7OS RECTOS - Fisio-shop","og:description":"Cadeir\u00e3o individual com encosto m\u00e9dio e bra\u00e7os rectos.","og:url":"https:\/\/fisio-shop.pt\/?product=cadeirao-individual-encosto-medio-com-bracos-rectos","og:image":"https:\/\/fisio-shop.pt\/wp-content\/uploads\/2026\/04\/android-chrome-192x192-1.png","og:image:secure_url":"https:\/\/fisio-shop.pt\/wp-content\/uploads\/2026\/04\/android-chrome-192x192-1.png","article:published_time":"2017-06-28T09:32:44+00:00","article:modified_time":"2026-02-25T19:58:37+00:00","article:publisher":"https:\/\/www.facebook.com\/p\/Fisioshop-Comrcio-de-Equipamentos-Lda-100036934916130\/","twitter:card":"summary_large_image","twitter:title":"CADEIR\u00c3O INDIVIDUAL ENCOSTO M\u00c9DIO COM BRA\u00c7OS RECTOS - Fisio-shop","twitter:description":"Cadeir\u00e3o individual com encosto m\u00e9dio e bra\u00e7os rectos.","twitter:image":"https:\/\/fisio-shop.pt\/wp-content\/uploads\/2026\/04\/android-chrome-192x192-1.png"},"aioseo_meta_data":{"post_id":"9286","title":null,"description":null,"keywords":null,"keyphrases":null,"primary_term":null,"canonical_url":null,"og_title":null,"og_description":null,"og_object_type":"default","og_image_type":"default","og_image_url":null,"og_image_width":null,"og_image_height":null,"og_image_custom_url":null,"og_image_custom_fields":null,"og_video":null,"og_custom_url":null,"og_article_section":null,"og_article_tags":null,"twitter_use_og":false,"twitter_card":"default","twitter_image_type":"default","twitter_image_url":null,"twitter_image_custom_url":null,"twitter_image_custom_fields":null,"twitter_title":null,"twitter_description":null,"schema":{"blockGraphs":[],"customGraphs":[],"default":{"data":{"Article":[],"Course":[],"Dataset":[],"FAQPage":[],"Movie":[],"Person":[],"Product":[],"ProductReview":[],"Car":[],"Recipe":[],"Service":[],"SoftwareApplication":[],"WebPage":[]},"graphName":"","isEnabled":true},"graphs":[]},"schema_type":"default","schema_type_options":null,"pillar_content":false,"robots_default":true,"robots_noindex":false,"robots_noarchive":false,"robots_nosnippet":false,"robots_nofollow":false,"robots_noimageindex":false,"robots_noodp":false,"robots_notranslate":false,"robots_max_snippet":null,"robots_max_videopreview":null,"robots_max_imagepreview":"large","priority":null,"frequency":null,"local_seo":null,"seo_analyzer_scan_date":"2026-04-18 10:24:01","breadcrumb_settings":null,"limit_modified_date":false,"open_ai":null,"ai":null,"created":"2026-04-18 07:02:19","updated":"2026-04-18 22:00:03"},"aioseo_breadcrumb":"<div class=\"aioseo-breadcrumbs\"><span class=\"aioseo-breadcrumb\">\n\t<a href=\"https:\/\/fisio-shop.pt\" title=\"Home\">Home<\/a>\n<\/span><span class=\"aioseo-breadcrumb-separator\">\u00bb<\/span><span class=\"aioseo-breadcrumb\">\n\t<a href=\"https:\/\/fisio-shop.pt\/?page_id=5\" title=\"Loja\">Loja<\/a>\n<\/span><span class=\"aioseo-breadcrumb-separator\">\u00bb<\/span><span class=\"aioseo-breadcrumb\">\n\t<a href=\"https:\/\/fisio-shop.pt\/?product_cat=geriatria\" title=\"Geriatria\">Geriatria<\/a>\n<\/span><span class=\"aioseo-breadcrumb-separator\">\u00bb<\/span><span class=\"aioseo-breadcrumb\">\n\t<a href=\"https:\/\/fisio-shop.pt\/?product_cat=mobiliario-para-zonas-coletivas\" title=\"Mobili\u00e1rio para zonas coletivas\">Mobili\u00e1rio para zonas coletivas<\/a>\n<\/span><span class=\"aioseo-breadcrumb-separator\">\u00bb<\/span><span class=\"aioseo-breadcrumb\">\n\t<a href=\"https:\/\/fisio-shop.pt\/?product_cat=cadeiras\" title=\"Cadeiras e cadeir\u00f5es\">Cadeiras e cadeir\u00f5es<\/a>\n<\/span><span class=\"aioseo-breadcrumb-separator\">\u00bb<\/span><span class=\"aioseo-breadcrumb\">\n\tCADEIR\u00c3O INDIVIDUAL ENCOSTO M\u00c9DIO COM BRA\u00c7OS RECTOS\n<\/span><\/div>","aioseo_breadcrumb_json":[{"label":"Home","link":"https:\/\/fisio-shop.pt"},{"label":"Loja","link":"https:\/\/fisio-shop.pt\/?page_id=5"},{"label":"Geriatria","link":"https:\/\/fisio-shop.pt\/?product_cat=geriatria"},{"label":"Mobili\u00e1rio para zonas coletivas","link":"https:\/\/fisio-shop.pt\/?product_cat=mobiliario-para-zonas-coletivas"},{"label":"Cadeiras e cadeir\u00f5es","link":"https:\/\/fisio-shop.pt\/?product_cat=cadeiras"},{"label":"CADEIR\u00c3O INDIVIDUAL ENCOSTO M\u00c9DIO COM BRA\u00c7OS RECTOS","link":"https:\/\/fisio-shop.pt\/?product=cadeirao-individual-encosto-medio-com-bracos-rectos"}],"_links":{"self":[{"href":"https:\/\/fisio-shop.pt\/index.php?rest_route=\/wp\/v2\/product\/9286","targetHints":{"allow":["GET"]}}],"collection":[{"href":"https:\/\/fisio-shop.pt\/index.php?rest_route=\/wp\/v2\/product"}],"about":[{"href":"https:\/\/fisio-shop.pt\/index.php?rest_route=\/wp\/v2\/types\/product"}],"replies":[{"embeddable":true,"href":"https:\/\/fisio-shop.pt\/index.php?rest_route=%2Fwp%2Fv2%2Fcomments&post=9286"}],"version-history":[{"count":0,"href":"https:\/\/fisio-shop.pt\/index.php?rest_route=\/wp\/v2\/product\/9286\/revisions"}],"wp:featuredmedia":[{"embeddable":true,"href":"https:\/\/fisio-shop.pt\/index.php?rest_route=\/wp\/v2\/media\/11581"}],"wp:attachment":[{"href":"https:\/\/fisio-shop.pt\/index.php?rest_route=%2Fwp%2Fv2%2Fmedia&parent=9286"}],"wp:term":[{"taxonomy":"product_brand","embeddable":true,"href":"https:\/\/fisio-shop.pt\/index.php?rest_route=%2Fwp%2Fv2%2Fproduct_brand&post=9286"},{"taxonomy":"product_cat","embeddable":true,"href":"https:\/\/fisio-shop.pt\/index.php?rest_route=%2Fwp%2Fv2%2Fproduct_cat&post=9286"},{"taxonomy":"product_tag","embeddable":true,"href":"https:\/\/fisio-shop.pt\/index.php?rest_route=%2Fwp%2Fv2%2Fproduct_tag&post=9286"}],"curies":[{"name":"wp","href":"https:\/\/api.w.org\/{rel}","templated":true}]}}