{"id":9412,"date":"2017-06-28T12:26:46","date_gmt":"2017-06-28T12:26:46","guid":{"rendered":"https:\/\/fisio-shop.pt\/loja\/cama-electrica-com-elevacao-em-tesoura\/"},"modified":"2026-02-25T19:58:59","modified_gmt":"2026-02-25T19:58:59","slug":"cama-electrica-com-elevacao-em-tesoura","status":"publish","type":"product","link":"https:\/\/fisio-shop.pt\/?product=cama-electrica-com-elevacao-em-tesoura","title":{"rendered":"CAMA EL\u00c9CTRICA COM ELEVA\u00c7\u00c3O EM TESOURA"},"content":{"rendered":"<p>Op\u00e7\u00f5es de acabamentos:<\/p>\n<p><a href=\"https:\/\/fisio-shop.pt\/wp-content\/uploads\/2017\/06\/CAMA-DE-GERIATRIA-EL\u00c9CTRICA-COM-ELEVA\u00c7\u00c3O-EM-TESOURA.3-1.jpg\"><img loading=\"lazy\" loading=\"lazy\" decoding=\"async\" class=\"alignnone wp-image-6606 size-full\" src=\"https:\/\/fisio-shop.pt\/wp-content\/uploads\/2017\/06\/CAMA-DE-GERIATRIA-EL\u00c9CTRICA-COM-ELEVA\u00c7\u00c3O-EM-TESOURA.3-1.jpg\" alt=\"\" width=\"419\" height=\"104\" \/><\/a><\/p>\n<p>Op\u00e7\u00f5es de cabe\u00e7eiras e laterais em MDF.<\/p>\n<p><a href=\"https:\/\/fisio-shop.pt\/wp-content\/uploads\/2017\/06\/CAMA-DE-GERIATRIA-EL\u00c9CTRICA-COM-ELEVA\u00c7\u00c3O-EM-TESOURA.4.jpg\"><img loading=\"lazy\" loading=\"lazy\" decoding=\"async\" class=\"alignnone wp-image-6607 size-full\" src=\"https:\/\/fisio-shop.pt\/wp-content\/uploads\/2017\/06\/CAMA-DE-GERIATRIA-EL\u00c9CTRICA-COM-ELEVA\u00c7\u00c3O-EM-TESOURA.4.jpg\" alt=\"\" width=\"419\" height=\"106\" \/><\/a><\/p>\n","protected":false},"excerpt":{"rendered":"<p>Cama geri\u00e1trica el\u00e9ctrica com eleva\u00e7\u00e3o em tesoura.<\/p>\n","protected":false},"featured_media":11685,"comment_status":"open","ping_status":"closed","template":"","meta":{"rs_blank_template":"","rs_page_bg_color":"","slide_template_v7":""},"product_brand":[],"product_cat":[1518,1398,1512,1513],"product_tag":[749,762,763,764,765,766],"class_list":{"0":"post-9412","1":"product","2":"type-product","3":"status-publish","4":"has-post-thumbnail","6":"product_cat-eletricas-com-elevacao-tesoura","7":"product_cat-geriatria","8":"product_cat-mobiliario-de-quarto","9":"product_cat-camas-geriatricas","10":"product_tag-cama-geriatria","11":"product_tag-cama","12":"product_tag-cama-4-seccoes","13":"product_tag-cama-electrica-geriatrica","14":"product_tag-cama-em-tesoura","15":"product_tag-cama-geriatria-tesoura","17":"first","18":"instock","19":"shipping-taxable","20":"product-type-simple"},"aioseo_notices":[],"etheme_brands":{"errors":{"invalid_taxonomy":["Taxonomia inv\u00e1lida."]},"error_data":[]},"aioseo_head":"\n\t\t<!-- All in One SEO Pro 4.9.0 - aioseo.com -->\n\t<meta name=\"description\" content=\"Cama geri\u00e1trica el\u00e9ctrica com eleva\u00e7\u00e3o em tesoura.\" \/>\n\t<meta name=\"robots\" content=\"max-image-preview:large\" \/>\n\t<link rel=\"canonical\" href=\"https:\/\/fisio-shop.pt\/?product=cama-electrica-com-elevacao-em-tesoura\" \/>\n\t<meta name=\"generator\" content=\"All in One SEO Pro (AIOSEO) 4.9.0\" \/>\n\t\t<meta property=\"og:locale\" content=\"pt_PT\" \/>\n\t\t<meta property=\"og:site_name\" content=\"Fisio-shop - Empresa especializada na distribui\u00e7\u00e3o de equipamentos profissionais para os mercados da Fisioterapia, Geriatria, Fitness e Medicina Desportiva.\" \/>\n\t\t<meta property=\"og:type\" content=\"article\" \/>\n\t\t<meta property=\"og:title\" content=\"CAMA EL\u00c9CTRICA COM ELEVA\u00c7\u00c3O EM TESOURA - Fisio-shop\" \/>\n\t\t<meta property=\"og:description\" content=\"Cama geri\u00e1trica el\u00e9ctrica com eleva\u00e7\u00e3o em tesoura.\" \/>\n\t\t<meta property=\"og:url\" content=\"https:\/\/fisio-shop.pt\/?product=cama-electrica-com-elevacao-em-tesoura\" \/>\n\t\t<meta property=\"og:image\" content=\"https:\/\/fisio-shop.pt\/wp-content\/uploads\/2026\/04\/android-chrome-192x192-1.png\" \/>\n\t\t<meta property=\"og:image:secure_url\" content=\"https:\/\/fisio-shop.pt\/wp-content\/uploads\/2026\/04\/android-chrome-192x192-1.png\" \/>\n\t\t<meta property=\"article:published_time\" content=\"2017-06-28T12:26:46+00:00\" \/>\n\t\t<meta property=\"article:modified_time\" content=\"2026-02-25T19:58:59+00:00\" \/>\n\t\t<meta property=\"article:publisher\" content=\"https:\/\/www.facebook.com\/p\/Fisioshop-Comrcio-de-Equipamentos-Lda-100036934916130\/\" \/>\n\t\t<meta name=\"twitter:card\" content=\"summary_large_image\" \/>\n\t\t<meta name=\"twitter:title\" content=\"CAMA EL\u00c9CTRICA COM ELEVA\u00c7\u00c3O EM TESOURA - Fisio-shop\" \/>\n\t\t<meta name=\"twitter:description\" content=\"Cama geri\u00e1trica el\u00e9ctrica com eleva\u00e7\u00e3o em tesoura.\" \/>\n\t\t<meta name=\"twitter:image\" content=\"https:\/\/fisio-shop.pt\/wp-content\/uploads\/2026\/04\/android-chrome-192x192-1.png\" \/>\n\t\t<script type=\"application\/ld+json\" class=\"aioseo-schema\">\n\t\t\t{\"@context\":\"https:\\\/\\\/schema.org\",\"@graph\":[{\"@type\":\"BreadcrumbList\",\"@id\":\"https:\\\/\\\/fisio-shop.pt\\\/?product=cama-electrica-com-elevacao-em-tesoura#breadcrumblist\",\"itemListElement\":[{\"@type\":\"ListItem\",\"@id\":\"https:\\\/\\\/fisio-shop.pt#listItem\",\"position\":1,\"name\":\"Home\",\"item\":\"https:\\\/\\\/fisio-shop.pt\",\"nextItem\":{\"@type\":\"ListItem\",\"@id\":\"https:\\\/\\\/fisio-shop.pt\\\/?page_id=5#listItem\",\"name\":\"Loja\"}},{\"@type\":\"ListItem\",\"@id\":\"https:\\\/\\\/fisio-shop.pt\\\/?page_id=5#listItem\",\"position\":2,\"name\":\"Loja\",\"item\":\"https:\\\/\\\/fisio-shop.pt\\\/?page_id=5\",\"nextItem\":{\"@type\":\"ListItem\",\"@id\":\"https:\\\/\\\/fisio-shop.pt\\\/?product_cat=geriatria#listItem\",\"name\":\"Geriatria\"},\"previousItem\":{\"@type\":\"ListItem\",\"@id\":\"https:\\\/\\\/fisio-shop.pt#listItem\",\"name\":\"Home\"}},{\"@type\":\"ListItem\",\"@id\":\"https:\\\/\\\/fisio-shop.pt\\\/?product_cat=geriatria#listItem\",\"position\":3,\"name\":\"Geriatria\",\"item\":\"https:\\\/\\\/fisio-shop.pt\\\/?product_cat=geriatria\",\"nextItem\":{\"@type\":\"ListItem\",\"@id\":\"https:\\\/\\\/fisio-shop.pt\\\/?product_cat=mobiliario-de-quarto#listItem\",\"name\":\"Mobili\\u00e1rio de quarto - Geriatria\"},\"previousItem\":{\"@type\":\"ListItem\",\"@id\":\"https:\\\/\\\/fisio-shop.pt\\\/?page_id=5#listItem\",\"name\":\"Loja\"}},{\"@type\":\"ListItem\",\"@id\":\"https:\\\/\\\/fisio-shop.pt\\\/?product_cat=mobiliario-de-quarto#listItem\",\"position\":4,\"name\":\"Mobili\\u00e1rio de quarto - Geriatria\",\"item\":\"https:\\\/\\\/fisio-shop.pt\\\/?product_cat=mobiliario-de-quarto\",\"nextItem\":{\"@type\":\"ListItem\",\"@id\":\"https:\\\/\\\/fisio-shop.pt\\\/?product_cat=camas-geriatricas#listItem\",\"name\":\"Camas geri\\u00e1tricas\"},\"previousItem\":{\"@type\":\"ListItem\",\"@id\":\"https:\\\/\\\/fisio-shop.pt\\\/?product_cat=geriatria#listItem\",\"name\":\"Geriatria\"}},{\"@type\":\"ListItem\",\"@id\":\"https:\\\/\\\/fisio-shop.pt\\\/?product_cat=camas-geriatricas#listItem\",\"position\":5,\"name\":\"Camas geri\\u00e1tricas\",\"item\":\"https:\\\/\\\/fisio-shop.pt\\\/?product_cat=camas-geriatricas\",\"nextItem\":{\"@type\":\"ListItem\",\"@id\":\"https:\\\/\\\/fisio-shop.pt\\\/?product_cat=eletricas-com-elevacao-tesoura#listItem\",\"name\":\"El\\u00e9tricas com eleva\\u00e7\\u00e3o tesoura\"},\"previousItem\":{\"@type\":\"ListItem\",\"@id\":\"https:\\\/\\\/fisio-shop.pt\\\/?product_cat=mobiliario-de-quarto#listItem\",\"name\":\"Mobili\\u00e1rio de quarto - Geriatria\"}},{\"@type\":\"ListItem\",\"@id\":\"https:\\\/\\\/fisio-shop.pt\\\/?product_cat=eletricas-com-elevacao-tesoura#listItem\",\"position\":6,\"name\":\"El\\u00e9tricas com eleva\\u00e7\\u00e3o tesoura\",\"item\":\"https:\\\/\\\/fisio-shop.pt\\\/?product_cat=eletricas-com-elevacao-tesoura\",\"nextItem\":{\"@type\":\"ListItem\",\"@id\":\"https:\\\/\\\/fisio-shop.pt\\\/?product=cama-electrica-com-elevacao-em-tesoura#listItem\",\"name\":\"CAMA EL\\u00c9CTRICA COM ELEVA\\u00c7\\u00c3O EM TESOURA\"},\"previousItem\":{\"@type\":\"ListItem\",\"@id\":\"https:\\\/\\\/fisio-shop.pt\\\/?product_cat=camas-geriatricas#listItem\",\"name\":\"Camas geri\\u00e1tricas\"}},{\"@type\":\"ListItem\",\"@id\":\"https:\\\/\\\/fisio-shop.pt\\\/?product=cama-electrica-com-elevacao-em-tesoura#listItem\",\"position\":7,\"name\":\"CAMA EL\\u00c9CTRICA COM ELEVA\\u00c7\\u00c3O EM TESOURA\",\"previousItem\":{\"@type\":\"ListItem\",\"@id\":\"https:\\\/\\\/fisio-shop.pt\\\/?product_cat=eletricas-com-elevacao-tesoura#listItem\",\"name\":\"El\\u00e9tricas com eleva\\u00e7\\u00e3o tesoura\"}}]},{\"@type\":\"Organization\",\"@id\":\"https:\\\/\\\/fisio-shop.pt\\\/#organization\",\"name\":\"Fisio-shop\",\"description\":\"Empresa especializada na distribui\\u00e7\\u00e3o de equipamentos profissionais para os mercados da Fisioterapia, Geriatria, Fitness e Medicina Desportiva. Empresa especializada na distribui\\u00e7\\u00e3o de equipamentos profissionais para os mercados da Fisioterapia, Geriatria, Fitness e Medicina Desportiva.\",\"url\":\"https:\\\/\\\/fisio-shop.pt\\\/\",\"logo\":{\"@type\":\"ImageObject\",\"url\":\"https:\\\/\\\/fisio-shop.pt\\\/wp-content\\\/uploads\\\/2026\\\/04\\\/android-chrome-192x192-1.png\",\"@id\":\"https:\\\/\\\/fisio-shop.pt\\\/?product=cama-electrica-com-elevacao-em-tesoura\\\/#organizationLogo\"},\"image\":{\"@id\":\"https:\\\/\\\/fisio-shop.pt\\\/?product=cama-electrica-com-elevacao-em-tesoura\\\/#organizationLogo\"},\"sameAs\":[\"https:\\\/\\\/www.facebook.com\\\/p\\\/Fisioshop-Comrcio-de-Equipamentos-Lda-100036934916130\\\/\"]},{\"@type\":\"Product\",\"@id\":\"https:\\\/\\\/fisio-shop.pt\\\/?product=cama-electrica-com-elevacao-em-tesoura#wooCommerceProduct\",\"name\":\"CAMA EL\\u00c9CTRICA COM ELEVA\\u00c7\\u00c3O EM TESOURA\",\"description\":\"Cama geri\\u00e1trica el\\u00e9ctrica com eleva\\u00e7\\u00e3o em tesoura.\",\"url\":\"https:\\\/\\\/fisio-shop.pt\\\/?product=cama-electrica-com-elevacao-em-tesoura\",\"sku\":\"CM.6200.Z\",\"image\":{\"@type\":\"ImageObject\",\"url\":\"https:\\\/\\\/fisio-shop.pt\\\/wp-content\\\/uploads\\\/2026\\\/02\\\/CAMA-DE-GERIATRIA-ELECTRICA-COM-ELEVACAO-EM-TESOURA-1.jpg\",\"@id\":\"https:\\\/\\\/fisio-shop.pt\\\/?product=cama-electrica-com-elevacao-em-tesoura\\\/#productImage\",\"width\":328,\"height\":184},\"offers\":{\"@type\":\"Offer\",\"url\":\"https:\\\/\\\/fisio-shop.pt\\\/?product=cama-electrica-com-elevacao-em-tesoura#wooCommerceOffer\",\"price\":0,\"priceCurrency\":\"EUR\",\"category\":\"Geriatria\",\"availability\":\"https:\\\/\\\/schema.org\\\/InStock\",\"seller\":{\"@type\":\"Organization\",\"@id\":\"https:\\\/\\\/fisio-shop.pt\\\/#organization\"}}},{\"@type\":\"WebPage\",\"@id\":\"https:\\\/\\\/fisio-shop.pt\\\/?product=cama-electrica-com-elevacao-em-tesoura#webpage\",\"url\":\"https:\\\/\\\/fisio-shop.pt\\\/?product=cama-electrica-com-elevacao-em-tesoura\",\"name\":\"CAMA EL\\u00c9CTRICA COM ELEVA\\u00c7\\u00c3O EM TESOURA - Fisio-shop\",\"description\":\"Cama geri\\u00e1trica el\\u00e9ctrica com eleva\\u00e7\\u00e3o em tesoura.\",\"inLanguage\":\"pt-PT\",\"isPartOf\":{\"@id\":\"https:\\\/\\\/fisio-shop.pt\\\/#website\"},\"breadcrumb\":{\"@id\":\"https:\\\/\\\/fisio-shop.pt\\\/?product=cama-electrica-com-elevacao-em-tesoura#breadcrumblist\"},\"image\":{\"@type\":\"ImageObject\",\"url\":\"https:\\\/\\\/fisio-shop.pt\\\/wp-content\\\/uploads\\\/2026\\\/02\\\/CAMA-DE-GERIATRIA-ELECTRICA-COM-ELEVACAO-EM-TESOURA-1.jpg\",\"@id\":\"https:\\\/\\\/fisio-shop.pt\\\/?product=cama-electrica-com-elevacao-em-tesoura\\\/#mainImage\",\"width\":328,\"height\":184},\"primaryImageOfPage\":{\"@id\":\"https:\\\/\\\/fisio-shop.pt\\\/?product=cama-electrica-com-elevacao-em-tesoura#mainImage\"},\"datePublished\":\"2017-06-28T12:26:46+00:00\",\"dateModified\":\"2026-02-25T19:58:59+00:00\"},{\"@type\":\"WebSite\",\"@id\":\"https:\\\/\\\/fisio-shop.pt\\\/#website\",\"url\":\"https:\\\/\\\/fisio-shop.pt\\\/\",\"name\":\"Fisio-shop\",\"description\":\"Empresa especializada na distribui\\u00e7\\u00e3o de equipamentos profissionais para os mercados da Fisioterapia, Geriatria, Fitness e Medicina Desportiva.\",\"inLanguage\":\"pt-PT\",\"publisher\":{\"@id\":\"https:\\\/\\\/fisio-shop.pt\\\/#organization\"}}]}\n\t\t<\/script>\n\t\t<!-- All in One SEO Pro -->\r\n\t\t<title>CAMA EL\u00c9CTRICA COM ELEVA\u00c7\u00c3O EM TESOURA - Fisio-shop<\/title>\n\n","aioseo_head_json":{"title":"CAMA EL\u00c9CTRICA COM ELEVA\u00c7\u00c3O EM TESOURA - Fisio-shop","description":"Cama geri\u00e1trica el\u00e9ctrica com eleva\u00e7\u00e3o em tesoura.","canonical_url":"https:\/\/fisio-shop.pt\/?product=cama-electrica-com-elevacao-em-tesoura","robots":"max-image-preview:large","keywords":"","webmasterTools":{"miscellaneous":""},"schema":{"@context":"https:\/\/schema.org","@graph":[{"@type":"BreadcrumbList","@id":"https:\/\/fisio-shop.pt\/?product=cama-electrica-com-elevacao-em-tesoura#breadcrumblist","itemListElement":[{"@type":"ListItem","@id":"https:\/\/fisio-shop.pt#listItem","position":1,"name":"Home","item":"https:\/\/fisio-shop.pt","nextItem":{"@type":"ListItem","@id":"https:\/\/fisio-shop.pt\/?page_id=5#listItem","name":"Loja"}},{"@type":"ListItem","@id":"https:\/\/fisio-shop.pt\/?page_id=5#listItem","position":2,"name":"Loja","item":"https:\/\/fisio-shop.pt\/?page_id=5","nextItem":{"@type":"ListItem","@id":"https:\/\/fisio-shop.pt\/?product_cat=geriatria#listItem","name":"Geriatria"},"previousItem":{"@type":"ListItem","@id":"https:\/\/fisio-shop.pt#listItem","name":"Home"}},{"@type":"ListItem","@id":"https:\/\/fisio-shop.pt\/?product_cat=geriatria#listItem","position":3,"name":"Geriatria","item":"https:\/\/fisio-shop.pt\/?product_cat=geriatria","nextItem":{"@type":"ListItem","@id":"https:\/\/fisio-shop.pt\/?product_cat=mobiliario-de-quarto#listItem","name":"Mobili\u00e1rio de quarto - Geriatria"},"previousItem":{"@type":"ListItem","@id":"https:\/\/fisio-shop.pt\/?page_id=5#listItem","name":"Loja"}},{"@type":"ListItem","@id":"https:\/\/fisio-shop.pt\/?product_cat=mobiliario-de-quarto#listItem","position":4,"name":"Mobili\u00e1rio de quarto - Geriatria","item":"https:\/\/fisio-shop.pt\/?product_cat=mobiliario-de-quarto","nextItem":{"@type":"ListItem","@id":"https:\/\/fisio-shop.pt\/?product_cat=camas-geriatricas#listItem","name":"Camas geri\u00e1tricas"},"previousItem":{"@type":"ListItem","@id":"https:\/\/fisio-shop.pt\/?product_cat=geriatria#listItem","name":"Geriatria"}},{"@type":"ListItem","@id":"https:\/\/fisio-shop.pt\/?product_cat=camas-geriatricas#listItem","position":5,"name":"Camas geri\u00e1tricas","item":"https:\/\/fisio-shop.pt\/?product_cat=camas-geriatricas","nextItem":{"@type":"ListItem","@id":"https:\/\/fisio-shop.pt\/?product_cat=eletricas-com-elevacao-tesoura#listItem","name":"El\u00e9tricas com eleva\u00e7\u00e3o tesoura"},"previousItem":{"@type":"ListItem","@id":"https:\/\/fisio-shop.pt\/?product_cat=mobiliario-de-quarto#listItem","name":"Mobili\u00e1rio de quarto - Geriatria"}},{"@type":"ListItem","@id":"https:\/\/fisio-shop.pt\/?product_cat=eletricas-com-elevacao-tesoura#listItem","position":6,"name":"El\u00e9tricas com eleva\u00e7\u00e3o tesoura","item":"https:\/\/fisio-shop.pt\/?product_cat=eletricas-com-elevacao-tesoura","nextItem":{"@type":"ListItem","@id":"https:\/\/fisio-shop.pt\/?product=cama-electrica-com-elevacao-em-tesoura#listItem","name":"CAMA EL\u00c9CTRICA COM ELEVA\u00c7\u00c3O EM TESOURA"},"previousItem":{"@type":"ListItem","@id":"https:\/\/fisio-shop.pt\/?product_cat=camas-geriatricas#listItem","name":"Camas geri\u00e1tricas"}},{"@type":"ListItem","@id":"https:\/\/fisio-shop.pt\/?product=cama-electrica-com-elevacao-em-tesoura#listItem","position":7,"name":"CAMA EL\u00c9CTRICA COM ELEVA\u00c7\u00c3O EM TESOURA","previousItem":{"@type":"ListItem","@id":"https:\/\/fisio-shop.pt\/?product_cat=eletricas-com-elevacao-tesoura#listItem","name":"El\u00e9tricas com eleva\u00e7\u00e3o tesoura"}}]},{"@type":"Organization","@id":"https:\/\/fisio-shop.pt\/#organization","name":"Fisio-shop","description":"Empresa especializada na distribui\u00e7\u00e3o de equipamentos profissionais para os mercados da Fisioterapia, Geriatria, Fitness e Medicina Desportiva. Empresa especializada na distribui\u00e7\u00e3o de equipamentos profissionais para os mercados da Fisioterapia, Geriatria, Fitness e Medicina Desportiva.","url":"https:\/\/fisio-shop.pt\/","logo":{"@type":"ImageObject","url":"https:\/\/fisio-shop.pt\/wp-content\/uploads\/2026\/04\/android-chrome-192x192-1.png","@id":"https:\/\/fisio-shop.pt\/?product=cama-electrica-com-elevacao-em-tesoura\/#organizationLogo"},"image":{"@id":"https:\/\/fisio-shop.pt\/?product=cama-electrica-com-elevacao-em-tesoura\/#organizationLogo"},"sameAs":["https:\/\/www.facebook.com\/p\/Fisioshop-Comrcio-de-Equipamentos-Lda-100036934916130\/"]},{"@type":"Product","@id":"https:\/\/fisio-shop.pt\/?product=cama-electrica-com-elevacao-em-tesoura#wooCommerceProduct","name":"CAMA EL\u00c9CTRICA COM ELEVA\u00c7\u00c3O EM TESOURA","description":"Cama geri\u00e1trica el\u00e9ctrica com eleva\u00e7\u00e3o em tesoura.","url":"https:\/\/fisio-shop.pt\/?product=cama-electrica-com-elevacao-em-tesoura","sku":"CM.6200.Z","image":{"@type":"ImageObject","url":"https:\/\/fisio-shop.pt\/wp-content\/uploads\/2026\/02\/CAMA-DE-GERIATRIA-ELECTRICA-COM-ELEVACAO-EM-TESOURA-1.jpg","@id":"https:\/\/fisio-shop.pt\/?product=cama-electrica-com-elevacao-em-tesoura\/#productImage","width":328,"height":184},"offers":{"@type":"Offer","url":"https:\/\/fisio-shop.pt\/?product=cama-electrica-com-elevacao-em-tesoura#wooCommerceOffer","price":0,"priceCurrency":"EUR","category":"Geriatria","availability":"https:\/\/schema.org\/InStock","seller":{"@type":"Organization","@id":"https:\/\/fisio-shop.pt\/#organization"}}},{"@type":"WebPage","@id":"https:\/\/fisio-shop.pt\/?product=cama-electrica-com-elevacao-em-tesoura#webpage","url":"https:\/\/fisio-shop.pt\/?product=cama-electrica-com-elevacao-em-tesoura","name":"CAMA EL\u00c9CTRICA COM ELEVA\u00c7\u00c3O EM TESOURA - Fisio-shop","description":"Cama geri\u00e1trica el\u00e9ctrica com eleva\u00e7\u00e3o em tesoura.","inLanguage":"pt-PT","isPartOf":{"@id":"https:\/\/fisio-shop.pt\/#website"},"breadcrumb":{"@id":"https:\/\/fisio-shop.pt\/?product=cama-electrica-com-elevacao-em-tesoura#breadcrumblist"},"image":{"@type":"ImageObject","url":"https:\/\/fisio-shop.pt\/wp-content\/uploads\/2026\/02\/CAMA-DE-GERIATRIA-ELECTRICA-COM-ELEVACAO-EM-TESOURA-1.jpg","@id":"https:\/\/fisio-shop.pt\/?product=cama-electrica-com-elevacao-em-tesoura\/#mainImage","width":328,"height":184},"primaryImageOfPage":{"@id":"https:\/\/fisio-shop.pt\/?product=cama-electrica-com-elevacao-em-tesoura#mainImage"},"datePublished":"2017-06-28T12:26:46+00:00","dateModified":"2026-02-25T19:58:59+00:00"},{"@type":"WebSite","@id":"https:\/\/fisio-shop.pt\/#website","url":"https:\/\/fisio-shop.pt\/","name":"Fisio-shop","description":"Empresa especializada na distribui\u00e7\u00e3o de equipamentos profissionais para os mercados da Fisioterapia, Geriatria, Fitness e Medicina Desportiva.","inLanguage":"pt-PT","publisher":{"@id":"https:\/\/fisio-shop.pt\/#organization"}}]},"og:locale":"pt_PT","og:site_name":"Fisio-shop - Empresa especializada na distribui\u00e7\u00e3o de equipamentos profissionais para os mercados da Fisioterapia, Geriatria, Fitness e Medicina Desportiva.","og:type":"article","og:title":"CAMA EL\u00c9CTRICA COM ELEVA\u00c7\u00c3O EM TESOURA - Fisio-shop","og:description":"Cama geri\u00e1trica el\u00e9ctrica com eleva\u00e7\u00e3o em tesoura.","og:url":"https:\/\/fisio-shop.pt\/?product=cama-electrica-com-elevacao-em-tesoura","og:image":"https:\/\/fisio-shop.pt\/wp-content\/uploads\/2026\/04\/android-chrome-192x192-1.png","og:image:secure_url":"https:\/\/fisio-shop.pt\/wp-content\/uploads\/2026\/04\/android-chrome-192x192-1.png","article:published_time":"2017-06-28T12:26:46+00:00","article:modified_time":"2026-02-25T19:58:59+00:00","article:publisher":"https:\/\/www.facebook.com\/p\/Fisioshop-Comrcio-de-Equipamentos-Lda-100036934916130\/","twitter:card":"summary_large_image","twitter:title":"CAMA EL\u00c9CTRICA COM ELEVA\u00c7\u00c3O EM TESOURA - Fisio-shop","twitter:description":"Cama geri\u00e1trica el\u00e9ctrica com eleva\u00e7\u00e3o em tesoura.","twitter:image":"https:\/\/fisio-shop.pt\/wp-content\/uploads\/2026\/04\/android-chrome-192x192-1.png"},"aioseo_meta_data":{"post_id":"9412","title":null,"description":null,"keywords":null,"keyphrases":null,"primary_term":null,"canonical_url":null,"og_title":null,"og_description":null,"og_object_type":"default","og_image_type":"default","og_image_url":null,"og_image_width":null,"og_image_height":null,"og_image_custom_url":null,"og_image_custom_fields":null,"og_video":null,"og_custom_url":null,"og_article_section":null,"og_article_tags":null,"twitter_use_og":false,"twitter_card":"default","twitter_image_type":"default","twitter_image_url":null,"twitter_image_custom_url":null,"twitter_image_custom_fields":null,"twitter_title":null,"twitter_description":null,"schema":{"blockGraphs":[],"customGraphs":[],"default":{"data":{"Article":[],"Course":[],"Dataset":[],"FAQPage":[],"Movie":[],"Person":[],"Product":[],"ProductReview":[],"Car":[],"Recipe":[],"Service":[],"SoftwareApplication":[],"WebPage":[]},"graphName":"","isEnabled":true},"graphs":[]},"schema_type":"default","schema_type_options":null,"pillar_content":false,"robots_default":true,"robots_noindex":false,"robots_noarchive":false,"robots_nosnippet":false,"robots_nofollow":false,"robots_noimageindex":false,"robots_noodp":false,"robots_notranslate":false,"robots_max_snippet":null,"robots_max_videopreview":null,"robots_max_imagepreview":"large","priority":null,"frequency":null,"local_seo":null,"seo_analyzer_scan_date":"2026-04-18 07:51:06","breadcrumb_settings":null,"limit_modified_date":false,"open_ai":null,"ai":null,"created":"2026-04-18 07:02:19","updated":"2026-04-18 22:05:37"},"aioseo_breadcrumb":"<div class=\"aioseo-breadcrumbs\"><span class=\"aioseo-breadcrumb\">\n\t<a href=\"https:\/\/fisio-shop.pt\" title=\"Home\">Home<\/a>\n<\/span><span class=\"aioseo-breadcrumb-separator\">\u00bb<\/span><span class=\"aioseo-breadcrumb\">\n\t<a href=\"https:\/\/fisio-shop.pt\/?page_id=5\" title=\"Loja\">Loja<\/a>\n<\/span><span class=\"aioseo-breadcrumb-separator\">\u00bb<\/span><span class=\"aioseo-breadcrumb\">\n\t<a href=\"https:\/\/fisio-shop.pt\/?product_cat=geriatria\" title=\"Geriatria\">Geriatria<\/a>\n<\/span><span class=\"aioseo-breadcrumb-separator\">\u00bb<\/span><span class=\"aioseo-breadcrumb\">\n\t<a href=\"https:\/\/fisio-shop.pt\/?product_cat=mobiliario-de-quarto\" title=\"Mobili\u00e1rio de quarto - Geriatria\">Mobili\u00e1rio de quarto - Geriatria<\/a>\n<\/span><span class=\"aioseo-breadcrumb-separator\">\u00bb<\/span><span class=\"aioseo-breadcrumb\">\n\t<a href=\"https:\/\/fisio-shop.pt\/?product_cat=camas-geriatricas\" title=\"Camas geri\u00e1tricas\">Camas geri\u00e1tricas<\/a>\n<\/span><span class=\"aioseo-breadcrumb-separator\">\u00bb<\/span><span class=\"aioseo-breadcrumb\">\n\t<a href=\"https:\/\/fisio-shop.pt\/?product_cat=eletricas-com-elevacao-tesoura\" title=\"El\u00e9tricas com eleva\u00e7\u00e3o tesoura\">El\u00e9tricas com eleva\u00e7\u00e3o tesoura<\/a>\n<\/span><span class=\"aioseo-breadcrumb-separator\">\u00bb<\/span><span class=\"aioseo-breadcrumb\">\n\tCAMA EL\u00c9CTRICA COM ELEVA\u00c7\u00c3O EM TESOURA\n<\/span><\/div>","aioseo_breadcrumb_json":[{"label":"Home","link":"https:\/\/fisio-shop.pt"},{"label":"Loja","link":"https:\/\/fisio-shop.pt\/?page_id=5"},{"label":"Geriatria","link":"https:\/\/fisio-shop.pt\/?product_cat=geriatria"},{"label":"Mobili\u00e1rio de quarto - Geriatria","link":"https:\/\/fisio-shop.pt\/?product_cat=mobiliario-de-quarto"},{"label":"Camas geri\u00e1tricas","link":"https:\/\/fisio-shop.pt\/?product_cat=camas-geriatricas"},{"label":"El\u00e9tricas com eleva\u00e7\u00e3o tesoura","link":"https:\/\/fisio-shop.pt\/?product_cat=eletricas-com-elevacao-tesoura"},{"label":"CAMA EL\u00c9CTRICA COM ELEVA\u00c7\u00c3O EM TESOURA","link":"https:\/\/fisio-shop.pt\/?product=cama-electrica-com-elevacao-em-tesoura"}],"_links":{"self":[{"href":"https:\/\/fisio-shop.pt\/index.php?rest_route=\/wp\/v2\/product\/9412","targetHints":{"allow":["GET"]}}],"collection":[{"href":"https:\/\/fisio-shop.pt\/index.php?rest_route=\/wp\/v2\/product"}],"about":[{"href":"https:\/\/fisio-shop.pt\/index.php?rest_route=\/wp\/v2\/types\/product"}],"replies":[{"embeddable":true,"href":"https:\/\/fisio-shop.pt\/index.php?rest_route=%2Fwp%2Fv2%2Fcomments&post=9412"}],"version-history":[{"count":0,"href":"https:\/\/fisio-shop.pt\/index.php?rest_route=\/wp\/v2\/product\/9412\/revisions"}],"wp:featuredmedia":[{"embeddable":true,"href":"https:\/\/fisio-shop.pt\/index.php?rest_route=\/wp\/v2\/media\/11685"}],"wp:attachment":[{"href":"https:\/\/fisio-shop.pt\/index.php?rest_route=%2Fwp%2Fv2%2Fmedia&parent=9412"}],"wp:term":[{"taxonomy":"product_brand","embeddable":true,"href":"https:\/\/fisio-shop.pt\/index.php?rest_route=%2Fwp%2Fv2%2Fproduct_brand&post=9412"},{"taxonomy":"product_cat","embeddable":true,"href":"https:\/\/fisio-shop.pt\/index.php?rest_route=%2Fwp%2Fv2%2Fproduct_cat&post=9412"},{"taxonomy":"product_tag","embeddable":true,"href":"https:\/\/fisio-shop.pt\/index.php?rest_route=%2Fwp%2Fv2%2Fproduct_tag&post=9412"}],"curies":[{"name":"wp","href":"https:\/\/api.w.org\/{rel}","templated":true}]}}