{"id":9471,"date":"2017-06-28T15:13:42","date_gmt":"2017-06-28T15:13:42","guid":{"rendered":"https:\/\/fisio-shop.pt\/loja\/prancha-de-banheira-marina-xl\/"},"modified":"2026-02-25T19:59:12","modified_gmt":"2026-02-25T19:59:12","slug":"prancha-de-banheira-marina-xl","status":"publish","type":"product","link":"https:\/\/fisio-shop.pt\/?product=prancha-de-banheira-marina-xl","title":{"rendered":"PRANCHA DE BANHEIRA MARINA"},"content":{"rendered":"<p>A prancha para banheira Marina destina-se a utilizadores que ainda possuem um bom controlo de tronco, mas sofrem de um ligeiro desequil\u00edbrio e por isso procuram ganhar seguran\u00e7a e confian\u00e7a na banheira.<\/p>\n<p>\u00c9 de f\u00e1cil montagem, tem ponteiras anti-derrapantes e ajust\u00e1veis em largura e adapta-se a banheiras com dist\u00e2ncia interna entre os 39 e os 62 cm, com rebordos com o m\u00ednimo de 3 cm.<\/p>\n<ul>\n<li>Oferece o m\u00e1ximo conforto e estabilidade ao utilizador;<\/li>\n<li>Assento ergon\u00f3mico;<\/li>\n<li>Adapt\u00e1vel a banheiras at\u00e9 70 cm de largura interior;<\/li>\n<li>Saboneteira incorporada;<\/li>\n<li>Pega de apoio;<\/li>\n<li>Assento anti-derrapante;<\/li>\n<li>Quatro p\u00e9s ajust\u00e1veis;<\/li>\n<li>Dimens\u00f5es:\n<ul>\n<li>Largura: 69 cm;<\/li>\n<li>Profundidade: 33 cm;<\/li>\n<li>Espessura: 16 cm;<\/li>\n<li>Dist\u00e2ncia entre os p\u00e9s: 39 a 62 cm;<\/li>\n<\/ul>\n<\/li>\n<li>Peso m\u00e1ximo: 150 Kg;<\/li>\n<li>Peso: 2,5 Kg;<\/li>\n<li>Cor: Branco;<\/li>\n<li>Ref: 1541330;<\/li>\n<li>Pais de origem: Portugal.<\/li>\n<\/ul>\n","protected":false},"excerpt":{"rendered":"<p>Prancha de banheira Marina XL.<\/p>\n","protected":false},"featured_media":11743,"comment_status":"open","ping_status":"closed","template":"","meta":{"rs_blank_template":"","rs_page_bg_color":"","slide_template_v7":""},"product_brand":[],"product_cat":[1718,1398,1707,1714],"product_tag":[803,804,805,806,807,808],"class_list":{"0":"post-9471","1":"product","2":"type-product","3":"status-publish","4":"has-post-thumbnail","6":"product_cat-ajudas-tecnicas-wc","7":"product_cat-geriatria","8":"product_cat-mobilidade-e-ajudas-tecnicas-geriatria","9":"product_cat-ajudas-tecnicas-mobilidade-e-ajudas-tecnicas-geriatria","10":"product_tag-apoio-banheira","11":"product_tag-apoio-banho","12":"product_tag-apoio-duche","13":"product_tag-prancha","14":"product_tag-prancha-de-banheira","15":"product_tag-tabua-de-banho","17":"first","18":"instock","19":"shipping-taxable","20":"product-type-simple"},"aioseo_notices":[],"etheme_brands":{"errors":{"invalid_taxonomy":["Taxonomia inv\u00e1lida."]},"error_data":[]},"aioseo_head":"\n\t\t<!-- All in One SEO Pro 4.9.0 - aioseo.com -->\n\t<meta name=\"description\" content=\"Prancha de banheira Marina XL.\" \/>\n\t<meta name=\"robots\" content=\"max-image-preview:large\" \/>\n\t<link rel=\"canonical\" href=\"https:\/\/fisio-shop.pt\/?product=prancha-de-banheira-marina-xl\" \/>\n\t<meta name=\"generator\" content=\"All in One SEO Pro (AIOSEO) 4.9.0\" \/>\n\t\t<meta property=\"og:locale\" content=\"pt_PT\" \/>\n\t\t<meta property=\"og:site_name\" content=\"Fisio-shop - Empresa especializada na distribui\u00e7\u00e3o de equipamentos profissionais para os mercados da Fisioterapia, Geriatria, Fitness e Medicina Desportiva.\" \/>\n\t\t<meta property=\"og:type\" content=\"article\" \/>\n\t\t<meta property=\"og:title\" content=\"PRANCHA DE BANHEIRA MARINA - Fisio-shop\" \/>\n\t\t<meta property=\"og:description\" content=\"Prancha de banheira Marina XL.\" \/>\n\t\t<meta property=\"og:url\" content=\"https:\/\/fisio-shop.pt\/?product=prancha-de-banheira-marina-xl\" \/>\n\t\t<meta property=\"og:image\" content=\"https:\/\/fisio-shop.pt\/wp-content\/uploads\/2026\/04\/android-chrome-192x192-1.png\" \/>\n\t\t<meta property=\"og:image:secure_url\" content=\"https:\/\/fisio-shop.pt\/wp-content\/uploads\/2026\/04\/android-chrome-192x192-1.png\" \/>\n\t\t<meta property=\"article:published_time\" content=\"2017-06-28T15:13:42+00:00\" \/>\n\t\t<meta property=\"article:modified_time\" content=\"2026-02-25T19:59:12+00:00\" \/>\n\t\t<meta property=\"article:publisher\" content=\"https:\/\/www.facebook.com\/p\/Fisioshop-Comrcio-de-Equipamentos-Lda-100036934916130\/\" \/>\n\t\t<meta name=\"twitter:card\" content=\"summary_large_image\" \/>\n\t\t<meta name=\"twitter:title\" content=\"PRANCHA DE BANHEIRA MARINA - Fisio-shop\" \/>\n\t\t<meta name=\"twitter:description\" content=\"Prancha de banheira Marina XL.\" \/>\n\t\t<meta name=\"twitter:image\" content=\"https:\/\/fisio-shop.pt\/wp-content\/uploads\/2026\/04\/android-chrome-192x192-1.png\" \/>\n\t\t<script type=\"application\/ld+json\" class=\"aioseo-schema\">\n\t\t\t{\"@context\":\"https:\\\/\\\/schema.org\",\"@graph\":[{\"@type\":\"BreadcrumbList\",\"@id\":\"https:\\\/\\\/fisio-shop.pt\\\/?product=prancha-de-banheira-marina-xl#breadcrumblist\",\"itemListElement\":[{\"@type\":\"ListItem\",\"@id\":\"https:\\\/\\\/fisio-shop.pt#listItem\",\"position\":1,\"name\":\"Home\",\"item\":\"https:\\\/\\\/fisio-shop.pt\",\"nextItem\":{\"@type\":\"ListItem\",\"@id\":\"https:\\\/\\\/fisio-shop.pt\\\/?page_id=5#listItem\",\"name\":\"Loja\"}},{\"@type\":\"ListItem\",\"@id\":\"https:\\\/\\\/fisio-shop.pt\\\/?page_id=5#listItem\",\"position\":2,\"name\":\"Loja\",\"item\":\"https:\\\/\\\/fisio-shop.pt\\\/?page_id=5\",\"nextItem\":{\"@type\":\"ListItem\",\"@id\":\"https:\\\/\\\/fisio-shop.pt\\\/?product_cat=geriatria#listItem\",\"name\":\"Geriatria\"},\"previousItem\":{\"@type\":\"ListItem\",\"@id\":\"https:\\\/\\\/fisio-shop.pt#listItem\",\"name\":\"Home\"}},{\"@type\":\"ListItem\",\"@id\":\"https:\\\/\\\/fisio-shop.pt\\\/?product_cat=geriatria#listItem\",\"position\":3,\"name\":\"Geriatria\",\"item\":\"https:\\\/\\\/fisio-shop.pt\\\/?product_cat=geriatria\",\"nextItem\":{\"@type\":\"ListItem\",\"@id\":\"https:\\\/\\\/fisio-shop.pt\\\/?product_cat=mobilidade-e-ajudas-tecnicas-geriatria#listItem\",\"name\":\"Mobilidade e ajudas t\\u00e9cnicas\"},\"previousItem\":{\"@type\":\"ListItem\",\"@id\":\"https:\\\/\\\/fisio-shop.pt\\\/?page_id=5#listItem\",\"name\":\"Loja\"}},{\"@type\":\"ListItem\",\"@id\":\"https:\\\/\\\/fisio-shop.pt\\\/?product_cat=mobilidade-e-ajudas-tecnicas-geriatria#listItem\",\"position\":4,\"name\":\"Mobilidade e ajudas t\\u00e9cnicas\",\"item\":\"https:\\\/\\\/fisio-shop.pt\\\/?product_cat=mobilidade-e-ajudas-tecnicas-geriatria\",\"nextItem\":{\"@type\":\"ListItem\",\"@id\":\"https:\\\/\\\/fisio-shop.pt\\\/?product_cat=ajudas-tecnicas-mobilidade-e-ajudas-tecnicas-geriatria#listItem\",\"name\":\"Ajudas t\\u00e9cnicas\"},\"previousItem\":{\"@type\":\"ListItem\",\"@id\":\"https:\\\/\\\/fisio-shop.pt\\\/?product_cat=geriatria#listItem\",\"name\":\"Geriatria\"}},{\"@type\":\"ListItem\",\"@id\":\"https:\\\/\\\/fisio-shop.pt\\\/?product_cat=ajudas-tecnicas-mobilidade-e-ajudas-tecnicas-geriatria#listItem\",\"position\":5,\"name\":\"Ajudas t\\u00e9cnicas\",\"item\":\"https:\\\/\\\/fisio-shop.pt\\\/?product_cat=ajudas-tecnicas-mobilidade-e-ajudas-tecnicas-geriatria\",\"nextItem\":{\"@type\":\"ListItem\",\"@id\":\"https:\\\/\\\/fisio-shop.pt\\\/?product_cat=ajudas-tecnicas-wc#listItem\",\"name\":\"Ajudas t\\u00e9cnicas WC\"},\"previousItem\":{\"@type\":\"ListItem\",\"@id\":\"https:\\\/\\\/fisio-shop.pt\\\/?product_cat=mobilidade-e-ajudas-tecnicas-geriatria#listItem\",\"name\":\"Mobilidade e ajudas t\\u00e9cnicas\"}},{\"@type\":\"ListItem\",\"@id\":\"https:\\\/\\\/fisio-shop.pt\\\/?product_cat=ajudas-tecnicas-wc#listItem\",\"position\":6,\"name\":\"Ajudas t\\u00e9cnicas WC\",\"item\":\"https:\\\/\\\/fisio-shop.pt\\\/?product_cat=ajudas-tecnicas-wc\",\"nextItem\":{\"@type\":\"ListItem\",\"@id\":\"https:\\\/\\\/fisio-shop.pt\\\/?product=prancha-de-banheira-marina-xl#listItem\",\"name\":\"PRANCHA DE BANHEIRA MARINA\"},\"previousItem\":{\"@type\":\"ListItem\",\"@id\":\"https:\\\/\\\/fisio-shop.pt\\\/?product_cat=ajudas-tecnicas-mobilidade-e-ajudas-tecnicas-geriatria#listItem\",\"name\":\"Ajudas t\\u00e9cnicas\"}},{\"@type\":\"ListItem\",\"@id\":\"https:\\\/\\\/fisio-shop.pt\\\/?product=prancha-de-banheira-marina-xl#listItem\",\"position\":7,\"name\":\"PRANCHA DE BANHEIRA MARINA\",\"previousItem\":{\"@type\":\"ListItem\",\"@id\":\"https:\\\/\\\/fisio-shop.pt\\\/?product_cat=ajudas-tecnicas-wc#listItem\",\"name\":\"Ajudas t\\u00e9cnicas WC\"}}]},{\"@type\":\"Organization\",\"@id\":\"https:\\\/\\\/fisio-shop.pt\\\/#organization\",\"name\":\"Fisio-shop\",\"description\":\"Empresa especializada na distribui\\u00e7\\u00e3o de equipamentos profissionais para os mercados da Fisioterapia, Geriatria, Fitness e Medicina Desportiva. Empresa especializada na distribui\\u00e7\\u00e3o de equipamentos profissionais para os mercados da Fisioterapia, Geriatria, Fitness e Medicina Desportiva.\",\"url\":\"https:\\\/\\\/fisio-shop.pt\\\/\",\"logo\":{\"@type\":\"ImageObject\",\"url\":\"https:\\\/\\\/fisio-shop.pt\\\/wp-content\\\/uploads\\\/2026\\\/04\\\/android-chrome-192x192-1.png\",\"@id\":\"https:\\\/\\\/fisio-shop.pt\\\/?product=prancha-de-banheira-marina-xl\\\/#organizationLogo\"},\"image\":{\"@id\":\"https:\\\/\\\/fisio-shop.pt\\\/?product=prancha-de-banheira-marina-xl\\\/#organizationLogo\"},\"sameAs\":[\"https:\\\/\\\/www.facebook.com\\\/p\\\/Fisioshop-Comrcio-de-Equipamentos-Lda-100036934916130\\\/\"]},{\"@type\":\"Product\",\"@id\":\"https:\\\/\\\/fisio-shop.pt\\\/?product=prancha-de-banheira-marina-xl#wooCommerceProduct\",\"name\":\"PRANCHA DE BANHEIRA MARINA\",\"description\":\"Prancha de banheira Marina XL.\",\"url\":\"https:\\\/\\\/fisio-shop.pt\\\/?product=prancha-de-banheira-marina-xl\",\"sku\":\"1541330\",\"image\":{\"@type\":\"ImageObject\",\"url\":\"https:\\\/\\\/fisio-shop.pt\\\/wp-content\\\/uploads\\\/2026\\\/02\\\/PRANCHA-DE-BANHEIRA-MARINA-XL-1.jpg\",\"@id\":\"https:\\\/\\\/fisio-shop.pt\\\/?product=prancha-de-banheira-marina-xl\\\/#productImage\",\"width\":560,\"height\":560},\"offers\":{\"@type\":\"Offer\",\"url\":\"https:\\\/\\\/fisio-shop.pt\\\/?product=prancha-de-banheira-marina-xl#wooCommerceOffer\",\"price\":0,\"priceCurrency\":\"EUR\",\"category\":\"Geriatria\",\"availability\":\"https:\\\/\\\/schema.org\\\/InStock\",\"seller\":{\"@type\":\"Organization\",\"@id\":\"https:\\\/\\\/fisio-shop.pt\\\/#organization\"}}},{\"@type\":\"WebPage\",\"@id\":\"https:\\\/\\\/fisio-shop.pt\\\/?product=prancha-de-banheira-marina-xl#webpage\",\"url\":\"https:\\\/\\\/fisio-shop.pt\\\/?product=prancha-de-banheira-marina-xl\",\"name\":\"PRANCHA DE BANHEIRA MARINA - Fisio-shop\",\"description\":\"Prancha de banheira Marina XL.\",\"inLanguage\":\"pt-PT\",\"isPartOf\":{\"@id\":\"https:\\\/\\\/fisio-shop.pt\\\/#website\"},\"breadcrumb\":{\"@id\":\"https:\\\/\\\/fisio-shop.pt\\\/?product=prancha-de-banheira-marina-xl#breadcrumblist\"},\"image\":{\"@type\":\"ImageObject\",\"url\":\"https:\\\/\\\/fisio-shop.pt\\\/wp-content\\\/uploads\\\/2026\\\/02\\\/PRANCHA-DE-BANHEIRA-MARINA-XL-1.jpg\",\"@id\":\"https:\\\/\\\/fisio-shop.pt\\\/?product=prancha-de-banheira-marina-xl\\\/#mainImage\",\"width\":560,\"height\":560},\"primaryImageOfPage\":{\"@id\":\"https:\\\/\\\/fisio-shop.pt\\\/?product=prancha-de-banheira-marina-xl#mainImage\"},\"datePublished\":\"2017-06-28T15:13:42+00:00\",\"dateModified\":\"2026-02-25T19:59:12+00:00\"},{\"@type\":\"WebSite\",\"@id\":\"https:\\\/\\\/fisio-shop.pt\\\/#website\",\"url\":\"https:\\\/\\\/fisio-shop.pt\\\/\",\"name\":\"Fisio-shop\",\"description\":\"Empresa especializada na distribui\\u00e7\\u00e3o de equipamentos profissionais para os mercados da Fisioterapia, Geriatria, Fitness e Medicina Desportiva.\",\"inLanguage\":\"pt-PT\",\"publisher\":{\"@id\":\"https:\\\/\\\/fisio-shop.pt\\\/#organization\"}}]}\n\t\t<\/script>\n\t\t<!-- All in One SEO Pro -->\r\n\t\t<title>PRANCHA DE BANHEIRA MARINA - Fisio-shop<\/title>\n\n","aioseo_head_json":{"title":"PRANCHA DE BANHEIRA MARINA - Fisio-shop","description":"Prancha de banheira Marina XL.","canonical_url":"https:\/\/fisio-shop.pt\/?product=prancha-de-banheira-marina-xl","robots":"max-image-preview:large","keywords":"","webmasterTools":{"miscellaneous":""},"schema":{"@context":"https:\/\/schema.org","@graph":[{"@type":"BreadcrumbList","@id":"https:\/\/fisio-shop.pt\/?product=prancha-de-banheira-marina-xl#breadcrumblist","itemListElement":[{"@type":"ListItem","@id":"https:\/\/fisio-shop.pt#listItem","position":1,"name":"Home","item":"https:\/\/fisio-shop.pt","nextItem":{"@type":"ListItem","@id":"https:\/\/fisio-shop.pt\/?page_id=5#listItem","name":"Loja"}},{"@type":"ListItem","@id":"https:\/\/fisio-shop.pt\/?page_id=5#listItem","position":2,"name":"Loja","item":"https:\/\/fisio-shop.pt\/?page_id=5","nextItem":{"@type":"ListItem","@id":"https:\/\/fisio-shop.pt\/?product_cat=geriatria#listItem","name":"Geriatria"},"previousItem":{"@type":"ListItem","@id":"https:\/\/fisio-shop.pt#listItem","name":"Home"}},{"@type":"ListItem","@id":"https:\/\/fisio-shop.pt\/?product_cat=geriatria#listItem","position":3,"name":"Geriatria","item":"https:\/\/fisio-shop.pt\/?product_cat=geriatria","nextItem":{"@type":"ListItem","@id":"https:\/\/fisio-shop.pt\/?product_cat=mobilidade-e-ajudas-tecnicas-geriatria#listItem","name":"Mobilidade e ajudas t\u00e9cnicas"},"previousItem":{"@type":"ListItem","@id":"https:\/\/fisio-shop.pt\/?page_id=5#listItem","name":"Loja"}},{"@type":"ListItem","@id":"https:\/\/fisio-shop.pt\/?product_cat=mobilidade-e-ajudas-tecnicas-geriatria#listItem","position":4,"name":"Mobilidade e ajudas t\u00e9cnicas","item":"https:\/\/fisio-shop.pt\/?product_cat=mobilidade-e-ajudas-tecnicas-geriatria","nextItem":{"@type":"ListItem","@id":"https:\/\/fisio-shop.pt\/?product_cat=ajudas-tecnicas-mobilidade-e-ajudas-tecnicas-geriatria#listItem","name":"Ajudas t\u00e9cnicas"},"previousItem":{"@type":"ListItem","@id":"https:\/\/fisio-shop.pt\/?product_cat=geriatria#listItem","name":"Geriatria"}},{"@type":"ListItem","@id":"https:\/\/fisio-shop.pt\/?product_cat=ajudas-tecnicas-mobilidade-e-ajudas-tecnicas-geriatria#listItem","position":5,"name":"Ajudas t\u00e9cnicas","item":"https:\/\/fisio-shop.pt\/?product_cat=ajudas-tecnicas-mobilidade-e-ajudas-tecnicas-geriatria","nextItem":{"@type":"ListItem","@id":"https:\/\/fisio-shop.pt\/?product_cat=ajudas-tecnicas-wc#listItem","name":"Ajudas t\u00e9cnicas WC"},"previousItem":{"@type":"ListItem","@id":"https:\/\/fisio-shop.pt\/?product_cat=mobilidade-e-ajudas-tecnicas-geriatria#listItem","name":"Mobilidade e ajudas t\u00e9cnicas"}},{"@type":"ListItem","@id":"https:\/\/fisio-shop.pt\/?product_cat=ajudas-tecnicas-wc#listItem","position":6,"name":"Ajudas t\u00e9cnicas WC","item":"https:\/\/fisio-shop.pt\/?product_cat=ajudas-tecnicas-wc","nextItem":{"@type":"ListItem","@id":"https:\/\/fisio-shop.pt\/?product=prancha-de-banheira-marina-xl#listItem","name":"PRANCHA DE BANHEIRA MARINA"},"previousItem":{"@type":"ListItem","@id":"https:\/\/fisio-shop.pt\/?product_cat=ajudas-tecnicas-mobilidade-e-ajudas-tecnicas-geriatria#listItem","name":"Ajudas t\u00e9cnicas"}},{"@type":"ListItem","@id":"https:\/\/fisio-shop.pt\/?product=prancha-de-banheira-marina-xl#listItem","position":7,"name":"PRANCHA DE BANHEIRA MARINA","previousItem":{"@type":"ListItem","@id":"https:\/\/fisio-shop.pt\/?product_cat=ajudas-tecnicas-wc#listItem","name":"Ajudas t\u00e9cnicas WC"}}]},{"@type":"Organization","@id":"https:\/\/fisio-shop.pt\/#organization","name":"Fisio-shop","description":"Empresa especializada na distribui\u00e7\u00e3o de equipamentos profissionais para os mercados da Fisioterapia, Geriatria, Fitness e Medicina Desportiva. Empresa especializada na distribui\u00e7\u00e3o de equipamentos profissionais para os mercados da Fisioterapia, Geriatria, Fitness e Medicina Desportiva.","url":"https:\/\/fisio-shop.pt\/","logo":{"@type":"ImageObject","url":"https:\/\/fisio-shop.pt\/wp-content\/uploads\/2026\/04\/android-chrome-192x192-1.png","@id":"https:\/\/fisio-shop.pt\/?product=prancha-de-banheira-marina-xl\/#organizationLogo"},"image":{"@id":"https:\/\/fisio-shop.pt\/?product=prancha-de-banheira-marina-xl\/#organizationLogo"},"sameAs":["https:\/\/www.facebook.com\/p\/Fisioshop-Comrcio-de-Equipamentos-Lda-100036934916130\/"]},{"@type":"Product","@id":"https:\/\/fisio-shop.pt\/?product=prancha-de-banheira-marina-xl#wooCommerceProduct","name":"PRANCHA DE BANHEIRA MARINA","description":"Prancha de banheira Marina XL.","url":"https:\/\/fisio-shop.pt\/?product=prancha-de-banheira-marina-xl","sku":"1541330","image":{"@type":"ImageObject","url":"https:\/\/fisio-shop.pt\/wp-content\/uploads\/2026\/02\/PRANCHA-DE-BANHEIRA-MARINA-XL-1.jpg","@id":"https:\/\/fisio-shop.pt\/?product=prancha-de-banheira-marina-xl\/#productImage","width":560,"height":560},"offers":{"@type":"Offer","url":"https:\/\/fisio-shop.pt\/?product=prancha-de-banheira-marina-xl#wooCommerceOffer","price":0,"priceCurrency":"EUR","category":"Geriatria","availability":"https:\/\/schema.org\/InStock","seller":{"@type":"Organization","@id":"https:\/\/fisio-shop.pt\/#organization"}}},{"@type":"WebPage","@id":"https:\/\/fisio-shop.pt\/?product=prancha-de-banheira-marina-xl#webpage","url":"https:\/\/fisio-shop.pt\/?product=prancha-de-banheira-marina-xl","name":"PRANCHA DE BANHEIRA MARINA - Fisio-shop","description":"Prancha de banheira Marina XL.","inLanguage":"pt-PT","isPartOf":{"@id":"https:\/\/fisio-shop.pt\/#website"},"breadcrumb":{"@id":"https:\/\/fisio-shop.pt\/?product=prancha-de-banheira-marina-xl#breadcrumblist"},"image":{"@type":"ImageObject","url":"https:\/\/fisio-shop.pt\/wp-content\/uploads\/2026\/02\/PRANCHA-DE-BANHEIRA-MARINA-XL-1.jpg","@id":"https:\/\/fisio-shop.pt\/?product=prancha-de-banheira-marina-xl\/#mainImage","width":560,"height":560},"primaryImageOfPage":{"@id":"https:\/\/fisio-shop.pt\/?product=prancha-de-banheira-marina-xl#mainImage"},"datePublished":"2017-06-28T15:13:42+00:00","dateModified":"2026-02-25T19:59:12+00:00"},{"@type":"WebSite","@id":"https:\/\/fisio-shop.pt\/#website","url":"https:\/\/fisio-shop.pt\/","name":"Fisio-shop","description":"Empresa especializada na distribui\u00e7\u00e3o de equipamentos profissionais para os mercados da Fisioterapia, Geriatria, Fitness e Medicina Desportiva.","inLanguage":"pt-PT","publisher":{"@id":"https:\/\/fisio-shop.pt\/#organization"}}]},"og:locale":"pt_PT","og:site_name":"Fisio-shop - Empresa especializada na distribui\u00e7\u00e3o de equipamentos profissionais para os mercados da Fisioterapia, Geriatria, Fitness e Medicina Desportiva.","og:type":"article","og:title":"PRANCHA DE BANHEIRA MARINA - Fisio-shop","og:description":"Prancha de banheira Marina XL.","og:url":"https:\/\/fisio-shop.pt\/?product=prancha-de-banheira-marina-xl","og:image":"https:\/\/fisio-shop.pt\/wp-content\/uploads\/2026\/04\/android-chrome-192x192-1.png","og:image:secure_url":"https:\/\/fisio-shop.pt\/wp-content\/uploads\/2026\/04\/android-chrome-192x192-1.png","article:published_time":"2017-06-28T15:13:42+00:00","article:modified_time":"2026-02-25T19:59:12+00:00","article:publisher":"https:\/\/www.facebook.com\/p\/Fisioshop-Comrcio-de-Equipamentos-Lda-100036934916130\/","twitter:card":"summary_large_image","twitter:title":"PRANCHA DE BANHEIRA MARINA - Fisio-shop","twitter:description":"Prancha de banheira Marina XL.","twitter:image":"https:\/\/fisio-shop.pt\/wp-content\/uploads\/2026\/04\/android-chrome-192x192-1.png"},"aioseo_meta_data":{"post_id":"9471","title":null,"description":null,"keywords":null,"keyphrases":null,"primary_term":null,"canonical_url":null,"og_title":null,"og_description":null,"og_object_type":"default","og_image_type":"default","og_image_url":null,"og_image_width":null,"og_image_height":null,"og_image_custom_url":null,"og_image_custom_fields":null,"og_video":null,"og_custom_url":null,"og_article_section":null,"og_article_tags":null,"twitter_use_og":false,"twitter_card":"default","twitter_image_type":"default","twitter_image_url":null,"twitter_image_custom_url":null,"twitter_image_custom_fields":null,"twitter_title":null,"twitter_description":null,"schema":{"blockGraphs":[],"customGraphs":[],"default":{"data":{"Article":[],"Course":[],"Dataset":[],"FAQPage":[],"Movie":[],"Person":[],"Product":[],"ProductReview":[],"Car":[],"Recipe":[],"Service":[],"SoftwareApplication":[],"WebPage":[]},"graphName":"","isEnabled":true},"graphs":[]},"schema_type":"default","schema_type_options":null,"pillar_content":false,"robots_default":true,"robots_noindex":false,"robots_noarchive":false,"robots_nosnippet":false,"robots_nofollow":false,"robots_noimageindex":false,"robots_noodp":false,"robots_notranslate":false,"robots_max_snippet":null,"robots_max_videopreview":null,"robots_max_imagepreview":"large","priority":null,"frequency":null,"local_seo":null,"seo_analyzer_scan_date":"2026-04-18 07:43:29","breadcrumb_settings":null,"limit_modified_date":false,"open_ai":null,"ai":null,"created":"2026-04-18 07:02:19","updated":"2026-04-18 22:08:10"},"aioseo_breadcrumb":"<div class=\"aioseo-breadcrumbs\"><span class=\"aioseo-breadcrumb\">\n\t<a href=\"https:\/\/fisio-shop.pt\" title=\"Home\">Home<\/a>\n<\/span><span class=\"aioseo-breadcrumb-separator\">\u00bb<\/span><span class=\"aioseo-breadcrumb\">\n\t<a href=\"https:\/\/fisio-shop.pt\/?page_id=5\" title=\"Loja\">Loja<\/a>\n<\/span><span class=\"aioseo-breadcrumb-separator\">\u00bb<\/span><span class=\"aioseo-breadcrumb\">\n\t<a href=\"https:\/\/fisio-shop.pt\/?product_cat=geriatria\" title=\"Geriatria\">Geriatria<\/a>\n<\/span><span class=\"aioseo-breadcrumb-separator\">\u00bb<\/span><span class=\"aioseo-breadcrumb\">\n\t<a href=\"https:\/\/fisio-shop.pt\/?product_cat=mobilidade-e-ajudas-tecnicas-geriatria\" title=\"Mobilidade e ajudas t\u00e9cnicas\">Mobilidade e ajudas t\u00e9cnicas<\/a>\n<\/span><span class=\"aioseo-breadcrumb-separator\">\u00bb<\/span><span class=\"aioseo-breadcrumb\">\n\t<a href=\"https:\/\/fisio-shop.pt\/?product_cat=ajudas-tecnicas-mobilidade-e-ajudas-tecnicas-geriatria\" title=\"Ajudas t\u00e9cnicas\">Ajudas t\u00e9cnicas<\/a>\n<\/span><span class=\"aioseo-breadcrumb-separator\">\u00bb<\/span><span class=\"aioseo-breadcrumb\">\n\t<a href=\"https:\/\/fisio-shop.pt\/?product_cat=ajudas-tecnicas-wc\" title=\"Ajudas t\u00e9cnicas WC\">Ajudas t\u00e9cnicas WC<\/a>\n<\/span><span class=\"aioseo-breadcrumb-separator\">\u00bb<\/span><span class=\"aioseo-breadcrumb\">\n\tPRANCHA DE BANHEIRA MARINA\n<\/span><\/div>","aioseo_breadcrumb_json":[{"label":"Home","link":"https:\/\/fisio-shop.pt"},{"label":"Loja","link":"https:\/\/fisio-shop.pt\/?page_id=5"},{"label":"Geriatria","link":"https:\/\/fisio-shop.pt\/?product_cat=geriatria"},{"label":"Mobilidade e ajudas t\u00e9cnicas","link":"https:\/\/fisio-shop.pt\/?product_cat=mobilidade-e-ajudas-tecnicas-geriatria"},{"label":"Ajudas t\u00e9cnicas","link":"https:\/\/fisio-shop.pt\/?product_cat=ajudas-tecnicas-mobilidade-e-ajudas-tecnicas-geriatria"},{"label":"Ajudas t\u00e9cnicas WC","link":"https:\/\/fisio-shop.pt\/?product_cat=ajudas-tecnicas-wc"},{"label":"PRANCHA DE BANHEIRA MARINA","link":"https:\/\/fisio-shop.pt\/?product=prancha-de-banheira-marina-xl"}],"_links":{"self":[{"href":"https:\/\/fisio-shop.pt\/index.php?rest_route=\/wp\/v2\/product\/9471","targetHints":{"allow":["GET"]}}],"collection":[{"href":"https:\/\/fisio-shop.pt\/index.php?rest_route=\/wp\/v2\/product"}],"about":[{"href":"https:\/\/fisio-shop.pt\/index.php?rest_route=\/wp\/v2\/types\/product"}],"replies":[{"embeddable":true,"href":"https:\/\/fisio-shop.pt\/index.php?rest_route=%2Fwp%2Fv2%2Fcomments&post=9471"}],"version-history":[{"count":0,"href":"https:\/\/fisio-shop.pt\/index.php?rest_route=\/wp\/v2\/product\/9471\/revisions"}],"wp:featuredmedia":[{"embeddable":true,"href":"https:\/\/fisio-shop.pt\/index.php?rest_route=\/wp\/v2\/media\/11743"}],"wp:attachment":[{"href":"https:\/\/fisio-shop.pt\/index.php?rest_route=%2Fwp%2Fv2%2Fmedia&parent=9471"}],"wp:term":[{"taxonomy":"product_brand","embeddable":true,"href":"https:\/\/fisio-shop.pt\/index.php?rest_route=%2Fwp%2Fv2%2Fproduct_brand&post=9471"},{"taxonomy":"product_cat","embeddable":true,"href":"https:\/\/fisio-shop.pt\/index.php?rest_route=%2Fwp%2Fv2%2Fproduct_cat&post=9471"},{"taxonomy":"product_tag","embeddable":true,"href":"https:\/\/fisio-shop.pt\/index.php?rest_route=%2Fwp%2Fv2%2Fproduct_tag&post=9471"}],"curies":[{"name":"wp","href":"https:\/\/api.w.org\/{rel}","templated":true}]}}