{"id":9510,"date":"2017-06-28T15:44:38","date_gmt":"2017-06-28T15:44:38","guid":{"rendered":"https:\/\/fisio-shop.pt\/loja\/cadeira-de-banho-movel\/"},"modified":"2026-02-25T19:59:21","modified_gmt":"2026-02-25T19:59:21","slug":"cadeira-de-banho-movel","status":"publish","type":"product","link":"https:\/\/fisio-shop.pt\/?product=cadeira-de-banho-movel","title":{"rendered":"CADEIRA DE BANHO M\u00d3VEL"},"content":{"rendered":"<ul>\n<li>Estrutura em inox;<\/li>\n<li>Quatro rodas, 2 com trav\u00e3o;<\/li>\n<li>Assento e encosto em PVC, regul\u00e1vel em 3 alturas;<\/li>\n<li>Regul\u00e1vel em altura de 450 a 580 mm;<\/li>\n<li>Dimens\u00f5es: 600 x 600 x 900 mm;<\/li>\n<li>Peso: 18 Kg;<\/li>\n<li>Ref: CD.1300;<\/li>\n<li>Pais de origem: Portugal.<\/li>\n<\/ul>\n","protected":false},"excerpt":{"rendered":"<p>Cadeira de banho m\u00f3vel, com assento e encosto em PVC, regul\u00e1vel em 3 alturas.<\/p>\n","protected":false},"featured_media":11773,"comment_status":"open","ping_status":"closed","template":"","meta":{"rs_blank_template":"","rs_page_bg_color":"","slide_template_v7":""},"product_brand":[],"product_cat":[1398,1460,1482,1484,1707,1714,1718,1861,1397],"product_tag":[453,454,455,833,834,835,836,837],"class_list":{"0":"post-9510","1":"product","2":"type-product","3":"status-publish","4":"has-post-thumbnail","6":"product_cat-geriatria","7":"product_cat-equipamento-clinico-hospitalar-e-de-enfermagem","8":"product_cat-mobilidade-e-ajudas-tecnicas","9":"product_cat-ajudas-tecnicas","10":"product_cat-mobilidade-e-ajudas-tecnicas-geriatria","11":"product_cat-ajudas-tecnicas-mobilidade-e-ajudas-tecnicas-geriatria","12":"product_cat-ajudas-tecnicas-wc","13":"product_cat-ajudas-tecnicas-wc-ajudas-tecnicas","14":"product_cat-saude","15":"product_tag-banho-assistido","16":"product_tag-cuidados-continuados","17":"product_tag-geriatria","18":"product_tag-cadeira-de-banho","19":"product_tag-cadeira-de-duche","20":"product_tag-cadeira-para-chuveiro","21":"product_tag-chuveiro","22":"product_tag-dispositivo-sanitario","24":"first","25":"instock","26":"shipping-taxable","27":"product-type-simple"},"aioseo_notices":[],"etheme_brands":{"errors":{"invalid_taxonomy":["Taxonomia inv\u00e1lida."]},"error_data":[]},"aioseo_head":"\n\t\t<!-- All in One SEO Pro 4.9.0 - aioseo.com -->\n\t<meta name=\"description\" content=\"Cadeira de banho m\u00f3vel, com assento e encosto em PVC, regul\u00e1vel em 3 alturas.\" \/>\n\t<meta name=\"robots\" content=\"max-image-preview:large\" \/>\n\t<link rel=\"canonical\" href=\"https:\/\/fisio-shop.pt\/?product=cadeira-de-banho-movel\" \/>\n\t<meta name=\"generator\" content=\"All in One SEO Pro (AIOSEO) 4.9.0\" \/>\n\t\t<meta property=\"og:locale\" content=\"pt_PT\" \/>\n\t\t<meta property=\"og:site_name\" content=\"Fisio-shop - Empresa especializada na distribui\u00e7\u00e3o de equipamentos profissionais para os mercados da Fisioterapia, Geriatria, Fitness e Medicina Desportiva.\" \/>\n\t\t<meta property=\"og:type\" content=\"article\" \/>\n\t\t<meta property=\"og:title\" content=\"CADEIRA DE BANHO M\u00d3VEL - Fisio-shop\" \/>\n\t\t<meta property=\"og:description\" content=\"Cadeira de banho m\u00f3vel, com assento e encosto em PVC, regul\u00e1vel em 3 alturas.\" \/>\n\t\t<meta property=\"og:url\" content=\"https:\/\/fisio-shop.pt\/?product=cadeira-de-banho-movel\" \/>\n\t\t<meta property=\"og:image\" content=\"https:\/\/fisio-shop.pt\/wp-content\/uploads\/2026\/04\/android-chrome-192x192-1.png\" \/>\n\t\t<meta property=\"og:image:secure_url\" content=\"https:\/\/fisio-shop.pt\/wp-content\/uploads\/2026\/04\/android-chrome-192x192-1.png\" \/>\n\t\t<meta property=\"article:published_time\" content=\"2017-06-28T15:44:38+00:00\" \/>\n\t\t<meta property=\"article:modified_time\" content=\"2026-02-25T19:59:21+00:00\" \/>\n\t\t<meta property=\"article:publisher\" content=\"https:\/\/www.facebook.com\/p\/Fisioshop-Comrcio-de-Equipamentos-Lda-100036934916130\/\" \/>\n\t\t<meta name=\"twitter:card\" content=\"summary_large_image\" \/>\n\t\t<meta name=\"twitter:title\" content=\"CADEIRA DE BANHO M\u00d3VEL - Fisio-shop\" \/>\n\t\t<meta name=\"twitter:description\" content=\"Cadeira de banho m\u00f3vel, com assento e encosto em PVC, regul\u00e1vel em 3 alturas.\" \/>\n\t\t<meta name=\"twitter:image\" content=\"https:\/\/fisio-shop.pt\/wp-content\/uploads\/2026\/04\/android-chrome-192x192-1.png\" \/>\n\t\t<script type=\"application\/ld+json\" class=\"aioseo-schema\">\n\t\t\t{\"@context\":\"https:\\\/\\\/schema.org\",\"@graph\":[{\"@type\":\"BreadcrumbList\",\"@id\":\"https:\\\/\\\/fisio-shop.pt\\\/?product=cadeira-de-banho-movel#breadcrumblist\",\"itemListElement\":[{\"@type\":\"ListItem\",\"@id\":\"https:\\\/\\\/fisio-shop.pt#listItem\",\"position\":1,\"name\":\"Home\",\"item\":\"https:\\\/\\\/fisio-shop.pt\",\"nextItem\":{\"@type\":\"ListItem\",\"@id\":\"https:\\\/\\\/fisio-shop.pt\\\/?page_id=5#listItem\",\"name\":\"Loja\"}},{\"@type\":\"ListItem\",\"@id\":\"https:\\\/\\\/fisio-shop.pt\\\/?page_id=5#listItem\",\"position\":2,\"name\":\"Loja\",\"item\":\"https:\\\/\\\/fisio-shop.pt\\\/?page_id=5\",\"nextItem\":{\"@type\":\"ListItem\",\"@id\":\"https:\\\/\\\/fisio-shop.pt\\\/?product_cat=saude#listItem\",\"name\":\"Sa\\u00fade\"},\"previousItem\":{\"@type\":\"ListItem\",\"@id\":\"https:\\\/\\\/fisio-shop.pt#listItem\",\"name\":\"Home\"}},{\"@type\":\"ListItem\",\"@id\":\"https:\\\/\\\/fisio-shop.pt\\\/?product_cat=saude#listItem\",\"position\":3,\"name\":\"Sa\\u00fade\",\"item\":\"https:\\\/\\\/fisio-shop.pt\\\/?product_cat=saude\",\"nextItem\":{\"@type\":\"ListItem\",\"@id\":\"https:\\\/\\\/fisio-shop.pt\\\/?product_cat=equipamento-clinico-hospitalar-e-de-enfermagem#listItem\",\"name\":\"Equipamento cl\\u00ednico, hospitalar e de enfermagem\"},\"previousItem\":{\"@type\":\"ListItem\",\"@id\":\"https:\\\/\\\/fisio-shop.pt\\\/?page_id=5#listItem\",\"name\":\"Loja\"}},{\"@type\":\"ListItem\",\"@id\":\"https:\\\/\\\/fisio-shop.pt\\\/?product_cat=equipamento-clinico-hospitalar-e-de-enfermagem#listItem\",\"position\":4,\"name\":\"Equipamento cl\\u00ednico, hospitalar e de enfermagem\",\"item\":\"https:\\\/\\\/fisio-shop.pt\\\/?product_cat=equipamento-clinico-hospitalar-e-de-enfermagem\",\"nextItem\":{\"@type\":\"ListItem\",\"@id\":\"https:\\\/\\\/fisio-shop.pt\\\/?product_cat=mobilidade-e-ajudas-tecnicas#listItem\",\"name\":\"Mobilidade e ajudas t\\u00e9cnicas\"},\"previousItem\":{\"@type\":\"ListItem\",\"@id\":\"https:\\\/\\\/fisio-shop.pt\\\/?product_cat=saude#listItem\",\"name\":\"Sa\\u00fade\"}},{\"@type\":\"ListItem\",\"@id\":\"https:\\\/\\\/fisio-shop.pt\\\/?product_cat=mobilidade-e-ajudas-tecnicas#listItem\",\"position\":5,\"name\":\"Mobilidade e ajudas t\\u00e9cnicas\",\"item\":\"https:\\\/\\\/fisio-shop.pt\\\/?product_cat=mobilidade-e-ajudas-tecnicas\",\"nextItem\":{\"@type\":\"ListItem\",\"@id\":\"https:\\\/\\\/fisio-shop.pt\\\/?product_cat=ajudas-tecnicas#listItem\",\"name\":\"Ajudas t\\u00e9cnicas\"},\"previousItem\":{\"@type\":\"ListItem\",\"@id\":\"https:\\\/\\\/fisio-shop.pt\\\/?product_cat=equipamento-clinico-hospitalar-e-de-enfermagem#listItem\",\"name\":\"Equipamento cl\\u00ednico, hospitalar e de enfermagem\"}},{\"@type\":\"ListItem\",\"@id\":\"https:\\\/\\\/fisio-shop.pt\\\/?product_cat=ajudas-tecnicas#listItem\",\"position\":6,\"name\":\"Ajudas t\\u00e9cnicas\",\"item\":\"https:\\\/\\\/fisio-shop.pt\\\/?product_cat=ajudas-tecnicas\",\"nextItem\":{\"@type\":\"ListItem\",\"@id\":\"https:\\\/\\\/fisio-shop.pt\\\/?product_cat=ajudas-tecnicas-wc-ajudas-tecnicas#listItem\",\"name\":\"Ajudas t\\u00e9cnicas WC\"},\"previousItem\":{\"@type\":\"ListItem\",\"@id\":\"https:\\\/\\\/fisio-shop.pt\\\/?product_cat=mobilidade-e-ajudas-tecnicas#listItem\",\"name\":\"Mobilidade e ajudas t\\u00e9cnicas\"}},{\"@type\":\"ListItem\",\"@id\":\"https:\\\/\\\/fisio-shop.pt\\\/?product_cat=ajudas-tecnicas-wc-ajudas-tecnicas#listItem\",\"position\":7,\"name\":\"Ajudas t\\u00e9cnicas WC\",\"item\":\"https:\\\/\\\/fisio-shop.pt\\\/?product_cat=ajudas-tecnicas-wc-ajudas-tecnicas\",\"nextItem\":{\"@type\":\"ListItem\",\"@id\":\"https:\\\/\\\/fisio-shop.pt\\\/?product=cadeira-de-banho-movel#listItem\",\"name\":\"CADEIRA DE BANHO M\\u00d3VEL\"},\"previousItem\":{\"@type\":\"ListItem\",\"@id\":\"https:\\\/\\\/fisio-shop.pt\\\/?product_cat=ajudas-tecnicas#listItem\",\"name\":\"Ajudas t\\u00e9cnicas\"}},{\"@type\":\"ListItem\",\"@id\":\"https:\\\/\\\/fisio-shop.pt\\\/?product=cadeira-de-banho-movel#listItem\",\"position\":8,\"name\":\"CADEIRA DE BANHO M\\u00d3VEL\",\"previousItem\":{\"@type\":\"ListItem\",\"@id\":\"https:\\\/\\\/fisio-shop.pt\\\/?product_cat=ajudas-tecnicas-wc-ajudas-tecnicas#listItem\",\"name\":\"Ajudas t\\u00e9cnicas WC\"}}]},{\"@type\":\"Organization\",\"@id\":\"https:\\\/\\\/fisio-shop.pt\\\/#organization\",\"name\":\"Fisio-shop\",\"description\":\"Empresa especializada na distribui\\u00e7\\u00e3o de equipamentos profissionais para os mercados da Fisioterapia, Geriatria, Fitness e Medicina Desportiva. Empresa especializada na distribui\\u00e7\\u00e3o de equipamentos profissionais para os mercados da Fisioterapia, Geriatria, Fitness e Medicina Desportiva.\",\"url\":\"https:\\\/\\\/fisio-shop.pt\\\/\",\"logo\":{\"@type\":\"ImageObject\",\"url\":\"https:\\\/\\\/fisio-shop.pt\\\/wp-content\\\/uploads\\\/2026\\\/04\\\/android-chrome-192x192-1.png\",\"@id\":\"https:\\\/\\\/fisio-shop.pt\\\/?product=cadeira-de-banho-movel\\\/#organizationLogo\"},\"image\":{\"@id\":\"https:\\\/\\\/fisio-shop.pt\\\/?product=cadeira-de-banho-movel\\\/#organizationLogo\"},\"sameAs\":[\"https:\\\/\\\/www.facebook.com\\\/p\\\/Fisioshop-Comrcio-de-Equipamentos-Lda-100036934916130\\\/\"]},{\"@type\":\"Product\",\"@id\":\"https:\\\/\\\/fisio-shop.pt\\\/?product=cadeira-de-banho-movel#wooCommerceProduct\",\"name\":\"CADEIRA DE BANHO M\\u00d3VEL\",\"description\":\"Cadeira de banho m\\u00f3vel, com assento e encosto em PVC, regul\\u00e1vel em 3 alturas.\",\"url\":\"https:\\\/\\\/fisio-shop.pt\\\/?product=cadeira-de-banho-movel\",\"sku\":\"CD.1300\",\"image\":{\"@type\":\"ImageObject\",\"url\":\"https:\\\/\\\/fisio-shop.pt\\\/wp-content\\\/uploads\\\/2026\\\/02\\\/CADEIRA-DE-BANHO-MOVEL-1.jpg\",\"@id\":\"https:\\\/\\\/fisio-shop.pt\\\/?product=cadeira-de-banho-movel\\\/#productImage\",\"width\":236,\"height\":299},\"offers\":{\"@type\":\"Offer\",\"url\":\"https:\\\/\\\/fisio-shop.pt\\\/?product=cadeira-de-banho-movel#wooCommerceOffer\",\"price\":0,\"priceCurrency\":\"EUR\",\"category\":\"Sa\\u00fade\",\"availability\":\"https:\\\/\\\/schema.org\\\/InStock\",\"seller\":{\"@type\":\"Organization\",\"@id\":\"https:\\\/\\\/fisio-shop.pt\\\/#organization\"}}},{\"@type\":\"WebPage\",\"@id\":\"https:\\\/\\\/fisio-shop.pt\\\/?product=cadeira-de-banho-movel#webpage\",\"url\":\"https:\\\/\\\/fisio-shop.pt\\\/?product=cadeira-de-banho-movel\",\"name\":\"CADEIRA DE BANHO M\\u00d3VEL - Fisio-shop\",\"description\":\"Cadeira de banho m\\u00f3vel, com assento e encosto em PVC, regul\\u00e1vel em 3 alturas.\",\"inLanguage\":\"pt-PT\",\"isPartOf\":{\"@id\":\"https:\\\/\\\/fisio-shop.pt\\\/#website\"},\"breadcrumb\":{\"@id\":\"https:\\\/\\\/fisio-shop.pt\\\/?product=cadeira-de-banho-movel#breadcrumblist\"},\"image\":{\"@type\":\"ImageObject\",\"url\":\"https:\\\/\\\/fisio-shop.pt\\\/wp-content\\\/uploads\\\/2026\\\/02\\\/CADEIRA-DE-BANHO-MOVEL-1.jpg\",\"@id\":\"https:\\\/\\\/fisio-shop.pt\\\/?product=cadeira-de-banho-movel\\\/#mainImage\",\"width\":236,\"height\":299},\"primaryImageOfPage\":{\"@id\":\"https:\\\/\\\/fisio-shop.pt\\\/?product=cadeira-de-banho-movel#mainImage\"},\"datePublished\":\"2017-06-28T15:44:38+00:00\",\"dateModified\":\"2026-02-25T19:59:21+00:00\"},{\"@type\":\"WebSite\",\"@id\":\"https:\\\/\\\/fisio-shop.pt\\\/#website\",\"url\":\"https:\\\/\\\/fisio-shop.pt\\\/\",\"name\":\"Fisio-shop\",\"description\":\"Empresa especializada na distribui\\u00e7\\u00e3o de equipamentos profissionais para os mercados da Fisioterapia, Geriatria, Fitness e Medicina Desportiva.\",\"inLanguage\":\"pt-PT\",\"publisher\":{\"@id\":\"https:\\\/\\\/fisio-shop.pt\\\/#organization\"}}]}\n\t\t<\/script>\n\t\t<!-- All in One SEO Pro -->\r\n\t\t<title>CADEIRA DE BANHO M\u00d3VEL - Fisio-shop<\/title>\n\n","aioseo_head_json":{"title":"CADEIRA DE BANHO M\u00d3VEL - Fisio-shop","description":"Cadeira de banho m\u00f3vel, com assento e encosto em PVC, regul\u00e1vel em 3 alturas.","canonical_url":"https:\/\/fisio-shop.pt\/?product=cadeira-de-banho-movel","robots":"max-image-preview:large","keywords":"","webmasterTools":{"miscellaneous":""},"schema":{"@context":"https:\/\/schema.org","@graph":[{"@type":"BreadcrumbList","@id":"https:\/\/fisio-shop.pt\/?product=cadeira-de-banho-movel#breadcrumblist","itemListElement":[{"@type":"ListItem","@id":"https:\/\/fisio-shop.pt#listItem","position":1,"name":"Home","item":"https:\/\/fisio-shop.pt","nextItem":{"@type":"ListItem","@id":"https:\/\/fisio-shop.pt\/?page_id=5#listItem","name":"Loja"}},{"@type":"ListItem","@id":"https:\/\/fisio-shop.pt\/?page_id=5#listItem","position":2,"name":"Loja","item":"https:\/\/fisio-shop.pt\/?page_id=5","nextItem":{"@type":"ListItem","@id":"https:\/\/fisio-shop.pt\/?product_cat=saude#listItem","name":"Sa\u00fade"},"previousItem":{"@type":"ListItem","@id":"https:\/\/fisio-shop.pt#listItem","name":"Home"}},{"@type":"ListItem","@id":"https:\/\/fisio-shop.pt\/?product_cat=saude#listItem","position":3,"name":"Sa\u00fade","item":"https:\/\/fisio-shop.pt\/?product_cat=saude","nextItem":{"@type":"ListItem","@id":"https:\/\/fisio-shop.pt\/?product_cat=equipamento-clinico-hospitalar-e-de-enfermagem#listItem","name":"Equipamento cl\u00ednico, hospitalar e de enfermagem"},"previousItem":{"@type":"ListItem","@id":"https:\/\/fisio-shop.pt\/?page_id=5#listItem","name":"Loja"}},{"@type":"ListItem","@id":"https:\/\/fisio-shop.pt\/?product_cat=equipamento-clinico-hospitalar-e-de-enfermagem#listItem","position":4,"name":"Equipamento cl\u00ednico, hospitalar e de enfermagem","item":"https:\/\/fisio-shop.pt\/?product_cat=equipamento-clinico-hospitalar-e-de-enfermagem","nextItem":{"@type":"ListItem","@id":"https:\/\/fisio-shop.pt\/?product_cat=mobilidade-e-ajudas-tecnicas#listItem","name":"Mobilidade e ajudas t\u00e9cnicas"},"previousItem":{"@type":"ListItem","@id":"https:\/\/fisio-shop.pt\/?product_cat=saude#listItem","name":"Sa\u00fade"}},{"@type":"ListItem","@id":"https:\/\/fisio-shop.pt\/?product_cat=mobilidade-e-ajudas-tecnicas#listItem","position":5,"name":"Mobilidade e ajudas t\u00e9cnicas","item":"https:\/\/fisio-shop.pt\/?product_cat=mobilidade-e-ajudas-tecnicas","nextItem":{"@type":"ListItem","@id":"https:\/\/fisio-shop.pt\/?product_cat=ajudas-tecnicas#listItem","name":"Ajudas t\u00e9cnicas"},"previousItem":{"@type":"ListItem","@id":"https:\/\/fisio-shop.pt\/?product_cat=equipamento-clinico-hospitalar-e-de-enfermagem#listItem","name":"Equipamento cl\u00ednico, hospitalar e de enfermagem"}},{"@type":"ListItem","@id":"https:\/\/fisio-shop.pt\/?product_cat=ajudas-tecnicas#listItem","position":6,"name":"Ajudas t\u00e9cnicas","item":"https:\/\/fisio-shop.pt\/?product_cat=ajudas-tecnicas","nextItem":{"@type":"ListItem","@id":"https:\/\/fisio-shop.pt\/?product_cat=ajudas-tecnicas-wc-ajudas-tecnicas#listItem","name":"Ajudas t\u00e9cnicas WC"},"previousItem":{"@type":"ListItem","@id":"https:\/\/fisio-shop.pt\/?product_cat=mobilidade-e-ajudas-tecnicas#listItem","name":"Mobilidade e ajudas t\u00e9cnicas"}},{"@type":"ListItem","@id":"https:\/\/fisio-shop.pt\/?product_cat=ajudas-tecnicas-wc-ajudas-tecnicas#listItem","position":7,"name":"Ajudas t\u00e9cnicas WC","item":"https:\/\/fisio-shop.pt\/?product_cat=ajudas-tecnicas-wc-ajudas-tecnicas","nextItem":{"@type":"ListItem","@id":"https:\/\/fisio-shop.pt\/?product=cadeira-de-banho-movel#listItem","name":"CADEIRA DE BANHO M\u00d3VEL"},"previousItem":{"@type":"ListItem","@id":"https:\/\/fisio-shop.pt\/?product_cat=ajudas-tecnicas#listItem","name":"Ajudas t\u00e9cnicas"}},{"@type":"ListItem","@id":"https:\/\/fisio-shop.pt\/?product=cadeira-de-banho-movel#listItem","position":8,"name":"CADEIRA DE BANHO M\u00d3VEL","previousItem":{"@type":"ListItem","@id":"https:\/\/fisio-shop.pt\/?product_cat=ajudas-tecnicas-wc-ajudas-tecnicas#listItem","name":"Ajudas t\u00e9cnicas WC"}}]},{"@type":"Organization","@id":"https:\/\/fisio-shop.pt\/#organization","name":"Fisio-shop","description":"Empresa especializada na distribui\u00e7\u00e3o de equipamentos profissionais para os mercados da Fisioterapia, Geriatria, Fitness e Medicina Desportiva. Empresa especializada na distribui\u00e7\u00e3o de equipamentos profissionais para os mercados da Fisioterapia, Geriatria, Fitness e Medicina Desportiva.","url":"https:\/\/fisio-shop.pt\/","logo":{"@type":"ImageObject","url":"https:\/\/fisio-shop.pt\/wp-content\/uploads\/2026\/04\/android-chrome-192x192-1.png","@id":"https:\/\/fisio-shop.pt\/?product=cadeira-de-banho-movel\/#organizationLogo"},"image":{"@id":"https:\/\/fisio-shop.pt\/?product=cadeira-de-banho-movel\/#organizationLogo"},"sameAs":["https:\/\/www.facebook.com\/p\/Fisioshop-Comrcio-de-Equipamentos-Lda-100036934916130\/"]},{"@type":"Product","@id":"https:\/\/fisio-shop.pt\/?product=cadeira-de-banho-movel#wooCommerceProduct","name":"CADEIRA DE BANHO M\u00d3VEL","description":"Cadeira de banho m\u00f3vel, com assento e encosto em PVC, regul\u00e1vel em 3 alturas.","url":"https:\/\/fisio-shop.pt\/?product=cadeira-de-banho-movel","sku":"CD.1300","image":{"@type":"ImageObject","url":"https:\/\/fisio-shop.pt\/wp-content\/uploads\/2026\/02\/CADEIRA-DE-BANHO-MOVEL-1.jpg","@id":"https:\/\/fisio-shop.pt\/?product=cadeira-de-banho-movel\/#productImage","width":236,"height":299},"offers":{"@type":"Offer","url":"https:\/\/fisio-shop.pt\/?product=cadeira-de-banho-movel#wooCommerceOffer","price":0,"priceCurrency":"EUR","category":"Sa\u00fade","availability":"https:\/\/schema.org\/InStock","seller":{"@type":"Organization","@id":"https:\/\/fisio-shop.pt\/#organization"}}},{"@type":"WebPage","@id":"https:\/\/fisio-shop.pt\/?product=cadeira-de-banho-movel#webpage","url":"https:\/\/fisio-shop.pt\/?product=cadeira-de-banho-movel","name":"CADEIRA DE BANHO M\u00d3VEL - Fisio-shop","description":"Cadeira de banho m\u00f3vel, com assento e encosto em PVC, regul\u00e1vel em 3 alturas.","inLanguage":"pt-PT","isPartOf":{"@id":"https:\/\/fisio-shop.pt\/#website"},"breadcrumb":{"@id":"https:\/\/fisio-shop.pt\/?product=cadeira-de-banho-movel#breadcrumblist"},"image":{"@type":"ImageObject","url":"https:\/\/fisio-shop.pt\/wp-content\/uploads\/2026\/02\/CADEIRA-DE-BANHO-MOVEL-1.jpg","@id":"https:\/\/fisio-shop.pt\/?product=cadeira-de-banho-movel\/#mainImage","width":236,"height":299},"primaryImageOfPage":{"@id":"https:\/\/fisio-shop.pt\/?product=cadeira-de-banho-movel#mainImage"},"datePublished":"2017-06-28T15:44:38+00:00","dateModified":"2026-02-25T19:59:21+00:00"},{"@type":"WebSite","@id":"https:\/\/fisio-shop.pt\/#website","url":"https:\/\/fisio-shop.pt\/","name":"Fisio-shop","description":"Empresa especializada na distribui\u00e7\u00e3o de equipamentos profissionais para os mercados da Fisioterapia, Geriatria, Fitness e Medicina Desportiva.","inLanguage":"pt-PT","publisher":{"@id":"https:\/\/fisio-shop.pt\/#organization"}}]},"og:locale":"pt_PT","og:site_name":"Fisio-shop - Empresa especializada na distribui\u00e7\u00e3o de equipamentos profissionais para os mercados da Fisioterapia, Geriatria, Fitness e Medicina Desportiva.","og:type":"article","og:title":"CADEIRA DE BANHO M\u00d3VEL - Fisio-shop","og:description":"Cadeira de banho m\u00f3vel, com assento e encosto em PVC, regul\u00e1vel em 3 alturas.","og:url":"https:\/\/fisio-shop.pt\/?product=cadeira-de-banho-movel","og:image":"https:\/\/fisio-shop.pt\/wp-content\/uploads\/2026\/04\/android-chrome-192x192-1.png","og:image:secure_url":"https:\/\/fisio-shop.pt\/wp-content\/uploads\/2026\/04\/android-chrome-192x192-1.png","article:published_time":"2017-06-28T15:44:38+00:00","article:modified_time":"2026-02-25T19:59:21+00:00","article:publisher":"https:\/\/www.facebook.com\/p\/Fisioshop-Comrcio-de-Equipamentos-Lda-100036934916130\/","twitter:card":"summary_large_image","twitter:title":"CADEIRA DE BANHO M\u00d3VEL - Fisio-shop","twitter:description":"Cadeira de banho m\u00f3vel, com assento e encosto em PVC, regul\u00e1vel em 3 alturas.","twitter:image":"https:\/\/fisio-shop.pt\/wp-content\/uploads\/2026\/04\/android-chrome-192x192-1.png"},"aioseo_meta_data":{"post_id":"9510","title":null,"description":null,"keywords":null,"keyphrases":null,"primary_term":null,"canonical_url":null,"og_title":null,"og_description":null,"og_object_type":"default","og_image_type":"default","og_image_url":null,"og_image_width":null,"og_image_height":null,"og_image_custom_url":null,"og_image_custom_fields":null,"og_video":null,"og_custom_url":null,"og_article_section":null,"og_article_tags":null,"twitter_use_og":false,"twitter_card":"default","twitter_image_type":"default","twitter_image_url":null,"twitter_image_custom_url":null,"twitter_image_custom_fields":null,"twitter_title":null,"twitter_description":null,"schema":{"blockGraphs":[],"customGraphs":[],"default":{"data":{"Article":[],"Course":[],"Dataset":[],"FAQPage":[],"Movie":[],"Person":[],"Product":[],"ProductReview":[],"Car":[],"Recipe":[],"Service":[],"SoftwareApplication":[],"WebPage":[]},"graphName":"","isEnabled":true},"graphs":[]},"schema_type":"default","schema_type_options":null,"pillar_content":false,"robots_default":true,"robots_noindex":false,"robots_noarchive":false,"robots_nosnippet":false,"robots_nofollow":false,"robots_noimageindex":false,"robots_noodp":false,"robots_notranslate":false,"robots_max_snippet":null,"robots_max_videopreview":null,"robots_max_imagepreview":"large","priority":null,"frequency":null,"local_seo":null,"seo_analyzer_scan_date":"2026-04-18 08:00:40","breadcrumb_settings":null,"limit_modified_date":false,"open_ai":null,"ai":null,"created":"2026-04-18 07:02:19","updated":"2026-04-18 22:09:00"},"aioseo_breadcrumb":"<div class=\"aioseo-breadcrumbs\"><span class=\"aioseo-breadcrumb\">\n\t<a href=\"https:\/\/fisio-shop.pt\" title=\"Home\">Home<\/a>\n<\/span><span class=\"aioseo-breadcrumb-separator\">\u00bb<\/span><span class=\"aioseo-breadcrumb\">\n\t<a href=\"https:\/\/fisio-shop.pt\/?page_id=5\" title=\"Loja\">Loja<\/a>\n<\/span><span class=\"aioseo-breadcrumb-separator\">\u00bb<\/span><span class=\"aioseo-breadcrumb\">\n\t<a href=\"https:\/\/fisio-shop.pt\/?product_cat=saude\" title=\"Sa\u00fade\">Sa\u00fade<\/a>\n<\/span><span class=\"aioseo-breadcrumb-separator\">\u00bb<\/span><span class=\"aioseo-breadcrumb\">\n\t<a href=\"https:\/\/fisio-shop.pt\/?product_cat=equipamento-clinico-hospitalar-e-de-enfermagem\" title=\"Equipamento cl\u00ednico, hospitalar e de enfermagem\">Equipamento cl\u00ednico, hospitalar e de enfermagem<\/a>\n<\/span><span class=\"aioseo-breadcrumb-separator\">\u00bb<\/span><span class=\"aioseo-breadcrumb\">\n\t<a href=\"https:\/\/fisio-shop.pt\/?product_cat=mobilidade-e-ajudas-tecnicas\" title=\"Mobilidade e ajudas t\u00e9cnicas\">Mobilidade e ajudas t\u00e9cnicas<\/a>\n<\/span><span class=\"aioseo-breadcrumb-separator\">\u00bb<\/span><span class=\"aioseo-breadcrumb\">\n\t<a href=\"https:\/\/fisio-shop.pt\/?product_cat=ajudas-tecnicas\" title=\"Ajudas t\u00e9cnicas\">Ajudas t\u00e9cnicas<\/a>\n<\/span><span class=\"aioseo-breadcrumb-separator\">\u00bb<\/span><span class=\"aioseo-breadcrumb\">\n\t<a href=\"https:\/\/fisio-shop.pt\/?product_cat=ajudas-tecnicas-wc-ajudas-tecnicas\" title=\"Ajudas t\u00e9cnicas WC\">Ajudas t\u00e9cnicas WC<\/a>\n<\/span><span class=\"aioseo-breadcrumb-separator\">\u00bb<\/span><span class=\"aioseo-breadcrumb\">\n\tCADEIRA DE BANHO M\u00d3VEL\n<\/span><\/div>","aioseo_breadcrumb_json":[{"label":"Home","link":"https:\/\/fisio-shop.pt"},{"label":"Loja","link":"https:\/\/fisio-shop.pt\/?page_id=5"},{"label":"Sa\u00fade","link":"https:\/\/fisio-shop.pt\/?product_cat=saude"},{"label":"Equipamento cl\u00ednico, hospitalar e de enfermagem","link":"https:\/\/fisio-shop.pt\/?product_cat=equipamento-clinico-hospitalar-e-de-enfermagem"},{"label":"Mobilidade e ajudas t\u00e9cnicas","link":"https:\/\/fisio-shop.pt\/?product_cat=mobilidade-e-ajudas-tecnicas"},{"label":"Ajudas t\u00e9cnicas","link":"https:\/\/fisio-shop.pt\/?product_cat=ajudas-tecnicas"},{"label":"Ajudas t\u00e9cnicas WC","link":"https:\/\/fisio-shop.pt\/?product_cat=ajudas-tecnicas-wc-ajudas-tecnicas"},{"label":"CADEIRA DE BANHO M\u00d3VEL","link":"https:\/\/fisio-shop.pt\/?product=cadeira-de-banho-movel"}],"_links":{"self":[{"href":"https:\/\/fisio-shop.pt\/index.php?rest_route=\/wp\/v2\/product\/9510","targetHints":{"allow":["GET"]}}],"collection":[{"href":"https:\/\/fisio-shop.pt\/index.php?rest_route=\/wp\/v2\/product"}],"about":[{"href":"https:\/\/fisio-shop.pt\/index.php?rest_route=\/wp\/v2\/types\/product"}],"replies":[{"embeddable":true,"href":"https:\/\/fisio-shop.pt\/index.php?rest_route=%2Fwp%2Fv2%2Fcomments&post=9510"}],"version-history":[{"count":0,"href":"https:\/\/fisio-shop.pt\/index.php?rest_route=\/wp\/v2\/product\/9510\/revisions"}],"wp:featuredmedia":[{"embeddable":true,"href":"https:\/\/fisio-shop.pt\/index.php?rest_route=\/wp\/v2\/media\/11773"}],"wp:attachment":[{"href":"https:\/\/fisio-shop.pt\/index.php?rest_route=%2Fwp%2Fv2%2Fmedia&parent=9510"}],"wp:term":[{"taxonomy":"product_brand","embeddable":true,"href":"https:\/\/fisio-shop.pt\/index.php?rest_route=%2Fwp%2Fv2%2Fproduct_brand&post=9510"},{"taxonomy":"product_cat","embeddable":true,"href":"https:\/\/fisio-shop.pt\/index.php?rest_route=%2Fwp%2Fv2%2Fproduct_cat&post=9510"},{"taxonomy":"product_tag","embeddable":true,"href":"https:\/\/fisio-shop.pt\/index.php?rest_route=%2Fwp%2Fv2%2Fproduct_tag&post=9510"}],"curies":[{"name":"wp","href":"https:\/\/api.w.org\/{rel}","templated":true}]}}