{"id":9612,"date":"2017-09-26T17:50:02","date_gmt":"2017-09-26T17:50:02","guid":{"rendered":"https:\/\/fisio-shop.pt\/loja\/bh-tapete-corrida-semi-profissional-i-rc12\/"},"modified":"2026-02-25T20:00:16","modified_gmt":"2026-02-25T20:00:16","slug":"bh-tapete-corrida-semi-profissional-i-rc12","status":"publish","type":"product","link":"https:\/\/fisio-shop.pt\/?product=bh-tapete-corrida-semi-profissional-i-rc12","title":{"rendered":"BH TAPETE DE CORRIDA SEMI-PROFISSIONAL"},"content":{"rendered":"<p>Tapete de corrida especificamente concebido para um uso intensivo Semi-Profissional (mais de 20 horas por semana), dispondo para o efeito de um potente m<strong><span style=\"font-size: 11.0pt; font-family: 'Verdana',sans-serif; font-weight: normal;\">otor de 4.5HP e um monitor Dot Matrix com 6 monitores LED com 14 perfis predefinidos.<\/span><\/strong><\/p>\n<p><strong>Caracter\u00edsticas especificas:<\/strong><\/p>\n<ul>\n<li>Concebida para uso intensivo semiprofissional e para treinos de mais de 20 horas por semana;<\/li>\n<li>Motor 4.5HP (picos);<\/li>\n<li>Velocidade silenciosa entre 1 e 22 km\/h;<\/li>\n<li>Motor com tecnologia Green Power;<strong><br \/>\n<\/strong>ECO-MODE: Ativa uma altera\u00e7\u00e3o no software de controlo da passadeira, conseguindo que o consumo el\u00e9ctrico real da m\u00e1quina baixe em m\u00e9dia 25%;<\/li>\n<li>Inclina\u00e7\u00e3o el\u00e9trica at\u00e9 15%;<\/li>\n<li>Permite varia\u00e7\u00e3o significante da intensidade do exerc\u00edcio a qualquer velocidade, ajudando a por as suas pernas e m\u00fasculos das costas sob carga;<\/li>\n<li>Sistema de medi\u00e7\u00e3o da pulsa\u00e7\u00e3o por contacto na pega;<\/li>\n<li>Fornece metas para treino avan\u00e7ado;<\/li>\n<li>Medi\u00e7\u00e3o de pulso sem fios com banda de peito (inclu\u00edda) atrav\u00e9s de radiofrequ\u00eancia a 5 kHz;<\/li>\n<li>Realiza treinos de grande intensidade com um c\u00f3modo controlo do ritmo card\u00edaco no monitor ou no dispositivo m\u00f3vel.<\/li>\n<\/ul>\n<p><strong>Monitor e programas:<\/strong><strong>\u00a0<\/strong><\/p>\n<ul>\n<li>Monitor DOT MATRIX com 6 monitores LED com 14 perfis predefinidos;<\/li>\n<li><u>Quick control box:<\/u><\/li>\n<li>A localiza\u00e7\u00e3o da caixa de controle r\u00e1pida melhorar\u00e1 a seguran\u00e7a durante o treino, favorecendo assim o acesso r\u00e1pido.<\/li>\n<li>Com a caixa de controle mais perto de seu corpo, voc\u00ea vai ser capaz de controlar velocidade e inclina\u00e7\u00e3o em qualquer momento.<\/li>\n<li>Conforto e seguran\u00e7a garantida, inclusive nos exerc\u00edcios mais exigentes;<\/li>\n<li>HRC: Permite atingir n\u00edveis cardiovasculares durante o treino.<\/li>\n<li>Controla automaticamente a intensidade do treino para manter o esfor\u00e7o a limites de pulsa\u00e7\u00e3o diferentes;<\/li>\n<li>Perfis personaliz\u00e1veis (uPrg): Permite ao utilizador desenhar o seu programa pessoal;<\/li>\n<li>Teste de controlo da gordura corporal: Controla a percentagem de gordura corporal;<\/li>\n<li>Fun\u00e7\u00e3o de In\u00edcio R\u00e1pido e teclas r\u00e1pidas de velocidade e inclina\u00e7\u00e3o: Ajuda a controlar velocidade e inclina\u00e7\u00e3o mais facilmente;<\/li>\n<li>Multim\u00e9dia: Gra\u00e7as ao equipamento multim\u00e9dia das passadeiras RC, voc\u00ea pode desfrutar de seu treino ouvindo sua m\u00fasica favorita;<\/li>\n<li>Potente ventilador integrado: Proporciona uma \u00f3tima sensa\u00e7\u00e3o refrescante durante o exerc\u00edcio.<\/li>\n<\/ul>\n<p><strong>Especifica\u00e7\u00f5es:<\/strong><\/p>\n<ul>\n<li>Duplo Sistema de absor\u00e7\u00e3o;<\/li>\n<li>Smart Konik: Sistema de amortecimento principal, que absorve o choque em duas etapas, reduzindo o risco de les\u00f5es nas articula\u00e7\u00f5es;<\/li>\n<li>Flex System: Sistema adicional de amortecimento que reduz o efeito de ressalto do plano de rolamento;<\/li>\n<li>Banda de alta densidade, ultra dur\u00e1vel: Absorve os impactos assegurando um baixo efeito articular;<\/li>\n<li>Estrutura extra larga: Fornece pot\u00eancia, rigidez e resist\u00eancia durante o exerc\u00edcio;<\/li>\n<li>Suporte de garrafa: Muito \u00fatil para sess\u00f5es de treino longos;<\/li>\n<li>Rodas para transporte.<strong><u>\u00a0<\/u><\/strong><\/li>\n<\/ul>\n<p><strong>Peso e dimens\u00f5es:<\/strong><strong>\u00a0<\/strong><\/p>\n<ul>\n<li>Comprimento:200 cm;<\/li>\n<li>Largura:94 cm;<\/li>\n<li>Altura:148 cm;<\/li>\n<li>Peso:137 cm;<\/li>\n<li>Peso m\u00e1ximo recomendado por utilizador:150 kg;<\/li>\n<li>Superf\u00edcie de corrida XXL:155 cm x 55 cm;<\/li>\n<li>Marca: BH Fitness<\/li>\n<\/ul>\n<p><strong>C\u00d3DIGO: FIT0010<\/strong><\/p>\n","protected":false},"excerpt":{"rendered":"<p>Tapete de corrida Semi-Profissional especialmente concebido para uma utiliza\u00e7\u00e3o superior 20 horas semanais.<\/p>\n","protected":false},"featured_media":11881,"comment_status":"open","ping_status":"closed","template":"","meta":{"rs_blank_template":"","rs_page_bg_color":"","slide_template_v7":""},"product_brand":[],"product_cat":[1399,1867,1888],"product_tag":[418,424,426,427],"class_list":{"0":"post-9612","1":"product","2":"type-product","3":"status-publish","4":"has-post-thumbnail","6":"product_cat-fitness-e-desporto","7":"product_cat-equipamento-semi-profissional","8":"product_cat-tapetes-rolantes-equipamento-semi-profissional","9":"product_tag-cardiovascular","10":"product_tag-fitness","11":"product_tag-tapete-corrida","12":"product_tag-tapete-rolante","14":"first","15":"instock","16":"shipping-taxable","17":"product-type-simple"},"aioseo_notices":[],"etheme_brands":{"errors":{"invalid_taxonomy":["Taxonomia inv\u00e1lida."]},"error_data":[]},"aioseo_head":"\n\t\t<!-- All in One SEO Pro 4.9.0 - aioseo.com -->\n\t<meta name=\"description\" content=\"Tapete de corrida Semi-Profissional especialmente concebido para uma utiliza\u00e7\u00e3o superior 20 horas semanais.\" \/>\n\t<meta name=\"robots\" content=\"max-image-preview:large\" \/>\n\t<link rel=\"canonical\" href=\"https:\/\/fisio-shop.pt\/?product=bh-tapete-corrida-semi-profissional-i-rc12\" \/>\n\t<meta name=\"generator\" content=\"All in One SEO Pro (AIOSEO) 4.9.0\" \/>\n\t\t<meta property=\"og:locale\" content=\"pt_PT\" \/>\n\t\t<meta property=\"og:site_name\" content=\"Fisio-shop - Empresa especializada na distribui\u00e7\u00e3o de equipamentos profissionais para os mercados da Fisioterapia, Geriatria, Fitness e Medicina Desportiva.\" \/>\n\t\t<meta property=\"og:type\" content=\"article\" \/>\n\t\t<meta property=\"og:title\" content=\"BH TAPETE DE CORRIDA SEMI-PROFISSIONAL - Fisio-shop\" \/>\n\t\t<meta property=\"og:description\" content=\"Tapete de corrida Semi-Profissional especialmente concebido para uma utiliza\u00e7\u00e3o superior 20 horas semanais.\" \/>\n\t\t<meta property=\"og:url\" content=\"https:\/\/fisio-shop.pt\/?product=bh-tapete-corrida-semi-profissional-i-rc12\" \/>\n\t\t<meta property=\"og:image\" content=\"https:\/\/fisio-shop.pt\/wp-content\/uploads\/2026\/04\/android-chrome-192x192-1.png\" \/>\n\t\t<meta property=\"og:image:secure_url\" content=\"https:\/\/fisio-shop.pt\/wp-content\/uploads\/2026\/04\/android-chrome-192x192-1.png\" \/>\n\t\t<meta property=\"article:published_time\" content=\"2017-09-26T17:50:02+00:00\" \/>\n\t\t<meta property=\"article:modified_time\" content=\"2026-02-25T20:00:16+00:00\" \/>\n\t\t<meta property=\"article:publisher\" content=\"https:\/\/www.facebook.com\/p\/Fisioshop-Comrcio-de-Equipamentos-Lda-100036934916130\/\" \/>\n\t\t<meta name=\"twitter:card\" content=\"summary_large_image\" \/>\n\t\t<meta name=\"twitter:title\" content=\"BH TAPETE DE CORRIDA SEMI-PROFISSIONAL - Fisio-shop\" \/>\n\t\t<meta name=\"twitter:description\" content=\"Tapete de corrida Semi-Profissional especialmente concebido para uma utiliza\u00e7\u00e3o superior 20 horas semanais.\" \/>\n\t\t<meta name=\"twitter:image\" content=\"https:\/\/fisio-shop.pt\/wp-content\/uploads\/2026\/04\/android-chrome-192x192-1.png\" \/>\n\t\t<script type=\"application\/ld+json\" class=\"aioseo-schema\">\n\t\t\t{\"@context\":\"https:\\\/\\\/schema.org\",\"@graph\":[{\"@type\":\"BreadcrumbList\",\"@id\":\"https:\\\/\\\/fisio-shop.pt\\\/?product=bh-tapete-corrida-semi-profissional-i-rc12#breadcrumblist\",\"itemListElement\":[{\"@type\":\"ListItem\",\"@id\":\"https:\\\/\\\/fisio-shop.pt#listItem\",\"position\":1,\"name\":\"Home\",\"item\":\"https:\\\/\\\/fisio-shop.pt\",\"nextItem\":{\"@type\":\"ListItem\",\"@id\":\"https:\\\/\\\/fisio-shop.pt\\\/?page_id=5#listItem\",\"name\":\"Loja\"}},{\"@type\":\"ListItem\",\"@id\":\"https:\\\/\\\/fisio-shop.pt\\\/?page_id=5#listItem\",\"position\":2,\"name\":\"Loja\",\"item\":\"https:\\\/\\\/fisio-shop.pt\\\/?page_id=5\",\"nextItem\":{\"@type\":\"ListItem\",\"@id\":\"https:\\\/\\\/fisio-shop.pt\\\/?product_cat=fitness-e-desporto#listItem\",\"name\":\"Fitness e desporto\"},\"previousItem\":{\"@type\":\"ListItem\",\"@id\":\"https:\\\/\\\/fisio-shop.pt#listItem\",\"name\":\"Home\"}},{\"@type\":\"ListItem\",\"@id\":\"https:\\\/\\\/fisio-shop.pt\\\/?product_cat=fitness-e-desporto#listItem\",\"position\":3,\"name\":\"Fitness e desporto\",\"item\":\"https:\\\/\\\/fisio-shop.pt\\\/?product_cat=fitness-e-desporto\",\"nextItem\":{\"@type\":\"ListItem\",\"@id\":\"https:\\\/\\\/fisio-shop.pt\\\/?product_cat=equipamento-semi-profissional#listItem\",\"name\":\"Semi-profissional\"},\"previousItem\":{\"@type\":\"ListItem\",\"@id\":\"https:\\\/\\\/fisio-shop.pt\\\/?page_id=5#listItem\",\"name\":\"Loja\"}},{\"@type\":\"ListItem\",\"@id\":\"https:\\\/\\\/fisio-shop.pt\\\/?product_cat=equipamento-semi-profissional#listItem\",\"position\":4,\"name\":\"Semi-profissional\",\"item\":\"https:\\\/\\\/fisio-shop.pt\\\/?product_cat=equipamento-semi-profissional\",\"nextItem\":{\"@type\":\"ListItem\",\"@id\":\"https:\\\/\\\/fisio-shop.pt\\\/?product_cat=tapetes-rolantes-equipamento-semi-profissional#listItem\",\"name\":\"Tapetes rolantes\"},\"previousItem\":{\"@type\":\"ListItem\",\"@id\":\"https:\\\/\\\/fisio-shop.pt\\\/?product_cat=fitness-e-desporto#listItem\",\"name\":\"Fitness e desporto\"}},{\"@type\":\"ListItem\",\"@id\":\"https:\\\/\\\/fisio-shop.pt\\\/?product_cat=tapetes-rolantes-equipamento-semi-profissional#listItem\",\"position\":5,\"name\":\"Tapetes rolantes\",\"item\":\"https:\\\/\\\/fisio-shop.pt\\\/?product_cat=tapetes-rolantes-equipamento-semi-profissional\",\"nextItem\":{\"@type\":\"ListItem\",\"@id\":\"https:\\\/\\\/fisio-shop.pt\\\/?product=bh-tapete-corrida-semi-profissional-i-rc12#listItem\",\"name\":\"BH TAPETE DE CORRIDA SEMI-PROFISSIONAL\"},\"previousItem\":{\"@type\":\"ListItem\",\"@id\":\"https:\\\/\\\/fisio-shop.pt\\\/?product_cat=equipamento-semi-profissional#listItem\",\"name\":\"Semi-profissional\"}},{\"@type\":\"ListItem\",\"@id\":\"https:\\\/\\\/fisio-shop.pt\\\/?product=bh-tapete-corrida-semi-profissional-i-rc12#listItem\",\"position\":6,\"name\":\"BH TAPETE DE CORRIDA SEMI-PROFISSIONAL\",\"previousItem\":{\"@type\":\"ListItem\",\"@id\":\"https:\\\/\\\/fisio-shop.pt\\\/?product_cat=tapetes-rolantes-equipamento-semi-profissional#listItem\",\"name\":\"Tapetes rolantes\"}}]},{\"@type\":\"Organization\",\"@id\":\"https:\\\/\\\/fisio-shop.pt\\\/#organization\",\"name\":\"Fisio-shop\",\"description\":\"Empresa especializada na distribui\\u00e7\\u00e3o de equipamentos profissionais para os mercados da Fisioterapia, Geriatria, Fitness e Medicina Desportiva. Empresa especializada na distribui\\u00e7\\u00e3o de equipamentos profissionais para os mercados da Fisioterapia, Geriatria, Fitness e Medicina Desportiva.\",\"url\":\"https:\\\/\\\/fisio-shop.pt\\\/\",\"logo\":{\"@type\":\"ImageObject\",\"url\":\"https:\\\/\\\/fisio-shop.pt\\\/wp-content\\\/uploads\\\/2026\\\/04\\\/android-chrome-192x192-1.png\",\"@id\":\"https:\\\/\\\/fisio-shop.pt\\\/?product=bh-tapete-corrida-semi-profissional-i-rc12\\\/#organizationLogo\"},\"image\":{\"@id\":\"https:\\\/\\\/fisio-shop.pt\\\/?product=bh-tapete-corrida-semi-profissional-i-rc12\\\/#organizationLogo\"},\"sameAs\":[\"https:\\\/\\\/www.facebook.com\\\/p\\\/Fisioshop-Comrcio-de-Equipamentos-Lda-100036934916130\\\/\"]},{\"@type\":\"Product\",\"@id\":\"https:\\\/\\\/fisio-shop.pt\\\/?product=bh-tapete-corrida-semi-profissional-i-rc12#wooCommerceProduct\",\"name\":\"BH TAPETE DE CORRIDA SEMI-PROFISSIONAL\",\"description\":\"Tapete de corrida Semi-Profissional especialmente concebido para uma utiliza\\u00e7\\u00e3o superior 20 horas semanais.\",\"url\":\"https:\\\/\\\/fisio-shop.pt\\\/?product=bh-tapete-corrida-semi-profissional-i-rc12\",\"sku\":\"FIT0010\",\"image\":{\"@type\":\"ImageObject\",\"url\":\"https:\\\/\\\/fisio-shop.pt\\\/wp-content\\\/uploads\\\/2026\\\/02\\\/TAPETE-SEMI-PROF-i.RC12-1.jpg\",\"@id\":\"https:\\\/\\\/fisio-shop.pt\\\/?product=bh-tapete-corrida-semi-profissional-i-rc12\\\/#productImage\",\"width\":700,\"height\":700},\"offers\":{\"@type\":\"Offer\",\"url\":\"https:\\\/\\\/fisio-shop.pt\\\/?product=bh-tapete-corrida-semi-profissional-i-rc12#wooCommerceOffer\",\"price\":0,\"priceCurrency\":\"EUR\",\"category\":\"Fitness e desporto\",\"availability\":\"https:\\\/\\\/schema.org\\\/InStock\",\"seller\":{\"@type\":\"Organization\",\"@id\":\"https:\\\/\\\/fisio-shop.pt\\\/#organization\"}}},{\"@type\":\"WebPage\",\"@id\":\"https:\\\/\\\/fisio-shop.pt\\\/?product=bh-tapete-corrida-semi-profissional-i-rc12#webpage\",\"url\":\"https:\\\/\\\/fisio-shop.pt\\\/?product=bh-tapete-corrida-semi-profissional-i-rc12\",\"name\":\"BH TAPETE DE CORRIDA SEMI-PROFISSIONAL - Fisio-shop\",\"description\":\"Tapete de corrida Semi-Profissional especialmente concebido para uma utiliza\\u00e7\\u00e3o superior 20 horas semanais.\",\"inLanguage\":\"pt-PT\",\"isPartOf\":{\"@id\":\"https:\\\/\\\/fisio-shop.pt\\\/#website\"},\"breadcrumb\":{\"@id\":\"https:\\\/\\\/fisio-shop.pt\\\/?product=bh-tapete-corrida-semi-profissional-i-rc12#breadcrumblist\"},\"image\":{\"@type\":\"ImageObject\",\"url\":\"https:\\\/\\\/fisio-shop.pt\\\/wp-content\\\/uploads\\\/2026\\\/02\\\/TAPETE-SEMI-PROF-i.RC12-1.jpg\",\"@id\":\"https:\\\/\\\/fisio-shop.pt\\\/?product=bh-tapete-corrida-semi-profissional-i-rc12\\\/#mainImage\",\"width\":700,\"height\":700},\"primaryImageOfPage\":{\"@id\":\"https:\\\/\\\/fisio-shop.pt\\\/?product=bh-tapete-corrida-semi-profissional-i-rc12#mainImage\"},\"datePublished\":\"2017-09-26T17:50:02+00:00\",\"dateModified\":\"2026-02-25T20:00:16+00:00\"},{\"@type\":\"WebSite\",\"@id\":\"https:\\\/\\\/fisio-shop.pt\\\/#website\",\"url\":\"https:\\\/\\\/fisio-shop.pt\\\/\",\"name\":\"Fisio-shop\",\"description\":\"Empresa especializada na distribui\\u00e7\\u00e3o de equipamentos profissionais para os mercados da Fisioterapia, Geriatria, Fitness e Medicina Desportiva.\",\"inLanguage\":\"pt-PT\",\"publisher\":{\"@id\":\"https:\\\/\\\/fisio-shop.pt\\\/#organization\"}}]}\n\t\t<\/script>\n\t\t<!-- All in One SEO Pro -->\r\n\t\t<title>BH TAPETE DE CORRIDA SEMI-PROFISSIONAL - Fisio-shop<\/title>\n\n","aioseo_head_json":{"title":"BH TAPETE DE CORRIDA SEMI-PROFISSIONAL - Fisio-shop","description":"Tapete de corrida Semi-Profissional especialmente concebido para uma utiliza\u00e7\u00e3o superior 20 horas semanais.","canonical_url":"https:\/\/fisio-shop.pt\/?product=bh-tapete-corrida-semi-profissional-i-rc12","robots":"max-image-preview:large","keywords":"","webmasterTools":{"miscellaneous":""},"schema":{"@context":"https:\/\/schema.org","@graph":[{"@type":"BreadcrumbList","@id":"https:\/\/fisio-shop.pt\/?product=bh-tapete-corrida-semi-profissional-i-rc12#breadcrumblist","itemListElement":[{"@type":"ListItem","@id":"https:\/\/fisio-shop.pt#listItem","position":1,"name":"Home","item":"https:\/\/fisio-shop.pt","nextItem":{"@type":"ListItem","@id":"https:\/\/fisio-shop.pt\/?page_id=5#listItem","name":"Loja"}},{"@type":"ListItem","@id":"https:\/\/fisio-shop.pt\/?page_id=5#listItem","position":2,"name":"Loja","item":"https:\/\/fisio-shop.pt\/?page_id=5","nextItem":{"@type":"ListItem","@id":"https:\/\/fisio-shop.pt\/?product_cat=fitness-e-desporto#listItem","name":"Fitness e desporto"},"previousItem":{"@type":"ListItem","@id":"https:\/\/fisio-shop.pt#listItem","name":"Home"}},{"@type":"ListItem","@id":"https:\/\/fisio-shop.pt\/?product_cat=fitness-e-desporto#listItem","position":3,"name":"Fitness e desporto","item":"https:\/\/fisio-shop.pt\/?product_cat=fitness-e-desporto","nextItem":{"@type":"ListItem","@id":"https:\/\/fisio-shop.pt\/?product_cat=equipamento-semi-profissional#listItem","name":"Semi-profissional"},"previousItem":{"@type":"ListItem","@id":"https:\/\/fisio-shop.pt\/?page_id=5#listItem","name":"Loja"}},{"@type":"ListItem","@id":"https:\/\/fisio-shop.pt\/?product_cat=equipamento-semi-profissional#listItem","position":4,"name":"Semi-profissional","item":"https:\/\/fisio-shop.pt\/?product_cat=equipamento-semi-profissional","nextItem":{"@type":"ListItem","@id":"https:\/\/fisio-shop.pt\/?product_cat=tapetes-rolantes-equipamento-semi-profissional#listItem","name":"Tapetes rolantes"},"previousItem":{"@type":"ListItem","@id":"https:\/\/fisio-shop.pt\/?product_cat=fitness-e-desporto#listItem","name":"Fitness e desporto"}},{"@type":"ListItem","@id":"https:\/\/fisio-shop.pt\/?product_cat=tapetes-rolantes-equipamento-semi-profissional#listItem","position":5,"name":"Tapetes rolantes","item":"https:\/\/fisio-shop.pt\/?product_cat=tapetes-rolantes-equipamento-semi-profissional","nextItem":{"@type":"ListItem","@id":"https:\/\/fisio-shop.pt\/?product=bh-tapete-corrida-semi-profissional-i-rc12#listItem","name":"BH TAPETE DE CORRIDA SEMI-PROFISSIONAL"},"previousItem":{"@type":"ListItem","@id":"https:\/\/fisio-shop.pt\/?product_cat=equipamento-semi-profissional#listItem","name":"Semi-profissional"}},{"@type":"ListItem","@id":"https:\/\/fisio-shop.pt\/?product=bh-tapete-corrida-semi-profissional-i-rc12#listItem","position":6,"name":"BH TAPETE DE CORRIDA SEMI-PROFISSIONAL","previousItem":{"@type":"ListItem","@id":"https:\/\/fisio-shop.pt\/?product_cat=tapetes-rolantes-equipamento-semi-profissional#listItem","name":"Tapetes rolantes"}}]},{"@type":"Organization","@id":"https:\/\/fisio-shop.pt\/#organization","name":"Fisio-shop","description":"Empresa especializada na distribui\u00e7\u00e3o de equipamentos profissionais para os mercados da Fisioterapia, Geriatria, Fitness e Medicina Desportiva. Empresa especializada na distribui\u00e7\u00e3o de equipamentos profissionais para os mercados da Fisioterapia, Geriatria, Fitness e Medicina Desportiva.","url":"https:\/\/fisio-shop.pt\/","logo":{"@type":"ImageObject","url":"https:\/\/fisio-shop.pt\/wp-content\/uploads\/2026\/04\/android-chrome-192x192-1.png","@id":"https:\/\/fisio-shop.pt\/?product=bh-tapete-corrida-semi-profissional-i-rc12\/#organizationLogo"},"image":{"@id":"https:\/\/fisio-shop.pt\/?product=bh-tapete-corrida-semi-profissional-i-rc12\/#organizationLogo"},"sameAs":["https:\/\/www.facebook.com\/p\/Fisioshop-Comrcio-de-Equipamentos-Lda-100036934916130\/"]},{"@type":"Product","@id":"https:\/\/fisio-shop.pt\/?product=bh-tapete-corrida-semi-profissional-i-rc12#wooCommerceProduct","name":"BH TAPETE DE CORRIDA SEMI-PROFISSIONAL","description":"Tapete de corrida Semi-Profissional especialmente concebido para uma utiliza\u00e7\u00e3o superior 20 horas semanais.","url":"https:\/\/fisio-shop.pt\/?product=bh-tapete-corrida-semi-profissional-i-rc12","sku":"FIT0010","image":{"@type":"ImageObject","url":"https:\/\/fisio-shop.pt\/wp-content\/uploads\/2026\/02\/TAPETE-SEMI-PROF-i.RC12-1.jpg","@id":"https:\/\/fisio-shop.pt\/?product=bh-tapete-corrida-semi-profissional-i-rc12\/#productImage","width":700,"height":700},"offers":{"@type":"Offer","url":"https:\/\/fisio-shop.pt\/?product=bh-tapete-corrida-semi-profissional-i-rc12#wooCommerceOffer","price":0,"priceCurrency":"EUR","category":"Fitness e desporto","availability":"https:\/\/schema.org\/InStock","seller":{"@type":"Organization","@id":"https:\/\/fisio-shop.pt\/#organization"}}},{"@type":"WebPage","@id":"https:\/\/fisio-shop.pt\/?product=bh-tapete-corrida-semi-profissional-i-rc12#webpage","url":"https:\/\/fisio-shop.pt\/?product=bh-tapete-corrida-semi-profissional-i-rc12","name":"BH TAPETE DE CORRIDA SEMI-PROFISSIONAL - Fisio-shop","description":"Tapete de corrida Semi-Profissional especialmente concebido para uma utiliza\u00e7\u00e3o superior 20 horas semanais.","inLanguage":"pt-PT","isPartOf":{"@id":"https:\/\/fisio-shop.pt\/#website"},"breadcrumb":{"@id":"https:\/\/fisio-shop.pt\/?product=bh-tapete-corrida-semi-profissional-i-rc12#breadcrumblist"},"image":{"@type":"ImageObject","url":"https:\/\/fisio-shop.pt\/wp-content\/uploads\/2026\/02\/TAPETE-SEMI-PROF-i.RC12-1.jpg","@id":"https:\/\/fisio-shop.pt\/?product=bh-tapete-corrida-semi-profissional-i-rc12\/#mainImage","width":700,"height":700},"primaryImageOfPage":{"@id":"https:\/\/fisio-shop.pt\/?product=bh-tapete-corrida-semi-profissional-i-rc12#mainImage"},"datePublished":"2017-09-26T17:50:02+00:00","dateModified":"2026-02-25T20:00:16+00:00"},{"@type":"WebSite","@id":"https:\/\/fisio-shop.pt\/#website","url":"https:\/\/fisio-shop.pt\/","name":"Fisio-shop","description":"Empresa especializada na distribui\u00e7\u00e3o de equipamentos profissionais para os mercados da Fisioterapia, Geriatria, Fitness e Medicina Desportiva.","inLanguage":"pt-PT","publisher":{"@id":"https:\/\/fisio-shop.pt\/#organization"}}]},"og:locale":"pt_PT","og:site_name":"Fisio-shop - Empresa especializada na distribui\u00e7\u00e3o de equipamentos profissionais para os mercados da Fisioterapia, Geriatria, Fitness e Medicina Desportiva.","og:type":"article","og:title":"BH TAPETE DE CORRIDA SEMI-PROFISSIONAL - Fisio-shop","og:description":"Tapete de corrida Semi-Profissional especialmente concebido para uma utiliza\u00e7\u00e3o superior 20 horas semanais.","og:url":"https:\/\/fisio-shop.pt\/?product=bh-tapete-corrida-semi-profissional-i-rc12","og:image":"https:\/\/fisio-shop.pt\/wp-content\/uploads\/2026\/04\/android-chrome-192x192-1.png","og:image:secure_url":"https:\/\/fisio-shop.pt\/wp-content\/uploads\/2026\/04\/android-chrome-192x192-1.png","article:published_time":"2017-09-26T17:50:02+00:00","article:modified_time":"2026-02-25T20:00:16+00:00","article:publisher":"https:\/\/www.facebook.com\/p\/Fisioshop-Comrcio-de-Equipamentos-Lda-100036934916130\/","twitter:card":"summary_large_image","twitter:title":"BH TAPETE DE CORRIDA SEMI-PROFISSIONAL - Fisio-shop","twitter:description":"Tapete de corrida Semi-Profissional especialmente concebido para uma utiliza\u00e7\u00e3o superior 20 horas semanais.","twitter:image":"https:\/\/fisio-shop.pt\/wp-content\/uploads\/2026\/04\/android-chrome-192x192-1.png"},"aioseo_meta_data":{"post_id":"9612","title":null,"description":null,"keywords":null,"keyphrases":null,"primary_term":null,"canonical_url":null,"og_title":null,"og_description":null,"og_object_type":"default","og_image_type":"default","og_image_url":null,"og_image_width":null,"og_image_height":null,"og_image_custom_url":null,"og_image_custom_fields":null,"og_video":null,"og_custom_url":null,"og_article_section":null,"og_article_tags":null,"twitter_use_og":false,"twitter_card":"default","twitter_image_type":"default","twitter_image_url":null,"twitter_image_custom_url":null,"twitter_image_custom_fields":null,"twitter_title":null,"twitter_description":null,"schema":{"blockGraphs":[],"customGraphs":[],"default":{"data":{"Article":[],"Course":[],"Dataset":[],"FAQPage":[],"Movie":[],"Person":[],"Product":[],"ProductReview":[],"Car":[],"Recipe":[],"Service":[],"SoftwareApplication":[],"WebPage":[]},"graphName":"","isEnabled":true},"graphs":[]},"schema_type":"default","schema_type_options":null,"pillar_content":false,"robots_default":true,"robots_noindex":false,"robots_noarchive":false,"robots_nosnippet":false,"robots_nofollow":false,"robots_noimageindex":false,"robots_noodp":false,"robots_notranslate":false,"robots_max_snippet":null,"robots_max_videopreview":null,"robots_max_imagepreview":"large","priority":null,"frequency":null,"local_seo":null,"seo_analyzer_scan_date":"2026-04-18 07:56:43","breadcrumb_settings":null,"limit_modified_date":false,"open_ai":null,"ai":null,"created":"2026-04-18 07:02:19","updated":"2026-04-18 22:11:10"},"aioseo_breadcrumb":"<div class=\"aioseo-breadcrumbs\"><span class=\"aioseo-breadcrumb\">\n\t<a href=\"https:\/\/fisio-shop.pt\" title=\"Home\">Home<\/a>\n<\/span><span class=\"aioseo-breadcrumb-separator\">\u00bb<\/span><span class=\"aioseo-breadcrumb\">\n\t<a href=\"https:\/\/fisio-shop.pt\/?page_id=5\" title=\"Loja\">Loja<\/a>\n<\/span><span class=\"aioseo-breadcrumb-separator\">\u00bb<\/span><span class=\"aioseo-breadcrumb\">\n\t<a href=\"https:\/\/fisio-shop.pt\/?product_cat=fitness-e-desporto\" title=\"Fitness e desporto\">Fitness e desporto<\/a>\n<\/span><span class=\"aioseo-breadcrumb-separator\">\u00bb<\/span><span class=\"aioseo-breadcrumb\">\n\t<a href=\"https:\/\/fisio-shop.pt\/?product_cat=equipamento-semi-profissional\" title=\"Semi-profissional\">Semi-profissional<\/a>\n<\/span><span class=\"aioseo-breadcrumb-separator\">\u00bb<\/span><span class=\"aioseo-breadcrumb\">\n\t<a href=\"https:\/\/fisio-shop.pt\/?product_cat=tapetes-rolantes-equipamento-semi-profissional\" title=\"Tapetes rolantes\">Tapetes rolantes<\/a>\n<\/span><span class=\"aioseo-breadcrumb-separator\">\u00bb<\/span><span class=\"aioseo-breadcrumb\">\n\tBH TAPETE DE CORRIDA SEMI-PROFISSIONAL\n<\/span><\/div>","aioseo_breadcrumb_json":[{"label":"Home","link":"https:\/\/fisio-shop.pt"},{"label":"Loja","link":"https:\/\/fisio-shop.pt\/?page_id=5"},{"label":"Fitness e desporto","link":"https:\/\/fisio-shop.pt\/?product_cat=fitness-e-desporto"},{"label":"Semi-profissional","link":"https:\/\/fisio-shop.pt\/?product_cat=equipamento-semi-profissional"},{"label":"Tapetes rolantes","link":"https:\/\/fisio-shop.pt\/?product_cat=tapetes-rolantes-equipamento-semi-profissional"},{"label":"BH TAPETE DE CORRIDA SEMI-PROFISSIONAL","link":"https:\/\/fisio-shop.pt\/?product=bh-tapete-corrida-semi-profissional-i-rc12"}],"_links":{"self":[{"href":"https:\/\/fisio-shop.pt\/index.php?rest_route=\/wp\/v2\/product\/9612","targetHints":{"allow":["GET"]}}],"collection":[{"href":"https:\/\/fisio-shop.pt\/index.php?rest_route=\/wp\/v2\/product"}],"about":[{"href":"https:\/\/fisio-shop.pt\/index.php?rest_route=\/wp\/v2\/types\/product"}],"replies":[{"embeddable":true,"href":"https:\/\/fisio-shop.pt\/index.php?rest_route=%2Fwp%2Fv2%2Fcomments&post=9612"}],"version-history":[{"count":0,"href":"https:\/\/fisio-shop.pt\/index.php?rest_route=\/wp\/v2\/product\/9612\/revisions"}],"wp:featuredmedia":[{"embeddable":true,"href":"https:\/\/fisio-shop.pt\/index.php?rest_route=\/wp\/v2\/media\/11881"}],"wp:attachment":[{"href":"https:\/\/fisio-shop.pt\/index.php?rest_route=%2Fwp%2Fv2%2Fmedia&parent=9612"}],"wp:term":[{"taxonomy":"product_brand","embeddable":true,"href":"https:\/\/fisio-shop.pt\/index.php?rest_route=%2Fwp%2Fv2%2Fproduct_brand&post=9612"},{"taxonomy":"product_cat","embeddable":true,"href":"https:\/\/fisio-shop.pt\/index.php?rest_route=%2Fwp%2Fv2%2Fproduct_cat&post=9612"},{"taxonomy":"product_tag","embeddable":true,"href":"https:\/\/fisio-shop.pt\/index.php?rest_route=%2Fwp%2Fv2%2Fproduct_tag&post=9612"}],"curies":[{"name":"wp","href":"https:\/\/api.w.org\/{rel}","templated":true}]}}