{"id":9635,"date":"2017-10-19T11:51:44","date_gmt":"2017-10-19T11:51:44","guid":{"rendered":"https:\/\/fisio-shop.pt\/loja\/mio-care-tens\/"},"modified":"2026-02-25T20:00:23","modified_gmt":"2026-02-25T20:00:23","slug":"mio-care-tens","status":"publish","type":"product","link":"https:\/\/fisio-shop.pt\/?product=mio-care-tens","title":{"rendered":"ELECTROESTIMULADOR 2 CANAIS TENS"},"content":{"rendered":"<ul>\n<li>Electroterapia de 2 canais independentes com a possibilidade de ligar at\u00e9 8 el\u00e9trodos;<\/li>\n<li>Gerador de onda quadrada bif\u00e1sica compensada.<\/li>\n<li>A quantidade de corrente que circula entre positivo e negativo \u00e9 igual e constante;<\/li>\n<li>Teclado digital de f\u00e1cil utiliza\u00e7\u00e3o;<\/li>\n<li>Instru\u00e7\u00f5es sobre o carregamento em curso<\/li>\n<li>Tempo restante vis\u00edvel directamente no ecr\u00e3;<\/li>\n<li>Bateria interna recarreg\u00e1vel;<\/li>\n<li>Visor com luz traseira;<\/li>\n<li>Intensidade m\u00e1xima de 200mApp;<\/li>\n<li>Dispositivo m\u00e9dico certificado CE0476;<\/li>\n<li>20 Programas m\u00e9dicos;<\/li>\n<li>Dimens\u00f5es: 114 x 68 x 26 mm;<\/li>\n<li>Menu em 4 idiomas (Italiano, Ingl\u00eas, Alem\u00e3o, Espanhol).<strong>\u00a0<\/strong><\/li>\n<\/ul>\n<p><strong>Acess\u00f3rios inclu\u00eddos:<\/strong><\/p>\n<ul>\n<li>Estimulador de TENS com display gr\u00e1fico;<\/li>\n<li>2 Cabos de el\u00e9trodos com 4 liga\u00e7\u00f5es (total 8 el\u00e9trodos conect\u00e1veis);<\/li>\n<li>El\u00e9trodos adesivos pr\u00e9-gelados;<\/li>\n<li>Manual do utilizador e manual de coloca\u00e7\u00e3o dos el\u00e9trodos;<\/li>\n<li>Bateria Ni-Mh recarreg\u00e1vel interna com tecnologia LL (longa dura\u00e7\u00e3o);<\/li>\n<li>Carregador com bateria interna;<\/li>\n<li>Clipe de cinto;<\/li>\n<li>Mala de transporte;<\/li>\n<\/ul>\n<p><strong>C\u00d3DIGO: ELE0006<\/strong><\/p>\n","protected":false},"excerpt":{"rendered":"<p>Electroterapia de 2 canais independentes com a possibilidade de ligar at\u00e9 8 el\u00e9ctrodos.<\/p>\n","protected":false},"featured_media":11907,"comment_status":"open","ping_status":"closed","template":"","meta":{"rs_blank_template":"","rs_page_bg_color":"","slide_template_v7":""},"product_brand":[],"product_cat":[1397,1401,1402,1404],"product_tag":[864,867,868],"class_list":{"0":"post-9635","1":"product","2":"type-product","3":"status-publish","4":"has-post-thumbnail","6":"product_cat-saude","7":"product_cat-equipamentos-para-medicina-fisica-e-reabilitacao","8":"product_cat-eletroterapia","9":"product_cat-eletroestimuladores","10":"product_tag-electroestimulador","11":"product_tag-electroestimulador-2-canais","12":"product_tag-tens","14":"first","15":"instock","16":"shipping-taxable","17":"purchasable","18":"product-type-simple"},"aioseo_notices":[],"etheme_brands":{"errors":{"invalid_taxonomy":["Taxonomia inv\u00e1lida."]},"error_data":[]},"aioseo_head":"\n\t\t<!-- All in One SEO Pro 4.9.0 - aioseo.com -->\n\t<meta name=\"description\" content=\"Electroterapia de 2 canais independentes com a possibilidade de ligar at\u00e9 8 el\u00e9ctrodos.\" \/>\n\t<meta name=\"robots\" content=\"max-image-preview:large\" \/>\n\t<link rel=\"canonical\" href=\"https:\/\/fisio-shop.pt\/?product=mio-care-tens\" \/>\n\t<meta name=\"generator\" content=\"All in One SEO Pro (AIOSEO) 4.9.0\" \/>\n\t\t<meta property=\"og:locale\" content=\"pt_PT\" \/>\n\t\t<meta property=\"og:site_name\" content=\"Fisio-shop - Empresa especializada na distribui\u00e7\u00e3o de equipamentos profissionais para os mercados da Fisioterapia, Geriatria, Fitness e Medicina Desportiva.\" \/>\n\t\t<meta property=\"og:type\" content=\"article\" \/>\n\t\t<meta property=\"og:title\" content=\"ELECTROESTIMULADOR 2 CANAIS TENS - Fisio-shop\" \/>\n\t\t<meta property=\"og:description\" content=\"Electroterapia de 2 canais independentes com a possibilidade de ligar at\u00e9 8 el\u00e9ctrodos.\" \/>\n\t\t<meta property=\"og:url\" content=\"https:\/\/fisio-shop.pt\/?product=mio-care-tens\" \/>\n\t\t<meta property=\"og:image\" content=\"https:\/\/fisio-shop.pt\/wp-content\/uploads\/2026\/04\/android-chrome-192x192-1.png\" \/>\n\t\t<meta property=\"og:image:secure_url\" content=\"https:\/\/fisio-shop.pt\/wp-content\/uploads\/2026\/04\/android-chrome-192x192-1.png\" \/>\n\t\t<meta property=\"article:published_time\" content=\"2017-10-19T11:51:44+00:00\" \/>\n\t\t<meta property=\"article:modified_time\" content=\"2026-02-25T20:00:23+00:00\" \/>\n\t\t<meta property=\"article:publisher\" content=\"https:\/\/www.facebook.com\/p\/Fisioshop-Comrcio-de-Equipamentos-Lda-100036934916130\/\" \/>\n\t\t<meta name=\"twitter:card\" content=\"summary_large_image\" \/>\n\t\t<meta name=\"twitter:title\" content=\"ELECTROESTIMULADOR 2 CANAIS TENS - Fisio-shop\" \/>\n\t\t<meta name=\"twitter:description\" content=\"Electroterapia de 2 canais independentes com a possibilidade de ligar at\u00e9 8 el\u00e9ctrodos.\" \/>\n\t\t<meta name=\"twitter:image\" content=\"https:\/\/fisio-shop.pt\/wp-content\/uploads\/2026\/04\/android-chrome-192x192-1.png\" \/>\n\t\t<script type=\"application\/ld+json\" class=\"aioseo-schema\">\n\t\t\t{\"@context\":\"https:\\\/\\\/schema.org\",\"@graph\":[{\"@type\":\"BreadcrumbList\",\"@id\":\"https:\\\/\\\/fisio-shop.pt\\\/?product=mio-care-tens#breadcrumblist\",\"itemListElement\":[{\"@type\":\"ListItem\",\"@id\":\"https:\\\/\\\/fisio-shop.pt#listItem\",\"position\":1,\"name\":\"Home\",\"item\":\"https:\\\/\\\/fisio-shop.pt\",\"nextItem\":{\"@type\":\"ListItem\",\"@id\":\"https:\\\/\\\/fisio-shop.pt\\\/?page_id=5#listItem\",\"name\":\"Loja\"}},{\"@type\":\"ListItem\",\"@id\":\"https:\\\/\\\/fisio-shop.pt\\\/?page_id=5#listItem\",\"position\":2,\"name\":\"Loja\",\"item\":\"https:\\\/\\\/fisio-shop.pt\\\/?page_id=5\",\"nextItem\":{\"@type\":\"ListItem\",\"@id\":\"https:\\\/\\\/fisio-shop.pt\\\/?product_cat=saude#listItem\",\"name\":\"Sa\\u00fade\"},\"previousItem\":{\"@type\":\"ListItem\",\"@id\":\"https:\\\/\\\/fisio-shop.pt#listItem\",\"name\":\"Home\"}},{\"@type\":\"ListItem\",\"@id\":\"https:\\\/\\\/fisio-shop.pt\\\/?product_cat=saude#listItem\",\"position\":3,\"name\":\"Sa\\u00fade\",\"item\":\"https:\\\/\\\/fisio-shop.pt\\\/?product_cat=saude\",\"nextItem\":{\"@type\":\"ListItem\",\"@id\":\"https:\\\/\\\/fisio-shop.pt\\\/?product_cat=equipamentos-para-medicina-fisica-e-reabilitacao#listItem\",\"name\":\"Equipamentos para medicina f\\u00edsica e reabilita\\u00e7\\u00e3o\"},\"previousItem\":{\"@type\":\"ListItem\",\"@id\":\"https:\\\/\\\/fisio-shop.pt\\\/?page_id=5#listItem\",\"name\":\"Loja\"}},{\"@type\":\"ListItem\",\"@id\":\"https:\\\/\\\/fisio-shop.pt\\\/?product_cat=equipamentos-para-medicina-fisica-e-reabilitacao#listItem\",\"position\":4,\"name\":\"Equipamentos para medicina f\\u00edsica e reabilita\\u00e7\\u00e3o\",\"item\":\"https:\\\/\\\/fisio-shop.pt\\\/?product_cat=equipamentos-para-medicina-fisica-e-reabilitacao\",\"nextItem\":{\"@type\":\"ListItem\",\"@id\":\"https:\\\/\\\/fisio-shop.pt\\\/?product_cat=eletroterapia#listItem\",\"name\":\"Eletroterapia\"},\"previousItem\":{\"@type\":\"ListItem\",\"@id\":\"https:\\\/\\\/fisio-shop.pt\\\/?product_cat=saude#listItem\",\"name\":\"Sa\\u00fade\"}},{\"@type\":\"ListItem\",\"@id\":\"https:\\\/\\\/fisio-shop.pt\\\/?product_cat=eletroterapia#listItem\",\"position\":5,\"name\":\"Eletroterapia\",\"item\":\"https:\\\/\\\/fisio-shop.pt\\\/?product_cat=eletroterapia\",\"nextItem\":{\"@type\":\"ListItem\",\"@id\":\"https:\\\/\\\/fisio-shop.pt\\\/?product_cat=eletroestimuladores#listItem\",\"name\":\"Eletroestimuladores\"},\"previousItem\":{\"@type\":\"ListItem\",\"@id\":\"https:\\\/\\\/fisio-shop.pt\\\/?product_cat=equipamentos-para-medicina-fisica-e-reabilitacao#listItem\",\"name\":\"Equipamentos para medicina f\\u00edsica e reabilita\\u00e7\\u00e3o\"}},{\"@type\":\"ListItem\",\"@id\":\"https:\\\/\\\/fisio-shop.pt\\\/?product_cat=eletroestimuladores#listItem\",\"position\":6,\"name\":\"Eletroestimuladores\",\"item\":\"https:\\\/\\\/fisio-shop.pt\\\/?product_cat=eletroestimuladores\",\"nextItem\":{\"@type\":\"ListItem\",\"@id\":\"https:\\\/\\\/fisio-shop.pt\\\/?product=mio-care-tens#listItem\",\"name\":\"ELECTROESTIMULADOR 2 CANAIS TENS\"},\"previousItem\":{\"@type\":\"ListItem\",\"@id\":\"https:\\\/\\\/fisio-shop.pt\\\/?product_cat=eletroterapia#listItem\",\"name\":\"Eletroterapia\"}},{\"@type\":\"ListItem\",\"@id\":\"https:\\\/\\\/fisio-shop.pt\\\/?product=mio-care-tens#listItem\",\"position\":7,\"name\":\"ELECTROESTIMULADOR 2 CANAIS TENS\",\"previousItem\":{\"@type\":\"ListItem\",\"@id\":\"https:\\\/\\\/fisio-shop.pt\\\/?product_cat=eletroestimuladores#listItem\",\"name\":\"Eletroestimuladores\"}}]},{\"@type\":\"Organization\",\"@id\":\"https:\\\/\\\/fisio-shop.pt\\\/#organization\",\"name\":\"Fisio-shop\",\"description\":\"Empresa especializada na distribui\\u00e7\\u00e3o de equipamentos profissionais para os mercados da Fisioterapia, Geriatria, Fitness e Medicina Desportiva. Empresa especializada na distribui\\u00e7\\u00e3o de equipamentos profissionais para os mercados da Fisioterapia, Geriatria, Fitness e Medicina Desportiva.\",\"url\":\"https:\\\/\\\/fisio-shop.pt\\\/\",\"logo\":{\"@type\":\"ImageObject\",\"url\":\"https:\\\/\\\/fisio-shop.pt\\\/wp-content\\\/uploads\\\/2026\\\/04\\\/android-chrome-192x192-1.png\",\"@id\":\"https:\\\/\\\/fisio-shop.pt\\\/?product=mio-care-tens\\\/#organizationLogo\"},\"image\":{\"@id\":\"https:\\\/\\\/fisio-shop.pt\\\/?product=mio-care-tens\\\/#organizationLogo\"},\"sameAs\":[\"https:\\\/\\\/www.facebook.com\\\/p\\\/Fisioshop-Comrcio-de-Equipamentos-Lda-100036934916130\\\/\"]},{\"@type\":\"Product\",\"@id\":\"https:\\\/\\\/fisio-shop.pt\\\/?product=mio-care-tens#wooCommerceProduct\",\"name\":\"ELECTROESTIMULADOR 2 CANAIS TENS\",\"description\":\"Electroterapia de 2 canais independentes com a possibilidade de ligar at\\u00e9 8 el\\u00e9ctrodos.\",\"url\":\"https:\\\/\\\/fisio-shop.pt\\\/?product=mio-care-tens\",\"sku\":\"ELE0006\",\"image\":{\"@type\":\"ImageObject\",\"url\":\"https:\\\/\\\/fisio-shop.pt\\\/wp-content\\\/uploads\\\/2026\\\/02\\\/MIO-CARE-TENS-1.jpg\",\"@id\":\"https:\\\/\\\/fisio-shop.pt\\\/?product=mio-care-tens\\\/#productImage\",\"width\":1590,\"height\":1299},\"offers\":{\"@type\":\"Offer\",\"url\":\"https:\\\/\\\/fisio-shop.pt\\\/?product=mio-care-tens#wooCommerceOffer\",\"price\":172.3,\"priceCurrency\":\"EUR\",\"category\":\"Sa\\u00fade\",\"availability\":\"https:\\\/\\\/schema.org\\\/InStock\",\"priceSpecification\":{\"@type\":\"PriceSpecification\",\"price\":172.3,\"priceCurrency\":\"EUR\",\"valueAddedTaxIncluded\":\"true\"},\"seller\":{\"@type\":\"Organization\",\"@id\":\"https:\\\/\\\/fisio-shop.pt\\\/#organization\"}}},{\"@type\":\"WebPage\",\"@id\":\"https:\\\/\\\/fisio-shop.pt\\\/?product=mio-care-tens#webpage\",\"url\":\"https:\\\/\\\/fisio-shop.pt\\\/?product=mio-care-tens\",\"name\":\"ELECTROESTIMULADOR 2 CANAIS TENS - Fisio-shop\",\"description\":\"Electroterapia de 2 canais independentes com a possibilidade de ligar at\\u00e9 8 el\\u00e9ctrodos.\",\"inLanguage\":\"pt-PT\",\"isPartOf\":{\"@id\":\"https:\\\/\\\/fisio-shop.pt\\\/#website\"},\"breadcrumb\":{\"@id\":\"https:\\\/\\\/fisio-shop.pt\\\/?product=mio-care-tens#breadcrumblist\"},\"image\":{\"@type\":\"ImageObject\",\"url\":\"https:\\\/\\\/fisio-shop.pt\\\/wp-content\\\/uploads\\\/2026\\\/02\\\/MIO-CARE-TENS-1.jpg\",\"@id\":\"https:\\\/\\\/fisio-shop.pt\\\/?product=mio-care-tens\\\/#mainImage\",\"width\":1590,\"height\":1299},\"primaryImageOfPage\":{\"@id\":\"https:\\\/\\\/fisio-shop.pt\\\/?product=mio-care-tens#mainImage\"},\"datePublished\":\"2017-10-19T11:51:44+00:00\",\"dateModified\":\"2026-02-25T20:00:23+00:00\"},{\"@type\":\"WebSite\",\"@id\":\"https:\\\/\\\/fisio-shop.pt\\\/#website\",\"url\":\"https:\\\/\\\/fisio-shop.pt\\\/\",\"name\":\"Fisio-shop\",\"description\":\"Empresa especializada na distribui\\u00e7\\u00e3o de equipamentos profissionais para os mercados da Fisioterapia, Geriatria, Fitness e Medicina Desportiva.\",\"inLanguage\":\"pt-PT\",\"publisher\":{\"@id\":\"https:\\\/\\\/fisio-shop.pt\\\/#organization\"}}]}\n\t\t<\/script>\n\t\t<!-- All in One SEO Pro -->\r\n\t\t<title>ELECTROESTIMULADOR 2 CANAIS TENS - Fisio-shop<\/title>\n\n","aioseo_head_json":{"title":"ELECTROESTIMULADOR 2 CANAIS TENS - Fisio-shop","description":"Electroterapia de 2 canais independentes com a possibilidade de ligar at\u00e9 8 el\u00e9ctrodos.","canonical_url":"https:\/\/fisio-shop.pt\/?product=mio-care-tens","robots":"max-image-preview:large","keywords":"","webmasterTools":{"miscellaneous":""},"schema":{"@context":"https:\/\/schema.org","@graph":[{"@type":"BreadcrumbList","@id":"https:\/\/fisio-shop.pt\/?product=mio-care-tens#breadcrumblist","itemListElement":[{"@type":"ListItem","@id":"https:\/\/fisio-shop.pt#listItem","position":1,"name":"Home","item":"https:\/\/fisio-shop.pt","nextItem":{"@type":"ListItem","@id":"https:\/\/fisio-shop.pt\/?page_id=5#listItem","name":"Loja"}},{"@type":"ListItem","@id":"https:\/\/fisio-shop.pt\/?page_id=5#listItem","position":2,"name":"Loja","item":"https:\/\/fisio-shop.pt\/?page_id=5","nextItem":{"@type":"ListItem","@id":"https:\/\/fisio-shop.pt\/?product_cat=saude#listItem","name":"Sa\u00fade"},"previousItem":{"@type":"ListItem","@id":"https:\/\/fisio-shop.pt#listItem","name":"Home"}},{"@type":"ListItem","@id":"https:\/\/fisio-shop.pt\/?product_cat=saude#listItem","position":3,"name":"Sa\u00fade","item":"https:\/\/fisio-shop.pt\/?product_cat=saude","nextItem":{"@type":"ListItem","@id":"https:\/\/fisio-shop.pt\/?product_cat=equipamentos-para-medicina-fisica-e-reabilitacao#listItem","name":"Equipamentos para medicina f\u00edsica e reabilita\u00e7\u00e3o"},"previousItem":{"@type":"ListItem","@id":"https:\/\/fisio-shop.pt\/?page_id=5#listItem","name":"Loja"}},{"@type":"ListItem","@id":"https:\/\/fisio-shop.pt\/?product_cat=equipamentos-para-medicina-fisica-e-reabilitacao#listItem","position":4,"name":"Equipamentos para medicina f\u00edsica e reabilita\u00e7\u00e3o","item":"https:\/\/fisio-shop.pt\/?product_cat=equipamentos-para-medicina-fisica-e-reabilitacao","nextItem":{"@type":"ListItem","@id":"https:\/\/fisio-shop.pt\/?product_cat=eletroterapia#listItem","name":"Eletroterapia"},"previousItem":{"@type":"ListItem","@id":"https:\/\/fisio-shop.pt\/?product_cat=saude#listItem","name":"Sa\u00fade"}},{"@type":"ListItem","@id":"https:\/\/fisio-shop.pt\/?product_cat=eletroterapia#listItem","position":5,"name":"Eletroterapia","item":"https:\/\/fisio-shop.pt\/?product_cat=eletroterapia","nextItem":{"@type":"ListItem","@id":"https:\/\/fisio-shop.pt\/?product_cat=eletroestimuladores#listItem","name":"Eletroestimuladores"},"previousItem":{"@type":"ListItem","@id":"https:\/\/fisio-shop.pt\/?product_cat=equipamentos-para-medicina-fisica-e-reabilitacao#listItem","name":"Equipamentos para medicina f\u00edsica e reabilita\u00e7\u00e3o"}},{"@type":"ListItem","@id":"https:\/\/fisio-shop.pt\/?product_cat=eletroestimuladores#listItem","position":6,"name":"Eletroestimuladores","item":"https:\/\/fisio-shop.pt\/?product_cat=eletroestimuladores","nextItem":{"@type":"ListItem","@id":"https:\/\/fisio-shop.pt\/?product=mio-care-tens#listItem","name":"ELECTROESTIMULADOR 2 CANAIS TENS"},"previousItem":{"@type":"ListItem","@id":"https:\/\/fisio-shop.pt\/?product_cat=eletroterapia#listItem","name":"Eletroterapia"}},{"@type":"ListItem","@id":"https:\/\/fisio-shop.pt\/?product=mio-care-tens#listItem","position":7,"name":"ELECTROESTIMULADOR 2 CANAIS TENS","previousItem":{"@type":"ListItem","@id":"https:\/\/fisio-shop.pt\/?product_cat=eletroestimuladores#listItem","name":"Eletroestimuladores"}}]},{"@type":"Organization","@id":"https:\/\/fisio-shop.pt\/#organization","name":"Fisio-shop","description":"Empresa especializada na distribui\u00e7\u00e3o de equipamentos profissionais para os mercados da Fisioterapia, Geriatria, Fitness e Medicina Desportiva. Empresa especializada na distribui\u00e7\u00e3o de equipamentos profissionais para os mercados da Fisioterapia, Geriatria, Fitness e Medicina Desportiva.","url":"https:\/\/fisio-shop.pt\/","logo":{"@type":"ImageObject","url":"https:\/\/fisio-shop.pt\/wp-content\/uploads\/2026\/04\/android-chrome-192x192-1.png","@id":"https:\/\/fisio-shop.pt\/?product=mio-care-tens\/#organizationLogo"},"image":{"@id":"https:\/\/fisio-shop.pt\/?product=mio-care-tens\/#organizationLogo"},"sameAs":["https:\/\/www.facebook.com\/p\/Fisioshop-Comrcio-de-Equipamentos-Lda-100036934916130\/"]},{"@type":"Product","@id":"https:\/\/fisio-shop.pt\/?product=mio-care-tens#wooCommerceProduct","name":"ELECTROESTIMULADOR 2 CANAIS TENS","description":"Electroterapia de 2 canais independentes com a possibilidade de ligar at\u00e9 8 el\u00e9ctrodos.","url":"https:\/\/fisio-shop.pt\/?product=mio-care-tens","sku":"ELE0006","image":{"@type":"ImageObject","url":"https:\/\/fisio-shop.pt\/wp-content\/uploads\/2026\/02\/MIO-CARE-TENS-1.jpg","@id":"https:\/\/fisio-shop.pt\/?product=mio-care-tens\/#productImage","width":1590,"height":1299},"offers":{"@type":"Offer","url":"https:\/\/fisio-shop.pt\/?product=mio-care-tens#wooCommerceOffer","price":172.3,"priceCurrency":"EUR","category":"Sa\u00fade","availability":"https:\/\/schema.org\/InStock","priceSpecification":{"@type":"PriceSpecification","price":172.3,"priceCurrency":"EUR","valueAddedTaxIncluded":"true"},"seller":{"@type":"Organization","@id":"https:\/\/fisio-shop.pt\/#organization"}}},{"@type":"WebPage","@id":"https:\/\/fisio-shop.pt\/?product=mio-care-tens#webpage","url":"https:\/\/fisio-shop.pt\/?product=mio-care-tens","name":"ELECTROESTIMULADOR 2 CANAIS TENS - Fisio-shop","description":"Electroterapia de 2 canais independentes com a possibilidade de ligar at\u00e9 8 el\u00e9ctrodos.","inLanguage":"pt-PT","isPartOf":{"@id":"https:\/\/fisio-shop.pt\/#website"},"breadcrumb":{"@id":"https:\/\/fisio-shop.pt\/?product=mio-care-tens#breadcrumblist"},"image":{"@type":"ImageObject","url":"https:\/\/fisio-shop.pt\/wp-content\/uploads\/2026\/02\/MIO-CARE-TENS-1.jpg","@id":"https:\/\/fisio-shop.pt\/?product=mio-care-tens\/#mainImage","width":1590,"height":1299},"primaryImageOfPage":{"@id":"https:\/\/fisio-shop.pt\/?product=mio-care-tens#mainImage"},"datePublished":"2017-10-19T11:51:44+00:00","dateModified":"2026-02-25T20:00:23+00:00"},{"@type":"WebSite","@id":"https:\/\/fisio-shop.pt\/#website","url":"https:\/\/fisio-shop.pt\/","name":"Fisio-shop","description":"Empresa especializada na distribui\u00e7\u00e3o de equipamentos profissionais para os mercados da Fisioterapia, Geriatria, Fitness e Medicina Desportiva.","inLanguage":"pt-PT","publisher":{"@id":"https:\/\/fisio-shop.pt\/#organization"}}]},"og:locale":"pt_PT","og:site_name":"Fisio-shop - Empresa especializada na distribui\u00e7\u00e3o de equipamentos profissionais para os mercados da Fisioterapia, Geriatria, Fitness e Medicina Desportiva.","og:type":"article","og:title":"ELECTROESTIMULADOR 2 CANAIS TENS - Fisio-shop","og:description":"Electroterapia de 2 canais independentes com a possibilidade de ligar at\u00e9 8 el\u00e9ctrodos.","og:url":"https:\/\/fisio-shop.pt\/?product=mio-care-tens","og:image":"https:\/\/fisio-shop.pt\/wp-content\/uploads\/2026\/04\/android-chrome-192x192-1.png","og:image:secure_url":"https:\/\/fisio-shop.pt\/wp-content\/uploads\/2026\/04\/android-chrome-192x192-1.png","article:published_time":"2017-10-19T11:51:44+00:00","article:modified_time":"2026-02-25T20:00:23+00:00","article:publisher":"https:\/\/www.facebook.com\/p\/Fisioshop-Comrcio-de-Equipamentos-Lda-100036934916130\/","twitter:card":"summary_large_image","twitter:title":"ELECTROESTIMULADOR 2 CANAIS TENS - Fisio-shop","twitter:description":"Electroterapia de 2 canais independentes com a possibilidade de ligar at\u00e9 8 el\u00e9ctrodos.","twitter:image":"https:\/\/fisio-shop.pt\/wp-content\/uploads\/2026\/04\/android-chrome-192x192-1.png"},"aioseo_meta_data":{"post_id":"9635","title":null,"description":null,"keywords":null,"keyphrases":null,"primary_term":null,"canonical_url":null,"og_title":null,"og_description":null,"og_object_type":"default","og_image_type":"default","og_image_url":null,"og_image_width":null,"og_image_height":null,"og_image_custom_url":null,"og_image_custom_fields":null,"og_video":null,"og_custom_url":null,"og_article_section":null,"og_article_tags":null,"twitter_use_og":false,"twitter_card":"default","twitter_image_type":"default","twitter_image_url":null,"twitter_image_custom_url":null,"twitter_image_custom_fields":null,"twitter_title":null,"twitter_description":null,"schema":{"blockGraphs":[],"customGraphs":[],"default":{"data":{"Article":[],"Course":[],"Dataset":[],"FAQPage":[],"Movie":[],"Person":[],"Product":[],"ProductReview":[],"Car":[],"Recipe":[],"Service":[],"SoftwareApplication":[],"WebPage":[]},"graphName":"","isEnabled":true},"graphs":[]},"schema_type":"default","schema_type_options":null,"pillar_content":false,"robots_default":true,"robots_noindex":false,"robots_noarchive":false,"robots_nosnippet":false,"robots_nofollow":false,"robots_noimageindex":false,"robots_noodp":false,"robots_notranslate":false,"robots_max_snippet":null,"robots_max_videopreview":null,"robots_max_imagepreview":"large","priority":null,"frequency":null,"local_seo":null,"seo_analyzer_scan_date":"2026-04-18 07:58:19","breadcrumb_settings":null,"limit_modified_date":false,"open_ai":null,"ai":null,"created":"2026-04-18 07:02:19","updated":"2026-04-18 22:13:58"},"aioseo_breadcrumb":"<div class=\"aioseo-breadcrumbs\"><span class=\"aioseo-breadcrumb\">\n\t<a href=\"https:\/\/fisio-shop.pt\" title=\"Home\">Home<\/a>\n<\/span><span class=\"aioseo-breadcrumb-separator\">\u00bb<\/span><span class=\"aioseo-breadcrumb\">\n\t<a href=\"https:\/\/fisio-shop.pt\/?page_id=5\" title=\"Loja\">Loja<\/a>\n<\/span><span class=\"aioseo-breadcrumb-separator\">\u00bb<\/span><span class=\"aioseo-breadcrumb\">\n\t<a href=\"https:\/\/fisio-shop.pt\/?product_cat=saude\" title=\"Sa\u00fade\">Sa\u00fade<\/a>\n<\/span><span class=\"aioseo-breadcrumb-separator\">\u00bb<\/span><span class=\"aioseo-breadcrumb\">\n\t<a href=\"https:\/\/fisio-shop.pt\/?product_cat=equipamentos-para-medicina-fisica-e-reabilitacao\" title=\"Equipamentos para medicina f\u00edsica e reabilita\u00e7\u00e3o\">Equipamentos para medicina f\u00edsica e reabilita\u00e7\u00e3o<\/a>\n<\/span><span class=\"aioseo-breadcrumb-separator\">\u00bb<\/span><span class=\"aioseo-breadcrumb\">\n\t<a href=\"https:\/\/fisio-shop.pt\/?product_cat=eletroterapia\" title=\"Eletroterapia\">Eletroterapia<\/a>\n<\/span><span class=\"aioseo-breadcrumb-separator\">\u00bb<\/span><span class=\"aioseo-breadcrumb\">\n\t<a href=\"https:\/\/fisio-shop.pt\/?product_cat=eletroestimuladores\" title=\"Eletroestimuladores\">Eletroestimuladores<\/a>\n<\/span><span class=\"aioseo-breadcrumb-separator\">\u00bb<\/span><span class=\"aioseo-breadcrumb\">\n\tELECTROESTIMULADOR 2 CANAIS TENS\n<\/span><\/div>","aioseo_breadcrumb_json":[{"label":"Home","link":"https:\/\/fisio-shop.pt"},{"label":"Loja","link":"https:\/\/fisio-shop.pt\/?page_id=5"},{"label":"Sa\u00fade","link":"https:\/\/fisio-shop.pt\/?product_cat=saude"},{"label":"Equipamentos para medicina f\u00edsica e reabilita\u00e7\u00e3o","link":"https:\/\/fisio-shop.pt\/?product_cat=equipamentos-para-medicina-fisica-e-reabilitacao"},{"label":"Eletroterapia","link":"https:\/\/fisio-shop.pt\/?product_cat=eletroterapia"},{"label":"Eletroestimuladores","link":"https:\/\/fisio-shop.pt\/?product_cat=eletroestimuladores"},{"label":"ELECTROESTIMULADOR 2 CANAIS TENS","link":"https:\/\/fisio-shop.pt\/?product=mio-care-tens"}],"_links":{"self":[{"href":"https:\/\/fisio-shop.pt\/index.php?rest_route=\/wp\/v2\/product\/9635","targetHints":{"allow":["GET"]}}],"collection":[{"href":"https:\/\/fisio-shop.pt\/index.php?rest_route=\/wp\/v2\/product"}],"about":[{"href":"https:\/\/fisio-shop.pt\/index.php?rest_route=\/wp\/v2\/types\/product"}],"replies":[{"embeddable":true,"href":"https:\/\/fisio-shop.pt\/index.php?rest_route=%2Fwp%2Fv2%2Fcomments&post=9635"}],"version-history":[{"count":0,"href":"https:\/\/fisio-shop.pt\/index.php?rest_route=\/wp\/v2\/product\/9635\/revisions"}],"wp:featuredmedia":[{"embeddable":true,"href":"https:\/\/fisio-shop.pt\/index.php?rest_route=\/wp\/v2\/media\/11907"}],"wp:attachment":[{"href":"https:\/\/fisio-shop.pt\/index.php?rest_route=%2Fwp%2Fv2%2Fmedia&parent=9635"}],"wp:term":[{"taxonomy":"product_brand","embeddable":true,"href":"https:\/\/fisio-shop.pt\/index.php?rest_route=%2Fwp%2Fv2%2Fproduct_brand&post=9635"},{"taxonomy":"product_cat","embeddable":true,"href":"https:\/\/fisio-shop.pt\/index.php?rest_route=%2Fwp%2Fv2%2Fproduct_cat&post=9635"},{"taxonomy":"product_tag","embeddable":true,"href":"https:\/\/fisio-shop.pt\/index.php?rest_route=%2Fwp%2Fv2%2Fproduct_tag&post=9635"}],"curies":[{"name":"wp","href":"https:\/\/api.w.org\/{rel}","templated":true}]}}