{"id":9695,"date":"2017-10-30T12:24:25","date_gmt":"2017-10-30T12:24:25","guid":{"rendered":"https:\/\/fisio-shop.pt\/loja\/peso-halter-vinil-5kg-par\/"},"modified":"2026-02-25T20:00:36","modified_gmt":"2026-02-25T20:00:36","slug":"peso-halter-vinil-5kg-par","status":"publish","type":"product","link":"https:\/\/fisio-shop.pt\/?product=peso-halter-vinil-5kg-par","title":{"rendered":"PESO HALTER EM VINIL 5KG (PAR)"},"content":{"rendered":"<p>Pesos halter cobertos em vinil de alta qualidade, proporcionando um tacto agrad\u00e1vel e um grande conforto.<\/p>\n<ul>\n<li>Dispon\u00edvel em cores distintas para cada peso;<\/li>\n<li>F\u00e1ceis de limpar;<\/li>\n<li>O peso est\u00e1 indicado em cada halter;<\/li>\n<li>Vendido ao par;<\/li>\n<li>Peso: 5Kg;<\/li>\n<li>Cor: Cinza;<\/li>\n<li>Marca: MSD.<\/li>\n<\/ul>\n<p><strong>C\u00d3DIGO: CON0165<\/strong><\/p>\n<p>&nbsp;<\/p>\n","protected":false},"excerpt":{"rendered":"<p>Pesos halter cobertos em vinil de alta qualidade, proporcionando um tacto agrad\u00e1vel e um grande conforto.<\/p>\n","protected":false},"featured_media":10666,"comment_status":"open","ping_status":"closed","template":"","meta":{"rs_blank_template":"","rs_page_bg_color":"","slide_template_v7":""},"product_brand":[],"product_cat":[1755,1764,1778,1785,1867,1397,1873,1399,1894,1401,1413,1418,1733],"product_tag":[871,872,873],"class_list":{"0":"post-9695","1":"product","2":"type-product","3":"status-publish","4":"has-post-thumbnail","6":"product_cat-acessorios-de-fitness-profissional","7":"product_cat-equipamento-home-fitness","8":"product_cat-acessorios-de-fitness-equipamento-home-fitness","9":"product_cat-pesos-halteres-e-suportes-equipamento-home-fitness","10":"product_cat-equipamento-semi-profissional","11":"product_cat-saude","12":"product_cat-pesos-halteres-e-suportes","13":"product_cat-fitness-e-desporto","14":"product_cat-acessorios-de-fitness","15":"product_cat-equipamentos-para-medicina-fisica-e-reabilitacao","16":"product_cat-cinesioterapia-medicina-fisica-e-de-reabilitacao","17":"product_cat-ginastica-reabilitacao","18":"product_cat-equipamento-profissional","19":"product_tag-pesos-em-vinil","20":"product_tag-pesos-halter-em-vinil","21":"product_tag-pesos-halter-vinil","23":"first","24":"instock","25":"shipping-taxable","26":"product-type-simple"},"aioseo_notices":[],"etheme_brands":{"errors":{"invalid_taxonomy":["Taxonomia inv\u00e1lida."]},"error_data":[]},"aioseo_head":"\n\t\t<!-- All in One SEO Pro 4.9.0 - aioseo.com -->\n\t<meta name=\"description\" content=\"Pesos halter cobertos em vinil de alta qualidade, proporcionando um tacto agrad\u00e1vel e um grande conforto.\" \/>\n\t<meta name=\"robots\" content=\"max-image-preview:large\" \/>\n\t<link rel=\"canonical\" href=\"https:\/\/fisio-shop.pt\/?product=peso-halter-vinil-5kg-par\" \/>\n\t<meta name=\"generator\" content=\"All in One SEO Pro (AIOSEO) 4.9.0\" \/>\n\t\t<meta property=\"og:locale\" content=\"pt_PT\" \/>\n\t\t<meta property=\"og:site_name\" content=\"Fisio-shop - Empresa especializada na distribui\u00e7\u00e3o de equipamentos profissionais para os mercados da Fisioterapia, Geriatria, Fitness e Medicina Desportiva.\" \/>\n\t\t<meta property=\"og:type\" content=\"article\" \/>\n\t\t<meta property=\"og:title\" content=\"PESO HALTER EM VINIL 5KG (PAR) - Fisio-shop\" \/>\n\t\t<meta property=\"og:description\" content=\"Pesos halter cobertos em vinil de alta qualidade, proporcionando um tacto agrad\u00e1vel e um grande conforto.\" \/>\n\t\t<meta property=\"og:url\" content=\"https:\/\/fisio-shop.pt\/?product=peso-halter-vinil-5kg-par\" \/>\n\t\t<meta property=\"og:image\" content=\"https:\/\/fisio-shop.pt\/wp-content\/uploads\/2026\/04\/android-chrome-192x192-1.png\" \/>\n\t\t<meta property=\"og:image:secure_url\" content=\"https:\/\/fisio-shop.pt\/wp-content\/uploads\/2026\/04\/android-chrome-192x192-1.png\" \/>\n\t\t<meta property=\"article:published_time\" content=\"2017-10-30T12:24:25+00:00\" \/>\n\t\t<meta property=\"article:modified_time\" content=\"2026-02-25T20:00:36+00:00\" \/>\n\t\t<meta property=\"article:publisher\" content=\"https:\/\/www.facebook.com\/p\/Fisioshop-Comrcio-de-Equipamentos-Lda-100036934916130\/\" \/>\n\t\t<meta name=\"twitter:card\" content=\"summary_large_image\" \/>\n\t\t<meta name=\"twitter:title\" content=\"PESO HALTER EM VINIL 5KG (PAR) - Fisio-shop\" \/>\n\t\t<meta name=\"twitter:description\" content=\"Pesos halter cobertos em vinil de alta qualidade, proporcionando um tacto agrad\u00e1vel e um grande conforto.\" \/>\n\t\t<meta name=\"twitter:image\" content=\"https:\/\/fisio-shop.pt\/wp-content\/uploads\/2026\/04\/android-chrome-192x192-1.png\" \/>\n\t\t<script type=\"application\/ld+json\" class=\"aioseo-schema\">\n\t\t\t{\"@context\":\"https:\\\/\\\/schema.org\",\"@graph\":[{\"@type\":\"BreadcrumbList\",\"@id\":\"https:\\\/\\\/fisio-shop.pt\\\/?product=peso-halter-vinil-5kg-par#breadcrumblist\",\"itemListElement\":[{\"@type\":\"ListItem\",\"@id\":\"https:\\\/\\\/fisio-shop.pt#listItem\",\"position\":1,\"name\":\"Home\",\"item\":\"https:\\\/\\\/fisio-shop.pt\",\"nextItem\":{\"@type\":\"ListItem\",\"@id\":\"https:\\\/\\\/fisio-shop.pt\\\/?page_id=5#listItem\",\"name\":\"Loja\"}},{\"@type\":\"ListItem\",\"@id\":\"https:\\\/\\\/fisio-shop.pt\\\/?page_id=5#listItem\",\"position\":2,\"name\":\"Loja\",\"item\":\"https:\\\/\\\/fisio-shop.pt\\\/?page_id=5\",\"nextItem\":{\"@type\":\"ListItem\",\"@id\":\"https:\\\/\\\/fisio-shop.pt\\\/?product_cat=saude#listItem\",\"name\":\"Sa\\u00fade\"},\"previousItem\":{\"@type\":\"ListItem\",\"@id\":\"https:\\\/\\\/fisio-shop.pt#listItem\",\"name\":\"Home\"}},{\"@type\":\"ListItem\",\"@id\":\"https:\\\/\\\/fisio-shop.pt\\\/?product_cat=saude#listItem\",\"position\":3,\"name\":\"Sa\\u00fade\",\"item\":\"https:\\\/\\\/fisio-shop.pt\\\/?product_cat=saude\",\"nextItem\":{\"@type\":\"ListItem\",\"@id\":\"https:\\\/\\\/fisio-shop.pt\\\/?product_cat=equipamentos-para-medicina-fisica-e-reabilitacao#listItem\",\"name\":\"Equipamentos para medicina f\\u00edsica e reabilita\\u00e7\\u00e3o\"},\"previousItem\":{\"@type\":\"ListItem\",\"@id\":\"https:\\\/\\\/fisio-shop.pt\\\/?page_id=5#listItem\",\"name\":\"Loja\"}},{\"@type\":\"ListItem\",\"@id\":\"https:\\\/\\\/fisio-shop.pt\\\/?product_cat=equipamentos-para-medicina-fisica-e-reabilitacao#listItem\",\"position\":4,\"name\":\"Equipamentos para medicina f\\u00edsica e reabilita\\u00e7\\u00e3o\",\"item\":\"https:\\\/\\\/fisio-shop.pt\\\/?product_cat=equipamentos-para-medicina-fisica-e-reabilitacao\",\"nextItem\":{\"@type\":\"ListItem\",\"@id\":\"https:\\\/\\\/fisio-shop.pt\\\/?product_cat=cinesioterapia-medicina-fisica-e-de-reabilitacao#listItem\",\"name\":\"Cinesioterapia\"},\"previousItem\":{\"@type\":\"ListItem\",\"@id\":\"https:\\\/\\\/fisio-shop.pt\\\/?product_cat=saude#listItem\",\"name\":\"Sa\\u00fade\"}},{\"@type\":\"ListItem\",\"@id\":\"https:\\\/\\\/fisio-shop.pt\\\/?product_cat=cinesioterapia-medicina-fisica-e-de-reabilitacao#listItem\",\"position\":5,\"name\":\"Cinesioterapia\",\"item\":\"https:\\\/\\\/fisio-shop.pt\\\/?product_cat=cinesioterapia-medicina-fisica-e-de-reabilitacao\",\"nextItem\":{\"@type\":\"ListItem\",\"@id\":\"https:\\\/\\\/fisio-shop.pt\\\/?product_cat=ginastica-reabilitacao#listItem\",\"name\":\"Gin\\u00e1stica de reabilita\\u00e7\\u00e3o\"},\"previousItem\":{\"@type\":\"ListItem\",\"@id\":\"https:\\\/\\\/fisio-shop.pt\\\/?product_cat=equipamentos-para-medicina-fisica-e-reabilitacao#listItem\",\"name\":\"Equipamentos para medicina f\\u00edsica e reabilita\\u00e7\\u00e3o\"}},{\"@type\":\"ListItem\",\"@id\":\"https:\\\/\\\/fisio-shop.pt\\\/?product_cat=ginastica-reabilitacao#listItem\",\"position\":6,\"name\":\"Gin\\u00e1stica de reabilita\\u00e7\\u00e3o\",\"item\":\"https:\\\/\\\/fisio-shop.pt\\\/?product_cat=ginastica-reabilitacao\",\"nextItem\":{\"@type\":\"ListItem\",\"@id\":\"https:\\\/\\\/fisio-shop.pt\\\/?product=peso-halter-vinil-5kg-par#listItem\",\"name\":\"PESO HALTER EM VINIL 5KG (PAR)\"},\"previousItem\":{\"@type\":\"ListItem\",\"@id\":\"https:\\\/\\\/fisio-shop.pt\\\/?product_cat=cinesioterapia-medicina-fisica-e-de-reabilitacao#listItem\",\"name\":\"Cinesioterapia\"}},{\"@type\":\"ListItem\",\"@id\":\"https:\\\/\\\/fisio-shop.pt\\\/?product=peso-halter-vinil-5kg-par#listItem\",\"position\":7,\"name\":\"PESO HALTER EM VINIL 5KG (PAR)\",\"previousItem\":{\"@type\":\"ListItem\",\"@id\":\"https:\\\/\\\/fisio-shop.pt\\\/?product_cat=ginastica-reabilitacao#listItem\",\"name\":\"Gin\\u00e1stica de reabilita\\u00e7\\u00e3o\"}}]},{\"@type\":\"Organization\",\"@id\":\"https:\\\/\\\/fisio-shop.pt\\\/#organization\",\"name\":\"Fisio-shop\",\"description\":\"Empresa especializada na distribui\\u00e7\\u00e3o de equipamentos profissionais para os mercados da Fisioterapia, Geriatria, Fitness e Medicina Desportiva. Empresa especializada na distribui\\u00e7\\u00e3o de equipamentos profissionais para os mercados da Fisioterapia, Geriatria, Fitness e Medicina Desportiva.\",\"url\":\"https:\\\/\\\/fisio-shop.pt\\\/\",\"logo\":{\"@type\":\"ImageObject\",\"url\":\"https:\\\/\\\/fisio-shop.pt\\\/wp-content\\\/uploads\\\/2026\\\/04\\\/android-chrome-192x192-1.png\",\"@id\":\"https:\\\/\\\/fisio-shop.pt\\\/?product=peso-halter-vinil-5kg-par\\\/#organizationLogo\"},\"image\":{\"@id\":\"https:\\\/\\\/fisio-shop.pt\\\/?product=peso-halter-vinil-5kg-par\\\/#organizationLogo\"},\"sameAs\":[\"https:\\\/\\\/www.facebook.com\\\/p\\\/Fisioshop-Comrcio-de-Equipamentos-Lda-100036934916130\\\/\"]},{\"@type\":\"Product\",\"@id\":\"https:\\\/\\\/fisio-shop.pt\\\/?product=peso-halter-vinil-5kg-par#wooCommerceProduct\",\"name\":\"PESO HALTER EM VINIL 5KG (PAR)\",\"description\":\"Pesos halter cobertos em vinil de alta qualidade, proporcionando um tacto agrad\\u00e1vel e um grande conforto.\",\"url\":\"https:\\\/\\\/fisio-shop.pt\\\/?product=peso-halter-vinil-5kg-par\",\"sku\":\"CON0166\",\"image\":{\"@type\":\"ImageObject\",\"url\":\"https:\\\/\\\/fisio-shop.pt\\\/wp-content\\\/uploads\\\/2026\\\/02\\\/PESOS-HALTER-VINIL-9.jpg\",\"@id\":\"https:\\\/\\\/fisio-shop.pt\\\/?product=peso-halter-vinil-5kg-par\\\/#productImage\",\"width\":530,\"height\":280},\"offers\":{\"@type\":\"Offer\",\"url\":\"https:\\\/\\\/fisio-shop.pt\\\/?product=peso-halter-vinil-5kg-par#wooCommerceOffer\",\"price\":0,\"priceCurrency\":\"EUR\",\"category\":\"Sa\\u00fade\",\"availability\":\"https:\\\/\\\/schema.org\\\/InStock\",\"seller\":{\"@type\":\"Organization\",\"@id\":\"https:\\\/\\\/fisio-shop.pt\\\/#organization\"}}},{\"@type\":\"WebPage\",\"@id\":\"https:\\\/\\\/fisio-shop.pt\\\/?product=peso-halter-vinil-5kg-par#webpage\",\"url\":\"https:\\\/\\\/fisio-shop.pt\\\/?product=peso-halter-vinil-5kg-par\",\"name\":\"PESO HALTER EM VINIL 5KG (PAR) - Fisio-shop\",\"description\":\"Pesos halter cobertos em vinil de alta qualidade, proporcionando um tacto agrad\\u00e1vel e um grande conforto.\",\"inLanguage\":\"pt-PT\",\"isPartOf\":{\"@id\":\"https:\\\/\\\/fisio-shop.pt\\\/#website\"},\"breadcrumb\":{\"@id\":\"https:\\\/\\\/fisio-shop.pt\\\/?product=peso-halter-vinil-5kg-par#breadcrumblist\"},\"image\":{\"@type\":\"ImageObject\",\"url\":\"https:\\\/\\\/fisio-shop.pt\\\/wp-content\\\/uploads\\\/2026\\\/02\\\/PESOS-HALTER-VINIL-9.jpg\",\"@id\":\"https:\\\/\\\/fisio-shop.pt\\\/?product=peso-halter-vinil-5kg-par\\\/#mainImage\",\"width\":530,\"height\":280},\"primaryImageOfPage\":{\"@id\":\"https:\\\/\\\/fisio-shop.pt\\\/?product=peso-halter-vinil-5kg-par#mainImage\"},\"datePublished\":\"2017-10-30T12:24:25+00:00\",\"dateModified\":\"2026-02-25T20:00:36+00:00\"},{\"@type\":\"WebSite\",\"@id\":\"https:\\\/\\\/fisio-shop.pt\\\/#website\",\"url\":\"https:\\\/\\\/fisio-shop.pt\\\/\",\"name\":\"Fisio-shop\",\"description\":\"Empresa especializada na distribui\\u00e7\\u00e3o de equipamentos profissionais para os mercados da Fisioterapia, Geriatria, Fitness e Medicina Desportiva.\",\"inLanguage\":\"pt-PT\",\"publisher\":{\"@id\":\"https:\\\/\\\/fisio-shop.pt\\\/#organization\"}}]}\n\t\t<\/script>\n\t\t<!-- All in One SEO Pro -->\r\n\t\t<title>PESO HALTER EM VINIL 5KG (PAR) - Fisio-shop<\/title>\n\n","aioseo_head_json":{"title":"PESO HALTER EM VINIL 5KG (PAR) - Fisio-shop","description":"Pesos halter cobertos em vinil de alta qualidade, proporcionando um tacto agrad\u00e1vel e um grande conforto.","canonical_url":"https:\/\/fisio-shop.pt\/?product=peso-halter-vinil-5kg-par","robots":"max-image-preview:large","keywords":"","webmasterTools":{"miscellaneous":""},"schema":{"@context":"https:\/\/schema.org","@graph":[{"@type":"BreadcrumbList","@id":"https:\/\/fisio-shop.pt\/?product=peso-halter-vinil-5kg-par#breadcrumblist","itemListElement":[{"@type":"ListItem","@id":"https:\/\/fisio-shop.pt#listItem","position":1,"name":"Home","item":"https:\/\/fisio-shop.pt","nextItem":{"@type":"ListItem","@id":"https:\/\/fisio-shop.pt\/?page_id=5#listItem","name":"Loja"}},{"@type":"ListItem","@id":"https:\/\/fisio-shop.pt\/?page_id=5#listItem","position":2,"name":"Loja","item":"https:\/\/fisio-shop.pt\/?page_id=5","nextItem":{"@type":"ListItem","@id":"https:\/\/fisio-shop.pt\/?product_cat=saude#listItem","name":"Sa\u00fade"},"previousItem":{"@type":"ListItem","@id":"https:\/\/fisio-shop.pt#listItem","name":"Home"}},{"@type":"ListItem","@id":"https:\/\/fisio-shop.pt\/?product_cat=saude#listItem","position":3,"name":"Sa\u00fade","item":"https:\/\/fisio-shop.pt\/?product_cat=saude","nextItem":{"@type":"ListItem","@id":"https:\/\/fisio-shop.pt\/?product_cat=equipamentos-para-medicina-fisica-e-reabilitacao#listItem","name":"Equipamentos para medicina f\u00edsica e reabilita\u00e7\u00e3o"},"previousItem":{"@type":"ListItem","@id":"https:\/\/fisio-shop.pt\/?page_id=5#listItem","name":"Loja"}},{"@type":"ListItem","@id":"https:\/\/fisio-shop.pt\/?product_cat=equipamentos-para-medicina-fisica-e-reabilitacao#listItem","position":4,"name":"Equipamentos para medicina f\u00edsica e reabilita\u00e7\u00e3o","item":"https:\/\/fisio-shop.pt\/?product_cat=equipamentos-para-medicina-fisica-e-reabilitacao","nextItem":{"@type":"ListItem","@id":"https:\/\/fisio-shop.pt\/?product_cat=cinesioterapia-medicina-fisica-e-de-reabilitacao#listItem","name":"Cinesioterapia"},"previousItem":{"@type":"ListItem","@id":"https:\/\/fisio-shop.pt\/?product_cat=saude#listItem","name":"Sa\u00fade"}},{"@type":"ListItem","@id":"https:\/\/fisio-shop.pt\/?product_cat=cinesioterapia-medicina-fisica-e-de-reabilitacao#listItem","position":5,"name":"Cinesioterapia","item":"https:\/\/fisio-shop.pt\/?product_cat=cinesioterapia-medicina-fisica-e-de-reabilitacao","nextItem":{"@type":"ListItem","@id":"https:\/\/fisio-shop.pt\/?product_cat=ginastica-reabilitacao#listItem","name":"Gin\u00e1stica de reabilita\u00e7\u00e3o"},"previousItem":{"@type":"ListItem","@id":"https:\/\/fisio-shop.pt\/?product_cat=equipamentos-para-medicina-fisica-e-reabilitacao#listItem","name":"Equipamentos para medicina f\u00edsica e reabilita\u00e7\u00e3o"}},{"@type":"ListItem","@id":"https:\/\/fisio-shop.pt\/?product_cat=ginastica-reabilitacao#listItem","position":6,"name":"Gin\u00e1stica de reabilita\u00e7\u00e3o","item":"https:\/\/fisio-shop.pt\/?product_cat=ginastica-reabilitacao","nextItem":{"@type":"ListItem","@id":"https:\/\/fisio-shop.pt\/?product=peso-halter-vinil-5kg-par#listItem","name":"PESO HALTER EM VINIL 5KG (PAR)"},"previousItem":{"@type":"ListItem","@id":"https:\/\/fisio-shop.pt\/?product_cat=cinesioterapia-medicina-fisica-e-de-reabilitacao#listItem","name":"Cinesioterapia"}},{"@type":"ListItem","@id":"https:\/\/fisio-shop.pt\/?product=peso-halter-vinil-5kg-par#listItem","position":7,"name":"PESO HALTER EM VINIL 5KG (PAR)","previousItem":{"@type":"ListItem","@id":"https:\/\/fisio-shop.pt\/?product_cat=ginastica-reabilitacao#listItem","name":"Gin\u00e1stica de reabilita\u00e7\u00e3o"}}]},{"@type":"Organization","@id":"https:\/\/fisio-shop.pt\/#organization","name":"Fisio-shop","description":"Empresa especializada na distribui\u00e7\u00e3o de equipamentos profissionais para os mercados da Fisioterapia, Geriatria, Fitness e Medicina Desportiva. Empresa especializada na distribui\u00e7\u00e3o de equipamentos profissionais para os mercados da Fisioterapia, Geriatria, Fitness e Medicina Desportiva.","url":"https:\/\/fisio-shop.pt\/","logo":{"@type":"ImageObject","url":"https:\/\/fisio-shop.pt\/wp-content\/uploads\/2026\/04\/android-chrome-192x192-1.png","@id":"https:\/\/fisio-shop.pt\/?product=peso-halter-vinil-5kg-par\/#organizationLogo"},"image":{"@id":"https:\/\/fisio-shop.pt\/?product=peso-halter-vinil-5kg-par\/#organizationLogo"},"sameAs":["https:\/\/www.facebook.com\/p\/Fisioshop-Comrcio-de-Equipamentos-Lda-100036934916130\/"]},{"@type":"Product","@id":"https:\/\/fisio-shop.pt\/?product=peso-halter-vinil-5kg-par#wooCommerceProduct","name":"PESO HALTER EM VINIL 5KG (PAR)","description":"Pesos halter cobertos em vinil de alta qualidade, proporcionando um tacto agrad\u00e1vel e um grande conforto.","url":"https:\/\/fisio-shop.pt\/?product=peso-halter-vinil-5kg-par","sku":"CON0166","image":{"@type":"ImageObject","url":"https:\/\/fisio-shop.pt\/wp-content\/uploads\/2026\/02\/PESOS-HALTER-VINIL-9.jpg","@id":"https:\/\/fisio-shop.pt\/?product=peso-halter-vinil-5kg-par\/#productImage","width":530,"height":280},"offers":{"@type":"Offer","url":"https:\/\/fisio-shop.pt\/?product=peso-halter-vinil-5kg-par#wooCommerceOffer","price":0,"priceCurrency":"EUR","category":"Sa\u00fade","availability":"https:\/\/schema.org\/InStock","seller":{"@type":"Organization","@id":"https:\/\/fisio-shop.pt\/#organization"}}},{"@type":"WebPage","@id":"https:\/\/fisio-shop.pt\/?product=peso-halter-vinil-5kg-par#webpage","url":"https:\/\/fisio-shop.pt\/?product=peso-halter-vinil-5kg-par","name":"PESO HALTER EM VINIL 5KG (PAR) - Fisio-shop","description":"Pesos halter cobertos em vinil de alta qualidade, proporcionando um tacto agrad\u00e1vel e um grande conforto.","inLanguage":"pt-PT","isPartOf":{"@id":"https:\/\/fisio-shop.pt\/#website"},"breadcrumb":{"@id":"https:\/\/fisio-shop.pt\/?product=peso-halter-vinil-5kg-par#breadcrumblist"},"image":{"@type":"ImageObject","url":"https:\/\/fisio-shop.pt\/wp-content\/uploads\/2026\/02\/PESOS-HALTER-VINIL-9.jpg","@id":"https:\/\/fisio-shop.pt\/?product=peso-halter-vinil-5kg-par\/#mainImage","width":530,"height":280},"primaryImageOfPage":{"@id":"https:\/\/fisio-shop.pt\/?product=peso-halter-vinil-5kg-par#mainImage"},"datePublished":"2017-10-30T12:24:25+00:00","dateModified":"2026-02-25T20:00:36+00:00"},{"@type":"WebSite","@id":"https:\/\/fisio-shop.pt\/#website","url":"https:\/\/fisio-shop.pt\/","name":"Fisio-shop","description":"Empresa especializada na distribui\u00e7\u00e3o de equipamentos profissionais para os mercados da Fisioterapia, Geriatria, Fitness e Medicina Desportiva.","inLanguage":"pt-PT","publisher":{"@id":"https:\/\/fisio-shop.pt\/#organization"}}]},"og:locale":"pt_PT","og:site_name":"Fisio-shop - Empresa especializada na distribui\u00e7\u00e3o de equipamentos profissionais para os mercados da Fisioterapia, Geriatria, Fitness e Medicina Desportiva.","og:type":"article","og:title":"PESO HALTER EM VINIL 5KG (PAR) - Fisio-shop","og:description":"Pesos halter cobertos em vinil de alta qualidade, proporcionando um tacto agrad\u00e1vel e um grande conforto.","og:url":"https:\/\/fisio-shop.pt\/?product=peso-halter-vinil-5kg-par","og:image":"https:\/\/fisio-shop.pt\/wp-content\/uploads\/2026\/04\/android-chrome-192x192-1.png","og:image:secure_url":"https:\/\/fisio-shop.pt\/wp-content\/uploads\/2026\/04\/android-chrome-192x192-1.png","article:published_time":"2017-10-30T12:24:25+00:00","article:modified_time":"2026-02-25T20:00:36+00:00","article:publisher":"https:\/\/www.facebook.com\/p\/Fisioshop-Comrcio-de-Equipamentos-Lda-100036934916130\/","twitter:card":"summary_large_image","twitter:title":"PESO HALTER EM VINIL 5KG (PAR) - Fisio-shop","twitter:description":"Pesos halter cobertos em vinil de alta qualidade, proporcionando um tacto agrad\u00e1vel e um grande conforto.","twitter:image":"https:\/\/fisio-shop.pt\/wp-content\/uploads\/2026\/04\/android-chrome-192x192-1.png"},"aioseo_meta_data":{"post_id":"9695","title":null,"description":null,"keywords":null,"keyphrases":null,"primary_term":null,"canonical_url":null,"og_title":null,"og_description":null,"og_object_type":"default","og_image_type":"default","og_image_url":null,"og_image_width":null,"og_image_height":null,"og_image_custom_url":null,"og_image_custom_fields":null,"og_video":null,"og_custom_url":null,"og_article_section":null,"og_article_tags":null,"twitter_use_og":false,"twitter_card":"default","twitter_image_type":"default","twitter_image_url":null,"twitter_image_custom_url":null,"twitter_image_custom_fields":null,"twitter_title":null,"twitter_description":null,"schema":{"blockGraphs":[],"customGraphs":[],"default":{"data":{"Article":[],"Course":[],"Dataset":[],"FAQPage":[],"Movie":[],"Person":[],"Product":[],"ProductReview":[],"Car":[],"Recipe":[],"Service":[],"SoftwareApplication":[],"WebPage":[]},"graphName":"","isEnabled":true},"graphs":[]},"schema_type":"default","schema_type_options":null,"pillar_content":false,"robots_default":true,"robots_noindex":false,"robots_noarchive":false,"robots_nosnippet":false,"robots_nofollow":false,"robots_noimageindex":false,"robots_noodp":false,"robots_notranslate":false,"robots_max_snippet":null,"robots_max_videopreview":null,"robots_max_imagepreview":"large","priority":null,"frequency":null,"local_seo":null,"seo_analyzer_scan_date":"2026-04-18 07:23:19","breadcrumb_settings":null,"limit_modified_date":false,"open_ai":null,"ai":null,"created":"2026-04-18 07:02:19","updated":"2026-04-18 22:18:59"},"aioseo_breadcrumb":"<div class=\"aioseo-breadcrumbs\"><span class=\"aioseo-breadcrumb\">\n\t<a href=\"https:\/\/fisio-shop.pt\" title=\"Home\">Home<\/a>\n<\/span><span class=\"aioseo-breadcrumb-separator\">\u00bb<\/span><span class=\"aioseo-breadcrumb\">\n\t<a href=\"https:\/\/fisio-shop.pt\/?page_id=5\" title=\"Loja\">Loja<\/a>\n<\/span><span class=\"aioseo-breadcrumb-separator\">\u00bb<\/span><span class=\"aioseo-breadcrumb\">\n\t<a href=\"https:\/\/fisio-shop.pt\/?product_cat=saude\" title=\"Sa\u00fade\">Sa\u00fade<\/a>\n<\/span><span class=\"aioseo-breadcrumb-separator\">\u00bb<\/span><span class=\"aioseo-breadcrumb\">\n\t<a href=\"https:\/\/fisio-shop.pt\/?product_cat=equipamentos-para-medicina-fisica-e-reabilitacao\" title=\"Equipamentos para medicina f\u00edsica e reabilita\u00e7\u00e3o\">Equipamentos para medicina f\u00edsica e reabilita\u00e7\u00e3o<\/a>\n<\/span><span class=\"aioseo-breadcrumb-separator\">\u00bb<\/span><span class=\"aioseo-breadcrumb\">\n\t<a href=\"https:\/\/fisio-shop.pt\/?product_cat=cinesioterapia-medicina-fisica-e-de-reabilitacao\" title=\"Cinesioterapia\">Cinesioterapia<\/a>\n<\/span><span class=\"aioseo-breadcrumb-separator\">\u00bb<\/span><span class=\"aioseo-breadcrumb\">\n\t<a href=\"https:\/\/fisio-shop.pt\/?product_cat=ginastica-reabilitacao\" title=\"Gin\u00e1stica de reabilita\u00e7\u00e3o\">Gin\u00e1stica de reabilita\u00e7\u00e3o<\/a>\n<\/span><span class=\"aioseo-breadcrumb-separator\">\u00bb<\/span><span class=\"aioseo-breadcrumb\">\n\tPESO HALTER EM VINIL 5KG (PAR)\n<\/span><\/div>","aioseo_breadcrumb_json":[{"label":"Home","link":"https:\/\/fisio-shop.pt"},{"label":"Loja","link":"https:\/\/fisio-shop.pt\/?page_id=5"},{"label":"Sa\u00fade","link":"https:\/\/fisio-shop.pt\/?product_cat=saude"},{"label":"Equipamentos para medicina f\u00edsica e reabilita\u00e7\u00e3o","link":"https:\/\/fisio-shop.pt\/?product_cat=equipamentos-para-medicina-fisica-e-reabilitacao"},{"label":"Cinesioterapia","link":"https:\/\/fisio-shop.pt\/?product_cat=cinesioterapia-medicina-fisica-e-de-reabilitacao"},{"label":"Gin\u00e1stica de reabilita\u00e7\u00e3o","link":"https:\/\/fisio-shop.pt\/?product_cat=ginastica-reabilitacao"},{"label":"PESO HALTER EM VINIL 5KG (PAR)","link":"https:\/\/fisio-shop.pt\/?product=peso-halter-vinil-5kg-par"}],"_links":{"self":[{"href":"https:\/\/fisio-shop.pt\/index.php?rest_route=\/wp\/v2\/product\/9695","targetHints":{"allow":["GET"]}}],"collection":[{"href":"https:\/\/fisio-shop.pt\/index.php?rest_route=\/wp\/v2\/product"}],"about":[{"href":"https:\/\/fisio-shop.pt\/index.php?rest_route=\/wp\/v2\/types\/product"}],"replies":[{"embeddable":true,"href":"https:\/\/fisio-shop.pt\/index.php?rest_route=%2Fwp%2Fv2%2Fcomments&post=9695"}],"version-history":[{"count":0,"href":"https:\/\/fisio-shop.pt\/index.php?rest_route=\/wp\/v2\/product\/9695\/revisions"}],"wp:featuredmedia":[{"embeddable":true,"href":"https:\/\/fisio-shop.pt\/index.php?rest_route=\/wp\/v2\/media\/10666"}],"wp:attachment":[{"href":"https:\/\/fisio-shop.pt\/index.php?rest_route=%2Fwp%2Fv2%2Fmedia&parent=9695"}],"wp:term":[{"taxonomy":"product_brand","embeddable":true,"href":"https:\/\/fisio-shop.pt\/index.php?rest_route=%2Fwp%2Fv2%2Fproduct_brand&post=9695"},{"taxonomy":"product_cat","embeddable":true,"href":"https:\/\/fisio-shop.pt\/index.php?rest_route=%2Fwp%2Fv2%2Fproduct_cat&post=9695"},{"taxonomy":"product_tag","embeddable":true,"href":"https:\/\/fisio-shop.pt\/index.php?rest_route=%2Fwp%2Fv2%2Fproduct_tag&post=9695"}],"curies":[{"name":"wp","href":"https:\/\/api.w.org\/{rel}","templated":true}]}}