{"id":9739,"date":"2017-10-30T13:28:28","date_gmt":"2017-10-30T13:28:28","guid":{"rendered":"https:\/\/fisio-shop.pt\/loja\/rede-borracha-resistencia-media-pexercicios-da-mao\/"},"modified":"2026-02-25T20:00:43","modified_gmt":"2026-02-25T20:00:43","slug":"rede-borracha-resistencia-media-pexercicios-da-mao","status":"publish","type":"product","link":"https:\/\/fisio-shop.pt\/?product=rede-borracha-resistencia-media-pexercicios-da-mao","title":{"rendered":"REDE DE BORRACHA RESIST\u00caNCIA M\u00c9DIA P\/EXERC\u00cdCIOS DA M\u00c3O"},"content":{"rendered":"<ul>\n<li>Constru\u00edda em borracha de alta qualidade;<\/li>\n<li>Agentes especiais adicionados para maior durabilidade e resist\u00eancia, que lhe permite durar v\u00e1rios anos;<\/li>\n<li>Di\u00e2metro: 36 cm;<\/li>\n<li>Resist\u00eancia: M\u00e9dia;<\/li>\n<li>Cor: Vermelho;<\/li>\n<li>Peso: 450 gr.<\/li>\n<\/ul>\n<p><strong>C\u00d3DIGO: CON0135<\/strong><\/p>\n","protected":false},"excerpt":{"rendered":"<p>Rede de borracha com design exclusivo e patenteado que permite uma variedade de exerc\u00edcios a serem realizados de forma confort\u00e1vel e eficaz.<\/p>\n","protected":false},"featured_media":11968,"comment_status":"open","ping_status":"closed","template":"","meta":{"rs_blank_template":"","rs_page_bg_color":"","slide_template_v7":""},"product_brand":[],"product_cat":[1397,1401,1432,1878],"product_tag":[879,880,881],"class_list":{"0":"post-9739","1":"product","2":"type-product","3":"status-publish","4":"has-post-thumbnail","6":"product_cat-saude","7":"product_cat-equipamentos-para-medicina-fisica-e-reabilitacao","8":"product_cat-terapia-ocupacional","9":"product_cat-reabilitacao-dos-dedos-e-mao","10":"product_tag-rede-de-borracha","11":"product_tag-rede-de-fisioterapia","12":"product_tag-rede-exercicios-de-maos","14":"first","15":"instock","16":"shipping-taxable","17":"purchasable","18":"product-type-simple"},"aioseo_notices":[],"etheme_brands":{"errors":{"invalid_taxonomy":["Taxonomia inv\u00e1lida."]},"error_data":[]},"aioseo_head":"\n\t\t<!-- All in One SEO Pro 4.9.0 - aioseo.com -->\n\t<meta name=\"description\" content=\"Rede de borracha com design exclusivo e patenteado que permite uma variedade de exerc\u00edcios a serem realizados de forma confort\u00e1vel e eficaz.\" \/>\n\t<meta name=\"robots\" content=\"max-image-preview:large\" \/>\n\t<link rel=\"canonical\" href=\"https:\/\/fisio-shop.pt\/?product=rede-borracha-resistencia-media-pexercicios-da-mao\" \/>\n\t<meta name=\"generator\" content=\"All in One SEO Pro (AIOSEO) 4.9.0\" \/>\n\t\t<meta property=\"og:locale\" content=\"pt_PT\" \/>\n\t\t<meta property=\"og:site_name\" content=\"Fisio-shop - Empresa especializada na distribui\u00e7\u00e3o de equipamentos profissionais para os mercados da Fisioterapia, Geriatria, Fitness e Medicina Desportiva.\" \/>\n\t\t<meta property=\"og:type\" content=\"article\" \/>\n\t\t<meta property=\"og:title\" content=\"REDE DE BORRACHA RESIST\u00caNCIA M\u00c9DIA P\/EXERC\u00cdCIOS DA M\u00c3O - Fisio-shop\" \/>\n\t\t<meta property=\"og:description\" content=\"Rede de borracha com design exclusivo e patenteado que permite uma variedade de exerc\u00edcios a serem realizados de forma confort\u00e1vel e eficaz.\" \/>\n\t\t<meta property=\"og:url\" content=\"https:\/\/fisio-shop.pt\/?product=rede-borracha-resistencia-media-pexercicios-da-mao\" \/>\n\t\t<meta property=\"og:image\" content=\"https:\/\/fisio-shop.pt\/wp-content\/uploads\/2026\/04\/android-chrome-192x192-1.png\" \/>\n\t\t<meta property=\"og:image:secure_url\" content=\"https:\/\/fisio-shop.pt\/wp-content\/uploads\/2026\/04\/android-chrome-192x192-1.png\" \/>\n\t\t<meta property=\"article:published_time\" content=\"2017-10-30T13:28:28+00:00\" \/>\n\t\t<meta property=\"article:modified_time\" content=\"2026-02-25T20:00:43+00:00\" \/>\n\t\t<meta property=\"article:publisher\" content=\"https:\/\/www.facebook.com\/p\/Fisioshop-Comrcio-de-Equipamentos-Lda-100036934916130\/\" \/>\n\t\t<meta name=\"twitter:card\" content=\"summary_large_image\" \/>\n\t\t<meta name=\"twitter:title\" content=\"REDE DE BORRACHA RESIST\u00caNCIA M\u00c9DIA P\/EXERC\u00cdCIOS DA M\u00c3O - Fisio-shop\" \/>\n\t\t<meta name=\"twitter:description\" content=\"Rede de borracha com design exclusivo e patenteado que permite uma variedade de exerc\u00edcios a serem realizados de forma confort\u00e1vel e eficaz.\" \/>\n\t\t<meta name=\"twitter:image\" content=\"https:\/\/fisio-shop.pt\/wp-content\/uploads\/2026\/04\/android-chrome-192x192-1.png\" \/>\n\t\t<script type=\"application\/ld+json\" class=\"aioseo-schema\">\n\t\t\t{\"@context\":\"https:\\\/\\\/schema.org\",\"@graph\":[{\"@type\":\"BreadcrumbList\",\"@id\":\"https:\\\/\\\/fisio-shop.pt\\\/?product=rede-borracha-resistencia-media-pexercicios-da-mao#breadcrumblist\",\"itemListElement\":[{\"@type\":\"ListItem\",\"@id\":\"https:\\\/\\\/fisio-shop.pt#listItem\",\"position\":1,\"name\":\"Home\",\"item\":\"https:\\\/\\\/fisio-shop.pt\",\"nextItem\":{\"@type\":\"ListItem\",\"@id\":\"https:\\\/\\\/fisio-shop.pt\\\/?page_id=5#listItem\",\"name\":\"Loja\"}},{\"@type\":\"ListItem\",\"@id\":\"https:\\\/\\\/fisio-shop.pt\\\/?page_id=5#listItem\",\"position\":2,\"name\":\"Loja\",\"item\":\"https:\\\/\\\/fisio-shop.pt\\\/?page_id=5\",\"nextItem\":{\"@type\":\"ListItem\",\"@id\":\"https:\\\/\\\/fisio-shop.pt\\\/?product_cat=saude#listItem\",\"name\":\"Sa\\u00fade\"},\"previousItem\":{\"@type\":\"ListItem\",\"@id\":\"https:\\\/\\\/fisio-shop.pt#listItem\",\"name\":\"Home\"}},{\"@type\":\"ListItem\",\"@id\":\"https:\\\/\\\/fisio-shop.pt\\\/?product_cat=saude#listItem\",\"position\":3,\"name\":\"Sa\\u00fade\",\"item\":\"https:\\\/\\\/fisio-shop.pt\\\/?product_cat=saude\",\"nextItem\":{\"@type\":\"ListItem\",\"@id\":\"https:\\\/\\\/fisio-shop.pt\\\/?product_cat=equipamentos-para-medicina-fisica-e-reabilitacao#listItem\",\"name\":\"Equipamentos para medicina f\\u00edsica e reabilita\\u00e7\\u00e3o\"},\"previousItem\":{\"@type\":\"ListItem\",\"@id\":\"https:\\\/\\\/fisio-shop.pt\\\/?page_id=5#listItem\",\"name\":\"Loja\"}},{\"@type\":\"ListItem\",\"@id\":\"https:\\\/\\\/fisio-shop.pt\\\/?product_cat=equipamentos-para-medicina-fisica-e-reabilitacao#listItem\",\"position\":4,\"name\":\"Equipamentos para medicina f\\u00edsica e reabilita\\u00e7\\u00e3o\",\"item\":\"https:\\\/\\\/fisio-shop.pt\\\/?product_cat=equipamentos-para-medicina-fisica-e-reabilitacao\",\"nextItem\":{\"@type\":\"ListItem\",\"@id\":\"https:\\\/\\\/fisio-shop.pt\\\/?product_cat=terapia-ocupacional#listItem\",\"name\":\"Terapia ocupacional\"},\"previousItem\":{\"@type\":\"ListItem\",\"@id\":\"https:\\\/\\\/fisio-shop.pt\\\/?product_cat=saude#listItem\",\"name\":\"Sa\\u00fade\"}},{\"@type\":\"ListItem\",\"@id\":\"https:\\\/\\\/fisio-shop.pt\\\/?product_cat=terapia-ocupacional#listItem\",\"position\":5,\"name\":\"Terapia ocupacional\",\"item\":\"https:\\\/\\\/fisio-shop.pt\\\/?product_cat=terapia-ocupacional\",\"nextItem\":{\"@type\":\"ListItem\",\"@id\":\"https:\\\/\\\/fisio-shop.pt\\\/?product_cat=reabilitacao-dos-dedos-e-mao#listItem\",\"name\":\"Reabilita\\u00e7\\u00e3o dos dedos e m\\u00e3o\"},\"previousItem\":{\"@type\":\"ListItem\",\"@id\":\"https:\\\/\\\/fisio-shop.pt\\\/?product_cat=equipamentos-para-medicina-fisica-e-reabilitacao#listItem\",\"name\":\"Equipamentos para medicina f\\u00edsica e reabilita\\u00e7\\u00e3o\"}},{\"@type\":\"ListItem\",\"@id\":\"https:\\\/\\\/fisio-shop.pt\\\/?product_cat=reabilitacao-dos-dedos-e-mao#listItem\",\"position\":6,\"name\":\"Reabilita\\u00e7\\u00e3o dos dedos e m\\u00e3o\",\"item\":\"https:\\\/\\\/fisio-shop.pt\\\/?product_cat=reabilitacao-dos-dedos-e-mao\",\"nextItem\":{\"@type\":\"ListItem\",\"@id\":\"https:\\\/\\\/fisio-shop.pt\\\/?product=rede-borracha-resistencia-media-pexercicios-da-mao#listItem\",\"name\":\"REDE DE BORRACHA RESIST\\u00caNCIA M\\u00c9DIA P\\\/EXERC\\u00cdCIOS DA M\\u00c3O\"},\"previousItem\":{\"@type\":\"ListItem\",\"@id\":\"https:\\\/\\\/fisio-shop.pt\\\/?product_cat=terapia-ocupacional#listItem\",\"name\":\"Terapia ocupacional\"}},{\"@type\":\"ListItem\",\"@id\":\"https:\\\/\\\/fisio-shop.pt\\\/?product=rede-borracha-resistencia-media-pexercicios-da-mao#listItem\",\"position\":7,\"name\":\"REDE DE BORRACHA RESIST\\u00caNCIA M\\u00c9DIA P\\\/EXERC\\u00cdCIOS DA M\\u00c3O\",\"previousItem\":{\"@type\":\"ListItem\",\"@id\":\"https:\\\/\\\/fisio-shop.pt\\\/?product_cat=reabilitacao-dos-dedos-e-mao#listItem\",\"name\":\"Reabilita\\u00e7\\u00e3o dos dedos e m\\u00e3o\"}}]},{\"@type\":\"Organization\",\"@id\":\"https:\\\/\\\/fisio-shop.pt\\\/#organization\",\"name\":\"Fisio-shop\",\"description\":\"Empresa especializada na distribui\\u00e7\\u00e3o de equipamentos profissionais para os mercados da Fisioterapia, Geriatria, Fitness e Medicina Desportiva. Empresa especializada na distribui\\u00e7\\u00e3o de equipamentos profissionais para os mercados da Fisioterapia, Geriatria, Fitness e Medicina Desportiva.\",\"url\":\"https:\\\/\\\/fisio-shop.pt\\\/\",\"logo\":{\"@type\":\"ImageObject\",\"url\":\"https:\\\/\\\/fisio-shop.pt\\\/wp-content\\\/uploads\\\/2026\\\/04\\\/android-chrome-192x192-1.png\",\"@id\":\"https:\\\/\\\/fisio-shop.pt\\\/?product=rede-borracha-resistencia-media-pexercicios-da-mao\\\/#organizationLogo\"},\"image\":{\"@id\":\"https:\\\/\\\/fisio-shop.pt\\\/?product=rede-borracha-resistencia-media-pexercicios-da-mao\\\/#organizationLogo\"},\"sameAs\":[\"https:\\\/\\\/www.facebook.com\\\/p\\\/Fisioshop-Comrcio-de-Equipamentos-Lda-100036934916130\\\/\"]},{\"@type\":\"Product\",\"@id\":\"https:\\\/\\\/fisio-shop.pt\\\/?product=rede-borracha-resistencia-media-pexercicios-da-mao#wooCommerceProduct\",\"name\":\"REDE DE BORRACHA RESIST\\u00caNCIA M\\u00c9DIA P\\\/EXERC\\u00cdCIOS DA M\\u00c3O\",\"description\":\"Rede de borracha com design exclusivo e patenteado que permite uma variedade de exerc\\u00edcios a serem realizados de forma confort\\u00e1vel e eficaz.\",\"url\":\"https:\\\/\\\/fisio-shop.pt\\\/?product=rede-borracha-resistencia-media-pexercicios-da-mao\",\"sku\":\"CON0135\",\"image\":{\"@type\":\"ImageObject\",\"url\":\"https:\\\/\\\/fisio-shop.pt\\\/wp-content\\\/uploads\\\/2026\\\/02\\\/REDE-VERMELHA-1.jpg\",\"@id\":\"https:\\\/\\\/fisio-shop.pt\\\/?product=rede-borracha-resistencia-media-pexercicios-da-mao\\\/#productImage\",\"width\":530,\"height\":280},\"offers\":{\"@type\":\"Offer\",\"url\":\"https:\\\/\\\/fisio-shop.pt\\\/?product=rede-borracha-resistencia-media-pexercicios-da-mao#wooCommerceOffer\",\"price\":46.86,\"priceCurrency\":\"EUR\",\"category\":\"Sa\\u00fade\",\"availability\":\"https:\\\/\\\/schema.org\\\/InStock\",\"priceSpecification\":{\"@type\":\"PriceSpecification\",\"price\":46.86,\"priceCurrency\":\"EUR\",\"valueAddedTaxIncluded\":\"true\"},\"seller\":{\"@type\":\"Organization\",\"@id\":\"https:\\\/\\\/fisio-shop.pt\\\/#organization\"}}},{\"@type\":\"WebPage\",\"@id\":\"https:\\\/\\\/fisio-shop.pt\\\/?product=rede-borracha-resistencia-media-pexercicios-da-mao#webpage\",\"url\":\"https:\\\/\\\/fisio-shop.pt\\\/?product=rede-borracha-resistencia-media-pexercicios-da-mao\",\"name\":\"REDE DE BORRACHA RESIST\\u00caNCIA M\\u00c9DIA P\\\/EXERC\\u00cdCIOS DA M\\u00c3O - Fisio-shop\",\"description\":\"Rede de borracha com design exclusivo e patenteado que permite uma variedade de exerc\\u00edcios a serem realizados de forma confort\\u00e1vel e eficaz.\",\"inLanguage\":\"pt-PT\",\"isPartOf\":{\"@id\":\"https:\\\/\\\/fisio-shop.pt\\\/#website\"},\"breadcrumb\":{\"@id\":\"https:\\\/\\\/fisio-shop.pt\\\/?product=rede-borracha-resistencia-media-pexercicios-da-mao#breadcrumblist\"},\"image\":{\"@type\":\"ImageObject\",\"url\":\"https:\\\/\\\/fisio-shop.pt\\\/wp-content\\\/uploads\\\/2026\\\/02\\\/REDE-VERMELHA-1.jpg\",\"@id\":\"https:\\\/\\\/fisio-shop.pt\\\/?product=rede-borracha-resistencia-media-pexercicios-da-mao\\\/#mainImage\",\"width\":530,\"height\":280},\"primaryImageOfPage\":{\"@id\":\"https:\\\/\\\/fisio-shop.pt\\\/?product=rede-borracha-resistencia-media-pexercicios-da-mao#mainImage\"},\"datePublished\":\"2017-10-30T13:28:28+00:00\",\"dateModified\":\"2026-02-25T20:00:43+00:00\"},{\"@type\":\"WebSite\",\"@id\":\"https:\\\/\\\/fisio-shop.pt\\\/#website\",\"url\":\"https:\\\/\\\/fisio-shop.pt\\\/\",\"name\":\"Fisio-shop\",\"description\":\"Empresa especializada na distribui\\u00e7\\u00e3o de equipamentos profissionais para os mercados da Fisioterapia, Geriatria, Fitness e Medicina Desportiva.\",\"inLanguage\":\"pt-PT\",\"publisher\":{\"@id\":\"https:\\\/\\\/fisio-shop.pt\\\/#organization\"}}]}\n\t\t<\/script>\n\t\t<!-- All in One SEO Pro -->\r\n\t\t<title>REDE DE BORRACHA RESIST\u00caNCIA M\u00c9DIA P\/EXERC\u00cdCIOS DA M\u00c3O - Fisio-shop<\/title>\n\n","aioseo_head_json":{"title":"REDE DE BORRACHA RESIST\u00caNCIA M\u00c9DIA P\/EXERC\u00cdCIOS DA M\u00c3O - Fisio-shop","description":"Rede de borracha com design exclusivo e patenteado que permite uma variedade de exerc\u00edcios a serem realizados de forma confort\u00e1vel e eficaz.","canonical_url":"https:\/\/fisio-shop.pt\/?product=rede-borracha-resistencia-media-pexercicios-da-mao","robots":"max-image-preview:large","keywords":"","webmasterTools":{"miscellaneous":""},"schema":{"@context":"https:\/\/schema.org","@graph":[{"@type":"BreadcrumbList","@id":"https:\/\/fisio-shop.pt\/?product=rede-borracha-resistencia-media-pexercicios-da-mao#breadcrumblist","itemListElement":[{"@type":"ListItem","@id":"https:\/\/fisio-shop.pt#listItem","position":1,"name":"Home","item":"https:\/\/fisio-shop.pt","nextItem":{"@type":"ListItem","@id":"https:\/\/fisio-shop.pt\/?page_id=5#listItem","name":"Loja"}},{"@type":"ListItem","@id":"https:\/\/fisio-shop.pt\/?page_id=5#listItem","position":2,"name":"Loja","item":"https:\/\/fisio-shop.pt\/?page_id=5","nextItem":{"@type":"ListItem","@id":"https:\/\/fisio-shop.pt\/?product_cat=saude#listItem","name":"Sa\u00fade"},"previousItem":{"@type":"ListItem","@id":"https:\/\/fisio-shop.pt#listItem","name":"Home"}},{"@type":"ListItem","@id":"https:\/\/fisio-shop.pt\/?product_cat=saude#listItem","position":3,"name":"Sa\u00fade","item":"https:\/\/fisio-shop.pt\/?product_cat=saude","nextItem":{"@type":"ListItem","@id":"https:\/\/fisio-shop.pt\/?product_cat=equipamentos-para-medicina-fisica-e-reabilitacao#listItem","name":"Equipamentos para medicina f\u00edsica e reabilita\u00e7\u00e3o"},"previousItem":{"@type":"ListItem","@id":"https:\/\/fisio-shop.pt\/?page_id=5#listItem","name":"Loja"}},{"@type":"ListItem","@id":"https:\/\/fisio-shop.pt\/?product_cat=equipamentos-para-medicina-fisica-e-reabilitacao#listItem","position":4,"name":"Equipamentos para medicina f\u00edsica e reabilita\u00e7\u00e3o","item":"https:\/\/fisio-shop.pt\/?product_cat=equipamentos-para-medicina-fisica-e-reabilitacao","nextItem":{"@type":"ListItem","@id":"https:\/\/fisio-shop.pt\/?product_cat=terapia-ocupacional#listItem","name":"Terapia ocupacional"},"previousItem":{"@type":"ListItem","@id":"https:\/\/fisio-shop.pt\/?product_cat=saude#listItem","name":"Sa\u00fade"}},{"@type":"ListItem","@id":"https:\/\/fisio-shop.pt\/?product_cat=terapia-ocupacional#listItem","position":5,"name":"Terapia ocupacional","item":"https:\/\/fisio-shop.pt\/?product_cat=terapia-ocupacional","nextItem":{"@type":"ListItem","@id":"https:\/\/fisio-shop.pt\/?product_cat=reabilitacao-dos-dedos-e-mao#listItem","name":"Reabilita\u00e7\u00e3o dos dedos e m\u00e3o"},"previousItem":{"@type":"ListItem","@id":"https:\/\/fisio-shop.pt\/?product_cat=equipamentos-para-medicina-fisica-e-reabilitacao#listItem","name":"Equipamentos para medicina f\u00edsica e reabilita\u00e7\u00e3o"}},{"@type":"ListItem","@id":"https:\/\/fisio-shop.pt\/?product_cat=reabilitacao-dos-dedos-e-mao#listItem","position":6,"name":"Reabilita\u00e7\u00e3o dos dedos e m\u00e3o","item":"https:\/\/fisio-shop.pt\/?product_cat=reabilitacao-dos-dedos-e-mao","nextItem":{"@type":"ListItem","@id":"https:\/\/fisio-shop.pt\/?product=rede-borracha-resistencia-media-pexercicios-da-mao#listItem","name":"REDE DE BORRACHA RESIST\u00caNCIA M\u00c9DIA P\/EXERC\u00cdCIOS DA M\u00c3O"},"previousItem":{"@type":"ListItem","@id":"https:\/\/fisio-shop.pt\/?product_cat=terapia-ocupacional#listItem","name":"Terapia ocupacional"}},{"@type":"ListItem","@id":"https:\/\/fisio-shop.pt\/?product=rede-borracha-resistencia-media-pexercicios-da-mao#listItem","position":7,"name":"REDE DE BORRACHA RESIST\u00caNCIA M\u00c9DIA P\/EXERC\u00cdCIOS DA M\u00c3O","previousItem":{"@type":"ListItem","@id":"https:\/\/fisio-shop.pt\/?product_cat=reabilitacao-dos-dedos-e-mao#listItem","name":"Reabilita\u00e7\u00e3o dos dedos e m\u00e3o"}}]},{"@type":"Organization","@id":"https:\/\/fisio-shop.pt\/#organization","name":"Fisio-shop","description":"Empresa especializada na distribui\u00e7\u00e3o de equipamentos profissionais para os mercados da Fisioterapia, Geriatria, Fitness e Medicina Desportiva. Empresa especializada na distribui\u00e7\u00e3o de equipamentos profissionais para os mercados da Fisioterapia, Geriatria, Fitness e Medicina Desportiva.","url":"https:\/\/fisio-shop.pt\/","logo":{"@type":"ImageObject","url":"https:\/\/fisio-shop.pt\/wp-content\/uploads\/2026\/04\/android-chrome-192x192-1.png","@id":"https:\/\/fisio-shop.pt\/?product=rede-borracha-resistencia-media-pexercicios-da-mao\/#organizationLogo"},"image":{"@id":"https:\/\/fisio-shop.pt\/?product=rede-borracha-resistencia-media-pexercicios-da-mao\/#organizationLogo"},"sameAs":["https:\/\/www.facebook.com\/p\/Fisioshop-Comrcio-de-Equipamentos-Lda-100036934916130\/"]},{"@type":"Product","@id":"https:\/\/fisio-shop.pt\/?product=rede-borracha-resistencia-media-pexercicios-da-mao#wooCommerceProduct","name":"REDE DE BORRACHA RESIST\u00caNCIA M\u00c9DIA P\/EXERC\u00cdCIOS DA M\u00c3O","description":"Rede de borracha com design exclusivo e patenteado que permite uma variedade de exerc\u00edcios a serem realizados de forma confort\u00e1vel e eficaz.","url":"https:\/\/fisio-shop.pt\/?product=rede-borracha-resistencia-media-pexercicios-da-mao","sku":"CON0135","image":{"@type":"ImageObject","url":"https:\/\/fisio-shop.pt\/wp-content\/uploads\/2026\/02\/REDE-VERMELHA-1.jpg","@id":"https:\/\/fisio-shop.pt\/?product=rede-borracha-resistencia-media-pexercicios-da-mao\/#productImage","width":530,"height":280},"offers":{"@type":"Offer","url":"https:\/\/fisio-shop.pt\/?product=rede-borracha-resistencia-media-pexercicios-da-mao#wooCommerceOffer","price":46.86,"priceCurrency":"EUR","category":"Sa\u00fade","availability":"https:\/\/schema.org\/InStock","priceSpecification":{"@type":"PriceSpecification","price":46.86,"priceCurrency":"EUR","valueAddedTaxIncluded":"true"},"seller":{"@type":"Organization","@id":"https:\/\/fisio-shop.pt\/#organization"}}},{"@type":"WebPage","@id":"https:\/\/fisio-shop.pt\/?product=rede-borracha-resistencia-media-pexercicios-da-mao#webpage","url":"https:\/\/fisio-shop.pt\/?product=rede-borracha-resistencia-media-pexercicios-da-mao","name":"REDE DE BORRACHA RESIST\u00caNCIA M\u00c9DIA P\/EXERC\u00cdCIOS DA M\u00c3O - Fisio-shop","description":"Rede de borracha com design exclusivo e patenteado que permite uma variedade de exerc\u00edcios a serem realizados de forma confort\u00e1vel e eficaz.","inLanguage":"pt-PT","isPartOf":{"@id":"https:\/\/fisio-shop.pt\/#website"},"breadcrumb":{"@id":"https:\/\/fisio-shop.pt\/?product=rede-borracha-resistencia-media-pexercicios-da-mao#breadcrumblist"},"image":{"@type":"ImageObject","url":"https:\/\/fisio-shop.pt\/wp-content\/uploads\/2026\/02\/REDE-VERMELHA-1.jpg","@id":"https:\/\/fisio-shop.pt\/?product=rede-borracha-resistencia-media-pexercicios-da-mao\/#mainImage","width":530,"height":280},"primaryImageOfPage":{"@id":"https:\/\/fisio-shop.pt\/?product=rede-borracha-resistencia-media-pexercicios-da-mao#mainImage"},"datePublished":"2017-10-30T13:28:28+00:00","dateModified":"2026-02-25T20:00:43+00:00"},{"@type":"WebSite","@id":"https:\/\/fisio-shop.pt\/#website","url":"https:\/\/fisio-shop.pt\/","name":"Fisio-shop","description":"Empresa especializada na distribui\u00e7\u00e3o de equipamentos profissionais para os mercados da Fisioterapia, Geriatria, Fitness e Medicina Desportiva.","inLanguage":"pt-PT","publisher":{"@id":"https:\/\/fisio-shop.pt\/#organization"}}]},"og:locale":"pt_PT","og:site_name":"Fisio-shop - Empresa especializada na distribui\u00e7\u00e3o de equipamentos profissionais para os mercados da Fisioterapia, Geriatria, Fitness e Medicina Desportiva.","og:type":"article","og:title":"REDE DE BORRACHA RESIST\u00caNCIA M\u00c9DIA P\/EXERC\u00cdCIOS DA M\u00c3O - Fisio-shop","og:description":"Rede de borracha com design exclusivo e patenteado que permite uma variedade de exerc\u00edcios a serem realizados de forma confort\u00e1vel e eficaz.","og:url":"https:\/\/fisio-shop.pt\/?product=rede-borracha-resistencia-media-pexercicios-da-mao","og:image":"https:\/\/fisio-shop.pt\/wp-content\/uploads\/2026\/04\/android-chrome-192x192-1.png","og:image:secure_url":"https:\/\/fisio-shop.pt\/wp-content\/uploads\/2026\/04\/android-chrome-192x192-1.png","article:published_time":"2017-10-30T13:28:28+00:00","article:modified_time":"2026-02-25T20:00:43+00:00","article:publisher":"https:\/\/www.facebook.com\/p\/Fisioshop-Comrcio-de-Equipamentos-Lda-100036934916130\/","twitter:card":"summary_large_image","twitter:title":"REDE DE BORRACHA RESIST\u00caNCIA M\u00c9DIA P\/EXERC\u00cdCIOS DA M\u00c3O - Fisio-shop","twitter:description":"Rede de borracha com design exclusivo e patenteado que permite uma variedade de exerc\u00edcios a serem realizados de forma confort\u00e1vel e eficaz.","twitter:image":"https:\/\/fisio-shop.pt\/wp-content\/uploads\/2026\/04\/android-chrome-192x192-1.png"},"aioseo_meta_data":{"post_id":"9739","title":null,"description":null,"keywords":null,"keyphrases":null,"primary_term":null,"canonical_url":null,"og_title":null,"og_description":null,"og_object_type":"default","og_image_type":"default","og_image_url":null,"og_image_width":null,"og_image_height":null,"og_image_custom_url":null,"og_image_custom_fields":null,"og_video":null,"og_custom_url":null,"og_article_section":null,"og_article_tags":null,"twitter_use_og":false,"twitter_card":"default","twitter_image_type":"default","twitter_image_url":null,"twitter_image_custom_url":null,"twitter_image_custom_fields":null,"twitter_title":null,"twitter_description":null,"schema":{"blockGraphs":[],"customGraphs":[],"default":{"data":{"Article":[],"Course":[],"Dataset":[],"FAQPage":[],"Movie":[],"Person":[],"Product":[],"ProductReview":[],"Car":[],"Recipe":[],"Service":[],"SoftwareApplication":[],"WebPage":[]},"graphName":"","isEnabled":true},"graphs":[]},"schema_type":"default","schema_type_options":null,"pillar_content":false,"robots_default":true,"robots_noindex":false,"robots_noarchive":false,"robots_nosnippet":false,"robots_nofollow":false,"robots_noimageindex":false,"robots_noodp":false,"robots_notranslate":false,"robots_max_snippet":null,"robots_max_videopreview":null,"robots_max_imagepreview":"large","priority":null,"frequency":null,"local_seo":null,"seo_analyzer_scan_date":"2026-04-18 07:20:33","breadcrumb_settings":null,"limit_modified_date":false,"open_ai":null,"ai":null,"created":"2026-04-18 07:02:19","updated":"2026-04-18 22:21:06"},"aioseo_breadcrumb":"<div class=\"aioseo-breadcrumbs\"><span class=\"aioseo-breadcrumb\">\n\t<a href=\"https:\/\/fisio-shop.pt\" title=\"Home\">Home<\/a>\n<\/span><span class=\"aioseo-breadcrumb-separator\">\u00bb<\/span><span class=\"aioseo-breadcrumb\">\n\t<a href=\"https:\/\/fisio-shop.pt\/?page_id=5\" title=\"Loja\">Loja<\/a>\n<\/span><span class=\"aioseo-breadcrumb-separator\">\u00bb<\/span><span class=\"aioseo-breadcrumb\">\n\t<a href=\"https:\/\/fisio-shop.pt\/?product_cat=saude\" title=\"Sa\u00fade\">Sa\u00fade<\/a>\n<\/span><span class=\"aioseo-breadcrumb-separator\">\u00bb<\/span><span class=\"aioseo-breadcrumb\">\n\t<a href=\"https:\/\/fisio-shop.pt\/?product_cat=equipamentos-para-medicina-fisica-e-reabilitacao\" title=\"Equipamentos para medicina f\u00edsica e reabilita\u00e7\u00e3o\">Equipamentos para medicina f\u00edsica e reabilita\u00e7\u00e3o<\/a>\n<\/span><span class=\"aioseo-breadcrumb-separator\">\u00bb<\/span><span class=\"aioseo-breadcrumb\">\n\t<a href=\"https:\/\/fisio-shop.pt\/?product_cat=terapia-ocupacional\" title=\"Terapia ocupacional\">Terapia ocupacional<\/a>\n<\/span><span class=\"aioseo-breadcrumb-separator\">\u00bb<\/span><span class=\"aioseo-breadcrumb\">\n\t<a href=\"https:\/\/fisio-shop.pt\/?product_cat=reabilitacao-dos-dedos-e-mao\" title=\"Reabilita\u00e7\u00e3o dos dedos e m\u00e3o\">Reabilita\u00e7\u00e3o dos dedos e m\u00e3o<\/a>\n<\/span><span class=\"aioseo-breadcrumb-separator\">\u00bb<\/span><span class=\"aioseo-breadcrumb\">\n\tREDE DE BORRACHA RESIST\u00caNCIA M\u00c9DIA P\/EXERC\u00cdCIOS DA M\u00c3O\n<\/span><\/div>","aioseo_breadcrumb_json":[{"label":"Home","link":"https:\/\/fisio-shop.pt"},{"label":"Loja","link":"https:\/\/fisio-shop.pt\/?page_id=5"},{"label":"Sa\u00fade","link":"https:\/\/fisio-shop.pt\/?product_cat=saude"},{"label":"Equipamentos para medicina f\u00edsica e reabilita\u00e7\u00e3o","link":"https:\/\/fisio-shop.pt\/?product_cat=equipamentos-para-medicina-fisica-e-reabilitacao"},{"label":"Terapia ocupacional","link":"https:\/\/fisio-shop.pt\/?product_cat=terapia-ocupacional"},{"label":"Reabilita\u00e7\u00e3o dos dedos e m\u00e3o","link":"https:\/\/fisio-shop.pt\/?product_cat=reabilitacao-dos-dedos-e-mao"},{"label":"REDE DE BORRACHA RESIST\u00caNCIA M\u00c9DIA P\/EXERC\u00cdCIOS DA M\u00c3O","link":"https:\/\/fisio-shop.pt\/?product=rede-borracha-resistencia-media-pexercicios-da-mao"}],"_links":{"self":[{"href":"https:\/\/fisio-shop.pt\/index.php?rest_route=\/wp\/v2\/product\/9739","targetHints":{"allow":["GET"]}}],"collection":[{"href":"https:\/\/fisio-shop.pt\/index.php?rest_route=\/wp\/v2\/product"}],"about":[{"href":"https:\/\/fisio-shop.pt\/index.php?rest_route=\/wp\/v2\/types\/product"}],"replies":[{"embeddable":true,"href":"https:\/\/fisio-shop.pt\/index.php?rest_route=%2Fwp%2Fv2%2Fcomments&post=9739"}],"version-history":[{"count":0,"href":"https:\/\/fisio-shop.pt\/index.php?rest_route=\/wp\/v2\/product\/9739\/revisions"}],"wp:featuredmedia":[{"embeddable":true,"href":"https:\/\/fisio-shop.pt\/index.php?rest_route=\/wp\/v2\/media\/11968"}],"wp:attachment":[{"href":"https:\/\/fisio-shop.pt\/index.php?rest_route=%2Fwp%2Fv2%2Fmedia&parent=9739"}],"wp:term":[{"taxonomy":"product_brand","embeddable":true,"href":"https:\/\/fisio-shop.pt\/index.php?rest_route=%2Fwp%2Fv2%2Fproduct_brand&post=9739"},{"taxonomy":"product_cat","embeddable":true,"href":"https:\/\/fisio-shop.pt\/index.php?rest_route=%2Fwp%2Fv2%2Fproduct_cat&post=9739"},{"taxonomy":"product_tag","embeddable":true,"href":"https:\/\/fisio-shop.pt\/index.php?rest_route=%2Fwp%2Fv2%2Fproduct_tag&post=9739"}],"curies":[{"name":"wp","href":"https:\/\/api.w.org\/{rel}","templated":true}]}}