{"id":9793,"date":"2017-11-30T15:15:58","date_gmt":"2017-11-30T15:15:58","guid":{"rendered":"https:\/\/fisio-shop.pt\/loja\/cama-hidromassagem-seca\/"},"modified":"2026-02-25T20:02:28","modified_gmt":"2026-02-25T20:02:28","slug":"cama-hidromassagem-seca","status":"publish","type":"product","link":"https:\/\/fisio-shop.pt\/?product=cama-hidromassagem-seca","title":{"rendered":"CAMA DE HIDROMASSAGEM SECA AQUAI"},"content":{"rendered":"<ul>\n<li>Um paciente num centro de reabilita\u00e7\u00e3o, ou de centro de SPA, podem usufruir do poder ben\u00e9fico da hidromassagem seca.<\/li>\n<li>Este efeito \u00e9 poss\u00edvel gra\u00e7as \u00e0 camada de revestimento de pl\u00e1stico atrav\u00e9s do qual \u00e9 feita a massagem.<\/li>\n<li>O utente \u00e9 colocado sobre a membrana el\u00e1stica que no lado inferior \u00e9 atingida pelos jactos.<\/li>\n<li>Independentemente do n\u00famero de tratamentos, a\u00a0<strong>Aquai<\/strong> \u00e9 capaz de manter a temperatura constante da \u00e1gua.<\/li>\n<li>A Aquai pode memorizar um programa espec\u00edfico de massagem que o utilizador queira usar mais frequentemente.<strong>\u00a0<\/strong><\/li>\n<\/ul>\n<p><strong>Benef\u00edcios do<\/strong><strong> tratamento:<\/strong><\/p>\n<ul>\n<li>Melhoria da circula\u00e7\u00e3o sangu\u00ednea e metabolismo;<\/li>\n<li>Aumento no transporte de oxig\u00e9nio nos m\u00fasculos;<\/li>\n<li>Aumento da produ\u00e7\u00e3o de endorfinas respons\u00e1veis pela toler\u00e2ncia \u00e0 dor;<\/li>\n<li>Melhora na amplitude de movimento das extremidades;<\/li>\n<li>Al\u00edvio de tens\u00f5es;<\/li>\n<li>Redu\u00e7\u00e3o do stress<\/li>\n<li>Relaxamento e bem-estar.<strong>\u00a0<\/strong><\/li>\n<\/ul>\n<p><strong>Caracter\u00edsticas especificas:<\/strong><\/p>\n<ul>\n<li>6 zonas program\u00e1veis e independentes;<\/li>\n<li>Todos os jatos s\u00e3o capazes de trabalhar simultaneamente;<\/li>\n<li>6 programas de massagem padr\u00e3o;<\/li>\n<li>Programa 1 usu\u00e1rio;<\/li>\n<li>Ajuste de temperatura da superf\u00edcie da membrana: temperatura (ajust\u00e1vel de 30 a 40oC);<\/li>\n<li>Pode ser programado para um determinado tempo;<\/li>\n<li>Tempo de tratamento ajust\u00e1vel (1-30 min);<\/li>\n<li>In\u00edcio atrasado em n\u00famero ou hora programada;<\/li>\n<li>Frequ\u00eancia e sequ\u00eancia de zonas ajust\u00e1vel;<\/li>\n<li>Temperatura da \u00e1gua ajust\u00e1vel;<\/li>\n<li>Sistema de aquecimento integrado;<\/li>\n<li>N\u00e3o h\u00e1 necessidade de se conectar a uma torneira de agua;<\/li>\n<li>painel de toque de f\u00e1cil acesso;<\/li>\n<li>Ilumina\u00e7\u00e3o LED.<strong>\u00a0<\/strong><\/li>\n<\/ul>\n<p><strong>Especifica\u00e7\u00f5es t\u00e9cnicas:<\/strong><strong>\u00a0<\/strong><\/p>\n<ul>\n<li>Capacidade: 220 litros;<\/li>\n<li>Consumo: ~3.5kW;<\/li>\n<li>Voltagem: 230V \/ 50Hz<\/li>\n<li>Dimens\u00f5es: 2370x1140x700mm;<\/li>\n<li>Peso m\u00e1ximo do utilizador: 135 Kg;<\/li>\n<li>Peso: 190kg.<\/li>\n<\/ul>\n<p><strong>Acess\u00f3rios opcionais:<\/strong><\/p>\n<ul>\n<li>Sistema de som integrado;<\/li>\n<li>Sistema de cart\u00f5es pr\u00e9-pagos;<\/li>\n<li>Kit de 20 cart\u00f5es.<\/li>\n<\/ul>\n","protected":false},"excerpt":{"rendered":"<p>Cama de hidromassagem seca especialmente concebida para a realiza\u00e7\u00e3o de tratamentos de reabilita\u00e7\u00e3o e spa.<\/p>\n","protected":false},"featured_media":12029,"comment_status":"open","ping_status":"closed","template":"","meta":{"rs_blank_template":"","rs_page_bg_color":"","slide_template_v7":""},"product_brand":[],"product_cat":[1451,1397,1401,1446,1450],"product_tag":[235,236,237,239,241],"class_list":{"0":"post-9793","1":"product","2":"type-product","3":"status-publish","4":"has-post-thumbnail","6":"product_cat-banheiras-de-hidroterapia","7":"product_cat-saude","8":"product_cat-equipamentos-para-medicina-fisica-e-reabilitacao","9":"product_cat-hidroterapia-e-balneoterapia","10":"product_cat-balneoterapia","11":"product_tag-hidromassagem-membros-inferiores","12":"product_tag-hidromassagem-terapeutica","13":"product_tag-hidroterapia","14":"product_tag-reabilitacao-hidromassagem","15":"product_tag-hidromassagem-extremidades","17":"first","18":"onbackorder","19":"shipping-taxable","20":"purchasable","21":"product-type-simple"},"aioseo_notices":[],"etheme_brands":{"errors":{"invalid_taxonomy":["Taxonomia inv\u00e1lida."]},"error_data":[]},"aioseo_head":"\n\t\t<!-- All in One SEO Pro 4.9.0 - aioseo.com -->\n\t<meta name=\"description\" content=\"Cama de hidromassagem seca especialmente concebida para a realiza\u00e7\u00e3o de tratamentos de reabilita\u00e7\u00e3o e spa.\" \/>\n\t<meta name=\"robots\" content=\"max-image-preview:large\" \/>\n\t<link rel=\"canonical\" href=\"https:\/\/fisio-shop.pt\/?product=cama-hidromassagem-seca\" \/>\n\t<meta name=\"generator\" content=\"All in One SEO Pro (AIOSEO) 4.9.0\" \/>\n\t\t<meta property=\"og:locale\" content=\"pt_PT\" \/>\n\t\t<meta property=\"og:site_name\" content=\"Fisio-shop - Empresa especializada na distribui\u00e7\u00e3o de equipamentos profissionais para os mercados da Fisioterapia, Geriatria, Fitness e Medicina Desportiva.\" \/>\n\t\t<meta property=\"og:type\" content=\"article\" \/>\n\t\t<meta property=\"og:title\" content=\"CAMA DE HIDROMASSAGEM SECA AQUAI - Fisio-shop\" \/>\n\t\t<meta property=\"og:description\" content=\"Cama de hidromassagem seca especialmente concebida para a realiza\u00e7\u00e3o de tratamentos de reabilita\u00e7\u00e3o e spa.\" \/>\n\t\t<meta property=\"og:url\" content=\"https:\/\/fisio-shop.pt\/?product=cama-hidromassagem-seca\" \/>\n\t\t<meta property=\"og:image\" content=\"https:\/\/fisio-shop.pt\/wp-content\/uploads\/2026\/04\/android-chrome-192x192-1.png\" \/>\n\t\t<meta property=\"og:image:secure_url\" content=\"https:\/\/fisio-shop.pt\/wp-content\/uploads\/2026\/04\/android-chrome-192x192-1.png\" \/>\n\t\t<meta property=\"article:published_time\" content=\"2017-11-30T15:15:58+00:00\" \/>\n\t\t<meta property=\"article:modified_time\" content=\"2026-02-25T20:02:28+00:00\" \/>\n\t\t<meta property=\"article:publisher\" content=\"https:\/\/www.facebook.com\/p\/Fisioshop-Comrcio-de-Equipamentos-Lda-100036934916130\/\" \/>\n\t\t<meta name=\"twitter:card\" content=\"summary_large_image\" \/>\n\t\t<meta name=\"twitter:title\" content=\"CAMA DE HIDROMASSAGEM SECA AQUAI - Fisio-shop\" \/>\n\t\t<meta name=\"twitter:description\" content=\"Cama de hidromassagem seca especialmente concebida para a realiza\u00e7\u00e3o de tratamentos de reabilita\u00e7\u00e3o e spa.\" \/>\n\t\t<meta name=\"twitter:image\" content=\"https:\/\/fisio-shop.pt\/wp-content\/uploads\/2026\/04\/android-chrome-192x192-1.png\" \/>\n\t\t<script type=\"application\/ld+json\" class=\"aioseo-schema\">\n\t\t\t{\"@context\":\"https:\\\/\\\/schema.org\",\"@graph\":[{\"@type\":\"BreadcrumbList\",\"@id\":\"https:\\\/\\\/fisio-shop.pt\\\/?product=cama-hidromassagem-seca#breadcrumblist\",\"itemListElement\":[{\"@type\":\"ListItem\",\"@id\":\"https:\\\/\\\/fisio-shop.pt#listItem\",\"position\":1,\"name\":\"Home\",\"item\":\"https:\\\/\\\/fisio-shop.pt\",\"nextItem\":{\"@type\":\"ListItem\",\"@id\":\"https:\\\/\\\/fisio-shop.pt\\\/?page_id=5#listItem\",\"name\":\"Loja\"}},{\"@type\":\"ListItem\",\"@id\":\"https:\\\/\\\/fisio-shop.pt\\\/?page_id=5#listItem\",\"position\":2,\"name\":\"Loja\",\"item\":\"https:\\\/\\\/fisio-shop.pt\\\/?page_id=5\",\"nextItem\":{\"@type\":\"ListItem\",\"@id\":\"https:\\\/\\\/fisio-shop.pt\\\/?product_cat=saude#listItem\",\"name\":\"Sa\\u00fade\"},\"previousItem\":{\"@type\":\"ListItem\",\"@id\":\"https:\\\/\\\/fisio-shop.pt#listItem\",\"name\":\"Home\"}},{\"@type\":\"ListItem\",\"@id\":\"https:\\\/\\\/fisio-shop.pt\\\/?product_cat=saude#listItem\",\"position\":3,\"name\":\"Sa\\u00fade\",\"item\":\"https:\\\/\\\/fisio-shop.pt\\\/?product_cat=saude\",\"nextItem\":{\"@type\":\"ListItem\",\"@id\":\"https:\\\/\\\/fisio-shop.pt\\\/?product_cat=equipamentos-para-medicina-fisica-e-reabilitacao#listItem\",\"name\":\"Equipamentos para medicina f\\u00edsica e reabilita\\u00e7\\u00e3o\"},\"previousItem\":{\"@type\":\"ListItem\",\"@id\":\"https:\\\/\\\/fisio-shop.pt\\\/?page_id=5#listItem\",\"name\":\"Loja\"}},{\"@type\":\"ListItem\",\"@id\":\"https:\\\/\\\/fisio-shop.pt\\\/?product_cat=equipamentos-para-medicina-fisica-e-reabilitacao#listItem\",\"position\":4,\"name\":\"Equipamentos para medicina f\\u00edsica e reabilita\\u00e7\\u00e3o\",\"item\":\"https:\\\/\\\/fisio-shop.pt\\\/?product_cat=equipamentos-para-medicina-fisica-e-reabilitacao\",\"nextItem\":{\"@type\":\"ListItem\",\"@id\":\"https:\\\/\\\/fisio-shop.pt\\\/?product_cat=hidroterapia-e-balneoterapia#listItem\",\"name\":\"Hidroterapia e balneoterapia\"},\"previousItem\":{\"@type\":\"ListItem\",\"@id\":\"https:\\\/\\\/fisio-shop.pt\\\/?product_cat=saude#listItem\",\"name\":\"Sa\\u00fade\"}},{\"@type\":\"ListItem\",\"@id\":\"https:\\\/\\\/fisio-shop.pt\\\/?product_cat=hidroterapia-e-balneoterapia#listItem\",\"position\":5,\"name\":\"Hidroterapia e balneoterapia\",\"item\":\"https:\\\/\\\/fisio-shop.pt\\\/?product_cat=hidroterapia-e-balneoterapia\",\"nextItem\":{\"@type\":\"ListItem\",\"@id\":\"https:\\\/\\\/fisio-shop.pt\\\/?product_cat=balneoterapia#listItem\",\"name\":\"Balneoterapia\"},\"previousItem\":{\"@type\":\"ListItem\",\"@id\":\"https:\\\/\\\/fisio-shop.pt\\\/?product_cat=equipamentos-para-medicina-fisica-e-reabilitacao#listItem\",\"name\":\"Equipamentos para medicina f\\u00edsica e reabilita\\u00e7\\u00e3o\"}},{\"@type\":\"ListItem\",\"@id\":\"https:\\\/\\\/fisio-shop.pt\\\/?product_cat=balneoterapia#listItem\",\"position\":6,\"name\":\"Balneoterapia\",\"item\":\"https:\\\/\\\/fisio-shop.pt\\\/?product_cat=balneoterapia\",\"nextItem\":{\"@type\":\"ListItem\",\"@id\":\"https:\\\/\\\/fisio-shop.pt\\\/?product=cama-hidromassagem-seca#listItem\",\"name\":\"CAMA DE HIDROMASSAGEM SECA AQUAI\"},\"previousItem\":{\"@type\":\"ListItem\",\"@id\":\"https:\\\/\\\/fisio-shop.pt\\\/?product_cat=hidroterapia-e-balneoterapia#listItem\",\"name\":\"Hidroterapia e balneoterapia\"}},{\"@type\":\"ListItem\",\"@id\":\"https:\\\/\\\/fisio-shop.pt\\\/?product=cama-hidromassagem-seca#listItem\",\"position\":7,\"name\":\"CAMA DE HIDROMASSAGEM SECA AQUAI\",\"previousItem\":{\"@type\":\"ListItem\",\"@id\":\"https:\\\/\\\/fisio-shop.pt\\\/?product_cat=balneoterapia#listItem\",\"name\":\"Balneoterapia\"}}]},{\"@type\":\"Organization\",\"@id\":\"https:\\\/\\\/fisio-shop.pt\\\/#organization\",\"name\":\"Fisio-shop\",\"description\":\"Empresa especializada na distribui\\u00e7\\u00e3o de equipamentos profissionais para os mercados da Fisioterapia, Geriatria, Fitness e Medicina Desportiva. Empresa especializada na distribui\\u00e7\\u00e3o de equipamentos profissionais para os mercados da Fisioterapia, Geriatria, Fitness e Medicina Desportiva.\",\"url\":\"https:\\\/\\\/fisio-shop.pt\\\/\",\"logo\":{\"@type\":\"ImageObject\",\"url\":\"https:\\\/\\\/fisio-shop.pt\\\/wp-content\\\/uploads\\\/2026\\\/04\\\/android-chrome-192x192-1.png\",\"@id\":\"https:\\\/\\\/fisio-shop.pt\\\/?product=cama-hidromassagem-seca\\\/#organizationLogo\"},\"image\":{\"@id\":\"https:\\\/\\\/fisio-shop.pt\\\/?product=cama-hidromassagem-seca\\\/#organizationLogo\"},\"sameAs\":[\"https:\\\/\\\/www.facebook.com\\\/p\\\/Fisioshop-Comrcio-de-Equipamentos-Lda-100036934916130\\\/\"]},{\"@type\":\"Product\",\"@id\":\"https:\\\/\\\/fisio-shop.pt\\\/?product=cama-hidromassagem-seca#wooCommerceProduct\",\"name\":\"CAMA DE HIDROMASSAGEM SECA AQUAI\",\"description\":\"Cama de hidromassagem seca especialmente concebida para a realiza\\u00e7\\u00e3o de tratamentos de reabilita\\u00e7\\u00e3o e spa.\",\"url\":\"https:\\\/\\\/fisio-shop.pt\\\/?product=cama-hidromassagem-seca\",\"sku\":\"AQUAI\",\"image\":{\"@type\":\"ImageObject\",\"url\":\"https:\\\/\\\/fisio-shop.pt\\\/wp-content\\\/uploads\\\/2026\\\/02\\\/CAMA-HIDROMASSAGEM-SECA-AQUAI-1.jpg\",\"@id\":\"https:\\\/\\\/fisio-shop.pt\\\/?product=cama-hidromassagem-seca\\\/#productImage\",\"width\":600,\"height\":600},\"offers\":{\"@type\":\"Offer\",\"url\":\"https:\\\/\\\/fisio-shop.pt\\\/?product=cama-hidromassagem-seca#wooCommerceOffer\",\"price\":18900.12,\"priceCurrency\":\"EUR\",\"category\":\"Sa\\u00fade\",\"availability\":\"https:\\\/\\\/schema.org\\\/PreOrder\",\"priceSpecification\":{\"@type\":\"PriceSpecification\",\"price\":18900.12,\"priceCurrency\":\"EUR\",\"valueAddedTaxIncluded\":\"true\"},\"seller\":{\"@type\":\"Organization\",\"@id\":\"https:\\\/\\\/fisio-shop.pt\\\/#organization\"}}},{\"@type\":\"WebPage\",\"@id\":\"https:\\\/\\\/fisio-shop.pt\\\/?product=cama-hidromassagem-seca#webpage\",\"url\":\"https:\\\/\\\/fisio-shop.pt\\\/?product=cama-hidromassagem-seca\",\"name\":\"CAMA DE HIDROMASSAGEM SECA AQUAI - Fisio-shop\",\"description\":\"Cama de hidromassagem seca especialmente concebida para a realiza\\u00e7\\u00e3o de tratamentos de reabilita\\u00e7\\u00e3o e spa.\",\"inLanguage\":\"pt-PT\",\"isPartOf\":{\"@id\":\"https:\\\/\\\/fisio-shop.pt\\\/#website\"},\"breadcrumb\":{\"@id\":\"https:\\\/\\\/fisio-shop.pt\\\/?product=cama-hidromassagem-seca#breadcrumblist\"},\"image\":{\"@type\":\"ImageObject\",\"url\":\"https:\\\/\\\/fisio-shop.pt\\\/wp-content\\\/uploads\\\/2026\\\/02\\\/CAMA-HIDROMASSAGEM-SECA-AQUAI-1.jpg\",\"@id\":\"https:\\\/\\\/fisio-shop.pt\\\/?product=cama-hidromassagem-seca\\\/#mainImage\",\"width\":600,\"height\":600},\"primaryImageOfPage\":{\"@id\":\"https:\\\/\\\/fisio-shop.pt\\\/?product=cama-hidromassagem-seca#mainImage\"},\"datePublished\":\"2017-11-30T15:15:58+00:00\",\"dateModified\":\"2026-02-25T20:02:28+00:00\"},{\"@type\":\"WebSite\",\"@id\":\"https:\\\/\\\/fisio-shop.pt\\\/#website\",\"url\":\"https:\\\/\\\/fisio-shop.pt\\\/\",\"name\":\"Fisio-shop\",\"description\":\"Empresa especializada na distribui\\u00e7\\u00e3o de equipamentos profissionais para os mercados da Fisioterapia, Geriatria, Fitness e Medicina Desportiva.\",\"inLanguage\":\"pt-PT\",\"publisher\":{\"@id\":\"https:\\\/\\\/fisio-shop.pt\\\/#organization\"}}]}\n\t\t<\/script>\n\t\t<!-- All in One SEO Pro -->\r\n\t\t<title>CAMA DE HIDROMASSAGEM SECA AQUAI - Fisio-shop<\/title>\n\n","aioseo_head_json":{"title":"CAMA DE HIDROMASSAGEM SECA AQUAI - Fisio-shop","description":"Cama de hidromassagem seca especialmente concebida para a realiza\u00e7\u00e3o de tratamentos de reabilita\u00e7\u00e3o e spa.","canonical_url":"https:\/\/fisio-shop.pt\/?product=cama-hidromassagem-seca","robots":"max-image-preview:large","keywords":"","webmasterTools":{"miscellaneous":""},"schema":{"@context":"https:\/\/schema.org","@graph":[{"@type":"BreadcrumbList","@id":"https:\/\/fisio-shop.pt\/?product=cama-hidromassagem-seca#breadcrumblist","itemListElement":[{"@type":"ListItem","@id":"https:\/\/fisio-shop.pt#listItem","position":1,"name":"Home","item":"https:\/\/fisio-shop.pt","nextItem":{"@type":"ListItem","@id":"https:\/\/fisio-shop.pt\/?page_id=5#listItem","name":"Loja"}},{"@type":"ListItem","@id":"https:\/\/fisio-shop.pt\/?page_id=5#listItem","position":2,"name":"Loja","item":"https:\/\/fisio-shop.pt\/?page_id=5","nextItem":{"@type":"ListItem","@id":"https:\/\/fisio-shop.pt\/?product_cat=saude#listItem","name":"Sa\u00fade"},"previousItem":{"@type":"ListItem","@id":"https:\/\/fisio-shop.pt#listItem","name":"Home"}},{"@type":"ListItem","@id":"https:\/\/fisio-shop.pt\/?product_cat=saude#listItem","position":3,"name":"Sa\u00fade","item":"https:\/\/fisio-shop.pt\/?product_cat=saude","nextItem":{"@type":"ListItem","@id":"https:\/\/fisio-shop.pt\/?product_cat=equipamentos-para-medicina-fisica-e-reabilitacao#listItem","name":"Equipamentos para medicina f\u00edsica e reabilita\u00e7\u00e3o"},"previousItem":{"@type":"ListItem","@id":"https:\/\/fisio-shop.pt\/?page_id=5#listItem","name":"Loja"}},{"@type":"ListItem","@id":"https:\/\/fisio-shop.pt\/?product_cat=equipamentos-para-medicina-fisica-e-reabilitacao#listItem","position":4,"name":"Equipamentos para medicina f\u00edsica e reabilita\u00e7\u00e3o","item":"https:\/\/fisio-shop.pt\/?product_cat=equipamentos-para-medicina-fisica-e-reabilitacao","nextItem":{"@type":"ListItem","@id":"https:\/\/fisio-shop.pt\/?product_cat=hidroterapia-e-balneoterapia#listItem","name":"Hidroterapia e balneoterapia"},"previousItem":{"@type":"ListItem","@id":"https:\/\/fisio-shop.pt\/?product_cat=saude#listItem","name":"Sa\u00fade"}},{"@type":"ListItem","@id":"https:\/\/fisio-shop.pt\/?product_cat=hidroterapia-e-balneoterapia#listItem","position":5,"name":"Hidroterapia e balneoterapia","item":"https:\/\/fisio-shop.pt\/?product_cat=hidroterapia-e-balneoterapia","nextItem":{"@type":"ListItem","@id":"https:\/\/fisio-shop.pt\/?product_cat=balneoterapia#listItem","name":"Balneoterapia"},"previousItem":{"@type":"ListItem","@id":"https:\/\/fisio-shop.pt\/?product_cat=equipamentos-para-medicina-fisica-e-reabilitacao#listItem","name":"Equipamentos para medicina f\u00edsica e reabilita\u00e7\u00e3o"}},{"@type":"ListItem","@id":"https:\/\/fisio-shop.pt\/?product_cat=balneoterapia#listItem","position":6,"name":"Balneoterapia","item":"https:\/\/fisio-shop.pt\/?product_cat=balneoterapia","nextItem":{"@type":"ListItem","@id":"https:\/\/fisio-shop.pt\/?product=cama-hidromassagem-seca#listItem","name":"CAMA DE HIDROMASSAGEM SECA AQUAI"},"previousItem":{"@type":"ListItem","@id":"https:\/\/fisio-shop.pt\/?product_cat=hidroterapia-e-balneoterapia#listItem","name":"Hidroterapia e balneoterapia"}},{"@type":"ListItem","@id":"https:\/\/fisio-shop.pt\/?product=cama-hidromassagem-seca#listItem","position":7,"name":"CAMA DE HIDROMASSAGEM SECA AQUAI","previousItem":{"@type":"ListItem","@id":"https:\/\/fisio-shop.pt\/?product_cat=balneoterapia#listItem","name":"Balneoterapia"}}]},{"@type":"Organization","@id":"https:\/\/fisio-shop.pt\/#organization","name":"Fisio-shop","description":"Empresa especializada na distribui\u00e7\u00e3o de equipamentos profissionais para os mercados da Fisioterapia, Geriatria, Fitness e Medicina Desportiva. Empresa especializada na distribui\u00e7\u00e3o de equipamentos profissionais para os mercados da Fisioterapia, Geriatria, Fitness e Medicina Desportiva.","url":"https:\/\/fisio-shop.pt\/","logo":{"@type":"ImageObject","url":"https:\/\/fisio-shop.pt\/wp-content\/uploads\/2026\/04\/android-chrome-192x192-1.png","@id":"https:\/\/fisio-shop.pt\/?product=cama-hidromassagem-seca\/#organizationLogo"},"image":{"@id":"https:\/\/fisio-shop.pt\/?product=cama-hidromassagem-seca\/#organizationLogo"},"sameAs":["https:\/\/www.facebook.com\/p\/Fisioshop-Comrcio-de-Equipamentos-Lda-100036934916130\/"]},{"@type":"Product","@id":"https:\/\/fisio-shop.pt\/?product=cama-hidromassagem-seca#wooCommerceProduct","name":"CAMA DE HIDROMASSAGEM SECA AQUAI","description":"Cama de hidromassagem seca especialmente concebida para a realiza\u00e7\u00e3o de tratamentos de reabilita\u00e7\u00e3o e spa.","url":"https:\/\/fisio-shop.pt\/?product=cama-hidromassagem-seca","sku":"AQUAI","image":{"@type":"ImageObject","url":"https:\/\/fisio-shop.pt\/wp-content\/uploads\/2026\/02\/CAMA-HIDROMASSAGEM-SECA-AQUAI-1.jpg","@id":"https:\/\/fisio-shop.pt\/?product=cama-hidromassagem-seca\/#productImage","width":600,"height":600},"offers":{"@type":"Offer","url":"https:\/\/fisio-shop.pt\/?product=cama-hidromassagem-seca#wooCommerceOffer","price":18900.12,"priceCurrency":"EUR","category":"Sa\u00fade","availability":"https:\/\/schema.org\/PreOrder","priceSpecification":{"@type":"PriceSpecification","price":18900.12,"priceCurrency":"EUR","valueAddedTaxIncluded":"true"},"seller":{"@type":"Organization","@id":"https:\/\/fisio-shop.pt\/#organization"}}},{"@type":"WebPage","@id":"https:\/\/fisio-shop.pt\/?product=cama-hidromassagem-seca#webpage","url":"https:\/\/fisio-shop.pt\/?product=cama-hidromassagem-seca","name":"CAMA DE HIDROMASSAGEM SECA AQUAI - Fisio-shop","description":"Cama de hidromassagem seca especialmente concebida para a realiza\u00e7\u00e3o de tratamentos de reabilita\u00e7\u00e3o e spa.","inLanguage":"pt-PT","isPartOf":{"@id":"https:\/\/fisio-shop.pt\/#website"},"breadcrumb":{"@id":"https:\/\/fisio-shop.pt\/?product=cama-hidromassagem-seca#breadcrumblist"},"image":{"@type":"ImageObject","url":"https:\/\/fisio-shop.pt\/wp-content\/uploads\/2026\/02\/CAMA-HIDROMASSAGEM-SECA-AQUAI-1.jpg","@id":"https:\/\/fisio-shop.pt\/?product=cama-hidromassagem-seca\/#mainImage","width":600,"height":600},"primaryImageOfPage":{"@id":"https:\/\/fisio-shop.pt\/?product=cama-hidromassagem-seca#mainImage"},"datePublished":"2017-11-30T15:15:58+00:00","dateModified":"2026-02-25T20:02:28+00:00"},{"@type":"WebSite","@id":"https:\/\/fisio-shop.pt\/#website","url":"https:\/\/fisio-shop.pt\/","name":"Fisio-shop","description":"Empresa especializada na distribui\u00e7\u00e3o de equipamentos profissionais para os mercados da Fisioterapia, Geriatria, Fitness e Medicina Desportiva.","inLanguage":"pt-PT","publisher":{"@id":"https:\/\/fisio-shop.pt\/#organization"}}]},"og:locale":"pt_PT","og:site_name":"Fisio-shop - Empresa especializada na distribui\u00e7\u00e3o de equipamentos profissionais para os mercados da Fisioterapia, Geriatria, Fitness e Medicina Desportiva.","og:type":"article","og:title":"CAMA DE HIDROMASSAGEM SECA AQUAI - Fisio-shop","og:description":"Cama de hidromassagem seca especialmente concebida para a realiza\u00e7\u00e3o de tratamentos de reabilita\u00e7\u00e3o e spa.","og:url":"https:\/\/fisio-shop.pt\/?product=cama-hidromassagem-seca","og:image":"https:\/\/fisio-shop.pt\/wp-content\/uploads\/2026\/04\/android-chrome-192x192-1.png","og:image:secure_url":"https:\/\/fisio-shop.pt\/wp-content\/uploads\/2026\/04\/android-chrome-192x192-1.png","article:published_time":"2017-11-30T15:15:58+00:00","article:modified_time":"2026-02-25T20:02:28+00:00","article:publisher":"https:\/\/www.facebook.com\/p\/Fisioshop-Comrcio-de-Equipamentos-Lda-100036934916130\/","twitter:card":"summary_large_image","twitter:title":"CAMA DE HIDROMASSAGEM SECA AQUAI - Fisio-shop","twitter:description":"Cama de hidromassagem seca especialmente concebida para a realiza\u00e7\u00e3o de tratamentos de reabilita\u00e7\u00e3o e spa.","twitter:image":"https:\/\/fisio-shop.pt\/wp-content\/uploads\/2026\/04\/android-chrome-192x192-1.png"},"aioseo_meta_data":{"post_id":"9793","title":null,"description":null,"keywords":null,"keyphrases":null,"primary_term":null,"canonical_url":null,"og_title":null,"og_description":null,"og_object_type":"default","og_image_type":"default","og_image_url":null,"og_image_width":null,"og_image_height":null,"og_image_custom_url":null,"og_image_custom_fields":null,"og_video":null,"og_custom_url":null,"og_article_section":null,"og_article_tags":null,"twitter_use_og":false,"twitter_card":"default","twitter_image_type":"default","twitter_image_url":null,"twitter_image_custom_url":null,"twitter_image_custom_fields":null,"twitter_title":null,"twitter_description":null,"schema":{"blockGraphs":[],"customGraphs":[],"default":{"data":{"Article":[],"Course":[],"Dataset":[],"FAQPage":[],"Movie":[],"Person":[],"Product":[],"ProductReview":[],"Car":[],"Recipe":[],"Service":[],"SoftwareApplication":[],"WebPage":[]},"graphName":"","isEnabled":true},"graphs":[]},"schema_type":"default","schema_type_options":null,"pillar_content":false,"robots_default":true,"robots_noindex":false,"robots_noarchive":false,"robots_nosnippet":false,"robots_nofollow":false,"robots_noimageindex":false,"robots_noodp":false,"robots_notranslate":false,"robots_max_snippet":null,"robots_max_videopreview":null,"robots_max_imagepreview":"large","priority":null,"frequency":null,"local_seo":null,"seo_analyzer_scan_date":"2026-04-18 07:38:04","breadcrumb_settings":null,"limit_modified_date":false,"open_ai":null,"ai":null,"created":"2026-04-18 07:02:19","updated":"2026-04-18 22:22:17"},"aioseo_breadcrumb":"<div class=\"aioseo-breadcrumbs\"><span class=\"aioseo-breadcrumb\">\n\t<a href=\"https:\/\/fisio-shop.pt\" title=\"Home\">Home<\/a>\n<\/span><span class=\"aioseo-breadcrumb-separator\">\u00bb<\/span><span class=\"aioseo-breadcrumb\">\n\t<a href=\"https:\/\/fisio-shop.pt\/?page_id=5\" title=\"Loja\">Loja<\/a>\n<\/span><span class=\"aioseo-breadcrumb-separator\">\u00bb<\/span><span class=\"aioseo-breadcrumb\">\n\t<a href=\"https:\/\/fisio-shop.pt\/?product_cat=saude\" title=\"Sa\u00fade\">Sa\u00fade<\/a>\n<\/span><span class=\"aioseo-breadcrumb-separator\">\u00bb<\/span><span class=\"aioseo-breadcrumb\">\n\t<a href=\"https:\/\/fisio-shop.pt\/?product_cat=equipamentos-para-medicina-fisica-e-reabilitacao\" title=\"Equipamentos para medicina f\u00edsica e reabilita\u00e7\u00e3o\">Equipamentos para medicina f\u00edsica e reabilita\u00e7\u00e3o<\/a>\n<\/span><span class=\"aioseo-breadcrumb-separator\">\u00bb<\/span><span class=\"aioseo-breadcrumb\">\n\t<a href=\"https:\/\/fisio-shop.pt\/?product_cat=hidroterapia-e-balneoterapia\" title=\"Hidroterapia e balneoterapia\">Hidroterapia e balneoterapia<\/a>\n<\/span><span class=\"aioseo-breadcrumb-separator\">\u00bb<\/span><span class=\"aioseo-breadcrumb\">\n\t<a href=\"https:\/\/fisio-shop.pt\/?product_cat=balneoterapia\" title=\"Balneoterapia\">Balneoterapia<\/a>\n<\/span><span class=\"aioseo-breadcrumb-separator\">\u00bb<\/span><span class=\"aioseo-breadcrumb\">\n\tCAMA DE HIDROMASSAGEM SECA AQUAI\n<\/span><\/div>","aioseo_breadcrumb_json":[{"label":"Home","link":"https:\/\/fisio-shop.pt"},{"label":"Loja","link":"https:\/\/fisio-shop.pt\/?page_id=5"},{"label":"Sa\u00fade","link":"https:\/\/fisio-shop.pt\/?product_cat=saude"},{"label":"Equipamentos para medicina f\u00edsica e reabilita\u00e7\u00e3o","link":"https:\/\/fisio-shop.pt\/?product_cat=equipamentos-para-medicina-fisica-e-reabilitacao"},{"label":"Hidroterapia e balneoterapia","link":"https:\/\/fisio-shop.pt\/?product_cat=hidroterapia-e-balneoterapia"},{"label":"Balneoterapia","link":"https:\/\/fisio-shop.pt\/?product_cat=balneoterapia"},{"label":"CAMA DE HIDROMASSAGEM SECA AQUAI","link":"https:\/\/fisio-shop.pt\/?product=cama-hidromassagem-seca"}],"_links":{"self":[{"href":"https:\/\/fisio-shop.pt\/index.php?rest_route=\/wp\/v2\/product\/9793","targetHints":{"allow":["GET"]}}],"collection":[{"href":"https:\/\/fisio-shop.pt\/index.php?rest_route=\/wp\/v2\/product"}],"about":[{"href":"https:\/\/fisio-shop.pt\/index.php?rest_route=\/wp\/v2\/types\/product"}],"replies":[{"embeddable":true,"href":"https:\/\/fisio-shop.pt\/index.php?rest_route=%2Fwp%2Fv2%2Fcomments&post=9793"}],"version-history":[{"count":0,"href":"https:\/\/fisio-shop.pt\/index.php?rest_route=\/wp\/v2\/product\/9793\/revisions"}],"wp:featuredmedia":[{"embeddable":true,"href":"https:\/\/fisio-shop.pt\/index.php?rest_route=\/wp\/v2\/media\/12029"}],"wp:attachment":[{"href":"https:\/\/fisio-shop.pt\/index.php?rest_route=%2Fwp%2Fv2%2Fmedia&parent=9793"}],"wp:term":[{"taxonomy":"product_brand","embeddable":true,"href":"https:\/\/fisio-shop.pt\/index.php?rest_route=%2Fwp%2Fv2%2Fproduct_brand&post=9793"},{"taxonomy":"product_cat","embeddable":true,"href":"https:\/\/fisio-shop.pt\/index.php?rest_route=%2Fwp%2Fv2%2Fproduct_cat&post=9793"},{"taxonomy":"product_tag","embeddable":true,"href":"https:\/\/fisio-shop.pt\/index.php?rest_route=%2Fwp%2Fv2%2Fproduct_tag&post=9793"}],"curies":[{"name":"wp","href":"https:\/\/api.w.org\/{rel}","templated":true}]}}