{"id":9805,"date":"2018-01-26T12:29:36","date_gmt":"2018-01-26T12:29:36","guid":{"rendered":"https:\/\/fisio-shop.pt\/loja\/barras-paralelas-simples-c-tela-anti-derrapante\/"},"modified":"2026-02-25T20:02:31","modified_gmt":"2026-02-25T20:02:31","slug":"barras-paralelas-simples-c-tela-anti-derrapante","status":"publish","type":"product","link":"https:\/\/fisio-shop.pt\/?product=barras-paralelas-simples-c-tela-anti-derrapante","title":{"rendered":"BARRAS PARALELAS SIMPLES C\/TELA ANTI-DERRAPANTE"},"content":{"rendered":"<ul>\n<li>Estrutura em tubo de a\u00e7o macio;<\/li>\n<li>Pintura Epoxy;<\/li>\n<li>Duas bases de metal revestido a tela anti-derrapante;<\/li>\n<li>Barras de apoio regul\u00e1veis em altura<\/li>\n<li>5 posi\u00e7\u00f5es de regula\u00e7\u00e3o: 620, 720, 820, 920 e 1020 mm.<\/li>\n<li>Peso: 26 Kg;<\/li>\n<li>Dimens\u00f5es: 2500 x 645 mm;<\/li>\n<li>Pais de origem: Portugal.<\/li>\n<\/ul>\n<p><strong>C\u00d3DIGO: MOB0058<\/strong><\/p>\n","protected":false},"excerpt":{"rendered":"<p>Barras paralelas simples com bases de metal revestidas a tela anti-derrapante e regul\u00e1veis em altura com 5 posi\u00e7\u00f5es.<\/p>\n<p>&nbsp;<\/p>\n","protected":false},"featured_media":12041,"comment_status":"open","ping_status":"closed","template":"","meta":{"rs_blank_template":"","rs_page_bg_color":"","slide_template_v7":""},"product_brand":[],"product_cat":[1397,1401,1413,1419],"product_tag":[205],"class_list":{"0":"post-9805","1":"product","2":"type-product","3":"status-publish","4":"has-post-thumbnail","6":"product_cat-saude","7":"product_cat-equipamentos-para-medicina-fisica-e-reabilitacao","8":"product_cat-cinesioterapia-medicina-fisica-e-de-reabilitacao","9":"product_cat-marcha-treino-e-apoio-a-reabilitacaocinesioterapia","10":"product_tag-barras-paralelas","12":"first","13":"instock","14":"shipping-taxable","15":"purchasable","16":"product-type-simple"},"aioseo_notices":[],"etheme_brands":{"errors":{"invalid_taxonomy":["Taxonomia inv\u00e1lida."]},"error_data":[]},"aioseo_head":"\n\t\t<!-- All in One SEO Pro 4.9.0 - aioseo.com -->\n\t<meta name=\"description\" content=\"Barras paralelas simples com bases de metal revestidas a tela anti-derrapante e regul\u00e1veis em altura com 5 posi\u00e7\u00f5es.\" \/>\n\t<meta name=\"robots\" content=\"max-image-preview:large\" \/>\n\t<link rel=\"canonical\" href=\"https:\/\/fisio-shop.pt\/?product=barras-paralelas-simples-c-tela-anti-derrapante\" \/>\n\t<meta name=\"generator\" content=\"All in One SEO Pro (AIOSEO) 4.9.0\" \/>\n\t\t<meta property=\"og:locale\" content=\"pt_PT\" \/>\n\t\t<meta property=\"og:site_name\" content=\"Fisio-shop - Empresa especializada na distribui\u00e7\u00e3o de equipamentos profissionais para os mercados da Fisioterapia, Geriatria, Fitness e Medicina Desportiva.\" \/>\n\t\t<meta property=\"og:type\" content=\"article\" \/>\n\t\t<meta property=\"og:title\" content=\"BARRAS PARALELAS SIMPLES C\/TELA ANTI-DERRAPANTE - Fisio-shop\" \/>\n\t\t<meta property=\"og:description\" content=\"Barras paralelas simples com bases de metal revestidas a tela anti-derrapante e regul\u00e1veis em altura com 5 posi\u00e7\u00f5es.\" \/>\n\t\t<meta property=\"og:url\" content=\"https:\/\/fisio-shop.pt\/?product=barras-paralelas-simples-c-tela-anti-derrapante\" \/>\n\t\t<meta property=\"og:image\" content=\"https:\/\/fisio-shop.pt\/wp-content\/uploads\/2026\/04\/android-chrome-192x192-1.png\" \/>\n\t\t<meta property=\"og:image:secure_url\" content=\"https:\/\/fisio-shop.pt\/wp-content\/uploads\/2026\/04\/android-chrome-192x192-1.png\" \/>\n\t\t<meta property=\"article:published_time\" content=\"2018-01-26T12:29:36+00:00\" \/>\n\t\t<meta property=\"article:modified_time\" content=\"2026-02-25T20:02:31+00:00\" \/>\n\t\t<meta property=\"article:publisher\" content=\"https:\/\/www.facebook.com\/p\/Fisioshop-Comrcio-de-Equipamentos-Lda-100036934916130\/\" \/>\n\t\t<meta name=\"twitter:card\" content=\"summary_large_image\" \/>\n\t\t<meta name=\"twitter:title\" content=\"BARRAS PARALELAS SIMPLES C\/TELA ANTI-DERRAPANTE - Fisio-shop\" \/>\n\t\t<meta name=\"twitter:description\" content=\"Barras paralelas simples com bases de metal revestidas a tela anti-derrapante e regul\u00e1veis em altura com 5 posi\u00e7\u00f5es.\" \/>\n\t\t<meta name=\"twitter:image\" content=\"https:\/\/fisio-shop.pt\/wp-content\/uploads\/2026\/04\/android-chrome-192x192-1.png\" \/>\n\t\t<script type=\"application\/ld+json\" class=\"aioseo-schema\">\n\t\t\t{\"@context\":\"https:\\\/\\\/schema.org\",\"@graph\":[{\"@type\":\"BreadcrumbList\",\"@id\":\"https:\\\/\\\/fisio-shop.pt\\\/?product=barras-paralelas-simples-c-tela-anti-derrapante#breadcrumblist\",\"itemListElement\":[{\"@type\":\"ListItem\",\"@id\":\"https:\\\/\\\/fisio-shop.pt#listItem\",\"position\":1,\"name\":\"Home\",\"item\":\"https:\\\/\\\/fisio-shop.pt\",\"nextItem\":{\"@type\":\"ListItem\",\"@id\":\"https:\\\/\\\/fisio-shop.pt\\\/?page_id=5#listItem\",\"name\":\"Loja\"}},{\"@type\":\"ListItem\",\"@id\":\"https:\\\/\\\/fisio-shop.pt\\\/?page_id=5#listItem\",\"position\":2,\"name\":\"Loja\",\"item\":\"https:\\\/\\\/fisio-shop.pt\\\/?page_id=5\",\"nextItem\":{\"@type\":\"ListItem\",\"@id\":\"https:\\\/\\\/fisio-shop.pt\\\/?product_cat=saude#listItem\",\"name\":\"Sa\\u00fade\"},\"previousItem\":{\"@type\":\"ListItem\",\"@id\":\"https:\\\/\\\/fisio-shop.pt#listItem\",\"name\":\"Home\"}},{\"@type\":\"ListItem\",\"@id\":\"https:\\\/\\\/fisio-shop.pt\\\/?product_cat=saude#listItem\",\"position\":3,\"name\":\"Sa\\u00fade\",\"item\":\"https:\\\/\\\/fisio-shop.pt\\\/?product_cat=saude\",\"nextItem\":{\"@type\":\"ListItem\",\"@id\":\"https:\\\/\\\/fisio-shop.pt\\\/?product_cat=equipamentos-para-medicina-fisica-e-reabilitacao#listItem\",\"name\":\"Equipamentos para medicina f\\u00edsica e reabilita\\u00e7\\u00e3o\"},\"previousItem\":{\"@type\":\"ListItem\",\"@id\":\"https:\\\/\\\/fisio-shop.pt\\\/?page_id=5#listItem\",\"name\":\"Loja\"}},{\"@type\":\"ListItem\",\"@id\":\"https:\\\/\\\/fisio-shop.pt\\\/?product_cat=equipamentos-para-medicina-fisica-e-reabilitacao#listItem\",\"position\":4,\"name\":\"Equipamentos para medicina f\\u00edsica e reabilita\\u00e7\\u00e3o\",\"item\":\"https:\\\/\\\/fisio-shop.pt\\\/?product_cat=equipamentos-para-medicina-fisica-e-reabilitacao\",\"nextItem\":{\"@type\":\"ListItem\",\"@id\":\"https:\\\/\\\/fisio-shop.pt\\\/?product_cat=cinesioterapia-medicina-fisica-e-de-reabilitacao#listItem\",\"name\":\"Cinesioterapia\"},\"previousItem\":{\"@type\":\"ListItem\",\"@id\":\"https:\\\/\\\/fisio-shop.pt\\\/?product_cat=saude#listItem\",\"name\":\"Sa\\u00fade\"}},{\"@type\":\"ListItem\",\"@id\":\"https:\\\/\\\/fisio-shop.pt\\\/?product_cat=cinesioterapia-medicina-fisica-e-de-reabilitacao#listItem\",\"position\":5,\"name\":\"Cinesioterapia\",\"item\":\"https:\\\/\\\/fisio-shop.pt\\\/?product_cat=cinesioterapia-medicina-fisica-e-de-reabilitacao\",\"nextItem\":{\"@type\":\"ListItem\",\"@id\":\"https:\\\/\\\/fisio-shop.pt\\\/?product_cat=marcha-treino-e-apoio-a-reabilitacaocinesioterapia#listItem\",\"name\":\"Marcha, treino e apoio \\u00e0 reabilita\\u00e7\\u00e3o\"},\"previousItem\":{\"@type\":\"ListItem\",\"@id\":\"https:\\\/\\\/fisio-shop.pt\\\/?product_cat=equipamentos-para-medicina-fisica-e-reabilitacao#listItem\",\"name\":\"Equipamentos para medicina f\\u00edsica e reabilita\\u00e7\\u00e3o\"}},{\"@type\":\"ListItem\",\"@id\":\"https:\\\/\\\/fisio-shop.pt\\\/?product_cat=marcha-treino-e-apoio-a-reabilitacaocinesioterapia#listItem\",\"position\":6,\"name\":\"Marcha, treino e apoio \\u00e0 reabilita\\u00e7\\u00e3o\",\"item\":\"https:\\\/\\\/fisio-shop.pt\\\/?product_cat=marcha-treino-e-apoio-a-reabilitacaocinesioterapia\",\"nextItem\":{\"@type\":\"ListItem\",\"@id\":\"https:\\\/\\\/fisio-shop.pt\\\/?product=barras-paralelas-simples-c-tela-anti-derrapante#listItem\",\"name\":\"BARRAS PARALELAS SIMPLES C\\\/TELA ANTI-DERRAPANTE\"},\"previousItem\":{\"@type\":\"ListItem\",\"@id\":\"https:\\\/\\\/fisio-shop.pt\\\/?product_cat=cinesioterapia-medicina-fisica-e-de-reabilitacao#listItem\",\"name\":\"Cinesioterapia\"}},{\"@type\":\"ListItem\",\"@id\":\"https:\\\/\\\/fisio-shop.pt\\\/?product=barras-paralelas-simples-c-tela-anti-derrapante#listItem\",\"position\":7,\"name\":\"BARRAS PARALELAS SIMPLES C\\\/TELA ANTI-DERRAPANTE\",\"previousItem\":{\"@type\":\"ListItem\",\"@id\":\"https:\\\/\\\/fisio-shop.pt\\\/?product_cat=marcha-treino-e-apoio-a-reabilitacaocinesioterapia#listItem\",\"name\":\"Marcha, treino e apoio \\u00e0 reabilita\\u00e7\\u00e3o\"}}]},{\"@type\":\"Organization\",\"@id\":\"https:\\\/\\\/fisio-shop.pt\\\/#organization\",\"name\":\"Fisio-shop\",\"description\":\"Empresa especializada na distribui\\u00e7\\u00e3o de equipamentos profissionais para os mercados da Fisioterapia, Geriatria, Fitness e Medicina Desportiva. Empresa especializada na distribui\\u00e7\\u00e3o de equipamentos profissionais para os mercados da Fisioterapia, Geriatria, Fitness e Medicina Desportiva.\",\"url\":\"https:\\\/\\\/fisio-shop.pt\\\/\",\"logo\":{\"@type\":\"ImageObject\",\"url\":\"https:\\\/\\\/fisio-shop.pt\\\/wp-content\\\/uploads\\\/2026\\\/04\\\/android-chrome-192x192-1.png\",\"@id\":\"https:\\\/\\\/fisio-shop.pt\\\/?product=barras-paralelas-simples-c-tela-anti-derrapante\\\/#organizationLogo\"},\"image\":{\"@id\":\"https:\\\/\\\/fisio-shop.pt\\\/?product=barras-paralelas-simples-c-tela-anti-derrapante\\\/#organizationLogo\"},\"sameAs\":[\"https:\\\/\\\/www.facebook.com\\\/p\\\/Fisioshop-Comrcio-de-Equipamentos-Lda-100036934916130\\\/\"]},{\"@type\":\"Product\",\"@id\":\"https:\\\/\\\/fisio-shop.pt\\\/?product=barras-paralelas-simples-c-tela-anti-derrapante#wooCommerceProduct\",\"name\":\"BARRAS PARALELAS SIMPLES C\\\/TELA ANTI-DERRAPANTE\",\"description\":\"Barras paralelas simples com bases de metal revestidas a tela anti-derrapante e regul\\u00e1veis em altura com 5 posi\\u00e7\\u00f5es.\\n\\n&nbsp;\",\"url\":\"https:\\\/\\\/fisio-shop.pt\\\/?product=barras-paralelas-simples-c-tela-anti-derrapante\",\"sku\":\"MOB0058\",\"image\":{\"@type\":\"ImageObject\",\"url\":\"https:\\\/\\\/fisio-shop.pt\\\/wp-content\\\/uploads\\\/2026\\\/02\\\/HCS-BARRAS-PARALELAS-1.jpg\",\"@id\":\"https:\\\/\\\/fisio-shop.pt\\\/?product=barras-paralelas-simples-c-tela-anti-derrapante\\\/#productImage\",\"width\":2500,\"height\":1406},\"offers\":{\"@type\":\"Offer\",\"url\":\"https:\\\/\\\/fisio-shop.pt\\\/?product=barras-paralelas-simples-c-tela-anti-derrapante#wooCommerceOffer\",\"price\":563.44,\"priceCurrency\":\"EUR\",\"category\":\"Sa\\u00fade\",\"availability\":\"https:\\\/\\\/schema.org\\\/InStock\",\"priceSpecification\":{\"@type\":\"PriceSpecification\",\"price\":563.44,\"priceCurrency\":\"EUR\",\"valueAddedTaxIncluded\":\"true\"},\"seller\":{\"@type\":\"Organization\",\"@id\":\"https:\\\/\\\/fisio-shop.pt\\\/#organization\"}}},{\"@type\":\"WebPage\",\"@id\":\"https:\\\/\\\/fisio-shop.pt\\\/?product=barras-paralelas-simples-c-tela-anti-derrapante#webpage\",\"url\":\"https:\\\/\\\/fisio-shop.pt\\\/?product=barras-paralelas-simples-c-tela-anti-derrapante\",\"name\":\"BARRAS PARALELAS SIMPLES C\\\/TELA ANTI-DERRAPANTE - Fisio-shop\",\"description\":\"Barras paralelas simples com bases de metal revestidas a tela anti-derrapante e regul\\u00e1veis em altura com 5 posi\\u00e7\\u00f5es.\",\"inLanguage\":\"pt-PT\",\"isPartOf\":{\"@id\":\"https:\\\/\\\/fisio-shop.pt\\\/#website\"},\"breadcrumb\":{\"@id\":\"https:\\\/\\\/fisio-shop.pt\\\/?product=barras-paralelas-simples-c-tela-anti-derrapante#breadcrumblist\"},\"image\":{\"@type\":\"ImageObject\",\"url\":\"https:\\\/\\\/fisio-shop.pt\\\/wp-content\\\/uploads\\\/2026\\\/02\\\/HCS-BARRAS-PARALELAS-1.jpg\",\"@id\":\"https:\\\/\\\/fisio-shop.pt\\\/?product=barras-paralelas-simples-c-tela-anti-derrapante\\\/#mainImage\",\"width\":2500,\"height\":1406},\"primaryImageOfPage\":{\"@id\":\"https:\\\/\\\/fisio-shop.pt\\\/?product=barras-paralelas-simples-c-tela-anti-derrapante#mainImage\"},\"datePublished\":\"2018-01-26T12:29:36+00:00\",\"dateModified\":\"2026-02-25T20:02:31+00:00\"},{\"@type\":\"WebSite\",\"@id\":\"https:\\\/\\\/fisio-shop.pt\\\/#website\",\"url\":\"https:\\\/\\\/fisio-shop.pt\\\/\",\"name\":\"Fisio-shop\",\"description\":\"Empresa especializada na distribui\\u00e7\\u00e3o de equipamentos profissionais para os mercados da Fisioterapia, Geriatria, Fitness e Medicina Desportiva.\",\"inLanguage\":\"pt-PT\",\"publisher\":{\"@id\":\"https:\\\/\\\/fisio-shop.pt\\\/#organization\"}}]}\n\t\t<\/script>\n\t\t<!-- All in One SEO Pro -->\r\n\t\t<title>BARRAS PARALELAS SIMPLES C\/TELA ANTI-DERRAPANTE - Fisio-shop<\/title>\n\n","aioseo_head_json":{"title":"BARRAS PARALELAS SIMPLES C\/TELA ANTI-DERRAPANTE - Fisio-shop","description":"Barras paralelas simples com bases de metal revestidas a tela anti-derrapante e regul\u00e1veis em altura com 5 posi\u00e7\u00f5es.","canonical_url":"https:\/\/fisio-shop.pt\/?product=barras-paralelas-simples-c-tela-anti-derrapante","robots":"max-image-preview:large","keywords":"","webmasterTools":{"miscellaneous":""},"schema":{"@context":"https:\/\/schema.org","@graph":[{"@type":"BreadcrumbList","@id":"https:\/\/fisio-shop.pt\/?product=barras-paralelas-simples-c-tela-anti-derrapante#breadcrumblist","itemListElement":[{"@type":"ListItem","@id":"https:\/\/fisio-shop.pt#listItem","position":1,"name":"Home","item":"https:\/\/fisio-shop.pt","nextItem":{"@type":"ListItem","@id":"https:\/\/fisio-shop.pt\/?page_id=5#listItem","name":"Loja"}},{"@type":"ListItem","@id":"https:\/\/fisio-shop.pt\/?page_id=5#listItem","position":2,"name":"Loja","item":"https:\/\/fisio-shop.pt\/?page_id=5","nextItem":{"@type":"ListItem","@id":"https:\/\/fisio-shop.pt\/?product_cat=saude#listItem","name":"Sa\u00fade"},"previousItem":{"@type":"ListItem","@id":"https:\/\/fisio-shop.pt#listItem","name":"Home"}},{"@type":"ListItem","@id":"https:\/\/fisio-shop.pt\/?product_cat=saude#listItem","position":3,"name":"Sa\u00fade","item":"https:\/\/fisio-shop.pt\/?product_cat=saude","nextItem":{"@type":"ListItem","@id":"https:\/\/fisio-shop.pt\/?product_cat=equipamentos-para-medicina-fisica-e-reabilitacao#listItem","name":"Equipamentos para medicina f\u00edsica e reabilita\u00e7\u00e3o"},"previousItem":{"@type":"ListItem","@id":"https:\/\/fisio-shop.pt\/?page_id=5#listItem","name":"Loja"}},{"@type":"ListItem","@id":"https:\/\/fisio-shop.pt\/?product_cat=equipamentos-para-medicina-fisica-e-reabilitacao#listItem","position":4,"name":"Equipamentos para medicina f\u00edsica e reabilita\u00e7\u00e3o","item":"https:\/\/fisio-shop.pt\/?product_cat=equipamentos-para-medicina-fisica-e-reabilitacao","nextItem":{"@type":"ListItem","@id":"https:\/\/fisio-shop.pt\/?product_cat=cinesioterapia-medicina-fisica-e-de-reabilitacao#listItem","name":"Cinesioterapia"},"previousItem":{"@type":"ListItem","@id":"https:\/\/fisio-shop.pt\/?product_cat=saude#listItem","name":"Sa\u00fade"}},{"@type":"ListItem","@id":"https:\/\/fisio-shop.pt\/?product_cat=cinesioterapia-medicina-fisica-e-de-reabilitacao#listItem","position":5,"name":"Cinesioterapia","item":"https:\/\/fisio-shop.pt\/?product_cat=cinesioterapia-medicina-fisica-e-de-reabilitacao","nextItem":{"@type":"ListItem","@id":"https:\/\/fisio-shop.pt\/?product_cat=marcha-treino-e-apoio-a-reabilitacaocinesioterapia#listItem","name":"Marcha, treino e apoio \u00e0 reabilita\u00e7\u00e3o"},"previousItem":{"@type":"ListItem","@id":"https:\/\/fisio-shop.pt\/?product_cat=equipamentos-para-medicina-fisica-e-reabilitacao#listItem","name":"Equipamentos para medicina f\u00edsica e reabilita\u00e7\u00e3o"}},{"@type":"ListItem","@id":"https:\/\/fisio-shop.pt\/?product_cat=marcha-treino-e-apoio-a-reabilitacaocinesioterapia#listItem","position":6,"name":"Marcha, treino e apoio \u00e0 reabilita\u00e7\u00e3o","item":"https:\/\/fisio-shop.pt\/?product_cat=marcha-treino-e-apoio-a-reabilitacaocinesioterapia","nextItem":{"@type":"ListItem","@id":"https:\/\/fisio-shop.pt\/?product=barras-paralelas-simples-c-tela-anti-derrapante#listItem","name":"BARRAS PARALELAS SIMPLES C\/TELA ANTI-DERRAPANTE"},"previousItem":{"@type":"ListItem","@id":"https:\/\/fisio-shop.pt\/?product_cat=cinesioterapia-medicina-fisica-e-de-reabilitacao#listItem","name":"Cinesioterapia"}},{"@type":"ListItem","@id":"https:\/\/fisio-shop.pt\/?product=barras-paralelas-simples-c-tela-anti-derrapante#listItem","position":7,"name":"BARRAS PARALELAS SIMPLES C\/TELA ANTI-DERRAPANTE","previousItem":{"@type":"ListItem","@id":"https:\/\/fisio-shop.pt\/?product_cat=marcha-treino-e-apoio-a-reabilitacaocinesioterapia#listItem","name":"Marcha, treino e apoio \u00e0 reabilita\u00e7\u00e3o"}}]},{"@type":"Organization","@id":"https:\/\/fisio-shop.pt\/#organization","name":"Fisio-shop","description":"Empresa especializada na distribui\u00e7\u00e3o de equipamentos profissionais para os mercados da Fisioterapia, Geriatria, Fitness e Medicina Desportiva. Empresa especializada na distribui\u00e7\u00e3o de equipamentos profissionais para os mercados da Fisioterapia, Geriatria, Fitness e Medicina Desportiva.","url":"https:\/\/fisio-shop.pt\/","logo":{"@type":"ImageObject","url":"https:\/\/fisio-shop.pt\/wp-content\/uploads\/2026\/04\/android-chrome-192x192-1.png","@id":"https:\/\/fisio-shop.pt\/?product=barras-paralelas-simples-c-tela-anti-derrapante\/#organizationLogo"},"image":{"@id":"https:\/\/fisio-shop.pt\/?product=barras-paralelas-simples-c-tela-anti-derrapante\/#organizationLogo"},"sameAs":["https:\/\/www.facebook.com\/p\/Fisioshop-Comrcio-de-Equipamentos-Lda-100036934916130\/"]},{"@type":"Product","@id":"https:\/\/fisio-shop.pt\/?product=barras-paralelas-simples-c-tela-anti-derrapante#wooCommerceProduct","name":"BARRAS PARALELAS SIMPLES C\/TELA ANTI-DERRAPANTE","description":"Barras paralelas simples com bases de metal revestidas a tela anti-derrapante e regul\u00e1veis em altura com 5 posi\u00e7\u00f5es.\n\n&nbsp;","url":"https:\/\/fisio-shop.pt\/?product=barras-paralelas-simples-c-tela-anti-derrapante","sku":"MOB0058","image":{"@type":"ImageObject","url":"https:\/\/fisio-shop.pt\/wp-content\/uploads\/2026\/02\/HCS-BARRAS-PARALELAS-1.jpg","@id":"https:\/\/fisio-shop.pt\/?product=barras-paralelas-simples-c-tela-anti-derrapante\/#productImage","width":2500,"height":1406},"offers":{"@type":"Offer","url":"https:\/\/fisio-shop.pt\/?product=barras-paralelas-simples-c-tela-anti-derrapante#wooCommerceOffer","price":563.44,"priceCurrency":"EUR","category":"Sa\u00fade","availability":"https:\/\/schema.org\/InStock","priceSpecification":{"@type":"PriceSpecification","price":563.44,"priceCurrency":"EUR","valueAddedTaxIncluded":"true"},"seller":{"@type":"Organization","@id":"https:\/\/fisio-shop.pt\/#organization"}}},{"@type":"WebPage","@id":"https:\/\/fisio-shop.pt\/?product=barras-paralelas-simples-c-tela-anti-derrapante#webpage","url":"https:\/\/fisio-shop.pt\/?product=barras-paralelas-simples-c-tela-anti-derrapante","name":"BARRAS PARALELAS SIMPLES C\/TELA ANTI-DERRAPANTE - Fisio-shop","description":"Barras paralelas simples com bases de metal revestidas a tela anti-derrapante e regul\u00e1veis em altura com 5 posi\u00e7\u00f5es.","inLanguage":"pt-PT","isPartOf":{"@id":"https:\/\/fisio-shop.pt\/#website"},"breadcrumb":{"@id":"https:\/\/fisio-shop.pt\/?product=barras-paralelas-simples-c-tela-anti-derrapante#breadcrumblist"},"image":{"@type":"ImageObject","url":"https:\/\/fisio-shop.pt\/wp-content\/uploads\/2026\/02\/HCS-BARRAS-PARALELAS-1.jpg","@id":"https:\/\/fisio-shop.pt\/?product=barras-paralelas-simples-c-tela-anti-derrapante\/#mainImage","width":2500,"height":1406},"primaryImageOfPage":{"@id":"https:\/\/fisio-shop.pt\/?product=barras-paralelas-simples-c-tela-anti-derrapante#mainImage"},"datePublished":"2018-01-26T12:29:36+00:00","dateModified":"2026-02-25T20:02:31+00:00"},{"@type":"WebSite","@id":"https:\/\/fisio-shop.pt\/#website","url":"https:\/\/fisio-shop.pt\/","name":"Fisio-shop","description":"Empresa especializada na distribui\u00e7\u00e3o de equipamentos profissionais para os mercados da Fisioterapia, Geriatria, Fitness e Medicina Desportiva.","inLanguage":"pt-PT","publisher":{"@id":"https:\/\/fisio-shop.pt\/#organization"}}]},"og:locale":"pt_PT","og:site_name":"Fisio-shop - Empresa especializada na distribui\u00e7\u00e3o de equipamentos profissionais para os mercados da Fisioterapia, Geriatria, Fitness e Medicina Desportiva.","og:type":"article","og:title":"BARRAS PARALELAS SIMPLES C\/TELA ANTI-DERRAPANTE - Fisio-shop","og:description":"Barras paralelas simples com bases de metal revestidas a tela anti-derrapante e regul\u00e1veis em altura com 5 posi\u00e7\u00f5es.","og:url":"https:\/\/fisio-shop.pt\/?product=barras-paralelas-simples-c-tela-anti-derrapante","og:image":"https:\/\/fisio-shop.pt\/wp-content\/uploads\/2026\/04\/android-chrome-192x192-1.png","og:image:secure_url":"https:\/\/fisio-shop.pt\/wp-content\/uploads\/2026\/04\/android-chrome-192x192-1.png","article:published_time":"2018-01-26T12:29:36+00:00","article:modified_time":"2026-02-25T20:02:31+00:00","article:publisher":"https:\/\/www.facebook.com\/p\/Fisioshop-Comrcio-de-Equipamentos-Lda-100036934916130\/","twitter:card":"summary_large_image","twitter:title":"BARRAS PARALELAS SIMPLES C\/TELA ANTI-DERRAPANTE - Fisio-shop","twitter:description":"Barras paralelas simples com bases de metal revestidas a tela anti-derrapante e regul\u00e1veis em altura com 5 posi\u00e7\u00f5es.","twitter:image":"https:\/\/fisio-shop.pt\/wp-content\/uploads\/2026\/04\/android-chrome-192x192-1.png"},"aioseo_meta_data":{"post_id":"9805","title":null,"description":null,"keywords":null,"keyphrases":null,"primary_term":null,"canonical_url":null,"og_title":null,"og_description":null,"og_object_type":"default","og_image_type":"default","og_image_url":null,"og_image_width":null,"og_image_height":null,"og_image_custom_url":null,"og_image_custom_fields":null,"og_video":null,"og_custom_url":null,"og_article_section":null,"og_article_tags":null,"twitter_use_og":false,"twitter_card":"default","twitter_image_type":"default","twitter_image_url":null,"twitter_image_custom_url":null,"twitter_image_custom_fields":null,"twitter_title":null,"twitter_description":null,"schema":{"blockGraphs":[],"customGraphs":[],"default":{"data":{"Article":[],"Course":[],"Dataset":[],"FAQPage":[],"Movie":[],"Person":[],"Product":[],"ProductReview":[],"Car":[],"Recipe":[],"Service":[],"SoftwareApplication":[],"WebPage":[]},"graphName":"","isEnabled":true},"graphs":[]},"schema_type":"default","schema_type_options":null,"pillar_content":false,"robots_default":true,"robots_noindex":false,"robots_noarchive":false,"robots_nosnippet":false,"robots_nofollow":false,"robots_noimageindex":false,"robots_noodp":false,"robots_notranslate":false,"robots_max_snippet":null,"robots_max_videopreview":null,"robots_max_imagepreview":"large","priority":null,"frequency":null,"local_seo":null,"seo_analyzer_scan_date":"2026-04-18 07:38:12","breadcrumb_settings":null,"limit_modified_date":false,"open_ai":null,"ai":null,"created":"2026-04-18 07:02:19","updated":"2026-04-18 22:22:17"},"aioseo_breadcrumb":"<div class=\"aioseo-breadcrumbs\"><span class=\"aioseo-breadcrumb\">\n\t<a href=\"https:\/\/fisio-shop.pt\" title=\"Home\">Home<\/a>\n<\/span><span class=\"aioseo-breadcrumb-separator\">\u00bb<\/span><span class=\"aioseo-breadcrumb\">\n\t<a href=\"https:\/\/fisio-shop.pt\/?page_id=5\" title=\"Loja\">Loja<\/a>\n<\/span><span class=\"aioseo-breadcrumb-separator\">\u00bb<\/span><span class=\"aioseo-breadcrumb\">\n\t<a href=\"https:\/\/fisio-shop.pt\/?product_cat=saude\" title=\"Sa\u00fade\">Sa\u00fade<\/a>\n<\/span><span class=\"aioseo-breadcrumb-separator\">\u00bb<\/span><span class=\"aioseo-breadcrumb\">\n\t<a href=\"https:\/\/fisio-shop.pt\/?product_cat=equipamentos-para-medicina-fisica-e-reabilitacao\" title=\"Equipamentos para medicina f\u00edsica e reabilita\u00e7\u00e3o\">Equipamentos para medicina f\u00edsica e reabilita\u00e7\u00e3o<\/a>\n<\/span><span class=\"aioseo-breadcrumb-separator\">\u00bb<\/span><span class=\"aioseo-breadcrumb\">\n\t<a href=\"https:\/\/fisio-shop.pt\/?product_cat=cinesioterapia-medicina-fisica-e-de-reabilitacao\" title=\"Cinesioterapia\">Cinesioterapia<\/a>\n<\/span><span class=\"aioseo-breadcrumb-separator\">\u00bb<\/span><span class=\"aioseo-breadcrumb\">\n\t<a href=\"https:\/\/fisio-shop.pt\/?product_cat=marcha-treino-e-apoio-a-reabilitacaocinesioterapia\" title=\"Marcha, treino e apoio \u00e0 reabilita\u00e7\u00e3o\">Marcha, treino e apoio \u00e0 reabilita\u00e7\u00e3o<\/a>\n<\/span><span class=\"aioseo-breadcrumb-separator\">\u00bb<\/span><span class=\"aioseo-breadcrumb\">\n\tBARRAS PARALELAS SIMPLES C\/TELA ANTI-DERRAPANTE\n<\/span><\/div>","aioseo_breadcrumb_json":[{"label":"Home","link":"https:\/\/fisio-shop.pt"},{"label":"Loja","link":"https:\/\/fisio-shop.pt\/?page_id=5"},{"label":"Sa\u00fade","link":"https:\/\/fisio-shop.pt\/?product_cat=saude"},{"label":"Equipamentos para medicina f\u00edsica e reabilita\u00e7\u00e3o","link":"https:\/\/fisio-shop.pt\/?product_cat=equipamentos-para-medicina-fisica-e-reabilitacao"},{"label":"Cinesioterapia","link":"https:\/\/fisio-shop.pt\/?product_cat=cinesioterapia-medicina-fisica-e-de-reabilitacao"},{"label":"Marcha, treino e apoio \u00e0 reabilita\u00e7\u00e3o","link":"https:\/\/fisio-shop.pt\/?product_cat=marcha-treino-e-apoio-a-reabilitacaocinesioterapia"},{"label":"BARRAS PARALELAS SIMPLES C\/TELA ANTI-DERRAPANTE","link":"https:\/\/fisio-shop.pt\/?product=barras-paralelas-simples-c-tela-anti-derrapante"}],"_links":{"self":[{"href":"https:\/\/fisio-shop.pt\/index.php?rest_route=\/wp\/v2\/product\/9805","targetHints":{"allow":["GET"]}}],"collection":[{"href":"https:\/\/fisio-shop.pt\/index.php?rest_route=\/wp\/v2\/product"}],"about":[{"href":"https:\/\/fisio-shop.pt\/index.php?rest_route=\/wp\/v2\/types\/product"}],"replies":[{"embeddable":true,"href":"https:\/\/fisio-shop.pt\/index.php?rest_route=%2Fwp%2Fv2%2Fcomments&post=9805"}],"version-history":[{"count":0,"href":"https:\/\/fisio-shop.pt\/index.php?rest_route=\/wp\/v2\/product\/9805\/revisions"}],"wp:featuredmedia":[{"embeddable":true,"href":"https:\/\/fisio-shop.pt\/index.php?rest_route=\/wp\/v2\/media\/12041"}],"wp:attachment":[{"href":"https:\/\/fisio-shop.pt\/index.php?rest_route=%2Fwp%2Fv2%2Fmedia&parent=9805"}],"wp:term":[{"taxonomy":"product_brand","embeddable":true,"href":"https:\/\/fisio-shop.pt\/index.php?rest_route=%2Fwp%2Fv2%2Fproduct_brand&post=9805"},{"taxonomy":"product_cat","embeddable":true,"href":"https:\/\/fisio-shop.pt\/index.php?rest_route=%2Fwp%2Fv2%2Fproduct_cat&post=9805"},{"taxonomy":"product_tag","embeddable":true,"href":"https:\/\/fisio-shop.pt\/index.php?rest_route=%2Fwp%2Fv2%2Fproduct_tag&post=9805"}],"curies":[{"name":"wp","href":"https:\/\/api.w.org\/{rel}","templated":true}]}}