{"id":9856,"date":"2018-04-26T15:26:07","date_gmt":"2018-04-26T15:26:07","guid":{"rendered":"https:\/\/fisio-shop.pt\/loja\/candeeiro-halogeneo-haste-flexivel\/"},"modified":"2026-02-25T20:02:50","modified_gmt":"2026-02-25T20:02:50","slug":"candeeiro-halogeneo-haste-flexivel","status":"publish","type":"product","link":"https:\/\/fisio-shop.pt\/?product=candeeiro-halogeneo-haste-flexivel","title":{"rendered":"CANDEEIRO DE HALOG\u00c9NEO COM HASTE FLEXIVEL"},"content":{"rendered":"<ul>\n<li>Candeeiro de haste flex\u00edvel ajust\u00e1vel em altura;<\/li>\n<li>Estrutura em tubo de a\u00e7o macio;<\/li>\n<li>Pintura epoxy;<\/li>\n<li>Base em poliamida com 5 rodas;<\/li>\n<li>Dimens\u00f5es: \u00f8 607x (1000 a 1750) mm;<\/li>\n<li>Peso: 3.5Kg.<\/li>\n<li><strong>L\u00e2mpada n\u00e3o inclu\u00edda.<\/strong><\/li>\n<\/ul>\n","protected":false},"excerpt":{"rendered":"<p>Candeeiro de halog\u00e9neo para exames com haste flex\u00edvel.<\/p>\n","protected":false},"featured_media":12091,"comment_status":"open","ping_status":"closed","template":"","meta":{"rs_blank_template":"","rs_page_bg_color":"","slide_template_v7":""},"product_brand":[],"product_cat":[1582,1584,1397,1398,1460,1477,1480,1556],"product_tag":[546,547,548],"class_list":{"0":"post-9856","1":"product","2":"type-product","3":"status-publish","4":"has-post-thumbnail","6":"product_cat-candeeiros-e-lupas","7":"product_cat-candeeiros-articulados","8":"product_cat-saude","9":"product_cat-geriatria","10":"product_cat-equipamento-clinico-hospitalar-e-de-enfermagem","11":"product_cat-equipamento-e-mobiliario-clinico","12":"product_cat-candeeiros","13":"product_cat-gabinete-medico-e-de-enfermagem","14":"product_tag-braco-flexivel","15":"product_tag-candeeiro-de-halogeneo","16":"product_tag-candeeiro-para-exames","18":"first","19":"instock","20":"shipping-taxable","21":"purchasable","22":"product-type-simple"},"aioseo_notices":[],"etheme_brands":{"errors":{"invalid_taxonomy":["Taxonomia inv\u00e1lida."]},"error_data":[]},"aioseo_head":"\n\t\t<!-- All in One SEO Pro 4.9.0 - aioseo.com -->\n\t<meta name=\"description\" content=\"Candeeiro de halog\u00e9neo para exames com haste flex\u00edvel.\" \/>\n\t<meta name=\"robots\" content=\"max-image-preview:large\" \/>\n\t<link rel=\"canonical\" href=\"https:\/\/fisio-shop.pt\/?product=candeeiro-halogeneo-haste-flexivel\" \/>\n\t<meta name=\"generator\" content=\"All in One SEO Pro (AIOSEO) 4.9.0\" \/>\n\t\t<meta property=\"og:locale\" content=\"pt_PT\" \/>\n\t\t<meta property=\"og:site_name\" content=\"Fisio-shop - Empresa especializada na distribui\u00e7\u00e3o de equipamentos profissionais para os mercados da Fisioterapia, Geriatria, Fitness e Medicina Desportiva.\" \/>\n\t\t<meta property=\"og:type\" content=\"article\" \/>\n\t\t<meta property=\"og:title\" content=\"CANDEEIRO DE HALOG\u00c9NEO COM HASTE FLEXIVEL - Fisio-shop\" \/>\n\t\t<meta property=\"og:description\" content=\"Candeeiro de halog\u00e9neo para exames com haste flex\u00edvel.\" \/>\n\t\t<meta property=\"og:url\" content=\"https:\/\/fisio-shop.pt\/?product=candeeiro-halogeneo-haste-flexivel\" \/>\n\t\t<meta property=\"og:image\" content=\"https:\/\/fisio-shop.pt\/wp-content\/uploads\/2026\/04\/android-chrome-192x192-1.png\" \/>\n\t\t<meta property=\"og:image:secure_url\" content=\"https:\/\/fisio-shop.pt\/wp-content\/uploads\/2026\/04\/android-chrome-192x192-1.png\" \/>\n\t\t<meta property=\"article:published_time\" content=\"2018-04-26T15:26:07+00:00\" \/>\n\t\t<meta property=\"article:modified_time\" content=\"2026-02-25T20:02:50+00:00\" \/>\n\t\t<meta property=\"article:publisher\" content=\"https:\/\/www.facebook.com\/p\/Fisioshop-Comrcio-de-Equipamentos-Lda-100036934916130\/\" \/>\n\t\t<meta name=\"twitter:card\" content=\"summary_large_image\" \/>\n\t\t<meta name=\"twitter:title\" content=\"CANDEEIRO DE HALOG\u00c9NEO COM HASTE FLEXIVEL - Fisio-shop\" \/>\n\t\t<meta name=\"twitter:description\" content=\"Candeeiro de halog\u00e9neo para exames com haste flex\u00edvel.\" \/>\n\t\t<meta name=\"twitter:image\" content=\"https:\/\/fisio-shop.pt\/wp-content\/uploads\/2026\/04\/android-chrome-192x192-1.png\" \/>\n\t\t<script type=\"application\/ld+json\" class=\"aioseo-schema\">\n\t\t\t{\"@context\":\"https:\\\/\\\/schema.org\",\"@graph\":[{\"@type\":\"BreadcrumbList\",\"@id\":\"https:\\\/\\\/fisio-shop.pt\\\/?product=candeeiro-halogeneo-haste-flexivel#breadcrumblist\",\"itemListElement\":[{\"@type\":\"ListItem\",\"@id\":\"https:\\\/\\\/fisio-shop.pt#listItem\",\"position\":1,\"name\":\"Home\",\"item\":\"https:\\\/\\\/fisio-shop.pt\",\"nextItem\":{\"@type\":\"ListItem\",\"@id\":\"https:\\\/\\\/fisio-shop.pt\\\/?page_id=5#listItem\",\"name\":\"Loja\"}},{\"@type\":\"ListItem\",\"@id\":\"https:\\\/\\\/fisio-shop.pt\\\/?page_id=5#listItem\",\"position\":2,\"name\":\"Loja\",\"item\":\"https:\\\/\\\/fisio-shop.pt\\\/?page_id=5\",\"nextItem\":{\"@type\":\"ListItem\",\"@id\":\"https:\\\/\\\/fisio-shop.pt\\\/?product_cat=saude#listItem\",\"name\":\"Sa\\u00fade\"},\"previousItem\":{\"@type\":\"ListItem\",\"@id\":\"https:\\\/\\\/fisio-shop.pt#listItem\",\"name\":\"Home\"}},{\"@type\":\"ListItem\",\"@id\":\"https:\\\/\\\/fisio-shop.pt\\\/?product_cat=saude#listItem\",\"position\":3,\"name\":\"Sa\\u00fade\",\"item\":\"https:\\\/\\\/fisio-shop.pt\\\/?product_cat=saude\",\"nextItem\":{\"@type\":\"ListItem\",\"@id\":\"https:\\\/\\\/fisio-shop.pt\\\/?product_cat=equipamento-clinico-hospitalar-e-de-enfermagem#listItem\",\"name\":\"Equipamento cl\\u00ednico, hospitalar e de enfermagem\"},\"previousItem\":{\"@type\":\"ListItem\",\"@id\":\"https:\\\/\\\/fisio-shop.pt\\\/?page_id=5#listItem\",\"name\":\"Loja\"}},{\"@type\":\"ListItem\",\"@id\":\"https:\\\/\\\/fisio-shop.pt\\\/?product_cat=equipamento-clinico-hospitalar-e-de-enfermagem#listItem\",\"position\":4,\"name\":\"Equipamento cl\\u00ednico, hospitalar e de enfermagem\",\"item\":\"https:\\\/\\\/fisio-shop.pt\\\/?product_cat=equipamento-clinico-hospitalar-e-de-enfermagem\",\"nextItem\":{\"@type\":\"ListItem\",\"@id\":\"https:\\\/\\\/fisio-shop.pt\\\/?product_cat=equipamento-e-mobiliario-clinico#listItem\",\"name\":\"Equipamento e mobili\\u00e1rio cl\\u00ednico\"},\"previousItem\":{\"@type\":\"ListItem\",\"@id\":\"https:\\\/\\\/fisio-shop.pt\\\/?product_cat=saude#listItem\",\"name\":\"Sa\\u00fade\"}},{\"@type\":\"ListItem\",\"@id\":\"https:\\\/\\\/fisio-shop.pt\\\/?product_cat=equipamento-e-mobiliario-clinico#listItem\",\"position\":5,\"name\":\"Equipamento e mobili\\u00e1rio cl\\u00ednico\",\"item\":\"https:\\\/\\\/fisio-shop.pt\\\/?product_cat=equipamento-e-mobiliario-clinico\",\"nextItem\":{\"@type\":\"ListItem\",\"@id\":\"https:\\\/\\\/fisio-shop.pt\\\/?product_cat=candeeiros#listItem\",\"name\":\"Candeeiros\"},\"previousItem\":{\"@type\":\"ListItem\",\"@id\":\"https:\\\/\\\/fisio-shop.pt\\\/?product_cat=equipamento-clinico-hospitalar-e-de-enfermagem#listItem\",\"name\":\"Equipamento cl\\u00ednico, hospitalar e de enfermagem\"}},{\"@type\":\"ListItem\",\"@id\":\"https:\\\/\\\/fisio-shop.pt\\\/?product_cat=candeeiros#listItem\",\"position\":6,\"name\":\"Candeeiros\",\"item\":\"https:\\\/\\\/fisio-shop.pt\\\/?product_cat=candeeiros\",\"nextItem\":{\"@type\":\"ListItem\",\"@id\":\"https:\\\/\\\/fisio-shop.pt\\\/?product=candeeiro-halogeneo-haste-flexivel#listItem\",\"name\":\"CANDEEIRO DE HALOG\\u00c9NEO COM HASTE FLEXIVEL\"},\"previousItem\":{\"@type\":\"ListItem\",\"@id\":\"https:\\\/\\\/fisio-shop.pt\\\/?product_cat=equipamento-e-mobiliario-clinico#listItem\",\"name\":\"Equipamento e mobili\\u00e1rio cl\\u00ednico\"}},{\"@type\":\"ListItem\",\"@id\":\"https:\\\/\\\/fisio-shop.pt\\\/?product=candeeiro-halogeneo-haste-flexivel#listItem\",\"position\":7,\"name\":\"CANDEEIRO DE HALOG\\u00c9NEO COM HASTE FLEXIVEL\",\"previousItem\":{\"@type\":\"ListItem\",\"@id\":\"https:\\\/\\\/fisio-shop.pt\\\/?product_cat=candeeiros#listItem\",\"name\":\"Candeeiros\"}}]},{\"@type\":\"Organization\",\"@id\":\"https:\\\/\\\/fisio-shop.pt\\\/#organization\",\"name\":\"Fisio-shop\",\"description\":\"Empresa especializada na distribui\\u00e7\\u00e3o de equipamentos profissionais para os mercados da Fisioterapia, Geriatria, Fitness e Medicina Desportiva. Empresa especializada na distribui\\u00e7\\u00e3o de equipamentos profissionais para os mercados da Fisioterapia, Geriatria, Fitness e Medicina Desportiva.\",\"url\":\"https:\\\/\\\/fisio-shop.pt\\\/\",\"logo\":{\"@type\":\"ImageObject\",\"url\":\"https:\\\/\\\/fisio-shop.pt\\\/wp-content\\\/uploads\\\/2026\\\/04\\\/android-chrome-192x192-1.png\",\"@id\":\"https:\\\/\\\/fisio-shop.pt\\\/?product=candeeiro-halogeneo-haste-flexivel\\\/#organizationLogo\"},\"image\":{\"@id\":\"https:\\\/\\\/fisio-shop.pt\\\/?product=candeeiro-halogeneo-haste-flexivel\\\/#organizationLogo\"},\"sameAs\":[\"https:\\\/\\\/www.facebook.com\\\/p\\\/Fisioshop-Comrcio-de-Equipamentos-Lda-100036934916130\\\/\"]},{\"@type\":\"Product\",\"@id\":\"https:\\\/\\\/fisio-shop.pt\\\/?product=candeeiro-halogeneo-haste-flexivel#wooCommerceProduct\",\"name\":\"CANDEEIRO DE HALOG\\u00c9NEO COM HASTE FLEXIVEL\",\"description\":\"Candeeiro de halog\\u00e9neo para exames com haste flex\\u00edvel.\",\"url\":\"https:\\\/\\\/fisio-shop.pt\\\/?product=candeeiro-halogeneo-haste-flexivel\",\"sku\":\"DIV0015\",\"image\":{\"@type\":\"ImageObject\",\"url\":\"https:\\\/\\\/fisio-shop.pt\\\/wp-content\\\/uploads\\\/2026\\\/02\\\/CANDEEIRO-HALOGENEO-DE-HASTE-FLEXIVEL-1.jpg\",\"@id\":\"https:\\\/\\\/fisio-shop.pt\\\/?product=candeeiro-halogeneo-haste-flexivel\\\/#productImage\",\"width\":208,\"height\":339},\"offers\":{\"@type\":\"Offer\",\"url\":\"https:\\\/\\\/fisio-shop.pt\\\/?product=candeeiro-halogeneo-haste-flexivel#wooCommerceOffer\",\"price\":160.43,\"priceCurrency\":\"EUR\",\"category\":\"Sa\\u00fade\",\"availability\":\"https:\\\/\\\/schema.org\\\/InStock\",\"priceSpecification\":{\"@type\":\"PriceSpecification\",\"price\":160.43,\"priceCurrency\":\"EUR\",\"valueAddedTaxIncluded\":\"true\"},\"seller\":{\"@type\":\"Organization\",\"@id\":\"https:\\\/\\\/fisio-shop.pt\\\/#organization\"}}},{\"@type\":\"WebPage\",\"@id\":\"https:\\\/\\\/fisio-shop.pt\\\/?product=candeeiro-halogeneo-haste-flexivel#webpage\",\"url\":\"https:\\\/\\\/fisio-shop.pt\\\/?product=candeeiro-halogeneo-haste-flexivel\",\"name\":\"CANDEEIRO DE HALOG\\u00c9NEO COM HASTE FLEXIVEL - Fisio-shop\",\"description\":\"Candeeiro de halog\\u00e9neo para exames com haste flex\\u00edvel.\",\"inLanguage\":\"pt-PT\",\"isPartOf\":{\"@id\":\"https:\\\/\\\/fisio-shop.pt\\\/#website\"},\"breadcrumb\":{\"@id\":\"https:\\\/\\\/fisio-shop.pt\\\/?product=candeeiro-halogeneo-haste-flexivel#breadcrumblist\"},\"image\":{\"@type\":\"ImageObject\",\"url\":\"https:\\\/\\\/fisio-shop.pt\\\/wp-content\\\/uploads\\\/2026\\\/02\\\/CANDEEIRO-HALOGENEO-DE-HASTE-FLEXIVEL-1.jpg\",\"@id\":\"https:\\\/\\\/fisio-shop.pt\\\/?product=candeeiro-halogeneo-haste-flexivel\\\/#mainImage\",\"width\":208,\"height\":339},\"primaryImageOfPage\":{\"@id\":\"https:\\\/\\\/fisio-shop.pt\\\/?product=candeeiro-halogeneo-haste-flexivel#mainImage\"},\"datePublished\":\"2018-04-26T15:26:07+00:00\",\"dateModified\":\"2026-02-25T20:02:50+00:00\"},{\"@type\":\"WebSite\",\"@id\":\"https:\\\/\\\/fisio-shop.pt\\\/#website\",\"url\":\"https:\\\/\\\/fisio-shop.pt\\\/\",\"name\":\"Fisio-shop\",\"description\":\"Empresa especializada na distribui\\u00e7\\u00e3o de equipamentos profissionais para os mercados da Fisioterapia, Geriatria, Fitness e Medicina Desportiva.\",\"inLanguage\":\"pt-PT\",\"publisher\":{\"@id\":\"https:\\\/\\\/fisio-shop.pt\\\/#organization\"}}]}\n\t\t<\/script>\n\t\t<!-- All in One SEO Pro -->\r\n\t\t<title>CANDEEIRO DE HALOG\u00c9NEO COM HASTE FLEXIVEL - Fisio-shop<\/title>\n\n","aioseo_head_json":{"title":"CANDEEIRO DE HALOG\u00c9NEO COM HASTE FLEXIVEL - Fisio-shop","description":"Candeeiro de halog\u00e9neo para exames com haste flex\u00edvel.","canonical_url":"https:\/\/fisio-shop.pt\/?product=candeeiro-halogeneo-haste-flexivel","robots":"max-image-preview:large","keywords":"","webmasterTools":{"miscellaneous":""},"schema":{"@context":"https:\/\/schema.org","@graph":[{"@type":"BreadcrumbList","@id":"https:\/\/fisio-shop.pt\/?product=candeeiro-halogeneo-haste-flexivel#breadcrumblist","itemListElement":[{"@type":"ListItem","@id":"https:\/\/fisio-shop.pt#listItem","position":1,"name":"Home","item":"https:\/\/fisio-shop.pt","nextItem":{"@type":"ListItem","@id":"https:\/\/fisio-shop.pt\/?page_id=5#listItem","name":"Loja"}},{"@type":"ListItem","@id":"https:\/\/fisio-shop.pt\/?page_id=5#listItem","position":2,"name":"Loja","item":"https:\/\/fisio-shop.pt\/?page_id=5","nextItem":{"@type":"ListItem","@id":"https:\/\/fisio-shop.pt\/?product_cat=saude#listItem","name":"Sa\u00fade"},"previousItem":{"@type":"ListItem","@id":"https:\/\/fisio-shop.pt#listItem","name":"Home"}},{"@type":"ListItem","@id":"https:\/\/fisio-shop.pt\/?product_cat=saude#listItem","position":3,"name":"Sa\u00fade","item":"https:\/\/fisio-shop.pt\/?product_cat=saude","nextItem":{"@type":"ListItem","@id":"https:\/\/fisio-shop.pt\/?product_cat=equipamento-clinico-hospitalar-e-de-enfermagem#listItem","name":"Equipamento cl\u00ednico, hospitalar e de enfermagem"},"previousItem":{"@type":"ListItem","@id":"https:\/\/fisio-shop.pt\/?page_id=5#listItem","name":"Loja"}},{"@type":"ListItem","@id":"https:\/\/fisio-shop.pt\/?product_cat=equipamento-clinico-hospitalar-e-de-enfermagem#listItem","position":4,"name":"Equipamento cl\u00ednico, hospitalar e de enfermagem","item":"https:\/\/fisio-shop.pt\/?product_cat=equipamento-clinico-hospitalar-e-de-enfermagem","nextItem":{"@type":"ListItem","@id":"https:\/\/fisio-shop.pt\/?product_cat=equipamento-e-mobiliario-clinico#listItem","name":"Equipamento e mobili\u00e1rio cl\u00ednico"},"previousItem":{"@type":"ListItem","@id":"https:\/\/fisio-shop.pt\/?product_cat=saude#listItem","name":"Sa\u00fade"}},{"@type":"ListItem","@id":"https:\/\/fisio-shop.pt\/?product_cat=equipamento-e-mobiliario-clinico#listItem","position":5,"name":"Equipamento e mobili\u00e1rio cl\u00ednico","item":"https:\/\/fisio-shop.pt\/?product_cat=equipamento-e-mobiliario-clinico","nextItem":{"@type":"ListItem","@id":"https:\/\/fisio-shop.pt\/?product_cat=candeeiros#listItem","name":"Candeeiros"},"previousItem":{"@type":"ListItem","@id":"https:\/\/fisio-shop.pt\/?product_cat=equipamento-clinico-hospitalar-e-de-enfermagem#listItem","name":"Equipamento cl\u00ednico, hospitalar e de enfermagem"}},{"@type":"ListItem","@id":"https:\/\/fisio-shop.pt\/?product_cat=candeeiros#listItem","position":6,"name":"Candeeiros","item":"https:\/\/fisio-shop.pt\/?product_cat=candeeiros","nextItem":{"@type":"ListItem","@id":"https:\/\/fisio-shop.pt\/?product=candeeiro-halogeneo-haste-flexivel#listItem","name":"CANDEEIRO DE HALOG\u00c9NEO COM HASTE FLEXIVEL"},"previousItem":{"@type":"ListItem","@id":"https:\/\/fisio-shop.pt\/?product_cat=equipamento-e-mobiliario-clinico#listItem","name":"Equipamento e mobili\u00e1rio cl\u00ednico"}},{"@type":"ListItem","@id":"https:\/\/fisio-shop.pt\/?product=candeeiro-halogeneo-haste-flexivel#listItem","position":7,"name":"CANDEEIRO DE HALOG\u00c9NEO COM HASTE FLEXIVEL","previousItem":{"@type":"ListItem","@id":"https:\/\/fisio-shop.pt\/?product_cat=candeeiros#listItem","name":"Candeeiros"}}]},{"@type":"Organization","@id":"https:\/\/fisio-shop.pt\/#organization","name":"Fisio-shop","description":"Empresa especializada na distribui\u00e7\u00e3o de equipamentos profissionais para os mercados da Fisioterapia, Geriatria, Fitness e Medicina Desportiva. Empresa especializada na distribui\u00e7\u00e3o de equipamentos profissionais para os mercados da Fisioterapia, Geriatria, Fitness e Medicina Desportiva.","url":"https:\/\/fisio-shop.pt\/","logo":{"@type":"ImageObject","url":"https:\/\/fisio-shop.pt\/wp-content\/uploads\/2026\/04\/android-chrome-192x192-1.png","@id":"https:\/\/fisio-shop.pt\/?product=candeeiro-halogeneo-haste-flexivel\/#organizationLogo"},"image":{"@id":"https:\/\/fisio-shop.pt\/?product=candeeiro-halogeneo-haste-flexivel\/#organizationLogo"},"sameAs":["https:\/\/www.facebook.com\/p\/Fisioshop-Comrcio-de-Equipamentos-Lda-100036934916130\/"]},{"@type":"Product","@id":"https:\/\/fisio-shop.pt\/?product=candeeiro-halogeneo-haste-flexivel#wooCommerceProduct","name":"CANDEEIRO DE HALOG\u00c9NEO COM HASTE FLEXIVEL","description":"Candeeiro de halog\u00e9neo para exames com haste flex\u00edvel.","url":"https:\/\/fisio-shop.pt\/?product=candeeiro-halogeneo-haste-flexivel","sku":"DIV0015","image":{"@type":"ImageObject","url":"https:\/\/fisio-shop.pt\/wp-content\/uploads\/2026\/02\/CANDEEIRO-HALOGENEO-DE-HASTE-FLEXIVEL-1.jpg","@id":"https:\/\/fisio-shop.pt\/?product=candeeiro-halogeneo-haste-flexivel\/#productImage","width":208,"height":339},"offers":{"@type":"Offer","url":"https:\/\/fisio-shop.pt\/?product=candeeiro-halogeneo-haste-flexivel#wooCommerceOffer","price":160.43,"priceCurrency":"EUR","category":"Sa\u00fade","availability":"https:\/\/schema.org\/InStock","priceSpecification":{"@type":"PriceSpecification","price":160.43,"priceCurrency":"EUR","valueAddedTaxIncluded":"true"},"seller":{"@type":"Organization","@id":"https:\/\/fisio-shop.pt\/#organization"}}},{"@type":"WebPage","@id":"https:\/\/fisio-shop.pt\/?product=candeeiro-halogeneo-haste-flexivel#webpage","url":"https:\/\/fisio-shop.pt\/?product=candeeiro-halogeneo-haste-flexivel","name":"CANDEEIRO DE HALOG\u00c9NEO COM HASTE FLEXIVEL - Fisio-shop","description":"Candeeiro de halog\u00e9neo para exames com haste flex\u00edvel.","inLanguage":"pt-PT","isPartOf":{"@id":"https:\/\/fisio-shop.pt\/#website"},"breadcrumb":{"@id":"https:\/\/fisio-shop.pt\/?product=candeeiro-halogeneo-haste-flexivel#breadcrumblist"},"image":{"@type":"ImageObject","url":"https:\/\/fisio-shop.pt\/wp-content\/uploads\/2026\/02\/CANDEEIRO-HALOGENEO-DE-HASTE-FLEXIVEL-1.jpg","@id":"https:\/\/fisio-shop.pt\/?product=candeeiro-halogeneo-haste-flexivel\/#mainImage","width":208,"height":339},"primaryImageOfPage":{"@id":"https:\/\/fisio-shop.pt\/?product=candeeiro-halogeneo-haste-flexivel#mainImage"},"datePublished":"2018-04-26T15:26:07+00:00","dateModified":"2026-02-25T20:02:50+00:00"},{"@type":"WebSite","@id":"https:\/\/fisio-shop.pt\/#website","url":"https:\/\/fisio-shop.pt\/","name":"Fisio-shop","description":"Empresa especializada na distribui\u00e7\u00e3o de equipamentos profissionais para os mercados da Fisioterapia, Geriatria, Fitness e Medicina Desportiva.","inLanguage":"pt-PT","publisher":{"@id":"https:\/\/fisio-shop.pt\/#organization"}}]},"og:locale":"pt_PT","og:site_name":"Fisio-shop - Empresa especializada na distribui\u00e7\u00e3o de equipamentos profissionais para os mercados da Fisioterapia, Geriatria, Fitness e Medicina Desportiva.","og:type":"article","og:title":"CANDEEIRO DE HALOG\u00c9NEO COM HASTE FLEXIVEL - Fisio-shop","og:description":"Candeeiro de halog\u00e9neo para exames com haste flex\u00edvel.","og:url":"https:\/\/fisio-shop.pt\/?product=candeeiro-halogeneo-haste-flexivel","og:image":"https:\/\/fisio-shop.pt\/wp-content\/uploads\/2026\/04\/android-chrome-192x192-1.png","og:image:secure_url":"https:\/\/fisio-shop.pt\/wp-content\/uploads\/2026\/04\/android-chrome-192x192-1.png","article:published_time":"2018-04-26T15:26:07+00:00","article:modified_time":"2026-02-25T20:02:50+00:00","article:publisher":"https:\/\/www.facebook.com\/p\/Fisioshop-Comrcio-de-Equipamentos-Lda-100036934916130\/","twitter:card":"summary_large_image","twitter:title":"CANDEEIRO DE HALOG\u00c9NEO COM HASTE FLEXIVEL - Fisio-shop","twitter:description":"Candeeiro de halog\u00e9neo para exames com haste flex\u00edvel.","twitter:image":"https:\/\/fisio-shop.pt\/wp-content\/uploads\/2026\/04\/android-chrome-192x192-1.png"},"aioseo_meta_data":{"post_id":"9856","title":null,"description":null,"keywords":null,"keyphrases":null,"primary_term":null,"canonical_url":null,"og_title":null,"og_description":null,"og_object_type":"default","og_image_type":"default","og_image_url":null,"og_image_width":null,"og_image_height":null,"og_image_custom_url":null,"og_image_custom_fields":null,"og_video":null,"og_custom_url":null,"og_article_section":null,"og_article_tags":null,"twitter_use_og":false,"twitter_card":"default","twitter_image_type":"default","twitter_image_url":null,"twitter_image_custom_url":null,"twitter_image_custom_fields":null,"twitter_title":null,"twitter_description":null,"schema":{"blockGraphs":[],"customGraphs":[],"default":{"data":{"Article":[],"Course":[],"Dataset":[],"FAQPage":[],"Movie":[],"Person":[],"Product":[],"ProductReview":[],"Car":[],"Recipe":[],"Service":[],"SoftwareApplication":[],"WebPage":[]},"graphName":"","isEnabled":true},"graphs":[]},"schema_type":"default","schema_type_options":null,"pillar_content":false,"robots_default":true,"robots_noindex":false,"robots_noarchive":false,"robots_nosnippet":false,"robots_nofollow":false,"robots_noimageindex":false,"robots_noodp":false,"robots_notranslate":false,"robots_max_snippet":null,"robots_max_videopreview":null,"robots_max_imagepreview":"large","priority":null,"frequency":null,"local_seo":null,"seo_analyzer_scan_date":"2026-04-18 07:31:05","breadcrumb_settings":null,"limit_modified_date":false,"open_ai":null,"ai":null,"created":"2026-04-18 07:02:19","updated":"2026-04-18 22:23:57"},"aioseo_breadcrumb":"<div class=\"aioseo-breadcrumbs\"><span class=\"aioseo-breadcrumb\">\n\t<a href=\"https:\/\/fisio-shop.pt\" title=\"Home\">Home<\/a>\n<\/span><span class=\"aioseo-breadcrumb-separator\">\u00bb<\/span><span class=\"aioseo-breadcrumb\">\n\t<a href=\"https:\/\/fisio-shop.pt\/?page_id=5\" title=\"Loja\">Loja<\/a>\n<\/span><span class=\"aioseo-breadcrumb-separator\">\u00bb<\/span><span class=\"aioseo-breadcrumb\">\n\t<a href=\"https:\/\/fisio-shop.pt\/?product_cat=saude\" title=\"Sa\u00fade\">Sa\u00fade<\/a>\n<\/span><span class=\"aioseo-breadcrumb-separator\">\u00bb<\/span><span class=\"aioseo-breadcrumb\">\n\t<a href=\"https:\/\/fisio-shop.pt\/?product_cat=equipamento-clinico-hospitalar-e-de-enfermagem\" title=\"Equipamento cl\u00ednico, hospitalar e de enfermagem\">Equipamento cl\u00ednico, hospitalar e de enfermagem<\/a>\n<\/span><span class=\"aioseo-breadcrumb-separator\">\u00bb<\/span><span class=\"aioseo-breadcrumb\">\n\t<a href=\"https:\/\/fisio-shop.pt\/?product_cat=equipamento-e-mobiliario-clinico\" title=\"Equipamento e mobili\u00e1rio cl\u00ednico\">Equipamento e mobili\u00e1rio cl\u00ednico<\/a>\n<\/span><span class=\"aioseo-breadcrumb-separator\">\u00bb<\/span><span class=\"aioseo-breadcrumb\">\n\t<a href=\"https:\/\/fisio-shop.pt\/?product_cat=candeeiros\" title=\"Candeeiros\">Candeeiros<\/a>\n<\/span><span class=\"aioseo-breadcrumb-separator\">\u00bb<\/span><span class=\"aioseo-breadcrumb\">\n\tCANDEEIRO DE HALOG\u00c9NEO COM HASTE FLEXIVEL\n<\/span><\/div>","aioseo_breadcrumb_json":[{"label":"Home","link":"https:\/\/fisio-shop.pt"},{"label":"Loja","link":"https:\/\/fisio-shop.pt\/?page_id=5"},{"label":"Sa\u00fade","link":"https:\/\/fisio-shop.pt\/?product_cat=saude"},{"label":"Equipamento cl\u00ednico, hospitalar e de enfermagem","link":"https:\/\/fisio-shop.pt\/?product_cat=equipamento-clinico-hospitalar-e-de-enfermagem"},{"label":"Equipamento e mobili\u00e1rio cl\u00ednico","link":"https:\/\/fisio-shop.pt\/?product_cat=equipamento-e-mobiliario-clinico"},{"label":"Candeeiros","link":"https:\/\/fisio-shop.pt\/?product_cat=candeeiros"},{"label":"CANDEEIRO DE HALOG\u00c9NEO COM HASTE FLEXIVEL","link":"https:\/\/fisio-shop.pt\/?product=candeeiro-halogeneo-haste-flexivel"}],"_links":{"self":[{"href":"https:\/\/fisio-shop.pt\/index.php?rest_route=\/wp\/v2\/product\/9856","targetHints":{"allow":["GET"]}}],"collection":[{"href":"https:\/\/fisio-shop.pt\/index.php?rest_route=\/wp\/v2\/product"}],"about":[{"href":"https:\/\/fisio-shop.pt\/index.php?rest_route=\/wp\/v2\/types\/product"}],"replies":[{"embeddable":true,"href":"https:\/\/fisio-shop.pt\/index.php?rest_route=%2Fwp%2Fv2%2Fcomments&post=9856"}],"version-history":[{"count":0,"href":"https:\/\/fisio-shop.pt\/index.php?rest_route=\/wp\/v2\/product\/9856\/revisions"}],"wp:featuredmedia":[{"embeddable":true,"href":"https:\/\/fisio-shop.pt\/index.php?rest_route=\/wp\/v2\/media\/12091"}],"wp:attachment":[{"href":"https:\/\/fisio-shop.pt\/index.php?rest_route=%2Fwp%2Fv2%2Fmedia&parent=9856"}],"wp:term":[{"taxonomy":"product_brand","embeddable":true,"href":"https:\/\/fisio-shop.pt\/index.php?rest_route=%2Fwp%2Fv2%2Fproduct_brand&post=9856"},{"taxonomy":"product_cat","embeddable":true,"href":"https:\/\/fisio-shop.pt\/index.php?rest_route=%2Fwp%2Fv2%2Fproduct_cat&post=9856"},{"taxonomy":"product_tag","embeddable":true,"href":"https:\/\/fisio-shop.pt\/index.php?rest_route=%2Fwp%2Fv2%2Fproduct_tag&post=9856"}],"curies":[{"name":"wp","href":"https:\/\/api.w.org\/{rel}","templated":true}]}}