{"id":9904,"date":"2018-08-10T15:46:25","date_gmt":"2018-08-10T15:46:25","guid":{"rendered":"https:\/\/fisio-shop.pt\/loja\/equipamento-oxigenoterapia-ageless\/"},"modified":"2026-02-25T20:03:12","modified_gmt":"2026-02-25T20:03:12","slug":"equipamento-oxigenoterapia-ageless","status":"publish","type":"product","link":"https:\/\/fisio-shop.pt\/?product=equipamento-oxigenoterapia-ageless","title":{"rendered":"EQUIPAMENTO DE OXIGENOTERAPIA AGELESS"},"content":{"rendered":"<p>O Ageless \u00e9 um equipamento de \u00faltima gera\u00e7\u00e3o equipado com a mais recente tecnologia para tratamentos com oxig\u00e9nio.<\/p>\n<p>O Ageless fornece oxig\u00e9nio at\u00e9 93%, gra\u00e7as a um sistema especial de filtra\u00e7\u00e3o patenteado, capaz de manter a concentra\u00e7\u00e3o constante.<\/p>\n<p>Aumentando o n\u00edvel de produ\u00e7\u00e3o de oxig\u00e9nio na derme \u00e9 poss\u00edvel estimular a produ\u00e7\u00e3o de elastina e colag\u00e9nio, verdadeiros pilares da nossa beleza.<\/p>\n<p><strong>Caracter\u00edsticas gerais:<\/strong><\/p>\n<p>O Ageless oferece uma perfeita mistura de princ\u00edpios ativos que se transmitem \u00e0 derme em diferentes formas:<\/p>\n<ul>\n<li><strong>M\u00e9todo direto:<\/strong> os ingredientes ativos posicionam-se diretamente sobre a pele e s\u00e3o posteriormente transportados com o oxig\u00e9nio na zona do tratamento;<\/li>\n<li><strong>M\u00e9todo indireto:<\/strong> a transmiss\u00e3o dos ingredientes ativos \u00e9 aplicada de forma local atrav\u00e9s do aer\u00f3grafo que permite o uso combinado do oxig\u00e9nio e dos princ\u00edpios\u00a0ativos.<\/li>\n<\/ul>\n<p><strong>Zonas de aplica\u00e7\u00e3o:<\/strong><\/p>\n<p>O Ageless pode-se utilizar no rosto, corpo, cabelo e no couro cabeludo, onde \u00a0tem uma a\u00e7\u00e3o importante sobre o cabelo, que resulta forte, brilhante e jovem; o couro fica limpo, hidratado, sem excesso de gordura, sem caspa, e oxigenado.<\/p>\n<p><strong>Como actua o Ageless:<\/strong><\/p>\n<p>O tratamento com Ageless melhora a textura do derme dede a primeira sess\u00e3o.<\/p>\n<p>Um alto n\u00edvel de oxigena\u00e7\u00e3o dos tecidos traz muitos benef\u00edcios para a pele, a qual fica mais lisa, relaxada, tonificada e previne a queda do cabelo.<\/p>\n<p><strong>Sugest\u00f5es:<\/strong><strong>\u00a0<\/strong><\/p>\n<ul>\n<li>Limpar a pele antes do tratamento, aconselha-se uma ligeira micro dermobras\u00e3o;<\/li>\n<li>No final do tratamento fazer uma massagem manual na zona tratada;<\/li>\n<li>Aconselham-se 6-7 sess\u00f5es por semana;<\/li>\n<li>Uma vez terminado o ciclo de tratamentos, \u00e9 suficiente uma sess\u00e3o a cada 4-6 semanas ou para imperfei\u00e7\u00f5es ligeiras ou uma sess\u00e3o trimestral de manuten\u00e7\u00e3o.<\/li>\n<\/ul>\n<p><strong>Principais efeitos: <\/strong><\/p>\n<ul>\n<li>Uma pele mais brilhante, s\u00e3, tonificada e jovem;<\/li>\n<li>Nutre e oxigena a pele aumentando a sua hidrata\u00e7\u00e3o;<\/li>\n<li>Suaviza e proporciona mais brilho nos tecidos;<\/li>\n<li>Reduz o stress;<\/li>\n<li>Melhora as estrias;<\/li>\n<li>Regenera os tecidos que combatem o processo de envelhecimento;<\/li>\n<li>Aplica\u00e7\u00e3o profunda na pele dos princ\u00edpios ativos, promovendo o rejuvenescimento;<\/li>\n<li>Decongestiona a pele com benef\u00edcios importantes para as imperfei\u00e7\u00f5es da ros\u00e1cea;<\/li>\n<li>Define os contornos do rosto;<\/li>\n<li>Melhora o acne em todas as suas formas.<\/li>\n<\/ul>\n<p><strong>Caracter\u00edsticas especificas:<\/strong><strong>\u00a0<\/strong><\/p>\n<ul>\n<li>Aparelho port\u00e1til;<\/li>\n<li>Tratamento sem contraindica\u00e7\u00f5es;<\/li>\n<li>Um tratamento para todo o ano;<\/li>\n<li>F\u00e1cil de utilizar;<\/li>\n<li>Aer\u00f3grafo com possibilidade de fornecer principio ativos de forma direta e indireta;<\/li>\n<li>O contador, torna poss\u00edvel configurar o tratamento durante o tempo desejado.<\/li>\n<\/ul>\n<p><strong>Especifica\u00e7\u00f5es t\u00e9cnicas:<\/strong><strong>\u00a0<\/strong><\/p>\n<ul>\n<li>Ecr\u00e3: Alfanum\u00e9rio;<\/li>\n<li>N\u00famero de canais: 1;<\/li>\n<li>Velocidade do fluxo: (1-5)l\/min;<\/li>\n<li>Concentra\u00e7\u00e3o de oxig\u00e9nio: 93% +- 3%;<\/li>\n<li>Press\u00e3o de sa\u00edda: ( 0.05 : 0.08) MPa;<\/li>\n<li>N\u00edvel de ruido: 48 db;<\/li>\n<li>Classe de isolamento el\u00e9trico: I;<\/li>\n<li>Autonomia de limpeza do filtro externo: 100 horas;<\/li>\n<li>Autonomia de limpeza do filtro interno: 3000 horas;<\/li>\n<li>Vida \u00fatil do gerador: 20.000 horas;<\/li>\n<li>Dimens\u00f5es: 39x34x62cm;<\/li>\n<li>Peso: 32Kg;<\/li>\n<li>Alimenta\u00e7\u00e3o de rede: 230 VAC, 50-60Hz +- 10%.<\/li>\n<\/ul>\n<p><strong>Acess\u00f3rios inclu\u00eddos:<\/strong><\/p>\n<ul>\n<li>1 cabo de alimenta\u00e7\u00e3o;<\/li>\n<li>1 aer\u00f3grafo;<\/li>\n<li>1 cano de pl\u00e1stico para oxig\u00e9nio;<\/li>\n<li>1 manual do utente em DVD;<\/li>\n<li>Marca: EME SRl;<\/li>\n<li>Pais de origem: It\u00e1lia.<\/li>\n<\/ul>\n<p>&nbsp;<\/p>\n","protected":false},"excerpt":{"rendered":"<p>Ageless \u00e9 um equipamento de \u00faltima gera\u00e7\u00e3o equipado com a mais recente tecnologia para tratamentos com oxig\u00e9nio.<\/p>\n","protected":false},"featured_media":12151,"comment_status":"open","ping_status":"closed","template":"","meta":{"rs_blank_template":"","rs_page_bg_color":"","slide_template_v7":""},"product_brand":[],"product_cat":[1903],"product_tag":[941,942,943],"class_list":{"0":"post-9904","1":"product","2":"type-product","3":"status-publish","4":"has-post-thumbnail","6":"product_cat-estetica","7":"product_tag-estetica","8":"product_tag-oxigenio","9":"product_tag-oxigenoterapia","11":"first","12":"instock","13":"shipping-taxable","14":"purchasable","15":"product-type-simple"},"aioseo_notices":[],"etheme_brands":{"errors":{"invalid_taxonomy":["Taxonomia inv\u00e1lida."]},"error_data":[]},"aioseo_head":"\n\t\t<!-- All in One SEO Pro 4.9.0 - aioseo.com -->\n\t<meta name=\"description\" content=\"Ageless \u00e9 um equipamento de \u00faltima gera\u00e7\u00e3o equipado com a mais recente tecnologia para tratamentos com oxig\u00e9nio.\" \/>\n\t<meta name=\"robots\" content=\"max-image-preview:large\" \/>\n\t<link rel=\"canonical\" href=\"https:\/\/fisio-shop.pt\/?product=equipamento-oxigenoterapia-ageless\" \/>\n\t<meta name=\"generator\" content=\"All in One SEO Pro (AIOSEO) 4.9.0\" \/>\n\t\t<meta property=\"og:locale\" content=\"pt_PT\" \/>\n\t\t<meta property=\"og:site_name\" content=\"Fisio-shop - Empresa especializada na distribui\u00e7\u00e3o de equipamentos profissionais para os mercados da Fisioterapia, Geriatria, Fitness e Medicina Desportiva.\" \/>\n\t\t<meta property=\"og:type\" content=\"article\" \/>\n\t\t<meta property=\"og:title\" content=\"EQUIPAMENTO DE OXIGENOTERAPIA AGELESS - Fisio-shop\" \/>\n\t\t<meta property=\"og:description\" content=\"Ageless \u00e9 um equipamento de \u00faltima gera\u00e7\u00e3o equipado com a mais recente tecnologia para tratamentos com oxig\u00e9nio.\" \/>\n\t\t<meta property=\"og:url\" content=\"https:\/\/fisio-shop.pt\/?product=equipamento-oxigenoterapia-ageless\" \/>\n\t\t<meta property=\"og:image\" content=\"https:\/\/fisio-shop.pt\/wp-content\/uploads\/2026\/04\/android-chrome-192x192-1.png\" \/>\n\t\t<meta property=\"og:image:secure_url\" content=\"https:\/\/fisio-shop.pt\/wp-content\/uploads\/2026\/04\/android-chrome-192x192-1.png\" \/>\n\t\t<meta property=\"article:published_time\" content=\"2018-08-10T15:46:25+00:00\" \/>\n\t\t<meta property=\"article:modified_time\" content=\"2026-02-25T20:03:12+00:00\" \/>\n\t\t<meta property=\"article:publisher\" content=\"https:\/\/www.facebook.com\/p\/Fisioshop-Comrcio-de-Equipamentos-Lda-100036934916130\/\" \/>\n\t\t<meta name=\"twitter:card\" content=\"summary_large_image\" \/>\n\t\t<meta name=\"twitter:title\" content=\"EQUIPAMENTO DE OXIGENOTERAPIA AGELESS - Fisio-shop\" \/>\n\t\t<meta name=\"twitter:description\" content=\"Ageless \u00e9 um equipamento de \u00faltima gera\u00e7\u00e3o equipado com a mais recente tecnologia para tratamentos com oxig\u00e9nio.\" \/>\n\t\t<meta name=\"twitter:image\" content=\"https:\/\/fisio-shop.pt\/wp-content\/uploads\/2026\/04\/android-chrome-192x192-1.png\" \/>\n\t\t<script type=\"application\/ld+json\" class=\"aioseo-schema\">\n\t\t\t{\"@context\":\"https:\\\/\\\/schema.org\",\"@graph\":[{\"@type\":\"BreadcrumbList\",\"@id\":\"https:\\\/\\\/fisio-shop.pt\\\/?product=equipamento-oxigenoterapia-ageless#breadcrumblist\",\"itemListElement\":[{\"@type\":\"ListItem\",\"@id\":\"https:\\\/\\\/fisio-shop.pt#listItem\",\"position\":1,\"name\":\"Home\",\"item\":\"https:\\\/\\\/fisio-shop.pt\",\"nextItem\":{\"@type\":\"ListItem\",\"@id\":\"https:\\\/\\\/fisio-shop.pt\\\/?page_id=5#listItem\",\"name\":\"Loja\"}},{\"@type\":\"ListItem\",\"@id\":\"https:\\\/\\\/fisio-shop.pt\\\/?page_id=5#listItem\",\"position\":2,\"name\":\"Loja\",\"item\":\"https:\\\/\\\/fisio-shop.pt\\\/?page_id=5\",\"nextItem\":{\"@type\":\"ListItem\",\"@id\":\"https:\\\/\\\/fisio-shop.pt\\\/?product_cat=estetica#listItem\",\"name\":\"Est\\u00e9tica\"},\"previousItem\":{\"@type\":\"ListItem\",\"@id\":\"https:\\\/\\\/fisio-shop.pt#listItem\",\"name\":\"Home\"}},{\"@type\":\"ListItem\",\"@id\":\"https:\\\/\\\/fisio-shop.pt\\\/?product_cat=estetica#listItem\",\"position\":3,\"name\":\"Est\\u00e9tica\",\"item\":\"https:\\\/\\\/fisio-shop.pt\\\/?product_cat=estetica\",\"nextItem\":{\"@type\":\"ListItem\",\"@id\":\"https:\\\/\\\/fisio-shop.pt\\\/?product=equipamento-oxigenoterapia-ageless#listItem\",\"name\":\"EQUIPAMENTO DE OXIGENOTERAPIA AGELESS\"},\"previousItem\":{\"@type\":\"ListItem\",\"@id\":\"https:\\\/\\\/fisio-shop.pt\\\/?page_id=5#listItem\",\"name\":\"Loja\"}},{\"@type\":\"ListItem\",\"@id\":\"https:\\\/\\\/fisio-shop.pt\\\/?product=equipamento-oxigenoterapia-ageless#listItem\",\"position\":4,\"name\":\"EQUIPAMENTO DE OXIGENOTERAPIA AGELESS\",\"previousItem\":{\"@type\":\"ListItem\",\"@id\":\"https:\\\/\\\/fisio-shop.pt\\\/?product_cat=estetica#listItem\",\"name\":\"Est\\u00e9tica\"}}]},{\"@type\":\"Organization\",\"@id\":\"https:\\\/\\\/fisio-shop.pt\\\/#organization\",\"name\":\"Fisio-shop\",\"description\":\"Empresa especializada na distribui\\u00e7\\u00e3o de equipamentos profissionais para os mercados da Fisioterapia, Geriatria, Fitness e Medicina Desportiva. Empresa especializada na distribui\\u00e7\\u00e3o de equipamentos profissionais para os mercados da Fisioterapia, Geriatria, Fitness e Medicina Desportiva.\",\"url\":\"https:\\\/\\\/fisio-shop.pt\\\/\",\"logo\":{\"@type\":\"ImageObject\",\"url\":\"https:\\\/\\\/fisio-shop.pt\\\/wp-content\\\/uploads\\\/2026\\\/04\\\/android-chrome-192x192-1.png\",\"@id\":\"https:\\\/\\\/fisio-shop.pt\\\/?product=equipamento-oxigenoterapia-ageless\\\/#organizationLogo\"},\"image\":{\"@id\":\"https:\\\/\\\/fisio-shop.pt\\\/?product=equipamento-oxigenoterapia-ageless\\\/#organizationLogo\"},\"sameAs\":[\"https:\\\/\\\/www.facebook.com\\\/p\\\/Fisioshop-Comrcio-de-Equipamentos-Lda-100036934916130\\\/\"]},{\"@type\":\"Product\",\"@id\":\"https:\\\/\\\/fisio-shop.pt\\\/?product=equipamento-oxigenoterapia-ageless#wooCommerceProduct\",\"name\":\"EQUIPAMENTO DE OXIGENOTERAPIA AGELESS\",\"description\":\"Ageless \\u00e9 um equipamento de \\u00faltima gera\\u00e7\\u00e3o equipado com a mais recente tecnologia para tratamentos com oxig\\u00e9nio.\",\"url\":\"https:\\\/\\\/fisio-shop.pt\\\/?product=equipamento-oxigenoterapia-ageless\",\"sku\":\"AGELESS\",\"image\":{\"@type\":\"ImageObject\",\"url\":\"https:\\\/\\\/fisio-shop.pt\\\/wp-content\\\/uploads\\\/2026\\\/02\\\/AGELESS-1.jpg\",\"@id\":\"https:\\\/\\\/fisio-shop.pt\\\/?product=equipamento-oxigenoterapia-ageless\\\/#productImage\",\"width\":303,\"height\":303},\"offers\":{\"@type\":\"Offer\",\"url\":\"https:\\\/\\\/fisio-shop.pt\\\/?product=equipamento-oxigenoterapia-ageless#wooCommerceOffer\",\"price\":4625.64,\"priceCurrency\":\"EUR\",\"category\":\"Est\\u00e9tica\",\"availability\":\"https:\\\/\\\/schema.org\\\/InStock\",\"priceSpecification\":{\"@type\":\"PriceSpecification\",\"price\":4625.64,\"priceCurrency\":\"EUR\",\"valueAddedTaxIncluded\":\"true\"},\"seller\":{\"@type\":\"Organization\",\"@id\":\"https:\\\/\\\/fisio-shop.pt\\\/#organization\"}}},{\"@type\":\"WebPage\",\"@id\":\"https:\\\/\\\/fisio-shop.pt\\\/?product=equipamento-oxigenoterapia-ageless#webpage\",\"url\":\"https:\\\/\\\/fisio-shop.pt\\\/?product=equipamento-oxigenoterapia-ageless\",\"name\":\"EQUIPAMENTO DE OXIGENOTERAPIA AGELESS - Fisio-shop\",\"description\":\"Ageless \\u00e9 um equipamento de \\u00faltima gera\\u00e7\\u00e3o equipado com a mais recente tecnologia para tratamentos com oxig\\u00e9nio.\",\"inLanguage\":\"pt-PT\",\"isPartOf\":{\"@id\":\"https:\\\/\\\/fisio-shop.pt\\\/#website\"},\"breadcrumb\":{\"@id\":\"https:\\\/\\\/fisio-shop.pt\\\/?product=equipamento-oxigenoterapia-ageless#breadcrumblist\"},\"image\":{\"@type\":\"ImageObject\",\"url\":\"https:\\\/\\\/fisio-shop.pt\\\/wp-content\\\/uploads\\\/2026\\\/02\\\/AGELESS-1.jpg\",\"@id\":\"https:\\\/\\\/fisio-shop.pt\\\/?product=equipamento-oxigenoterapia-ageless\\\/#mainImage\",\"width\":303,\"height\":303},\"primaryImageOfPage\":{\"@id\":\"https:\\\/\\\/fisio-shop.pt\\\/?product=equipamento-oxigenoterapia-ageless#mainImage\"},\"datePublished\":\"2018-08-10T15:46:25+00:00\",\"dateModified\":\"2026-02-25T20:03:12+00:00\"},{\"@type\":\"WebSite\",\"@id\":\"https:\\\/\\\/fisio-shop.pt\\\/#website\",\"url\":\"https:\\\/\\\/fisio-shop.pt\\\/\",\"name\":\"Fisio-shop\",\"description\":\"Empresa especializada na distribui\\u00e7\\u00e3o de equipamentos profissionais para os mercados da Fisioterapia, Geriatria, Fitness e Medicina Desportiva.\",\"inLanguage\":\"pt-PT\",\"publisher\":{\"@id\":\"https:\\\/\\\/fisio-shop.pt\\\/#organization\"}}]}\n\t\t<\/script>\n\t\t<!-- All in One SEO Pro -->\r\n\t\t<title>EQUIPAMENTO DE OXIGENOTERAPIA AGELESS - Fisio-shop<\/title>\n\n","aioseo_head_json":{"title":"EQUIPAMENTO DE OXIGENOTERAPIA AGELESS - Fisio-shop","description":"Ageless \u00e9 um equipamento de \u00faltima gera\u00e7\u00e3o equipado com a mais recente tecnologia para tratamentos com oxig\u00e9nio.","canonical_url":"https:\/\/fisio-shop.pt\/?product=equipamento-oxigenoterapia-ageless","robots":"max-image-preview:large","keywords":"","webmasterTools":{"miscellaneous":""},"schema":{"@context":"https:\/\/schema.org","@graph":[{"@type":"BreadcrumbList","@id":"https:\/\/fisio-shop.pt\/?product=equipamento-oxigenoterapia-ageless#breadcrumblist","itemListElement":[{"@type":"ListItem","@id":"https:\/\/fisio-shop.pt#listItem","position":1,"name":"Home","item":"https:\/\/fisio-shop.pt","nextItem":{"@type":"ListItem","@id":"https:\/\/fisio-shop.pt\/?page_id=5#listItem","name":"Loja"}},{"@type":"ListItem","@id":"https:\/\/fisio-shop.pt\/?page_id=5#listItem","position":2,"name":"Loja","item":"https:\/\/fisio-shop.pt\/?page_id=5","nextItem":{"@type":"ListItem","@id":"https:\/\/fisio-shop.pt\/?product_cat=estetica#listItem","name":"Est\u00e9tica"},"previousItem":{"@type":"ListItem","@id":"https:\/\/fisio-shop.pt#listItem","name":"Home"}},{"@type":"ListItem","@id":"https:\/\/fisio-shop.pt\/?product_cat=estetica#listItem","position":3,"name":"Est\u00e9tica","item":"https:\/\/fisio-shop.pt\/?product_cat=estetica","nextItem":{"@type":"ListItem","@id":"https:\/\/fisio-shop.pt\/?product=equipamento-oxigenoterapia-ageless#listItem","name":"EQUIPAMENTO DE OXIGENOTERAPIA AGELESS"},"previousItem":{"@type":"ListItem","@id":"https:\/\/fisio-shop.pt\/?page_id=5#listItem","name":"Loja"}},{"@type":"ListItem","@id":"https:\/\/fisio-shop.pt\/?product=equipamento-oxigenoterapia-ageless#listItem","position":4,"name":"EQUIPAMENTO DE OXIGENOTERAPIA AGELESS","previousItem":{"@type":"ListItem","@id":"https:\/\/fisio-shop.pt\/?product_cat=estetica#listItem","name":"Est\u00e9tica"}}]},{"@type":"Organization","@id":"https:\/\/fisio-shop.pt\/#organization","name":"Fisio-shop","description":"Empresa especializada na distribui\u00e7\u00e3o de equipamentos profissionais para os mercados da Fisioterapia, Geriatria, Fitness e Medicina Desportiva. Empresa especializada na distribui\u00e7\u00e3o de equipamentos profissionais para os mercados da Fisioterapia, Geriatria, Fitness e Medicina Desportiva.","url":"https:\/\/fisio-shop.pt\/","logo":{"@type":"ImageObject","url":"https:\/\/fisio-shop.pt\/wp-content\/uploads\/2026\/04\/android-chrome-192x192-1.png","@id":"https:\/\/fisio-shop.pt\/?product=equipamento-oxigenoterapia-ageless\/#organizationLogo"},"image":{"@id":"https:\/\/fisio-shop.pt\/?product=equipamento-oxigenoterapia-ageless\/#organizationLogo"},"sameAs":["https:\/\/www.facebook.com\/p\/Fisioshop-Comrcio-de-Equipamentos-Lda-100036934916130\/"]},{"@type":"Product","@id":"https:\/\/fisio-shop.pt\/?product=equipamento-oxigenoterapia-ageless#wooCommerceProduct","name":"EQUIPAMENTO DE OXIGENOTERAPIA AGELESS","description":"Ageless \u00e9 um equipamento de \u00faltima gera\u00e7\u00e3o equipado com a mais recente tecnologia para tratamentos com oxig\u00e9nio.","url":"https:\/\/fisio-shop.pt\/?product=equipamento-oxigenoterapia-ageless","sku":"AGELESS","image":{"@type":"ImageObject","url":"https:\/\/fisio-shop.pt\/wp-content\/uploads\/2026\/02\/AGELESS-1.jpg","@id":"https:\/\/fisio-shop.pt\/?product=equipamento-oxigenoterapia-ageless\/#productImage","width":303,"height":303},"offers":{"@type":"Offer","url":"https:\/\/fisio-shop.pt\/?product=equipamento-oxigenoterapia-ageless#wooCommerceOffer","price":4625.64,"priceCurrency":"EUR","category":"Est\u00e9tica","availability":"https:\/\/schema.org\/InStock","priceSpecification":{"@type":"PriceSpecification","price":4625.64,"priceCurrency":"EUR","valueAddedTaxIncluded":"true"},"seller":{"@type":"Organization","@id":"https:\/\/fisio-shop.pt\/#organization"}}},{"@type":"WebPage","@id":"https:\/\/fisio-shop.pt\/?product=equipamento-oxigenoterapia-ageless#webpage","url":"https:\/\/fisio-shop.pt\/?product=equipamento-oxigenoterapia-ageless","name":"EQUIPAMENTO DE OXIGENOTERAPIA AGELESS - Fisio-shop","description":"Ageless \u00e9 um equipamento de \u00faltima gera\u00e7\u00e3o equipado com a mais recente tecnologia para tratamentos com oxig\u00e9nio.","inLanguage":"pt-PT","isPartOf":{"@id":"https:\/\/fisio-shop.pt\/#website"},"breadcrumb":{"@id":"https:\/\/fisio-shop.pt\/?product=equipamento-oxigenoterapia-ageless#breadcrumblist"},"image":{"@type":"ImageObject","url":"https:\/\/fisio-shop.pt\/wp-content\/uploads\/2026\/02\/AGELESS-1.jpg","@id":"https:\/\/fisio-shop.pt\/?product=equipamento-oxigenoterapia-ageless\/#mainImage","width":303,"height":303},"primaryImageOfPage":{"@id":"https:\/\/fisio-shop.pt\/?product=equipamento-oxigenoterapia-ageless#mainImage"},"datePublished":"2018-08-10T15:46:25+00:00","dateModified":"2026-02-25T20:03:12+00:00"},{"@type":"WebSite","@id":"https:\/\/fisio-shop.pt\/#website","url":"https:\/\/fisio-shop.pt\/","name":"Fisio-shop","description":"Empresa especializada na distribui\u00e7\u00e3o de equipamentos profissionais para os mercados da Fisioterapia, Geriatria, Fitness e Medicina Desportiva.","inLanguage":"pt-PT","publisher":{"@id":"https:\/\/fisio-shop.pt\/#organization"}}]},"og:locale":"pt_PT","og:site_name":"Fisio-shop - Empresa especializada na distribui\u00e7\u00e3o de equipamentos profissionais para os mercados da Fisioterapia, Geriatria, Fitness e Medicina Desportiva.","og:type":"article","og:title":"EQUIPAMENTO DE OXIGENOTERAPIA AGELESS - Fisio-shop","og:description":"Ageless \u00e9 um equipamento de \u00faltima gera\u00e7\u00e3o equipado com a mais recente tecnologia para tratamentos com oxig\u00e9nio.","og:url":"https:\/\/fisio-shop.pt\/?product=equipamento-oxigenoterapia-ageless","og:image":"https:\/\/fisio-shop.pt\/wp-content\/uploads\/2026\/04\/android-chrome-192x192-1.png","og:image:secure_url":"https:\/\/fisio-shop.pt\/wp-content\/uploads\/2026\/04\/android-chrome-192x192-1.png","article:published_time":"2018-08-10T15:46:25+00:00","article:modified_time":"2026-02-25T20:03:12+00:00","article:publisher":"https:\/\/www.facebook.com\/p\/Fisioshop-Comrcio-de-Equipamentos-Lda-100036934916130\/","twitter:card":"summary_large_image","twitter:title":"EQUIPAMENTO DE OXIGENOTERAPIA AGELESS - Fisio-shop","twitter:description":"Ageless \u00e9 um equipamento de \u00faltima gera\u00e7\u00e3o equipado com a mais recente tecnologia para tratamentos com oxig\u00e9nio.","twitter:image":"https:\/\/fisio-shop.pt\/wp-content\/uploads\/2026\/04\/android-chrome-192x192-1.png"},"aioseo_meta_data":{"post_id":"9904","title":null,"description":null,"keywords":null,"keyphrases":null,"primary_term":null,"canonical_url":null,"og_title":null,"og_description":null,"og_object_type":"default","og_image_type":"default","og_image_url":null,"og_image_width":null,"og_image_height":null,"og_image_custom_url":null,"og_image_custom_fields":null,"og_video":null,"og_custom_url":null,"og_article_section":null,"og_article_tags":null,"twitter_use_og":false,"twitter_card":"default","twitter_image_type":"default","twitter_image_url":null,"twitter_image_custom_url":null,"twitter_image_custom_fields":null,"twitter_title":null,"twitter_description":null,"schema":{"blockGraphs":[],"customGraphs":[],"default":{"data":{"Article":[],"Course":[],"Dataset":[],"FAQPage":[],"Movie":[],"Person":[],"Product":[],"ProductReview":[],"Car":[],"Recipe":[],"Service":[],"SoftwareApplication":[],"WebPage":[]},"graphName":"","isEnabled":true},"graphs":[]},"schema_type":"default","schema_type_options":null,"pillar_content":false,"robots_default":true,"robots_noindex":false,"robots_noarchive":false,"robots_nosnippet":false,"robots_nofollow":false,"robots_noimageindex":false,"robots_noodp":false,"robots_notranslate":false,"robots_max_snippet":null,"robots_max_videopreview":null,"robots_max_imagepreview":"large","priority":null,"frequency":null,"local_seo":null,"seo_analyzer_scan_date":"2026-04-18 07:35:13","breadcrumb_settings":null,"limit_modified_date":false,"open_ai":null,"ai":null,"created":"2026-04-18 07:02:19","updated":"2026-04-18 22:25:28"},"aioseo_breadcrumb":"<div class=\"aioseo-breadcrumbs\"><span class=\"aioseo-breadcrumb\">\n\t<a href=\"https:\/\/fisio-shop.pt\" title=\"Home\">Home<\/a>\n<\/span><span class=\"aioseo-breadcrumb-separator\">\u00bb<\/span><span class=\"aioseo-breadcrumb\">\n\t<a href=\"https:\/\/fisio-shop.pt\/?page_id=5\" title=\"Loja\">Loja<\/a>\n<\/span><span class=\"aioseo-breadcrumb-separator\">\u00bb<\/span><span class=\"aioseo-breadcrumb\">\n\t<a href=\"https:\/\/fisio-shop.pt\/?product_cat=estetica\" title=\"Est\u00e9tica\">Est\u00e9tica<\/a>\n<\/span><span class=\"aioseo-breadcrumb-separator\">\u00bb<\/span><span class=\"aioseo-breadcrumb\">\n\tEQUIPAMENTO DE OXIGENOTERAPIA AGELESS\n<\/span><\/div>","aioseo_breadcrumb_json":[{"label":"Home","link":"https:\/\/fisio-shop.pt"},{"label":"Loja","link":"https:\/\/fisio-shop.pt\/?page_id=5"},{"label":"Est\u00e9tica","link":"https:\/\/fisio-shop.pt\/?product_cat=estetica"},{"label":"EQUIPAMENTO DE OXIGENOTERAPIA AGELESS","link":"https:\/\/fisio-shop.pt\/?product=equipamento-oxigenoterapia-ageless"}],"_links":{"self":[{"href":"https:\/\/fisio-shop.pt\/index.php?rest_route=\/wp\/v2\/product\/9904","targetHints":{"allow":["GET"]}}],"collection":[{"href":"https:\/\/fisio-shop.pt\/index.php?rest_route=\/wp\/v2\/product"}],"about":[{"href":"https:\/\/fisio-shop.pt\/index.php?rest_route=\/wp\/v2\/types\/product"}],"replies":[{"embeddable":true,"href":"https:\/\/fisio-shop.pt\/index.php?rest_route=%2Fwp%2Fv2%2Fcomments&post=9904"}],"version-history":[{"count":0,"href":"https:\/\/fisio-shop.pt\/index.php?rest_route=\/wp\/v2\/product\/9904\/revisions"}],"wp:featuredmedia":[{"embeddable":true,"href":"https:\/\/fisio-shop.pt\/index.php?rest_route=\/wp\/v2\/media\/12151"}],"wp:attachment":[{"href":"https:\/\/fisio-shop.pt\/index.php?rest_route=%2Fwp%2Fv2%2Fmedia&parent=9904"}],"wp:term":[{"taxonomy":"product_brand","embeddable":true,"href":"https:\/\/fisio-shop.pt\/index.php?rest_route=%2Fwp%2Fv2%2Fproduct_brand&post=9904"},{"taxonomy":"product_cat","embeddable":true,"href":"https:\/\/fisio-shop.pt\/index.php?rest_route=%2Fwp%2Fv2%2Fproduct_cat&post=9904"},{"taxonomy":"product_tag","embeddable":true,"href":"https:\/\/fisio-shop.pt\/index.php?rest_route=%2Fwp%2Fv2%2Fproduct_tag&post=9904"}],"curies":[{"name":"wp","href":"https:\/\/api.w.org\/{rel}","templated":true}]}}