{"id":9977,"date":"2019-05-27T08:46:05","date_gmt":"2019-05-27T08:46:05","guid":{"rendered":"https:\/\/fisio-shop.pt\/loja\/marquesa-electrica-com-2-seccoes\/"},"modified":"2026-02-25T20:03:33","modified_gmt":"2026-02-25T20:03:33","slug":"marquesa-electrica-com-2-seccoes","status":"publish","type":"product","link":"https:\/\/fisio-shop.pt\/?product=marquesa-electrica-com-2-seccoes","title":{"rendered":"MARQUESA EL\u00c9CTRICA COM 2 SEC\u00c7\u00d5ES"},"content":{"rendered":"<ul>\n<li>Orif\u00edcio facial e tampo almofadado;<\/li>\n<li>Estofo confort\u00e1vel em esponja c\/ 8cm de espessura;<\/li>\n<li>Porta-rolos de papel incorporado;<\/li>\n<li>Napa de boa qualidade (imperme\u00e1vel, facilmente lav\u00e1vel e resistente);<\/li>\n<li>Regula\u00e7\u00e3o em altura c\/ 1 motor el\u00e9trico controlado por sistema (comando) aplicado na marquesa;<\/li>\n<li>Encosto basculante em todas as posi\u00e7\u00f5es atrav\u00e9s de sistema mec\u00e2nico autoblocante.<\/li>\n<\/ul>\n<p><strong>Especifica\u00e7\u00f5es t\u00e9cnicas:<\/strong><\/p>\n<ul>\n<li>Motor &#8211; DC24V | 4000N | Classe II;<\/li>\n<li>Transformador &#8211; Input 230V~\/50Hz; Output DC24V\/50VA;<\/li>\n<li>Peso suportado: 150Kg;<\/li>\n<li>Dimens\u00f5es:<\/li>\n<li>Altura min.: 580mm;<\/li>\n<li>Altura m\u00e1x.: 880mm;<\/li>\n<li>Largura: 700mm;<\/li>\n<li>Comprimento: 1900mm;<\/li>\n<li>Peso: 55 Kg.<\/li>\n<\/ul>\n","protected":false},"excerpt":{"rendered":"<p>Marquesa el\u00e9ctrica com 2 sec\u00e7\u00f5es, orif\u00edcio de respira\u00e7\u00e3o facial e suporte de papel.<\/p>\n","protected":false},"featured_media":12257,"comment_status":"open","ping_status":"closed","template":"","meta":{"rs_blank_template":"","rs_page_bg_color":"","slide_template_v7":""},"product_brand":[],"product_cat":[1856,1881,1397,1882,1398,1886,1401,1460,1477,1479,1556,1574,1575],"product_tag":[],"class_list":{"0":"post-9977","1":"product","2":"type-product","3":"status-publish","4":"has-post-thumbnail","6":"product_cat-marquesas-de-tratamento","7":"product_cat-mobiliario-clinico","8":"product_cat-saude","9":"product_cat-marquesas-mobiliario-clinico","10":"product_cat-geriatria","11":"product_cat-marquesas-de-tratamento-marquesas-mobiliario-clinico","12":"product_cat-equipamentos-para-medicina-fisica-e-reabilitacao","13":"product_cat-equipamento-clinico-hospitalar-e-de-enfermagem","14":"product_cat-equipamento-e-mobiliario-clinico","15":"product_cat-marquesas","16":"product_cat-gabinete-medico-e-de-enfermagem","17":"product_cat-equipamento-e-mobiliario-hospitalar-gabinete-medico-e-de-enfermagem","18":"product_cat-marquesas-de-observacao","20":"first","21":"instock","22":"shipping-taxable","23":"product-type-simple"},"aioseo_notices":[],"etheme_brands":{"errors":{"invalid_taxonomy":["Taxonomia inv\u00e1lida."]},"error_data":[]},"aioseo_head":"\n\t\t<!-- All in One SEO Pro 4.9.0 - aioseo.com -->\n\t<meta name=\"description\" content=\"Marquesa el\u00e9ctrica com 2 sec\u00e7\u00f5es, orif\u00edcio de respira\u00e7\u00e3o facial e suporte de papel.\" \/>\n\t<meta name=\"robots\" content=\"max-image-preview:large\" \/>\n\t<link rel=\"canonical\" href=\"https:\/\/fisio-shop.pt\/?product=marquesa-electrica-com-2-seccoes\" \/>\n\t<meta name=\"generator\" content=\"All in One SEO Pro (AIOSEO) 4.9.0\" \/>\n\t\t<meta property=\"og:locale\" content=\"pt_PT\" \/>\n\t\t<meta property=\"og:site_name\" content=\"Fisio-shop - Empresa especializada na distribui\u00e7\u00e3o de equipamentos profissionais para os mercados da Fisioterapia, Geriatria, Fitness e Medicina Desportiva.\" \/>\n\t\t<meta property=\"og:type\" content=\"article\" \/>\n\t\t<meta property=\"og:title\" content=\"MARQUESA EL\u00c9CTRICA COM 2 SEC\u00c7\u00d5ES - Fisio-shop\" \/>\n\t\t<meta property=\"og:description\" content=\"Marquesa el\u00e9ctrica com 2 sec\u00e7\u00f5es, orif\u00edcio de respira\u00e7\u00e3o facial e suporte de papel.\" \/>\n\t\t<meta property=\"og:url\" content=\"https:\/\/fisio-shop.pt\/?product=marquesa-electrica-com-2-seccoes\" \/>\n\t\t<meta property=\"og:image\" content=\"https:\/\/fisio-shop.pt\/wp-content\/uploads\/2026\/04\/android-chrome-192x192-1.png\" \/>\n\t\t<meta property=\"og:image:secure_url\" content=\"https:\/\/fisio-shop.pt\/wp-content\/uploads\/2026\/04\/android-chrome-192x192-1.png\" \/>\n\t\t<meta property=\"article:published_time\" content=\"2019-05-27T08:46:05+00:00\" \/>\n\t\t<meta property=\"article:modified_time\" content=\"2026-02-25T20:03:33+00:00\" \/>\n\t\t<meta property=\"article:publisher\" content=\"https:\/\/www.facebook.com\/p\/Fisioshop-Comrcio-de-Equipamentos-Lda-100036934916130\/\" \/>\n\t\t<meta name=\"twitter:card\" content=\"summary_large_image\" \/>\n\t\t<meta name=\"twitter:title\" content=\"MARQUESA EL\u00c9CTRICA COM 2 SEC\u00c7\u00d5ES - Fisio-shop\" \/>\n\t\t<meta name=\"twitter:description\" content=\"Marquesa el\u00e9ctrica com 2 sec\u00e7\u00f5es, orif\u00edcio de respira\u00e7\u00e3o facial e suporte de papel.\" \/>\n\t\t<meta name=\"twitter:image\" content=\"https:\/\/fisio-shop.pt\/wp-content\/uploads\/2026\/04\/android-chrome-192x192-1.png\" \/>\n\t\t<script type=\"application\/ld+json\" class=\"aioseo-schema\">\n\t\t\t{\"@context\":\"https:\\\/\\\/schema.org\",\"@graph\":[{\"@type\":\"BreadcrumbList\",\"@id\":\"https:\\\/\\\/fisio-shop.pt\\\/?product=marquesa-electrica-com-2-seccoes#breadcrumblist\",\"itemListElement\":[{\"@type\":\"ListItem\",\"@id\":\"https:\\\/\\\/fisio-shop.pt#listItem\",\"position\":1,\"name\":\"Home\",\"item\":\"https:\\\/\\\/fisio-shop.pt\",\"nextItem\":{\"@type\":\"ListItem\",\"@id\":\"https:\\\/\\\/fisio-shop.pt\\\/?page_id=5#listItem\",\"name\":\"Loja\"}},{\"@type\":\"ListItem\",\"@id\":\"https:\\\/\\\/fisio-shop.pt\\\/?page_id=5#listItem\",\"position\":2,\"name\":\"Loja\",\"item\":\"https:\\\/\\\/fisio-shop.pt\\\/?page_id=5\",\"nextItem\":{\"@type\":\"ListItem\",\"@id\":\"https:\\\/\\\/fisio-shop.pt\\\/?product_cat=saude#listItem\",\"name\":\"Sa\\u00fade\"},\"previousItem\":{\"@type\":\"ListItem\",\"@id\":\"https:\\\/\\\/fisio-shop.pt#listItem\",\"name\":\"Home\"}},{\"@type\":\"ListItem\",\"@id\":\"https:\\\/\\\/fisio-shop.pt\\\/?product_cat=saude#listItem\",\"position\":3,\"name\":\"Sa\\u00fade\",\"item\":\"https:\\\/\\\/fisio-shop.pt\\\/?product_cat=saude\",\"nextItem\":{\"@type\":\"ListItem\",\"@id\":\"https:\\\/\\\/fisio-shop.pt\\\/?product_cat=equipamento-clinico-hospitalar-e-de-enfermagem#listItem\",\"name\":\"Equipamento cl\\u00ednico, hospitalar e de enfermagem\"},\"previousItem\":{\"@type\":\"ListItem\",\"@id\":\"https:\\\/\\\/fisio-shop.pt\\\/?page_id=5#listItem\",\"name\":\"Loja\"}},{\"@type\":\"ListItem\",\"@id\":\"https:\\\/\\\/fisio-shop.pt\\\/?product_cat=equipamento-clinico-hospitalar-e-de-enfermagem#listItem\",\"position\":4,\"name\":\"Equipamento cl\\u00ednico, hospitalar e de enfermagem\",\"item\":\"https:\\\/\\\/fisio-shop.pt\\\/?product_cat=equipamento-clinico-hospitalar-e-de-enfermagem\",\"nextItem\":{\"@type\":\"ListItem\",\"@id\":\"https:\\\/\\\/fisio-shop.pt\\\/?product_cat=equipamento-e-mobiliario-clinico#listItem\",\"name\":\"Equipamento e mobili\\u00e1rio cl\\u00ednico\"},\"previousItem\":{\"@type\":\"ListItem\",\"@id\":\"https:\\\/\\\/fisio-shop.pt\\\/?product_cat=saude#listItem\",\"name\":\"Sa\\u00fade\"}},{\"@type\":\"ListItem\",\"@id\":\"https:\\\/\\\/fisio-shop.pt\\\/?product_cat=equipamento-e-mobiliario-clinico#listItem\",\"position\":5,\"name\":\"Equipamento e mobili\\u00e1rio cl\\u00ednico\",\"item\":\"https:\\\/\\\/fisio-shop.pt\\\/?product_cat=equipamento-e-mobiliario-clinico\",\"nextItem\":{\"@type\":\"ListItem\",\"@id\":\"https:\\\/\\\/fisio-shop.pt\\\/?product_cat=marquesas#listItem\",\"name\":\"Marquesas\"},\"previousItem\":{\"@type\":\"ListItem\",\"@id\":\"https:\\\/\\\/fisio-shop.pt\\\/?product_cat=equipamento-clinico-hospitalar-e-de-enfermagem#listItem\",\"name\":\"Equipamento cl\\u00ednico, hospitalar e de enfermagem\"}},{\"@type\":\"ListItem\",\"@id\":\"https:\\\/\\\/fisio-shop.pt\\\/?product_cat=marquesas#listItem\",\"position\":6,\"name\":\"Marquesas\",\"item\":\"https:\\\/\\\/fisio-shop.pt\\\/?product_cat=marquesas\",\"nextItem\":{\"@type\":\"ListItem\",\"@id\":\"https:\\\/\\\/fisio-shop.pt\\\/?product_cat=marquesas-de-tratamento#listItem\",\"name\":\"Marquesas de tratamento\"},\"previousItem\":{\"@type\":\"ListItem\",\"@id\":\"https:\\\/\\\/fisio-shop.pt\\\/?product_cat=equipamento-e-mobiliario-clinico#listItem\",\"name\":\"Equipamento e mobili\\u00e1rio cl\\u00ednico\"}},{\"@type\":\"ListItem\",\"@id\":\"https:\\\/\\\/fisio-shop.pt\\\/?product_cat=marquesas-de-tratamento#listItem\",\"position\":7,\"name\":\"Marquesas de tratamento\",\"item\":\"https:\\\/\\\/fisio-shop.pt\\\/?product_cat=marquesas-de-tratamento\",\"nextItem\":{\"@type\":\"ListItem\",\"@id\":\"https:\\\/\\\/fisio-shop.pt\\\/?product=marquesa-electrica-com-2-seccoes#listItem\",\"name\":\"MARQUESA EL\\u00c9CTRICA COM 2 SEC\\u00c7\\u00d5ES\"},\"previousItem\":{\"@type\":\"ListItem\",\"@id\":\"https:\\\/\\\/fisio-shop.pt\\\/?product_cat=marquesas#listItem\",\"name\":\"Marquesas\"}},{\"@type\":\"ListItem\",\"@id\":\"https:\\\/\\\/fisio-shop.pt\\\/?product=marquesa-electrica-com-2-seccoes#listItem\",\"position\":8,\"name\":\"MARQUESA EL\\u00c9CTRICA COM 2 SEC\\u00c7\\u00d5ES\",\"previousItem\":{\"@type\":\"ListItem\",\"@id\":\"https:\\\/\\\/fisio-shop.pt\\\/?product_cat=marquesas-de-tratamento#listItem\",\"name\":\"Marquesas de tratamento\"}}]},{\"@type\":\"Organization\",\"@id\":\"https:\\\/\\\/fisio-shop.pt\\\/#organization\",\"name\":\"Fisio-shop\",\"description\":\"Empresa especializada na distribui\\u00e7\\u00e3o de equipamentos profissionais para os mercados da Fisioterapia, Geriatria, Fitness e Medicina Desportiva. Empresa especializada na distribui\\u00e7\\u00e3o de equipamentos profissionais para os mercados da Fisioterapia, Geriatria, Fitness e Medicina Desportiva.\",\"url\":\"https:\\\/\\\/fisio-shop.pt\\\/\",\"logo\":{\"@type\":\"ImageObject\",\"url\":\"https:\\\/\\\/fisio-shop.pt\\\/wp-content\\\/uploads\\\/2026\\\/04\\\/android-chrome-192x192-1.png\",\"@id\":\"https:\\\/\\\/fisio-shop.pt\\\/?product=marquesa-electrica-com-2-seccoes\\\/#organizationLogo\"},\"image\":{\"@id\":\"https:\\\/\\\/fisio-shop.pt\\\/?product=marquesa-electrica-com-2-seccoes\\\/#organizationLogo\"},\"sameAs\":[\"https:\\\/\\\/www.facebook.com\\\/p\\\/Fisioshop-Comrcio-de-Equipamentos-Lda-100036934916130\\\/\"]},{\"@type\":\"Product\",\"@id\":\"https:\\\/\\\/fisio-shop.pt\\\/?product=marquesa-electrica-com-2-seccoes#wooCommerceProduct\",\"name\":\"MARQUESA EL\\u00c9CTRICA COM 2 SEC\\u00c7\\u00d5ES\",\"description\":\"Marquesa el\\u00e9ctrica com 2 sec\\u00e7\\u00f5es, orif\\u00edcio de respira\\u00e7\\u00e3o facial e suporte de papel.\",\"url\":\"https:\\\/\\\/fisio-shop.pt\\\/?product=marquesa-electrica-com-2-seccoes\",\"sku\":\"MOB0109\",\"image\":{\"@type\":\"ImageObject\",\"url\":\"https:\\\/\\\/fisio-shop.pt\\\/wp-content\\\/uploads\\\/2026\\\/02\\\/JAMBEL-MARQUESA-ELECTRICA-2-PLANOS-1.jpg\",\"@id\":\"https:\\\/\\\/fisio-shop.pt\\\/?product=marquesa-electrica-com-2-seccoes\\\/#productImage\",\"width\":480,\"height\":395},\"offers\":{\"@type\":\"Offer\",\"url\":\"https:\\\/\\\/fisio-shop.pt\\\/?product=marquesa-electrica-com-2-seccoes#wooCommerceOffer\",\"price\":0,\"priceCurrency\":\"EUR\",\"category\":\"Sa\\u00fade\",\"availability\":\"https:\\\/\\\/schema.org\\\/InStock\",\"seller\":{\"@type\":\"Organization\",\"@id\":\"https:\\\/\\\/fisio-shop.pt\\\/#organization\"}}},{\"@type\":\"WebPage\",\"@id\":\"https:\\\/\\\/fisio-shop.pt\\\/?product=marquesa-electrica-com-2-seccoes#webpage\",\"url\":\"https:\\\/\\\/fisio-shop.pt\\\/?product=marquesa-electrica-com-2-seccoes\",\"name\":\"MARQUESA EL\\u00c9CTRICA COM 2 SEC\\u00c7\\u00d5ES - Fisio-shop\",\"description\":\"Marquesa el\\u00e9ctrica com 2 sec\\u00e7\\u00f5es, orif\\u00edcio de respira\\u00e7\\u00e3o facial e suporte de papel.\",\"inLanguage\":\"pt-PT\",\"isPartOf\":{\"@id\":\"https:\\\/\\\/fisio-shop.pt\\\/#website\"},\"breadcrumb\":{\"@id\":\"https:\\\/\\\/fisio-shop.pt\\\/?product=marquesa-electrica-com-2-seccoes#breadcrumblist\"},\"image\":{\"@type\":\"ImageObject\",\"url\":\"https:\\\/\\\/fisio-shop.pt\\\/wp-content\\\/uploads\\\/2026\\\/02\\\/JAMBEL-MARQUESA-ELECTRICA-2-PLANOS-1.jpg\",\"@id\":\"https:\\\/\\\/fisio-shop.pt\\\/?product=marquesa-electrica-com-2-seccoes\\\/#mainImage\",\"width\":480,\"height\":395},\"primaryImageOfPage\":{\"@id\":\"https:\\\/\\\/fisio-shop.pt\\\/?product=marquesa-electrica-com-2-seccoes#mainImage\"},\"datePublished\":\"2019-05-27T08:46:05+00:00\",\"dateModified\":\"2026-02-25T20:03:33+00:00\"},{\"@type\":\"WebSite\",\"@id\":\"https:\\\/\\\/fisio-shop.pt\\\/#website\",\"url\":\"https:\\\/\\\/fisio-shop.pt\\\/\",\"name\":\"Fisio-shop\",\"description\":\"Empresa especializada na distribui\\u00e7\\u00e3o de equipamentos profissionais para os mercados da Fisioterapia, Geriatria, Fitness e Medicina Desportiva.\",\"inLanguage\":\"pt-PT\",\"publisher\":{\"@id\":\"https:\\\/\\\/fisio-shop.pt\\\/#organization\"}}]}\n\t\t<\/script>\n\t\t<!-- All in One SEO Pro -->\r\n\t\t<title>MARQUESA EL\u00c9CTRICA COM 2 SEC\u00c7\u00d5ES - Fisio-shop<\/title>\n\n","aioseo_head_json":{"title":"MARQUESA EL\u00c9CTRICA COM 2 SEC\u00c7\u00d5ES - Fisio-shop","description":"Marquesa el\u00e9ctrica com 2 sec\u00e7\u00f5es, orif\u00edcio de respira\u00e7\u00e3o facial e suporte de papel.","canonical_url":"https:\/\/fisio-shop.pt\/?product=marquesa-electrica-com-2-seccoes","robots":"max-image-preview:large","keywords":"","webmasterTools":{"miscellaneous":""},"schema":{"@context":"https:\/\/schema.org","@graph":[{"@type":"BreadcrumbList","@id":"https:\/\/fisio-shop.pt\/?product=marquesa-electrica-com-2-seccoes#breadcrumblist","itemListElement":[{"@type":"ListItem","@id":"https:\/\/fisio-shop.pt#listItem","position":1,"name":"Home","item":"https:\/\/fisio-shop.pt","nextItem":{"@type":"ListItem","@id":"https:\/\/fisio-shop.pt\/?page_id=5#listItem","name":"Loja"}},{"@type":"ListItem","@id":"https:\/\/fisio-shop.pt\/?page_id=5#listItem","position":2,"name":"Loja","item":"https:\/\/fisio-shop.pt\/?page_id=5","nextItem":{"@type":"ListItem","@id":"https:\/\/fisio-shop.pt\/?product_cat=saude#listItem","name":"Sa\u00fade"},"previousItem":{"@type":"ListItem","@id":"https:\/\/fisio-shop.pt#listItem","name":"Home"}},{"@type":"ListItem","@id":"https:\/\/fisio-shop.pt\/?product_cat=saude#listItem","position":3,"name":"Sa\u00fade","item":"https:\/\/fisio-shop.pt\/?product_cat=saude","nextItem":{"@type":"ListItem","@id":"https:\/\/fisio-shop.pt\/?product_cat=equipamento-clinico-hospitalar-e-de-enfermagem#listItem","name":"Equipamento cl\u00ednico, hospitalar e de enfermagem"},"previousItem":{"@type":"ListItem","@id":"https:\/\/fisio-shop.pt\/?page_id=5#listItem","name":"Loja"}},{"@type":"ListItem","@id":"https:\/\/fisio-shop.pt\/?product_cat=equipamento-clinico-hospitalar-e-de-enfermagem#listItem","position":4,"name":"Equipamento cl\u00ednico, hospitalar e de enfermagem","item":"https:\/\/fisio-shop.pt\/?product_cat=equipamento-clinico-hospitalar-e-de-enfermagem","nextItem":{"@type":"ListItem","@id":"https:\/\/fisio-shop.pt\/?product_cat=equipamento-e-mobiliario-clinico#listItem","name":"Equipamento e mobili\u00e1rio cl\u00ednico"},"previousItem":{"@type":"ListItem","@id":"https:\/\/fisio-shop.pt\/?product_cat=saude#listItem","name":"Sa\u00fade"}},{"@type":"ListItem","@id":"https:\/\/fisio-shop.pt\/?product_cat=equipamento-e-mobiliario-clinico#listItem","position":5,"name":"Equipamento e mobili\u00e1rio cl\u00ednico","item":"https:\/\/fisio-shop.pt\/?product_cat=equipamento-e-mobiliario-clinico","nextItem":{"@type":"ListItem","@id":"https:\/\/fisio-shop.pt\/?product_cat=marquesas#listItem","name":"Marquesas"},"previousItem":{"@type":"ListItem","@id":"https:\/\/fisio-shop.pt\/?product_cat=equipamento-clinico-hospitalar-e-de-enfermagem#listItem","name":"Equipamento cl\u00ednico, hospitalar e de enfermagem"}},{"@type":"ListItem","@id":"https:\/\/fisio-shop.pt\/?product_cat=marquesas#listItem","position":6,"name":"Marquesas","item":"https:\/\/fisio-shop.pt\/?product_cat=marquesas","nextItem":{"@type":"ListItem","@id":"https:\/\/fisio-shop.pt\/?product_cat=marquesas-de-tratamento#listItem","name":"Marquesas de tratamento"},"previousItem":{"@type":"ListItem","@id":"https:\/\/fisio-shop.pt\/?product_cat=equipamento-e-mobiliario-clinico#listItem","name":"Equipamento e mobili\u00e1rio cl\u00ednico"}},{"@type":"ListItem","@id":"https:\/\/fisio-shop.pt\/?product_cat=marquesas-de-tratamento#listItem","position":7,"name":"Marquesas de tratamento","item":"https:\/\/fisio-shop.pt\/?product_cat=marquesas-de-tratamento","nextItem":{"@type":"ListItem","@id":"https:\/\/fisio-shop.pt\/?product=marquesa-electrica-com-2-seccoes#listItem","name":"MARQUESA EL\u00c9CTRICA COM 2 SEC\u00c7\u00d5ES"},"previousItem":{"@type":"ListItem","@id":"https:\/\/fisio-shop.pt\/?product_cat=marquesas#listItem","name":"Marquesas"}},{"@type":"ListItem","@id":"https:\/\/fisio-shop.pt\/?product=marquesa-electrica-com-2-seccoes#listItem","position":8,"name":"MARQUESA EL\u00c9CTRICA COM 2 SEC\u00c7\u00d5ES","previousItem":{"@type":"ListItem","@id":"https:\/\/fisio-shop.pt\/?product_cat=marquesas-de-tratamento#listItem","name":"Marquesas de tratamento"}}]},{"@type":"Organization","@id":"https:\/\/fisio-shop.pt\/#organization","name":"Fisio-shop","description":"Empresa especializada na distribui\u00e7\u00e3o de equipamentos profissionais para os mercados da Fisioterapia, Geriatria, Fitness e Medicina Desportiva. Empresa especializada na distribui\u00e7\u00e3o de equipamentos profissionais para os mercados da Fisioterapia, Geriatria, Fitness e Medicina Desportiva.","url":"https:\/\/fisio-shop.pt\/","logo":{"@type":"ImageObject","url":"https:\/\/fisio-shop.pt\/wp-content\/uploads\/2026\/04\/android-chrome-192x192-1.png","@id":"https:\/\/fisio-shop.pt\/?product=marquesa-electrica-com-2-seccoes\/#organizationLogo"},"image":{"@id":"https:\/\/fisio-shop.pt\/?product=marquesa-electrica-com-2-seccoes\/#organizationLogo"},"sameAs":["https:\/\/www.facebook.com\/p\/Fisioshop-Comrcio-de-Equipamentos-Lda-100036934916130\/"]},{"@type":"Product","@id":"https:\/\/fisio-shop.pt\/?product=marquesa-electrica-com-2-seccoes#wooCommerceProduct","name":"MARQUESA EL\u00c9CTRICA COM 2 SEC\u00c7\u00d5ES","description":"Marquesa el\u00e9ctrica com 2 sec\u00e7\u00f5es, orif\u00edcio de respira\u00e7\u00e3o facial e suporte de papel.","url":"https:\/\/fisio-shop.pt\/?product=marquesa-electrica-com-2-seccoes","sku":"MOB0109","image":{"@type":"ImageObject","url":"https:\/\/fisio-shop.pt\/wp-content\/uploads\/2026\/02\/JAMBEL-MARQUESA-ELECTRICA-2-PLANOS-1.jpg","@id":"https:\/\/fisio-shop.pt\/?product=marquesa-electrica-com-2-seccoes\/#productImage","width":480,"height":395},"offers":{"@type":"Offer","url":"https:\/\/fisio-shop.pt\/?product=marquesa-electrica-com-2-seccoes#wooCommerceOffer","price":0,"priceCurrency":"EUR","category":"Sa\u00fade","availability":"https:\/\/schema.org\/InStock","seller":{"@type":"Organization","@id":"https:\/\/fisio-shop.pt\/#organization"}}},{"@type":"WebPage","@id":"https:\/\/fisio-shop.pt\/?product=marquesa-electrica-com-2-seccoes#webpage","url":"https:\/\/fisio-shop.pt\/?product=marquesa-electrica-com-2-seccoes","name":"MARQUESA EL\u00c9CTRICA COM 2 SEC\u00c7\u00d5ES - Fisio-shop","description":"Marquesa el\u00e9ctrica com 2 sec\u00e7\u00f5es, orif\u00edcio de respira\u00e7\u00e3o facial e suporte de papel.","inLanguage":"pt-PT","isPartOf":{"@id":"https:\/\/fisio-shop.pt\/#website"},"breadcrumb":{"@id":"https:\/\/fisio-shop.pt\/?product=marquesa-electrica-com-2-seccoes#breadcrumblist"},"image":{"@type":"ImageObject","url":"https:\/\/fisio-shop.pt\/wp-content\/uploads\/2026\/02\/JAMBEL-MARQUESA-ELECTRICA-2-PLANOS-1.jpg","@id":"https:\/\/fisio-shop.pt\/?product=marquesa-electrica-com-2-seccoes\/#mainImage","width":480,"height":395},"primaryImageOfPage":{"@id":"https:\/\/fisio-shop.pt\/?product=marquesa-electrica-com-2-seccoes#mainImage"},"datePublished":"2019-05-27T08:46:05+00:00","dateModified":"2026-02-25T20:03:33+00:00"},{"@type":"WebSite","@id":"https:\/\/fisio-shop.pt\/#website","url":"https:\/\/fisio-shop.pt\/","name":"Fisio-shop","description":"Empresa especializada na distribui\u00e7\u00e3o de equipamentos profissionais para os mercados da Fisioterapia, Geriatria, Fitness e Medicina Desportiva.","inLanguage":"pt-PT","publisher":{"@id":"https:\/\/fisio-shop.pt\/#organization"}}]},"og:locale":"pt_PT","og:site_name":"Fisio-shop - Empresa especializada na distribui\u00e7\u00e3o de equipamentos profissionais para os mercados da Fisioterapia, Geriatria, Fitness e Medicina Desportiva.","og:type":"article","og:title":"MARQUESA EL\u00c9CTRICA COM 2 SEC\u00c7\u00d5ES - Fisio-shop","og:description":"Marquesa el\u00e9ctrica com 2 sec\u00e7\u00f5es, orif\u00edcio de respira\u00e7\u00e3o facial e suporte de papel.","og:url":"https:\/\/fisio-shop.pt\/?product=marquesa-electrica-com-2-seccoes","og:image":"https:\/\/fisio-shop.pt\/wp-content\/uploads\/2026\/04\/android-chrome-192x192-1.png","og:image:secure_url":"https:\/\/fisio-shop.pt\/wp-content\/uploads\/2026\/04\/android-chrome-192x192-1.png","article:published_time":"2019-05-27T08:46:05+00:00","article:modified_time":"2026-02-25T20:03:33+00:00","article:publisher":"https:\/\/www.facebook.com\/p\/Fisioshop-Comrcio-de-Equipamentos-Lda-100036934916130\/","twitter:card":"summary_large_image","twitter:title":"MARQUESA EL\u00c9CTRICA COM 2 SEC\u00c7\u00d5ES - Fisio-shop","twitter:description":"Marquesa el\u00e9ctrica com 2 sec\u00e7\u00f5es, orif\u00edcio de respira\u00e7\u00e3o facial e suporte de papel.","twitter:image":"https:\/\/fisio-shop.pt\/wp-content\/uploads\/2026\/04\/android-chrome-192x192-1.png"},"aioseo_meta_data":{"post_id":"9977","title":null,"description":null,"keywords":null,"keyphrases":null,"primary_term":null,"canonical_url":null,"og_title":null,"og_description":null,"og_object_type":"default","og_image_type":"default","og_image_url":null,"og_image_width":null,"og_image_height":null,"og_image_custom_url":null,"og_image_custom_fields":null,"og_video":null,"og_custom_url":null,"og_article_section":null,"og_article_tags":null,"twitter_use_og":false,"twitter_card":"default","twitter_image_type":"default","twitter_image_url":null,"twitter_image_custom_url":null,"twitter_image_custom_fields":null,"twitter_title":null,"twitter_description":null,"schema":{"blockGraphs":[],"customGraphs":[],"default":{"data":{"Article":[],"Course":[],"Dataset":[],"FAQPage":[],"Movie":[],"Person":[],"Product":[],"ProductReview":[],"Car":[],"Recipe":[],"Service":[],"SoftwareApplication":[],"WebPage":[]},"graphName":"","isEnabled":true},"graphs":[]},"schema_type":"default","schema_type_options":null,"pillar_content":false,"robots_default":true,"robots_noindex":false,"robots_noarchive":false,"robots_nosnippet":false,"robots_nofollow":false,"robots_noimageindex":false,"robots_noodp":false,"robots_notranslate":false,"robots_max_snippet":null,"robots_max_videopreview":null,"robots_max_imagepreview":"large","priority":null,"frequency":null,"local_seo":null,"seo_analyzer_scan_date":"2026-04-18 08:37:16","breadcrumb_settings":null,"limit_modified_date":false,"open_ai":null,"ai":null,"created":"2026-04-18 07:02:19","updated":"2026-04-18 22:26:32"},"aioseo_breadcrumb":"<div class=\"aioseo-breadcrumbs\"><span class=\"aioseo-breadcrumb\">\n\t<a href=\"https:\/\/fisio-shop.pt\" title=\"Home\">Home<\/a>\n<\/span><span class=\"aioseo-breadcrumb-separator\">\u00bb<\/span><span class=\"aioseo-breadcrumb\">\n\t<a href=\"https:\/\/fisio-shop.pt\/?page_id=5\" title=\"Loja\">Loja<\/a>\n<\/span><span class=\"aioseo-breadcrumb-separator\">\u00bb<\/span><span class=\"aioseo-breadcrumb\">\n\t<a href=\"https:\/\/fisio-shop.pt\/?product_cat=saude\" title=\"Sa\u00fade\">Sa\u00fade<\/a>\n<\/span><span class=\"aioseo-breadcrumb-separator\">\u00bb<\/span><span class=\"aioseo-breadcrumb\">\n\t<a href=\"https:\/\/fisio-shop.pt\/?product_cat=equipamento-clinico-hospitalar-e-de-enfermagem\" title=\"Equipamento cl\u00ednico, hospitalar e de enfermagem\">Equipamento cl\u00ednico, hospitalar e de enfermagem<\/a>\n<\/span><span class=\"aioseo-breadcrumb-separator\">\u00bb<\/span><span class=\"aioseo-breadcrumb\">\n\t<a href=\"https:\/\/fisio-shop.pt\/?product_cat=equipamento-e-mobiliario-clinico\" title=\"Equipamento e mobili\u00e1rio cl\u00ednico\">Equipamento e mobili\u00e1rio cl\u00ednico<\/a>\n<\/span><span class=\"aioseo-breadcrumb-separator\">\u00bb<\/span><span class=\"aioseo-breadcrumb\">\n\t<a href=\"https:\/\/fisio-shop.pt\/?product_cat=marquesas\" title=\"Marquesas\">Marquesas<\/a>\n<\/span><span class=\"aioseo-breadcrumb-separator\">\u00bb<\/span><span class=\"aioseo-breadcrumb\">\n\t<a href=\"https:\/\/fisio-shop.pt\/?product_cat=marquesas-de-tratamento\" title=\"Marquesas de tratamento\">Marquesas de tratamento<\/a>\n<\/span><span class=\"aioseo-breadcrumb-separator\">\u00bb<\/span><span class=\"aioseo-breadcrumb\">\n\tMARQUESA EL\u00c9CTRICA COM 2 SEC\u00c7\u00d5ES\n<\/span><\/div>","aioseo_breadcrumb_json":[{"label":"Home","link":"https:\/\/fisio-shop.pt"},{"label":"Loja","link":"https:\/\/fisio-shop.pt\/?page_id=5"},{"label":"Sa\u00fade","link":"https:\/\/fisio-shop.pt\/?product_cat=saude"},{"label":"Equipamento cl\u00ednico, hospitalar e de enfermagem","link":"https:\/\/fisio-shop.pt\/?product_cat=equipamento-clinico-hospitalar-e-de-enfermagem"},{"label":"Equipamento e mobili\u00e1rio cl\u00ednico","link":"https:\/\/fisio-shop.pt\/?product_cat=equipamento-e-mobiliario-clinico"},{"label":"Marquesas","link":"https:\/\/fisio-shop.pt\/?product_cat=marquesas"},{"label":"Marquesas de tratamento","link":"https:\/\/fisio-shop.pt\/?product_cat=marquesas-de-tratamento"},{"label":"MARQUESA EL\u00c9CTRICA COM 2 SEC\u00c7\u00d5ES","link":"https:\/\/fisio-shop.pt\/?product=marquesa-electrica-com-2-seccoes"}],"_links":{"self":[{"href":"https:\/\/fisio-shop.pt\/index.php?rest_route=\/wp\/v2\/product\/9977","targetHints":{"allow":["GET"]}}],"collection":[{"href":"https:\/\/fisio-shop.pt\/index.php?rest_route=\/wp\/v2\/product"}],"about":[{"href":"https:\/\/fisio-shop.pt\/index.php?rest_route=\/wp\/v2\/types\/product"}],"replies":[{"embeddable":true,"href":"https:\/\/fisio-shop.pt\/index.php?rest_route=%2Fwp%2Fv2%2Fcomments&post=9977"}],"version-history":[{"count":0,"href":"https:\/\/fisio-shop.pt\/index.php?rest_route=\/wp\/v2\/product\/9977\/revisions"}],"wp:featuredmedia":[{"embeddable":true,"href":"https:\/\/fisio-shop.pt\/index.php?rest_route=\/wp\/v2\/media\/12257"}],"wp:attachment":[{"href":"https:\/\/fisio-shop.pt\/index.php?rest_route=%2Fwp%2Fv2%2Fmedia&parent=9977"}],"wp:term":[{"taxonomy":"product_brand","embeddable":true,"href":"https:\/\/fisio-shop.pt\/index.php?rest_route=%2Fwp%2Fv2%2Fproduct_brand&post=9977"},{"taxonomy":"product_cat","embeddable":true,"href":"https:\/\/fisio-shop.pt\/index.php?rest_route=%2Fwp%2Fv2%2Fproduct_cat&post=9977"},{"taxonomy":"product_tag","embeddable":true,"href":"https:\/\/fisio-shop.pt\/index.php?rest_route=%2Fwp%2Fv2%2Fproduct_tag&post=9977"}],"curies":[{"name":"wp","href":"https:\/\/api.w.org\/{rel}","templated":true}]}}